{"id":12204,"date":"2021-05-17T22:06:52","date_gmt":"2024-10-23T11:32:50","guid":{"rendered":"https:\/\/www.sempertea.eu\/green-sachet-de-the-vert-biologique\/"},"modified":"2024-10-23T12:32:50","modified_gmt":"2024-10-23T11:32:50","slug":"green-sachet-de-the-vert-biologique","status":"publish","type":"product","link":"https:\/\/www.sempertea.eu\/fr\/green-sachet-de-the-vert-biologique\/","title":{"rendered":"GREEN sachet de th\u00e9 vert biologique"},"content":{"rendered":"<h2>Les bienfaits et les propri\u00e9t\u00e9s du th\u00e9 vert : booster votre sant\u00e9 et votre vitalit\u00e9<\/h2>\n<p>D\u00e9couvrez les merveilles du th\u00e9 vert, pris\u00e9 pour ses multiples bienfaits sur la sant\u00e9. Sa capacit\u00e9 \u00e0 favoriser la perte de poids en stimulant le m\u00e9tabolisme et en r\u00e9duisant les fringales en fait un alli\u00e9 id\u00e9al pour ceux qui cherchent \u00e0 maintenir un poids sain. De plus, gr\u00e2ce \u00e0 la caf\u00e9ine et \u00e0 la L-th\u00e9anine contenues dans le th\u00e9 vert, vous pouvez b\u00e9n\u00e9ficier d&rsquo;une clart\u00e9 mentale accrue et d&rsquo;une vigilance calme, am\u00e9liorant ainsi vos performances cognitives tout au long de la journ\u00e9e. Pour maximiser ses bienfaits, il est recommand\u00e9 de boire <strong>une tasse de th\u00e9 vert 30 \u00e0 45 minutes apr\u00e8s un repas<\/strong> afin de stimuler son effet sur le m\u00e9tabolisme. Pour am\u00e9liorer les fonctions c\u00e9r\u00e9brales, consommez du th\u00e9 vert deux heures avant ou apr\u00e8s les repas, afin de permettre \u00e0 ses compos\u00e9s d&rsquo;agir sur votre esprit. Exploitez toute la puissance du th\u00e9 vert et profitez de ses bienfaits pour votre bien-\u00eatre physique et mental. Int\u00e9grez cette merveilleuse infusion \u00e0 votre routine quotidienne et vous vous sentirez revitalis\u00e9 et en bonne sant\u00e9 ! <\/p>\n<h3>La tasse parfaite : conseils pour pr\u00e9parer un th\u00e9 vert sans amertume<\/h3>\n<p>Pour \u00e9viter l&rsquo;amertume lors de l&rsquo;infusion du th\u00e9 vert, il convient de respecter la dur\u00e9e et la temp\u00e9rature d&rsquo;infusion recommand\u00e9es. Laissez l&rsquo;eau refroidir l\u00e9g\u00e8rement (80-85 \u00b0C) avant de l&rsquo;ajouter aux feuilles de th\u00e9. Laissez infuser ce type de th\u00e9 vert pendant trois \u00e0 quatre minutes. Achetez maintenant dans notre boutique en ligne et revitalisez votre journ\u00e9e avec notre th\u00e9 VERT biologique.   <\/p>\n","protected":false},"excerpt":{"rendered":"<p><strong>Le th\u00e9 vert \u00e0 l&rsquo;\u00e9tat pur &#8211; d\u00e9licat et frais<\/strong><\/p>\n<p>Ce th\u00e9 vert p\u00e2le se caract\u00e9rise par son go\u00fbt d\u00e9licat, frais et subtil. Pur et frais pour une d\u00e9gustation quotidienne et riche en propri\u00e9t\u00e9s antioxydantes. Un th\u00e9 id\u00e9al \u00e0 d\u00e9guster \u00e0 tout moment de la journ\u00e9e.  <\/p>\n<p>&nbsp;<\/p>\n","protected":false},"featured_media":12205,"comment_status":"open","ping_status":"closed","template":"","meta":[],"product_brand":[],"product_cat":[309,298,269,306,283,287,311,312,310],"product_tag":[],"class_list":{"0":"post-12204","1":"product","2":"type-product","3":"status-publish","4":"has-post-thumbnail","6":"product_cat-collections","7":"product_cat-les-varietes-de-the","8":"product_cat-sachet-de-the-ecologique","9":"product_cat-sachet-de-the-et-infusion-selection-bio","10":"product_cat-thes-et-infusions-biologiques-de-qualite","11":"product_cat-the-vert-biologique-ou-acheter","12":"product_cat-tous-fr","13":"product_cat-tous-fr-2","14":"product_cat-tous","16":"first","17":"instock","18":"shipping-taxable","19":"purchasable","20":"product-type-simple"},"yoast_head":"<!-- This site is optimized with the Yoast SEO Premium plugin v27.3 (Yoast SEO v27.4) - https:\/\/yoast.com\/product\/yoast-seo-premium-wordpress\/ -->\n<title>Th\u00e9 Vert BIO Bienfaits pour la Perte de Poids | Am\u00e9liorer la Fonction C\u00e9r\u00e9brale<\/title>\n<meta name=\"description\" content=\"D\u00e9couvrez les bienfaits du th\u00e9 vert : aide \u00e0 la perte de poids, am\u00e9liore le m\u00e9tabolisme et stimule les fonctions c\u00e9r\u00e9brales. La qualit\u00e9 en bio.\" \/>\n<meta name=\"robots\" content=\"index, follow, max-snippet:-1, max-image-preview:large, max-video-preview:-1\" \/>\n<link rel=\"canonical\" href=\"https:\/\/www.sempertea.eu\/fr\/green-sachet-de-the-vert-biologique\/\" \/>\n<meta property=\"og:locale\" content=\"fr_FR\" \/>\n<meta property=\"og:type\" content=\"article\" \/>\n<meta property=\"og:title\" content=\"GREEN sachet de th\u00e9 vert biologique\" \/>\n<meta property=\"og:description\" content=\"D\u00e9couvrez les bienfaits du th\u00e9 vert : aide \u00e0 la perte de poids, am\u00e9liore le m\u00e9tabolisme et stimule les fonctions c\u00e9r\u00e9brales. La qualit\u00e9 en bio.\" \/>\n<meta property=\"og:url\" content=\"https:\/\/www.sempertea.eu\/fr\/green-sachet-de-the-vert-biologique\/\" \/>\n<meta property=\"og:site_name\" content=\"Semper Tea | Mayorista y fabricante de T\u00e9s e Infusiones para hoteles, restaurantes y bares\" \/>\n<meta property=\"og:image\" content=\"https:\/\/www.sempertea.eu\/wp-content\/uploads\/2021\/05\/te-verde-green-tea-en-bolsas-semper-tea.jpg\" \/>\n<meta name=\"twitter:card\" content=\"summary_large_image\" \/>\n<meta name=\"twitter:image\" content=\"https:\/\/www.sempertea.eu\/wp-content\/uploads\/2020\/08\/propiedades-y-beneficios-te-verde-semper-tea.jpg\" \/>\n<meta name=\"twitter:label1\" content=\"Dur\u00e9e de lecture estim\u00e9e\" \/>\n\t<meta name=\"twitter:data1\" content=\"1 minute\" \/>\n<script type=\"application\/ld+json\" class=\"yoast-schema-graph\">{\"@context\":\"https:\\\/\\\/schema.org\",\"@graph\":[{\"@type\":\"WebPage\",\"@id\":\"https:\\\/\\\/www.sempertea.eu\\\/fr\\\/green-sachet-de-the-vert-biologique\\\/\",\"url\":\"https:\\\/\\\/www.sempertea.eu\\\/fr\\\/green-sachet-de-the-vert-biologique\\\/\",\"name\":\"Th\u00e9 Vert BIO Bienfaits pour la Perte de Poids | Am\u00e9liorer la Fonction C\u00e9r\u00e9brale\",\"isPartOf\":{\"@id\":\"https:\\\/\\\/www.sempertea.eu\\\/#website\"},\"primaryImageOfPage\":{\"@id\":\"https:\\\/\\\/www.sempertea.eu\\\/fr\\\/green-sachet-de-the-vert-biologique\\\/#primaryimage\"},\"image\":{\"@id\":\"https:\\\/\\\/www.sempertea.eu\\\/fr\\\/green-sachet-de-the-vert-biologique\\\/#primaryimage\"},\"thumbnailUrl\":\"https:\\\/\\\/www.sempertea.eu\\\/wp-content\\\/uploads\\\/2021\\\/05\\\/tomar-te-verde-bajar-peso-te-verde-como-tomarlo-semper-tea.jpg\",\"datePublished\":\"2024-10-23T11:32:50+00:00\",\"description\":\"D\u00e9couvrez les bienfaits du th\u00e9 vert : aide \u00e0 la perte de poids, am\u00e9liore le m\u00e9tabolisme et stimule les fonctions c\u00e9r\u00e9brales. La qualit\u00e9 en bio.\",\"breadcrumb\":{\"@id\":\"https:\\\/\\\/www.sempertea.eu\\\/fr\\\/green-sachet-de-the-vert-biologique\\\/#breadcrumb\"},\"inLanguage\":\"fr-FR\",\"potentialAction\":[{\"@type\":\"ReadAction\",\"target\":[\"https:\\\/\\\/www.sempertea.eu\\\/fr\\\/green-sachet-de-the-vert-biologique\\\/\"]}]},{\"@type\":\"ImageObject\",\"inLanguage\":\"fr-FR\",\"@id\":\"https:\\\/\\\/www.sempertea.eu\\\/fr\\\/green-sachet-de-the-vert-biologique\\\/#primaryimage\",\"url\":\"https:\\\/\\\/www.sempertea.eu\\\/wp-content\\\/uploads\\\/2021\\\/05\\\/tomar-te-verde-bajar-peso-te-verde-como-tomarlo-semper-tea.jpg\",\"contentUrl\":\"https:\\\/\\\/www.sempertea.eu\\\/wp-content\\\/uploads\\\/2021\\\/05\\\/tomar-te-verde-bajar-peso-te-verde-como-tomarlo-semper-tea.jpg\",\"width\":1500,\"height\":1500,\"caption\":\"tomar te verde bajar peso te verde como tomarlo semper tea\"},{\"@type\":\"BreadcrumbList\",\"@id\":\"https:\\\/\\\/www.sempertea.eu\\\/fr\\\/green-sachet-de-the-vert-biologique\\\/#breadcrumb\",\"itemListElement\":[{\"@type\":\"ListItem\",\"position\":1,\"name\":\"Portada\",\"item\":\"https:\\\/\\\/www.sempertea.eu\\\/\"},{\"@type\":\"ListItem\",\"position\":2,\"name\":\"Tienda\",\"item\":\"https:\\\/\\\/www.sempertea.eu\\\/tienda\\\/\"},{\"@type\":\"ListItem\",\"position\":3,\"name\":\"GREEN sachet de th\u00e9 vert biologique\"}]},{\"@type\":\"WebSite\",\"@id\":\"https:\\\/\\\/www.sempertea.eu\\\/#website\",\"url\":\"https:\\\/\\\/www.sempertea.eu\\\/\",\"name\":\"Semper Tea | Mayorista y fabricante de T\u00e9s e Infusiones para hoteles, restaurantes y bares\",\"description\":\"T\u00e9s e infusiones para hosteler\u00eda, hoteler\u00eda y comercio\",\"potentialAction\":[{\"@type\":\"SearchAction\",\"target\":{\"@type\":\"EntryPoint\",\"urlTemplate\":\"https:\\\/\\\/www.sempertea.eu\\\/?s={search_term_string}\"},\"query-input\":{\"@type\":\"PropertyValueSpecification\",\"valueRequired\":true,\"valueName\":\"search_term_string\"}}],\"inLanguage\":\"fr-FR\"}]}<\/script>\n<!-- \/ Yoast SEO Premium plugin. -->","yoast_head_json":{"title":"Th\u00e9 Vert BIO Bienfaits pour la Perte de Poids | Am\u00e9liorer la Fonction C\u00e9r\u00e9brale","description":"D\u00e9couvrez les bienfaits du th\u00e9 vert : aide \u00e0 la perte de poids, am\u00e9liore le m\u00e9tabolisme et stimule les fonctions c\u00e9r\u00e9brales. La qualit\u00e9 en bio.","robots":{"index":"index","follow":"follow","max-snippet":"max-snippet:-1","max-image-preview":"max-image-preview:large","max-video-preview":"max-video-preview:-1"},"canonical":"https:\/\/www.sempertea.eu\/fr\/green-sachet-de-the-vert-biologique\/","og_locale":"fr_FR","og_type":"article","og_title":"GREEN sachet de th\u00e9 vert biologique","og_description":"D\u00e9couvrez les bienfaits du th\u00e9 vert : aide \u00e0 la perte de poids, am\u00e9liore le m\u00e9tabolisme et stimule les fonctions c\u00e9r\u00e9brales. La qualit\u00e9 en bio.","og_url":"https:\/\/www.sempertea.eu\/fr\/green-sachet-de-the-vert-biologique\/","og_site_name":"Semper Tea | Mayorista y fabricante de T\u00e9s e Infusiones para hoteles, restaurantes y bares","og_image":[{"url":"https:\/\/www.sempertea.eu\/wp-content\/uploads\/2021\/05\/te-verde-green-tea-en-bolsas-semper-tea.jpg","type":"","width":"","height":""}],"twitter_card":"summary_large_image","twitter_image":"https:\/\/www.sempertea.eu\/wp-content\/uploads\/2020\/08\/propiedades-y-beneficios-te-verde-semper-tea.jpg","twitter_misc":{"Dur\u00e9e de lecture estim\u00e9e":"1 minute"},"schema":{"@context":"https:\/\/schema.org","@graph":[{"@type":"WebPage","@id":"https:\/\/www.sempertea.eu\/fr\/green-sachet-de-the-vert-biologique\/","url":"https:\/\/www.sempertea.eu\/fr\/green-sachet-de-the-vert-biologique\/","name":"Th\u00e9 Vert BIO Bienfaits pour la Perte de Poids | Am\u00e9liorer la Fonction C\u00e9r\u00e9brale","isPartOf":{"@id":"https:\/\/www.sempertea.eu\/#website"},"primaryImageOfPage":{"@id":"https:\/\/www.sempertea.eu\/fr\/green-sachet-de-the-vert-biologique\/#primaryimage"},"image":{"@id":"https:\/\/www.sempertea.eu\/fr\/green-sachet-de-the-vert-biologique\/#primaryimage"},"thumbnailUrl":"https:\/\/www.sempertea.eu\/wp-content\/uploads\/2021\/05\/tomar-te-verde-bajar-peso-te-verde-como-tomarlo-semper-tea.jpg","datePublished":"2024-10-23T11:32:50+00:00","description":"D\u00e9couvrez les bienfaits du th\u00e9 vert : aide \u00e0 la perte de poids, am\u00e9liore le m\u00e9tabolisme et stimule les fonctions c\u00e9r\u00e9brales. La qualit\u00e9 en bio.","breadcrumb":{"@id":"https:\/\/www.sempertea.eu\/fr\/green-sachet-de-the-vert-biologique\/#breadcrumb"},"inLanguage":"fr-FR","potentialAction":[{"@type":"ReadAction","target":["https:\/\/www.sempertea.eu\/fr\/green-sachet-de-the-vert-biologique\/"]}]},{"@type":"ImageObject","inLanguage":"fr-FR","@id":"https:\/\/www.sempertea.eu\/fr\/green-sachet-de-the-vert-biologique\/#primaryimage","url":"https:\/\/www.sempertea.eu\/wp-content\/uploads\/2021\/05\/tomar-te-verde-bajar-peso-te-verde-como-tomarlo-semper-tea.jpg","contentUrl":"https:\/\/www.sempertea.eu\/wp-content\/uploads\/2021\/05\/tomar-te-verde-bajar-peso-te-verde-como-tomarlo-semper-tea.jpg","width":1500,"height":1500,"caption":"tomar te verde bajar peso te verde como tomarlo semper tea"},{"@type":"BreadcrumbList","@id":"https:\/\/www.sempertea.eu\/fr\/green-sachet-de-the-vert-biologique\/#breadcrumb","itemListElement":[{"@type":"ListItem","position":1,"name":"Portada","item":"https:\/\/www.sempertea.eu\/"},{"@type":"ListItem","position":2,"name":"Tienda","item":"https:\/\/www.sempertea.eu\/tienda\/"},{"@type":"ListItem","position":3,"name":"GREEN sachet de th\u00e9 vert biologique"}]},{"@type":"WebSite","@id":"https:\/\/www.sempertea.eu\/#website","url":"https:\/\/www.sempertea.eu\/","name":"Semper Tea | Mayorista y fabricante de T\u00e9s e Infusiones para hoteles, restaurantes y bares","description":"T\u00e9s e infusiones para hosteler\u00eda, hoteler\u00eda y comercio","potentialAction":[{"@type":"SearchAction","target":{"@type":"EntryPoint","urlTemplate":"https:\/\/www.sempertea.eu\/?s={search_term_string}"},"query-input":{"@type":"PropertyValueSpecification","valueRequired":true,"valueName":"search_term_string"}}],"inLanguage":"fr-FR"}]}},"_links":{"self":[{"href":"https:\/\/www.sempertea.eu\/fr\/wp-json\/wp\/v2\/product\/12204","targetHints":{"allow":["GET"]}}],"collection":[{"href":"https:\/\/www.sempertea.eu\/fr\/wp-json\/wp\/v2\/product"}],"about":[{"href":"https:\/\/www.sempertea.eu\/fr\/wp-json\/wp\/v2\/types\/product"}],"replies":[{"embeddable":true,"href":"https:\/\/www.sempertea.eu\/fr\/wp-json\/wp\/v2\/comments?post=12204"}],"wp:featuredmedia":[{"embeddable":true,"href":"https:\/\/www.sempertea.eu\/fr\/wp-json\/wp\/v2\/media\/12205"}],"wp:attachment":[{"href":"https:\/\/www.sempertea.eu\/fr\/wp-json\/wp\/v2\/media?parent=12204"}],"wp:term":[{"taxonomy":"product_brand","embeddable":true,"href":"https:\/\/www.sempertea.eu\/fr\/wp-json\/wp\/v2\/product_brand?post=12204"},{"taxonomy":"product_cat","embeddable":true,"href":"https:\/\/www.sempertea.eu\/fr\/wp-json\/wp\/v2\/product_cat?post=12204"},{"taxonomy":"product_tag","embeddable":true,"href":"https:\/\/www.sempertea.eu\/fr\/wp-json\/wp\/v2\/product_tag?post=12204"}],"curies":[{"name":"wp","href":"https:\/\/api.w.org\/{rel}","templated":true}]}}