{"id":12200,"date":"2021-10-03T18:31:39","date_gmt":"2024-10-23T11:32:49","guid":{"rendered":"https:\/\/www.sempertea.eu\/ginger-lemon-infusion-de-gingembre-et-de-citron-bio-en-sachet-de-the\/"},"modified":"2024-10-23T12:32:49","modified_gmt":"2024-10-23T11:32:49","slug":"ginger-lemon-infusion-de-gingembre-et-de-citron-bio-en-sachet-de-the","status":"publish","type":"product","link":"https:\/\/www.sempertea.eu\/fr\/ginger-lemon-infusion-de-gingembre-et-de-citron-bio-en-sachet-de-the\/","title":{"rendered":"GINGER LEMON infusion de gingembre et de citron bio en sachet de th\u00e9"},"content":{"rendered":"<h2>Infusion de gingembre et de citron biologique &#8211; 25 sachets de th\u00e9<\/h2>\n<p>Laissez-vous tenter par la puret\u00e9 naturelle de notre<strong> infusion de gingembre et de citron biologiques<\/strong> pour un <strong>th\u00e9 \u00e9quilibr\u00e9, aromatique et sain<\/strong>. Chaque bo\u00eete contient<strong> 25 sachets de th\u00e9<\/strong> que vous pourrez savourer pleinement. Notre <strong>infusion biologique au gingembre et au citron<\/strong> offre une combinaison harmonieuse de la saveur l\u00e9g\u00e8rement \u00e9pic\u00e9e du gingembre et du parfum rafra\u00eechissant du citron. Cette d\u00e9licieuse <strong>tisane <\/strong>est<strong> vibrante<\/strong>,<strong> aromatique<\/strong> et <strong>sans caf\u00e9ine<\/strong>, ce qui en fait un excellent choix \u00e0 tout moment de la journ\u00e9e. <\/p>\n<h2>Appr\u00e9ciez la fusion vibrante<\/h2>\n<p>Cette <strong>infusion <\/strong>est riche en<strong> propri\u00e9t\u00e9s m\u00e9dicinales<\/strong> et exploite les bienfaits de ses ingr\u00e9dients naturels. Le citron, riche en <strong>vitamine C<\/strong> et autres vitamines et min\u00e9raux essentiels, peut renforcer votre bien-\u00eatre g\u00e9n\u00e9ral. Le gingembre, consid\u00e9r\u00e9 comme un<strong> superaliment,<\/strong> poss\u00e8de des propri\u00e9t\u00e9s <strong>anti-inflammatoires <\/strong>et<strong> analg\u00e9siques <\/strong>qui peuvent r\u00e9duire les naus\u00e9es et renforcer le syst\u00e8me immunitaire. Notre<strong> infusion au gingembre et au citron<\/strong> peut aider \u00e0 <strong>nettoyer l&rsquo;organisme<\/strong> des impuret\u00e9s et des toxines, tout en <strong>renfor\u00e7ant<\/strong> le syst\u00e8me immunitaire. D\u00e9couvrez ce d\u00e9licieux m\u00e9lange de saveurs et appr\u00e9ciez sa nature sans caf\u00e9ine, qui vous offre une tasse de th\u00e9 relaxante, de jour comme de nuit.  <\/p>\n<p>&nbsp;<\/p>\n<p>&nbsp;<\/p>\n","protected":false},"excerpt":{"rendered":"<p><strong>Infusion vibrante, fruit\u00e9e et stimulante sans caf\u00e9ine<\/strong><\/p>\n<p>Une tisane aux agrumes qui allie la l\u00e9g\u00e8re touche \u00e9pic\u00e9e du gingembre et l&rsquo;ar\u00f4me puissant du citron. Elle est \u00e9galement riche en propri\u00e9t\u00e9s m\u00e9dicinales, qui contribuent \u00e0 notre sant\u00e9 et \u00e0 notre bien-\u00eatre, qu&rsquo;attendez-vous pour l&rsquo;essayer ! <\/p>\n","protected":false},"featured_media":12201,"comment_status":"open","ping_status":"closed","template":"","meta":[],"product_brand":[],"product_cat":[309,298,269,306,289,283,311,312,310],"product_tag":[],"class_list":{"0":"post-12200","1":"product","2":"type-product","3":"status-publish","4":"has-post-thumbnail","6":"product_cat-collections","7":"product_cat-les-varietes-de-the","8":"product_cat-sachet-de-the-ecologique","9":"product_cat-sachet-de-the-et-infusion-selection-bio","10":"product_cat-the-aux-herbes-bio-au-acheter","11":"product_cat-thes-et-infusions-biologiques-de-qualite","12":"product_cat-tous-fr","13":"product_cat-tous-fr-2","14":"product_cat-tous","16":"first","17":"instock","18":"shipping-taxable","19":"purchasable","20":"product-type-simple"},"yoast_head":"<!-- This site is optimized with the Yoast SEO Premium plugin v27.3 (Yoast SEO v27.3) - https:\/\/yoast.com\/product\/yoast-seo-premium-wordpress\/ -->\n<title>Acheter Delicious Organic Ginger Lemon Infusion en 25 Sachets<\/title>\n<meta name=\"description\" content=\"Infusion de gingembre et de citron BIO. \u00c9quilibr\u00e9e, aromatique et saine. Riche en propri\u00e9t\u00e9s m\u00e9dicinales qui contribuent \u00e0 notre sant\u00e9 et \u00e0 notre bien-\u00eatre.\" \/>\n<meta name=\"robots\" content=\"index, follow, max-snippet:-1, max-image-preview:large, max-video-preview:-1\" \/>\n<link rel=\"canonical\" href=\"https:\/\/www.sempertea.eu\/fr\/ginger-lemon-infusion-de-gingembre-et-de-citron-bio-en-sachet-de-the\/\" \/>\n<meta property=\"og:locale\" content=\"fr_FR\" \/>\n<meta property=\"og:type\" content=\"article\" \/>\n<meta property=\"og:title\" content=\"GINGER LEMON infusion de gingembre et de citron bio en sachet de th\u00e9\" \/>\n<meta property=\"og:description\" content=\"Infusion de gingembre et de citron BIO. \u00c9quilibr\u00e9e, aromatique et saine. Riche en propri\u00e9t\u00e9s m\u00e9dicinales qui contribuent \u00e0 notre sant\u00e9 et \u00e0 notre bien-\u00eatre.\" \/>\n<meta property=\"og:url\" content=\"https:\/\/www.sempertea.eu\/fr\/ginger-lemon-infusion-de-gingembre-et-de-citron-bio-en-sachet-de-the\/\" \/>\n<meta property=\"og:site_name\" content=\"Semper Tea | Mayorista y fabricante de T\u00e9s e Infusiones para hoteles, restaurantes y bares\" \/>\n<meta property=\"og:image\" content=\"https:\/\/www.sempertea.eu\/wp-content\/uploads\/2021\/08\/comprar-manzanilla-camomila-natural-ecologica-en-bolsita-semper-tea.jpg\" \/>\n<meta name=\"twitter:card\" content=\"summary_large_image\" \/>\n<meta name=\"twitter:image\" content=\"https:\/\/www.sempertea.eu\/wp-content\/uploads\/2021\/08\/comprar-manzanilla-camomila-natural-ecologica-en-bolsita-semper-tea.jpg\" \/>\n<meta name=\"twitter:label1\" content=\"Dur\u00e9e de lecture estim\u00e9e\" \/>\n\t<meta name=\"twitter:data1\" content=\"1 minute\" \/>\n<script type=\"application\/ld+json\" class=\"yoast-schema-graph\">{\"@context\":\"https:\\\/\\\/schema.org\",\"@graph\":[{\"@type\":\"WebPage\",\"@id\":\"https:\\\/\\\/www.sempertea.eu\\\/fr\\\/ginger-lemon-infusion-de-gingembre-et-de-citron-bio-en-sachet-de-the\\\/\",\"url\":\"https:\\\/\\\/www.sempertea.eu\\\/fr\\\/ginger-lemon-infusion-de-gingembre-et-de-citron-bio-en-sachet-de-the\\\/\",\"name\":\"Acheter Delicious Organic Ginger Lemon Infusion en 25 Sachets\",\"isPartOf\":{\"@id\":\"https:\\\/\\\/www.sempertea.eu\\\/#website\"},\"primaryImageOfPage\":{\"@id\":\"https:\\\/\\\/www.sempertea.eu\\\/fr\\\/ginger-lemon-infusion-de-gingembre-et-de-citron-bio-en-sachet-de-the\\\/#primaryimage\"},\"image\":{\"@id\":\"https:\\\/\\\/www.sempertea.eu\\\/fr\\\/ginger-lemon-infusion-de-gingembre-et-de-citron-bio-en-sachet-de-the\\\/#primaryimage\"},\"thumbnailUrl\":\"https:\\\/\\\/www.sempertea.eu\\\/wp-content\\\/uploads\\\/2021\\\/10\\\/jengibre-limon-ecologico-bio-en-bolsa-semper-tea.jpg\",\"datePublished\":\"2024-10-23T11:32:49+00:00\",\"description\":\"Infusion de gingembre et de citron BIO. \u00c9quilibr\u00e9e, aromatique et saine. Riche en propri\u00e9t\u00e9s m\u00e9dicinales qui contribuent \u00e0 notre sant\u00e9 et \u00e0 notre bien-\u00eatre.\",\"breadcrumb\":{\"@id\":\"https:\\\/\\\/www.sempertea.eu\\\/fr\\\/ginger-lemon-infusion-de-gingembre-et-de-citron-bio-en-sachet-de-the\\\/#breadcrumb\"},\"inLanguage\":\"fr-FR\",\"potentialAction\":[{\"@type\":\"ReadAction\",\"target\":[\"https:\\\/\\\/www.sempertea.eu\\\/fr\\\/ginger-lemon-infusion-de-gingembre-et-de-citron-bio-en-sachet-de-the\\\/\"]}]},{\"@type\":\"ImageObject\",\"inLanguage\":\"fr-FR\",\"@id\":\"https:\\\/\\\/www.sempertea.eu\\\/fr\\\/ginger-lemon-infusion-de-gingembre-et-de-citron-bio-en-sachet-de-the\\\/#primaryimage\",\"url\":\"https:\\\/\\\/www.sempertea.eu\\\/wp-content\\\/uploads\\\/2021\\\/10\\\/jengibre-limon-ecologico-bio-en-bolsa-semper-tea.jpg\",\"contentUrl\":\"https:\\\/\\\/www.sempertea.eu\\\/wp-content\\\/uploads\\\/2021\\\/10\\\/jengibre-limon-ecologico-bio-en-bolsa-semper-tea.jpg\",\"width\":1500,\"height\":1500,\"caption\":\"ginger lemon infusion ecologica bio en bolsa semper tea\"},{\"@type\":\"BreadcrumbList\",\"@id\":\"https:\\\/\\\/www.sempertea.eu\\\/fr\\\/ginger-lemon-infusion-de-gingembre-et-de-citron-bio-en-sachet-de-the\\\/#breadcrumb\",\"itemListElement\":[{\"@type\":\"ListItem\",\"position\":1,\"name\":\"Portada\",\"item\":\"https:\\\/\\\/www.sempertea.eu\\\/\"},{\"@type\":\"ListItem\",\"position\":2,\"name\":\"Tienda\",\"item\":\"https:\\\/\\\/www.sempertea.eu\\\/tienda\\\/\"},{\"@type\":\"ListItem\",\"position\":3,\"name\":\"GINGER LEMON infusion de gingembre et de citron bio en sachet de th\u00e9\"}]},{\"@type\":\"WebSite\",\"@id\":\"https:\\\/\\\/www.sempertea.eu\\\/#website\",\"url\":\"https:\\\/\\\/www.sempertea.eu\\\/\",\"name\":\"Semper Tea | Mayorista y fabricante de T\u00e9s e Infusiones para hoteles, restaurantes y bares\",\"description\":\"T\u00e9s e infusiones para hosteler\u00eda, hoteler\u00eda y comercio\",\"potentialAction\":[{\"@type\":\"SearchAction\",\"target\":{\"@type\":\"EntryPoint\",\"urlTemplate\":\"https:\\\/\\\/www.sempertea.eu\\\/?s={search_term_string}\"},\"query-input\":{\"@type\":\"PropertyValueSpecification\",\"valueRequired\":true,\"valueName\":\"search_term_string\"}}],\"inLanguage\":\"fr-FR\"}]}<\/script>\n<!-- \/ Yoast SEO Premium plugin. -->","yoast_head_json":{"title":"Acheter Delicious Organic Ginger Lemon Infusion en 25 Sachets","description":"Infusion de gingembre et de citron BIO. \u00c9quilibr\u00e9e, aromatique et saine. Riche en propri\u00e9t\u00e9s m\u00e9dicinales qui contribuent \u00e0 notre sant\u00e9 et \u00e0 notre bien-\u00eatre.","robots":{"index":"index","follow":"follow","max-snippet":"max-snippet:-1","max-image-preview":"max-image-preview:large","max-video-preview":"max-video-preview:-1"},"canonical":"https:\/\/www.sempertea.eu\/fr\/ginger-lemon-infusion-de-gingembre-et-de-citron-bio-en-sachet-de-the\/","og_locale":"fr_FR","og_type":"article","og_title":"GINGER LEMON infusion de gingembre et de citron bio en sachet de th\u00e9","og_description":"Infusion de gingembre et de citron BIO. \u00c9quilibr\u00e9e, aromatique et saine. Riche en propri\u00e9t\u00e9s m\u00e9dicinales qui contribuent \u00e0 notre sant\u00e9 et \u00e0 notre bien-\u00eatre.","og_url":"https:\/\/www.sempertea.eu\/fr\/ginger-lemon-infusion-de-gingembre-et-de-citron-bio-en-sachet-de-the\/","og_site_name":"Semper Tea | Mayorista y fabricante de T\u00e9s e Infusiones para hoteles, restaurantes y bares","og_image":[{"url":"https:\/\/www.sempertea.eu\/wp-content\/uploads\/2021\/08\/comprar-manzanilla-camomila-natural-ecologica-en-bolsita-semper-tea.jpg","type":"","width":"","height":""}],"twitter_card":"summary_large_image","twitter_image":"https:\/\/www.sempertea.eu\/wp-content\/uploads\/2021\/08\/comprar-manzanilla-camomila-natural-ecologica-en-bolsita-semper-tea.jpg","twitter_misc":{"Dur\u00e9e de lecture estim\u00e9e":"1 minute"},"schema":{"@context":"https:\/\/schema.org","@graph":[{"@type":"WebPage","@id":"https:\/\/www.sempertea.eu\/fr\/ginger-lemon-infusion-de-gingembre-et-de-citron-bio-en-sachet-de-the\/","url":"https:\/\/www.sempertea.eu\/fr\/ginger-lemon-infusion-de-gingembre-et-de-citron-bio-en-sachet-de-the\/","name":"Acheter Delicious Organic Ginger Lemon Infusion en 25 Sachets","isPartOf":{"@id":"https:\/\/www.sempertea.eu\/#website"},"primaryImageOfPage":{"@id":"https:\/\/www.sempertea.eu\/fr\/ginger-lemon-infusion-de-gingembre-et-de-citron-bio-en-sachet-de-the\/#primaryimage"},"image":{"@id":"https:\/\/www.sempertea.eu\/fr\/ginger-lemon-infusion-de-gingembre-et-de-citron-bio-en-sachet-de-the\/#primaryimage"},"thumbnailUrl":"https:\/\/www.sempertea.eu\/wp-content\/uploads\/2021\/10\/jengibre-limon-ecologico-bio-en-bolsa-semper-tea.jpg","datePublished":"2024-10-23T11:32:49+00:00","description":"Infusion de gingembre et de citron BIO. \u00c9quilibr\u00e9e, aromatique et saine. Riche en propri\u00e9t\u00e9s m\u00e9dicinales qui contribuent \u00e0 notre sant\u00e9 et \u00e0 notre bien-\u00eatre.","breadcrumb":{"@id":"https:\/\/www.sempertea.eu\/fr\/ginger-lemon-infusion-de-gingembre-et-de-citron-bio-en-sachet-de-the\/#breadcrumb"},"inLanguage":"fr-FR","potentialAction":[{"@type":"ReadAction","target":["https:\/\/www.sempertea.eu\/fr\/ginger-lemon-infusion-de-gingembre-et-de-citron-bio-en-sachet-de-the\/"]}]},{"@type":"ImageObject","inLanguage":"fr-FR","@id":"https:\/\/www.sempertea.eu\/fr\/ginger-lemon-infusion-de-gingembre-et-de-citron-bio-en-sachet-de-the\/#primaryimage","url":"https:\/\/www.sempertea.eu\/wp-content\/uploads\/2021\/10\/jengibre-limon-ecologico-bio-en-bolsa-semper-tea.jpg","contentUrl":"https:\/\/www.sempertea.eu\/wp-content\/uploads\/2021\/10\/jengibre-limon-ecologico-bio-en-bolsa-semper-tea.jpg","width":1500,"height":1500,"caption":"ginger lemon infusion ecologica bio en bolsa semper tea"},{"@type":"BreadcrumbList","@id":"https:\/\/www.sempertea.eu\/fr\/ginger-lemon-infusion-de-gingembre-et-de-citron-bio-en-sachet-de-the\/#breadcrumb","itemListElement":[{"@type":"ListItem","position":1,"name":"Portada","item":"https:\/\/www.sempertea.eu\/"},{"@type":"ListItem","position":2,"name":"Tienda","item":"https:\/\/www.sempertea.eu\/tienda\/"},{"@type":"ListItem","position":3,"name":"GINGER LEMON infusion de gingembre et de citron bio en sachet de th\u00e9"}]},{"@type":"WebSite","@id":"https:\/\/www.sempertea.eu\/#website","url":"https:\/\/www.sempertea.eu\/","name":"Semper Tea | Mayorista y fabricante de T\u00e9s e Infusiones para hoteles, restaurantes y bares","description":"T\u00e9s e infusiones para hosteler\u00eda, hoteler\u00eda y comercio","potentialAction":[{"@type":"SearchAction","target":{"@type":"EntryPoint","urlTemplate":"https:\/\/www.sempertea.eu\/?s={search_term_string}"},"query-input":{"@type":"PropertyValueSpecification","valueRequired":true,"valueName":"search_term_string"}}],"inLanguage":"fr-FR"}]}},"_links":{"self":[{"href":"https:\/\/www.sempertea.eu\/fr\/wp-json\/wp\/v2\/product\/12200","targetHints":{"allow":["GET"]}}],"collection":[{"href":"https:\/\/www.sempertea.eu\/fr\/wp-json\/wp\/v2\/product"}],"about":[{"href":"https:\/\/www.sempertea.eu\/fr\/wp-json\/wp\/v2\/types\/product"}],"replies":[{"embeddable":true,"href":"https:\/\/www.sempertea.eu\/fr\/wp-json\/wp\/v2\/comments?post=12200"}],"wp:featuredmedia":[{"embeddable":true,"href":"https:\/\/www.sempertea.eu\/fr\/wp-json\/wp\/v2\/media\/12201"}],"wp:attachment":[{"href":"https:\/\/www.sempertea.eu\/fr\/wp-json\/wp\/v2\/media?parent=12200"}],"wp:term":[{"taxonomy":"product_brand","embeddable":true,"href":"https:\/\/www.sempertea.eu\/fr\/wp-json\/wp\/v2\/product_brand?post=12200"},{"taxonomy":"product_cat","embeddable":true,"href":"https:\/\/www.sempertea.eu\/fr\/wp-json\/wp\/v2\/product_cat?post=12200"},{"taxonomy":"product_tag","embeddable":true,"href":"https:\/\/www.sempertea.eu\/fr\/wp-json\/wp\/v2\/product_tag?post=12200"}],"curies":[{"name":"wp","href":"https:\/\/api.w.org\/{rel}","templated":true}]}}