{"id":12198,"date":"2021-04-30T10:06:05","date_gmt":"2024-10-23T10:10:15","guid":{"rendered":"https:\/\/www.sempertea.eu\/english-breakfast-sachets-de-the-bio\/"},"modified":"2024-10-23T11:10:15","modified_gmt":"2024-10-23T10:10:15","slug":"english-breakfast-sachets-de-the-bio","status":"publish","type":"product","link":"https:\/\/www.sempertea.eu\/fr\/english-breakfast-sachets-de-the-bio\/","title":{"rendered":"ENGLISH BREAKFAST sachets de th\u00e9 bio"},"content":{"rendered":"<h2>Savourez le th\u00e9 English Breakfast : le th\u00e9 noir classique en sachets<\/h2>\n<p>Savourez l&rsquo;essence enchanteresse du <strong>th\u00e9 English Breakfast<\/strong>, un classique intemporel conditionn\u00e9 dans des sachets pratiques. Notre savoureux <strong>th\u00e9 noir Assam <\/strong>revitalisera vos sens et illuminera votre journ\u00e9e de <strong>passion<\/strong> et <strong>d&rsquo;\u00e9nergie.<\/strong> <\/p>\n<h3>D\u00e9couvrez le vrai go\u00fbt du <strong>th\u00e9 English Breakfast<\/strong><\/h3>\n<p>Ce th\u00e9 savoureux se distingue par sa base de <strong>th\u00e9 noir, <\/strong>connue pour son profil de saveurs intenses et robustes. Avec une dose de <strong>caf\u00e9ine<\/strong> plus \u00e9lev\u00e9e que la plupart des th\u00e9s, il est l&rsquo;alternative parfaite au <strong>caf\u00e9.<\/strong> Lorsqu&rsquo;il est infus\u00e9, sa couleur rouge\u00e2tre est captivante et sa saveur pleine et <strong>aromatique<\/strong> ravit le palais.  <\/p>\n<h4>Un accord parfait avec le<strong> lait et le sucre<\/strong><\/h4>\n<p>Le th\u00e9 English Breakfast est parfaitement compl\u00e9t\u00e9 par du <strong>lait et du sucre<\/strong>, cr\u00e9ant ainsi une boisson toujours satisfaisante et nutritive. Faites-vous plaisir le matin avec l&rsquo;English Breakfast de Semper Tea, une tasse savoureuse et revitalisante qui vous permettra de passer une journ\u00e9e extraordinaire. <\/p>\n","protected":false},"excerpt":{"rendered":"<p><strong>Th\u00e9 noir Assam savoureux et plein d&rsquo;essence<\/strong><\/p>\n<p class=\"Textbody\" style=\"margin-bottom: 0cm\">Commencez la journ\u00e9e avec passion et \u00e9nergie pour la routine de la vie quotidienne avec ce th\u00e9 traditionnel de style anglais. L&rsquo;English Breakfast est l&rsquo;un de nos th\u00e9s les plus populaires, avec du caract\u00e8re et une saveur intense. Essayez-le avec un peu de lait, comme les amateurs de th\u00e9 anglais classique.  <\/p>\n","protected":false},"featured_media":12199,"comment_status":"open","ping_status":"closed","template":"","meta":[],"product_brand":[],"product_cat":[309,298,269,306,283,284,311,312,310],"product_tag":[],"class_list":{"0":"post-12198","1":"product","2":"type-product","3":"status-publish","4":"has-post-thumbnail","6":"product_cat-collections","7":"product_cat-les-varietes-de-the","8":"product_cat-sachet-de-the-ecologique","9":"product_cat-sachet-de-the-et-infusion-selection-bio","10":"product_cat-thes-et-infusions-biologiques-de-qualite","11":"product_cat-the-noir-acheter-en-ligne-proprietes","12":"product_cat-tous-fr","13":"product_cat-tous-fr-2","14":"product_cat-tous","16":"first","17":"instock","18":"shipping-taxable","19":"purchasable","20":"product-type-simple"},"yoast_head":"<!-- This site is optimized with the Yoast SEO Premium plugin v27.3 (Yoast SEO v27.4) - https:\/\/yoast.com\/product\/yoast-seo-premium-wordpress\/ -->\n<title>English Breakfast | Th\u00e9 anglais biologique 25 sachets | Acheter du th\u00e9 en ligne<\/title>\n<meta name=\"description\" content=\"English Breakfast, th\u00e9 noir classique en sachet. Th\u00e9 noir Assam savoureux et plein d&#039;essence. Commencez la journ\u00e9e avec passion et plein d&#039;\u00e9nergie.\" \/>\n<meta name=\"robots\" content=\"index, follow, max-snippet:-1, max-image-preview:large, max-video-preview:-1\" \/>\n<link rel=\"canonical\" href=\"https:\/\/www.sempertea.eu\/fr\/english-breakfast-sachets-de-the-bio\/\" \/>\n<meta property=\"og:locale\" content=\"fr_FR\" \/>\n<meta property=\"og:type\" content=\"article\" \/>\n<meta property=\"og:title\" content=\"ENGLISH BREAKFAST sachets de th\u00e9 bio\" \/>\n<meta property=\"og:description\" content=\"English Breakfast, th\u00e9 noir classique en sachet. Th\u00e9 noir Assam savoureux et plein d&#039;essence. Commencez la journ\u00e9e avec passion et plein d&#039;\u00e9nergie.\" \/>\n<meta property=\"og:url\" content=\"https:\/\/www.sempertea.eu\/fr\/english-breakfast-sachets-de-the-bio\/\" \/>\n<meta property=\"og:site_name\" content=\"Semper Tea | Mayorista y fabricante de T\u00e9s e Infusiones para hoteles, restaurantes y bares\" \/>\n<meta property=\"og:image\" content=\"https:\/\/www.sempertea.eu\/wp-content\/uploads\/2021\/04\/english-breakfast-te-ingles-ecologico-en-bolsas-comprar-te-online-semper-tea.jpg\" \/>\n<meta name=\"twitter:card\" content=\"summary_large_image\" \/>\n<meta name=\"twitter:image\" content=\"https:\/\/www.sempertea.eu\/wp-content\/uploads\/2021\/04\/te-english-breakfast-te-ingles-marcas-bio-semper-tea.jpg\" \/>\n<meta name=\"twitter:label1\" content=\"Dur\u00e9e de lecture estim\u00e9e\" \/>\n\t<meta name=\"twitter:data1\" content=\"1 minute\" \/>\n<script type=\"application\/ld+json\" class=\"yoast-schema-graph\">{\"@context\":\"https:\\\/\\\/schema.org\",\"@graph\":[{\"@type\":\"WebPage\",\"@id\":\"https:\\\/\\\/www.sempertea.eu\\\/fr\\\/english-breakfast-sachets-de-the-bio\\\/\",\"url\":\"https:\\\/\\\/www.sempertea.eu\\\/fr\\\/english-breakfast-sachets-de-the-bio\\\/\",\"name\":\"English Breakfast | Th\u00e9 anglais biologique 25 sachets | Acheter du th\u00e9 en ligne\",\"isPartOf\":{\"@id\":\"https:\\\/\\\/www.sempertea.eu\\\/#website\"},\"primaryImageOfPage\":{\"@id\":\"https:\\\/\\\/www.sempertea.eu\\\/fr\\\/english-breakfast-sachets-de-the-bio\\\/#primaryimage\"},\"image\":{\"@id\":\"https:\\\/\\\/www.sempertea.eu\\\/fr\\\/english-breakfast-sachets-de-the-bio\\\/#primaryimage\"},\"thumbnailUrl\":\"https:\\\/\\\/www.sempertea.eu\\\/wp-content\\\/uploads\\\/2021\\\/04\\\/te-ingles-con-leche-english-breakfast-organico-semper-tea.jpg\",\"datePublished\":\"2024-10-23T10:10:15+00:00\",\"description\":\"English Breakfast, th\u00e9 noir classique en sachet. Th\u00e9 noir Assam savoureux et plein d'essence. Commencez la journ\u00e9e avec passion et plein d'\u00e9nergie.\",\"breadcrumb\":{\"@id\":\"https:\\\/\\\/www.sempertea.eu\\\/fr\\\/english-breakfast-sachets-de-the-bio\\\/#breadcrumb\"},\"inLanguage\":\"fr-FR\",\"potentialAction\":[{\"@type\":\"ReadAction\",\"target\":[\"https:\\\/\\\/www.sempertea.eu\\\/fr\\\/english-breakfast-sachets-de-the-bio\\\/\"]}]},{\"@type\":\"ImageObject\",\"inLanguage\":\"fr-FR\",\"@id\":\"https:\\\/\\\/www.sempertea.eu\\\/fr\\\/english-breakfast-sachets-de-the-bio\\\/#primaryimage\",\"url\":\"https:\\\/\\\/www.sempertea.eu\\\/wp-content\\\/uploads\\\/2021\\\/04\\\/te-ingles-con-leche-english-breakfast-organico-semper-tea.jpg\",\"contentUrl\":\"https:\\\/\\\/www.sempertea.eu\\\/wp-content\\\/uploads\\\/2021\\\/04\\\/te-ingles-con-leche-english-breakfast-organico-semper-tea.jpg\",\"width\":1500,\"height\":1500,\"caption\":\"te ingles con leche english breakfast organico semper tea\"},{\"@type\":\"BreadcrumbList\",\"@id\":\"https:\\\/\\\/www.sempertea.eu\\\/fr\\\/english-breakfast-sachets-de-the-bio\\\/#breadcrumb\",\"itemListElement\":[{\"@type\":\"ListItem\",\"position\":1,\"name\":\"Portada\",\"item\":\"https:\\\/\\\/www.sempertea.eu\\\/\"},{\"@type\":\"ListItem\",\"position\":2,\"name\":\"Tienda\",\"item\":\"https:\\\/\\\/www.sempertea.eu\\\/tienda\\\/\"},{\"@type\":\"ListItem\",\"position\":3,\"name\":\"ENGLISH BREAKFAST sachets de th\u00e9 bio\"}]},{\"@type\":\"WebSite\",\"@id\":\"https:\\\/\\\/www.sempertea.eu\\\/#website\",\"url\":\"https:\\\/\\\/www.sempertea.eu\\\/\",\"name\":\"Semper Tea | Mayorista y fabricante de T\u00e9s e Infusiones para hoteles, restaurantes y bares\",\"description\":\"T\u00e9s e infusiones para hosteler\u00eda, hoteler\u00eda y comercio\",\"potentialAction\":[{\"@type\":\"SearchAction\",\"target\":{\"@type\":\"EntryPoint\",\"urlTemplate\":\"https:\\\/\\\/www.sempertea.eu\\\/?s={search_term_string}\"},\"query-input\":{\"@type\":\"PropertyValueSpecification\",\"valueRequired\":true,\"valueName\":\"search_term_string\"}}],\"inLanguage\":\"fr-FR\"}]}<\/script>\n<!-- \/ Yoast SEO Premium plugin. -->","yoast_head_json":{"title":"English Breakfast | Th\u00e9 anglais biologique 25 sachets | Acheter du th\u00e9 en ligne","description":"English Breakfast, th\u00e9 noir classique en sachet. Th\u00e9 noir Assam savoureux et plein d'essence. Commencez la journ\u00e9e avec passion et plein d'\u00e9nergie.","robots":{"index":"index","follow":"follow","max-snippet":"max-snippet:-1","max-image-preview":"max-image-preview:large","max-video-preview":"max-video-preview:-1"},"canonical":"https:\/\/www.sempertea.eu\/fr\/english-breakfast-sachets-de-the-bio\/","og_locale":"fr_FR","og_type":"article","og_title":"ENGLISH BREAKFAST sachets de th\u00e9 bio","og_description":"English Breakfast, th\u00e9 noir classique en sachet. Th\u00e9 noir Assam savoureux et plein d'essence. Commencez la journ\u00e9e avec passion et plein d'\u00e9nergie.","og_url":"https:\/\/www.sempertea.eu\/fr\/english-breakfast-sachets-de-the-bio\/","og_site_name":"Semper Tea | Mayorista y fabricante de T\u00e9s e Infusiones para hoteles, restaurantes y bares","og_image":[{"url":"https:\/\/www.sempertea.eu\/wp-content\/uploads\/2021\/04\/english-breakfast-te-ingles-ecologico-en-bolsas-comprar-te-online-semper-tea.jpg","type":"","width":"","height":""}],"twitter_card":"summary_large_image","twitter_image":"https:\/\/www.sempertea.eu\/wp-content\/uploads\/2021\/04\/te-english-breakfast-te-ingles-marcas-bio-semper-tea.jpg","twitter_misc":{"Dur\u00e9e de lecture estim\u00e9e":"1 minute"},"schema":{"@context":"https:\/\/schema.org","@graph":[{"@type":"WebPage","@id":"https:\/\/www.sempertea.eu\/fr\/english-breakfast-sachets-de-the-bio\/","url":"https:\/\/www.sempertea.eu\/fr\/english-breakfast-sachets-de-the-bio\/","name":"English Breakfast | Th\u00e9 anglais biologique 25 sachets | Acheter du th\u00e9 en ligne","isPartOf":{"@id":"https:\/\/www.sempertea.eu\/#website"},"primaryImageOfPage":{"@id":"https:\/\/www.sempertea.eu\/fr\/english-breakfast-sachets-de-the-bio\/#primaryimage"},"image":{"@id":"https:\/\/www.sempertea.eu\/fr\/english-breakfast-sachets-de-the-bio\/#primaryimage"},"thumbnailUrl":"https:\/\/www.sempertea.eu\/wp-content\/uploads\/2021\/04\/te-ingles-con-leche-english-breakfast-organico-semper-tea.jpg","datePublished":"2024-10-23T10:10:15+00:00","description":"English Breakfast, th\u00e9 noir classique en sachet. Th\u00e9 noir Assam savoureux et plein d'essence. Commencez la journ\u00e9e avec passion et plein d'\u00e9nergie.","breadcrumb":{"@id":"https:\/\/www.sempertea.eu\/fr\/english-breakfast-sachets-de-the-bio\/#breadcrumb"},"inLanguage":"fr-FR","potentialAction":[{"@type":"ReadAction","target":["https:\/\/www.sempertea.eu\/fr\/english-breakfast-sachets-de-the-bio\/"]}]},{"@type":"ImageObject","inLanguage":"fr-FR","@id":"https:\/\/www.sempertea.eu\/fr\/english-breakfast-sachets-de-the-bio\/#primaryimage","url":"https:\/\/www.sempertea.eu\/wp-content\/uploads\/2021\/04\/te-ingles-con-leche-english-breakfast-organico-semper-tea.jpg","contentUrl":"https:\/\/www.sempertea.eu\/wp-content\/uploads\/2021\/04\/te-ingles-con-leche-english-breakfast-organico-semper-tea.jpg","width":1500,"height":1500,"caption":"te ingles con leche english breakfast organico semper tea"},{"@type":"BreadcrumbList","@id":"https:\/\/www.sempertea.eu\/fr\/english-breakfast-sachets-de-the-bio\/#breadcrumb","itemListElement":[{"@type":"ListItem","position":1,"name":"Portada","item":"https:\/\/www.sempertea.eu\/"},{"@type":"ListItem","position":2,"name":"Tienda","item":"https:\/\/www.sempertea.eu\/tienda\/"},{"@type":"ListItem","position":3,"name":"ENGLISH BREAKFAST sachets de th\u00e9 bio"}]},{"@type":"WebSite","@id":"https:\/\/www.sempertea.eu\/#website","url":"https:\/\/www.sempertea.eu\/","name":"Semper Tea | Mayorista y fabricante de T\u00e9s e Infusiones para hoteles, restaurantes y bares","description":"T\u00e9s e infusiones para hosteler\u00eda, hoteler\u00eda y comercio","potentialAction":[{"@type":"SearchAction","target":{"@type":"EntryPoint","urlTemplate":"https:\/\/www.sempertea.eu\/?s={search_term_string}"},"query-input":{"@type":"PropertyValueSpecification","valueRequired":true,"valueName":"search_term_string"}}],"inLanguage":"fr-FR"}]}},"_links":{"self":[{"href":"https:\/\/www.sempertea.eu\/fr\/wp-json\/wp\/v2\/product\/12198","targetHints":{"allow":["GET"]}}],"collection":[{"href":"https:\/\/www.sempertea.eu\/fr\/wp-json\/wp\/v2\/product"}],"about":[{"href":"https:\/\/www.sempertea.eu\/fr\/wp-json\/wp\/v2\/types\/product"}],"replies":[{"embeddable":true,"href":"https:\/\/www.sempertea.eu\/fr\/wp-json\/wp\/v2\/comments?post=12198"}],"wp:featuredmedia":[{"embeddable":true,"href":"https:\/\/www.sempertea.eu\/fr\/wp-json\/wp\/v2\/media\/12199"}],"wp:attachment":[{"href":"https:\/\/www.sempertea.eu\/fr\/wp-json\/wp\/v2\/media?parent=12198"}],"wp:term":[{"taxonomy":"product_brand","embeddable":true,"href":"https:\/\/www.sempertea.eu\/fr\/wp-json\/wp\/v2\/product_brand?post=12198"},{"taxonomy":"product_cat","embeddable":true,"href":"https:\/\/www.sempertea.eu\/fr\/wp-json\/wp\/v2\/product_cat?post=12198"},{"taxonomy":"product_tag","embeddable":true,"href":"https:\/\/www.sempertea.eu\/fr\/wp-json\/wp\/v2\/product_tag?post=12198"}],"curies":[{"name":"wp","href":"https:\/\/api.w.org\/{rel}","templated":true}]}}