{"id":12196,"date":"2021-04-30T13:13:19","date_gmt":"2024-10-23T10:10:14","guid":{"rendered":"https:\/\/www.sempertea.eu\/earl-grey-the-biologique-en-sachets\/"},"modified":"2024-10-23T11:10:14","modified_gmt":"2024-10-23T10:10:14","slug":"earl-grey-the-biologique-en-sachets","status":"publish","type":"product","link":"https:\/\/www.sempertea.eu\/fr\/earl-grey-the-biologique-en-sachets\/","title":{"rendered":"EARL GREY th\u00e9 biologique en sachets"},"content":{"rendered":"<h2>D\u00e9couvrez la magie du th\u00e9 Earl Grey dans notre boutique de th\u00e9<\/h2>\n<p>Bienvenue dans notre boutique de th\u00e9, o\u00f9 vous d\u00e9couvrirez le monde enchanteur du <strong>th\u00e9 Earl Grey<\/strong>. Savourez les d\u00e9licieuses notes florales et le go\u00fbt frais et astringent du<strong> th\u00e9 Earl Grey Semper<\/strong>. Sa polyvalence s&rsquo;illustre dans les desserts cr\u00e9meux aux fruits, le g\u00e2teau aux carottes, la tarte au citron et bien d&rsquo;autres choses encore. Que vous aimiez le <strong>th\u00e9 de l&rsquo;apr\u00e8s-midi <\/strong>ou le<strong> brunch du dimanche<\/strong>, le th\u00e9 Earl Grey est le choix id\u00e9al. Connu dans le monde entier<strong>, l&rsquo;Earl Grey <\/strong>est un <strong>th\u00e9 noir robuste infus\u00e9 \u00e0 l&rsquo;essence de bergamote.<\/strong> Cet agrume m\u00e9diterran\u00e9en apporte une saveur florale unique rappelant l&rsquo;orange, le citron, le citron vert et le pamplemousse, cr\u00e9ant une exp\u00e9rience intens\u00e9ment satisfaisante.   <\/p>\n<h3><strong>\u00c9cologique et citronn\u00e9<\/strong><\/h3>\n<p>Dans notre boutique en ligne, nous sommes fiers de proposer des <strong>feuilles de th\u00e9 biologique <\/strong>de la plus haute qualit\u00e9, garantissant une infusion pure et naturelle. Notre th\u00e9 Earl Grey est pr\u00e9sent\u00e9 dans des <strong>sachets classiques<\/strong> pratiques qui garantissent une tasse homog\u00e8ne et agr\u00e9able \u00e0 chaque fois. <\/p>\n<h4><strong>Go\u00fbter aux d\u00e9lices du th\u00e9 Earl Grey<\/strong><\/h4>\n<p>Notre th\u00e9 <strong>Earl Grey biologique \u00e0 la bergamote <\/strong>est d\u00e9licieux. Un classique pour les vrais amateurs de th\u00e9 noir, avec une saveur intense, naturelle et citronn\u00e9e. Un th\u00e9 d\u00e9licieux pour commencer la journ\u00e9e avec beaucoup d&rsquo;\u00e9nergie ou pour le th\u00e9 de l&rsquo;apr\u00e8s-midi.  <\/p>\n","protected":false},"excerpt":{"rendered":"<p><strong>Energisant, intense et d\u00e9licieux<\/strong><\/p>\n<p class=\"Textbody\" style=\"margin-bottom: 0cm\">Th\u00e9 noir \u00e9nergisant aux notes de bergamote et de citron. Un classique pour les vrais amateurs de th\u00e9 noir, avec un go\u00fbt intense, naturel et citronn\u00e9. Un th\u00e9 d\u00e9licieux pour commencer la journ\u00e9e avec beaucoup d&rsquo;\u00e9nergie ou pour le th\u00e9 de l&rsquo;apr\u00e8s-midi.  <\/p>\n<p>&nbsp;<\/p>\n","protected":false},"featured_media":12197,"comment_status":"open","ping_status":"closed","template":"","meta":[],"product_brand":[],"product_cat":[309,298,269,306,283,284,311,312,310],"product_tag":[],"class_list":{"0":"post-12196","1":"product","2":"type-product","3":"status-publish","4":"has-post-thumbnail","6":"product_cat-collections","7":"product_cat-les-varietes-de-the","8":"product_cat-sachet-de-the-ecologique","9":"product_cat-sachet-de-the-et-infusion-selection-bio","10":"product_cat-thes-et-infusions-biologiques-de-qualite","11":"product_cat-the-noir-acheter-en-ligne-proprietes","12":"product_cat-tous-fr","13":"product_cat-tous-fr-2","14":"product_cat-tous","16":"first","17":"instock","18":"shipping-taxable","19":"purchasable","20":"product-type-simple"},"yoast_head":"<!-- This site is optimized with the Yoast SEO Premium plugin v27.3 (Yoast SEO v27.4) - https:\/\/yoast.com\/product\/yoast-seo-premium-wordpress\/ -->\n<title>V\u00e9ritable Th\u00e9 Earl Grey \u00e0 la bergamote | 25 sachets | Bio<\/title>\n<meta name=\"description\" content=\"Authentique th\u00e9 Earl Grey biologique \u00e0 la bergamote - 25 sachets en vente dans notre boutique de th\u00e9. Energisant et d\u00e9licieux.\" \/>\n<meta name=\"robots\" content=\"index, follow, max-snippet:-1, max-image-preview:large, max-video-preview:-1\" \/>\n<link rel=\"canonical\" href=\"https:\/\/www.sempertea.eu\/fr\/earl-grey-the-biologique-en-sachets\/\" \/>\n<meta property=\"og:locale\" content=\"fr_FR\" \/>\n<meta property=\"og:type\" content=\"article\" \/>\n<meta property=\"og:title\" content=\"EARL GREY th\u00e9 biologique en sachets\" \/>\n<meta property=\"og:description\" content=\"Authentique th\u00e9 Earl Grey biologique \u00e0 la bergamote - 25 sachets en vente dans notre boutique de th\u00e9. Energisant et d\u00e9licieux.\" \/>\n<meta property=\"og:url\" content=\"https:\/\/www.sempertea.eu\/fr\/earl-grey-the-biologique-en-sachets\/\" \/>\n<meta property=\"og:site_name\" content=\"Semper Tea | Mayorista y fabricante de T\u00e9s e Infusiones para hoteles, restaurantes y bares\" \/>\n<meta property=\"og:image\" content=\"https:\/\/www.sempertea.eu\/wp-content\/uploads\/2021\/04\/english-breakfast-te-ingles-ecologico-en-bolsas-comprar-te-online-semper-tea.jpg\" \/>\n<meta name=\"twitter:card\" content=\"summary_large_image\" \/>\n<meta name=\"twitter:image\" content=\"https:\/\/www.sempertea.eu\/wp-content\/uploads\/2021\/04\/te-english-breakfast-te-ingles-marcas-bio-semper-tea.jpg\" \/>\n<meta name=\"twitter:label1\" content=\"Dur\u00e9e de lecture estim\u00e9e\" \/>\n\t<meta name=\"twitter:data1\" content=\"1 minute\" \/>\n<script type=\"application\/ld+json\" class=\"yoast-schema-graph\">{\"@context\":\"https:\\\/\\\/schema.org\",\"@graph\":[{\"@type\":\"WebPage\",\"@id\":\"https:\\\/\\\/www.sempertea.eu\\\/fr\\\/earl-grey-the-biologique-en-sachets\\\/\",\"url\":\"https:\\\/\\\/www.sempertea.eu\\\/fr\\\/earl-grey-the-biologique-en-sachets\\\/\",\"name\":\"V\u00e9ritable Th\u00e9 Earl Grey \u00e0 la bergamote | 25 sachets | Bio\",\"isPartOf\":{\"@id\":\"https:\\\/\\\/www.sempertea.eu\\\/#website\"},\"primaryImageOfPage\":{\"@id\":\"https:\\\/\\\/www.sempertea.eu\\\/fr\\\/earl-grey-the-biologique-en-sachets\\\/#primaryimage\"},\"image\":{\"@id\":\"https:\\\/\\\/www.sempertea.eu\\\/fr\\\/earl-grey-the-biologique-en-sachets\\\/#primaryimage\"},\"thumbnailUrl\":\"https:\\\/\\\/www.sempertea.eu\\\/wp-content\\\/uploads\\\/2021\\\/04\\\/earl-grey-clasico-te-de-bergamota-beneficios-propiedades-semper-tea.jpg\",\"datePublished\":\"2024-10-23T10:10:14+00:00\",\"description\":\"Authentique th\u00e9 Earl Grey biologique \u00e0 la bergamote - 25 sachets en vente dans notre boutique de th\u00e9. Energisant et d\u00e9licieux.\",\"breadcrumb\":{\"@id\":\"https:\\\/\\\/www.sempertea.eu\\\/fr\\\/earl-grey-the-biologique-en-sachets\\\/#breadcrumb\"},\"inLanguage\":\"fr-FR\",\"potentialAction\":[{\"@type\":\"ReadAction\",\"target\":[\"https:\\\/\\\/www.sempertea.eu\\\/fr\\\/earl-grey-the-biologique-en-sachets\\\/\"]}]},{\"@type\":\"ImageObject\",\"inLanguage\":\"fr-FR\",\"@id\":\"https:\\\/\\\/www.sempertea.eu\\\/fr\\\/earl-grey-the-biologique-en-sachets\\\/#primaryimage\",\"url\":\"https:\\\/\\\/www.sempertea.eu\\\/wp-content\\\/uploads\\\/2021\\\/04\\\/earl-grey-clasico-te-de-bergamota-beneficios-propiedades-semper-tea.jpg\",\"contentUrl\":\"https:\\\/\\\/www.sempertea.eu\\\/wp-content\\\/uploads\\\/2021\\\/04\\\/earl-grey-clasico-te-de-bergamota-beneficios-propiedades-semper-tea.jpg\",\"width\":1500,\"height\":1500,\"caption\":\"earl grey clasico te de bergamota beneficios propiedades semper tea\"},{\"@type\":\"BreadcrumbList\",\"@id\":\"https:\\\/\\\/www.sempertea.eu\\\/fr\\\/earl-grey-the-biologique-en-sachets\\\/#breadcrumb\",\"itemListElement\":[{\"@type\":\"ListItem\",\"position\":1,\"name\":\"Portada\",\"item\":\"https:\\\/\\\/www.sempertea.eu\\\/\"},{\"@type\":\"ListItem\",\"position\":2,\"name\":\"Tienda\",\"item\":\"https:\\\/\\\/www.sempertea.eu\\\/tienda\\\/\"},{\"@type\":\"ListItem\",\"position\":3,\"name\":\"EARL GREY th\u00e9 biologique en sachets\"}]},{\"@type\":\"WebSite\",\"@id\":\"https:\\\/\\\/www.sempertea.eu\\\/#website\",\"url\":\"https:\\\/\\\/www.sempertea.eu\\\/\",\"name\":\"Semper Tea | Mayorista y fabricante de T\u00e9s e Infusiones para hoteles, restaurantes y bares\",\"description\":\"T\u00e9s e infusiones para hosteler\u00eda, hoteler\u00eda y comercio\",\"potentialAction\":[{\"@type\":\"SearchAction\",\"target\":{\"@type\":\"EntryPoint\",\"urlTemplate\":\"https:\\\/\\\/www.sempertea.eu\\\/?s={search_term_string}\"},\"query-input\":{\"@type\":\"PropertyValueSpecification\",\"valueRequired\":true,\"valueName\":\"search_term_string\"}}],\"inLanguage\":\"fr-FR\"}]}<\/script>\n<!-- \/ Yoast SEO Premium plugin. -->","yoast_head_json":{"title":"V\u00e9ritable Th\u00e9 Earl Grey \u00e0 la bergamote | 25 sachets | Bio","description":"Authentique th\u00e9 Earl Grey biologique \u00e0 la bergamote - 25 sachets en vente dans notre boutique de th\u00e9. Energisant et d\u00e9licieux.","robots":{"index":"index","follow":"follow","max-snippet":"max-snippet:-1","max-image-preview":"max-image-preview:large","max-video-preview":"max-video-preview:-1"},"canonical":"https:\/\/www.sempertea.eu\/fr\/earl-grey-the-biologique-en-sachets\/","og_locale":"fr_FR","og_type":"article","og_title":"EARL GREY th\u00e9 biologique en sachets","og_description":"Authentique th\u00e9 Earl Grey biologique \u00e0 la bergamote - 25 sachets en vente dans notre boutique de th\u00e9. Energisant et d\u00e9licieux.","og_url":"https:\/\/www.sempertea.eu\/fr\/earl-grey-the-biologique-en-sachets\/","og_site_name":"Semper Tea | Mayorista y fabricante de T\u00e9s e Infusiones para hoteles, restaurantes y bares","og_image":[{"url":"https:\/\/www.sempertea.eu\/wp-content\/uploads\/2021\/04\/english-breakfast-te-ingles-ecologico-en-bolsas-comprar-te-online-semper-tea.jpg","type":"","width":"","height":""}],"twitter_card":"summary_large_image","twitter_image":"https:\/\/www.sempertea.eu\/wp-content\/uploads\/2021\/04\/te-english-breakfast-te-ingles-marcas-bio-semper-tea.jpg","twitter_misc":{"Dur\u00e9e de lecture estim\u00e9e":"1 minute"},"schema":{"@context":"https:\/\/schema.org","@graph":[{"@type":"WebPage","@id":"https:\/\/www.sempertea.eu\/fr\/earl-grey-the-biologique-en-sachets\/","url":"https:\/\/www.sempertea.eu\/fr\/earl-grey-the-biologique-en-sachets\/","name":"V\u00e9ritable Th\u00e9 Earl Grey \u00e0 la bergamote | 25 sachets | Bio","isPartOf":{"@id":"https:\/\/www.sempertea.eu\/#website"},"primaryImageOfPage":{"@id":"https:\/\/www.sempertea.eu\/fr\/earl-grey-the-biologique-en-sachets\/#primaryimage"},"image":{"@id":"https:\/\/www.sempertea.eu\/fr\/earl-grey-the-biologique-en-sachets\/#primaryimage"},"thumbnailUrl":"https:\/\/www.sempertea.eu\/wp-content\/uploads\/2021\/04\/earl-grey-clasico-te-de-bergamota-beneficios-propiedades-semper-tea.jpg","datePublished":"2024-10-23T10:10:14+00:00","description":"Authentique th\u00e9 Earl Grey biologique \u00e0 la bergamote - 25 sachets en vente dans notre boutique de th\u00e9. Energisant et d\u00e9licieux.","breadcrumb":{"@id":"https:\/\/www.sempertea.eu\/fr\/earl-grey-the-biologique-en-sachets\/#breadcrumb"},"inLanguage":"fr-FR","potentialAction":[{"@type":"ReadAction","target":["https:\/\/www.sempertea.eu\/fr\/earl-grey-the-biologique-en-sachets\/"]}]},{"@type":"ImageObject","inLanguage":"fr-FR","@id":"https:\/\/www.sempertea.eu\/fr\/earl-grey-the-biologique-en-sachets\/#primaryimage","url":"https:\/\/www.sempertea.eu\/wp-content\/uploads\/2021\/04\/earl-grey-clasico-te-de-bergamota-beneficios-propiedades-semper-tea.jpg","contentUrl":"https:\/\/www.sempertea.eu\/wp-content\/uploads\/2021\/04\/earl-grey-clasico-te-de-bergamota-beneficios-propiedades-semper-tea.jpg","width":1500,"height":1500,"caption":"earl grey clasico te de bergamota beneficios propiedades semper tea"},{"@type":"BreadcrumbList","@id":"https:\/\/www.sempertea.eu\/fr\/earl-grey-the-biologique-en-sachets\/#breadcrumb","itemListElement":[{"@type":"ListItem","position":1,"name":"Portada","item":"https:\/\/www.sempertea.eu\/"},{"@type":"ListItem","position":2,"name":"Tienda","item":"https:\/\/www.sempertea.eu\/tienda\/"},{"@type":"ListItem","position":3,"name":"EARL GREY th\u00e9 biologique en sachets"}]},{"@type":"WebSite","@id":"https:\/\/www.sempertea.eu\/#website","url":"https:\/\/www.sempertea.eu\/","name":"Semper Tea | Mayorista y fabricante de T\u00e9s e Infusiones para hoteles, restaurantes y bares","description":"T\u00e9s e infusiones para hosteler\u00eda, hoteler\u00eda y comercio","potentialAction":[{"@type":"SearchAction","target":{"@type":"EntryPoint","urlTemplate":"https:\/\/www.sempertea.eu\/?s={search_term_string}"},"query-input":{"@type":"PropertyValueSpecification","valueRequired":true,"valueName":"search_term_string"}}],"inLanguage":"fr-FR"}]}},"_links":{"self":[{"href":"https:\/\/www.sempertea.eu\/fr\/wp-json\/wp\/v2\/product\/12196","targetHints":{"allow":["GET"]}}],"collection":[{"href":"https:\/\/www.sempertea.eu\/fr\/wp-json\/wp\/v2\/product"}],"about":[{"href":"https:\/\/www.sempertea.eu\/fr\/wp-json\/wp\/v2\/types\/product"}],"replies":[{"embeddable":true,"href":"https:\/\/www.sempertea.eu\/fr\/wp-json\/wp\/v2\/comments?post=12196"}],"wp:featuredmedia":[{"embeddable":true,"href":"https:\/\/www.sempertea.eu\/fr\/wp-json\/wp\/v2\/media\/12197"}],"wp:attachment":[{"href":"https:\/\/www.sempertea.eu\/fr\/wp-json\/wp\/v2\/media?parent=12196"}],"wp:term":[{"taxonomy":"product_brand","embeddable":true,"href":"https:\/\/www.sempertea.eu\/fr\/wp-json\/wp\/v2\/product_brand?post=12196"},{"taxonomy":"product_cat","embeddable":true,"href":"https:\/\/www.sempertea.eu\/fr\/wp-json\/wp\/v2\/product_cat?post=12196"},{"taxonomy":"product_tag","embeddable":true,"href":"https:\/\/www.sempertea.eu\/fr\/wp-json\/wp\/v2\/product_tag?post=12196"}],"curies":[{"name":"wp","href":"https:\/\/api.w.org\/{rel}","templated":true}]}}