{"id":12194,"date":"2021-08-06T14:51:51","date_gmt":"2024-10-23T10:10:12","guid":{"rendered":"https:\/\/www.sempertea.eu\/camomile-the-a-la-camomille-biologique-en-sachet\/"},"modified":"2024-10-23T11:10:12","modified_gmt":"2024-10-23T10:10:12","slug":"camomile-the-a-la-camomille-biologique-en-sachet","status":"publish","type":"product","link":"https:\/\/www.sempertea.eu\/fr\/camomile-the-a-la-camomille-biologique-en-sachet\/","title":{"rendered":"CAMOMILE th\u00e9 \u00e0 la camomille biologique en sachet"},"content":{"rendered":"<h2>La camomille biologique peut aider \u00e0 r\u00e9soudre les probl\u00e8mes de sommeil<\/h2>\n<p>De nombreux b\u00e9b\u00e9s et enfants souffrent fr\u00e9quemment de troubles du sommeil, ce qui peut \u00eatre tr\u00e8s pr\u00e9judiciable \u00e0 leur croissance et \u00e0 leur d\u00e9veloppement vital. Il est essentiel que les enfants aient le sommeil dont ils ont besoin pour d\u00e9velopper correctement et pleinement leurs capacit\u00e9s. Les causes principales de ces troubles du sommeil sont souvent l&rsquo;agitation et les peurs, et m\u00eame dans ce cas, la camomille peut \u00eatre d&rsquo;une grande aide. Une petite quantit\u00e9 de cette plante m\u00e9dicinale permet de lutter contre la nervosit\u00e9 et l&rsquo;agitation nocturne qui peuvent perturber le sommeil des enfants. <\/p>\n<p>&nbsp;<\/p>\n","protected":false},"excerpt":{"rendered":"<p><strong>Infusion relaxante et apaisante sans caf\u00e9ine<\/strong><\/p>\n<p>Le th\u00e9 \u00e0 la camomille offre une exp\u00e9rience r\u00e9confortante et relaxante. Avec un ar\u00f4me particuli\u00e8rement d\u00e9licat et doux, il peut \u00eatre d\u00e9gust\u00e9 \u00e0 tout moment. <\/p>\n","protected":false},"featured_media":12195,"comment_status":"open","ping_status":"closed","template":"","meta":[],"product_brand":[],"product_cat":[309,298,269,306,289,283,311,312,310],"product_tag":[],"class_list":{"0":"post-12194","1":"product","2":"type-product","3":"status-publish","4":"has-post-thumbnail","6":"product_cat-collections","7":"product_cat-les-varietes-de-the","8":"product_cat-sachet-de-the-ecologique","9":"product_cat-sachet-de-the-et-infusion-selection-bio","10":"product_cat-the-aux-herbes-bio-au-acheter","11":"product_cat-thes-et-infusions-biologiques-de-qualite","12":"product_cat-tous-fr","13":"product_cat-tous-fr-2","14":"product_cat-tous","16":"first","17":"instock","18":"shipping-taxable","19":"purchasable","20":"product-type-simple"},"yoast_head":"<!-- This site is optimized with the Yoast SEO Premium plugin v27.3 (Yoast SEO v27.4) - https:\/\/yoast.com\/product\/yoast-seo-premium-wordpress\/ -->\n<title>ACHETER TISANE CAMOMILLE BIO en sachet | Boutique en ligne<\/title>\n<meta name=\"description\" content=\"Tisane de camomille en sachet classique QUALIT\u00c9 BIOLOGIQUE bio. Boutique de th\u00e9 en ligne. Livraison rapide. Th\u00e9 \u00e0 domicile.\" \/>\n<meta name=\"robots\" content=\"index, follow, max-snippet:-1, max-image-preview:large, max-video-preview:-1\" \/>\n<link rel=\"canonical\" href=\"https:\/\/www.sempertea.eu\/fr\/camomile-the-a-la-camomille-biologique-en-sachet\/\" \/>\n<meta property=\"og:locale\" content=\"fr_FR\" \/>\n<meta property=\"og:type\" content=\"article\" \/>\n<meta property=\"og:title\" content=\"CAMOMILE th\u00e9 \u00e0 la camomille biologique en sachet\" \/>\n<meta property=\"og:description\" content=\"Tisane de camomille en sachet classique QUALIT\u00c9 BIOLOGIQUE bio. Boutique de th\u00e9 en ligne. Livraison rapide. Th\u00e9 \u00e0 domicile.\" \/>\n<meta property=\"og:url\" content=\"https:\/\/www.sempertea.eu\/fr\/camomile-the-a-la-camomille-biologique-en-sachet\/\" \/>\n<meta property=\"og:site_name\" content=\"Semper Tea | Mayorista y fabricante de T\u00e9s e Infusiones para hoteles, restaurantes y bares\" \/>\n<meta property=\"og:image\" content=\"https:\/\/www.sempertea.eu\/wp-content\/uploads\/2021\/08\/comprar-manzanilla-camomila-natural-ecologica-en-bolsita-semper-tea.jpg\" \/>\n<meta name=\"twitter:card\" content=\"summary_large_image\" \/>\n<meta name=\"twitter:image\" content=\"https:\/\/www.sempertea.eu\/wp-content\/uploads\/2021\/08\/comprar-manzanilla-camomila-natural-ecologica-en-bolsita-semper-tea.jpg\" \/>\n<meta name=\"twitter:label1\" content=\"Dur\u00e9e de lecture estim\u00e9e\" \/>\n\t<meta name=\"twitter:data1\" content=\"1 minute\" \/>\n<script type=\"application\/ld+json\" class=\"yoast-schema-graph\">{\"@context\":\"https:\\\/\\\/schema.org\",\"@graph\":[{\"@type\":\"WebPage\",\"@id\":\"https:\\\/\\\/www.sempertea.eu\\\/fr\\\/camomile-the-a-la-camomille-biologique-en-sachet\\\/\",\"url\":\"https:\\\/\\\/www.sempertea.eu\\\/fr\\\/camomile-the-a-la-camomille-biologique-en-sachet\\\/\",\"name\":\"ACHETER TISANE CAMOMILLE BIO en sachet | Boutique en ligne\",\"isPartOf\":{\"@id\":\"https:\\\/\\\/www.sempertea.eu\\\/#website\"},\"primaryImageOfPage\":{\"@id\":\"https:\\\/\\\/www.sempertea.eu\\\/fr\\\/camomile-the-a-la-camomille-biologique-en-sachet\\\/#primaryimage\"},\"image\":{\"@id\":\"https:\\\/\\\/www.sempertea.eu\\\/fr\\\/camomile-the-a-la-camomille-biologique-en-sachet\\\/#primaryimage\"},\"thumbnailUrl\":\"https:\\\/\\\/www.sempertea.eu\\\/wp-content\\\/uploads\\\/2021\\\/08\\\/manzanilla-camomila-ecologica-bio-en-bolsa-semper-tea.jpg\",\"datePublished\":\"2024-10-23T10:10:12+00:00\",\"description\":\"Tisane de camomille en sachet classique QUALIT\u00c9 BIOLOGIQUE bio. Boutique de th\u00e9 en ligne. Livraison rapide. Th\u00e9 \u00e0 domicile.\",\"breadcrumb\":{\"@id\":\"https:\\\/\\\/www.sempertea.eu\\\/fr\\\/camomile-the-a-la-camomille-biologique-en-sachet\\\/#breadcrumb\"},\"inLanguage\":\"fr-FR\",\"potentialAction\":[{\"@type\":\"ReadAction\",\"target\":[\"https:\\\/\\\/www.sempertea.eu\\\/fr\\\/camomile-the-a-la-camomille-biologique-en-sachet\\\/\"]}]},{\"@type\":\"ImageObject\",\"inLanguage\":\"fr-FR\",\"@id\":\"https:\\\/\\\/www.sempertea.eu\\\/fr\\\/camomile-the-a-la-camomille-biologique-en-sachet\\\/#primaryimage\",\"url\":\"https:\\\/\\\/www.sempertea.eu\\\/wp-content\\\/uploads\\\/2021\\\/08\\\/manzanilla-camomila-ecologica-bio-en-bolsa-semper-tea.jpg\",\"contentUrl\":\"https:\\\/\\\/www.sempertea.eu\\\/wp-content\\\/uploads\\\/2021\\\/08\\\/manzanilla-camomila-ecologica-bio-en-bolsa-semper-tea.jpg\",\"width\":1500,\"height\":1500,\"caption\":\"manzanilla camomila ecologica bio en bolsa semper tea\"},{\"@type\":\"BreadcrumbList\",\"@id\":\"https:\\\/\\\/www.sempertea.eu\\\/fr\\\/camomile-the-a-la-camomille-biologique-en-sachet\\\/#breadcrumb\",\"itemListElement\":[{\"@type\":\"ListItem\",\"position\":1,\"name\":\"Portada\",\"item\":\"https:\\\/\\\/www.sempertea.eu\\\/\"},{\"@type\":\"ListItem\",\"position\":2,\"name\":\"Tienda\",\"item\":\"https:\\\/\\\/www.sempertea.eu\\\/tienda\\\/\"},{\"@type\":\"ListItem\",\"position\":3,\"name\":\"CAMOMILE th\u00e9 \u00e0 la camomille biologique en sachet\"}]},{\"@type\":\"WebSite\",\"@id\":\"https:\\\/\\\/www.sempertea.eu\\\/#website\",\"url\":\"https:\\\/\\\/www.sempertea.eu\\\/\",\"name\":\"Semper Tea | Mayorista y fabricante de T\u00e9s e Infusiones para hoteles, restaurantes y bares\",\"description\":\"T\u00e9s e infusiones para hosteler\u00eda, hoteler\u00eda y comercio\",\"potentialAction\":[{\"@type\":\"SearchAction\",\"target\":{\"@type\":\"EntryPoint\",\"urlTemplate\":\"https:\\\/\\\/www.sempertea.eu\\\/?s={search_term_string}\"},\"query-input\":{\"@type\":\"PropertyValueSpecification\",\"valueRequired\":true,\"valueName\":\"search_term_string\"}}],\"inLanguage\":\"fr-FR\"}]}<\/script>\n<!-- \/ Yoast SEO Premium plugin. -->","yoast_head_json":{"title":"ACHETER TISANE CAMOMILLE BIO en sachet | Boutique en ligne","description":"Tisane de camomille en sachet classique QUALIT\u00c9 BIOLOGIQUE bio. Boutique de th\u00e9 en ligne. Livraison rapide. Th\u00e9 \u00e0 domicile.","robots":{"index":"index","follow":"follow","max-snippet":"max-snippet:-1","max-image-preview":"max-image-preview:large","max-video-preview":"max-video-preview:-1"},"canonical":"https:\/\/www.sempertea.eu\/fr\/camomile-the-a-la-camomille-biologique-en-sachet\/","og_locale":"fr_FR","og_type":"article","og_title":"CAMOMILE th\u00e9 \u00e0 la camomille biologique en sachet","og_description":"Tisane de camomille en sachet classique QUALIT\u00c9 BIOLOGIQUE bio. Boutique de th\u00e9 en ligne. Livraison rapide. Th\u00e9 \u00e0 domicile.","og_url":"https:\/\/www.sempertea.eu\/fr\/camomile-the-a-la-camomille-biologique-en-sachet\/","og_site_name":"Semper Tea | Mayorista y fabricante de T\u00e9s e Infusiones para hoteles, restaurantes y bares","og_image":[{"url":"https:\/\/www.sempertea.eu\/wp-content\/uploads\/2021\/08\/comprar-manzanilla-camomila-natural-ecologica-en-bolsita-semper-tea.jpg","type":"","width":"","height":""}],"twitter_card":"summary_large_image","twitter_image":"https:\/\/www.sempertea.eu\/wp-content\/uploads\/2021\/08\/comprar-manzanilla-camomila-natural-ecologica-en-bolsita-semper-tea.jpg","twitter_misc":{"Dur\u00e9e de lecture estim\u00e9e":"1 minute"},"schema":{"@context":"https:\/\/schema.org","@graph":[{"@type":"WebPage","@id":"https:\/\/www.sempertea.eu\/fr\/camomile-the-a-la-camomille-biologique-en-sachet\/","url":"https:\/\/www.sempertea.eu\/fr\/camomile-the-a-la-camomille-biologique-en-sachet\/","name":"ACHETER TISANE CAMOMILLE BIO en sachet | Boutique en ligne","isPartOf":{"@id":"https:\/\/www.sempertea.eu\/#website"},"primaryImageOfPage":{"@id":"https:\/\/www.sempertea.eu\/fr\/camomile-the-a-la-camomille-biologique-en-sachet\/#primaryimage"},"image":{"@id":"https:\/\/www.sempertea.eu\/fr\/camomile-the-a-la-camomille-biologique-en-sachet\/#primaryimage"},"thumbnailUrl":"https:\/\/www.sempertea.eu\/wp-content\/uploads\/2021\/08\/manzanilla-camomila-ecologica-bio-en-bolsa-semper-tea.jpg","datePublished":"2024-10-23T10:10:12+00:00","description":"Tisane de camomille en sachet classique QUALIT\u00c9 BIOLOGIQUE bio. Boutique de th\u00e9 en ligne. Livraison rapide. Th\u00e9 \u00e0 domicile.","breadcrumb":{"@id":"https:\/\/www.sempertea.eu\/fr\/camomile-the-a-la-camomille-biologique-en-sachet\/#breadcrumb"},"inLanguage":"fr-FR","potentialAction":[{"@type":"ReadAction","target":["https:\/\/www.sempertea.eu\/fr\/camomile-the-a-la-camomille-biologique-en-sachet\/"]}]},{"@type":"ImageObject","inLanguage":"fr-FR","@id":"https:\/\/www.sempertea.eu\/fr\/camomile-the-a-la-camomille-biologique-en-sachet\/#primaryimage","url":"https:\/\/www.sempertea.eu\/wp-content\/uploads\/2021\/08\/manzanilla-camomila-ecologica-bio-en-bolsa-semper-tea.jpg","contentUrl":"https:\/\/www.sempertea.eu\/wp-content\/uploads\/2021\/08\/manzanilla-camomila-ecologica-bio-en-bolsa-semper-tea.jpg","width":1500,"height":1500,"caption":"manzanilla camomila ecologica bio en bolsa semper tea"},{"@type":"BreadcrumbList","@id":"https:\/\/www.sempertea.eu\/fr\/camomile-the-a-la-camomille-biologique-en-sachet\/#breadcrumb","itemListElement":[{"@type":"ListItem","position":1,"name":"Portada","item":"https:\/\/www.sempertea.eu\/"},{"@type":"ListItem","position":2,"name":"Tienda","item":"https:\/\/www.sempertea.eu\/tienda\/"},{"@type":"ListItem","position":3,"name":"CAMOMILE th\u00e9 \u00e0 la camomille biologique en sachet"}]},{"@type":"WebSite","@id":"https:\/\/www.sempertea.eu\/#website","url":"https:\/\/www.sempertea.eu\/","name":"Semper Tea | Mayorista y fabricante de T\u00e9s e Infusiones para hoteles, restaurantes y bares","description":"T\u00e9s e infusiones para hosteler\u00eda, hoteler\u00eda y comercio","potentialAction":[{"@type":"SearchAction","target":{"@type":"EntryPoint","urlTemplate":"https:\/\/www.sempertea.eu\/?s={search_term_string}"},"query-input":{"@type":"PropertyValueSpecification","valueRequired":true,"valueName":"search_term_string"}}],"inLanguage":"fr-FR"}]}},"_links":{"self":[{"href":"https:\/\/www.sempertea.eu\/fr\/wp-json\/wp\/v2\/product\/12194","targetHints":{"allow":["GET"]}}],"collection":[{"href":"https:\/\/www.sempertea.eu\/fr\/wp-json\/wp\/v2\/product"}],"about":[{"href":"https:\/\/www.sempertea.eu\/fr\/wp-json\/wp\/v2\/types\/product"}],"replies":[{"embeddable":true,"href":"https:\/\/www.sempertea.eu\/fr\/wp-json\/wp\/v2\/comments?post=12194"}],"wp:featuredmedia":[{"embeddable":true,"href":"https:\/\/www.sempertea.eu\/fr\/wp-json\/wp\/v2\/media\/12195"}],"wp:attachment":[{"href":"https:\/\/www.sempertea.eu\/fr\/wp-json\/wp\/v2\/media?parent=12194"}],"wp:term":[{"taxonomy":"product_brand","embeddable":true,"href":"https:\/\/www.sempertea.eu\/fr\/wp-json\/wp\/v2\/product_brand?post=12194"},{"taxonomy":"product_cat","embeddable":true,"href":"https:\/\/www.sempertea.eu\/fr\/wp-json\/wp\/v2\/product_cat?post=12194"},{"taxonomy":"product_tag","embeddable":true,"href":"https:\/\/www.sempertea.eu\/fr\/wp-json\/wp\/v2\/product_tag?post=12194"}],"curies":[{"name":"wp","href":"https:\/\/api.w.org\/{rel}","templated":true}]}}