{"id":12191,"date":"2021-08-07T12:47:10","date_gmt":"2024-10-23T09:48:40","guid":{"rendered":"https:\/\/www.sempertea.eu\/boite-a-the-64-sachets-de-the\/"},"modified":"2024-10-23T10:48:40","modified_gmt":"2024-10-23T09:48:40","slug":"boite-a-the-64-sachets-de-the","status":"publish","type":"product","link":"https:\/\/www.sempertea.eu\/fr\/boite-a-the-64-sachets-de-the\/","title":{"rendered":"Bo\u00eete \u00e0 th\u00e9 | 64 sachets de th\u00e9"},"content":{"rendered":"<h2>\u00c9l\u00e9gante bo\u00eete \u00e0 th\u00e9 en bois : le cadeau id\u00e9al pour les amateurs de th\u00e9<\/h2>\n<p>D\u00e9couvrez notre \u00e9l\u00e9gante<strong> bo\u00eete \u00e0 th\u00e9 en bois<\/strong>, id\u00e9ale pour les <strong>cadeaux et la conservation du th\u00e9<\/strong>. Avec 64 sachets de th\u00e9 individuels, nous garantissons la <strong>pr\u00e9servation de l&rsquo;ar\u00f4me<\/strong> pour une exp\u00e9rience de th\u00e9 frais. Cette <strong>bo\u00eete \u00e0 th\u00e9 \u00e9l\u00e9gante<\/strong> et <strong>pratique<\/strong> est parfaite pour toutes les occasions. <\/p>\n<h3>Solution de stockage du th\u00e9 : 64 sachets de th\u00e9 assortis dans une bo\u00eete \u00e0 th\u00e9 \u00e9l\u00e9gante<\/h3>\n<p>Dans votre entreprise, la bo\u00eete \u00e0 th\u00e9 Pearl line avec 64 sachets de th\u00e9 ajoute une touche de sophistication, ce qui en fait un cadeau id\u00e9al pour le th\u00e9. Soigneusement s\u00e9lectionn\u00e9 et emball\u00e9 individuellement, chaque sachet de th\u00e9 <strong>garantit une hygi\u00e8ne optimale<\/strong> et la pr\u00e9servation de l&rsquo;ar\u00f4me. Un produit polyvalent qui s&rsquo;int\u00e8gre parfaitement dans la cuisine, le bureau ou la maison : un v\u00e9ritable outil de conservation du th\u00e9. Mesurant 308 x 193 x 85 mm, il s&rsquo;agit d&rsquo;un cadeau attentionn\u00e9 pour les accessoires de th\u00e9 ou d&rsquo;une g\u00e2terie pour vous-m\u00eame.<\/p>\n<h4>Le cadeau id\u00e9al \u00c9vitez le rush de derni\u00e8re minute avec nos <strong>bo\u00eetes de th\u00e9 parfaites pour les cadeaux,<\/strong> offrant qualit\u00e9 et vari\u00e9t\u00e9 pour garantir une exp\u00e9rience d\u00e9licieuse et luxueuse du th\u00e9. Am\u00e9liorez vos moments de th\u00e9 avec notre solution de stockage de th\u00e9 de qualit\u00e9 sup\u00e9rieure, <strong>remplie de 8 saveurs<\/strong> diff\u00e9rentes.<\/p>\n<\/h4>\n","protected":false},"excerpt":{"rendered":"<div class=\"product-short-description\">\n<p>D\u00e9couvrez notre magnifique bo\u00eete \u00e0 th\u00e9 en bois avec sachets de th\u00e9, id\u00e9ale pour offrir et conserver vos vari\u00e9t\u00e9s pr\u00e9f\u00e9r\u00e9es. 8 saveurs de th\u00e9 diff\u00e9rentes, les sachets de th\u00e9 emball\u00e9s individuellement garantissent une pr\u00e9servation maximale de l&rsquo;ar\u00f4me. Un produit polyvalent pour la cuisine, le bureau ou la maison. Dimensions : 308 x 193 x 85 mm.  <\/p>\n<\/div>\n","protected":false},"featured_media":12192,"comment_status":"open","ping_status":"closed","template":"","meta":[],"product_brand":[],"product_cat":[365,313,371,309,367,364,366,370,269,306,283,310,311,312],"product_tag":[],"class_list":{"0":"post-12191","1":"product","2":"type-product","3":"status-publish","4":"has-post-thumbnail","6":"product_cat-amoureux-du-the-tea-lover","7":"product_cat-cadeaux","8":"product_cat-cadeaux-de-la-saint-valentin","9":"product_cat-collections","10":"product_cat-details-de-lanniversaire","11":"product_cat-idees-pour-la-fete-des-peres","12":"product_cat-offrir-a-noel","13":"product_cat-packs-fete-des-meres","14":"product_cat-sachet-de-the-ecologique","15":"product_cat-sachet-de-the-et-infusion-selection-bio","16":"product_cat-thes-et-infusions-biologiques-de-qualite","17":"product_cat-tous","18":"product_cat-tous-fr","19":"product_cat-tous-fr-2","21":"first","22":"instock","23":"shipping-taxable","24":"purchasable","25":"product-type-simple"},"yoast_head":"<!-- This site is optimized with the Yoast SEO Premium plugin v27.3 (Yoast SEO v27.3) - https:\/\/yoast.com\/product\/yoast-seo-premium-wordpress\/ -->\n<title>Bo\u00eete \u00e0 th\u00e9 en bois Sachets de th\u00e9 | Parfaite pour les cadeaux et le stockage<\/title>\n<meta name=\"description\" content=\"Bo\u00eete \u00e0 th\u00e9 en bois avec sachets de th\u00e9. Id\u00e9al pour les cadeaux et la conservation du th\u00e9. 64 sachets individuels pour une fra\u00eecheur maximale. Pour la maison, le bureau, la cuisine.\" \/>\n<meta name=\"robots\" content=\"index, follow, max-snippet:-1, max-image-preview:large, max-video-preview:-1\" \/>\n<link rel=\"canonical\" href=\"https:\/\/www.sempertea.eu\/fr\/boite-a-the-64-sachets-de-the\/\" \/>\n<meta property=\"og:locale\" content=\"fr_FR\" \/>\n<meta property=\"og:type\" content=\"article\" \/>\n<meta property=\"og:title\" content=\"Bo\u00eete \u00e0 th\u00e9 | 64 sachets de th\u00e9\" \/>\n<meta property=\"og:description\" content=\"Bo\u00eete \u00e0 th\u00e9 en bois avec sachets de th\u00e9. Id\u00e9al pour les cadeaux et la conservation du th\u00e9. 64 sachets individuels pour une fra\u00eecheur maximale. Pour la maison, le bureau, la cuisine.\" \/>\n<meta property=\"og:url\" content=\"https:\/\/www.sempertea.eu\/fr\/boite-a-the-64-sachets-de-the\/\" \/>\n<meta property=\"og:site_name\" content=\"Semper Tea | Mayorista y fabricante de T\u00e9s e Infusiones para hoteles, restaurantes y bares\" \/>\n<meta property=\"og:image\" content=\"https:\/\/www.sempertea.eu\/wp-content\/uploads\/2021\/08\/caja-de-madera-de-tes-e-infusiones-organicas-regalo-exclusivo-semper-tea.jpg\" \/>\n<meta name=\"twitter:card\" content=\"summary_large_image\" \/>\n<meta name=\"twitter:label1\" content=\"Dur\u00e9e de lecture estim\u00e9e\" \/>\n\t<meta name=\"twitter:data1\" content=\"1 minute\" \/>\n<script type=\"application\/ld+json\" class=\"yoast-schema-graph\">{\"@context\":\"https:\\\/\\\/schema.org\",\"@graph\":[{\"@type\":\"WebPage\",\"@id\":\"https:\\\/\\\/www.sempertea.eu\\\/fr\\\/boite-a-the-64-sachets-de-the\\\/\",\"url\":\"https:\\\/\\\/www.sempertea.eu\\\/fr\\\/boite-a-the-64-sachets-de-the\\\/\",\"name\":\"Bo\u00eete \u00e0 th\u00e9 en bois Sachets de th\u00e9 | Parfaite pour les cadeaux et le stockage\",\"isPartOf\":{\"@id\":\"https:\\\/\\\/www.sempertea.eu\\\/#website\"},\"primaryImageOfPage\":{\"@id\":\"https:\\\/\\\/www.sempertea.eu\\\/fr\\\/boite-a-the-64-sachets-de-the\\\/#primaryimage\"},\"image\":{\"@id\":\"https:\\\/\\\/www.sempertea.eu\\\/fr\\\/boite-a-the-64-sachets-de-the\\\/#primaryimage\"},\"thumbnailUrl\":\"https:\\\/\\\/www.sempertea.eu\\\/wp-content\\\/uploads\\\/2021\\\/08\\\/caja-para-guardar-infusiones-en-sobres-semper-tea-2.jpg\",\"datePublished\":\"2024-10-23T09:48:40+00:00\",\"description\":\"Bo\u00eete \u00e0 th\u00e9 en bois avec sachets de th\u00e9. Id\u00e9al pour les cadeaux et la conservation du th\u00e9. 64 sachets individuels pour une fra\u00eecheur maximale. Pour la maison, le bureau, la cuisine.\",\"breadcrumb\":{\"@id\":\"https:\\\/\\\/www.sempertea.eu\\\/fr\\\/boite-a-the-64-sachets-de-the\\\/#breadcrumb\"},\"inLanguage\":\"fr-FR\",\"potentialAction\":[{\"@type\":\"ReadAction\",\"target\":[\"https:\\\/\\\/www.sempertea.eu\\\/fr\\\/boite-a-the-64-sachets-de-the\\\/\"]}]},{\"@type\":\"ImageObject\",\"inLanguage\":\"fr-FR\",\"@id\":\"https:\\\/\\\/www.sempertea.eu\\\/fr\\\/boite-a-the-64-sachets-de-the\\\/#primaryimage\",\"url\":\"https:\\\/\\\/www.sempertea.eu\\\/wp-content\\\/uploads\\\/2021\\\/08\\\/caja-para-guardar-infusiones-en-sobres-semper-tea-2.jpg\",\"contentUrl\":\"https:\\\/\\\/www.sempertea.eu\\\/wp-content\\\/uploads\\\/2021\\\/08\\\/caja-para-guardar-infusiones-en-sobres-semper-tea-2.jpg\",\"width\":768,\"height\":768,\"caption\":\"caja para guardar infusiones en-sobres semper tea\"},{\"@type\":\"BreadcrumbList\",\"@id\":\"https:\\\/\\\/www.sempertea.eu\\\/fr\\\/boite-a-the-64-sachets-de-the\\\/#breadcrumb\",\"itemListElement\":[{\"@type\":\"ListItem\",\"position\":1,\"name\":\"Portada\",\"item\":\"https:\\\/\\\/www.sempertea.eu\\\/\"},{\"@type\":\"ListItem\",\"position\":2,\"name\":\"Tienda\",\"item\":\"https:\\\/\\\/www.sempertea.eu\\\/tienda\\\/\"},{\"@type\":\"ListItem\",\"position\":3,\"name\":\"Bo\u00eete \u00e0 th\u00e9 | 64 sachets de th\u00e9\"}]},{\"@type\":\"WebSite\",\"@id\":\"https:\\\/\\\/www.sempertea.eu\\\/#website\",\"url\":\"https:\\\/\\\/www.sempertea.eu\\\/\",\"name\":\"Semper Tea | Mayorista y fabricante de T\u00e9s e Infusiones para hoteles, restaurantes y bares\",\"description\":\"T\u00e9s e infusiones para hosteler\u00eda, hoteler\u00eda y comercio\",\"potentialAction\":[{\"@type\":\"SearchAction\",\"target\":{\"@type\":\"EntryPoint\",\"urlTemplate\":\"https:\\\/\\\/www.sempertea.eu\\\/?s={search_term_string}\"},\"query-input\":{\"@type\":\"PropertyValueSpecification\",\"valueRequired\":true,\"valueName\":\"search_term_string\"}}],\"inLanguage\":\"fr-FR\"}]}<\/script>\n<!-- \/ Yoast SEO Premium plugin. -->","yoast_head_json":{"title":"Bo\u00eete \u00e0 th\u00e9 en bois Sachets de th\u00e9 | Parfaite pour les cadeaux et le stockage","description":"Bo\u00eete \u00e0 th\u00e9 en bois avec sachets de th\u00e9. Id\u00e9al pour les cadeaux et la conservation du th\u00e9. 64 sachets individuels pour une fra\u00eecheur maximale. Pour la maison, le bureau, la cuisine.","robots":{"index":"index","follow":"follow","max-snippet":"max-snippet:-1","max-image-preview":"max-image-preview:large","max-video-preview":"max-video-preview:-1"},"canonical":"https:\/\/www.sempertea.eu\/fr\/boite-a-the-64-sachets-de-the\/","og_locale":"fr_FR","og_type":"article","og_title":"Bo\u00eete \u00e0 th\u00e9 | 64 sachets de th\u00e9","og_description":"Bo\u00eete \u00e0 th\u00e9 en bois avec sachets de th\u00e9. Id\u00e9al pour les cadeaux et la conservation du th\u00e9. 64 sachets individuels pour une fra\u00eecheur maximale. Pour la maison, le bureau, la cuisine.","og_url":"https:\/\/www.sempertea.eu\/fr\/boite-a-the-64-sachets-de-the\/","og_site_name":"Semper Tea | Mayorista y fabricante de T\u00e9s e Infusiones para hoteles, restaurantes y bares","og_image":[{"url":"https:\/\/www.sempertea.eu\/wp-content\/uploads\/2021\/08\/caja-de-madera-de-tes-e-infusiones-organicas-regalo-exclusivo-semper-tea.jpg","type":"","width":"","height":""}],"twitter_card":"summary_large_image","twitter_misc":{"Dur\u00e9e de lecture estim\u00e9e":"1 minute"},"schema":{"@context":"https:\/\/schema.org","@graph":[{"@type":"WebPage","@id":"https:\/\/www.sempertea.eu\/fr\/boite-a-the-64-sachets-de-the\/","url":"https:\/\/www.sempertea.eu\/fr\/boite-a-the-64-sachets-de-the\/","name":"Bo\u00eete \u00e0 th\u00e9 en bois Sachets de th\u00e9 | Parfaite pour les cadeaux et le stockage","isPartOf":{"@id":"https:\/\/www.sempertea.eu\/#website"},"primaryImageOfPage":{"@id":"https:\/\/www.sempertea.eu\/fr\/boite-a-the-64-sachets-de-the\/#primaryimage"},"image":{"@id":"https:\/\/www.sempertea.eu\/fr\/boite-a-the-64-sachets-de-the\/#primaryimage"},"thumbnailUrl":"https:\/\/www.sempertea.eu\/wp-content\/uploads\/2021\/08\/caja-para-guardar-infusiones-en-sobres-semper-tea-2.jpg","datePublished":"2024-10-23T09:48:40+00:00","description":"Bo\u00eete \u00e0 th\u00e9 en bois avec sachets de th\u00e9. Id\u00e9al pour les cadeaux et la conservation du th\u00e9. 64 sachets individuels pour une fra\u00eecheur maximale. Pour la maison, le bureau, la cuisine.","breadcrumb":{"@id":"https:\/\/www.sempertea.eu\/fr\/boite-a-the-64-sachets-de-the\/#breadcrumb"},"inLanguage":"fr-FR","potentialAction":[{"@type":"ReadAction","target":["https:\/\/www.sempertea.eu\/fr\/boite-a-the-64-sachets-de-the\/"]}]},{"@type":"ImageObject","inLanguage":"fr-FR","@id":"https:\/\/www.sempertea.eu\/fr\/boite-a-the-64-sachets-de-the\/#primaryimage","url":"https:\/\/www.sempertea.eu\/wp-content\/uploads\/2021\/08\/caja-para-guardar-infusiones-en-sobres-semper-tea-2.jpg","contentUrl":"https:\/\/www.sempertea.eu\/wp-content\/uploads\/2021\/08\/caja-para-guardar-infusiones-en-sobres-semper-tea-2.jpg","width":768,"height":768,"caption":"caja para guardar infusiones en-sobres semper tea"},{"@type":"BreadcrumbList","@id":"https:\/\/www.sempertea.eu\/fr\/boite-a-the-64-sachets-de-the\/#breadcrumb","itemListElement":[{"@type":"ListItem","position":1,"name":"Portada","item":"https:\/\/www.sempertea.eu\/"},{"@type":"ListItem","position":2,"name":"Tienda","item":"https:\/\/www.sempertea.eu\/tienda\/"},{"@type":"ListItem","position":3,"name":"Bo\u00eete \u00e0 th\u00e9 | 64 sachets de th\u00e9"}]},{"@type":"WebSite","@id":"https:\/\/www.sempertea.eu\/#website","url":"https:\/\/www.sempertea.eu\/","name":"Semper Tea | Mayorista y fabricante de T\u00e9s e Infusiones para hoteles, restaurantes y bares","description":"T\u00e9s e infusiones para hosteler\u00eda, hoteler\u00eda y comercio","potentialAction":[{"@type":"SearchAction","target":{"@type":"EntryPoint","urlTemplate":"https:\/\/www.sempertea.eu\/?s={search_term_string}"},"query-input":{"@type":"PropertyValueSpecification","valueRequired":true,"valueName":"search_term_string"}}],"inLanguage":"fr-FR"}]}},"_links":{"self":[{"href":"https:\/\/www.sempertea.eu\/fr\/wp-json\/wp\/v2\/product\/12191","targetHints":{"allow":["GET"]}}],"collection":[{"href":"https:\/\/www.sempertea.eu\/fr\/wp-json\/wp\/v2\/product"}],"about":[{"href":"https:\/\/www.sempertea.eu\/fr\/wp-json\/wp\/v2\/types\/product"}],"replies":[{"embeddable":true,"href":"https:\/\/www.sempertea.eu\/fr\/wp-json\/wp\/v2\/comments?post=12191"}],"wp:featuredmedia":[{"embeddable":true,"href":"https:\/\/www.sempertea.eu\/fr\/wp-json\/wp\/v2\/media\/12192"}],"wp:attachment":[{"href":"https:\/\/www.sempertea.eu\/fr\/wp-json\/wp\/v2\/media?parent=12191"}],"wp:term":[{"taxonomy":"product_brand","embeddable":true,"href":"https:\/\/www.sempertea.eu\/fr\/wp-json\/wp\/v2\/product_brand?post=12191"},{"taxonomy":"product_cat","embeddable":true,"href":"https:\/\/www.sempertea.eu\/fr\/wp-json\/wp\/v2\/product_cat?post=12191"},{"taxonomy":"product_tag","embeddable":true,"href":"https:\/\/www.sempertea.eu\/fr\/wp-json\/wp\/v2\/product_tag?post=12191"}],"curies":[{"name":"wp","href":"https:\/\/api.w.org\/{rel}","templated":true}]}}