{"id":12177,"date":"2023-08-22T20:36:25","date_gmt":"2024-10-18T12:09:35","guid":{"rendered":"https:\/\/www.sempertea.eu\/rooibos-infusion-bio-i-the-pyramide-en-sachet\/"},"modified":"2024-10-18T13:09:35","modified_gmt":"2024-10-18T12:09:35","slug":"rooibos-infusion-bio-i-the-pyramide-en-sachet","status":"publish","type":"product","link":"https:\/\/www.sempertea.eu\/fr\/rooibos-infusion-bio-i-the-pyramide-en-sachet\/","title":{"rendered":"ROOIBOS infusion bio I Th\u00e9 Pyramide en sachet"},"content":{"rendered":"<h2>Th\u00e9 Rooibos : Nature, nutrition et engagement \u00e9cologique<\/h2>\n<p>Notre rooibos provient des feuilles et des tiges d\u00e9licates d&rsquo;un arbuste originaire d&rsquo;Afrique du Sud. Sa saveur douce et d\u00e9licate, avec un soup\u00e7on de douceur naturelle et une subtile note de noisette, le rend incomparable. Savourez ce th\u00e9 merveilleusement terreux, sans caf\u00e9ine ni th\u00e9ine, id\u00e9al \u00e0 tout moment de la journ\u00e9e.  <\/p>\n<h3>Rooibos : une exp\u00e9rience unique du th\u00e9<\/h3>\n<p>Mais ce n&rsquo;est pas tout. Le <a href=\"https:\/\/www.sempertea.eu\/rooibos-te-comprar-beneficios\/\">th\u00e9 rooibos<\/a> est une v\u00e9ritable source d&rsquo;antioxydants et offre des niveaux \u00e9lev\u00e9s de vitamine C, de fer, de potassium, de calcium, de cuivre, de zinc et d&rsquo;autres min\u00e9raux essentiels. Un choix qui non seulement ravit vos papilles, mais qui est \u00e9galement b\u00e9n\u00e9fique pour votre bien-\u00eatre.  <\/p>\n<h4><strong>Le th\u00e9 d\u00e9licat d&rsquo;Afrique du Sud, sans caf\u00e9ine ni plastique<\/strong><\/h4>\n<p>Chez Semper Tea, nous sommes soucieux de l&rsquo;environnement. Nous savons que les d\u00e9chets plastiques repr\u00e9sentent un d\u00e9fi pour notre \u00e9cosyst\u00e8me. C&rsquo;est pourquoi nous sommes fiers de pr\u00e9senter notre ligne de <a href=\"https:\/\/www.sempertea.eu\/infusiones-libres-de-plastico\/\">th\u00e9 AMBAR<\/a>, pour laquelle nous nous engageons \u00e0 minimiser l&rsquo;utilisation de mat\u00e9riaux plastiques dans nos emballages.<br \/>\n<br \/>Gr\u00e2ce \u00e0 des technologies innovantes et \u00e0 des composants durables, nous prenons des mesures concr\u00e8tes pour all\u00e9ger notre empreinte \u00e9cologique. Ce choix de th\u00e9 est savoureux et respectueux de la plan\u00e8te.   <\/p>\n","protected":false},"excerpt":{"rendered":"<p><strong>Doux et l\u00e9g\u00e8rement sucr\u00e9<br \/>\n<\/strong><br \/>\nUne infusion pure et cors\u00e9e, qui rappelle l&rsquo;ar\u00f4me et la magie de l&rsquo;Afrique du Sud. Une saveur naturelle et agr\u00e9able de terre avec un soup\u00e7on de douceur et une couleur brun-rouge profond. Une boisson douce et relaxante, \u00e0 d\u00e9guster \u00e0 tout moment de la journ\u00e9e car elle ne contient pas de th\u00e9ine.  <\/p>\n","protected":false},"featured_media":12178,"comment_status":"open","ping_status":"closed","template":"","meta":[],"product_brand":[],"product_cat":[268,309,300,298,288,299,283,310,311,312],"product_tag":[],"class_list":{"0":"post-12177","1":"product","2":"type-product","3":"status-publish","4":"has-post-thumbnail","6":"product_cat-infusions-sans-plastique","7":"product_cat-collections","8":"product_cat-emballages-sans-plastique","9":"product_cat-les-varietes-de-the","10":"product_cat-the-rooibos-bio-infusion-sans-theine","11":"product_cat-the-en-pyramide-biodegradable","12":"product_cat-thes-et-infusions-biologiques-de-qualite","13":"product_cat-tous","14":"product_cat-tous-fr","15":"product_cat-tous-fr-2","17":"first","18":"instock","19":"shipping-taxable","20":"purchasable","21":"product-type-simple"},"yoast_head":"<!-- This site is optimized with the Yoast SEO Premium plugin v27.3 (Yoast SEO v27.4) - https:\/\/yoast.com\/product\/yoast-seo-premium-wordpress\/ -->\n<title>Th\u00e9 Rooibos : sant\u00e9, saveur et durabilit\u00e9 | SANS PLASTIQUE<\/title>\n<meta name=\"description\" content=\"Les merveilleux bienfaits du th\u00e9 ROOIBOS : profitez de la sant\u00e9 et du go\u00fbt dans une exp\u00e9rience sans plastique. En pyramide et biologique.\" \/>\n<meta name=\"robots\" content=\"index, follow, max-snippet:-1, max-image-preview:large, max-video-preview:-1\" \/>\n<link rel=\"canonical\" href=\"https:\/\/www.sempertea.eu\/fr\/rooibos-infusion-bio-i-the-pyramide-en-sachet\/\" \/>\n<meta property=\"og:locale\" content=\"fr_FR\" \/>\n<meta property=\"og:type\" content=\"article\" \/>\n<meta property=\"og:title\" content=\"ROOIBOS infusion bio I Th\u00e9 Pyramide en sachet\" \/>\n<meta property=\"og:description\" content=\"Les merveilleux bienfaits du th\u00e9 ROOIBOS : profitez de la sant\u00e9 et du go\u00fbt dans une exp\u00e9rience sans plastique. En pyramide et biologique.\" \/>\n<meta property=\"og:url\" content=\"https:\/\/www.sempertea.eu\/fr\/rooibos-infusion-bio-i-the-pyramide-en-sachet\/\" \/>\n<meta property=\"og:site_name\" content=\"Semper Tea | Mayorista y fabricante de T\u00e9s e Infusiones para hoteles, restaurantes y bares\" \/>\n<meta property=\"og:image\" content=\"https:\/\/www.sempertea.eu\/wp-content\/uploads\/2023\/08\/te-de-rooibos-envase-libre-sin-plastico-semper-tea-.jpg\" \/>\n\t<meta property=\"og:image:width\" content=\"1500\" \/>\n\t<meta property=\"og:image:height\" content=\"1500\" \/>\n\t<meta property=\"og:image:type\" content=\"image\/jpeg\" \/>\n<meta name=\"twitter:card\" content=\"summary_large_image\" \/>\n<meta name=\"twitter:label1\" content=\"Dur\u00e9e de lecture estim\u00e9e\" \/>\n\t<meta name=\"twitter:data1\" content=\"1 minute\" \/>\n<script type=\"application\/ld+json\" class=\"yoast-schema-graph\">{\"@context\":\"https:\\\/\\\/schema.org\",\"@graph\":[{\"@type\":\"WebPage\",\"@id\":\"https:\\\/\\\/www.sempertea.eu\\\/fr\\\/rooibos-infusion-bio-i-the-pyramide-en-sachet\\\/\",\"url\":\"https:\\\/\\\/www.sempertea.eu\\\/fr\\\/rooibos-infusion-bio-i-the-pyramide-en-sachet\\\/\",\"name\":\"Th\u00e9 Rooibos : sant\u00e9, saveur et durabilit\u00e9 | SANS PLASTIQUE\",\"isPartOf\":{\"@id\":\"https:\\\/\\\/www.sempertea.eu\\\/#website\"},\"primaryImageOfPage\":{\"@id\":\"https:\\\/\\\/www.sempertea.eu\\\/fr\\\/rooibos-infusion-bio-i-the-pyramide-en-sachet\\\/#primaryimage\"},\"image\":{\"@id\":\"https:\\\/\\\/www.sempertea.eu\\\/fr\\\/rooibos-infusion-bio-i-the-pyramide-en-sachet\\\/#primaryimage\"},\"thumbnailUrl\":\"https:\\\/\\\/www.sempertea.eu\\\/wp-content\\\/uploads\\\/2023\\\/08\\\/te-de-rooibos-envase-libre-sin-plastico-semper-tea-.jpg\",\"datePublished\":\"2024-10-18T12:09:35+00:00\",\"description\":\"Les merveilleux bienfaits du th\u00e9 ROOIBOS : profitez de la sant\u00e9 et du go\u00fbt dans une exp\u00e9rience sans plastique. En pyramide et biologique.\",\"breadcrumb\":{\"@id\":\"https:\\\/\\\/www.sempertea.eu\\\/fr\\\/rooibos-infusion-bio-i-the-pyramide-en-sachet\\\/#breadcrumb\"},\"inLanguage\":\"fr-FR\",\"potentialAction\":[{\"@type\":\"ReadAction\",\"target\":[\"https:\\\/\\\/www.sempertea.eu\\\/fr\\\/rooibos-infusion-bio-i-the-pyramide-en-sachet\\\/\"]}]},{\"@type\":\"ImageObject\",\"inLanguage\":\"fr-FR\",\"@id\":\"https:\\\/\\\/www.sempertea.eu\\\/fr\\\/rooibos-infusion-bio-i-the-pyramide-en-sachet\\\/#primaryimage\",\"url\":\"https:\\\/\\\/www.sempertea.eu\\\/wp-content\\\/uploads\\\/2023\\\/08\\\/te-de-rooibos-envase-libre-sin-plastico-semper-tea-.jpg\",\"contentUrl\":\"https:\\\/\\\/www.sempertea.eu\\\/wp-content\\\/uploads\\\/2023\\\/08\\\/te-de-rooibos-envase-libre-sin-plastico-semper-tea-.jpg\",\"width\":1500,\"height\":1500,\"caption\":\"T\u00e9 de Rooibos Libre de Pl\u00e1stico semper tea\"},{\"@type\":\"BreadcrumbList\",\"@id\":\"https:\\\/\\\/www.sempertea.eu\\\/fr\\\/rooibos-infusion-bio-i-the-pyramide-en-sachet\\\/#breadcrumb\",\"itemListElement\":[{\"@type\":\"ListItem\",\"position\":1,\"name\":\"Portada\",\"item\":\"https:\\\/\\\/www.sempertea.eu\\\/\"},{\"@type\":\"ListItem\",\"position\":2,\"name\":\"Tienda\",\"item\":\"https:\\\/\\\/www.sempertea.eu\\\/tienda\\\/\"},{\"@type\":\"ListItem\",\"position\":3,\"name\":\"ROOIBOS infusion bio I Th\u00e9 Pyramide en sachet\"}]},{\"@type\":\"WebSite\",\"@id\":\"https:\\\/\\\/www.sempertea.eu\\\/#website\",\"url\":\"https:\\\/\\\/www.sempertea.eu\\\/\",\"name\":\"Semper Tea | Mayorista y fabricante de T\u00e9s e Infusiones para hoteles, restaurantes y bares\",\"description\":\"T\u00e9s e infusiones para hosteler\u00eda, hoteler\u00eda y comercio\",\"potentialAction\":[{\"@type\":\"SearchAction\",\"target\":{\"@type\":\"EntryPoint\",\"urlTemplate\":\"https:\\\/\\\/www.sempertea.eu\\\/?s={search_term_string}\"},\"query-input\":{\"@type\":\"PropertyValueSpecification\",\"valueRequired\":true,\"valueName\":\"search_term_string\"}}],\"inLanguage\":\"fr-FR\"}]}<\/script>\n<!-- \/ Yoast SEO Premium plugin. -->","yoast_head_json":{"title":"Th\u00e9 Rooibos : sant\u00e9, saveur et durabilit\u00e9 | SANS PLASTIQUE","description":"Les merveilleux bienfaits du th\u00e9 ROOIBOS : profitez de la sant\u00e9 et du go\u00fbt dans une exp\u00e9rience sans plastique. En pyramide et biologique.","robots":{"index":"index","follow":"follow","max-snippet":"max-snippet:-1","max-image-preview":"max-image-preview:large","max-video-preview":"max-video-preview:-1"},"canonical":"https:\/\/www.sempertea.eu\/fr\/rooibos-infusion-bio-i-the-pyramide-en-sachet\/","og_locale":"fr_FR","og_type":"article","og_title":"ROOIBOS infusion bio I Th\u00e9 Pyramide en sachet","og_description":"Les merveilleux bienfaits du th\u00e9 ROOIBOS : profitez de la sant\u00e9 et du go\u00fbt dans une exp\u00e9rience sans plastique. En pyramide et biologique.","og_url":"https:\/\/www.sempertea.eu\/fr\/rooibos-infusion-bio-i-the-pyramide-en-sachet\/","og_site_name":"Semper Tea | Mayorista y fabricante de T\u00e9s e Infusiones para hoteles, restaurantes y bares","og_image":[{"width":1500,"height":1500,"url":"https:\/\/www.sempertea.eu\/wp-content\/uploads\/2023\/08\/te-de-rooibos-envase-libre-sin-plastico-semper-tea-.jpg","type":"image\/jpeg"}],"twitter_card":"summary_large_image","twitter_misc":{"Dur\u00e9e de lecture estim\u00e9e":"1 minute"},"schema":{"@context":"https:\/\/schema.org","@graph":[{"@type":"WebPage","@id":"https:\/\/www.sempertea.eu\/fr\/rooibos-infusion-bio-i-the-pyramide-en-sachet\/","url":"https:\/\/www.sempertea.eu\/fr\/rooibos-infusion-bio-i-the-pyramide-en-sachet\/","name":"Th\u00e9 Rooibos : sant\u00e9, saveur et durabilit\u00e9 | SANS PLASTIQUE","isPartOf":{"@id":"https:\/\/www.sempertea.eu\/#website"},"primaryImageOfPage":{"@id":"https:\/\/www.sempertea.eu\/fr\/rooibos-infusion-bio-i-the-pyramide-en-sachet\/#primaryimage"},"image":{"@id":"https:\/\/www.sempertea.eu\/fr\/rooibos-infusion-bio-i-the-pyramide-en-sachet\/#primaryimage"},"thumbnailUrl":"https:\/\/www.sempertea.eu\/wp-content\/uploads\/2023\/08\/te-de-rooibos-envase-libre-sin-plastico-semper-tea-.jpg","datePublished":"2024-10-18T12:09:35+00:00","description":"Les merveilleux bienfaits du th\u00e9 ROOIBOS : profitez de la sant\u00e9 et du go\u00fbt dans une exp\u00e9rience sans plastique. En pyramide et biologique.","breadcrumb":{"@id":"https:\/\/www.sempertea.eu\/fr\/rooibos-infusion-bio-i-the-pyramide-en-sachet\/#breadcrumb"},"inLanguage":"fr-FR","potentialAction":[{"@type":"ReadAction","target":["https:\/\/www.sempertea.eu\/fr\/rooibos-infusion-bio-i-the-pyramide-en-sachet\/"]}]},{"@type":"ImageObject","inLanguage":"fr-FR","@id":"https:\/\/www.sempertea.eu\/fr\/rooibos-infusion-bio-i-the-pyramide-en-sachet\/#primaryimage","url":"https:\/\/www.sempertea.eu\/wp-content\/uploads\/2023\/08\/te-de-rooibos-envase-libre-sin-plastico-semper-tea-.jpg","contentUrl":"https:\/\/www.sempertea.eu\/wp-content\/uploads\/2023\/08\/te-de-rooibos-envase-libre-sin-plastico-semper-tea-.jpg","width":1500,"height":1500,"caption":"T\u00e9 de Rooibos Libre de Pl\u00e1stico semper tea"},{"@type":"BreadcrumbList","@id":"https:\/\/www.sempertea.eu\/fr\/rooibos-infusion-bio-i-the-pyramide-en-sachet\/#breadcrumb","itemListElement":[{"@type":"ListItem","position":1,"name":"Portada","item":"https:\/\/www.sempertea.eu\/"},{"@type":"ListItem","position":2,"name":"Tienda","item":"https:\/\/www.sempertea.eu\/tienda\/"},{"@type":"ListItem","position":3,"name":"ROOIBOS infusion bio I Th\u00e9 Pyramide en sachet"}]},{"@type":"WebSite","@id":"https:\/\/www.sempertea.eu\/#website","url":"https:\/\/www.sempertea.eu\/","name":"Semper Tea | Mayorista y fabricante de T\u00e9s e Infusiones para hoteles, restaurantes y bares","description":"T\u00e9s e infusiones para hosteler\u00eda, hoteler\u00eda y comercio","potentialAction":[{"@type":"SearchAction","target":{"@type":"EntryPoint","urlTemplate":"https:\/\/www.sempertea.eu\/?s={search_term_string}"},"query-input":{"@type":"PropertyValueSpecification","valueRequired":true,"valueName":"search_term_string"}}],"inLanguage":"fr-FR"}]}},"_links":{"self":[{"href":"https:\/\/www.sempertea.eu\/fr\/wp-json\/wp\/v2\/product\/12177","targetHints":{"allow":["GET"]}}],"collection":[{"href":"https:\/\/www.sempertea.eu\/fr\/wp-json\/wp\/v2\/product"}],"about":[{"href":"https:\/\/www.sempertea.eu\/fr\/wp-json\/wp\/v2\/types\/product"}],"replies":[{"embeddable":true,"href":"https:\/\/www.sempertea.eu\/fr\/wp-json\/wp\/v2\/comments?post=12177"}],"wp:featuredmedia":[{"embeddable":true,"href":"https:\/\/www.sempertea.eu\/fr\/wp-json\/wp\/v2\/media\/12178"}],"wp:attachment":[{"href":"https:\/\/www.sempertea.eu\/fr\/wp-json\/wp\/v2\/media?parent=12177"}],"wp:term":[{"taxonomy":"product_brand","embeddable":true,"href":"https:\/\/www.sempertea.eu\/fr\/wp-json\/wp\/v2\/product_brand?post=12177"},{"taxonomy":"product_cat","embeddable":true,"href":"https:\/\/www.sempertea.eu\/fr\/wp-json\/wp\/v2\/product_cat?post=12177"},{"taxonomy":"product_tag","embeddable":true,"href":"https:\/\/www.sempertea.eu\/fr\/wp-json\/wp\/v2\/product_tag?post=12177"}],"curies":[{"name":"wp","href":"https:\/\/api.w.org\/{rel}","templated":true}]}}