{"id":12167,"date":"2023-09-13T21:40:48","date_gmt":"2024-10-18T12:00:48","guid":{"rendered":"https:\/\/www.sempertea.eu\/infusion-biologique-mint-i-the-pyramide-en-sachet\/"},"modified":"2024-10-18T13:00:48","modified_gmt":"2024-10-18T12:00:48","slug":"infusion-biologique-mint-i-the-pyramide-en-sachet","status":"publish","type":"product","link":"https:\/\/www.sempertea.eu\/fr\/infusion-biologique-mint-i-the-pyramide-en-sachet\/","title":{"rendered":"Infusion biologique MINT I Th\u00e9 Pyramide en sachet"},"content":{"rendered":"<h2>Infusion de menthe fra\u00eeche : votre choix \u00e9cologique pour une alimentation durable<\/h2>\n<p>D\u00e9couvrez notre th\u00e9 \u00e0 la menthe fra\u00eeche, une alternative d\u00e9licieuse et <strong>durable<\/strong> pour une alimentation saine sans plastique. Ce th\u00e9 biologique et \u00e9cologique est une boisson naturelle et rafra\u00eechissante qui respecte l&rsquo;environnement. <\/p>\n<h3>Certification biologique et durabilit\u00e9 alimentaire<\/h3>\n<p>Notre th\u00e9 \u00e0 la menthe est <strong>certifi\u00e9 biologique, <\/strong>ce qui garantit qu&rsquo;il provient d&rsquo;exploitations agricoles et d&rsquo;usines de transformation biologiques, en totale conformit\u00e9 avec la r\u00e9glementation europ\u00e9enne. Cette certification garantit la durabilit\u00e9 de l&rsquo;alimentation, en encourageant des pratiques agricoles responsables qui pr\u00e9servent la sant\u00e9 des sols et des \u00e9cosyst\u00e8mes. <\/p>\n<h4><strong>Emballage \u00e9cologique :<\/strong><\/h4>\n<p>Notre th\u00e9 \u00e0 la menthe est conditionn\u00e9 dans des sachets pyramidaux enti\u00e8rement<strong> biod\u00e9gradables<\/strong>, sans aucune trace de plastique. Vous pouvez ainsi profiter d&rsquo;une infusion saine tout en contribuant \u00e0 la protection de l&rsquo;environnement. Appr\u00e9ciez la fra\u00eecheur et le go\u00fbt uniques de notre th\u00e9 \u00e0 la menthe frais tout en soutenant l&rsquo;alimentation durable et la protection de la plan\u00e8te. <\/p>\n","protected":false},"excerpt":{"rendered":"<p><strong>Rafra\u00eechissant et pur sans caf\u00e9ine<\/strong><\/p>\n<p>Notre infusion de menthe biologique au go\u00fbt d\u00e9licat et sucr\u00e9 est tr\u00e8s appr\u00e9ci\u00e9e. L&rsquo;ar\u00f4me pur et rafra\u00eechissant garantit une sensation de fra\u00eecheur durable, n\u00e9cessaire pour les chaudes journ\u00e9es d&rsquo;\u00e9t\u00e9 ou les froides journ\u00e9es d&rsquo;hiver. <\/p>\n","protected":false},"featured_media":12168,"comment_status":"open","ping_status":"closed","template":"","meta":[],"product_brand":[],"product_cat":[268,309,300,298,289,299,283,310,311,312,316],"product_tag":[],"class_list":{"0":"post-12167","1":"product","2":"type-product","3":"status-publish","4":"has-post-thumbnail","6":"product_cat-infusions-sans-plastique","7":"product_cat-collections","8":"product_cat-emballages-sans-plastique","9":"product_cat-les-varietes-de-the","10":"product_cat-the-aux-herbes-bio-au-acheter","11":"product_cat-the-en-pyramide-biodegradable","12":"product_cat-thes-et-infusions-biologiques-de-qualite","13":"product_cat-tous","14":"product_cat-tous-fr","15":"product_cat-tous-fr-2","16":"product_cat-uncategorized-fr","18":"first","19":"instock","20":"shipping-taxable","21":"purchasable","22":"product-type-simple"},"yoast_head":"<!-- This site is optimized with the Yoast SEO Premium plugin v27.3 (Yoast SEO v27.4) - https:\/\/yoast.com\/product\/yoast-seo-premium-wordpress\/ -->\n<title>TH\u00c9 \u00c0 LA MENTHE FRESH &amp; ECO: Alimentation durable SANS PLASTIQUES<\/title>\n<meta name=\"description\" content=\"Th\u00e9 \u00e0 la menthe frais et biologique : une option d\u00e9licieuse pour une alimentation durable et sans plastique. Contribue \u00e0 la protection de l&#039;environnement.\" \/>\n<meta name=\"robots\" content=\"index, follow, max-snippet:-1, max-image-preview:large, max-video-preview:-1\" \/>\n<link rel=\"canonical\" href=\"https:\/\/www.sempertea.eu\/fr\/infusion-biologique-mint-i-the-pyramide-en-sachet\/\" \/>\n<meta property=\"og:locale\" content=\"fr_FR\" \/>\n<meta property=\"og:type\" content=\"article\" \/>\n<meta property=\"og:title\" content=\"Infusion biologique MINT I Th\u00e9 Pyramide en sachet\" \/>\n<meta property=\"og:description\" content=\"Th\u00e9 \u00e0 la menthe frais et biologique : une option d\u00e9licieuse pour une alimentation durable et sans plastique. Contribue \u00e0 la protection de l&#039;environnement.\" \/>\n<meta property=\"og:url\" content=\"https:\/\/www.sempertea.eu\/fr\/infusion-biologique-mint-i-the-pyramide-en-sachet\/\" \/>\n<meta property=\"og:site_name\" content=\"Semper Tea | Mayorista y fabricante de T\u00e9s e Infusiones para hoteles, restaurantes y bares\" \/>\n<meta property=\"og:image\" content=\"https:\/\/www.sempertea.eu\/wp-content\/uploads\/2023\/09\/te-de-menta-fresca-alimentacion-sostenible-semper-tea.jpg\" \/>\n\t<meta property=\"og:image:width\" content=\"1500\" \/>\n\t<meta property=\"og:image:height\" content=\"1500\" \/>\n\t<meta property=\"og:image:type\" content=\"image\/jpeg\" \/>\n<meta name=\"twitter:card\" content=\"summary_large_image\" \/>\n<meta name=\"twitter:label1\" content=\"Dur\u00e9e de lecture estim\u00e9e\" \/>\n\t<meta name=\"twitter:data1\" content=\"1 minute\" \/>\n<script type=\"application\/ld+json\" class=\"yoast-schema-graph\">{\"@context\":\"https:\\\/\\\/schema.org\",\"@graph\":[{\"@type\":\"WebPage\",\"@id\":\"https:\\\/\\\/www.sempertea.eu\\\/fr\\\/infusion-biologique-mint-i-the-pyramide-en-sachet\\\/\",\"url\":\"https:\\\/\\\/www.sempertea.eu\\\/fr\\\/infusion-biologique-mint-i-the-pyramide-en-sachet\\\/\",\"name\":\"TH\u00c9 \u00c0 LA MENTHE FRESH & ECO: Alimentation durable SANS PLASTIQUES\",\"isPartOf\":{\"@id\":\"https:\\\/\\\/www.sempertea.eu\\\/#website\"},\"primaryImageOfPage\":{\"@id\":\"https:\\\/\\\/www.sempertea.eu\\\/fr\\\/infusion-biologique-mint-i-the-pyramide-en-sachet\\\/#primaryimage\"},\"image\":{\"@id\":\"https:\\\/\\\/www.sempertea.eu\\\/fr\\\/infusion-biologique-mint-i-the-pyramide-en-sachet\\\/#primaryimage\"},\"thumbnailUrl\":\"https:\\\/\\\/www.sempertea.eu\\\/wp-content\\\/uploads\\\/2023\\\/09\\\/te-de-menta-fresca-alimentacion-sostenible-semper-tea.jpg\",\"datePublished\":\"2024-10-18T12:00:48+00:00\",\"description\":\"Th\u00e9 \u00e0 la menthe frais et biologique : une option d\u00e9licieuse pour une alimentation durable et sans plastique. Contribue \u00e0 la protection de l'environnement.\",\"breadcrumb\":{\"@id\":\"https:\\\/\\\/www.sempertea.eu\\\/fr\\\/infusion-biologique-mint-i-the-pyramide-en-sachet\\\/#breadcrumb\"},\"inLanguage\":\"fr-FR\",\"potentialAction\":[{\"@type\":\"ReadAction\",\"target\":[\"https:\\\/\\\/www.sempertea.eu\\\/fr\\\/infusion-biologique-mint-i-the-pyramide-en-sachet\\\/\"]}]},{\"@type\":\"ImageObject\",\"inLanguage\":\"fr-FR\",\"@id\":\"https:\\\/\\\/www.sempertea.eu\\\/fr\\\/infusion-biologique-mint-i-the-pyramide-en-sachet\\\/#primaryimage\",\"url\":\"https:\\\/\\\/www.sempertea.eu\\\/wp-content\\\/uploads\\\/2023\\\/09\\\/te-de-menta-fresca-alimentacion-sostenible-semper-tea.jpg\",\"contentUrl\":\"https:\\\/\\\/www.sempertea.eu\\\/wp-content\\\/uploads\\\/2023\\\/09\\\/te-de-menta-fresca-alimentacion-sostenible-semper-tea.jpg\",\"width\":1500,\"height\":1500,\"caption\":\"te de menta fresca alimentacion sostenible semper tea\"},{\"@type\":\"BreadcrumbList\",\"@id\":\"https:\\\/\\\/www.sempertea.eu\\\/fr\\\/infusion-biologique-mint-i-the-pyramide-en-sachet\\\/#breadcrumb\",\"itemListElement\":[{\"@type\":\"ListItem\",\"position\":1,\"name\":\"Portada\",\"item\":\"https:\\\/\\\/www.sempertea.eu\\\/\"},{\"@type\":\"ListItem\",\"position\":2,\"name\":\"Tienda\",\"item\":\"https:\\\/\\\/www.sempertea.eu\\\/tienda\\\/\"},{\"@type\":\"ListItem\",\"position\":3,\"name\":\"Infusion biologique MINT I Th\u00e9 Pyramide en sachet\"}]},{\"@type\":\"WebSite\",\"@id\":\"https:\\\/\\\/www.sempertea.eu\\\/#website\",\"url\":\"https:\\\/\\\/www.sempertea.eu\\\/\",\"name\":\"Semper Tea | Mayorista y fabricante de T\u00e9s e Infusiones para hoteles, restaurantes y bares\",\"description\":\"T\u00e9s e infusiones para hosteler\u00eda, hoteler\u00eda y comercio\",\"potentialAction\":[{\"@type\":\"SearchAction\",\"target\":{\"@type\":\"EntryPoint\",\"urlTemplate\":\"https:\\\/\\\/www.sempertea.eu\\\/?s={search_term_string}\"},\"query-input\":{\"@type\":\"PropertyValueSpecification\",\"valueRequired\":true,\"valueName\":\"search_term_string\"}}],\"inLanguage\":\"fr-FR\"}]}<\/script>\n<!-- \/ Yoast SEO Premium plugin. -->","yoast_head_json":{"title":"TH\u00c9 \u00c0 LA MENTHE FRESH & ECO: Alimentation durable SANS PLASTIQUES","description":"Th\u00e9 \u00e0 la menthe frais et biologique : une option d\u00e9licieuse pour une alimentation durable et sans plastique. Contribue \u00e0 la protection de l'environnement.","robots":{"index":"index","follow":"follow","max-snippet":"max-snippet:-1","max-image-preview":"max-image-preview:large","max-video-preview":"max-video-preview:-1"},"canonical":"https:\/\/www.sempertea.eu\/fr\/infusion-biologique-mint-i-the-pyramide-en-sachet\/","og_locale":"fr_FR","og_type":"article","og_title":"Infusion biologique MINT I Th\u00e9 Pyramide en sachet","og_description":"Th\u00e9 \u00e0 la menthe frais et biologique : une option d\u00e9licieuse pour une alimentation durable et sans plastique. Contribue \u00e0 la protection de l'environnement.","og_url":"https:\/\/www.sempertea.eu\/fr\/infusion-biologique-mint-i-the-pyramide-en-sachet\/","og_site_name":"Semper Tea | Mayorista y fabricante de T\u00e9s e Infusiones para hoteles, restaurantes y bares","og_image":[{"width":1500,"height":1500,"url":"https:\/\/www.sempertea.eu\/wp-content\/uploads\/2023\/09\/te-de-menta-fresca-alimentacion-sostenible-semper-tea.jpg","type":"image\/jpeg"}],"twitter_card":"summary_large_image","twitter_misc":{"Dur\u00e9e de lecture estim\u00e9e":"1 minute"},"schema":{"@context":"https:\/\/schema.org","@graph":[{"@type":"WebPage","@id":"https:\/\/www.sempertea.eu\/fr\/infusion-biologique-mint-i-the-pyramide-en-sachet\/","url":"https:\/\/www.sempertea.eu\/fr\/infusion-biologique-mint-i-the-pyramide-en-sachet\/","name":"TH\u00c9 \u00c0 LA MENTHE FRESH & ECO: Alimentation durable SANS PLASTIQUES","isPartOf":{"@id":"https:\/\/www.sempertea.eu\/#website"},"primaryImageOfPage":{"@id":"https:\/\/www.sempertea.eu\/fr\/infusion-biologique-mint-i-the-pyramide-en-sachet\/#primaryimage"},"image":{"@id":"https:\/\/www.sempertea.eu\/fr\/infusion-biologique-mint-i-the-pyramide-en-sachet\/#primaryimage"},"thumbnailUrl":"https:\/\/www.sempertea.eu\/wp-content\/uploads\/2023\/09\/te-de-menta-fresca-alimentacion-sostenible-semper-tea.jpg","datePublished":"2024-10-18T12:00:48+00:00","description":"Th\u00e9 \u00e0 la menthe frais et biologique : une option d\u00e9licieuse pour une alimentation durable et sans plastique. Contribue \u00e0 la protection de l'environnement.","breadcrumb":{"@id":"https:\/\/www.sempertea.eu\/fr\/infusion-biologique-mint-i-the-pyramide-en-sachet\/#breadcrumb"},"inLanguage":"fr-FR","potentialAction":[{"@type":"ReadAction","target":["https:\/\/www.sempertea.eu\/fr\/infusion-biologique-mint-i-the-pyramide-en-sachet\/"]}]},{"@type":"ImageObject","inLanguage":"fr-FR","@id":"https:\/\/www.sempertea.eu\/fr\/infusion-biologique-mint-i-the-pyramide-en-sachet\/#primaryimage","url":"https:\/\/www.sempertea.eu\/wp-content\/uploads\/2023\/09\/te-de-menta-fresca-alimentacion-sostenible-semper-tea.jpg","contentUrl":"https:\/\/www.sempertea.eu\/wp-content\/uploads\/2023\/09\/te-de-menta-fresca-alimentacion-sostenible-semper-tea.jpg","width":1500,"height":1500,"caption":"te de menta fresca alimentacion sostenible semper tea"},{"@type":"BreadcrumbList","@id":"https:\/\/www.sempertea.eu\/fr\/infusion-biologique-mint-i-the-pyramide-en-sachet\/#breadcrumb","itemListElement":[{"@type":"ListItem","position":1,"name":"Portada","item":"https:\/\/www.sempertea.eu\/"},{"@type":"ListItem","position":2,"name":"Tienda","item":"https:\/\/www.sempertea.eu\/tienda\/"},{"@type":"ListItem","position":3,"name":"Infusion biologique MINT I Th\u00e9 Pyramide en sachet"}]},{"@type":"WebSite","@id":"https:\/\/www.sempertea.eu\/#website","url":"https:\/\/www.sempertea.eu\/","name":"Semper Tea | Mayorista y fabricante de T\u00e9s e Infusiones para hoteles, restaurantes y bares","description":"T\u00e9s e infusiones para hosteler\u00eda, hoteler\u00eda y comercio","potentialAction":[{"@type":"SearchAction","target":{"@type":"EntryPoint","urlTemplate":"https:\/\/www.sempertea.eu\/?s={search_term_string}"},"query-input":{"@type":"PropertyValueSpecification","valueRequired":true,"valueName":"search_term_string"}}],"inLanguage":"fr-FR"}]}},"_links":{"self":[{"href":"https:\/\/www.sempertea.eu\/fr\/wp-json\/wp\/v2\/product\/12167","targetHints":{"allow":["GET"]}}],"collection":[{"href":"https:\/\/www.sempertea.eu\/fr\/wp-json\/wp\/v2\/product"}],"about":[{"href":"https:\/\/www.sempertea.eu\/fr\/wp-json\/wp\/v2\/types\/product"}],"replies":[{"embeddable":true,"href":"https:\/\/www.sempertea.eu\/fr\/wp-json\/wp\/v2\/comments?post=12167"}],"wp:featuredmedia":[{"embeddable":true,"href":"https:\/\/www.sempertea.eu\/fr\/wp-json\/wp\/v2\/media\/12168"}],"wp:attachment":[{"href":"https:\/\/www.sempertea.eu\/fr\/wp-json\/wp\/v2\/media?parent=12167"}],"wp:term":[{"taxonomy":"product_brand","embeddable":true,"href":"https:\/\/www.sempertea.eu\/fr\/wp-json\/wp\/v2\/product_brand?post=12167"},{"taxonomy":"product_cat","embeddable":true,"href":"https:\/\/www.sempertea.eu\/fr\/wp-json\/wp\/v2\/product_cat?post=12167"},{"taxonomy":"product_tag","embeddable":true,"href":"https:\/\/www.sempertea.eu\/fr\/wp-json\/wp\/v2\/product_tag?post=12167"}],"curies":[{"name":"wp","href":"https:\/\/api.w.org\/{rel}","templated":true}]}}