{"id":12162,"date":"2023-08-24T20:31:23","date_gmt":"2024-10-18T11:54:23","guid":{"rendered":"https:\/\/www.sempertea.eu\/pu-erh-lemon-vanilla-the-rouge-biologique-i-pyramide-the-en-sachet\/"},"modified":"2024-10-18T12:54:23","modified_gmt":"2024-10-18T11:54:23","slug":"pu-erh-lemon-vanilla-the-rouge-biologique-i-pyramide-the-en-sachet","status":"publish","type":"product","link":"https:\/\/www.sempertea.eu\/fr\/pu-erh-lemon-vanilla-the-rouge-biologique-i-pyramide-the-en-sachet\/","title":{"rendered":"PU-ERH LEMON VANILLA th\u00e9 rouge biologique I Pyramide th\u00e9 en sachet"},"content":{"rendered":"<h2>Th\u00e9 rouge avec un soup\u00e7on d&rsquo;agrumes et une \u00e9l\u00e9gante note de vanille.<\/h2>\n<p>D\u00e9couvrez notre m\u00e9lange exquis de th\u00e9 <strong>Pu-erh aromatis\u00e9<\/strong>, cr\u00e9\u00e9 sp\u00e9cialement pour les amateurs d&rsquo;exp\u00e9riences raffin\u00e9es \u00e0 chaque gorg\u00e9e. Plongez dans la douceur de la vanille, les nuances d&rsquo;agrumes du citron et la richesse profonde du th\u00e9 rouge, le tout dans une combinaison irr\u00e9sistible. Ce m\u00e9lange m\u00e9ticuleux et populaire, soigneusement \u00e9quilibr\u00e9, est devenu l&rsquo;un des pr\u00e9f\u00e9r\u00e9s de nos clients les plus exigeants.  <\/p>\n<h3>Le processus de fermentation du th\u00e9 rouge pu-erh<\/h3>\n<p>Notre <a href=\"https:\/\/www.sempertea.eu\/te-rojo-pu-erh-comprar-online-propiedades\/\">th\u00e9 Pu-erh<\/a> est un t\u00e9moignage unique d&rsquo;une <strong>fermentation authentique<\/strong>. Contrairement au th\u00e9 noir, qui s&rsquo;oxyde simplement, le th\u00e9 Pu-erh subit un v\u00e9ritable processus de fermentation. Des micro-organismes actifs transforment les composants des feuilles de th\u00e9 au cours de leur m\u00e9tabolisme, adoucissant les tanins et les notes am\u00e8res. Il en r\u00e9sulte un th\u00e9 Pu-erh hautement ferment\u00e9, au go\u00fbt doux et l\u00e9g\u00e8rement sucr\u00e9.   <\/p>\n<h4>AMBAR Pu-erh Red Tea : sachets en forme de pyramide et emballage biod\u00e9gradable<\/h4>\n<p>Notre ligne de th\u00e9 Pu-erh rouge AMBAR est pr\u00e9sent\u00e9e dans des <strong>sachets pyramidaux enti\u00e8rement biod\u00e9gradables<\/strong>, sans plastique. Chez Semper Tea, nous nous engageons en faveur de l&rsquo;excellence et de la responsabilit\u00e9 environnementale.<\/p>\n<h4><strong>S&rsquo;engager pour des solutions innovantes<\/strong><\/h4>\n<p>Notre priorit\u00e9 est de r\u00e9duire de mani\u00e8re significative les <strong>produits en plastique \u00e0 usage unique<\/strong>. Nous avons toujours cherch\u00e9 \u00e0 minimiser notre <strong>empreinte \u00e9cologique<\/strong> et continuons \u00e0 explorer en permanence des options d&#8217;emballage plus respectueuses de l&rsquo;environnement et plus durables. Notre objectif est de vous offrir non seulement un th\u00e9 de qualit\u00e9 sup\u00e9rieure, mais aussi un choix respectueux de l&rsquo;environnement.  <\/p>\n","protected":false},"excerpt":{"rendered":"<p><strong>Th\u00e9 rouge avec un soup\u00e7on d&rsquo;agrumes et aromatis\u00e9 \u00e0 la vanille<\/strong><\/p>\n<p>Un m\u00e9lange exquis de th\u00e9 Pu-erh aromatis\u00e9, con\u00e7u pour ceux qui aiment vivre une exp\u00e9rience raffin\u00e9e \u00e0 chaque gorg\u00e9e. Appr\u00e9ciez l&rsquo;onctuosit\u00e9 de la vanille, le zeste d&rsquo;agrumes du citron et la riche profondeur du th\u00e9 rouge dans une combinaison vraiment d\u00e9licieuse. Ce m\u00e9lange soigneusement \u00e9labor\u00e9 et populaire est le pr\u00e9f\u00e9r\u00e9 de nos clients exigeants.  <\/p>\n","protected":false},"featured_media":12163,"comment_status":"open","ping_status":"closed","template":"","meta":[],"product_brand":[],"product_cat":[268,309,300,298,299,285,311,312,310,316],"product_tag":[],"class_list":{"0":"post-12162","1":"product","2":"type-product","3":"status-publish","4":"has-post-thumbnail","6":"product_cat-infusions-sans-plastique","7":"product_cat-collections","8":"product_cat-emballages-sans-plastique","9":"product_cat-les-varietes-de-the","10":"product_cat-the-en-pyramide-biodegradable","11":"product_cat-vente-de-the-pu-er-ecologique","12":"product_cat-tous-fr","13":"product_cat-tous-fr-2","14":"product_cat-tous","15":"product_cat-uncategorized-fr","17":"first","18":"instock","19":"shipping-taxable","20":"purchasable","21":"product-type-simple"},"yoast_head":"<!-- This site is optimized with the Yoast SEO Premium plugin v27.3 (Yoast SEO v27.4) - https:\/\/yoast.com\/product\/yoast-seo-premium-wordpress\/ -->\n<title>Infusion de th\u00e9 rouge \u00e0 la vanille et au citron : Emballage durable sans plastique<\/title>\n<meta name=\"description\" content=\"Th\u00e9 rouge \u00e0 la vanille dans un emballage durable. Avantages pour la sant\u00e9. Des qualit\u00e9s uniques \u00e0 int\u00e9grer dans votre routine quotidienne.\" \/>\n<meta name=\"robots\" content=\"index, follow, max-snippet:-1, max-image-preview:large, max-video-preview:-1\" \/>\n<link rel=\"canonical\" href=\"https:\/\/www.sempertea.eu\/fr\/pu-erh-lemon-vanilla-the-rouge-biologique-i-pyramide-the-en-sachet\/\" \/>\n<meta property=\"og:locale\" content=\"fr_FR\" \/>\n<meta property=\"og:type\" content=\"article\" \/>\n<meta property=\"og:title\" content=\"PU-ERH LEMON VANILLA th\u00e9 rouge biologique I Pyramide th\u00e9 en sachet\" \/>\n<meta property=\"og:description\" content=\"Th\u00e9 rouge \u00e0 la vanille dans un emballage durable. Avantages pour la sant\u00e9. Des qualit\u00e9s uniques \u00e0 int\u00e9grer dans votre routine quotidienne.\" \/>\n<meta property=\"og:url\" content=\"https:\/\/www.sempertea.eu\/fr\/pu-erh-lemon-vanilla-the-rouge-biologique-i-pyramide-the-en-sachet\/\" \/>\n<meta property=\"og:site_name\" content=\"Semper Tea | Mayorista y fabricante de T\u00e9s e Infusiones para hoteles, restaurantes y bares\" \/>\n<meta property=\"og:image\" content=\"https:\/\/www.sempertea.eu\/wp-content\/uploads\/2023\/08\/infusion-te-rojo-con-vainilla-limon-propiedades-pu-erh-semper-tea.jpg\" \/>\n\t<meta property=\"og:image:width\" content=\"1500\" \/>\n\t<meta property=\"og:image:height\" content=\"1500\" \/>\n\t<meta property=\"og:image:type\" content=\"image\/jpeg\" \/>\n<meta name=\"twitter:card\" content=\"summary_large_image\" \/>\n<meta name=\"twitter:image\" content=\"https:\/\/www.sempertea.eu\/wp-content\/uploads\/2023\/08\/beneficios-para-la-salud-te-rojo-pu-erh-vainilla-limon-semper-tea.jpg\" \/>\n<meta name=\"twitter:label1\" content=\"Dur\u00e9e de lecture estim\u00e9e\" \/>\n\t<meta name=\"twitter:data1\" content=\"1 minute\" \/>\n<script type=\"application\/ld+json\" class=\"yoast-schema-graph\">{\"@context\":\"https:\\\/\\\/schema.org\",\"@graph\":[{\"@type\":\"WebPage\",\"@id\":\"https:\\\/\\\/www.sempertea.eu\\\/fr\\\/pu-erh-lemon-vanilla-the-rouge-biologique-i-pyramide-the-en-sachet\\\/\",\"url\":\"https:\\\/\\\/www.sempertea.eu\\\/fr\\\/pu-erh-lemon-vanilla-the-rouge-biologique-i-pyramide-the-en-sachet\\\/\",\"name\":\"Infusion de th\u00e9 rouge \u00e0 la vanille et au citron : Emballage durable sans plastique\",\"isPartOf\":{\"@id\":\"https:\\\/\\\/www.sempertea.eu\\\/#website\"},\"primaryImageOfPage\":{\"@id\":\"https:\\\/\\\/www.sempertea.eu\\\/fr\\\/pu-erh-lemon-vanilla-the-rouge-biologique-i-pyramide-the-en-sachet\\\/#primaryimage\"},\"image\":{\"@id\":\"https:\\\/\\\/www.sempertea.eu\\\/fr\\\/pu-erh-lemon-vanilla-the-rouge-biologique-i-pyramide-the-en-sachet\\\/#primaryimage\"},\"thumbnailUrl\":\"https:\\\/\\\/www.sempertea.eu\\\/wp-content\\\/uploads\\\/2023\\\/08\\\/infusion-te-rojo-con-vainilla-limon-propiedades-pu-erh-semper-tea.jpg\",\"datePublished\":\"2024-10-18T11:54:23+00:00\",\"description\":\"Th\u00e9 rouge \u00e0 la vanille dans un emballage durable. Avantages pour la sant\u00e9. Des qualit\u00e9s uniques \u00e0 int\u00e9grer dans votre routine quotidienne.\",\"breadcrumb\":{\"@id\":\"https:\\\/\\\/www.sempertea.eu\\\/fr\\\/pu-erh-lemon-vanilla-the-rouge-biologique-i-pyramide-the-en-sachet\\\/#breadcrumb\"},\"inLanguage\":\"fr-FR\",\"potentialAction\":[{\"@type\":\"ReadAction\",\"target\":[\"https:\\\/\\\/www.sempertea.eu\\\/fr\\\/pu-erh-lemon-vanilla-the-rouge-biologique-i-pyramide-the-en-sachet\\\/\"]}]},{\"@type\":\"ImageObject\",\"inLanguage\":\"fr-FR\",\"@id\":\"https:\\\/\\\/www.sempertea.eu\\\/fr\\\/pu-erh-lemon-vanilla-the-rouge-biologique-i-pyramide-the-en-sachet\\\/#primaryimage\",\"url\":\"https:\\\/\\\/www.sempertea.eu\\\/wp-content\\\/uploads\\\/2023\\\/08\\\/infusion-te-rojo-con-vainilla-limon-propiedades-pu-erh-semper-tea.jpg\",\"contentUrl\":\"https:\\\/\\\/www.sempertea.eu\\\/wp-content\\\/uploads\\\/2023\\\/08\\\/infusion-te-rojo-con-vainilla-limon-propiedades-pu-erh-semper-tea.jpg\",\"width\":1500,\"height\":1500,\"caption\":\"Infusi\u00f3n de t\u00e9 rojo con vainilla y lim\u00f3n | Propiedades del Pu Erh\"},{\"@type\":\"BreadcrumbList\",\"@id\":\"https:\\\/\\\/www.sempertea.eu\\\/fr\\\/pu-erh-lemon-vanilla-the-rouge-biologique-i-pyramide-the-en-sachet\\\/#breadcrumb\",\"itemListElement\":[{\"@type\":\"ListItem\",\"position\":1,\"name\":\"Portada\",\"item\":\"https:\\\/\\\/www.sempertea.eu\\\/\"},{\"@type\":\"ListItem\",\"position\":2,\"name\":\"Tienda\",\"item\":\"https:\\\/\\\/www.sempertea.eu\\\/tienda\\\/\"},{\"@type\":\"ListItem\",\"position\":3,\"name\":\"PU-ERH LEMON VANILLA th\u00e9 rouge biologique I Pyramide th\u00e9 en sachet\"}]},{\"@type\":\"WebSite\",\"@id\":\"https:\\\/\\\/www.sempertea.eu\\\/#website\",\"url\":\"https:\\\/\\\/www.sempertea.eu\\\/\",\"name\":\"Semper Tea | Mayorista y fabricante de T\u00e9s e Infusiones para hoteles, restaurantes y bares\",\"description\":\"T\u00e9s e infusiones para hosteler\u00eda, hoteler\u00eda y comercio\",\"potentialAction\":[{\"@type\":\"SearchAction\",\"target\":{\"@type\":\"EntryPoint\",\"urlTemplate\":\"https:\\\/\\\/www.sempertea.eu\\\/?s={search_term_string}\"},\"query-input\":{\"@type\":\"PropertyValueSpecification\",\"valueRequired\":true,\"valueName\":\"search_term_string\"}}],\"inLanguage\":\"fr-FR\"}]}<\/script>\n<!-- \/ Yoast SEO Premium plugin. -->","yoast_head_json":{"title":"Infusion de th\u00e9 rouge \u00e0 la vanille et au citron : Emballage durable sans plastique","description":"Th\u00e9 rouge \u00e0 la vanille dans un emballage durable. Avantages pour la sant\u00e9. Des qualit\u00e9s uniques \u00e0 int\u00e9grer dans votre routine quotidienne.","robots":{"index":"index","follow":"follow","max-snippet":"max-snippet:-1","max-image-preview":"max-image-preview:large","max-video-preview":"max-video-preview:-1"},"canonical":"https:\/\/www.sempertea.eu\/fr\/pu-erh-lemon-vanilla-the-rouge-biologique-i-pyramide-the-en-sachet\/","og_locale":"fr_FR","og_type":"article","og_title":"PU-ERH LEMON VANILLA th\u00e9 rouge biologique I Pyramide th\u00e9 en sachet","og_description":"Th\u00e9 rouge \u00e0 la vanille dans un emballage durable. Avantages pour la sant\u00e9. Des qualit\u00e9s uniques \u00e0 int\u00e9grer dans votre routine quotidienne.","og_url":"https:\/\/www.sempertea.eu\/fr\/pu-erh-lemon-vanilla-the-rouge-biologique-i-pyramide-the-en-sachet\/","og_site_name":"Semper Tea | Mayorista y fabricante de T\u00e9s e Infusiones para hoteles, restaurantes y bares","og_image":[{"width":1500,"height":1500,"url":"https:\/\/www.sempertea.eu\/wp-content\/uploads\/2023\/08\/infusion-te-rojo-con-vainilla-limon-propiedades-pu-erh-semper-tea.jpg","type":"image\/jpeg"}],"twitter_card":"summary_large_image","twitter_image":"https:\/\/www.sempertea.eu\/wp-content\/uploads\/2023\/08\/beneficios-para-la-salud-te-rojo-pu-erh-vainilla-limon-semper-tea.jpg","twitter_misc":{"Dur\u00e9e de lecture estim\u00e9e":"1 minute"},"schema":{"@context":"https:\/\/schema.org","@graph":[{"@type":"WebPage","@id":"https:\/\/www.sempertea.eu\/fr\/pu-erh-lemon-vanilla-the-rouge-biologique-i-pyramide-the-en-sachet\/","url":"https:\/\/www.sempertea.eu\/fr\/pu-erh-lemon-vanilla-the-rouge-biologique-i-pyramide-the-en-sachet\/","name":"Infusion de th\u00e9 rouge \u00e0 la vanille et au citron : Emballage durable sans plastique","isPartOf":{"@id":"https:\/\/www.sempertea.eu\/#website"},"primaryImageOfPage":{"@id":"https:\/\/www.sempertea.eu\/fr\/pu-erh-lemon-vanilla-the-rouge-biologique-i-pyramide-the-en-sachet\/#primaryimage"},"image":{"@id":"https:\/\/www.sempertea.eu\/fr\/pu-erh-lemon-vanilla-the-rouge-biologique-i-pyramide-the-en-sachet\/#primaryimage"},"thumbnailUrl":"https:\/\/www.sempertea.eu\/wp-content\/uploads\/2023\/08\/infusion-te-rojo-con-vainilla-limon-propiedades-pu-erh-semper-tea.jpg","datePublished":"2024-10-18T11:54:23+00:00","description":"Th\u00e9 rouge \u00e0 la vanille dans un emballage durable. Avantages pour la sant\u00e9. Des qualit\u00e9s uniques \u00e0 int\u00e9grer dans votre routine quotidienne.","breadcrumb":{"@id":"https:\/\/www.sempertea.eu\/fr\/pu-erh-lemon-vanilla-the-rouge-biologique-i-pyramide-the-en-sachet\/#breadcrumb"},"inLanguage":"fr-FR","potentialAction":[{"@type":"ReadAction","target":["https:\/\/www.sempertea.eu\/fr\/pu-erh-lemon-vanilla-the-rouge-biologique-i-pyramide-the-en-sachet\/"]}]},{"@type":"ImageObject","inLanguage":"fr-FR","@id":"https:\/\/www.sempertea.eu\/fr\/pu-erh-lemon-vanilla-the-rouge-biologique-i-pyramide-the-en-sachet\/#primaryimage","url":"https:\/\/www.sempertea.eu\/wp-content\/uploads\/2023\/08\/infusion-te-rojo-con-vainilla-limon-propiedades-pu-erh-semper-tea.jpg","contentUrl":"https:\/\/www.sempertea.eu\/wp-content\/uploads\/2023\/08\/infusion-te-rojo-con-vainilla-limon-propiedades-pu-erh-semper-tea.jpg","width":1500,"height":1500,"caption":"Infusi\u00f3n de t\u00e9 rojo con vainilla y lim\u00f3n | Propiedades del Pu Erh"},{"@type":"BreadcrumbList","@id":"https:\/\/www.sempertea.eu\/fr\/pu-erh-lemon-vanilla-the-rouge-biologique-i-pyramide-the-en-sachet\/#breadcrumb","itemListElement":[{"@type":"ListItem","position":1,"name":"Portada","item":"https:\/\/www.sempertea.eu\/"},{"@type":"ListItem","position":2,"name":"Tienda","item":"https:\/\/www.sempertea.eu\/tienda\/"},{"@type":"ListItem","position":3,"name":"PU-ERH LEMON VANILLA th\u00e9 rouge biologique I Pyramide th\u00e9 en sachet"}]},{"@type":"WebSite","@id":"https:\/\/www.sempertea.eu\/#website","url":"https:\/\/www.sempertea.eu\/","name":"Semper Tea | Mayorista y fabricante de T\u00e9s e Infusiones para hoteles, restaurantes y bares","description":"T\u00e9s e infusiones para hosteler\u00eda, hoteler\u00eda y comercio","potentialAction":[{"@type":"SearchAction","target":{"@type":"EntryPoint","urlTemplate":"https:\/\/www.sempertea.eu\/?s={search_term_string}"},"query-input":{"@type":"PropertyValueSpecification","valueRequired":true,"valueName":"search_term_string"}}],"inLanguage":"fr-FR"}]}},"_links":{"self":[{"href":"https:\/\/www.sempertea.eu\/fr\/wp-json\/wp\/v2\/product\/12162","targetHints":{"allow":["GET"]}}],"collection":[{"href":"https:\/\/www.sempertea.eu\/fr\/wp-json\/wp\/v2\/product"}],"about":[{"href":"https:\/\/www.sempertea.eu\/fr\/wp-json\/wp\/v2\/types\/product"}],"replies":[{"embeddable":true,"href":"https:\/\/www.sempertea.eu\/fr\/wp-json\/wp\/v2\/comments?post=12162"}],"wp:featuredmedia":[{"embeddable":true,"href":"https:\/\/www.sempertea.eu\/fr\/wp-json\/wp\/v2\/media\/12163"}],"wp:attachment":[{"href":"https:\/\/www.sempertea.eu\/fr\/wp-json\/wp\/v2\/media?parent=12162"}],"wp:term":[{"taxonomy":"product_brand","embeddable":true,"href":"https:\/\/www.sempertea.eu\/fr\/wp-json\/wp\/v2\/product_brand?post=12162"},{"taxonomy":"product_cat","embeddable":true,"href":"https:\/\/www.sempertea.eu\/fr\/wp-json\/wp\/v2\/product_cat?post=12162"},{"taxonomy":"product_tag","embeddable":true,"href":"https:\/\/www.sempertea.eu\/fr\/wp-json\/wp\/v2\/product_tag?post=12162"}],"curies":[{"name":"wp","href":"https:\/\/api.w.org\/{rel}","templated":true}]}}