{"id":12157,"date":"2023-08-26T21:34:57","date_gmt":"2024-10-18T11:48:10","guid":{"rendered":"https:\/\/www.sempertea.eu\/ginger-lemon-infusion-bio-i-the-pyramide-en-sachets\/"},"modified":"2024-10-18T12:48:10","modified_gmt":"2024-10-18T11:48:10","slug":"ginger-lemon-infusion-bio-i-the-pyramide-en-sachets","status":"publish","type":"product","link":"https:\/\/www.sempertea.eu\/fr\/ginger-lemon-infusion-bio-i-the-pyramide-en-sachets\/","title":{"rendered":"GINGER LEMON infusion bio I Th\u00e9 Pyramide en sachets"},"content":{"rendered":"<h2>Gingembre et citron \u00e9quilibrants dans nos infusions durables<\/h2>\n<p>D\u00e9couvrez un choix plus conscient dans notre boutique en ligne, o\u00f9 la durabilit\u00e9 est au c\u0153ur de notre proposition. Notre<strong> emballage \u00e9cologique <\/strong>est une manifestation de notre engagement en faveur d&rsquo;une consommation responsable et respectueuse de l&rsquo;environnement. Chaque gorg\u00e9e de nos tisanes n&rsquo;apporte pas seulement un plaisir personnel, mais repr\u00e9sente \u00e9galement un petit pas vers un mode de vie plus durable et plus proche de la nature.  <\/p>\n<h3>Pourquoi choisir nos produits exceptionnels de th\u00e9 durable ?<\/h3>\n<p>S\u00e9lection minutieuse des ingr\u00e9dients : Nous avons choisi des <strong>ingr\u00e9dients biologiques<\/strong> de la plus haute qualit\u00e9 pour vous offrir un th\u00e9 savoureux et sain. Respect de l&rsquo;environnement : Nos emballages sont respectueux de l&rsquo;environnement et se d\u00e9composent naturellement, d\u00e9montrant ainsi votre engagement \u00e0 prot\u00e9ger notre environnement.<\/p>\n<h4>Gingembre et citron : une fusion harmonieuse<\/h4>\n<p>Notre infusion vous invite \u00e0 appr\u00e9cier l&rsquo;harmonie entre le piquant doux du gingembre et la fra\u00eecheur du citron. Plus qu&rsquo;un simple m\u00e9lange, cette association peut offrir de multiples bienfaits :<br \/>\n&#8211; Soulagement des naus\u00e9es gr\u00e2ce au gingembre<br \/>\n&#8211; Am\u00e9lioration de la sant\u00e9 de la peau<br \/>\n&#8211; Aide \u00e0 la d\u00e9sintoxication du foie. Un v\u00e9ritable alli\u00e9 pour votre bien-\u00eatre, pr\u00e9sent\u00e9 dans des <strong>sachets pyramidaux et biod\u00e9gradables<\/strong> : 100% sans plastique, t\u00e9moignant d&rsquo;un profond respect pour notre environnement. <\/p>\n","protected":false},"excerpt":{"rendered":"<p><strong>Naturel avec de la fra\u00eecheur et un l\u00e9ger piquant<\/strong><\/p>\n<p>Notre infusion au gingembre et au citron est naturelle et constitue une exp\u00e9rience. Elle associe le go\u00fbt l\u00e9g\u00e8rement \u00e9pic\u00e9 du gingembre \u00e0 la fra\u00eecheur du citron. Un m\u00e9lange d\u00e9licieusement frais et l\u00e9ger pour une tasse de th\u00e9 aromatique et biologique. Ce th\u00e9 est un <strong>alli\u00e9 pour votre sant\u00e9.<\/strong>   <\/p>\n","protected":false},"featured_media":12158,"comment_status":"open","ping_status":"closed","template":"","meta":[],"product_brand":[],"product_cat":[268,309,300,298,289,299,283,310,311,312,316],"product_tag":[],"class_list":{"0":"post-12157","1":"product","2":"type-product","3":"status-publish","4":"has-post-thumbnail","6":"product_cat-infusions-sans-plastique","7":"product_cat-collections","8":"product_cat-emballages-sans-plastique","9":"product_cat-les-varietes-de-the","10":"product_cat-the-aux-herbes-bio-au-acheter","11":"product_cat-the-en-pyramide-biodegradable","12":"product_cat-thes-et-infusions-biologiques-de-qualite","13":"product_cat-tous","14":"product_cat-tous-fr","15":"product_cat-tous-fr-2","16":"product_cat-uncategorized-fr","18":"first","19":"instock","20":"shipping-taxable","21":"purchasable","22":"product-type-simple"},"yoast_head":"<!-- This site is optimized with the Yoast SEO Premium plugin v27.3 (Yoast SEO v27.4) - https:\/\/yoast.com\/product\/yoast-seo-premium-wordpress\/ -->\n<title>Sustainable Tea Products : GINGER LEMON en emballage biologique<\/title>\n<meta name=\"description\" content=\"Savourez le th\u00e9 au gingembre et au citron dans un emballage \u00e9cologique, pour une consommation plus durable. Les produits de th\u00e9 durables prennent soin de vous et de la plan\u00e8te.\" \/>\n<meta name=\"robots\" content=\"index, follow, max-snippet:-1, max-image-preview:large, max-video-preview:-1\" \/>\n<link rel=\"canonical\" href=\"https:\/\/www.sempertea.eu\/fr\/ginger-lemon-infusion-bio-i-the-pyramide-en-sachets\/\" \/>\n<meta property=\"og:locale\" content=\"fr_FR\" \/>\n<meta property=\"og:type\" content=\"article\" \/>\n<meta property=\"og:title\" content=\"GINGER LEMON infusion bio I Th\u00e9 Pyramide en sachets\" \/>\n<meta property=\"og:description\" content=\"Savourez le th\u00e9 au gingembre et au citron dans un emballage \u00e9cologique, pour une consommation plus durable. Les produits de th\u00e9 durables prennent soin de vous et de la plan\u00e8te.\" \/>\n<meta property=\"og:url\" content=\"https:\/\/www.sempertea.eu\/fr\/ginger-lemon-infusion-bio-i-the-pyramide-en-sachets\/\" \/>\n<meta property=\"og:site_name\" content=\"Semper Tea | Mayorista y fabricante de T\u00e9s e Infusiones para hoteles, restaurantes y bares\" \/>\n<meta property=\"og:image\" content=\"https:\/\/www.sempertea.eu\/wp-content\/uploads\/2023\/08\/productos-de-te-sostenible-semper-tea.jpg\" \/>\n\t<meta property=\"og:image:width\" content=\"1500\" \/>\n\t<meta property=\"og:image:height\" content=\"1500\" \/>\n\t<meta property=\"og:image:type\" content=\"image\/jpeg\" \/>\n<meta name=\"twitter:card\" content=\"summary_large_image\" \/>\n<meta name=\"twitter:image\" content=\"https:\/\/www.sempertea.eu\/wp-content\/uploads\/2023\/08\/innovacion-en-envases-de-te-semper-tea.jpg\" \/>\n<meta name=\"twitter:label1\" content=\"Dur\u00e9e de lecture estim\u00e9e\" \/>\n\t<meta name=\"twitter:data1\" content=\"1 minute\" \/>\n<script type=\"application\/ld+json\" class=\"yoast-schema-graph\">{\"@context\":\"https:\\\/\\\/schema.org\",\"@graph\":[{\"@type\":\"WebPage\",\"@id\":\"https:\\\/\\\/www.sempertea.eu\\\/fr\\\/ginger-lemon-infusion-bio-i-the-pyramide-en-sachets\\\/\",\"url\":\"https:\\\/\\\/www.sempertea.eu\\\/fr\\\/ginger-lemon-infusion-bio-i-the-pyramide-en-sachets\\\/\",\"name\":\"Sustainable Tea Products : GINGER LEMON en emballage biologique\",\"isPartOf\":{\"@id\":\"https:\\\/\\\/www.sempertea.eu\\\/#website\"},\"primaryImageOfPage\":{\"@id\":\"https:\\\/\\\/www.sempertea.eu\\\/fr\\\/ginger-lemon-infusion-bio-i-the-pyramide-en-sachets\\\/#primaryimage\"},\"image\":{\"@id\":\"https:\\\/\\\/www.sempertea.eu\\\/fr\\\/ginger-lemon-infusion-bio-i-the-pyramide-en-sachets\\\/#primaryimage\"},\"thumbnailUrl\":\"https:\\\/\\\/www.sempertea.eu\\\/wp-content\\\/uploads\\\/2023\\\/08\\\/productos-de-te-sostenible-semper-tea.jpg\",\"datePublished\":\"2024-10-18T11:48:10+00:00\",\"description\":\"Savourez le th\u00e9 au gingembre et au citron dans un emballage \u00e9cologique, pour une consommation plus durable. Les produits de th\u00e9 durables prennent soin de vous et de la plan\u00e8te.\",\"breadcrumb\":{\"@id\":\"https:\\\/\\\/www.sempertea.eu\\\/fr\\\/ginger-lemon-infusion-bio-i-the-pyramide-en-sachets\\\/#breadcrumb\"},\"inLanguage\":\"fr-FR\",\"potentialAction\":[{\"@type\":\"ReadAction\",\"target\":[\"https:\\\/\\\/www.sempertea.eu\\\/fr\\\/ginger-lemon-infusion-bio-i-the-pyramide-en-sachets\\\/\"]}]},{\"@type\":\"ImageObject\",\"inLanguage\":\"fr-FR\",\"@id\":\"https:\\\/\\\/www.sempertea.eu\\\/fr\\\/ginger-lemon-infusion-bio-i-the-pyramide-en-sachets\\\/#primaryimage\",\"url\":\"https:\\\/\\\/www.sempertea.eu\\\/wp-content\\\/uploads\\\/2023\\\/08\\\/productos-de-te-sostenible-semper-tea.jpg\",\"contentUrl\":\"https:\\\/\\\/www.sempertea.eu\\\/wp-content\\\/uploads\\\/2023\\\/08\\\/productos-de-te-sostenible-semper-tea.jpg\",\"width\":1500,\"height\":1500,\"caption\":\"productos de te sostenible semper tea\"},{\"@type\":\"BreadcrumbList\",\"@id\":\"https:\\\/\\\/www.sempertea.eu\\\/fr\\\/ginger-lemon-infusion-bio-i-the-pyramide-en-sachets\\\/#breadcrumb\",\"itemListElement\":[{\"@type\":\"ListItem\",\"position\":1,\"name\":\"Portada\",\"item\":\"https:\\\/\\\/www.sempertea.eu\\\/\"},{\"@type\":\"ListItem\",\"position\":2,\"name\":\"Tienda\",\"item\":\"https:\\\/\\\/www.sempertea.eu\\\/tienda\\\/\"},{\"@type\":\"ListItem\",\"position\":3,\"name\":\"GINGER LEMON infusion bio I Th\u00e9 Pyramide en sachets\"}]},{\"@type\":\"WebSite\",\"@id\":\"https:\\\/\\\/www.sempertea.eu\\\/#website\",\"url\":\"https:\\\/\\\/www.sempertea.eu\\\/\",\"name\":\"Semper Tea | Mayorista y fabricante de T\u00e9s e Infusiones para hoteles, restaurantes y bares\",\"description\":\"T\u00e9s e infusiones para hosteler\u00eda, hoteler\u00eda y comercio\",\"potentialAction\":[{\"@type\":\"SearchAction\",\"target\":{\"@type\":\"EntryPoint\",\"urlTemplate\":\"https:\\\/\\\/www.sempertea.eu\\\/?s={search_term_string}\"},\"query-input\":{\"@type\":\"PropertyValueSpecification\",\"valueRequired\":true,\"valueName\":\"search_term_string\"}}],\"inLanguage\":\"fr-FR\"}]}<\/script>\n<!-- \/ Yoast SEO Premium plugin. -->","yoast_head_json":{"title":"Sustainable Tea Products : GINGER LEMON en emballage biologique","description":"Savourez le th\u00e9 au gingembre et au citron dans un emballage \u00e9cologique, pour une consommation plus durable. Les produits de th\u00e9 durables prennent soin de vous et de la plan\u00e8te.","robots":{"index":"index","follow":"follow","max-snippet":"max-snippet:-1","max-image-preview":"max-image-preview:large","max-video-preview":"max-video-preview:-1"},"canonical":"https:\/\/www.sempertea.eu\/fr\/ginger-lemon-infusion-bio-i-the-pyramide-en-sachets\/","og_locale":"fr_FR","og_type":"article","og_title":"GINGER LEMON infusion bio I Th\u00e9 Pyramide en sachets","og_description":"Savourez le th\u00e9 au gingembre et au citron dans un emballage \u00e9cologique, pour une consommation plus durable. Les produits de th\u00e9 durables prennent soin de vous et de la plan\u00e8te.","og_url":"https:\/\/www.sempertea.eu\/fr\/ginger-lemon-infusion-bio-i-the-pyramide-en-sachets\/","og_site_name":"Semper Tea | Mayorista y fabricante de T\u00e9s e Infusiones para hoteles, restaurantes y bares","og_image":[{"width":1500,"height":1500,"url":"https:\/\/www.sempertea.eu\/wp-content\/uploads\/2023\/08\/productos-de-te-sostenible-semper-tea.jpg","type":"image\/jpeg"}],"twitter_card":"summary_large_image","twitter_image":"https:\/\/www.sempertea.eu\/wp-content\/uploads\/2023\/08\/innovacion-en-envases-de-te-semper-tea.jpg","twitter_misc":{"Dur\u00e9e de lecture estim\u00e9e":"1 minute"},"schema":{"@context":"https:\/\/schema.org","@graph":[{"@type":"WebPage","@id":"https:\/\/www.sempertea.eu\/fr\/ginger-lemon-infusion-bio-i-the-pyramide-en-sachets\/","url":"https:\/\/www.sempertea.eu\/fr\/ginger-lemon-infusion-bio-i-the-pyramide-en-sachets\/","name":"Sustainable Tea Products : GINGER LEMON en emballage biologique","isPartOf":{"@id":"https:\/\/www.sempertea.eu\/#website"},"primaryImageOfPage":{"@id":"https:\/\/www.sempertea.eu\/fr\/ginger-lemon-infusion-bio-i-the-pyramide-en-sachets\/#primaryimage"},"image":{"@id":"https:\/\/www.sempertea.eu\/fr\/ginger-lemon-infusion-bio-i-the-pyramide-en-sachets\/#primaryimage"},"thumbnailUrl":"https:\/\/www.sempertea.eu\/wp-content\/uploads\/2023\/08\/productos-de-te-sostenible-semper-tea.jpg","datePublished":"2024-10-18T11:48:10+00:00","description":"Savourez le th\u00e9 au gingembre et au citron dans un emballage \u00e9cologique, pour une consommation plus durable. Les produits de th\u00e9 durables prennent soin de vous et de la plan\u00e8te.","breadcrumb":{"@id":"https:\/\/www.sempertea.eu\/fr\/ginger-lemon-infusion-bio-i-the-pyramide-en-sachets\/#breadcrumb"},"inLanguage":"fr-FR","potentialAction":[{"@type":"ReadAction","target":["https:\/\/www.sempertea.eu\/fr\/ginger-lemon-infusion-bio-i-the-pyramide-en-sachets\/"]}]},{"@type":"ImageObject","inLanguage":"fr-FR","@id":"https:\/\/www.sempertea.eu\/fr\/ginger-lemon-infusion-bio-i-the-pyramide-en-sachets\/#primaryimage","url":"https:\/\/www.sempertea.eu\/wp-content\/uploads\/2023\/08\/productos-de-te-sostenible-semper-tea.jpg","contentUrl":"https:\/\/www.sempertea.eu\/wp-content\/uploads\/2023\/08\/productos-de-te-sostenible-semper-tea.jpg","width":1500,"height":1500,"caption":"productos de te sostenible semper tea"},{"@type":"BreadcrumbList","@id":"https:\/\/www.sempertea.eu\/fr\/ginger-lemon-infusion-bio-i-the-pyramide-en-sachets\/#breadcrumb","itemListElement":[{"@type":"ListItem","position":1,"name":"Portada","item":"https:\/\/www.sempertea.eu\/"},{"@type":"ListItem","position":2,"name":"Tienda","item":"https:\/\/www.sempertea.eu\/tienda\/"},{"@type":"ListItem","position":3,"name":"GINGER LEMON infusion bio I Th\u00e9 Pyramide en sachets"}]},{"@type":"WebSite","@id":"https:\/\/www.sempertea.eu\/#website","url":"https:\/\/www.sempertea.eu\/","name":"Semper Tea | Mayorista y fabricante de T\u00e9s e Infusiones para hoteles, restaurantes y bares","description":"T\u00e9s e infusiones para hosteler\u00eda, hoteler\u00eda y comercio","potentialAction":[{"@type":"SearchAction","target":{"@type":"EntryPoint","urlTemplate":"https:\/\/www.sempertea.eu\/?s={search_term_string}"},"query-input":{"@type":"PropertyValueSpecification","valueRequired":true,"valueName":"search_term_string"}}],"inLanguage":"fr-FR"}]}},"_links":{"self":[{"href":"https:\/\/www.sempertea.eu\/fr\/wp-json\/wp\/v2\/product\/12157","targetHints":{"allow":["GET"]}}],"collection":[{"href":"https:\/\/www.sempertea.eu\/fr\/wp-json\/wp\/v2\/product"}],"about":[{"href":"https:\/\/www.sempertea.eu\/fr\/wp-json\/wp\/v2\/types\/product"}],"replies":[{"embeddable":true,"href":"https:\/\/www.sempertea.eu\/fr\/wp-json\/wp\/v2\/comments?post=12157"}],"wp:featuredmedia":[{"embeddable":true,"href":"https:\/\/www.sempertea.eu\/fr\/wp-json\/wp\/v2\/media\/12158"}],"wp:attachment":[{"href":"https:\/\/www.sempertea.eu\/fr\/wp-json\/wp\/v2\/media?parent=12157"}],"wp:term":[{"taxonomy":"product_brand","embeddable":true,"href":"https:\/\/www.sempertea.eu\/fr\/wp-json\/wp\/v2\/product_brand?post=12157"},{"taxonomy":"product_cat","embeddable":true,"href":"https:\/\/www.sempertea.eu\/fr\/wp-json\/wp\/v2\/product_cat?post=12157"},{"taxonomy":"product_tag","embeddable":true,"href":"https:\/\/www.sempertea.eu\/fr\/wp-json\/wp\/v2\/product_tag?post=12157"}],"curies":[{"name":"wp","href":"https:\/\/api.w.org\/{rel}","templated":true}]}}