{"id":12149,"date":"2023-08-27T17:02:31","date_gmt":"2023-08-27T16:02:31","guid":{"rendered":"https:\/\/www.sempertea.eu\/fruit-berry-infusion-biologique-i-the-pyramide-en-sachets\/"},"modified":"2025-02-07T09:14:00","modified_gmt":"2025-02-07T08:14:00","slug":"fruit-berry-infusion-biologique-i-the-pyramide-en-sachets","status":"publish","type":"product","link":"https:\/\/www.sempertea.eu\/fr\/fruit-berry-infusion-biologique-i-the-pyramide-en-sachets\/","title":{"rendered":"FRUIT BERRY infusion biologique I Th\u00e9 Pyramide en sachets"},"content":{"rendered":"<h2>Semper Tea parmi les marques de th\u00e9 respectueuses de l&rsquo;environnement : saveurs naturelles et durabilit\u00e9 dans votre tasse<\/h2>\n<p>Cada sorbo de nuestra infusi\u00f3n de frutas se convierte en una fiesta de sabores aut\u00e9nticos y frescos. Nuestros productos son el resultado de a\u00f1os de b\u00fasqueda para encontrar las mezclas m\u00e1s excepcionales, siempre manteniendo la calidad y el respeto por la Tierra en el centro de nuestra labor.<\/p>\n<p>Si buscas una taza relajante al final del d\u00eda o deseas explorar nuevos sabores frutales, estamos aqu\u00ed para satisfacer tus deseos y necesidades. \u00danete a nosotros en esta emocionante aventura hacia un estilo de vida m\u00e1s amigable con el medio ambiente y delicioso.<\/p>\n<p>Explora, disfruta y elige de manera consciente.<\/p>\n<h3>Th\u00e9 aux fruits &#8211; authenticit\u00e9 et durabilit\u00e9<\/h3>\n<p>La infusi\u00f3n de frutas es altamente popular. Sus fragancias se obtienen de las partes secas de la fruta, infundidas con agua caliente. Nuestra mezcla de t\u00e9 de frutas, compuesta por hibisco y rosa mosqueta, realzada por la esencia de piel de naranja, es una explosi\u00f3n de color y aroma maravillosa.<\/p>\n<p>Prueba nuestro t\u00e9 de frutas bien helado, una opci\u00f3n refrescante y saludable para esos d\u00edas c\u00e1lidos de verano. Nuestra infusi\u00f3n de frutos rojos, adem\u00e1s de ser org\u00e1nica y natural, viene en <strong>bolsitas piramidales y sobres biodegradables: 100% libres de pl\u00e1stico<\/strong> y respetuosos con el entorno.<\/p>\n","protected":false},"excerpt":{"rendered":"<p>\ud83c\udf3f <strong>D\u00e9licieuse infusion fruit\u00e9e et \u00e9clatante de saveurs<\/strong> \ud83c\udf53<\/p>\n<p>D\u00e9couvrez une infusion rafra\u00eechissante et intens\u00e9ment fruit\u00e9e, compos\u00e9e d\u2019ingr\u00e9dients <strong>biologiques et naturels<\/strong> : <strong>hibiscus, cynorrhodon, pomme, fraise lyophilis\u00e9e et ar\u00f4mes naturels de fruits rouges et d\u2019orange<\/strong>.<\/p>\n<p>Naturellement <strong>sans caf\u00e9ine<\/strong>, cette infusion est riche en vitamines et en bienfaits pour le corps et l\u2019esprit. Un pur moment de plaisir, \u00e0 savourer \u00e0 tout moment de la journ\u00e9e ! \ud83c\udf75\u2728<\/p>\n","protected":false},"featured_media":12150,"comment_status":"open","ping_status":"closed","template":"","meta":[],"product_brand":[],"product_cat":[268,309,300,298,296,299,283,311,312,316],"product_tag":[],"class_list":{"0":"post-12149","1":"product","2":"type-product","3":"status-publish","4":"has-post-thumbnail","6":"product_cat-infusions-sans-plastique","7":"product_cat-collections","8":"product_cat-emballages-sans-plastique","9":"product_cat-les-varietes-de-the","10":"product_cat-the-et-infusion-aux-fruits","11":"product_cat-the-en-pyramide-biodegradable","12":"product_cat-thes-et-infusions-biologiques-de-qualite","13":"product_cat-tous-fr","14":"product_cat-tous-fr-2","15":"product_cat-uncategorized-fr","17":"first","18":"instock","19":"shipping-taxable","20":"purchasable","21":"product-type-simple"},"yoast_head":"<!-- This site is optimized with the Yoast SEO Premium plugin v27.3 (Yoast SEO v27.4) - https:\/\/yoast.com\/product\/yoast-seo-premium-wordpress\/ -->\n<title>Marques de th\u00e9 \u00e9co-responsables : infusions aux fruits sans d\u00e9chets ni plastique<\/title>\n<meta name=\"description\" content=\"Les marques de th\u00e9 \u00e9cologiques proposent des infusions de fruits sans d\u00e9chets et sans plastique. Une exp\u00e9rience de th\u00e9 durable et naturellement d\u00e9licieuse.\" \/>\n<meta name=\"robots\" content=\"index, follow, max-snippet:-1, max-image-preview:large, max-video-preview:-1\" \/>\n<link rel=\"canonical\" href=\"https:\/\/www.sempertea.eu\/fr\/fruit-berry-infusion-biologique-i-the-pyramide-en-sachets\/\" \/>\n<meta property=\"og:locale\" content=\"fr_FR\" \/>\n<meta property=\"og:type\" content=\"article\" \/>\n<meta property=\"og:title\" content=\"FRUIT BERRY infusion biologique I Th\u00e9 Pyramide en sachets\" \/>\n<meta property=\"og:description\" content=\"Les marques de th\u00e9 \u00e9cologiques proposent des infusions de fruits sans d\u00e9chets et sans plastique. Une exp\u00e9rience de th\u00e9 durable et naturellement d\u00e9licieuse.\" \/>\n<meta property=\"og:url\" content=\"https:\/\/www.sempertea.eu\/fr\/fruit-berry-infusion-biologique-i-the-pyramide-en-sachets\/\" \/>\n<meta property=\"og:site_name\" content=\"Semper Tea | Mayorista y fabricante de T\u00e9s e Infusiones para hoteles, restaurantes y bares\" \/>\n<meta property=\"article:modified_time\" content=\"2025-02-07T08:14:00+00:00\" \/>\n<meta property=\"og:image\" content=\"https:\/\/www.sempertea.eu\/wp-content\/uploads\/2023\/08\/marcas-de-te-eco-friendly-semper-tea.jpg\" \/>\n\t<meta property=\"og:image:width\" content=\"1500\" \/>\n\t<meta property=\"og:image:height\" content=\"1500\" \/>\n\t<meta property=\"og:image:type\" content=\"image\/jpeg\" \/>\n<meta name=\"twitter:card\" content=\"summary_large_image\" \/>\n<meta name=\"twitter:image\" content=\"https:\/\/www.sempertea.eu\/wp-content\/uploads\/2023\/08\/infusiones-de-frutas-libres-de-residuos-semper-tea.jpg\" \/>\n<meta name=\"twitter:label1\" content=\"Dur\u00e9e de lecture estim\u00e9e\" \/>\n\t<meta name=\"twitter:data1\" content=\"2 minutes\" \/>\n<script type=\"application\/ld+json\" class=\"yoast-schema-graph\">{\"@context\":\"https:\\\/\\\/schema.org\",\"@graph\":[{\"@type\":\"WebPage\",\"@id\":\"https:\\\/\\\/www.sempertea.eu\\\/fr\\\/fruit-berry-infusion-biologique-i-the-pyramide-en-sachets\\\/\",\"url\":\"https:\\\/\\\/www.sempertea.eu\\\/fr\\\/fruit-berry-infusion-biologique-i-the-pyramide-en-sachets\\\/\",\"name\":\"Marques de th\u00e9 \u00e9co-responsables : infusions aux fruits sans d\u00e9chets ni plastique\",\"isPartOf\":{\"@id\":\"https:\\\/\\\/www.sempertea.eu\\\/#website\"},\"primaryImageOfPage\":{\"@id\":\"https:\\\/\\\/www.sempertea.eu\\\/fr\\\/fruit-berry-infusion-biologique-i-the-pyramide-en-sachets\\\/#primaryimage\"},\"image\":{\"@id\":\"https:\\\/\\\/www.sempertea.eu\\\/fr\\\/fruit-berry-infusion-biologique-i-the-pyramide-en-sachets\\\/#primaryimage\"},\"thumbnailUrl\":\"https:\\\/\\\/www.sempertea.eu\\\/wp-content\\\/uploads\\\/2023\\\/08\\\/marcas-de-te-eco-friendly-semper-tea.jpg\",\"datePublished\":\"2023-08-27T16:02:31+00:00\",\"dateModified\":\"2025-02-07T08:14:00+00:00\",\"description\":\"Les marques de th\u00e9 \u00e9cologiques proposent des infusions de fruits sans d\u00e9chets et sans plastique. Une exp\u00e9rience de th\u00e9 durable et naturellement d\u00e9licieuse.\",\"breadcrumb\":{\"@id\":\"https:\\\/\\\/www.sempertea.eu\\\/fr\\\/fruit-berry-infusion-biologique-i-the-pyramide-en-sachets\\\/#breadcrumb\"},\"inLanguage\":\"fr-FR\",\"potentialAction\":[{\"@type\":\"ReadAction\",\"target\":[\"https:\\\/\\\/www.sempertea.eu\\\/fr\\\/fruit-berry-infusion-biologique-i-the-pyramide-en-sachets\\\/\"]}]},{\"@type\":\"ImageObject\",\"inLanguage\":\"fr-FR\",\"@id\":\"https:\\\/\\\/www.sempertea.eu\\\/fr\\\/fruit-berry-infusion-biologique-i-the-pyramide-en-sachets\\\/#primaryimage\",\"url\":\"https:\\\/\\\/www.sempertea.eu\\\/wp-content\\\/uploads\\\/2023\\\/08\\\/marcas-de-te-eco-friendly-semper-tea.jpg\",\"contentUrl\":\"https:\\\/\\\/www.sempertea.eu\\\/wp-content\\\/uploads\\\/2023\\\/08\\\/marcas-de-te-eco-friendly-semper-tea.jpg\",\"width\":1500,\"height\":1500,\"caption\":\"Marcas de T\u00e9 Eco-Friendly semper tea\"},{\"@type\":\"BreadcrumbList\",\"@id\":\"https:\\\/\\\/www.sempertea.eu\\\/fr\\\/fruit-berry-infusion-biologique-i-the-pyramide-en-sachets\\\/#breadcrumb\",\"itemListElement\":[{\"@type\":\"ListItem\",\"position\":1,\"name\":\"Portada\",\"item\":\"https:\\\/\\\/www.sempertea.eu\\\/\"},{\"@type\":\"ListItem\",\"position\":2,\"name\":\"Tienda\",\"item\":\"https:\\\/\\\/www.sempertea.eu\\\/tienda\\\/\"},{\"@type\":\"ListItem\",\"position\":3,\"name\":\"FRUIT BERRY infusion biologique I Th\u00e9 Pyramide en sachets\"}]},{\"@type\":\"WebSite\",\"@id\":\"https:\\\/\\\/www.sempertea.eu\\\/#website\",\"url\":\"https:\\\/\\\/www.sempertea.eu\\\/\",\"name\":\"Semper Tea | Mayorista y fabricante de T\u00e9s e Infusiones para hoteles, restaurantes y bares\",\"description\":\"T\u00e9s e infusiones para hosteler\u00eda, hoteler\u00eda y comercio\",\"potentialAction\":[{\"@type\":\"SearchAction\",\"target\":{\"@type\":\"EntryPoint\",\"urlTemplate\":\"https:\\\/\\\/www.sempertea.eu\\\/?s={search_term_string}\"},\"query-input\":{\"@type\":\"PropertyValueSpecification\",\"valueRequired\":true,\"valueName\":\"search_term_string\"}}],\"inLanguage\":\"fr-FR\"}]}<\/script>\n<!-- \/ Yoast SEO Premium plugin. -->","yoast_head_json":{"title":"Marques de th\u00e9 \u00e9co-responsables : infusions aux fruits sans d\u00e9chets ni plastique","description":"Les marques de th\u00e9 \u00e9cologiques proposent des infusions de fruits sans d\u00e9chets et sans plastique. Une exp\u00e9rience de th\u00e9 durable et naturellement d\u00e9licieuse.","robots":{"index":"index","follow":"follow","max-snippet":"max-snippet:-1","max-image-preview":"max-image-preview:large","max-video-preview":"max-video-preview:-1"},"canonical":"https:\/\/www.sempertea.eu\/fr\/fruit-berry-infusion-biologique-i-the-pyramide-en-sachets\/","og_locale":"fr_FR","og_type":"article","og_title":"FRUIT BERRY infusion biologique I Th\u00e9 Pyramide en sachets","og_description":"Les marques de th\u00e9 \u00e9cologiques proposent des infusions de fruits sans d\u00e9chets et sans plastique. Une exp\u00e9rience de th\u00e9 durable et naturellement d\u00e9licieuse.","og_url":"https:\/\/www.sempertea.eu\/fr\/fruit-berry-infusion-biologique-i-the-pyramide-en-sachets\/","og_site_name":"Semper Tea | Mayorista y fabricante de T\u00e9s e Infusiones para hoteles, restaurantes y bares","article_modified_time":"2025-02-07T08:14:00+00:00","og_image":[{"width":1500,"height":1500,"url":"https:\/\/www.sempertea.eu\/wp-content\/uploads\/2023\/08\/marcas-de-te-eco-friendly-semper-tea.jpg","type":"image\/jpeg"}],"twitter_card":"summary_large_image","twitter_image":"https:\/\/www.sempertea.eu\/wp-content\/uploads\/2023\/08\/infusiones-de-frutas-libres-de-residuos-semper-tea.jpg","twitter_misc":{"Dur\u00e9e de lecture estim\u00e9e":"2 minutes"},"schema":{"@context":"https:\/\/schema.org","@graph":[{"@type":"WebPage","@id":"https:\/\/www.sempertea.eu\/fr\/fruit-berry-infusion-biologique-i-the-pyramide-en-sachets\/","url":"https:\/\/www.sempertea.eu\/fr\/fruit-berry-infusion-biologique-i-the-pyramide-en-sachets\/","name":"Marques de th\u00e9 \u00e9co-responsables : infusions aux fruits sans d\u00e9chets ni plastique","isPartOf":{"@id":"https:\/\/www.sempertea.eu\/#website"},"primaryImageOfPage":{"@id":"https:\/\/www.sempertea.eu\/fr\/fruit-berry-infusion-biologique-i-the-pyramide-en-sachets\/#primaryimage"},"image":{"@id":"https:\/\/www.sempertea.eu\/fr\/fruit-berry-infusion-biologique-i-the-pyramide-en-sachets\/#primaryimage"},"thumbnailUrl":"https:\/\/www.sempertea.eu\/wp-content\/uploads\/2023\/08\/marcas-de-te-eco-friendly-semper-tea.jpg","datePublished":"2023-08-27T16:02:31+00:00","dateModified":"2025-02-07T08:14:00+00:00","description":"Les marques de th\u00e9 \u00e9cologiques proposent des infusions de fruits sans d\u00e9chets et sans plastique. Une exp\u00e9rience de th\u00e9 durable et naturellement d\u00e9licieuse.","breadcrumb":{"@id":"https:\/\/www.sempertea.eu\/fr\/fruit-berry-infusion-biologique-i-the-pyramide-en-sachets\/#breadcrumb"},"inLanguage":"fr-FR","potentialAction":[{"@type":"ReadAction","target":["https:\/\/www.sempertea.eu\/fr\/fruit-berry-infusion-biologique-i-the-pyramide-en-sachets\/"]}]},{"@type":"ImageObject","inLanguage":"fr-FR","@id":"https:\/\/www.sempertea.eu\/fr\/fruit-berry-infusion-biologique-i-the-pyramide-en-sachets\/#primaryimage","url":"https:\/\/www.sempertea.eu\/wp-content\/uploads\/2023\/08\/marcas-de-te-eco-friendly-semper-tea.jpg","contentUrl":"https:\/\/www.sempertea.eu\/wp-content\/uploads\/2023\/08\/marcas-de-te-eco-friendly-semper-tea.jpg","width":1500,"height":1500,"caption":"Marcas de T\u00e9 Eco-Friendly semper tea"},{"@type":"BreadcrumbList","@id":"https:\/\/www.sempertea.eu\/fr\/fruit-berry-infusion-biologique-i-the-pyramide-en-sachets\/#breadcrumb","itemListElement":[{"@type":"ListItem","position":1,"name":"Portada","item":"https:\/\/www.sempertea.eu\/"},{"@type":"ListItem","position":2,"name":"Tienda","item":"https:\/\/www.sempertea.eu\/tienda\/"},{"@type":"ListItem","position":3,"name":"FRUIT BERRY infusion biologique I Th\u00e9 Pyramide en sachets"}]},{"@type":"WebSite","@id":"https:\/\/www.sempertea.eu\/#website","url":"https:\/\/www.sempertea.eu\/","name":"Semper Tea | Mayorista y fabricante de T\u00e9s e Infusiones para hoteles, restaurantes y bares","description":"T\u00e9s e infusiones para hosteler\u00eda, hoteler\u00eda y comercio","potentialAction":[{"@type":"SearchAction","target":{"@type":"EntryPoint","urlTemplate":"https:\/\/www.sempertea.eu\/?s={search_term_string}"},"query-input":{"@type":"PropertyValueSpecification","valueRequired":true,"valueName":"search_term_string"}}],"inLanguage":"fr-FR"}]}},"_links":{"self":[{"href":"https:\/\/www.sempertea.eu\/fr\/wp-json\/wp\/v2\/product\/12149","targetHints":{"allow":["GET"]}}],"collection":[{"href":"https:\/\/www.sempertea.eu\/fr\/wp-json\/wp\/v2\/product"}],"about":[{"href":"https:\/\/www.sempertea.eu\/fr\/wp-json\/wp\/v2\/types\/product"}],"replies":[{"embeddable":true,"href":"https:\/\/www.sempertea.eu\/fr\/wp-json\/wp\/v2\/comments?post=12149"}],"wp:featuredmedia":[{"embeddable":true,"href":"https:\/\/www.sempertea.eu\/fr\/wp-json\/wp\/v2\/media\/12150"}],"wp:attachment":[{"href":"https:\/\/www.sempertea.eu\/fr\/wp-json\/wp\/v2\/media?parent=12149"}],"wp:term":[{"taxonomy":"product_brand","embeddable":true,"href":"https:\/\/www.sempertea.eu\/fr\/wp-json\/wp\/v2\/product_brand?post=12149"},{"taxonomy":"product_cat","embeddable":true,"href":"https:\/\/www.sempertea.eu\/fr\/wp-json\/wp\/v2\/product_cat?post=12149"},{"taxonomy":"product_tag","embeddable":true,"href":"https:\/\/www.sempertea.eu\/fr\/wp-json\/wp\/v2\/product_tag?post=12149"}],"curies":[{"name":"wp","href":"https:\/\/api.w.org\/{rel}","templated":true}]}}