{"id":12142,"date":"2023-08-23T17:54:58","date_gmt":"2024-10-17T18:01:26","guid":{"rendered":"https:\/\/www.sempertea.eu\/english-breakfast-the-bio-i-the-pyramide-en-sachets\/"},"modified":"2024-10-17T19:01:26","modified_gmt":"2024-10-17T18:01:26","slug":"english-breakfast-the-bio-i-the-pyramide-en-sachets","status":"publish","type":"product","link":"https:\/\/www.sempertea.eu\/fr\/english-breakfast-the-bio-i-the-pyramide-en-sachets\/","title":{"rendered":"ENGLISH BREAKFAST th\u00e9 bio I Th\u00e9 Pyramide en sachets"},"content":{"rendered":"<h2>Profitez d&rsquo;un \u00ab English Breakfast \u00bb biologique et durable dans notre boutique en ligne.<\/h2>\n<p>D\u00e9couvrez notre English Breakfast, une option <strong><a href=\"https:\/\/www.sempertea.eu\/ecologia-sostenibilidad\/\">biologique et durable<\/a><\/strong>. Chez Semper Tea, nous proposons une s\u00e9lection de th\u00e9s de haute qualit\u00e9, dont le classique English Breakfast et d&rsquo;autres vari\u00e9t\u00e9s telles que l&rsquo;Earl Grey \u00e0 la bergamote, le Darjeeling et le fascinant th\u00e9 noir Chai. Tous ces th\u00e9s sont disponibles dans notre boutique en ligne.  <\/p>\n<h3>Le th\u00e9 Premium English Breakfast : une option saine et respectueuse de l&rsquo;environnement<\/h3>\n<p>Notre English Breakfast est un th\u00e9 noir revigorant et authentique, parfait pour commencer la journ\u00e9e avec \u00e9nergie. Avec des ingr\u00e9dients biologiques et un emballage sans plastique, c&rsquo;est une option <strong>\u00e9cologique<\/strong> qui prend soin de vous et de la plan\u00e8te. Vous pouvez le d\u00e9guster seul ou avec du lait, selon votre go\u00fbt.  <\/p>\n<h4><strong>Go\u00fbtez au charme de l&rsquo;English Breakfast dans un emballage biologique<\/strong><\/h4>\n<p>Chez Semper Tea, nous sommes fiers de notre engagement en faveur du d\u00e9veloppement durable. Nos sacs pyramidaux et nos sachets sont <strong>biod\u00e9gradables<\/strong>, une <strong>alternative verte<\/strong> qui refl\u00e8te notre engagement en faveur de l&rsquo;environnement et de la r\u00e9duction du plastique. Ambar, notre marque de <strong>th\u00e9 de qualit\u00e9 sup\u00e9rieure,<\/strong> allie excellence et naturel dans dix vari\u00e9t\u00e9s de th\u00e9s et d&rsquo;infusions biologiques. Rejoignez-nous dans ce voyage de saveurs uniques et choisissez Ambar pour une exp\u00e9rience naturelle, saine et <strong>sans plastique.<\/strong> <\/p>\n","protected":false},"excerpt":{"rendered":"<p><strong>Stimulant et intense<\/strong><\/p>\n<p>L&rsquo;English Breakfast est destin\u00e9 aux amateurs de th\u00e9 anglais classique. Connu pour sa saveur et son ar\u00f4me robustes, c&rsquo;est le th\u00e9 pr\u00e9f\u00e9r\u00e9 du petit-d\u00e9jeuner pour commencer la journ\u00e9e avec beaucoup d&rsquo;\u00e9nergie. Un th\u00e9 avec beaucoup de corps et de caract\u00e8re, id\u00e9al \u00e0 boire seul ou avec du lait. Il vous surprendra par son excellente saveur pure et intense.   <\/p>\n","protected":false},"featured_media":12143,"comment_status":"open","ping_status":"closed","template":"","meta":[],"product_brand":[],"product_cat":[268,309,300,298,299,283,284,312,310,311,316],"product_tag":[],"class_list":{"0":"post-12142","1":"product","2":"type-product","3":"status-publish","4":"has-post-thumbnail","6":"product_cat-infusions-sans-plastique","7":"product_cat-collections","8":"product_cat-emballages-sans-plastique","9":"product_cat-les-varietes-de-the","10":"product_cat-the-en-pyramide-biodegradable","11":"product_cat-thes-et-infusions-biologiques-de-qualite","12":"product_cat-the-noir-acheter-en-ligne-proprietes","13":"product_cat-tous-fr-2","14":"product_cat-tous","15":"product_cat-tous-fr","16":"product_cat-uncategorized-fr","18":"first","19":"instock","20":"shipping-taxable","21":"purchasable","22":"product-type-simple"},"yoast_head":"<!-- This site is optimized with the Yoast SEO Premium plugin v27.3 (Yoast SEO v27.4) - https:\/\/yoast.com\/product\/yoast-seo-premium-wordpress\/ -->\n<title>English Breakfast Tea ingr\u00e9dients biologiques dans un emballage sans plastique<\/title>\n<meta name=\"description\" content=\"Th\u00e9 English Breakfast \u00e0 base d&#039;ingr\u00e9dients biologiques, pr\u00e9sent\u00e9 dans un emballage \u00e9cologique sans plastique. Commencez votre journ\u00e9e de mani\u00e8re durable et d\u00e9licieuse.\" \/>\n<meta name=\"robots\" content=\"index, follow, max-snippet:-1, max-image-preview:large, max-video-preview:-1\" \/>\n<link rel=\"canonical\" href=\"https:\/\/www.sempertea.eu\/fr\/english-breakfast-the-bio-i-the-pyramide-en-sachets\/\" \/>\n<meta property=\"og:locale\" content=\"fr_FR\" \/>\n<meta property=\"og:type\" content=\"article\" \/>\n<meta property=\"og:title\" content=\"ENGLISH BREAKFAST th\u00e9 bio I Th\u00e9 Pyramide en sachets\" \/>\n<meta property=\"og:description\" content=\"Th\u00e9 English Breakfast \u00e0 base d&#039;ingr\u00e9dients biologiques, pr\u00e9sent\u00e9 dans un emballage \u00e9cologique sans plastique. Commencez votre journ\u00e9e de mani\u00e8re durable et d\u00e9licieuse.\" \/>\n<meta property=\"og:url\" content=\"https:\/\/www.sempertea.eu\/fr\/english-breakfast-the-bio-i-the-pyramide-en-sachets\/\" \/>\n<meta property=\"og:site_name\" content=\"Semper Tea | Mayorista y fabricante de T\u00e9s e Infusiones para hoteles, restaurantes y bares\" \/>\n<meta property=\"og:image\" content=\"https:\/\/www.sempertea.eu\/wp-content\/uploads\/2023\/08\/english-breakfast-tea-ingredientes-organicos-envase-libre-de-plastico-semper-tea-.jpg\" \/>\n\t<meta property=\"og:image:width\" content=\"1500\" \/>\n\t<meta property=\"og:image:height\" content=\"1500\" \/>\n\t<meta property=\"og:image:type\" content=\"image\/jpeg\" \/>\n<meta name=\"twitter:card\" content=\"summary_large_image\" \/>\n<meta name=\"twitter:label1\" content=\"Dur\u00e9e de lecture estim\u00e9e\" \/>\n\t<meta name=\"twitter:data1\" content=\"1 minute\" \/>\n<script type=\"application\/ld+json\" class=\"yoast-schema-graph\">{\"@context\":\"https:\\\/\\\/schema.org\",\"@graph\":[{\"@type\":\"WebPage\",\"@id\":\"https:\\\/\\\/www.sempertea.eu\\\/fr\\\/english-breakfast-the-bio-i-the-pyramide-en-sachets\\\/\",\"url\":\"https:\\\/\\\/www.sempertea.eu\\\/fr\\\/english-breakfast-the-bio-i-the-pyramide-en-sachets\\\/\",\"name\":\"English Breakfast Tea ingr\u00e9dients biologiques dans un emballage sans plastique\",\"isPartOf\":{\"@id\":\"https:\\\/\\\/www.sempertea.eu\\\/#website\"},\"primaryImageOfPage\":{\"@id\":\"https:\\\/\\\/www.sempertea.eu\\\/fr\\\/english-breakfast-the-bio-i-the-pyramide-en-sachets\\\/#primaryimage\"},\"image\":{\"@id\":\"https:\\\/\\\/www.sempertea.eu\\\/fr\\\/english-breakfast-the-bio-i-the-pyramide-en-sachets\\\/#primaryimage\"},\"thumbnailUrl\":\"https:\\\/\\\/www.sempertea.eu\\\/wp-content\\\/uploads\\\/2023\\\/08\\\/english-breakfast-tea-ingredientes-organicos-envase-libre-de-plastico-semper-tea-.jpg\",\"datePublished\":\"2024-10-17T18:01:26+00:00\",\"description\":\"Th\u00e9 English Breakfast \u00e0 base d'ingr\u00e9dients biologiques, pr\u00e9sent\u00e9 dans un emballage \u00e9cologique sans plastique. Commencez votre journ\u00e9e de mani\u00e8re durable et d\u00e9licieuse.\",\"breadcrumb\":{\"@id\":\"https:\\\/\\\/www.sempertea.eu\\\/fr\\\/english-breakfast-the-bio-i-the-pyramide-en-sachets\\\/#breadcrumb\"},\"inLanguage\":\"fr-FR\",\"potentialAction\":[{\"@type\":\"ReadAction\",\"target\":[\"https:\\\/\\\/www.sempertea.eu\\\/fr\\\/english-breakfast-the-bio-i-the-pyramide-en-sachets\\\/\"]}]},{\"@type\":\"ImageObject\",\"inLanguage\":\"fr-FR\",\"@id\":\"https:\\\/\\\/www.sempertea.eu\\\/fr\\\/english-breakfast-the-bio-i-the-pyramide-en-sachets\\\/#primaryimage\",\"url\":\"https:\\\/\\\/www.sempertea.eu\\\/wp-content\\\/uploads\\\/2023\\\/08\\\/english-breakfast-tea-ingredientes-organicos-envase-libre-de-plastico-semper-tea-.jpg\",\"contentUrl\":\"https:\\\/\\\/www.sempertea.eu\\\/wp-content\\\/uploads\\\/2023\\\/08\\\/english-breakfast-tea-ingredientes-organicos-envase-libre-de-plastico-semper-tea-.jpg\",\"width\":1500,\"height\":1500,\"caption\":\"English Breakfast Tea Ingredientes Org\u00e1nicos en Envase Libre de Pl\u00e1stico\"},{\"@type\":\"BreadcrumbList\",\"@id\":\"https:\\\/\\\/www.sempertea.eu\\\/fr\\\/english-breakfast-the-bio-i-the-pyramide-en-sachets\\\/#breadcrumb\",\"itemListElement\":[{\"@type\":\"ListItem\",\"position\":1,\"name\":\"Portada\",\"item\":\"https:\\\/\\\/www.sempertea.eu\\\/\"},{\"@type\":\"ListItem\",\"position\":2,\"name\":\"Tienda\",\"item\":\"https:\\\/\\\/www.sempertea.eu\\\/tienda\\\/\"},{\"@type\":\"ListItem\",\"position\":3,\"name\":\"ENGLISH BREAKFAST th\u00e9 bio I Th\u00e9 Pyramide en sachets\"}]},{\"@type\":\"WebSite\",\"@id\":\"https:\\\/\\\/www.sempertea.eu\\\/#website\",\"url\":\"https:\\\/\\\/www.sempertea.eu\\\/\",\"name\":\"Semper Tea | Mayorista y fabricante de T\u00e9s e Infusiones para hoteles, restaurantes y bares\",\"description\":\"T\u00e9s e infusiones para hosteler\u00eda, hoteler\u00eda y comercio\",\"potentialAction\":[{\"@type\":\"SearchAction\",\"target\":{\"@type\":\"EntryPoint\",\"urlTemplate\":\"https:\\\/\\\/www.sempertea.eu\\\/?s={search_term_string}\"},\"query-input\":{\"@type\":\"PropertyValueSpecification\",\"valueRequired\":true,\"valueName\":\"search_term_string\"}}],\"inLanguage\":\"fr-FR\"}]}<\/script>\n<!-- \/ Yoast SEO Premium plugin. -->","yoast_head_json":{"title":"English Breakfast Tea ingr\u00e9dients biologiques dans un emballage sans plastique","description":"Th\u00e9 English Breakfast \u00e0 base d'ingr\u00e9dients biologiques, pr\u00e9sent\u00e9 dans un emballage \u00e9cologique sans plastique. Commencez votre journ\u00e9e de mani\u00e8re durable et d\u00e9licieuse.","robots":{"index":"index","follow":"follow","max-snippet":"max-snippet:-1","max-image-preview":"max-image-preview:large","max-video-preview":"max-video-preview:-1"},"canonical":"https:\/\/www.sempertea.eu\/fr\/english-breakfast-the-bio-i-the-pyramide-en-sachets\/","og_locale":"fr_FR","og_type":"article","og_title":"ENGLISH BREAKFAST th\u00e9 bio I Th\u00e9 Pyramide en sachets","og_description":"Th\u00e9 English Breakfast \u00e0 base d'ingr\u00e9dients biologiques, pr\u00e9sent\u00e9 dans un emballage \u00e9cologique sans plastique. Commencez votre journ\u00e9e de mani\u00e8re durable et d\u00e9licieuse.","og_url":"https:\/\/www.sempertea.eu\/fr\/english-breakfast-the-bio-i-the-pyramide-en-sachets\/","og_site_name":"Semper Tea | Mayorista y fabricante de T\u00e9s e Infusiones para hoteles, restaurantes y bares","og_image":[{"width":1500,"height":1500,"url":"https:\/\/www.sempertea.eu\/wp-content\/uploads\/2023\/08\/english-breakfast-tea-ingredientes-organicos-envase-libre-de-plastico-semper-tea-.jpg","type":"image\/jpeg"}],"twitter_card":"summary_large_image","twitter_misc":{"Dur\u00e9e de lecture estim\u00e9e":"1 minute"},"schema":{"@context":"https:\/\/schema.org","@graph":[{"@type":"WebPage","@id":"https:\/\/www.sempertea.eu\/fr\/english-breakfast-the-bio-i-the-pyramide-en-sachets\/","url":"https:\/\/www.sempertea.eu\/fr\/english-breakfast-the-bio-i-the-pyramide-en-sachets\/","name":"English Breakfast Tea ingr\u00e9dients biologiques dans un emballage sans plastique","isPartOf":{"@id":"https:\/\/www.sempertea.eu\/#website"},"primaryImageOfPage":{"@id":"https:\/\/www.sempertea.eu\/fr\/english-breakfast-the-bio-i-the-pyramide-en-sachets\/#primaryimage"},"image":{"@id":"https:\/\/www.sempertea.eu\/fr\/english-breakfast-the-bio-i-the-pyramide-en-sachets\/#primaryimage"},"thumbnailUrl":"https:\/\/www.sempertea.eu\/wp-content\/uploads\/2023\/08\/english-breakfast-tea-ingredientes-organicos-envase-libre-de-plastico-semper-tea-.jpg","datePublished":"2024-10-17T18:01:26+00:00","description":"Th\u00e9 English Breakfast \u00e0 base d'ingr\u00e9dients biologiques, pr\u00e9sent\u00e9 dans un emballage \u00e9cologique sans plastique. Commencez votre journ\u00e9e de mani\u00e8re durable et d\u00e9licieuse.","breadcrumb":{"@id":"https:\/\/www.sempertea.eu\/fr\/english-breakfast-the-bio-i-the-pyramide-en-sachets\/#breadcrumb"},"inLanguage":"fr-FR","potentialAction":[{"@type":"ReadAction","target":["https:\/\/www.sempertea.eu\/fr\/english-breakfast-the-bio-i-the-pyramide-en-sachets\/"]}]},{"@type":"ImageObject","inLanguage":"fr-FR","@id":"https:\/\/www.sempertea.eu\/fr\/english-breakfast-the-bio-i-the-pyramide-en-sachets\/#primaryimage","url":"https:\/\/www.sempertea.eu\/wp-content\/uploads\/2023\/08\/english-breakfast-tea-ingredientes-organicos-envase-libre-de-plastico-semper-tea-.jpg","contentUrl":"https:\/\/www.sempertea.eu\/wp-content\/uploads\/2023\/08\/english-breakfast-tea-ingredientes-organicos-envase-libre-de-plastico-semper-tea-.jpg","width":1500,"height":1500,"caption":"English Breakfast Tea Ingredientes Org\u00e1nicos en Envase Libre de Pl\u00e1stico"},{"@type":"BreadcrumbList","@id":"https:\/\/www.sempertea.eu\/fr\/english-breakfast-the-bio-i-the-pyramide-en-sachets\/#breadcrumb","itemListElement":[{"@type":"ListItem","position":1,"name":"Portada","item":"https:\/\/www.sempertea.eu\/"},{"@type":"ListItem","position":2,"name":"Tienda","item":"https:\/\/www.sempertea.eu\/tienda\/"},{"@type":"ListItem","position":3,"name":"ENGLISH BREAKFAST th\u00e9 bio I Th\u00e9 Pyramide en sachets"}]},{"@type":"WebSite","@id":"https:\/\/www.sempertea.eu\/#website","url":"https:\/\/www.sempertea.eu\/","name":"Semper Tea | Mayorista y fabricante de T\u00e9s e Infusiones para hoteles, restaurantes y bares","description":"T\u00e9s e infusiones para hosteler\u00eda, hoteler\u00eda y comercio","potentialAction":[{"@type":"SearchAction","target":{"@type":"EntryPoint","urlTemplate":"https:\/\/www.sempertea.eu\/?s={search_term_string}"},"query-input":{"@type":"PropertyValueSpecification","valueRequired":true,"valueName":"search_term_string"}}],"inLanguage":"fr-FR"}]}},"_links":{"self":[{"href":"https:\/\/www.sempertea.eu\/fr\/wp-json\/wp\/v2\/product\/12142","targetHints":{"allow":["GET"]}}],"collection":[{"href":"https:\/\/www.sempertea.eu\/fr\/wp-json\/wp\/v2\/product"}],"about":[{"href":"https:\/\/www.sempertea.eu\/fr\/wp-json\/wp\/v2\/types\/product"}],"replies":[{"embeddable":true,"href":"https:\/\/www.sempertea.eu\/fr\/wp-json\/wp\/v2\/comments?post=12142"}],"wp:featuredmedia":[{"embeddable":true,"href":"https:\/\/www.sempertea.eu\/fr\/wp-json\/wp\/v2\/media\/12143"}],"wp:attachment":[{"href":"https:\/\/www.sempertea.eu\/fr\/wp-json\/wp\/v2\/media?parent=12142"}],"wp:term":[{"taxonomy":"product_brand","embeddable":true,"href":"https:\/\/www.sempertea.eu\/fr\/wp-json\/wp\/v2\/product_brand?post=12142"},{"taxonomy":"product_cat","embeddable":true,"href":"https:\/\/www.sempertea.eu\/fr\/wp-json\/wp\/v2\/product_cat?post=12142"},{"taxonomy":"product_tag","embeddable":true,"href":"https:\/\/www.sempertea.eu\/fr\/wp-json\/wp\/v2\/product_tag?post=12142"}],"curies":[{"name":"wp","href":"https:\/\/api.w.org\/{rel}","templated":true}]}}