{"id":12138,"date":"2023-08-23T20:53:10","date_gmt":"2024-10-17T17:42:49","guid":{"rendered":"https:\/\/www.sempertea.eu\/earl-grey-organic-tea-i-the-pyramide-en-sachet\/"},"modified":"2024-10-17T18:42:49","modified_gmt":"2024-10-17T17:42:49","slug":"earl-grey-organic-tea-i-the-pyramide-en-sachet","status":"publish","type":"product","link":"https:\/\/www.sempertea.eu\/fr\/earl-grey-organic-tea-i-the-pyramide-en-sachet\/","title":{"rendered":"EARL GREY organic tea I Th\u00e9 Pyramide en sachet"},"content":{"rendered":"<h2>Th\u00e9 Earl Grey raffin\u00e9 dans des sachets pratiques en forme de pyramide<\/h2>\n<p>Laissez-vous emporter par le go\u00fbt d\u00e9licieux de notre th\u00e9 Earl Grey, soigneusement emball\u00e9 dans des <strong>sachets pyramidaux biod\u00e9gradables<\/strong>. Laissez l&rsquo;ar\u00f4me captivant de la bergamote vous transporter dans un voyage de plaisir et savourez chaque gorg\u00e9e dans le respect de l&rsquo;environnement. D\u00e9couvrez la combinaison id\u00e9ale du go\u00fbt et de la durabilit\u00e9 dans notre boutique en ligne.  <\/p>\n<h3>Savourez un d\u00e9licieux Earl Grey Latte<\/h3>\n<p>Pr\u00e9parez-vous \u00e0 d\u00e9guster un d\u00e9licieux Earl Grey Latte, vous allez adorer ! Vous pouvez opter pour du lait ordinaire ou des versions v\u00e9g\u00e9taliennes telles que le lait d&rsquo;amande ou de coco. Pour ce faire, m\u00e9langez moiti\u00e9 eau et moiti\u00e9 lait. Infusez d&rsquo;abord le sachet pyramidal dans l&rsquo;eau, puis retirez-le. Pendant ce temps, faites chauffer le lait et mixez-le pour obtenir une texture mousseuse. Versez-le dans la tasse avec l&rsquo;infusion de th\u00e9. Si vous le souhaitez, vous pouvez ajouter du sirop de vanille et une pointe de cannelle &#8211; attention, c&rsquo;est tr\u00e8s addictif !       <\/p>\n<h4><strong>Enveloppe sans plastique : un choix conscient<\/strong><\/h4>\n<p>L&rsquo;objectif principal de notre emballage est de pr\u00e9server la qualit\u00e9 et l&rsquo;ar\u00f4me de nos th\u00e9s et infusions biologiques. Les sachets sont compos\u00e9s d&rsquo;une feuille de papier attach\u00e9e \u00e0 une pellicule de cellulose scellable, qui agit comme une barri\u00e8re pour maintenir<strong> l&rsquo;ar\u00f4me du th\u00e9.<\/strong> Vous pouvez jeter le sachet dans le conteneur en papier, contribuant ainsi \u00e0 des <strong><a href=\"https:\/\/www.sempertea.eu\/quienes-somos-fabricante-te-bio\/\">pratiques respectueuses de l&rsquo;environnement<\/a><\/strong>.  <\/p>\n","protected":false},"excerpt":{"rendered":"<p><strong>Intense et d\u00e9licieux avec des notes de bergamote<br \/>\n<\/strong><\/p>\n<p>D\u00e9couvrez un merveilleux \u00e9quilibre dans notre s\u00e9lection de th\u00e9 noir, avec l&rsquo;essence naturelle et d\u00e9licieuse de bergamote dans notre Earl Grey biologique classique. Appr\u00e9ciez un soup\u00e7on de douceur \u00e0 chaque gorg\u00e9e. Am\u00e9liorez votre exp\u00e9rience dans des sachets de th\u00e9 pratiques en forme de pyramide.  <\/p>\n","protected":false},"featured_media":12139,"comment_status":"open","ping_status":"closed","template":"","meta":[],"product_brand":[],"product_cat":[268,309,300,298,299,283,284,310,312,316],"product_tag":[],"class_list":{"0":"post-12138","1":"product","2":"type-product","3":"status-publish","4":"has-post-thumbnail","6":"product_cat-infusions-sans-plastique","7":"product_cat-collections","8":"product_cat-emballages-sans-plastique","9":"product_cat-les-varietes-de-the","10":"product_cat-the-en-pyramide-biodegradable","11":"product_cat-thes-et-infusions-biologiques-de-qualite","12":"product_cat-the-noir-acheter-en-ligne-proprietes","13":"product_cat-tous","14":"product_cat-tous-fr-2","15":"product_cat-uncategorized-fr","17":"first","18":"instock","19":"shipping-taxable","20":"purchasable","21":"product-type-simple"},"yoast_head":"<!-- This site is optimized with the Yoast SEO Premium plugin v27.3 (Yoast SEO v27.4) - https:\/\/yoast.com\/product\/yoast-seo-premium-wordpress\/ -->\n<title>Th\u00e9 Earl Grey \u00e0 la bergamote dans un emballage durable sans plastique Semper Tea<\/title>\n<meta name=\"description\" content=\"Le go\u00fbt exquis du th\u00e9 Earl Grey \u00e0 la bergamote dans un emballage \u00e9cologique sans plastique. Il prend soin de vos papilles et de l&#039;environnement.\" \/>\n<meta name=\"robots\" content=\"index, follow, max-snippet:-1, max-image-preview:large, max-video-preview:-1\" \/>\n<link rel=\"canonical\" href=\"https:\/\/www.sempertea.eu\/fr\/earl-grey-organic-tea-i-the-pyramide-en-sachet\/\" \/>\n<meta property=\"og:locale\" content=\"fr_FR\" \/>\n<meta property=\"og:type\" content=\"article\" \/>\n<meta property=\"og:title\" content=\"EARL GREY organic tea I Th\u00e9 Pyramide en sachet\" \/>\n<meta property=\"og:description\" content=\"Le go\u00fbt exquis du th\u00e9 Earl Grey \u00e0 la bergamote dans un emballage \u00e9cologique sans plastique. Il prend soin de vos papilles et de l&#039;environnement.\" \/>\n<meta property=\"og:url\" content=\"https:\/\/www.sempertea.eu\/fr\/earl-grey-organic-tea-i-the-pyramide-en-sachet\/\" \/>\n<meta property=\"og:site_name\" content=\"Semper Tea | Mayorista y fabricante de T\u00e9s e Infusiones para hoteles, restaurantes y bares\" \/>\n<meta property=\"og:image\" content=\"https:\/\/www.sempertea.eu\/wp-content\/uploads\/2023\/08\/te-el-grey-con-bergamota-envase-libre-de-plastico-semper-tea.jpg\" \/>\n\t<meta property=\"og:image:width\" content=\"1500\" \/>\n\t<meta property=\"og:image:height\" content=\"1500\" \/>\n\t<meta property=\"og:image:type\" content=\"image\/jpeg\" \/>\n<meta name=\"twitter:card\" content=\"summary_large_image\" \/>\n<meta name=\"twitter:image\" content=\"https:\/\/www.sempertea.eu\/wp-content\/uploads\/2023\/08\/eco-friendly-te-premium-earl-grey-semper-tea.jpg\" \/>\n<meta name=\"twitter:label1\" content=\"Dur\u00e9e de lecture estim\u00e9e\" \/>\n\t<meta name=\"twitter:data1\" content=\"1 minute\" \/>\n<script type=\"application\/ld+json\" class=\"yoast-schema-graph\">{\"@context\":\"https:\\\/\\\/schema.org\",\"@graph\":[{\"@type\":\"WebPage\",\"@id\":\"https:\\\/\\\/www.sempertea.eu\\\/fr\\\/earl-grey-organic-tea-i-the-pyramide-en-sachet\\\/\",\"url\":\"https:\\\/\\\/www.sempertea.eu\\\/fr\\\/earl-grey-organic-tea-i-the-pyramide-en-sachet\\\/\",\"name\":\"Th\u00e9 Earl Grey \u00e0 la bergamote dans un emballage durable sans plastique Semper Tea\",\"isPartOf\":{\"@id\":\"https:\\\/\\\/www.sempertea.eu\\\/#website\"},\"primaryImageOfPage\":{\"@id\":\"https:\\\/\\\/www.sempertea.eu\\\/fr\\\/earl-grey-organic-tea-i-the-pyramide-en-sachet\\\/#primaryimage\"},\"image\":{\"@id\":\"https:\\\/\\\/www.sempertea.eu\\\/fr\\\/earl-grey-organic-tea-i-the-pyramide-en-sachet\\\/#primaryimage\"},\"thumbnailUrl\":\"https:\\\/\\\/www.sempertea.eu\\\/wp-content\\\/uploads\\\/2023\\\/08\\\/te-el-grey-con-bergamota-envase-libre-de-plastico-semper-tea.jpg\",\"datePublished\":\"2024-10-17T17:42:49+00:00\",\"description\":\"Le go\u00fbt exquis du th\u00e9 Earl Grey \u00e0 la bergamote dans un emballage \u00e9cologique sans plastique. Il prend soin de vos papilles et de l'environnement.\",\"breadcrumb\":{\"@id\":\"https:\\\/\\\/www.sempertea.eu\\\/fr\\\/earl-grey-organic-tea-i-the-pyramide-en-sachet\\\/#breadcrumb\"},\"inLanguage\":\"fr-FR\",\"potentialAction\":[{\"@type\":\"ReadAction\",\"target\":[\"https:\\\/\\\/www.sempertea.eu\\\/fr\\\/earl-grey-organic-tea-i-the-pyramide-en-sachet\\\/\"]}]},{\"@type\":\"ImageObject\",\"inLanguage\":\"fr-FR\",\"@id\":\"https:\\\/\\\/www.sempertea.eu\\\/fr\\\/earl-grey-organic-tea-i-the-pyramide-en-sachet\\\/#primaryimage\",\"url\":\"https:\\\/\\\/www.sempertea.eu\\\/wp-content\\\/uploads\\\/2023\\\/08\\\/te-el-grey-con-bergamota-envase-libre-de-plastico-semper-tea.jpg\",\"contentUrl\":\"https:\\\/\\\/www.sempertea.eu\\\/wp-content\\\/uploads\\\/2023\\\/08\\\/te-el-grey-con-bergamota-envase-libre-de-plastico-semper-tea.jpg\",\"width\":1500,\"height\":1500,\"caption\":\"T\u00e9 El Grey con Bergamota en envase libre de pl\u00e1stico\"},{\"@type\":\"BreadcrumbList\",\"@id\":\"https:\\\/\\\/www.sempertea.eu\\\/fr\\\/earl-grey-organic-tea-i-the-pyramide-en-sachet\\\/#breadcrumb\",\"itemListElement\":[{\"@type\":\"ListItem\",\"position\":1,\"name\":\"Portada\",\"item\":\"https:\\\/\\\/www.sempertea.eu\\\/\"},{\"@type\":\"ListItem\",\"position\":2,\"name\":\"Tienda\",\"item\":\"https:\\\/\\\/www.sempertea.eu\\\/tienda\\\/\"},{\"@type\":\"ListItem\",\"position\":3,\"name\":\"EARL GREY organic tea I Th\u00e9 Pyramide en sachet\"}]},{\"@type\":\"WebSite\",\"@id\":\"https:\\\/\\\/www.sempertea.eu\\\/#website\",\"url\":\"https:\\\/\\\/www.sempertea.eu\\\/\",\"name\":\"Semper Tea | Mayorista y fabricante de T\u00e9s e Infusiones para hoteles, restaurantes y bares\",\"description\":\"T\u00e9s e infusiones para hosteler\u00eda, hoteler\u00eda y comercio\",\"potentialAction\":[{\"@type\":\"SearchAction\",\"target\":{\"@type\":\"EntryPoint\",\"urlTemplate\":\"https:\\\/\\\/www.sempertea.eu\\\/?s={search_term_string}\"},\"query-input\":{\"@type\":\"PropertyValueSpecification\",\"valueRequired\":true,\"valueName\":\"search_term_string\"}}],\"inLanguage\":\"fr-FR\"}]}<\/script>\n<!-- \/ Yoast SEO Premium plugin. -->","yoast_head_json":{"title":"Th\u00e9 Earl Grey \u00e0 la bergamote dans un emballage durable sans plastique Semper Tea","description":"Le go\u00fbt exquis du th\u00e9 Earl Grey \u00e0 la bergamote dans un emballage \u00e9cologique sans plastique. Il prend soin de vos papilles et de l'environnement.","robots":{"index":"index","follow":"follow","max-snippet":"max-snippet:-1","max-image-preview":"max-image-preview:large","max-video-preview":"max-video-preview:-1"},"canonical":"https:\/\/www.sempertea.eu\/fr\/earl-grey-organic-tea-i-the-pyramide-en-sachet\/","og_locale":"fr_FR","og_type":"article","og_title":"EARL GREY organic tea I Th\u00e9 Pyramide en sachet","og_description":"Le go\u00fbt exquis du th\u00e9 Earl Grey \u00e0 la bergamote dans un emballage \u00e9cologique sans plastique. Il prend soin de vos papilles et de l'environnement.","og_url":"https:\/\/www.sempertea.eu\/fr\/earl-grey-organic-tea-i-the-pyramide-en-sachet\/","og_site_name":"Semper Tea | Mayorista y fabricante de T\u00e9s e Infusiones para hoteles, restaurantes y bares","og_image":[{"width":1500,"height":1500,"url":"https:\/\/www.sempertea.eu\/wp-content\/uploads\/2023\/08\/te-el-grey-con-bergamota-envase-libre-de-plastico-semper-tea.jpg","type":"image\/jpeg"}],"twitter_card":"summary_large_image","twitter_image":"https:\/\/www.sempertea.eu\/wp-content\/uploads\/2023\/08\/eco-friendly-te-premium-earl-grey-semper-tea.jpg","twitter_misc":{"Dur\u00e9e de lecture estim\u00e9e":"1 minute"},"schema":{"@context":"https:\/\/schema.org","@graph":[{"@type":"WebPage","@id":"https:\/\/www.sempertea.eu\/fr\/earl-grey-organic-tea-i-the-pyramide-en-sachet\/","url":"https:\/\/www.sempertea.eu\/fr\/earl-grey-organic-tea-i-the-pyramide-en-sachet\/","name":"Th\u00e9 Earl Grey \u00e0 la bergamote dans un emballage durable sans plastique Semper Tea","isPartOf":{"@id":"https:\/\/www.sempertea.eu\/#website"},"primaryImageOfPage":{"@id":"https:\/\/www.sempertea.eu\/fr\/earl-grey-organic-tea-i-the-pyramide-en-sachet\/#primaryimage"},"image":{"@id":"https:\/\/www.sempertea.eu\/fr\/earl-grey-organic-tea-i-the-pyramide-en-sachet\/#primaryimage"},"thumbnailUrl":"https:\/\/www.sempertea.eu\/wp-content\/uploads\/2023\/08\/te-el-grey-con-bergamota-envase-libre-de-plastico-semper-tea.jpg","datePublished":"2024-10-17T17:42:49+00:00","description":"Le go\u00fbt exquis du th\u00e9 Earl Grey \u00e0 la bergamote dans un emballage \u00e9cologique sans plastique. Il prend soin de vos papilles et de l'environnement.","breadcrumb":{"@id":"https:\/\/www.sempertea.eu\/fr\/earl-grey-organic-tea-i-the-pyramide-en-sachet\/#breadcrumb"},"inLanguage":"fr-FR","potentialAction":[{"@type":"ReadAction","target":["https:\/\/www.sempertea.eu\/fr\/earl-grey-organic-tea-i-the-pyramide-en-sachet\/"]}]},{"@type":"ImageObject","inLanguage":"fr-FR","@id":"https:\/\/www.sempertea.eu\/fr\/earl-grey-organic-tea-i-the-pyramide-en-sachet\/#primaryimage","url":"https:\/\/www.sempertea.eu\/wp-content\/uploads\/2023\/08\/te-el-grey-con-bergamota-envase-libre-de-plastico-semper-tea.jpg","contentUrl":"https:\/\/www.sempertea.eu\/wp-content\/uploads\/2023\/08\/te-el-grey-con-bergamota-envase-libre-de-plastico-semper-tea.jpg","width":1500,"height":1500,"caption":"T\u00e9 El Grey con Bergamota en envase libre de pl\u00e1stico"},{"@type":"BreadcrumbList","@id":"https:\/\/www.sempertea.eu\/fr\/earl-grey-organic-tea-i-the-pyramide-en-sachet\/#breadcrumb","itemListElement":[{"@type":"ListItem","position":1,"name":"Portada","item":"https:\/\/www.sempertea.eu\/"},{"@type":"ListItem","position":2,"name":"Tienda","item":"https:\/\/www.sempertea.eu\/tienda\/"},{"@type":"ListItem","position":3,"name":"EARL GREY organic tea I Th\u00e9 Pyramide en sachet"}]},{"@type":"WebSite","@id":"https:\/\/www.sempertea.eu\/#website","url":"https:\/\/www.sempertea.eu\/","name":"Semper Tea | Mayorista y fabricante de T\u00e9s e Infusiones para hoteles, restaurantes y bares","description":"T\u00e9s e infusiones para hosteler\u00eda, hoteler\u00eda y comercio","potentialAction":[{"@type":"SearchAction","target":{"@type":"EntryPoint","urlTemplate":"https:\/\/www.sempertea.eu\/?s={search_term_string}"},"query-input":{"@type":"PropertyValueSpecification","valueRequired":true,"valueName":"search_term_string"}}],"inLanguage":"fr-FR"}]}},"_links":{"self":[{"href":"https:\/\/www.sempertea.eu\/fr\/wp-json\/wp\/v2\/product\/12138","targetHints":{"allow":["GET"]}}],"collection":[{"href":"https:\/\/www.sempertea.eu\/fr\/wp-json\/wp\/v2\/product"}],"about":[{"href":"https:\/\/www.sempertea.eu\/fr\/wp-json\/wp\/v2\/types\/product"}],"replies":[{"embeddable":true,"href":"https:\/\/www.sempertea.eu\/fr\/wp-json\/wp\/v2\/comments?post=12138"}],"wp:featuredmedia":[{"embeddable":true,"href":"https:\/\/www.sempertea.eu\/fr\/wp-json\/wp\/v2\/media\/12139"}],"wp:attachment":[{"href":"https:\/\/www.sempertea.eu\/fr\/wp-json\/wp\/v2\/media?parent=12138"}],"wp:term":[{"taxonomy":"product_brand","embeddable":true,"href":"https:\/\/www.sempertea.eu\/fr\/wp-json\/wp\/v2\/product_brand?post=12138"},{"taxonomy":"product_cat","embeddable":true,"href":"https:\/\/www.sempertea.eu\/fr\/wp-json\/wp\/v2\/product_cat?post=12138"},{"taxonomy":"product_tag","embeddable":true,"href":"https:\/\/www.sempertea.eu\/fr\/wp-json\/wp\/v2\/product_tag?post=12138"}],"curies":[{"name":"wp","href":"https:\/\/api.w.org\/{rel}","templated":true}]}}