{"id":12133,"date":"2023-09-11T21:43:18","date_gmt":"2024-10-17T17:36:51","guid":{"rendered":"https:\/\/www.sempertea.eu\/camomille-infusion-biologique-de-camomille-i-the-pyramide-en-sachet\/"},"modified":"2024-10-17T18:36:51","modified_gmt":"2024-10-17T17:36:51","slug":"camomille-infusion-biologique-de-camomille-i-the-pyramide-en-sachet","status":"publish","type":"product","link":"https:\/\/www.sempertea.eu\/fr\/camomille-infusion-biologique-de-camomille-i-the-pyramide-en-sachet\/","title":{"rendered":"CAMOMILLE infusion biologique de camomille I Th\u00e9 pyramide en sachet"},"content":{"rendered":"<h2>La camomille : votre alli\u00e9e pour la tranquillit\u00e9 et le sommeil de la nature<\/h2>\n<p>Le rythme effr\u00e9n\u00e9 de nos vies a souvent un impact sur notre bien-\u00eatre, notamment sur la qualit\u00e9 de notre sommeil. Heureusement, la nature nous offre une abondante vari\u00e9t\u00e9 d&rsquo;herbes, de fleurs, de graines, de fruits et de plantes pour des infusions qui peuvent nous aider \u00e0 trouver un sommeil r\u00e9parateur. Parmi ces options, les infusions biologiques de camomille de Semper Tea se distinguent comme un choix qui prend soin de vous, tout en respectant l&rsquo;environnement.  <\/p>\n<h3>Harmonie naturelle : camomille biologique<\/h3>\n<p>Notre camomille, soigneusement s\u00e9lectionn\u00e9e et cultiv\u00e9e de mani\u00e8re biologique, est une infusion <strong>sans th\u00e9ine<\/strong> ni caf\u00e9ine. Son pouvoir relaxant en fait le choix id\u00e9al pour profiter d&rsquo;une tasse le soir, vous aidant \u00e0 plonger dans un sommeil paisible et r\u00e9parateur. De plus, ses propri\u00e9t\u00e9s naturelles peuvent soulager les inconforts du rhume, vous permettant de vous reposer et de vous r\u00e9tablir. Chez Semper Tea, nous sommes engag\u00e9s en faveur de la durabilit\u00e9 et de la protection de la nature. C&rsquo;est pourquoi nos infusions d&rsquo;herbes sont pr\u00e9sent\u00e9es dans des<strong> sachets pyramides et des emballages enti\u00e8rement biod\u00e9gradables<\/strong>, contribuant \u00e0 un monde plus \u00e9cologique et sans plastique. Choisissez des produits biologiques et sans plastique qui vous apportent l&rsquo;harmonie dont vous avez besoin avec la nature, en prenant soin de vous et de la plan\u00e8te en m\u00eame temps.  <\/p>\n<h4><strong>Une passion pour la nature transform\u00e9e en infusions biologiques<\/strong><\/h4>\n<p>Chez Semper Tea, notre engagement envers l&rsquo;excellence va de pair avec notre responsabilit\u00e9 environnementale. Nous vous invitons \u00e0 nous rejoindre dans un voyage passionnant qui allie l&rsquo;exploration de saveurs exquises, des pratiques commerciales \u00e9thiques et un engagement ferme pour la pr\u00e9servation de notre plan\u00e8te. \u00c9levez vos standards dans le monde du th\u00e9 avec Semper Tea et AMBAR. Aujourd&rsquo;hui, nous vous encourageons \u00e0 nous contacter pour int\u00e9grer cette durabilit\u00e9 dans votre entreprise. L&rsquo;avenir du th\u00e9 est arriv\u00e9 et il est entre vos mains !<\/p>\n","protected":false},"excerpt":{"rendered":"<p><strong>N<\/strong><strong>aturelle et apaisante avec<\/strong> une touche de douceur D\u00e9couvrez notre camomille biologique soigneusement s\u00e9lectionn\u00e9e, connue pour son ar\u00f4me d\u00e9licat caract\u00e9ristique et sa touche de douceur. Cette tisane vous invite \u00e0 vous plonger dans la d\u00e9tente et \u00e0 profiter de chaque instant gr\u00e2ce \u00e0 son go\u00fbt doux et gratifiant, sans caf\u00e9ine. Cr\u00e9\u00e9e avec amour pour la nature et exempte de toute trace de plastique.<\/p>\n","protected":false},"featured_media":12134,"comment_status":"open","ping_status":"closed","template":"","meta":[],"product_brand":[],"product_cat":[268,309,300,298,289,299,283,310,311,312,316],"product_tag":[],"class_list":{"0":"post-12133","1":"product","2":"type-product","3":"status-publish","4":"has-post-thumbnail","6":"product_cat-infusions-sans-plastique","7":"product_cat-collections","8":"product_cat-emballages-sans-plastique","9":"product_cat-les-varietes-de-the","10":"product_cat-the-aux-herbes-bio-au-acheter","11":"product_cat-the-en-pyramide-biodegradable","12":"product_cat-thes-et-infusions-biologiques-de-qualite","13":"product_cat-tous","14":"product_cat-tous-fr","15":"product_cat-tous-fr-2","16":"product_cat-uncategorized-fr","18":"first","19":"instock","20":"shipping-taxable","21":"purchasable","22":"product-type-simple"},"yoast_head":"<!-- This site is optimized with the Yoast SEO Premium plugin v27.3 (Yoast SEO v27.4) - https:\/\/yoast.com\/product\/yoast-seo-premium-wordpress\/ -->\n<title>Infusions biologiques 100% sans plastique | Camomille Semper Tea<\/title>\n<meta name=\"description\" content=\"D\u00e9couvrez la nature \u00e0 l&#039;\u00e9tat pur avec nos infusions de camomille 100 % biologiques, sans bo\u00eete ni emballage en plastique.\" \/>\n<meta name=\"robots\" content=\"index, follow, max-snippet:-1, max-image-preview:large, max-video-preview:-1\" \/>\n<link rel=\"canonical\" href=\"https:\/\/www.sempertea.eu\/fr\/camomille-infusion-biologique-de-camomille-i-the-pyramide-en-sachet\/\" \/>\n<meta property=\"og:locale\" content=\"fr_FR\" \/>\n<meta property=\"og:type\" content=\"article\" \/>\n<meta property=\"og:title\" content=\"CAMOMILLE infusion biologique de camomille I Th\u00e9 pyramide en sachet\" \/>\n<meta property=\"og:description\" content=\"D\u00e9couvrez la nature \u00e0 l&#039;\u00e9tat pur avec nos infusions de camomille 100 % biologiques, sans bo\u00eete ni emballage en plastique.\" \/>\n<meta property=\"og:url\" content=\"https:\/\/www.sempertea.eu\/fr\/camomille-infusion-biologique-de-camomille-i-the-pyramide-en-sachet\/\" \/>\n<meta property=\"og:site_name\" content=\"Semper Tea | Mayorista y fabricante de T\u00e9s e Infusiones para hoteles, restaurantes y bares\" \/>\n<meta property=\"og:image\" content=\"https:\/\/www.sempertea.eu\/wp-content\/uploads\/2023\/09\/infusiones-organicas-libre-de-plastico-semper-tea.jpg\" \/>\n\t<meta property=\"og:image:width\" content=\"1500\" \/>\n\t<meta property=\"og:image:height\" content=\"1500\" \/>\n\t<meta property=\"og:image:type\" content=\"image\/jpeg\" \/>\n<meta name=\"twitter:card\" content=\"summary_large_image\" \/>\n<meta name=\"twitter:label1\" content=\"Dur\u00e9e de lecture estim\u00e9e\" \/>\n\t<meta name=\"twitter:data1\" content=\"2 minutes\" \/>\n<script type=\"application\/ld+json\" class=\"yoast-schema-graph\">{\"@context\":\"https:\\\/\\\/schema.org\",\"@graph\":[{\"@type\":\"WebPage\",\"@id\":\"https:\\\/\\\/www.sempertea.eu\\\/fr\\\/camomille-infusion-biologique-de-camomille-i-the-pyramide-en-sachet\\\/\",\"url\":\"https:\\\/\\\/www.sempertea.eu\\\/fr\\\/camomille-infusion-biologique-de-camomille-i-the-pyramide-en-sachet\\\/\",\"name\":\"Infusions biologiques 100% sans plastique | Camomille Semper Tea\",\"isPartOf\":{\"@id\":\"https:\\\/\\\/www.sempertea.eu\\\/#website\"},\"primaryImageOfPage\":{\"@id\":\"https:\\\/\\\/www.sempertea.eu\\\/fr\\\/camomille-infusion-biologique-de-camomille-i-the-pyramide-en-sachet\\\/#primaryimage\"},\"image\":{\"@id\":\"https:\\\/\\\/www.sempertea.eu\\\/fr\\\/camomille-infusion-biologique-de-camomille-i-the-pyramide-en-sachet\\\/#primaryimage\"},\"thumbnailUrl\":\"https:\\\/\\\/www.sempertea.eu\\\/wp-content\\\/uploads\\\/2023\\\/09\\\/infusiones-organicas-libre-de-plastico-semper-tea.jpg\",\"datePublished\":\"2024-10-17T17:36:51+00:00\",\"description\":\"D\u00e9couvrez la nature \u00e0 l'\u00e9tat pur avec nos infusions de camomille 100 % biologiques, sans bo\u00eete ni emballage en plastique.\",\"breadcrumb\":{\"@id\":\"https:\\\/\\\/www.sempertea.eu\\\/fr\\\/camomille-infusion-biologique-de-camomille-i-the-pyramide-en-sachet\\\/#breadcrumb\"},\"inLanguage\":\"fr-FR\",\"potentialAction\":[{\"@type\":\"ReadAction\",\"target\":[\"https:\\\/\\\/www.sempertea.eu\\\/fr\\\/camomille-infusion-biologique-de-camomille-i-the-pyramide-en-sachet\\\/\"]}]},{\"@type\":\"ImageObject\",\"inLanguage\":\"fr-FR\",\"@id\":\"https:\\\/\\\/www.sempertea.eu\\\/fr\\\/camomille-infusion-biologique-de-camomille-i-the-pyramide-en-sachet\\\/#primaryimage\",\"url\":\"https:\\\/\\\/www.sempertea.eu\\\/wp-content\\\/uploads\\\/2023\\\/09\\\/infusiones-organicas-libre-de-plastico-semper-tea.jpg\",\"contentUrl\":\"https:\\\/\\\/www.sempertea.eu\\\/wp-content\\\/uploads\\\/2023\\\/09\\\/infusiones-organicas-libre-de-plastico-semper-tea.jpg\",\"width\":1500,\"height\":1500,\"caption\":\"infusiones organicas libre de plastico semper tea\"},{\"@type\":\"BreadcrumbList\",\"@id\":\"https:\\\/\\\/www.sempertea.eu\\\/fr\\\/camomille-infusion-biologique-de-camomille-i-the-pyramide-en-sachet\\\/#breadcrumb\",\"itemListElement\":[{\"@type\":\"ListItem\",\"position\":1,\"name\":\"Portada\",\"item\":\"https:\\\/\\\/www.sempertea.eu\\\/\"},{\"@type\":\"ListItem\",\"position\":2,\"name\":\"Tienda\",\"item\":\"https:\\\/\\\/www.sempertea.eu\\\/tienda\\\/\"},{\"@type\":\"ListItem\",\"position\":3,\"name\":\"CAMOMILLE infusion biologique de camomille I Th\u00e9 pyramide en sachet\"}]},{\"@type\":\"WebSite\",\"@id\":\"https:\\\/\\\/www.sempertea.eu\\\/#website\",\"url\":\"https:\\\/\\\/www.sempertea.eu\\\/\",\"name\":\"Semper Tea | Mayorista y fabricante de T\u00e9s e Infusiones para hoteles, restaurantes y bares\",\"description\":\"T\u00e9s e infusiones para hosteler\u00eda, hoteler\u00eda y comercio\",\"potentialAction\":[{\"@type\":\"SearchAction\",\"target\":{\"@type\":\"EntryPoint\",\"urlTemplate\":\"https:\\\/\\\/www.sempertea.eu\\\/?s={search_term_string}\"},\"query-input\":{\"@type\":\"PropertyValueSpecification\",\"valueRequired\":true,\"valueName\":\"search_term_string\"}}],\"inLanguage\":\"fr-FR\"}]}<\/script>\n<!-- \/ Yoast SEO Premium plugin. -->","yoast_head_json":{"title":"Infusions biologiques 100% sans plastique | Camomille Semper Tea","description":"D\u00e9couvrez la nature \u00e0 l'\u00e9tat pur avec nos infusions de camomille 100 % biologiques, sans bo\u00eete ni emballage en plastique.","robots":{"index":"index","follow":"follow","max-snippet":"max-snippet:-1","max-image-preview":"max-image-preview:large","max-video-preview":"max-video-preview:-1"},"canonical":"https:\/\/www.sempertea.eu\/fr\/camomille-infusion-biologique-de-camomille-i-the-pyramide-en-sachet\/","og_locale":"fr_FR","og_type":"article","og_title":"CAMOMILLE infusion biologique de camomille I Th\u00e9 pyramide en sachet","og_description":"D\u00e9couvrez la nature \u00e0 l'\u00e9tat pur avec nos infusions de camomille 100 % biologiques, sans bo\u00eete ni emballage en plastique.","og_url":"https:\/\/www.sempertea.eu\/fr\/camomille-infusion-biologique-de-camomille-i-the-pyramide-en-sachet\/","og_site_name":"Semper Tea | Mayorista y fabricante de T\u00e9s e Infusiones para hoteles, restaurantes y bares","og_image":[{"width":1500,"height":1500,"url":"https:\/\/www.sempertea.eu\/wp-content\/uploads\/2023\/09\/infusiones-organicas-libre-de-plastico-semper-tea.jpg","type":"image\/jpeg"}],"twitter_card":"summary_large_image","twitter_misc":{"Dur\u00e9e de lecture estim\u00e9e":"2 minutes"},"schema":{"@context":"https:\/\/schema.org","@graph":[{"@type":"WebPage","@id":"https:\/\/www.sempertea.eu\/fr\/camomille-infusion-biologique-de-camomille-i-the-pyramide-en-sachet\/","url":"https:\/\/www.sempertea.eu\/fr\/camomille-infusion-biologique-de-camomille-i-the-pyramide-en-sachet\/","name":"Infusions biologiques 100% sans plastique | Camomille Semper Tea","isPartOf":{"@id":"https:\/\/www.sempertea.eu\/#website"},"primaryImageOfPage":{"@id":"https:\/\/www.sempertea.eu\/fr\/camomille-infusion-biologique-de-camomille-i-the-pyramide-en-sachet\/#primaryimage"},"image":{"@id":"https:\/\/www.sempertea.eu\/fr\/camomille-infusion-biologique-de-camomille-i-the-pyramide-en-sachet\/#primaryimage"},"thumbnailUrl":"https:\/\/www.sempertea.eu\/wp-content\/uploads\/2023\/09\/infusiones-organicas-libre-de-plastico-semper-tea.jpg","datePublished":"2024-10-17T17:36:51+00:00","description":"D\u00e9couvrez la nature \u00e0 l'\u00e9tat pur avec nos infusions de camomille 100 % biologiques, sans bo\u00eete ni emballage en plastique.","breadcrumb":{"@id":"https:\/\/www.sempertea.eu\/fr\/camomille-infusion-biologique-de-camomille-i-the-pyramide-en-sachet\/#breadcrumb"},"inLanguage":"fr-FR","potentialAction":[{"@type":"ReadAction","target":["https:\/\/www.sempertea.eu\/fr\/camomille-infusion-biologique-de-camomille-i-the-pyramide-en-sachet\/"]}]},{"@type":"ImageObject","inLanguage":"fr-FR","@id":"https:\/\/www.sempertea.eu\/fr\/camomille-infusion-biologique-de-camomille-i-the-pyramide-en-sachet\/#primaryimage","url":"https:\/\/www.sempertea.eu\/wp-content\/uploads\/2023\/09\/infusiones-organicas-libre-de-plastico-semper-tea.jpg","contentUrl":"https:\/\/www.sempertea.eu\/wp-content\/uploads\/2023\/09\/infusiones-organicas-libre-de-plastico-semper-tea.jpg","width":1500,"height":1500,"caption":"infusiones organicas libre de plastico semper tea"},{"@type":"BreadcrumbList","@id":"https:\/\/www.sempertea.eu\/fr\/camomille-infusion-biologique-de-camomille-i-the-pyramide-en-sachet\/#breadcrumb","itemListElement":[{"@type":"ListItem","position":1,"name":"Portada","item":"https:\/\/www.sempertea.eu\/"},{"@type":"ListItem","position":2,"name":"Tienda","item":"https:\/\/www.sempertea.eu\/tienda\/"},{"@type":"ListItem","position":3,"name":"CAMOMILLE infusion biologique de camomille I Th\u00e9 pyramide en sachet"}]},{"@type":"WebSite","@id":"https:\/\/www.sempertea.eu\/#website","url":"https:\/\/www.sempertea.eu\/","name":"Semper Tea | Mayorista y fabricante de T\u00e9s e Infusiones para hoteles, restaurantes y bares","description":"T\u00e9s e infusiones para hosteler\u00eda, hoteler\u00eda y comercio","potentialAction":[{"@type":"SearchAction","target":{"@type":"EntryPoint","urlTemplate":"https:\/\/www.sempertea.eu\/?s={search_term_string}"},"query-input":{"@type":"PropertyValueSpecification","valueRequired":true,"valueName":"search_term_string"}}],"inLanguage":"fr-FR"}]}},"_links":{"self":[{"href":"https:\/\/www.sempertea.eu\/fr\/wp-json\/wp\/v2\/product\/12133","targetHints":{"allow":["GET"]}}],"collection":[{"href":"https:\/\/www.sempertea.eu\/fr\/wp-json\/wp\/v2\/product"}],"about":[{"href":"https:\/\/www.sempertea.eu\/fr\/wp-json\/wp\/v2\/types\/product"}],"replies":[{"embeddable":true,"href":"https:\/\/www.sempertea.eu\/fr\/wp-json\/wp\/v2\/comments?post=12133"}],"wp:featuredmedia":[{"embeddable":true,"href":"https:\/\/www.sempertea.eu\/fr\/wp-json\/wp\/v2\/media\/12134"}],"wp:attachment":[{"href":"https:\/\/www.sempertea.eu\/fr\/wp-json\/wp\/v2\/media?parent=12133"}],"wp:term":[{"taxonomy":"product_brand","embeddable":true,"href":"https:\/\/www.sempertea.eu\/fr\/wp-json\/wp\/v2\/product_brand?post=12133"},{"taxonomy":"product_cat","embeddable":true,"href":"https:\/\/www.sempertea.eu\/fr\/wp-json\/wp\/v2\/product_cat?post=12133"},{"taxonomy":"product_tag","embeddable":true,"href":"https:\/\/www.sempertea.eu\/fr\/wp-json\/wp\/v2\/product_tag?post=12133"}],"curies":[{"name":"wp","href":"https:\/\/api.w.org\/{rel}","templated":true}]}}