{"id":12128,"date":"2023-09-12T21:19:31","date_gmt":"2024-10-17T17:27:24","guid":{"rendered":"https:\/\/www.sempertea.eu\/pomme-menthe-dulcet-infusion-bio-i-the-pyramide-en-sachet\/"},"modified":"2024-10-17T18:27:24","modified_gmt":"2024-10-17T17:27:24","slug":"pomme-menthe-dulcet-infusion-bio-i-the-pyramide-en-sachet","status":"publish","type":"product","link":"https:\/\/www.sempertea.eu\/fr\/pomme-menthe-dulcet-infusion-bio-i-the-pyramide-en-sachet\/","title":{"rendered":"POMME MENTHE DULCET infusion bio I Th\u00e9 Pyramide en sachet"},"content":{"rendered":"<h2>R\u00e9glisse \u00e0 la menthe et \u00e0 la pomme : bien plus qu&rsquo;un go\u00fbt sucr\u00e9<\/h2>\n<p>D\u00e9couvrez une infusion exquise avec une douce touche de r\u00e9glisse dans notre offre de th\u00e9 durable. Le th\u00e9 biologique APPLE MINT DULCET, pr\u00e9sent\u00e9 dans un format pyramidal, vous offre la possibilit\u00e9 de d\u00e9guster un th\u00e9 biologique et d\u00e9licieux. Ce d\u00e9licieux m\u00e9lange aromatique associe la r\u00e9glisse, la menthe et la pomme dans une exp\u00e9rience gustative unique et subtilement sucr\u00e9e. <strong>De nombreux amateurs de th\u00e9 choisissent<\/strong> la r\u00e9glisse pour sa saveur distinctive, en particulier ceux qui ont un <strong>palais gourmand<\/strong>. Saviez-vous que la r\u00e9glisse est une plante qui pousse \u00e0 l&rsquo;\u00e9tat naturel dans le sud de l&rsquo;Europe et en Asie ? Ses racines contiennent un \u00e9dulcorant naturel appel\u00e9 glycyrrhizine, qui est 30 \u00e0 50 fois plus sucr\u00e9 que le sucre. Outre son go\u00fbt sucr\u00e9, la r\u00e9glisse est utilis\u00e9e depuis des si\u00e8cles pour ses vertus m\u00e9dicinales. <\/p>\n<h3>Go\u00fbt unique et bien-\u00eatre<\/h3>\n<p>La r\u00e9glisse est une plante au go\u00fbt sucr\u00e9 et distinctif qui peut offrir des bienfaits pour la sant\u00e9, notamment le soulagement de la constipation, des propri\u00e9t\u00e9s anti-inflammatoires contre la douleur, la r\u00e9gulation de la pression art\u00e9rielle, un potentiel pr\u00e9ventif contre les maladies cardiaques, le soulagement des sympt\u00f4mes pr\u00e9menstruels et une efficacit\u00e9 contre l&rsquo;indigestion.<\/p>\n<h4><strong>Emballages sans plastique<\/strong><\/h4>\n<p>Chez Semper Tea, nous sommes fiers de <strong>notre engagement envers la durabilit\u00e9<\/strong>. Nos sachets pyramidaux et enveloppes sont enti\u00e8rement biod\u00e9gradables, refl\u00e9tant notre d\u00e9vouement \u00e0 la protection de l&rsquo;environnement et \u00e0 la r\u00e9duction de l&rsquo;utilisation de plastique. D\u00e9couvrez l&rsquo;excellence et la naturalit\u00e9 \u00e0 travers dix vari\u00e9t\u00e9s de th\u00e9s et infusions biologiques de notre <strong>marque premium<\/strong>, Ambar. Rejoignez-nous dans cette aventure passionnante de saveurs uniques et choisissez Ambar pour une exp\u00e9rience naturelle, saine et sans plastique. <\/p>\n","protected":false},"excerpt":{"rendered":"<p><strong>Infusion d\u00e9licieuse, avec une touche sucr\u00e9e de r\u00e9glisse<\/strong><\/p>\n<p>Cette d\u00e9licieuse infusion \u00e9veillera vos sens. La r\u00e9glisse, avec sa douceur agr\u00e9able en harmonie avec la menthe, les morceaux de pomme m\u00fbre et la citronnelle avec son caract\u00e8re frais, cr\u00e9ent une infusion aromatique qui surprend et enchante. Une boisson rafra\u00eechissante et exquise avec une touche sucr\u00e9e, \u00e0 d\u00e9guster \u00e0 tout moment, chaude ou froide.  <\/p>\n","protected":false},"featured_media":12129,"comment_status":"open","ping_status":"closed","template":"","meta":[],"product_brand":[],"product_cat":[268,309,300,298,289,299,283,310,311,312,316],"product_tag":[],"class_list":{"0":"post-12128","1":"product","2":"type-product","3":"status-publish","4":"has-post-thumbnail","6":"product_cat-infusions-sans-plastique","7":"product_cat-collections","8":"product_cat-emballages-sans-plastique","9":"product_cat-les-varietes-de-the","10":"product_cat-the-aux-herbes-bio-au-acheter","11":"product_cat-the-en-pyramide-biodegradable","12":"product_cat-thes-et-infusions-biologiques-de-qualite","13":"product_cat-tous","14":"product_cat-tous-fr","15":"product_cat-tous-fr-2","16":"product_cat-uncategorized-fr","18":"first","19":"instock","20":"shipping-taxable","21":"purchasable","22":"product-type-simple"},"yoast_head":"<!-- This site is optimized with the Yoast SEO Premium plugin v27.3 (Yoast SEO v27.4) - https:\/\/yoast.com\/product\/yoast-seo-premium-wordpress\/ -->\n<title>Th\u00e9 durable : POMME MENTHE DULCET infusion bio I Pyramid tea<\/title>\n<meta name=\"description\" content=\"Th\u00e9 durable avec notre infusion biologique de pomme, menthe et r\u00e9glisse dans un format pyramidal biod\u00e9gradable. Th\u00e9 biologique, sans plastique.\" \/>\n<meta name=\"robots\" content=\"index, follow, max-snippet:-1, max-image-preview:large, max-video-preview:-1\" \/>\n<link rel=\"canonical\" href=\"https:\/\/www.sempertea.eu\/fr\/pomme-menthe-dulcet-infusion-bio-i-the-pyramide-en-sachet\/\" \/>\n<meta property=\"og:locale\" content=\"fr_FR\" \/>\n<meta property=\"og:type\" content=\"article\" \/>\n<meta property=\"og:title\" content=\"POMME MENTHE DULCET infusion bio I Th\u00e9 Pyramide en sachet\" \/>\n<meta property=\"og:description\" content=\"Th\u00e9 durable avec notre infusion biologique de pomme, menthe et r\u00e9glisse dans un format pyramidal biod\u00e9gradable. Th\u00e9 biologique, sans plastique.\" \/>\n<meta property=\"og:url\" content=\"https:\/\/www.sempertea.eu\/fr\/pomme-menthe-dulcet-infusion-bio-i-the-pyramide-en-sachet\/\" \/>\n<meta property=\"og:site_name\" content=\"Semper Tea | Mayorista y fabricante de T\u00e9s e Infusiones para hoteles, restaurantes y bares\" \/>\n<meta property=\"og:image\" content=\"https:\/\/www.sempertea.eu\/wp-content\/uploads\/2023\/09\/te-sostenible-infusion-organica-sostenibilidad-alimentaria-semper-tea.jpg\" \/>\n\t<meta property=\"og:image:width\" content=\"1500\" \/>\n\t<meta property=\"og:image:height\" content=\"1500\" \/>\n\t<meta property=\"og:image:type\" content=\"image\/jpeg\" \/>\n<meta name=\"twitter:card\" content=\"summary_large_image\" \/>\n<meta name=\"twitter:label1\" content=\"Dur\u00e9e de lecture estim\u00e9e\" \/>\n\t<meta name=\"twitter:data1\" content=\"2 minutes\" \/>\n<script type=\"application\/ld+json\" class=\"yoast-schema-graph\">{\"@context\":\"https:\\\/\\\/schema.org\",\"@graph\":[{\"@type\":\"WebPage\",\"@id\":\"https:\\\/\\\/www.sempertea.eu\\\/fr\\\/pomme-menthe-dulcet-infusion-bio-i-the-pyramide-en-sachet\\\/\",\"url\":\"https:\\\/\\\/www.sempertea.eu\\\/fr\\\/pomme-menthe-dulcet-infusion-bio-i-the-pyramide-en-sachet\\\/\",\"name\":\"Th\u00e9 durable : POMME MENTHE DULCET infusion bio I Pyramid tea\",\"isPartOf\":{\"@id\":\"https:\\\/\\\/www.sempertea.eu\\\/#website\"},\"primaryImageOfPage\":{\"@id\":\"https:\\\/\\\/www.sempertea.eu\\\/fr\\\/pomme-menthe-dulcet-infusion-bio-i-the-pyramide-en-sachet\\\/#primaryimage\"},\"image\":{\"@id\":\"https:\\\/\\\/www.sempertea.eu\\\/fr\\\/pomme-menthe-dulcet-infusion-bio-i-the-pyramide-en-sachet\\\/#primaryimage\"},\"thumbnailUrl\":\"https:\\\/\\\/www.sempertea.eu\\\/wp-content\\\/uploads\\\/2023\\\/09\\\/te-sostenible-infusion-organica-sostenibilidad-alimentaria-semper-tea.jpg\",\"datePublished\":\"2024-10-17T17:27:24+00:00\",\"description\":\"Th\u00e9 durable avec notre infusion biologique de pomme, menthe et r\u00e9glisse dans un format pyramidal biod\u00e9gradable. Th\u00e9 biologique, sans plastique.\",\"breadcrumb\":{\"@id\":\"https:\\\/\\\/www.sempertea.eu\\\/fr\\\/pomme-menthe-dulcet-infusion-bio-i-the-pyramide-en-sachet\\\/#breadcrumb\"},\"inLanguage\":\"fr-FR\",\"potentialAction\":[{\"@type\":\"ReadAction\",\"target\":[\"https:\\\/\\\/www.sempertea.eu\\\/fr\\\/pomme-menthe-dulcet-infusion-bio-i-the-pyramide-en-sachet\\\/\"]}]},{\"@type\":\"ImageObject\",\"inLanguage\":\"fr-FR\",\"@id\":\"https:\\\/\\\/www.sempertea.eu\\\/fr\\\/pomme-menthe-dulcet-infusion-bio-i-the-pyramide-en-sachet\\\/#primaryimage\",\"url\":\"https:\\\/\\\/www.sempertea.eu\\\/wp-content\\\/uploads\\\/2023\\\/09\\\/te-sostenible-infusion-organica-sostenibilidad-alimentaria-semper-tea.jpg\",\"contentUrl\":\"https:\\\/\\\/www.sempertea.eu\\\/wp-content\\\/uploads\\\/2023\\\/09\\\/te-sostenible-infusion-organica-sostenibilidad-alimentaria-semper-tea.jpg\",\"width\":1500,\"height\":1500,\"caption\":\"te sostenible infusion organica sostenibilidad alimentaria semper tea\"},{\"@type\":\"BreadcrumbList\",\"@id\":\"https:\\\/\\\/www.sempertea.eu\\\/fr\\\/pomme-menthe-dulcet-infusion-bio-i-the-pyramide-en-sachet\\\/#breadcrumb\",\"itemListElement\":[{\"@type\":\"ListItem\",\"position\":1,\"name\":\"Portada\",\"item\":\"https:\\\/\\\/www.sempertea.eu\\\/\"},{\"@type\":\"ListItem\",\"position\":2,\"name\":\"Tienda\",\"item\":\"https:\\\/\\\/www.sempertea.eu\\\/tienda\\\/\"},{\"@type\":\"ListItem\",\"position\":3,\"name\":\"POMME MENTHE DULCET infusion bio I Th\u00e9 Pyramide en sachet\"}]},{\"@type\":\"WebSite\",\"@id\":\"https:\\\/\\\/www.sempertea.eu\\\/#website\",\"url\":\"https:\\\/\\\/www.sempertea.eu\\\/\",\"name\":\"Semper Tea | Mayorista y fabricante de T\u00e9s e Infusiones para hoteles, restaurantes y bares\",\"description\":\"T\u00e9s e infusiones para hosteler\u00eda, hoteler\u00eda y comercio\",\"potentialAction\":[{\"@type\":\"SearchAction\",\"target\":{\"@type\":\"EntryPoint\",\"urlTemplate\":\"https:\\\/\\\/www.sempertea.eu\\\/?s={search_term_string}\"},\"query-input\":{\"@type\":\"PropertyValueSpecification\",\"valueRequired\":true,\"valueName\":\"search_term_string\"}}],\"inLanguage\":\"fr-FR\"}]}<\/script>\n<!-- \/ Yoast SEO Premium plugin. -->","yoast_head_json":{"title":"Th\u00e9 durable : POMME MENTHE DULCET infusion bio I Pyramid tea","description":"Th\u00e9 durable avec notre infusion biologique de pomme, menthe et r\u00e9glisse dans un format pyramidal biod\u00e9gradable. Th\u00e9 biologique, sans plastique.","robots":{"index":"index","follow":"follow","max-snippet":"max-snippet:-1","max-image-preview":"max-image-preview:large","max-video-preview":"max-video-preview:-1"},"canonical":"https:\/\/www.sempertea.eu\/fr\/pomme-menthe-dulcet-infusion-bio-i-the-pyramide-en-sachet\/","og_locale":"fr_FR","og_type":"article","og_title":"POMME MENTHE DULCET infusion bio I Th\u00e9 Pyramide en sachet","og_description":"Th\u00e9 durable avec notre infusion biologique de pomme, menthe et r\u00e9glisse dans un format pyramidal biod\u00e9gradable. Th\u00e9 biologique, sans plastique.","og_url":"https:\/\/www.sempertea.eu\/fr\/pomme-menthe-dulcet-infusion-bio-i-the-pyramide-en-sachet\/","og_site_name":"Semper Tea | Mayorista y fabricante de T\u00e9s e Infusiones para hoteles, restaurantes y bares","og_image":[{"width":1500,"height":1500,"url":"https:\/\/www.sempertea.eu\/wp-content\/uploads\/2023\/09\/te-sostenible-infusion-organica-sostenibilidad-alimentaria-semper-tea.jpg","type":"image\/jpeg"}],"twitter_card":"summary_large_image","twitter_misc":{"Dur\u00e9e de lecture estim\u00e9e":"2 minutes"},"schema":{"@context":"https:\/\/schema.org","@graph":[{"@type":"WebPage","@id":"https:\/\/www.sempertea.eu\/fr\/pomme-menthe-dulcet-infusion-bio-i-the-pyramide-en-sachet\/","url":"https:\/\/www.sempertea.eu\/fr\/pomme-menthe-dulcet-infusion-bio-i-the-pyramide-en-sachet\/","name":"Th\u00e9 durable : POMME MENTHE DULCET infusion bio I Pyramid tea","isPartOf":{"@id":"https:\/\/www.sempertea.eu\/#website"},"primaryImageOfPage":{"@id":"https:\/\/www.sempertea.eu\/fr\/pomme-menthe-dulcet-infusion-bio-i-the-pyramide-en-sachet\/#primaryimage"},"image":{"@id":"https:\/\/www.sempertea.eu\/fr\/pomme-menthe-dulcet-infusion-bio-i-the-pyramide-en-sachet\/#primaryimage"},"thumbnailUrl":"https:\/\/www.sempertea.eu\/wp-content\/uploads\/2023\/09\/te-sostenible-infusion-organica-sostenibilidad-alimentaria-semper-tea.jpg","datePublished":"2024-10-17T17:27:24+00:00","description":"Th\u00e9 durable avec notre infusion biologique de pomme, menthe et r\u00e9glisse dans un format pyramidal biod\u00e9gradable. Th\u00e9 biologique, sans plastique.","breadcrumb":{"@id":"https:\/\/www.sempertea.eu\/fr\/pomme-menthe-dulcet-infusion-bio-i-the-pyramide-en-sachet\/#breadcrumb"},"inLanguage":"fr-FR","potentialAction":[{"@type":"ReadAction","target":["https:\/\/www.sempertea.eu\/fr\/pomme-menthe-dulcet-infusion-bio-i-the-pyramide-en-sachet\/"]}]},{"@type":"ImageObject","inLanguage":"fr-FR","@id":"https:\/\/www.sempertea.eu\/fr\/pomme-menthe-dulcet-infusion-bio-i-the-pyramide-en-sachet\/#primaryimage","url":"https:\/\/www.sempertea.eu\/wp-content\/uploads\/2023\/09\/te-sostenible-infusion-organica-sostenibilidad-alimentaria-semper-tea.jpg","contentUrl":"https:\/\/www.sempertea.eu\/wp-content\/uploads\/2023\/09\/te-sostenible-infusion-organica-sostenibilidad-alimentaria-semper-tea.jpg","width":1500,"height":1500,"caption":"te sostenible infusion organica sostenibilidad alimentaria semper tea"},{"@type":"BreadcrumbList","@id":"https:\/\/www.sempertea.eu\/fr\/pomme-menthe-dulcet-infusion-bio-i-the-pyramide-en-sachet\/#breadcrumb","itemListElement":[{"@type":"ListItem","position":1,"name":"Portada","item":"https:\/\/www.sempertea.eu\/"},{"@type":"ListItem","position":2,"name":"Tienda","item":"https:\/\/www.sempertea.eu\/tienda\/"},{"@type":"ListItem","position":3,"name":"POMME MENTHE DULCET infusion bio I Th\u00e9 Pyramide en sachet"}]},{"@type":"WebSite","@id":"https:\/\/www.sempertea.eu\/#website","url":"https:\/\/www.sempertea.eu\/","name":"Semper Tea | Mayorista y fabricante de T\u00e9s e Infusiones para hoteles, restaurantes y bares","description":"T\u00e9s e infusiones para hosteler\u00eda, hoteler\u00eda y comercio","potentialAction":[{"@type":"SearchAction","target":{"@type":"EntryPoint","urlTemplate":"https:\/\/www.sempertea.eu\/?s={search_term_string}"},"query-input":{"@type":"PropertyValueSpecification","valueRequired":true,"valueName":"search_term_string"}}],"inLanguage":"fr-FR"}]}},"_links":{"self":[{"href":"https:\/\/www.sempertea.eu\/fr\/wp-json\/wp\/v2\/product\/12128","targetHints":{"allow":["GET"]}}],"collection":[{"href":"https:\/\/www.sempertea.eu\/fr\/wp-json\/wp\/v2\/product"}],"about":[{"href":"https:\/\/www.sempertea.eu\/fr\/wp-json\/wp\/v2\/types\/product"}],"replies":[{"embeddable":true,"href":"https:\/\/www.sempertea.eu\/fr\/wp-json\/wp\/v2\/comments?post=12128"}],"wp:featuredmedia":[{"embeddable":true,"href":"https:\/\/www.sempertea.eu\/fr\/wp-json\/wp\/v2\/media\/12129"}],"wp:attachment":[{"href":"https:\/\/www.sempertea.eu\/fr\/wp-json\/wp\/v2\/media?parent=12128"}],"wp:term":[{"taxonomy":"product_brand","embeddable":true,"href":"https:\/\/www.sempertea.eu\/fr\/wp-json\/wp\/v2\/product_brand?post=12128"},{"taxonomy":"product_cat","embeddable":true,"href":"https:\/\/www.sempertea.eu\/fr\/wp-json\/wp\/v2\/product_cat?post=12128"},{"taxonomy":"product_tag","embeddable":true,"href":"https:\/\/www.sempertea.eu\/fr\/wp-json\/wp\/v2\/product_tag?post=12128"}],"curies":[{"name":"wp","href":"https:\/\/api.w.org\/{rel}","templated":true}]}}