{"id":12077,"date":"2021-08-07T19:51:51","date_gmt":"2024-10-14T12:18:13","guid":{"rendered":"https:\/\/www.sempertea.eu\/paquet-de-depart-pour-lhoreca-56-boites-de-the-pyramidales\/"},"modified":"2024-10-14T13:18:13","modified_gmt":"2024-10-14T12:18:13","slug":"paquet-de-depart-pour-lhoreca-56-boites-de-the-pyramidales","status":"publish","type":"product","link":"https:\/\/www.sempertea.eu\/fr\/paquet-de-depart-pour-lhoreca-56-boites-de-the-pyramidales\/","title":{"rendered":"Paquet de d\u00e9part pour l&rsquo;Horeca : 56 bo\u00eetes de th\u00e9 pyramidales"},"content":{"rendered":"<div class=\"tab-panels\">\n<div id=\"tab-description\" class=\"woocommerce-Tabs-panel woocommerce-Tabs-panel--description panel entry-content active\" role=\"tabpanel\" aria-labelledby=\"tab-title-description\">\n<div class=\"tab-panels\">\n<div id=\"tab-description\" class=\"woocommerce-Tabs-panel woocommerce-Tabs-panel--description panel entry-content active\" role=\"tabpanel\" aria-labelledby=\"tab-title-description\">\n<div class=\"tab-panels\">\n<h2>Kit de d\u00e9marrage avec bo\u00eete de pr\u00e9sentation pyramidale pour le th\u00e9<\/h2>\n<ul>\n<li>Bien con\u00e7u, rapide et facile.<\/li>\n<li>Un d\u00e9but intelligent avec le th\u00e9 Semper Tea.<\/li>\n<\/ul>\n<p>Gr\u00e2ce \u00e0 notre kit de d\u00e9marrage Coral Collection avec bo\u00eete de pr\u00e9sentation pour 56 dosettes Coral Collection, vous pouvez commencer \u00e0 pr\u00e9senter Semper Tea dans votre r<strong>estaurant, votre caf\u00e9, votre <a href=\"https:\/\/www.sempertea.eu\/proveedor-hotelero-tes-infusiones-para-hoteles\/\">h\u00f4tel,<\/a> votre service de restauration, votre \u00e9v\u00e9nement ou votre conf\u00e9rence<\/strong>. Ce kit de d\u00e9marrage comprend:<\/p>\n<ul>\n<li>Une bo\u00eete pr\u00e9sentoir pour 56 unidoses vides mesurant 377 x 338 x 54 mm.<\/li>\n<li>2 paquets de recharge avec 18 dosettes pour 12 vari\u00e9t\u00e9s de th\u00e9.<\/li>\n<li>Dix cartes de th\u00e9 en espagnol, anglais et allemand.<\/li>\n<\/ul>\n<h3 class=\"woocommerce-Tabs-panel woocommerce-Tabs-panel--description panel entry-content active\" role=\"tabpanel\" aria-labelledby=\"tab-title-description\">Concept de th\u00e9 Coral<\/h3>\n<p>Le concept de th\u00e9 Coral Collection de Semper Tea a \u00e9t\u00e9 d\u00e9velopp\u00e9 pour r\u00e9pondre aux exigences de la <strong>l&rsquo;h\u00f4tellerie et la restauration haut de gamme.<\/strong><\/p>\n<p>L&rsquo;objectif principal de cette ligne de th\u00e9 est d&rsquo;offrir le meilleur service personnalis\u00e9 au client. Dans un cadre attrayant, 12 vari\u00e9t\u00e9s de th\u00e9 sont mises \u00e0 la disposition du client dans une bo\u00eete de pr\u00e9sentation exclusive. Semper Tea transforme le choix du th\u00e9 en une exp\u00e9rience enrichissante. Les feuilles de th\u00e9 sont conditionn\u00e9es dans des sachets pyramidaux et dans des bo\u00eetes individuelles visuellement attrayantes. Commodit\u00e9 et service personnalis\u00e9 \u00e0 la carte.<\/p>\n<h3>Profitez de notre Coral Collection<\/h3>\n<p>\u25cf English Breakfast \u25cf <a href=\"https:\/\/www.sempertea.eu\/earl-grey-bolsa-piramide-material-biodegradable\/\">Earl Grey<\/a><br \/>\n\u25cf Oolong \u25cf Darjeeling \u25cf Chai \u25cf Green \u25cf White \u25cf Pu-erh Vanilla \u25cf Rooibos \u25cf Fruit \u25cf Mint \u25cf<\/p>\n<p> <a href=\"https:\/\/www.sempertea.eu\/infusion-manzanilla-camomile-piramide-comprar-coral\/\">Camomile<\/a><\/p>\n<p>\u25cf Bo\u00eetes pr\u00e9sentoirs pour 56 dosettes unidoses. \u25cf Cartes de th\u00e9 en plusieurs langues. \u25cf Distributeur pour l&rsquo;arri\u00e8re du bar ou la zone de service. Semper Tea a re\u00e7u le certificat biologique de l&rsquo;Union europ\u00e9enne. La sant\u00e9 du sol et la pr\u00e9servation de l&rsquo;environnement naturel sont d&rsquo;une importance cruciale dans la culture de nos th\u00e9s. Cela se traduit, par exemple, par l&rsquo;interdiction d&rsquo;utiliser des engrais et des produits phytosanitaires. Nos th\u00e9s certifi\u00e9s biologiques sont cultiv\u00e9s dans des plantations contr\u00f4l\u00e9es et biologiques dans le monde entier. Pour nos consommateurs, cela signifie un go\u00fbt frais et surtout authentique, dans le respect de la nature et de son cycle de vie.<\/p>\n<h3>Des concepts de th\u00e9 pour votre entreprise<\/h3>\n<p>Semper Tea propose un concept de th\u00e9 moderne, \u00e9l\u00e9gant et cr\u00e9atif pour votre entreprise. Il combine le moderne et le traditionnel et surprend avec des saveurs de th\u00e9 biologique soigneusement s\u00e9lectionn\u00e9es. La qualit\u00e9 des produits Semper Tea se distingue et attire l&rsquo;attention \u00e0 tout moment gr\u00e2ce \u00e0 son design attrayant. Un produit unique o\u00f9 les ar\u00f4mes qui se d\u00e9veloppent dans la tasse et le plaisir visuel sont en mesure de cr\u00e9er une exp\u00e9rience authentique pour les sens. <\/p>\n<\/div>\n<\/div>\n<\/div>\n<\/div>\n<\/div>\n","protected":false},"excerpt":{"rendered":"<div class=\"product-short-description\">\n<p>Ce kit de d\u00e9marrage comprend:<\/p>\n<ul>\n<li>Une bo\u00eete pr\u00e9sentoir pour 24 unidoses vides<br \/>\nmesurant 377 x 338 x 54 mm.<\/li>\n<li>2 emballages de recharge avec 18 emballages unidoses<br \/>\npour 12 vari\u00e9t\u00e9s de th\u00e9.<\/li>\n<li>Dix cartes de th\u00e9 en espagnol, anglais et allemand.<\/li>\n<\/ul>\n<\/div>\n","protected":false},"featured_media":12078,"comment_status":"open","ping_status":"closed","template":"","meta":[],"product_brand":[],"product_cat":[309,267,299,283,310,311,312],"product_tag":[],"class_list":{"0":"post-12077","1":"product","2":"type-product","3":"status-publish","4":"has-post-thumbnail","6":"product_cat-collections","7":"product_cat-the-sachet-pyramide-en-ecologique","8":"product_cat-the-en-pyramide-biodegradable","9":"product_cat-thes-et-infusions-biologiques-de-qualite","10":"product_cat-tous","11":"product_cat-tous-fr","12":"product_cat-tous-fr-2","14":"first","15":"instock","16":"shipping-taxable","17":"purchasable","18":"product-type-simple"},"yoast_head":"<!-- This site is optimized with the Yoast SEO Premium plugin v27.3 (Yoast SEO v27.4) - https:\/\/yoast.com\/product\/yoast-seo-premium-wordpress\/ -->\n<title>Pack de d\u00e9marrage Th\u00e9s et infusions pour Professionnels HORECA<\/title>\n<meta name=\"description\" content=\"Pack de d\u00e9marrage de th\u00e9s et infusions pour les professionnels du secteur HORECA. Une s\u00e9lection parfaite pour offrir aux clients une exp\u00e9rience unique du th\u00e9.\" \/>\n<meta name=\"robots\" content=\"index, follow, max-snippet:-1, max-image-preview:large, max-video-preview:-1\" \/>\n<link rel=\"canonical\" href=\"https:\/\/www.sempertea.eu\/fr\/paquet-de-depart-pour-lhoreca-56-boites-de-the-pyramidales\/\" \/>\n<meta property=\"og:locale\" content=\"fr_FR\" \/>\n<meta property=\"og:type\" content=\"article\" \/>\n<meta property=\"og:title\" content=\"Paquet de d\u00e9part pour l&#039;Horeca : 56 bo\u00eetes de th\u00e9 pyramidales\" \/>\n<meta property=\"og:description\" content=\"Pack de d\u00e9marrage de th\u00e9s et infusions pour les professionnels du secteur HORECA. Une s\u00e9lection parfaite pour offrir aux clients une exp\u00e9rience unique du th\u00e9.\" \/>\n<meta property=\"og:url\" content=\"https:\/\/www.sempertea.eu\/fr\/paquet-de-depart-pour-lhoreca-56-boites-de-the-pyramidales\/\" \/>\n<meta property=\"og:site_name\" content=\"Semper Tea | Mayorista y fabricante de T\u00e9s e Infusiones para hoteles, restaurantes y bares\" \/>\n<meta property=\"og:image\" content=\"https:\/\/www.sempertea.eu\/wp-content\/uploads\/2021\/08\/cajas-para-guardar-te-bolsa-semper-tea.jpg\" \/>\n<meta name=\"twitter:card\" content=\"summary_large_image\" \/>\n<meta name=\"twitter:label1\" content=\"Dur\u00e9e de lecture estim\u00e9e\" \/>\n\t<meta name=\"twitter:data1\" content=\"2 minutes\" \/>\n<script type=\"application\/ld+json\" class=\"yoast-schema-graph\">{\"@context\":\"https:\\\/\\\/schema.org\",\"@graph\":[{\"@type\":\"WebPage\",\"@id\":\"https:\\\/\\\/www.sempertea.eu\\\/fr\\\/paquet-de-depart-pour-lhoreca-56-boites-de-the-pyramidales\\\/\",\"url\":\"https:\\\/\\\/www.sempertea.eu\\\/fr\\\/paquet-de-depart-pour-lhoreca-56-boites-de-the-pyramidales\\\/\",\"name\":\"Pack de d\u00e9marrage Th\u00e9s et infusions pour Professionnels HORECA\",\"isPartOf\":{\"@id\":\"https:\\\/\\\/www.sempertea.eu\\\/#website\"},\"primaryImageOfPage\":{\"@id\":\"https:\\\/\\\/www.sempertea.eu\\\/fr\\\/paquet-de-depart-pour-lhoreca-56-boites-de-the-pyramidales\\\/#primaryimage\"},\"image\":{\"@id\":\"https:\\\/\\\/www.sempertea.eu\\\/fr\\\/paquet-de-depart-pour-lhoreca-56-boites-de-the-pyramidales\\\/#primaryimage\"},\"thumbnailUrl\":\"https:\\\/\\\/www.sempertea.eu\\\/wp-content\\\/uploads\\\/2021\\\/08\\\/pack-de-iniciacion-tes-e-infusiones-para-profesionales-horeca-semper-tea.jpg\",\"datePublished\":\"2024-10-14T12:18:13+00:00\",\"description\":\"Pack de d\u00e9marrage de th\u00e9s et infusions pour les professionnels du secteur HORECA. Une s\u00e9lection parfaite pour offrir aux clients une exp\u00e9rience unique du th\u00e9.\",\"breadcrumb\":{\"@id\":\"https:\\\/\\\/www.sempertea.eu\\\/fr\\\/paquet-de-depart-pour-lhoreca-56-boites-de-the-pyramidales\\\/#breadcrumb\"},\"inLanguage\":\"fr-FR\",\"potentialAction\":[{\"@type\":\"ReadAction\",\"target\":[\"https:\\\/\\\/www.sempertea.eu\\\/fr\\\/paquet-de-depart-pour-lhoreca-56-boites-de-the-pyramidales\\\/\"]}]},{\"@type\":\"ImageObject\",\"inLanguage\":\"fr-FR\",\"@id\":\"https:\\\/\\\/www.sempertea.eu\\\/fr\\\/paquet-de-depart-pour-lhoreca-56-boites-de-the-pyramidales\\\/#primaryimage\",\"url\":\"https:\\\/\\\/www.sempertea.eu\\\/wp-content\\\/uploads\\\/2021\\\/08\\\/pack-de-iniciacion-tes-e-infusiones-para-profesionales-horeca-semper-tea.jpg\",\"contentUrl\":\"https:\\\/\\\/www.sempertea.eu\\\/wp-content\\\/uploads\\\/2021\\\/08\\\/pack-de-iniciacion-tes-e-infusiones-para-profesionales-horeca-semper-tea.jpg\",\"width\":900,\"height\":900,\"caption\":\"Pack de Iniciaci\u00f3n T\u00e9s e infusiones para Profesionales HORECA\"},{\"@type\":\"BreadcrumbList\",\"@id\":\"https:\\\/\\\/www.sempertea.eu\\\/fr\\\/paquet-de-depart-pour-lhoreca-56-boites-de-the-pyramidales\\\/#breadcrumb\",\"itemListElement\":[{\"@type\":\"ListItem\",\"position\":1,\"name\":\"Portada\",\"item\":\"https:\\\/\\\/www.sempertea.eu\\\/\"},{\"@type\":\"ListItem\",\"position\":2,\"name\":\"Tienda\",\"item\":\"https:\\\/\\\/www.sempertea.eu\\\/tienda\\\/\"},{\"@type\":\"ListItem\",\"position\":3,\"name\":\"Paquet de d\u00e9part pour l&rsquo;Horeca : 56 bo\u00eetes de th\u00e9 pyramidales\"}]},{\"@type\":\"WebSite\",\"@id\":\"https:\\\/\\\/www.sempertea.eu\\\/#website\",\"url\":\"https:\\\/\\\/www.sempertea.eu\\\/\",\"name\":\"Semper Tea | Mayorista y fabricante de T\u00e9s e Infusiones para hoteles, restaurantes y bares\",\"description\":\"T\u00e9s e infusiones para hosteler\u00eda, hoteler\u00eda y comercio\",\"potentialAction\":[{\"@type\":\"SearchAction\",\"target\":{\"@type\":\"EntryPoint\",\"urlTemplate\":\"https:\\\/\\\/www.sempertea.eu\\\/?s={search_term_string}\"},\"query-input\":{\"@type\":\"PropertyValueSpecification\",\"valueRequired\":true,\"valueName\":\"search_term_string\"}}],\"inLanguage\":\"fr-FR\"}]}<\/script>\n<!-- \/ Yoast SEO Premium plugin. -->","yoast_head_json":{"title":"Pack de d\u00e9marrage Th\u00e9s et infusions pour Professionnels HORECA","description":"Pack de d\u00e9marrage de th\u00e9s et infusions pour les professionnels du secteur HORECA. Une s\u00e9lection parfaite pour offrir aux clients une exp\u00e9rience unique du th\u00e9.","robots":{"index":"index","follow":"follow","max-snippet":"max-snippet:-1","max-image-preview":"max-image-preview:large","max-video-preview":"max-video-preview:-1"},"canonical":"https:\/\/www.sempertea.eu\/fr\/paquet-de-depart-pour-lhoreca-56-boites-de-the-pyramidales\/","og_locale":"fr_FR","og_type":"article","og_title":"Paquet de d\u00e9part pour l'Horeca : 56 bo\u00eetes de th\u00e9 pyramidales","og_description":"Pack de d\u00e9marrage de th\u00e9s et infusions pour les professionnels du secteur HORECA. Une s\u00e9lection parfaite pour offrir aux clients une exp\u00e9rience unique du th\u00e9.","og_url":"https:\/\/www.sempertea.eu\/fr\/paquet-de-depart-pour-lhoreca-56-boites-de-the-pyramidales\/","og_site_name":"Semper Tea | Mayorista y fabricante de T\u00e9s e Infusiones para hoteles, restaurantes y bares","og_image":[{"url":"https:\/\/www.sempertea.eu\/wp-content\/uploads\/2021\/08\/cajas-para-guardar-te-bolsa-semper-tea.jpg","type":"","width":"","height":""}],"twitter_card":"summary_large_image","twitter_misc":{"Dur\u00e9e de lecture estim\u00e9e":"2 minutes"},"schema":{"@context":"https:\/\/schema.org","@graph":[{"@type":"WebPage","@id":"https:\/\/www.sempertea.eu\/fr\/paquet-de-depart-pour-lhoreca-56-boites-de-the-pyramidales\/","url":"https:\/\/www.sempertea.eu\/fr\/paquet-de-depart-pour-lhoreca-56-boites-de-the-pyramidales\/","name":"Pack de d\u00e9marrage Th\u00e9s et infusions pour Professionnels HORECA","isPartOf":{"@id":"https:\/\/www.sempertea.eu\/#website"},"primaryImageOfPage":{"@id":"https:\/\/www.sempertea.eu\/fr\/paquet-de-depart-pour-lhoreca-56-boites-de-the-pyramidales\/#primaryimage"},"image":{"@id":"https:\/\/www.sempertea.eu\/fr\/paquet-de-depart-pour-lhoreca-56-boites-de-the-pyramidales\/#primaryimage"},"thumbnailUrl":"https:\/\/www.sempertea.eu\/wp-content\/uploads\/2021\/08\/pack-de-iniciacion-tes-e-infusiones-para-profesionales-horeca-semper-tea.jpg","datePublished":"2024-10-14T12:18:13+00:00","description":"Pack de d\u00e9marrage de th\u00e9s et infusions pour les professionnels du secteur HORECA. Une s\u00e9lection parfaite pour offrir aux clients une exp\u00e9rience unique du th\u00e9.","breadcrumb":{"@id":"https:\/\/www.sempertea.eu\/fr\/paquet-de-depart-pour-lhoreca-56-boites-de-the-pyramidales\/#breadcrumb"},"inLanguage":"fr-FR","potentialAction":[{"@type":"ReadAction","target":["https:\/\/www.sempertea.eu\/fr\/paquet-de-depart-pour-lhoreca-56-boites-de-the-pyramidales\/"]}]},{"@type":"ImageObject","inLanguage":"fr-FR","@id":"https:\/\/www.sempertea.eu\/fr\/paquet-de-depart-pour-lhoreca-56-boites-de-the-pyramidales\/#primaryimage","url":"https:\/\/www.sempertea.eu\/wp-content\/uploads\/2021\/08\/pack-de-iniciacion-tes-e-infusiones-para-profesionales-horeca-semper-tea.jpg","contentUrl":"https:\/\/www.sempertea.eu\/wp-content\/uploads\/2021\/08\/pack-de-iniciacion-tes-e-infusiones-para-profesionales-horeca-semper-tea.jpg","width":900,"height":900,"caption":"Pack de Iniciaci\u00f3n T\u00e9s e infusiones para Profesionales HORECA"},{"@type":"BreadcrumbList","@id":"https:\/\/www.sempertea.eu\/fr\/paquet-de-depart-pour-lhoreca-56-boites-de-the-pyramidales\/#breadcrumb","itemListElement":[{"@type":"ListItem","position":1,"name":"Portada","item":"https:\/\/www.sempertea.eu\/"},{"@type":"ListItem","position":2,"name":"Tienda","item":"https:\/\/www.sempertea.eu\/tienda\/"},{"@type":"ListItem","position":3,"name":"Paquet de d\u00e9part pour l&rsquo;Horeca : 56 bo\u00eetes de th\u00e9 pyramidales"}]},{"@type":"WebSite","@id":"https:\/\/www.sempertea.eu\/#website","url":"https:\/\/www.sempertea.eu\/","name":"Semper Tea | Mayorista y fabricante de T\u00e9s e Infusiones para hoteles, restaurantes y bares","description":"T\u00e9s e infusiones para hosteler\u00eda, hoteler\u00eda y comercio","potentialAction":[{"@type":"SearchAction","target":{"@type":"EntryPoint","urlTemplate":"https:\/\/www.sempertea.eu\/?s={search_term_string}"},"query-input":{"@type":"PropertyValueSpecification","valueRequired":true,"valueName":"search_term_string"}}],"inLanguage":"fr-FR"}]}},"_links":{"self":[{"href":"https:\/\/www.sempertea.eu\/fr\/wp-json\/wp\/v2\/product\/12077","targetHints":{"allow":["GET"]}}],"collection":[{"href":"https:\/\/www.sempertea.eu\/fr\/wp-json\/wp\/v2\/product"}],"about":[{"href":"https:\/\/www.sempertea.eu\/fr\/wp-json\/wp\/v2\/types\/product"}],"replies":[{"embeddable":true,"href":"https:\/\/www.sempertea.eu\/fr\/wp-json\/wp\/v2\/comments?post=12077"}],"wp:featuredmedia":[{"embeddable":true,"href":"https:\/\/www.sempertea.eu\/fr\/wp-json\/wp\/v2\/media\/12078"}],"wp:attachment":[{"href":"https:\/\/www.sempertea.eu\/fr\/wp-json\/wp\/v2\/media?parent=12077"}],"wp:term":[{"taxonomy":"product_brand","embeddable":true,"href":"https:\/\/www.sempertea.eu\/fr\/wp-json\/wp\/v2\/product_brand?post=12077"},{"taxonomy":"product_cat","embeddable":true,"href":"https:\/\/www.sempertea.eu\/fr\/wp-json\/wp\/v2\/product_cat?post=12077"},{"taxonomy":"product_tag","embeddable":true,"href":"https:\/\/www.sempertea.eu\/fr\/wp-json\/wp\/v2\/product_tag?post=12077"}],"curies":[{"name":"wp","href":"https:\/\/api.w.org\/{rel}","templated":true}]}}