{"id":12072,"date":"2021-07-06T12:02:27","date_gmt":"2024-10-14T11:39:56","guid":{"rendered":"https:\/\/www.sempertea.eu\/rooibos-the-biologique-i-the-pyramide\/"},"modified":"2024-10-14T12:39:56","modified_gmt":"2024-10-14T11:39:56","slug":"rooibos-the-biologique-i-the-pyramide","status":"publish","type":"product","link":"https:\/\/www.sempertea.eu\/fr\/rooibos-the-biologique-i-the-pyramide\/","title":{"rendered":"ROOIBOS th\u00e9 biologique I Th\u00e9 Pyramide"},"content":{"rendered":"<h2>L&rsquo;arbuste de Rooibos<\/h2>\n<p>Le rooibos est un arbuste originaire <strong>d&rsquo;Afrique du Sud<\/strong> qui a \u00e9t\u00e9 utilis\u00e9 par les indig\u00e8nes du pays pour pr\u00e9parer une d\u00e9licieuse infusion. Ses branches sont s\u00e9ch\u00e9es au soleil puis coup\u00e9es en petits morceaux. La tasse obtenue a une couleur rubis, un go\u00fbt doux et sucr\u00e9 et un ar\u00f4me exquis. Il est important de noter que le th\u00e9 <strong>Rooibos<\/strong> ne contient ni caf\u00e9ine ni th\u00e9ine.   <\/p>\n<h3>Th\u00e9 Rooibos par Semper Tea<\/h3>\n<p>Chez Semper Tea, nous proposons <strong>une boisson d\u00e9licieuse et saine<\/strong> avec nos sachets de th\u00e9 en forme de pyramide remplis de th\u00e9 Rooibos. Cette infusion unique a un go\u00fbt sucr\u00e9 avec un soup\u00e7on subtil de noix. Naturellement <strong>d\u00e9pourvue de caf\u00e9ine<\/strong>, elle peut \u00eatre consomm\u00e9e \u00e0 tout moment de la journ\u00e9e, m\u00eame avant le coucher, pour vous aider \u00e0 vous d\u00e9tendre et \u00e0 mieux dormir. En outre, le th\u00e9 Rooibos regorge d&rsquo;antioxydants et contient des niveaux \u00e9lev\u00e9s de <strong>vitamine C, de fer, de potassium, de calcium, de cuivre, de zinc et de fluor.<\/strong>  <\/p>\n<h4>Bienvenue dans notre monde de th\u00e9 Rooibos !<\/h4>\n<p>D\u00e9couvrez l&rsquo;exp\u00e9rience exceptionnelle et les bienfaits pour la sant\u00e9 de notre th\u00e9 Rooibos sans caf\u00e9ine. Conditionn\u00e9 de <strong>mani\u00e8re durable<\/strong> dans des sachets <strong>biod\u00e9gradables<\/strong> en forme de <strong>pyramide,<\/strong> ce joyau sud-africain est un choix<strong> naturel<\/strong> et <strong>relaxant<\/strong>. Chez Semper Tea, nous sommes fiers de proposer des th\u00e9s de premi\u00e8re qualit\u00e9, bourr\u00e9s d&rsquo;antioxydants et d&rsquo;une saveur in\u00e9gal\u00e9e. Rejoignez-nous dans ce voyage de saveurs et de bien-\u00eatre et d\u00e9couvrez pourquoi le th\u00e9 Rooibos est aim\u00e9 par les amateurs de th\u00e9 du monde entier. Rejoignez notre <strong>communaut\u00e9 de th\u00e9 Rooibos<\/strong> et d\u00e9couvrez les d\u00e9lices de cette infusion extraordinaire ! <\/p>\n","protected":false},"excerpt":{"rendered":"<p><strong>Doux et onctueux &#8211; sans caf\u00e9ine<\/strong><\/p>\n<p>Une infusion cors\u00e9e, rappelant la bont\u00e9 naturelle et la magie de l&rsquo;Afrique du Sud &#8211; sans caf\u00e9ine. Un go\u00fbt agr\u00e9able, l\u00e9g\u00e8rement terreux et sucr\u00e9, et une couleur brun-rouge profond.<br \/>\nUne boisson douce et relaxante, \u00e0 d\u00e9guster \u00e0 tout moment de la journ\u00e9e. <\/p>\n","protected":false},"featured_media":12073,"comment_status":"open","ping_status":"closed","template":"","meta":[],"product_brand":[],"product_cat":[309,310,311,312,267,288,299,283],"product_tag":[],"class_list":{"0":"post-12072","1":"product","2":"type-product","3":"status-publish","4":"has-post-thumbnail","6":"product_cat-collections","7":"product_cat-tous","8":"product_cat-tous-fr","9":"product_cat-tous-fr-2","10":"product_cat-the-sachet-pyramide-en-ecologique","11":"product_cat-the-rooibos-bio-infusion-sans-theine","12":"product_cat-the-en-pyramide-biodegradable","13":"product_cat-thes-et-infusions-biologiques-de-qualite","15":"first","16":"instock","17":"shipping-taxable","18":"purchasable","19":"product-type-simple"},"yoast_head":"<!-- This site is optimized with the Yoast SEO Premium plugin v25.9 (Yoast SEO v25.9) - https:\/\/yoast.com\/wordpress\/plugins\/seo\/ -->\n<title>Rooibos Biodegradable pyramid tea | Rooibos has theine is not correct<\/title>\n<meta name=\"description\" content=\"D\u00e9couvrez les d\u00e9lices du th\u00e9 Rooibos dans des pyramides biod\u00e9gradables - sans caf\u00e9ine ! Appr\u00e9ciez son go\u00fbt unique et sain dans notre magasin de th\u00e9.\" \/>\n<meta name=\"robots\" content=\"index, follow, max-snippet:-1, max-image-preview:large, max-video-preview:-1\" \/>\n<link rel=\"canonical\" href=\"https:\/\/www.sempertea.eu\/fr\/rooibos-the-biologique-i-the-pyramide\/\" \/>\n<meta property=\"og:locale\" content=\"fr_FR\" \/>\n<meta property=\"og:type\" content=\"article\" \/>\n<meta property=\"og:title\" content=\"ROOIBOS th\u00e9 biologique I Th\u00e9 Pyramide\" \/>\n<meta property=\"og:description\" content=\"D\u00e9couvrez les d\u00e9lices du th\u00e9 Rooibos dans des pyramides biod\u00e9gradables - sans caf\u00e9ine ! Appr\u00e9ciez son go\u00fbt unique et sain dans notre magasin de th\u00e9.\" \/>\n<meta property=\"og:url\" content=\"https:\/\/www.sempertea.eu\/fr\/rooibos-the-biologique-i-the-pyramide\/\" \/>\n<meta property=\"og:site_name\" content=\"Semper Tea | Mayorista y fabricante de T\u00e9s e Infusiones para hoteles, restaurantes y bares\" \/>\n<meta property=\"og:image\" content=\"https:\/\/www.sempertea.eu\/wp-content\/uploads\/2021\/07\/te-rooibos-para-dormir-semper-tea.jpg\" \/>\n\t<meta property=\"og:image:width\" content=\"900\" \/>\n\t<meta property=\"og:image:height\" content=\"900\" \/>\n\t<meta property=\"og:image:type\" content=\"image\/jpeg\" \/>\n<meta name=\"twitter:card\" content=\"summary_large_image\" \/>\n<meta name=\"twitter:label1\" content=\"Dur\u00e9e de lecture estim\u00e9e\" \/>\n\t<meta name=\"twitter:data1\" content=\"1 minute\" \/>\n<script type=\"application\/ld+json\" class=\"yoast-schema-graph\">{\"@context\":\"https:\/\/schema.org\",\"@graph\":[{\"@type\":\"WebPage\",\"@id\":\"https:\/\/www.sempertea.eu\/fr\/rooibos-the-biologique-i-the-pyramide\/\",\"url\":\"https:\/\/www.sempertea.eu\/fr\/rooibos-the-biologique-i-the-pyramide\/\",\"name\":\"Rooibos Biodegradable pyramid tea | Rooibos has theine is not correct\",\"isPartOf\":{\"@id\":\"https:\/\/www.sempertea.eu\/#website\"},\"primaryImageOfPage\":{\"@id\":\"https:\/\/www.sempertea.eu\/fr\/rooibos-the-biologique-i-the-pyramide\/#primaryimage\"},\"image\":{\"@id\":\"https:\/\/www.sempertea.eu\/fr\/rooibos-the-biologique-i-the-pyramide\/#primaryimage\"},\"thumbnailUrl\":\"https:\/\/www.sempertea.eu\/wp-content\/uploads\/2021\/07\/te-rooibos-para-dormir-semper-tea.jpg\",\"datePublished\":\"2024-10-14T11:39:56+00:00\",\"description\":\"D\u00e9couvrez les d\u00e9lices du th\u00e9 Rooibos dans des pyramides biod\u00e9gradables - sans caf\u00e9ine ! Appr\u00e9ciez son go\u00fbt unique et sain dans notre magasin de th\u00e9.\",\"breadcrumb\":{\"@id\":\"https:\/\/www.sempertea.eu\/fr\/rooibos-the-biologique-i-the-pyramide\/#breadcrumb\"},\"inLanguage\":\"fr-FR\",\"potentialAction\":[{\"@type\":\"ReadAction\",\"target\":[\"https:\/\/www.sempertea.eu\/fr\/rooibos-the-biologique-i-the-pyramide\/\"]}]},{\"@type\":\"ImageObject\",\"inLanguage\":\"fr-FR\",\"@id\":\"https:\/\/www.sempertea.eu\/fr\/rooibos-the-biologique-i-the-pyramide\/#primaryimage\",\"url\":\"https:\/\/www.sempertea.eu\/wp-content\/uploads\/2021\/07\/te-rooibos-para-dormir-semper-tea.jpg\",\"contentUrl\":\"https:\/\/www.sempertea.eu\/wp-content\/uploads\/2021\/07\/te-rooibos-para-dormir-semper-tea.jpg\",\"width\":900,\"height\":900,\"caption\":\"te rooibos sin teina en piramide biodegradable semper tea\"},{\"@type\":\"BreadcrumbList\",\"@id\":\"https:\/\/www.sempertea.eu\/fr\/rooibos-the-biologique-i-the-pyramide\/#breadcrumb\",\"itemListElement\":[{\"@type\":\"ListItem\",\"position\":1,\"name\":\"Portada\",\"item\":\"https:\/\/www.sempertea.eu\/\"},{\"@type\":\"ListItem\",\"position\":2,\"name\":\"Tienda\",\"item\":\"https:\/\/www.sempertea.eu\/tienda\/\"},{\"@type\":\"ListItem\",\"position\":3,\"name\":\"ROOIBOS th\u00e9 biologique I Th\u00e9 Pyramide\"}]},{\"@type\":\"WebSite\",\"@id\":\"https:\/\/www.sempertea.eu\/#website\",\"url\":\"https:\/\/www.sempertea.eu\/\",\"name\":\"Semper Tea | Mayorista y fabricante de T\u00e9s e Infusiones para hoteles, restaurantes y bares\",\"description\":\"T\u00e9s e infusiones para hosteler\u00eda, hoteler\u00eda y comercio\",\"potentialAction\":[{\"@type\":\"SearchAction\",\"target\":{\"@type\":\"EntryPoint\",\"urlTemplate\":\"https:\/\/www.sempertea.eu\/?s={search_term_string}\"},\"query-input\":{\"@type\":\"PropertyValueSpecification\",\"valueRequired\":true,\"valueName\":\"search_term_string\"}}],\"inLanguage\":\"fr-FR\"}]}<\/script>\n<!-- \/ Yoast SEO Premium plugin. -->","yoast_head_json":{"title":"Rooibos Biodegradable pyramid tea | Rooibos has theine is not correct","description":"D\u00e9couvrez les d\u00e9lices du th\u00e9 Rooibos dans des pyramides biod\u00e9gradables - sans caf\u00e9ine ! Appr\u00e9ciez son go\u00fbt unique et sain dans notre magasin de th\u00e9.","robots":{"index":"index","follow":"follow","max-snippet":"max-snippet:-1","max-image-preview":"max-image-preview:large","max-video-preview":"max-video-preview:-1"},"canonical":"https:\/\/www.sempertea.eu\/fr\/rooibos-the-biologique-i-the-pyramide\/","og_locale":"fr_FR","og_type":"article","og_title":"ROOIBOS th\u00e9 biologique I Th\u00e9 Pyramide","og_description":"D\u00e9couvrez les d\u00e9lices du th\u00e9 Rooibos dans des pyramides biod\u00e9gradables - sans caf\u00e9ine ! Appr\u00e9ciez son go\u00fbt unique et sain dans notre magasin de th\u00e9.","og_url":"https:\/\/www.sempertea.eu\/fr\/rooibos-the-biologique-i-the-pyramide\/","og_site_name":"Semper Tea | Mayorista y fabricante de T\u00e9s e Infusiones para hoteles, restaurantes y bares","og_image":[{"width":900,"height":900,"url":"https:\/\/www.sempertea.eu\/wp-content\/uploads\/2021\/07\/te-rooibos-para-dormir-semper-tea.jpg","type":"image\/jpeg"}],"twitter_card":"summary_large_image","twitter_misc":{"Dur\u00e9e de lecture estim\u00e9e":"1 minute"},"schema":{"@context":"https:\/\/schema.org","@graph":[{"@type":"WebPage","@id":"https:\/\/www.sempertea.eu\/fr\/rooibos-the-biologique-i-the-pyramide\/","url":"https:\/\/www.sempertea.eu\/fr\/rooibos-the-biologique-i-the-pyramide\/","name":"Rooibos Biodegradable pyramid tea | Rooibos has theine is not correct","isPartOf":{"@id":"https:\/\/www.sempertea.eu\/#website"},"primaryImageOfPage":{"@id":"https:\/\/www.sempertea.eu\/fr\/rooibos-the-biologique-i-the-pyramide\/#primaryimage"},"image":{"@id":"https:\/\/www.sempertea.eu\/fr\/rooibos-the-biologique-i-the-pyramide\/#primaryimage"},"thumbnailUrl":"https:\/\/www.sempertea.eu\/wp-content\/uploads\/2021\/07\/te-rooibos-para-dormir-semper-tea.jpg","datePublished":"2024-10-14T11:39:56+00:00","description":"D\u00e9couvrez les d\u00e9lices du th\u00e9 Rooibos dans des pyramides biod\u00e9gradables - sans caf\u00e9ine ! Appr\u00e9ciez son go\u00fbt unique et sain dans notre magasin de th\u00e9.","breadcrumb":{"@id":"https:\/\/www.sempertea.eu\/fr\/rooibos-the-biologique-i-the-pyramide\/#breadcrumb"},"inLanguage":"fr-FR","potentialAction":[{"@type":"ReadAction","target":["https:\/\/www.sempertea.eu\/fr\/rooibos-the-biologique-i-the-pyramide\/"]}]},{"@type":"ImageObject","inLanguage":"fr-FR","@id":"https:\/\/www.sempertea.eu\/fr\/rooibos-the-biologique-i-the-pyramide\/#primaryimage","url":"https:\/\/www.sempertea.eu\/wp-content\/uploads\/2021\/07\/te-rooibos-para-dormir-semper-tea.jpg","contentUrl":"https:\/\/www.sempertea.eu\/wp-content\/uploads\/2021\/07\/te-rooibos-para-dormir-semper-tea.jpg","width":900,"height":900,"caption":"te rooibos sin teina en piramide biodegradable semper tea"},{"@type":"BreadcrumbList","@id":"https:\/\/www.sempertea.eu\/fr\/rooibos-the-biologique-i-the-pyramide\/#breadcrumb","itemListElement":[{"@type":"ListItem","position":1,"name":"Portada","item":"https:\/\/www.sempertea.eu\/"},{"@type":"ListItem","position":2,"name":"Tienda","item":"https:\/\/www.sempertea.eu\/tienda\/"},{"@type":"ListItem","position":3,"name":"ROOIBOS th\u00e9 biologique I Th\u00e9 Pyramide"}]},{"@type":"WebSite","@id":"https:\/\/www.sempertea.eu\/#website","url":"https:\/\/www.sempertea.eu\/","name":"Semper Tea | Mayorista y fabricante de T\u00e9s e Infusiones para hoteles, restaurantes y bares","description":"T\u00e9s e infusiones para hosteler\u00eda, hoteler\u00eda y comercio","potentialAction":[{"@type":"SearchAction","target":{"@type":"EntryPoint","urlTemplate":"https:\/\/www.sempertea.eu\/?s={search_term_string}"},"query-input":{"@type":"PropertyValueSpecification","valueRequired":true,"valueName":"search_term_string"}}],"inLanguage":"fr-FR"}]}},"_links":{"self":[{"href":"https:\/\/www.sempertea.eu\/fr\/wp-json\/wp\/v2\/product\/12072","targetHints":{"allow":["GET"]}}],"collection":[{"href":"https:\/\/www.sempertea.eu\/fr\/wp-json\/wp\/v2\/product"}],"about":[{"href":"https:\/\/www.sempertea.eu\/fr\/wp-json\/wp\/v2\/types\/product"}],"replies":[{"embeddable":true,"href":"https:\/\/www.sempertea.eu\/fr\/wp-json\/wp\/v2\/comments?post=12072"}],"wp:featuredmedia":[{"embeddable":true,"href":"https:\/\/www.sempertea.eu\/fr\/wp-json\/wp\/v2\/media\/12073"}],"wp:attachment":[{"href":"https:\/\/www.sempertea.eu\/fr\/wp-json\/wp\/v2\/media?parent=12072"}],"wp:term":[{"taxonomy":"product_brand","embeddable":true,"href":"https:\/\/www.sempertea.eu\/fr\/wp-json\/wp\/v2\/product_brand?post=12072"},{"taxonomy":"product_cat","embeddable":true,"href":"https:\/\/www.sempertea.eu\/fr\/wp-json\/wp\/v2\/product_cat?post=12072"},{"taxonomy":"product_tag","embeddable":true,"href":"https:\/\/www.sempertea.eu\/fr\/wp-json\/wp\/v2\/product_tag?post=12072"}],"curies":[{"name":"wp","href":"https:\/\/api.w.org\/{rel}","templated":true}]}}