{"id":12070,"date":"2021-05-16T15:59:05","date_gmt":"2024-10-14T11:32:09","guid":{"rendered":"https:\/\/www.sempertea.eu\/pu-erh-vanilla-the-rouge-biologique-i-pyramid-tea\/"},"modified":"2024-10-14T12:32:09","modified_gmt":"2024-10-14T11:32:09","slug":"pu-erh-vanilla-the-rouge-biologique-i-pyramid-tea","status":"publish","type":"product","link":"https:\/\/www.sempertea.eu\/fr\/pu-erh-vanilla-the-rouge-biologique-i-pyramid-tea\/","title":{"rendered":"PU-ERH VANILLA th\u00e9 rouge biologique I Pyramid tea"},"content":{"rendered":"<h2>PuErh Premium Tea : D\u00e9couvrez un go\u00fbt \u00e9quisite &#8211; achetez en ligne ! <\/h2>\n<p>Le th\u00e9<strong> PuErh<\/strong>, \u00e9galement connu sous le nom de th\u00e9 rouge, provient de la plante <strong>Camellia sinensis,<\/strong> tout comme les th\u00e9s noir, vert, blanc et bleu. Chaque type de th\u00e9 poss\u00e8de des caract\u00e9ristiques et des propri\u00e9t\u00e9s uniques, mais ils ont un point commun : des vertus antioxydantes qui luttent contre le vieillissement de la peau et la d\u00e9t\u00e9rioration de l&rsquo;organisme. Le <strong>th\u00e9 PuErh <\/strong>se distingue par son processus de fermentation, qui lui conf\u00e8re des propri\u00e9t\u00e9s b\u00e9n\u00e9fiques. La production implique une s\u00e9lection m\u00e9ticuleuse des feuilles, un fl\u00e9trissage doux pour \u00e9liminer l&rsquo;exc\u00e8s d&rsquo;eau et un saut\u00e9 \u00e0 temp\u00e9rature <strong>contr\u00f4l\u00e9e pour \u00e9viter l&rsquo;oxydation<\/strong> et pr\u00e9server les compos\u00e9s b\u00e9n\u00e9fiques pour la sant\u00e9. <\/p>\n<h3>Les d\u00e9lices de notre th\u00e9 Pu-Erh rouge de premi\u00e8re qualit\u00e9 en vrac<\/h3>\n<p>Appr\u00e9ciez la richesse et le raffinement de notre<strong> th\u00e9 rouge PuErh<\/strong> en feuilles. \u00c9labor\u00e9 de main de ma\u00eetre, il offre une saveur douce et terreuse avec une touche sucr\u00e9e de vanille pour une exp\u00e9rience exquise \u00e0 chaque gorg\u00e9e. Profitez de la durabilit\u00e9 avec nos sachets de th\u00e9 <strong>pyramidaux biod\u00e9gradables<\/strong>, en \u00e9levant vos moments de th\u00e9 avec notre m\u00e9lange de<strong> th\u00e9 PuErh de premi\u00e8re qualit\u00e9.<\/strong>  <\/p>\n","protected":false},"excerpt":{"rendered":"<p><strong>Terreux avec une touche de vanille douce et raffin\u00e9e<\/strong><\/p>\n<p>Savourez notre exquis th\u00e9 rouge Pu Erh en vrac, \u00e9labor\u00e9 de main de ma\u00eetre pour offrir une saveur douce et terreuse avec une touche sucr\u00e9e de vanille \u00e0 chaque gorg\u00e9e. Optez pour la durabilit\u00e9 avec nos sachets de th\u00e9 pyramidaux biod\u00e9gradables. Am\u00e9liorez vos moments de th\u00e9 avec notre th\u00e9 Pu Erh de qualit\u00e9 sup\u00e9rieure.  <\/p>\n","protected":false},"featured_media":12071,"comment_status":"open","ping_status":"closed","template":"","meta":[],"product_brand":[],"product_cat":[309,267,299,283,285,311,312,310],"product_tag":[],"class_list":{"0":"post-12070","1":"product","2":"type-product","3":"status-publish","4":"has-post-thumbnail","6":"product_cat-collections","7":"product_cat-the-sachet-pyramide-en-ecologique","8":"product_cat-the-en-pyramide-biodegradable","9":"product_cat-thes-et-infusions-biologiques-de-qualite","10":"product_cat-vente-de-the-pu-er-ecologique","11":"product_cat-tous-fr","12":"product_cat-tous-fr-2","13":"product_cat-tous","15":"first","16":"instock","17":"shipping-taxable","18":"purchasable","19":"product-type-simple"},"yoast_head":"<!-- This site is optimized with the Yoast SEO Premium plugin v27.3 (Yoast SEO v27.4) - https:\/\/yoast.com\/product\/yoast-seo-premium-wordpress\/ -->\n<title>Th\u00e9 Pu Erh rouge \u00e0 la vanille | A quoi sert le th\u00e9 rouge | Semper Tea<\/title>\n<meta name=\"description\" content=\"Le th\u00e9 rouge Pu-erh en feuilles a un go\u00fbt doux, raffin\u00e9 et terreux. Une combinaison parfaite form\u00e9e par la douceur de la vanille.\" \/>\n<meta name=\"robots\" content=\"index, follow, max-snippet:-1, max-image-preview:large, max-video-preview:-1\" \/>\n<link rel=\"canonical\" href=\"https:\/\/www.sempertea.eu\/fr\/pu-erh-vanilla-the-rouge-biologique-i-pyramid-tea\/\" \/>\n<meta property=\"og:locale\" content=\"fr_FR\" \/>\n<meta property=\"og:type\" content=\"article\" \/>\n<meta property=\"og:title\" content=\"PU-ERH VANILLA th\u00e9 rouge biologique I Pyramid tea\" \/>\n<meta property=\"og:description\" content=\"Le th\u00e9 rouge Pu-erh en feuilles a un go\u00fbt doux, raffin\u00e9 et terreux. Une combinaison parfaite form\u00e9e par la douceur de la vanille.\" \/>\n<meta property=\"og:url\" content=\"https:\/\/www.sempertea.eu\/fr\/pu-erh-vanilla-the-rouge-biologique-i-pyramid-tea\/\" \/>\n<meta property=\"og:site_name\" content=\"Semper Tea | Mayorista y fabricante de T\u00e9s e Infusiones para hoteles, restaurantes y bares\" \/>\n<meta property=\"og:image\" content=\"https:\/\/www.sempertea.eu\/wp-content\/uploads\/2021\/05\/te-blanco-comprar-semper-tea.jpg\" \/>\n<meta name=\"twitter:card\" content=\"summary_large_image\" \/>\n<meta name=\"twitter:label1\" content=\"Dur\u00e9e de lecture estim\u00e9e\" \/>\n\t<meta name=\"twitter:data1\" content=\"1 minute\" \/>\n<script type=\"application\/ld+json\" class=\"yoast-schema-graph\">{\"@context\":\"https:\\\/\\\/schema.org\",\"@graph\":[{\"@type\":\"WebPage\",\"@id\":\"https:\\\/\\\/www.sempertea.eu\\\/fr\\\/pu-erh-vanilla-the-rouge-biologique-i-pyramid-tea\\\/\",\"url\":\"https:\\\/\\\/www.sempertea.eu\\\/fr\\\/pu-erh-vanilla-the-rouge-biologique-i-pyramid-tea\\\/\",\"name\":\"Th\u00e9 Pu Erh rouge \u00e0 la vanille | A quoi sert le th\u00e9 rouge | Semper Tea\",\"isPartOf\":{\"@id\":\"https:\\\/\\\/www.sempertea.eu\\\/#website\"},\"primaryImageOfPage\":{\"@id\":\"https:\\\/\\\/www.sempertea.eu\\\/fr\\\/pu-erh-vanilla-the-rouge-biologique-i-pyramid-tea\\\/#primaryimage\"},\"image\":{\"@id\":\"https:\\\/\\\/www.sempertea.eu\\\/fr\\\/pu-erh-vanilla-the-rouge-biologique-i-pyramid-tea\\\/#primaryimage\"},\"thumbnailUrl\":\"https:\\\/\\\/www.sempertea.eu\\\/wp-content\\\/uploads\\\/2021\\\/05\\\/el-te-rojo-tiene-teina-semper-tea.jpg\",\"datePublished\":\"2024-10-14T11:32:09+00:00\",\"description\":\"Le th\u00e9 rouge Pu-erh en feuilles a un go\u00fbt doux, raffin\u00e9 et terreux. Une combinaison parfaite form\u00e9e par la douceur de la vanille.\",\"breadcrumb\":{\"@id\":\"https:\\\/\\\/www.sempertea.eu\\\/fr\\\/pu-erh-vanilla-the-rouge-biologique-i-pyramid-tea\\\/#breadcrumb\"},\"inLanguage\":\"fr-FR\",\"potentialAction\":[{\"@type\":\"ReadAction\",\"target\":[\"https:\\\/\\\/www.sempertea.eu\\\/fr\\\/pu-erh-vanilla-the-rouge-biologique-i-pyramid-tea\\\/\"]}]},{\"@type\":\"ImageObject\",\"inLanguage\":\"fr-FR\",\"@id\":\"https:\\\/\\\/www.sempertea.eu\\\/fr\\\/pu-erh-vanilla-the-rouge-biologique-i-pyramid-tea\\\/#primaryimage\",\"url\":\"https:\\\/\\\/www.sempertea.eu\\\/wp-content\\\/uploads\\\/2021\\\/05\\\/el-te-rojo-tiene-teina-semper-tea.jpg\",\"contentUrl\":\"https:\\\/\\\/www.sempertea.eu\\\/wp-content\\\/uploads\\\/2021\\\/05\\\/el-te-rojo-tiene-teina-semper-tea.jpg\",\"width\":900,\"height\":900,\"caption\":\"el te rojo tiene teina semper tea\"},{\"@type\":\"BreadcrumbList\",\"@id\":\"https:\\\/\\\/www.sempertea.eu\\\/fr\\\/pu-erh-vanilla-the-rouge-biologique-i-pyramid-tea\\\/#breadcrumb\",\"itemListElement\":[{\"@type\":\"ListItem\",\"position\":1,\"name\":\"Portada\",\"item\":\"https:\\\/\\\/www.sempertea.eu\\\/\"},{\"@type\":\"ListItem\",\"position\":2,\"name\":\"Tienda\",\"item\":\"https:\\\/\\\/www.sempertea.eu\\\/tienda\\\/\"},{\"@type\":\"ListItem\",\"position\":3,\"name\":\"PU-ERH VANILLA th\u00e9 rouge biologique I Pyramid tea\"}]},{\"@type\":\"WebSite\",\"@id\":\"https:\\\/\\\/www.sempertea.eu\\\/#website\",\"url\":\"https:\\\/\\\/www.sempertea.eu\\\/\",\"name\":\"Semper Tea | Mayorista y fabricante de T\u00e9s e Infusiones para hoteles, restaurantes y bares\",\"description\":\"T\u00e9s e infusiones para hosteler\u00eda, hoteler\u00eda y comercio\",\"potentialAction\":[{\"@type\":\"SearchAction\",\"target\":{\"@type\":\"EntryPoint\",\"urlTemplate\":\"https:\\\/\\\/www.sempertea.eu\\\/?s={search_term_string}\"},\"query-input\":{\"@type\":\"PropertyValueSpecification\",\"valueRequired\":true,\"valueName\":\"search_term_string\"}}],\"inLanguage\":\"fr-FR\"}]}<\/script>\n<!-- \/ Yoast SEO Premium plugin. -->","yoast_head_json":{"title":"Th\u00e9 Pu Erh rouge \u00e0 la vanille | A quoi sert le th\u00e9 rouge | Semper Tea","description":"Le th\u00e9 rouge Pu-erh en feuilles a un go\u00fbt doux, raffin\u00e9 et terreux. Une combinaison parfaite form\u00e9e par la douceur de la vanille.","robots":{"index":"index","follow":"follow","max-snippet":"max-snippet:-1","max-image-preview":"max-image-preview:large","max-video-preview":"max-video-preview:-1"},"canonical":"https:\/\/www.sempertea.eu\/fr\/pu-erh-vanilla-the-rouge-biologique-i-pyramid-tea\/","og_locale":"fr_FR","og_type":"article","og_title":"PU-ERH VANILLA th\u00e9 rouge biologique I Pyramid tea","og_description":"Le th\u00e9 rouge Pu-erh en feuilles a un go\u00fbt doux, raffin\u00e9 et terreux. Une combinaison parfaite form\u00e9e par la douceur de la vanille.","og_url":"https:\/\/www.sempertea.eu\/fr\/pu-erh-vanilla-the-rouge-biologique-i-pyramid-tea\/","og_site_name":"Semper Tea | Mayorista y fabricante de T\u00e9s e Infusiones para hoteles, restaurantes y bares","og_image":[{"url":"https:\/\/www.sempertea.eu\/wp-content\/uploads\/2021\/05\/te-blanco-comprar-semper-tea.jpg","type":"","width":"","height":""}],"twitter_card":"summary_large_image","twitter_misc":{"Dur\u00e9e de lecture estim\u00e9e":"1 minute"},"schema":{"@context":"https:\/\/schema.org","@graph":[{"@type":"WebPage","@id":"https:\/\/www.sempertea.eu\/fr\/pu-erh-vanilla-the-rouge-biologique-i-pyramid-tea\/","url":"https:\/\/www.sempertea.eu\/fr\/pu-erh-vanilla-the-rouge-biologique-i-pyramid-tea\/","name":"Th\u00e9 Pu Erh rouge \u00e0 la vanille | A quoi sert le th\u00e9 rouge | Semper Tea","isPartOf":{"@id":"https:\/\/www.sempertea.eu\/#website"},"primaryImageOfPage":{"@id":"https:\/\/www.sempertea.eu\/fr\/pu-erh-vanilla-the-rouge-biologique-i-pyramid-tea\/#primaryimage"},"image":{"@id":"https:\/\/www.sempertea.eu\/fr\/pu-erh-vanilla-the-rouge-biologique-i-pyramid-tea\/#primaryimage"},"thumbnailUrl":"https:\/\/www.sempertea.eu\/wp-content\/uploads\/2021\/05\/el-te-rojo-tiene-teina-semper-tea.jpg","datePublished":"2024-10-14T11:32:09+00:00","description":"Le th\u00e9 rouge Pu-erh en feuilles a un go\u00fbt doux, raffin\u00e9 et terreux. Une combinaison parfaite form\u00e9e par la douceur de la vanille.","breadcrumb":{"@id":"https:\/\/www.sempertea.eu\/fr\/pu-erh-vanilla-the-rouge-biologique-i-pyramid-tea\/#breadcrumb"},"inLanguage":"fr-FR","potentialAction":[{"@type":"ReadAction","target":["https:\/\/www.sempertea.eu\/fr\/pu-erh-vanilla-the-rouge-biologique-i-pyramid-tea\/"]}]},{"@type":"ImageObject","inLanguage":"fr-FR","@id":"https:\/\/www.sempertea.eu\/fr\/pu-erh-vanilla-the-rouge-biologique-i-pyramid-tea\/#primaryimage","url":"https:\/\/www.sempertea.eu\/wp-content\/uploads\/2021\/05\/el-te-rojo-tiene-teina-semper-tea.jpg","contentUrl":"https:\/\/www.sempertea.eu\/wp-content\/uploads\/2021\/05\/el-te-rojo-tiene-teina-semper-tea.jpg","width":900,"height":900,"caption":"el te rojo tiene teina semper tea"},{"@type":"BreadcrumbList","@id":"https:\/\/www.sempertea.eu\/fr\/pu-erh-vanilla-the-rouge-biologique-i-pyramid-tea\/#breadcrumb","itemListElement":[{"@type":"ListItem","position":1,"name":"Portada","item":"https:\/\/www.sempertea.eu\/"},{"@type":"ListItem","position":2,"name":"Tienda","item":"https:\/\/www.sempertea.eu\/tienda\/"},{"@type":"ListItem","position":3,"name":"PU-ERH VANILLA th\u00e9 rouge biologique I Pyramid tea"}]},{"@type":"WebSite","@id":"https:\/\/www.sempertea.eu\/#website","url":"https:\/\/www.sempertea.eu\/","name":"Semper Tea | Mayorista y fabricante de T\u00e9s e Infusiones para hoteles, restaurantes y bares","description":"T\u00e9s e infusiones para hosteler\u00eda, hoteler\u00eda y comercio","potentialAction":[{"@type":"SearchAction","target":{"@type":"EntryPoint","urlTemplate":"https:\/\/www.sempertea.eu\/?s={search_term_string}"},"query-input":{"@type":"PropertyValueSpecification","valueRequired":true,"valueName":"search_term_string"}}],"inLanguage":"fr-FR"}]}},"_links":{"self":[{"href":"https:\/\/www.sempertea.eu\/fr\/wp-json\/wp\/v2\/product\/12070","targetHints":{"allow":["GET"]}}],"collection":[{"href":"https:\/\/www.sempertea.eu\/fr\/wp-json\/wp\/v2\/product"}],"about":[{"href":"https:\/\/www.sempertea.eu\/fr\/wp-json\/wp\/v2\/types\/product"}],"replies":[{"embeddable":true,"href":"https:\/\/www.sempertea.eu\/fr\/wp-json\/wp\/v2\/comments?post=12070"}],"wp:featuredmedia":[{"embeddable":true,"href":"https:\/\/www.sempertea.eu\/fr\/wp-json\/wp\/v2\/media\/12071"}],"wp:attachment":[{"href":"https:\/\/www.sempertea.eu\/fr\/wp-json\/wp\/v2\/media?parent=12070"}],"wp:term":[{"taxonomy":"product_brand","embeddable":true,"href":"https:\/\/www.sempertea.eu\/fr\/wp-json\/wp\/v2\/product_brand?post=12070"},{"taxonomy":"product_cat","embeddable":true,"href":"https:\/\/www.sempertea.eu\/fr\/wp-json\/wp\/v2\/product_cat?post=12070"},{"taxonomy":"product_tag","embeddable":true,"href":"https:\/\/www.sempertea.eu\/fr\/wp-json\/wp\/v2\/product_tag?post=12070"}],"curies":[{"name":"wp","href":"https:\/\/api.w.org\/{rel}","templated":true}]}}