{"id":12068,"date":"2021-05-14T15:48:10","date_gmt":"2024-10-14T11:09:52","guid":{"rendered":"https:\/\/www.sempertea.eu\/oolong-the-bleu-bio-pyramide-de-the\/"},"modified":"2024-10-14T12:09:52","modified_gmt":"2024-10-14T11:09:52","slug":"oolong-the-bleu-bio-pyramide-de-the","status":"publish","type":"product","link":"https:\/\/www.sempertea.eu\/fr\/oolong-the-bleu-bio-pyramide-de-the\/","title":{"rendered":"OOLONG Th\u00e9 bleu bio | Pyramide de th\u00e9"},"content":{"rendered":"<h2>D\u00e9couvrez le go\u00fbt \u00e9quilibr\u00e9 du th\u00e9 Oolong dans des sachets pyramidaux biod\u00e9gradables<\/h2>\n<p>Le th\u00e9 Oolong, \u00e9galement connu sous le nom de<strong> th\u00e9 bleu<\/strong>, est une vari\u00e9t\u00e9 traditionnelle chinoise pr\u00e9sent\u00e9e dans un sachet<strong> pyramidal biod\u00e9gradable<\/strong>. M\u00e9ticuleusement \u00e9labor\u00e9, il offre un ar\u00f4me unique et une saveur cors\u00e9e. Le processus de production, qui fait intervenir la <strong>plante Camellia Sinensis<\/strong>, joue un r\u00f4le important dans la d\u00e9termination du go\u00fbt et du parfum du th\u00e9, l&rsquo;oxydation \u00e9tant un facteur cl\u00e9.  <\/p>\n<h3>Th\u00e9 Oolong &#8211; Le d\u00e9licieux h\u00e9ritage du th\u00e9 bleu<\/h3>\n<p>Le Oolong est le produit de l&rsquo;artisanat traditionnel chinois, de la maturit\u00e9, de la r\u00e9colte et du traitement, ce qui donne un th\u00e9 pur et authentique \u00e0 l&rsquo;essence \u00e9quilibr\u00e9e et douce. Son go\u00fbt accueillant et rond en fait une boisson vraiment d\u00e9licieuse. Comme le th\u00e9 vert et le th\u00e9 noir, le th\u00e9 Oolong est fabriqu\u00e9 \u00e0 partir des feuilles de Camellia sinensis. Toutefois, le th\u00e9 Oolong se trouve au milieu du processus de fermentation et pr\u00e9sente une gamme de couleurs allant du vert au brun fonc\u00e9. <\/p>\n<h4><strong>Th\u00e9 Oolong Bleu &#8211; La d\u00e9licatesse dans chaque infusion<\/strong><\/h4>\n<p>Au-del\u00e0 de son go\u00fbt exceptionnel, le th\u00e9 Oolong pr\u00e9sente de nombreux <strong>avantages pour la sant\u00e9<\/strong>. Il peut faciliter la digestion, acc\u00e9l\u00e9rer le m\u00e9tabolisme pour une \u00e9ventuelle perte de poids, r\u00e9duire le taux de cholest\u00e9rol, augmenter<strong> l&rsquo;acuit\u00e9 mentale, am\u00e9liorer la sant\u00e9 de la peau et \u00e9ventuellement favoriser l&rsquo;ost\u00e9oporose<\/strong>. D\u00e9couvrez les bienfaits du th\u00e9 Oolong gr\u00e2ce \u00e0 nos sachets pyramidaux biod\u00e9gradables. Ce m\u00e9lange pur et \u00e9quilibr\u00e9 rehausse l&rsquo;heure du th\u00e9. Achetez-le d\u00e8s maintenant et plongez-vous dans le riche h\u00e9ritage et la saveur du th\u00e9 Oolong traditionnel chinois. <\/p>\n<p>&nbsp;<\/p>\n","protected":false},"excerpt":{"rendered":"<p><strong>Un th\u00e9 chinois traditionnel, pur et \u00e9quilibr\u00e9<\/strong><\/p>\n<p class=\"Textbody\" style=\"margin-bottom: 0cm;\">Avec son ar\u00f4me unique et son corps plein, la vari\u00e9t\u00e9 Oolong est le r\u00e9sultat de l&rsquo;artisanat traditionnel chinois et, surtout, de la maturit\u00e9, de la r\u00e9colte et du traitement. Une vari\u00e9t\u00e9 qui \u00e9voque l&rsquo;\u00e9quilibre et la paix, avec un go\u00fbt accueillant et rond. Un th\u00e9 vraiment pur et authentique.  <\/p>\n<p>&nbsp;<\/p>\n","protected":false},"featured_media":12069,"comment_status":"open","ping_status":"closed","template":"","meta":[],"product_brand":[],"product_cat":[309,267,299,283,286,310,311,312],"product_tag":[],"class_list":{"0":"post-12068","1":"product","2":"type-product","3":"status-publish","4":"has-post-thumbnail","6":"product_cat-collections","7":"product_cat-the-sachet-pyramide-en-ecologique","8":"product_cat-the-en-pyramide-biodegradable","9":"product_cat-thes-et-infusions-biologiques-de-qualite","10":"product_cat-the-bleu-oolong-ou-acheter","11":"product_cat-tous","12":"product_cat-tous-fr","13":"product_cat-tous-fr-2","15":"first","16":"instock","17":"shipping-taxable","18":"purchasable","19":"product-type-simple"},"yoast_head":"<!-- This site is optimized with the Yoast SEO Premium plugin v27.3 (Yoast SEO v27.4) - https:\/\/yoast.com\/product\/yoast-seo-premium-wordpress\/ -->\n<title>Blue Tea Acheter Oolong Tea | Organic Pyramid Tea Semper Tea<\/title>\n<meta name=\"description\" content=\"Th\u00e9 traditionnel chinois, pur et \u00e9quilibr\u00e9. Ar\u00f4me unique et vari\u00e9t\u00e9 de th\u00e9 bleu Oolong cors\u00e9 dans un sachet pyramidal biod\u00e9gradable.\" \/>\n<meta name=\"robots\" content=\"index, follow, max-snippet:-1, max-image-preview:large, max-video-preview:-1\" \/>\n<link rel=\"canonical\" href=\"https:\/\/www.sempertea.eu\/fr\/oolong-the-bleu-bio-pyramide-de-the\/\" \/>\n<meta property=\"og:locale\" content=\"fr_FR\" \/>\n<meta property=\"og:type\" content=\"article\" \/>\n<meta property=\"og:title\" content=\"OOLONG Th\u00e9 bleu bio | Pyramide de th\u00e9\" \/>\n<meta property=\"og:description\" content=\"Th\u00e9 traditionnel chinois, pur et \u00e9quilibr\u00e9. Ar\u00f4me unique et vari\u00e9t\u00e9 de th\u00e9 bleu Oolong cors\u00e9 dans un sachet pyramidal biod\u00e9gradable.\" \/>\n<meta property=\"og:url\" content=\"https:\/\/www.sempertea.eu\/fr\/oolong-the-bleu-bio-pyramide-de-the\/\" \/>\n<meta property=\"og:site_name\" content=\"Semper Tea | Mayorista y fabricante de T\u00e9s e Infusiones para hoteles, restaurantes y bares\" \/>\n<meta property=\"og:image\" content=\"https:\/\/www.sempertea.eu\/wp-content\/uploads\/2021\/05\/te-azul-contraindicaciones-semper-tea.jpg\" \/>\n<meta name=\"twitter:card\" content=\"summary_large_image\" \/>\n<meta name=\"twitter:label1\" content=\"Dur\u00e9e de lecture estim\u00e9e\" \/>\n\t<meta name=\"twitter:data1\" content=\"1 minute\" \/>\n<script type=\"application\/ld+json\" class=\"yoast-schema-graph\">{\"@context\":\"https:\\\/\\\/schema.org\",\"@graph\":[{\"@type\":\"WebPage\",\"@id\":\"https:\\\/\\\/www.sempertea.eu\\\/fr\\\/oolong-the-bleu-bio-pyramide-de-the\\\/\",\"url\":\"https:\\\/\\\/www.sempertea.eu\\\/fr\\\/oolong-the-bleu-bio-pyramide-de-the\\\/\",\"name\":\"Blue Tea Acheter Oolong Tea | Organic Pyramid Tea Semper Tea\",\"isPartOf\":{\"@id\":\"https:\\\/\\\/www.sempertea.eu\\\/#website\"},\"primaryImageOfPage\":{\"@id\":\"https:\\\/\\\/www.sempertea.eu\\\/fr\\\/oolong-the-bleu-bio-pyramide-de-the\\\/#primaryimage\"},\"image\":{\"@id\":\"https:\\\/\\\/www.sempertea.eu\\\/fr\\\/oolong-the-bleu-bio-pyramide-de-the\\\/#primaryimage\"},\"thumbnailUrl\":\"https:\\\/\\\/www.sempertea.eu\\\/wp-content\\\/uploads\\\/2021\\\/05\\\/te-oolong-comprar-en-piramide-semper-tea.jpg\",\"datePublished\":\"2024-10-14T11:09:52+00:00\",\"description\":\"Th\u00e9 traditionnel chinois, pur et \u00e9quilibr\u00e9. Ar\u00f4me unique et vari\u00e9t\u00e9 de th\u00e9 bleu Oolong cors\u00e9 dans un sachet pyramidal biod\u00e9gradable.\",\"breadcrumb\":{\"@id\":\"https:\\\/\\\/www.sempertea.eu\\\/fr\\\/oolong-the-bleu-bio-pyramide-de-the\\\/#breadcrumb\"},\"inLanguage\":\"fr-FR\",\"potentialAction\":[{\"@type\":\"ReadAction\",\"target\":[\"https:\\\/\\\/www.sempertea.eu\\\/fr\\\/oolong-the-bleu-bio-pyramide-de-the\\\/\"]}]},{\"@type\":\"ImageObject\",\"inLanguage\":\"fr-FR\",\"@id\":\"https:\\\/\\\/www.sempertea.eu\\\/fr\\\/oolong-the-bleu-bio-pyramide-de-the\\\/#primaryimage\",\"url\":\"https:\\\/\\\/www.sempertea.eu\\\/wp-content\\\/uploads\\\/2021\\\/05\\\/te-oolong-comprar-en-piramide-semper-tea.jpg\",\"contentUrl\":\"https:\\\/\\\/www.sempertea.eu\\\/wp-content\\\/uploads\\\/2021\\\/05\\\/te-oolong-comprar-en-piramide-semper-tea.jpg\",\"width\":900,\"height\":900,\"caption\":\"te azul contraindicaciones semper tea\"},{\"@type\":\"BreadcrumbList\",\"@id\":\"https:\\\/\\\/www.sempertea.eu\\\/fr\\\/oolong-the-bleu-bio-pyramide-de-the\\\/#breadcrumb\",\"itemListElement\":[{\"@type\":\"ListItem\",\"position\":1,\"name\":\"Portada\",\"item\":\"https:\\\/\\\/www.sempertea.eu\\\/\"},{\"@type\":\"ListItem\",\"position\":2,\"name\":\"Tienda\",\"item\":\"https:\\\/\\\/www.sempertea.eu\\\/tienda\\\/\"},{\"@type\":\"ListItem\",\"position\":3,\"name\":\"OOLONG Th\u00e9 bleu bio | Pyramide de th\u00e9\"}]},{\"@type\":\"WebSite\",\"@id\":\"https:\\\/\\\/www.sempertea.eu\\\/#website\",\"url\":\"https:\\\/\\\/www.sempertea.eu\\\/\",\"name\":\"Semper Tea | Mayorista y fabricante de T\u00e9s e Infusiones para hoteles, restaurantes y bares\",\"description\":\"T\u00e9s e infusiones para hosteler\u00eda, hoteler\u00eda y comercio\",\"potentialAction\":[{\"@type\":\"SearchAction\",\"target\":{\"@type\":\"EntryPoint\",\"urlTemplate\":\"https:\\\/\\\/www.sempertea.eu\\\/?s={search_term_string}\"},\"query-input\":{\"@type\":\"PropertyValueSpecification\",\"valueRequired\":true,\"valueName\":\"search_term_string\"}}],\"inLanguage\":\"fr-FR\"}]}<\/script>\n<!-- \/ Yoast SEO Premium plugin. -->","yoast_head_json":{"title":"Blue Tea Acheter Oolong Tea | Organic Pyramid Tea Semper Tea","description":"Th\u00e9 traditionnel chinois, pur et \u00e9quilibr\u00e9. Ar\u00f4me unique et vari\u00e9t\u00e9 de th\u00e9 bleu Oolong cors\u00e9 dans un sachet pyramidal biod\u00e9gradable.","robots":{"index":"index","follow":"follow","max-snippet":"max-snippet:-1","max-image-preview":"max-image-preview:large","max-video-preview":"max-video-preview:-1"},"canonical":"https:\/\/www.sempertea.eu\/fr\/oolong-the-bleu-bio-pyramide-de-the\/","og_locale":"fr_FR","og_type":"article","og_title":"OOLONG Th\u00e9 bleu bio | Pyramide de th\u00e9","og_description":"Th\u00e9 traditionnel chinois, pur et \u00e9quilibr\u00e9. Ar\u00f4me unique et vari\u00e9t\u00e9 de th\u00e9 bleu Oolong cors\u00e9 dans un sachet pyramidal biod\u00e9gradable.","og_url":"https:\/\/www.sempertea.eu\/fr\/oolong-the-bleu-bio-pyramide-de-the\/","og_site_name":"Semper Tea | Mayorista y fabricante de T\u00e9s e Infusiones para hoteles, restaurantes y bares","og_image":[{"url":"https:\/\/www.sempertea.eu\/wp-content\/uploads\/2021\/05\/te-azul-contraindicaciones-semper-tea.jpg","type":"","width":"","height":""}],"twitter_card":"summary_large_image","twitter_misc":{"Dur\u00e9e de lecture estim\u00e9e":"1 minute"},"schema":{"@context":"https:\/\/schema.org","@graph":[{"@type":"WebPage","@id":"https:\/\/www.sempertea.eu\/fr\/oolong-the-bleu-bio-pyramide-de-the\/","url":"https:\/\/www.sempertea.eu\/fr\/oolong-the-bleu-bio-pyramide-de-the\/","name":"Blue Tea Acheter Oolong Tea | Organic Pyramid Tea Semper Tea","isPartOf":{"@id":"https:\/\/www.sempertea.eu\/#website"},"primaryImageOfPage":{"@id":"https:\/\/www.sempertea.eu\/fr\/oolong-the-bleu-bio-pyramide-de-the\/#primaryimage"},"image":{"@id":"https:\/\/www.sempertea.eu\/fr\/oolong-the-bleu-bio-pyramide-de-the\/#primaryimage"},"thumbnailUrl":"https:\/\/www.sempertea.eu\/wp-content\/uploads\/2021\/05\/te-oolong-comprar-en-piramide-semper-tea.jpg","datePublished":"2024-10-14T11:09:52+00:00","description":"Th\u00e9 traditionnel chinois, pur et \u00e9quilibr\u00e9. Ar\u00f4me unique et vari\u00e9t\u00e9 de th\u00e9 bleu Oolong cors\u00e9 dans un sachet pyramidal biod\u00e9gradable.","breadcrumb":{"@id":"https:\/\/www.sempertea.eu\/fr\/oolong-the-bleu-bio-pyramide-de-the\/#breadcrumb"},"inLanguage":"fr-FR","potentialAction":[{"@type":"ReadAction","target":["https:\/\/www.sempertea.eu\/fr\/oolong-the-bleu-bio-pyramide-de-the\/"]}]},{"@type":"ImageObject","inLanguage":"fr-FR","@id":"https:\/\/www.sempertea.eu\/fr\/oolong-the-bleu-bio-pyramide-de-the\/#primaryimage","url":"https:\/\/www.sempertea.eu\/wp-content\/uploads\/2021\/05\/te-oolong-comprar-en-piramide-semper-tea.jpg","contentUrl":"https:\/\/www.sempertea.eu\/wp-content\/uploads\/2021\/05\/te-oolong-comprar-en-piramide-semper-tea.jpg","width":900,"height":900,"caption":"te azul contraindicaciones semper tea"},{"@type":"BreadcrumbList","@id":"https:\/\/www.sempertea.eu\/fr\/oolong-the-bleu-bio-pyramide-de-the\/#breadcrumb","itemListElement":[{"@type":"ListItem","position":1,"name":"Portada","item":"https:\/\/www.sempertea.eu\/"},{"@type":"ListItem","position":2,"name":"Tienda","item":"https:\/\/www.sempertea.eu\/tienda\/"},{"@type":"ListItem","position":3,"name":"OOLONG Th\u00e9 bleu bio | Pyramide de th\u00e9"}]},{"@type":"WebSite","@id":"https:\/\/www.sempertea.eu\/#website","url":"https:\/\/www.sempertea.eu\/","name":"Semper Tea | Mayorista y fabricante de T\u00e9s e Infusiones para hoteles, restaurantes y bares","description":"T\u00e9s e infusiones para hosteler\u00eda, hoteler\u00eda y comercio","potentialAction":[{"@type":"SearchAction","target":{"@type":"EntryPoint","urlTemplate":"https:\/\/www.sempertea.eu\/?s={search_term_string}"},"query-input":{"@type":"PropertyValueSpecification","valueRequired":true,"valueName":"search_term_string"}}],"inLanguage":"fr-FR"}]}},"_links":{"self":[{"href":"https:\/\/www.sempertea.eu\/fr\/wp-json\/wp\/v2\/product\/12068","targetHints":{"allow":["GET"]}}],"collection":[{"href":"https:\/\/www.sempertea.eu\/fr\/wp-json\/wp\/v2\/product"}],"about":[{"href":"https:\/\/www.sempertea.eu\/fr\/wp-json\/wp\/v2\/types\/product"}],"replies":[{"embeddable":true,"href":"https:\/\/www.sempertea.eu\/fr\/wp-json\/wp\/v2\/comments?post=12068"}],"wp:featuredmedia":[{"embeddable":true,"href":"https:\/\/www.sempertea.eu\/fr\/wp-json\/wp\/v2\/media\/12069"}],"wp:attachment":[{"href":"https:\/\/www.sempertea.eu\/fr\/wp-json\/wp\/v2\/media?parent=12068"}],"wp:term":[{"taxonomy":"product_brand","embeddable":true,"href":"https:\/\/www.sempertea.eu\/fr\/wp-json\/wp\/v2\/product_brand?post=12068"},{"taxonomy":"product_cat","embeddable":true,"href":"https:\/\/www.sempertea.eu\/fr\/wp-json\/wp\/v2\/product_cat?post=12068"},{"taxonomy":"product_tag","embeddable":true,"href":"https:\/\/www.sempertea.eu\/fr\/wp-json\/wp\/v2\/product_tag?post=12068"}],"curies":[{"name":"wp","href":"https:\/\/api.w.org\/{rel}","templated":true}]}}