{"id":12066,"date":"2021-07-06T18:50:40","date_gmt":"2024-10-14T10:32:37","guid":{"rendered":"https:\/\/www.sempertea.eu\/mint-the-a-la-menthe-biologique-i-pyramid-tea\/"},"modified":"2024-10-14T11:32:37","modified_gmt":"2024-10-14T10:32:37","slug":"mint-the-a-la-menthe-biologique-i-pyramid-tea","status":"publish","type":"product","link":"https:\/\/www.sempertea.eu\/fr\/mint-the-a-la-menthe-biologique-i-pyramid-tea\/","title":{"rendered":"MINT th\u00e9 \u00e0 la menthe biologique I Pyramid tea"},"content":{"rendered":"<h2>Th\u00e9 rafra\u00eechissant \u00e0 la menthe poivr\u00e9e &#8211; Acheter nos pyramides biologiques biod\u00e9gradables<\/h2>\n<p>Notre th\u00e9 \u00e0 la menthe poivr\u00e9e est une <strong>d\u00e9licieuse tisane sans caf\u00e9ine<\/strong> fabriqu\u00e9e exclusivement \u00e0 partir de feuilles de menthe poivr\u00e9e, qui offre une exp\u00e9rience <strong>rafra\u00eechissante et vivifiante<\/strong>, id\u00e9ale \u00e0 tout moment de la journ\u00e9e. Vous pouvez d\u00e9sormais savourer cette infusion revigorante dans le respect de l&rsquo;environnement gr\u00e2ce \u00e0 nos sachets de th\u00e9 biod\u00e9gradables en forme de pyramide. <\/p>\n<h3>Certification biologique<\/h3>\n<p>Notre th\u00e9 \u00e0 la menthe est fabriqu\u00e9 avec d\u00e9vouement et porte la prestigieuse certification biologique, garantissant son origine pure et naturelle. Toutes les vari\u00e9t\u00e9s de notre gamme de th\u00e9s proviennent d&rsquo;exploitations agricoles et d&rsquo;usines de transformation qui suivent des pratiques <strong>agricoles biologiques <\/strong>strictes, garantissant ainsi une <strong>agriculture durable<\/strong> et la pr\u00e9servation de l&rsquo;environnement. <\/p>\n<h4><strong>Sachets de th\u00e9 biod\u00e9gradables respectueux de l&rsquo;environnement<\/strong><\/h4>\n<p>Conform\u00e9ment \u00e0 notre engagement en faveur de la <strong>durabilit\u00e9 environnementale<\/strong>, nous pr\u00e9sentons notre th\u00e9 \u00e0 la menthe dans des sachets pyramidaux biod\u00e9gradables. Ces sachets innovants sont con\u00e7us pour r\u00e9duire les d\u00e9chets et minimiser l&rsquo;impact sur la plan\u00e8te, faisant de chaque tasse de th\u00e9 \u00e0 la menthe un choix conscient et respectueux de l&rsquo;environnement. Savourez l&rsquo;essence <strong>revitalisante de notre th\u00e9 \u00e0 la menthe<\/strong> et contribuez \u00e0 un monde plus vert gr\u00e2ce \u00e0 notre sachet pyramidal \u00e9cologique. D\u00e9couvrez la fra\u00eecheur du meilleur de la nature, pr\u00e9par\u00e9 de mani\u00e8re pratique dans nos <strong>sachets pyramidaux biod\u00e9gradables <\/strong>&#8211; achetez-les d\u00e8s maintenant et profitez de vos moments de th\u00e9 en toute tranquillit\u00e9 d&rsquo;esprit pour l&rsquo;environnement ! <\/p>\n","protected":false},"excerpt":{"rendered":"<p><strong>Rafra\u00eechissante et durable, cette boisson a un go\u00fbt frais sans caf\u00e9ine.<\/strong><\/p>\n<p>Tr\u00e8s r\u00e9pandue en Afrique du Nord, cette boisson est parfaite pour tous les moments de la vie quotidienne.<br \/>L&rsquo;ar\u00f4me intense garantit une exp\u00e9rience fra\u00eeche et durable, n\u00e9cessaire pour les chaudes journ\u00e9es d&rsquo;\u00e9t\u00e9 ou les froides journ\u00e9es d&rsquo;hiver.<\/p>\n","protected":false},"featured_media":12067,"comment_status":"open","ping_status":"closed","template":"","meta":[],"product_brand":[],"product_cat":[309,267,289,299,283,310,311,312],"product_tag":[],"class_list":{"0":"post-12066","1":"product","2":"type-product","3":"status-publish","4":"has-post-thumbnail","6":"product_cat-collections","7":"product_cat-the-sachet-pyramide-en-ecologique","8":"product_cat-the-aux-herbes-bio-au-acheter","9":"product_cat-the-en-pyramide-biodegradable","10":"product_cat-thes-et-infusions-biologiques-de-qualite","11":"product_cat-tous","12":"product_cat-tous-fr","13":"product_cat-tous-fr-2","15":"first","16":"instock","17":"shipping-taxable","18":"purchasable","19":"product-type-simple"},"yoast_head":"<!-- This site is optimized with the Yoast SEO Premium plugin v27.3 (Yoast SEO v27.4) - https:\/\/yoast.com\/product\/yoast-seo-premium-wordpress\/ -->\n<title>Acheter Pyramid Infusions | Infusion de menthe \u00e0 la menthe<\/title>\n<meta name=\"description\" content=\"Largement utilis\u00e9 en Afrique du Nord, le th\u00e9 \u00e0 la menthe est parfait pour tous les moments de la vie quotidienne. Il ne contient pas de caf\u00e9ine.\" \/>\n<meta name=\"robots\" content=\"index, follow, max-snippet:-1, max-image-preview:large, max-video-preview:-1\" \/>\n<link rel=\"canonical\" href=\"https:\/\/www.sempertea.eu\/fr\/mint-the-a-la-menthe-biologique-i-pyramid-tea\/\" \/>\n<meta property=\"og:locale\" content=\"fr_FR\" \/>\n<meta property=\"og:type\" content=\"article\" \/>\n<meta property=\"og:title\" content=\"MINT th\u00e9 \u00e0 la menthe biologique I Pyramid tea\" \/>\n<meta property=\"og:description\" content=\"Largement utilis\u00e9 en Afrique du Nord, le th\u00e9 \u00e0 la menthe est parfait pour tous les moments de la vie quotidienne. Il ne contient pas de caf\u00e9ine.\" \/>\n<meta property=\"og:url\" content=\"https:\/\/www.sempertea.eu\/fr\/mint-the-a-la-menthe-biologique-i-pyramid-tea\/\" \/>\n<meta property=\"og:site_name\" content=\"Semper Tea | Mayorista y fabricante de T\u00e9s e Infusiones para hoteles, restaurantes y bares\" \/>\n<meta property=\"og:image\" content=\"https:\/\/www.sempertea.eu\/wp-content\/uploads\/2021\/07\/infusion-menta-bio-en-bolsa-piramide-biodegradable-semper-tea.jpg\" \/>\n\t<meta property=\"og:image:width\" content=\"900\" \/>\n\t<meta property=\"og:image:height\" content=\"900\" \/>\n\t<meta property=\"og:image:type\" content=\"image\/jpeg\" \/>\n<meta name=\"twitter:card\" content=\"summary_large_image\" \/>\n<meta name=\"twitter:label1\" content=\"Dur\u00e9e de lecture estim\u00e9e\" \/>\n\t<meta name=\"twitter:data1\" content=\"1 minute\" \/>\n<script type=\"application\/ld+json\" class=\"yoast-schema-graph\">{\"@context\":\"https:\\\/\\\/schema.org\",\"@graph\":[{\"@type\":\"WebPage\",\"@id\":\"https:\\\/\\\/www.sempertea.eu\\\/fr\\\/mint-the-a-la-menthe-biologique-i-pyramid-tea\\\/\",\"url\":\"https:\\\/\\\/www.sempertea.eu\\\/fr\\\/mint-the-a-la-menthe-biologique-i-pyramid-tea\\\/\",\"name\":\"Acheter Pyramid Infusions | Infusion de menthe \u00e0 la menthe\",\"isPartOf\":{\"@id\":\"https:\\\/\\\/www.sempertea.eu\\\/#website\"},\"primaryImageOfPage\":{\"@id\":\"https:\\\/\\\/www.sempertea.eu\\\/fr\\\/mint-the-a-la-menthe-biologique-i-pyramid-tea\\\/#primaryimage\"},\"image\":{\"@id\":\"https:\\\/\\\/www.sempertea.eu\\\/fr\\\/mint-the-a-la-menthe-biologique-i-pyramid-tea\\\/#primaryimage\"},\"thumbnailUrl\":\"https:\\\/\\\/www.sempertea.eu\\\/wp-content\\\/uploads\\\/2021\\\/07\\\/infusion-menta-bio-en-bolsa-piramide-biodegradable-semper-tea.jpg\",\"datePublished\":\"2024-10-14T10:32:37+00:00\",\"description\":\"Largement utilis\u00e9 en Afrique du Nord, le th\u00e9 \u00e0 la menthe est parfait pour tous les moments de la vie quotidienne. Il ne contient pas de caf\u00e9ine.\",\"breadcrumb\":{\"@id\":\"https:\\\/\\\/www.sempertea.eu\\\/fr\\\/mint-the-a-la-menthe-biologique-i-pyramid-tea\\\/#breadcrumb\"},\"inLanguage\":\"fr-FR\",\"potentialAction\":[{\"@type\":\"ReadAction\",\"target\":[\"https:\\\/\\\/www.sempertea.eu\\\/fr\\\/mint-the-a-la-menthe-biologique-i-pyramid-tea\\\/\"]}]},{\"@type\":\"ImageObject\",\"inLanguage\":\"fr-FR\",\"@id\":\"https:\\\/\\\/www.sempertea.eu\\\/fr\\\/mint-the-a-la-menthe-biologique-i-pyramid-tea\\\/#primaryimage\",\"url\":\"https:\\\/\\\/www.sempertea.eu\\\/wp-content\\\/uploads\\\/2021\\\/07\\\/infusion-menta-bio-en-bolsa-piramide-biodegradable-semper-tea.jpg\",\"contentUrl\":\"https:\\\/\\\/www.sempertea.eu\\\/wp-content\\\/uploads\\\/2021\\\/07\\\/infusion-menta-bio-en-bolsa-piramide-biodegradable-semper-tea.jpg\",\"width\":900,\"height\":900,\"caption\":\"te de menta bio en bolsa piramide biodegradable semper tea\"},{\"@type\":\"BreadcrumbList\",\"@id\":\"https:\\\/\\\/www.sempertea.eu\\\/fr\\\/mint-the-a-la-menthe-biologique-i-pyramid-tea\\\/#breadcrumb\",\"itemListElement\":[{\"@type\":\"ListItem\",\"position\":1,\"name\":\"Portada\",\"item\":\"https:\\\/\\\/www.sempertea.eu\\\/\"},{\"@type\":\"ListItem\",\"position\":2,\"name\":\"Tienda\",\"item\":\"https:\\\/\\\/www.sempertea.eu\\\/tienda\\\/\"},{\"@type\":\"ListItem\",\"position\":3,\"name\":\"MINT th\u00e9 \u00e0 la menthe biologique I Pyramid tea\"}]},{\"@type\":\"WebSite\",\"@id\":\"https:\\\/\\\/www.sempertea.eu\\\/#website\",\"url\":\"https:\\\/\\\/www.sempertea.eu\\\/\",\"name\":\"Semper Tea | Mayorista y fabricante de T\u00e9s e Infusiones para hoteles, restaurantes y bares\",\"description\":\"T\u00e9s e infusiones para hosteler\u00eda, hoteler\u00eda y comercio\",\"potentialAction\":[{\"@type\":\"SearchAction\",\"target\":{\"@type\":\"EntryPoint\",\"urlTemplate\":\"https:\\\/\\\/www.sempertea.eu\\\/?s={search_term_string}\"},\"query-input\":{\"@type\":\"PropertyValueSpecification\",\"valueRequired\":true,\"valueName\":\"search_term_string\"}}],\"inLanguage\":\"fr-FR\"}]}<\/script>\n<!-- \/ Yoast SEO Premium plugin. -->","yoast_head_json":{"title":"Acheter Pyramid Infusions | Infusion de menthe \u00e0 la menthe","description":"Largement utilis\u00e9 en Afrique du Nord, le th\u00e9 \u00e0 la menthe est parfait pour tous les moments de la vie quotidienne. Il ne contient pas de caf\u00e9ine.","robots":{"index":"index","follow":"follow","max-snippet":"max-snippet:-1","max-image-preview":"max-image-preview:large","max-video-preview":"max-video-preview:-1"},"canonical":"https:\/\/www.sempertea.eu\/fr\/mint-the-a-la-menthe-biologique-i-pyramid-tea\/","og_locale":"fr_FR","og_type":"article","og_title":"MINT th\u00e9 \u00e0 la menthe biologique I Pyramid tea","og_description":"Largement utilis\u00e9 en Afrique du Nord, le th\u00e9 \u00e0 la menthe est parfait pour tous les moments de la vie quotidienne. Il ne contient pas de caf\u00e9ine.","og_url":"https:\/\/www.sempertea.eu\/fr\/mint-the-a-la-menthe-biologique-i-pyramid-tea\/","og_site_name":"Semper Tea | Mayorista y fabricante de T\u00e9s e Infusiones para hoteles, restaurantes y bares","og_image":[{"width":900,"height":900,"url":"https:\/\/www.sempertea.eu\/wp-content\/uploads\/2021\/07\/infusion-menta-bio-en-bolsa-piramide-biodegradable-semper-tea.jpg","type":"image\/jpeg"}],"twitter_card":"summary_large_image","twitter_misc":{"Dur\u00e9e de lecture estim\u00e9e":"1 minute"},"schema":{"@context":"https:\/\/schema.org","@graph":[{"@type":"WebPage","@id":"https:\/\/www.sempertea.eu\/fr\/mint-the-a-la-menthe-biologique-i-pyramid-tea\/","url":"https:\/\/www.sempertea.eu\/fr\/mint-the-a-la-menthe-biologique-i-pyramid-tea\/","name":"Acheter Pyramid Infusions | Infusion de menthe \u00e0 la menthe","isPartOf":{"@id":"https:\/\/www.sempertea.eu\/#website"},"primaryImageOfPage":{"@id":"https:\/\/www.sempertea.eu\/fr\/mint-the-a-la-menthe-biologique-i-pyramid-tea\/#primaryimage"},"image":{"@id":"https:\/\/www.sempertea.eu\/fr\/mint-the-a-la-menthe-biologique-i-pyramid-tea\/#primaryimage"},"thumbnailUrl":"https:\/\/www.sempertea.eu\/wp-content\/uploads\/2021\/07\/infusion-menta-bio-en-bolsa-piramide-biodegradable-semper-tea.jpg","datePublished":"2024-10-14T10:32:37+00:00","description":"Largement utilis\u00e9 en Afrique du Nord, le th\u00e9 \u00e0 la menthe est parfait pour tous les moments de la vie quotidienne. Il ne contient pas de caf\u00e9ine.","breadcrumb":{"@id":"https:\/\/www.sempertea.eu\/fr\/mint-the-a-la-menthe-biologique-i-pyramid-tea\/#breadcrumb"},"inLanguage":"fr-FR","potentialAction":[{"@type":"ReadAction","target":["https:\/\/www.sempertea.eu\/fr\/mint-the-a-la-menthe-biologique-i-pyramid-tea\/"]}]},{"@type":"ImageObject","inLanguage":"fr-FR","@id":"https:\/\/www.sempertea.eu\/fr\/mint-the-a-la-menthe-biologique-i-pyramid-tea\/#primaryimage","url":"https:\/\/www.sempertea.eu\/wp-content\/uploads\/2021\/07\/infusion-menta-bio-en-bolsa-piramide-biodegradable-semper-tea.jpg","contentUrl":"https:\/\/www.sempertea.eu\/wp-content\/uploads\/2021\/07\/infusion-menta-bio-en-bolsa-piramide-biodegradable-semper-tea.jpg","width":900,"height":900,"caption":"te de menta bio en bolsa piramide biodegradable semper tea"},{"@type":"BreadcrumbList","@id":"https:\/\/www.sempertea.eu\/fr\/mint-the-a-la-menthe-biologique-i-pyramid-tea\/#breadcrumb","itemListElement":[{"@type":"ListItem","position":1,"name":"Portada","item":"https:\/\/www.sempertea.eu\/"},{"@type":"ListItem","position":2,"name":"Tienda","item":"https:\/\/www.sempertea.eu\/tienda\/"},{"@type":"ListItem","position":3,"name":"MINT th\u00e9 \u00e0 la menthe biologique I Pyramid tea"}]},{"@type":"WebSite","@id":"https:\/\/www.sempertea.eu\/#website","url":"https:\/\/www.sempertea.eu\/","name":"Semper Tea | Mayorista y fabricante de T\u00e9s e Infusiones para hoteles, restaurantes y bares","description":"T\u00e9s e infusiones para hosteler\u00eda, hoteler\u00eda y comercio","potentialAction":[{"@type":"SearchAction","target":{"@type":"EntryPoint","urlTemplate":"https:\/\/www.sempertea.eu\/?s={search_term_string}"},"query-input":{"@type":"PropertyValueSpecification","valueRequired":true,"valueName":"search_term_string"}}],"inLanguage":"fr-FR"}]}},"_links":{"self":[{"href":"https:\/\/www.sempertea.eu\/fr\/wp-json\/wp\/v2\/product\/12066","targetHints":{"allow":["GET"]}}],"collection":[{"href":"https:\/\/www.sempertea.eu\/fr\/wp-json\/wp\/v2\/product"}],"about":[{"href":"https:\/\/www.sempertea.eu\/fr\/wp-json\/wp\/v2\/types\/product"}],"replies":[{"embeddable":true,"href":"https:\/\/www.sempertea.eu\/fr\/wp-json\/wp\/v2\/comments?post=12066"}],"wp:featuredmedia":[{"embeddable":true,"href":"https:\/\/www.sempertea.eu\/fr\/wp-json\/wp\/v2\/media\/12067"}],"wp:attachment":[{"href":"https:\/\/www.sempertea.eu\/fr\/wp-json\/wp\/v2\/media?parent=12066"}],"wp:term":[{"taxonomy":"product_brand","embeddable":true,"href":"https:\/\/www.sempertea.eu\/fr\/wp-json\/wp\/v2\/product_brand?post=12066"},{"taxonomy":"product_cat","embeddable":true,"href":"https:\/\/www.sempertea.eu\/fr\/wp-json\/wp\/v2\/product_cat?post=12066"},{"taxonomy":"product_tag","embeddable":true,"href":"https:\/\/www.sempertea.eu\/fr\/wp-json\/wp\/v2\/product_tag?post=12066"}],"curies":[{"name":"wp","href":"https:\/\/api.w.org\/{rel}","templated":true}]}}