{"id":12062,"date":"2021-05-17T17:04:16","date_gmt":"2024-10-14T10:01:22","guid":{"rendered":"https:\/\/www.sempertea.eu\/green-the-vert-biologique-i-pyramid-tea\/"},"modified":"2024-10-14T11:01:22","modified_gmt":"2024-10-14T10:01:22","slug":"green-the-vert-biologique-i-pyramid-tea","status":"publish","type":"product","link":"https:\/\/www.sempertea.eu\/fr\/green-the-vert-biologique-i-pyramid-tea\/","title":{"rendered":"GREEN Th\u00e9 vert biologique I Pyramid Tea"},"content":{"rendered":"<h2>Semper Tea &#8211; Votre source de th\u00e9 vert biologique de premi\u00e8re qualit\u00e9 en sachets pyramidaux et en feuilles.<\/h2>\n<p>Bienvenue \u00e0 Semper Tea &#8211; L\u00e0 o\u00f9 le th\u00e9 vert r\u00e9v\u00e8le son meilleur. D\u00e9couvrez la v\u00e9ritable essence de la nature avec la s\u00e9lection de <strong>th\u00e9s verts biologiques<\/strong> de Semper Tea. Nous sommes fiers de nous approvisionner en feuilles de th\u00e9 vert de la plus haute qualit\u00e9, fabriqu\u00e9es de mani\u00e8re experte en <strong>sachets pyramidaux<\/strong> et en feuilles libres.  <\/p>\n<h3>Notre th\u00e9 vert biologique est un v\u00e9ritable plaisir \u00e0 boire.<\/h3>\n<p>Profitez pleinement de la bont\u00e9 naturelle et des bienfaits pour la sant\u00e9 du th\u00e9 vert biologique. Chaque gorg\u00e9e est un voyage <strong>rajeunissant<\/strong> qui fournit des antioxydants et des nutriments pour nourrir votre corps et votre \u00e2me. <\/p>\n<h4><strong>Th\u00e9 vert en sachets pyramidaux : la commodit\u00e9 au service de la saveur<\/strong><\/h4>\n<p>La commodit\u00e9 rencontre l&rsquo;\u00e9l\u00e9gance dans nos sachets de th\u00e9 pyramidaux, remplis de l&rsquo;essence des feuilles de th\u00e9 vert biologique. Ils pr\u00e9parent sans effort la tasse id\u00e9ale aux saveurs d\u00e9licates et rafra\u00eechissantes, offrant une exp\u00e9rience de <strong>d\u00e9gustation de th\u00e9<\/strong> sans pareille. <\/p>\n<h2>L&rsquo;authenticit\u00e9 du th\u00e9 vert en vrac<\/h2>\n<p>Pour les amateurs de th\u00e9 les plus exigeants, notre collection de feuilles de th\u00e9 vert en vrac attend votre palais. Des ar\u00f4mes et des saveurs naturels, en appr\u00e9ciant le processus d&rsquo;infusion traditionnel pour un rituel de th\u00e9 authentique. <\/p>\n<h3>Les puissants bienfaits du th\u00e9 vert<\/h3>\n<p>Le th\u00e9 vert contient de<strong> puissants antioxydants <\/strong>qui peuvent aider \u00e0 rajeunir notre peau ou les cellules de notre corps. Les vitamines C, E et la provitamine A peuvent \u00eatre trouv\u00e9es dans cette tasse chaude de th\u00e9 vert. En outre, un certain compos\u00e9 d&rsquo;acides amin\u00e9s peut nous aider \u00e0 r\u00e9duire le stress en procurant une certaine relaxation. Le th\u00e9 vert a un <strong>effet stimulant <\/strong>qui nous aide \u00e0 rester actifs et peut \u00eatre un substitut \u00e0 la caf\u00e9ine, mais en agissant de mani\u00e8re moins intense.<\/p>\n","protected":false},"excerpt":{"rendered":"<p><strong>Pure, puissante et raffin\u00e9e<\/strong><\/p>\n<p>Notre s\u00e9lection de th\u00e9 vert rappelle les brises marines fra\u00eeches et l&rsquo;herbe humide. Il se caract\u00e9rise par son go\u00fbt d\u00e9licat et frais &#8211; un pur produit de la nature \u00e0 l&rsquo;effet stimulant et riche en antioxydants.<br \/>\nPuissant et raffin\u00e9 pour l&rsquo;apog\u00e9e du quotidien. <\/p>\n<p>&nbsp;<\/p>\n","protected":false},"featured_media":12063,"comment_status":"open","ping_status":"closed","template":"","meta":[],"product_brand":[],"product_cat":[309,267,299,283,287,312,310,311],"product_tag":[],"class_list":{"0":"post-12062","1":"product","2":"type-product","3":"status-publish","4":"has-post-thumbnail","6":"product_cat-collections","7":"product_cat-the-sachet-pyramide-en-ecologique","8":"product_cat-the-en-pyramide-biodegradable","9":"product_cat-thes-et-infusions-biologiques-de-qualite","10":"product_cat-the-vert-biologique-ou-acheter","11":"product_cat-tous-fr-2","12":"product_cat-tous","13":"product_cat-tous-fr","15":"first","16":"instock","17":"shipping-taxable","18":"purchasable","19":"product-type-simple"},"yoast_head":"<!-- This site is optimized with the Yoast SEO Premium plugin v27.3 (Yoast SEO v27.4) - https:\/\/yoast.com\/product\/yoast-seo-premium-wordpress\/ -->\n<title>Th\u00e9 vert : Th\u00e9 vert en pyramide : Th\u00e9 biologique Semper Tea<\/title>\n<meta name=\"description\" content=\"D\u00e9licat et frais, pur produit de la nature \u00e0 l&#039;effet stimulant et riche en antioxydants. Puissant et raffin\u00e9, le th\u00e9 vert en pyramide.\" \/>\n<meta name=\"robots\" content=\"index, follow, max-snippet:-1, max-image-preview:large, max-video-preview:-1\" \/>\n<link rel=\"canonical\" href=\"https:\/\/www.sempertea.eu\/fr\/green-the-vert-biologique-i-pyramid-tea\/\" \/>\n<meta property=\"og:locale\" content=\"fr_FR\" \/>\n<meta property=\"og:type\" content=\"article\" \/>\n<meta property=\"og:title\" content=\"GREEN Th\u00e9 vert biologique I Pyramid Tea\" \/>\n<meta property=\"og:description\" content=\"D\u00e9licat et frais, pur produit de la nature \u00e0 l&#039;effet stimulant et riche en antioxydants. Puissant et raffin\u00e9, le th\u00e9 vert en pyramide.\" \/>\n<meta property=\"og:url\" content=\"https:\/\/www.sempertea.eu\/fr\/green-the-vert-biologique-i-pyramid-tea\/\" \/>\n<meta property=\"og:site_name\" content=\"Semper Tea | Mayorista y fabricante de T\u00e9s e Infusiones para hoteles, restaurantes y bares\" \/>\n<meta property=\"og:image\" content=\"https:\/\/www.sempertea.eu\/wp-content\/uploads\/2021\/05\/te-verde-green-tea-en-piramide-semper-tea.jpg\" \/>\n<meta name=\"twitter:card\" content=\"summary_large_image\" \/>\n<meta name=\"twitter:label1\" content=\"Dur\u00e9e de lecture estim\u00e9e\" \/>\n\t<meta name=\"twitter:data1\" content=\"2 minutes\" \/>\n<script type=\"application\/ld+json\" class=\"yoast-schema-graph\">{\"@context\":\"https:\\\/\\\/schema.org\",\"@graph\":[{\"@type\":\"WebPage\",\"@id\":\"https:\\\/\\\/www.sempertea.eu\\\/fr\\\/green-the-vert-biologique-i-pyramid-tea\\\/\",\"url\":\"https:\\\/\\\/www.sempertea.eu\\\/fr\\\/green-the-vert-biologique-i-pyramid-tea\\\/\",\"name\":\"Th\u00e9 vert : Th\u00e9 vert en pyramide : Th\u00e9 biologique Semper Tea\",\"isPartOf\":{\"@id\":\"https:\\\/\\\/www.sempertea.eu\\\/#website\"},\"primaryImageOfPage\":{\"@id\":\"https:\\\/\\\/www.sempertea.eu\\\/fr\\\/green-the-vert-biologique-i-pyramid-tea\\\/#primaryimage\"},\"image\":{\"@id\":\"https:\\\/\\\/www.sempertea.eu\\\/fr\\\/green-the-vert-biologique-i-pyramid-tea\\\/#primaryimage\"},\"thumbnailUrl\":\"https:\\\/\\\/www.sempertea.eu\\\/wp-content\\\/uploads\\\/2021\\\/05\\\/te-verde-para-adelgazar-en-bolsa-piramde-green-tea-semper-tea.jpg\",\"datePublished\":\"2024-10-14T10:01:22+00:00\",\"description\":\"D\u00e9licat et frais, pur produit de la nature \u00e0 l'effet stimulant et riche en antioxydants. Puissant et raffin\u00e9, le th\u00e9 vert en pyramide.\",\"breadcrumb\":{\"@id\":\"https:\\\/\\\/www.sempertea.eu\\\/fr\\\/green-the-vert-biologique-i-pyramid-tea\\\/#breadcrumb\"},\"inLanguage\":\"fr-FR\",\"potentialAction\":[{\"@type\":\"ReadAction\",\"target\":[\"https:\\\/\\\/www.sempertea.eu\\\/fr\\\/green-the-vert-biologique-i-pyramid-tea\\\/\"]}]},{\"@type\":\"ImageObject\",\"inLanguage\":\"fr-FR\",\"@id\":\"https:\\\/\\\/www.sempertea.eu\\\/fr\\\/green-the-vert-biologique-i-pyramid-tea\\\/#primaryimage\",\"url\":\"https:\\\/\\\/www.sempertea.eu\\\/wp-content\\\/uploads\\\/2021\\\/05\\\/te-verde-para-adelgazar-en-bolsa-piramde-green-tea-semper-tea.jpg\",\"contentUrl\":\"https:\\\/\\\/www.sempertea.eu\\\/wp-content\\\/uploads\\\/2021\\\/05\\\/te-verde-para-adelgazar-en-bolsa-piramde-green-tea-semper-tea.jpg\",\"width\":900,\"height\":900,\"caption\":\"te verde para adelgazar en bolsa piramde green semper tea\"},{\"@type\":\"BreadcrumbList\",\"@id\":\"https:\\\/\\\/www.sempertea.eu\\\/fr\\\/green-the-vert-biologique-i-pyramid-tea\\\/#breadcrumb\",\"itemListElement\":[{\"@type\":\"ListItem\",\"position\":1,\"name\":\"Portada\",\"item\":\"https:\\\/\\\/www.sempertea.eu\\\/\"},{\"@type\":\"ListItem\",\"position\":2,\"name\":\"Tienda\",\"item\":\"https:\\\/\\\/www.sempertea.eu\\\/tienda\\\/\"},{\"@type\":\"ListItem\",\"position\":3,\"name\":\"GREEN Th\u00e9 vert biologique I Pyramid Tea\"}]},{\"@type\":\"WebSite\",\"@id\":\"https:\\\/\\\/www.sempertea.eu\\\/#website\",\"url\":\"https:\\\/\\\/www.sempertea.eu\\\/\",\"name\":\"Semper Tea | Mayorista y fabricante de T\u00e9s e Infusiones para hoteles, restaurantes y bares\",\"description\":\"T\u00e9s e infusiones para hosteler\u00eda, hoteler\u00eda y comercio\",\"potentialAction\":[{\"@type\":\"SearchAction\",\"target\":{\"@type\":\"EntryPoint\",\"urlTemplate\":\"https:\\\/\\\/www.sempertea.eu\\\/?s={search_term_string}\"},\"query-input\":{\"@type\":\"PropertyValueSpecification\",\"valueRequired\":true,\"valueName\":\"search_term_string\"}}],\"inLanguage\":\"fr-FR\"}]}<\/script>\n<!-- \/ Yoast SEO Premium plugin. -->","yoast_head_json":{"title":"Th\u00e9 vert : Th\u00e9 vert en pyramide : Th\u00e9 biologique Semper Tea","description":"D\u00e9licat et frais, pur produit de la nature \u00e0 l'effet stimulant et riche en antioxydants. Puissant et raffin\u00e9, le th\u00e9 vert en pyramide.","robots":{"index":"index","follow":"follow","max-snippet":"max-snippet:-1","max-image-preview":"max-image-preview:large","max-video-preview":"max-video-preview:-1"},"canonical":"https:\/\/www.sempertea.eu\/fr\/green-the-vert-biologique-i-pyramid-tea\/","og_locale":"fr_FR","og_type":"article","og_title":"GREEN Th\u00e9 vert biologique I Pyramid Tea","og_description":"D\u00e9licat et frais, pur produit de la nature \u00e0 l'effet stimulant et riche en antioxydants. Puissant et raffin\u00e9, le th\u00e9 vert en pyramide.","og_url":"https:\/\/www.sempertea.eu\/fr\/green-the-vert-biologique-i-pyramid-tea\/","og_site_name":"Semper Tea | Mayorista y fabricante de T\u00e9s e Infusiones para hoteles, restaurantes y bares","og_image":[{"url":"https:\/\/www.sempertea.eu\/wp-content\/uploads\/2021\/05\/te-verde-green-tea-en-piramide-semper-tea.jpg","type":"","width":"","height":""}],"twitter_card":"summary_large_image","twitter_misc":{"Dur\u00e9e de lecture estim\u00e9e":"2 minutes"},"schema":{"@context":"https:\/\/schema.org","@graph":[{"@type":"WebPage","@id":"https:\/\/www.sempertea.eu\/fr\/green-the-vert-biologique-i-pyramid-tea\/","url":"https:\/\/www.sempertea.eu\/fr\/green-the-vert-biologique-i-pyramid-tea\/","name":"Th\u00e9 vert : Th\u00e9 vert en pyramide : Th\u00e9 biologique Semper Tea","isPartOf":{"@id":"https:\/\/www.sempertea.eu\/#website"},"primaryImageOfPage":{"@id":"https:\/\/www.sempertea.eu\/fr\/green-the-vert-biologique-i-pyramid-tea\/#primaryimage"},"image":{"@id":"https:\/\/www.sempertea.eu\/fr\/green-the-vert-biologique-i-pyramid-tea\/#primaryimage"},"thumbnailUrl":"https:\/\/www.sempertea.eu\/wp-content\/uploads\/2021\/05\/te-verde-para-adelgazar-en-bolsa-piramde-green-tea-semper-tea.jpg","datePublished":"2024-10-14T10:01:22+00:00","description":"D\u00e9licat et frais, pur produit de la nature \u00e0 l'effet stimulant et riche en antioxydants. Puissant et raffin\u00e9, le th\u00e9 vert en pyramide.","breadcrumb":{"@id":"https:\/\/www.sempertea.eu\/fr\/green-the-vert-biologique-i-pyramid-tea\/#breadcrumb"},"inLanguage":"fr-FR","potentialAction":[{"@type":"ReadAction","target":["https:\/\/www.sempertea.eu\/fr\/green-the-vert-biologique-i-pyramid-tea\/"]}]},{"@type":"ImageObject","inLanguage":"fr-FR","@id":"https:\/\/www.sempertea.eu\/fr\/green-the-vert-biologique-i-pyramid-tea\/#primaryimage","url":"https:\/\/www.sempertea.eu\/wp-content\/uploads\/2021\/05\/te-verde-para-adelgazar-en-bolsa-piramde-green-tea-semper-tea.jpg","contentUrl":"https:\/\/www.sempertea.eu\/wp-content\/uploads\/2021\/05\/te-verde-para-adelgazar-en-bolsa-piramde-green-tea-semper-tea.jpg","width":900,"height":900,"caption":"te verde para adelgazar en bolsa piramde green semper tea"},{"@type":"BreadcrumbList","@id":"https:\/\/www.sempertea.eu\/fr\/green-the-vert-biologique-i-pyramid-tea\/#breadcrumb","itemListElement":[{"@type":"ListItem","position":1,"name":"Portada","item":"https:\/\/www.sempertea.eu\/"},{"@type":"ListItem","position":2,"name":"Tienda","item":"https:\/\/www.sempertea.eu\/tienda\/"},{"@type":"ListItem","position":3,"name":"GREEN Th\u00e9 vert biologique I Pyramid Tea"}]},{"@type":"WebSite","@id":"https:\/\/www.sempertea.eu\/#website","url":"https:\/\/www.sempertea.eu\/","name":"Semper Tea | Mayorista y fabricante de T\u00e9s e Infusiones para hoteles, restaurantes y bares","description":"T\u00e9s e infusiones para hosteler\u00eda, hoteler\u00eda y comercio","potentialAction":[{"@type":"SearchAction","target":{"@type":"EntryPoint","urlTemplate":"https:\/\/www.sempertea.eu\/?s={search_term_string}"},"query-input":{"@type":"PropertyValueSpecification","valueRequired":true,"valueName":"search_term_string"}}],"inLanguage":"fr-FR"}]}},"_links":{"self":[{"href":"https:\/\/www.sempertea.eu\/fr\/wp-json\/wp\/v2\/product\/12062","targetHints":{"allow":["GET"]}}],"collection":[{"href":"https:\/\/www.sempertea.eu\/fr\/wp-json\/wp\/v2\/product"}],"about":[{"href":"https:\/\/www.sempertea.eu\/fr\/wp-json\/wp\/v2\/types\/product"}],"replies":[{"embeddable":true,"href":"https:\/\/www.sempertea.eu\/fr\/wp-json\/wp\/v2\/comments?post=12062"}],"wp:featuredmedia":[{"embeddable":true,"href":"https:\/\/www.sempertea.eu\/fr\/wp-json\/wp\/v2\/media\/12063"}],"wp:attachment":[{"href":"https:\/\/www.sempertea.eu\/fr\/wp-json\/wp\/v2\/media?parent=12062"}],"wp:term":[{"taxonomy":"product_brand","embeddable":true,"href":"https:\/\/www.sempertea.eu\/fr\/wp-json\/wp\/v2\/product_brand?post=12062"},{"taxonomy":"product_cat","embeddable":true,"href":"https:\/\/www.sempertea.eu\/fr\/wp-json\/wp\/v2\/product_cat?post=12062"},{"taxonomy":"product_tag","embeddable":true,"href":"https:\/\/www.sempertea.eu\/fr\/wp-json\/wp\/v2\/product_tag?post=12062"}],"curies":[{"name":"wp","href":"https:\/\/api.w.org\/{rel}","templated":true}]}}