{"id":12060,"date":"2021-07-28T18:16:56","date_gmt":"2021-07-28T17:16:56","guid":{"rendered":"https:\/\/www.sempertea.eu\/fruit-infusion-de-fruits-biologiques-i-the-pyramide\/"},"modified":"2025-02-07T10:16:26","modified_gmt":"2025-02-07T09:16:26","slug":"the-aux-fruits-bio-sans-cafeine-aux-saveurs-naturelles-durables","status":"publish","type":"product","link":"https:\/\/www.sempertea.eu\/fr\/the-aux-fruits-bio-sans-cafeine-aux-saveurs-naturelles-durables\/","title":{"rendered":"FRUIT infusion de fruits biologiques I Th\u00e9 Pyramide"},"content":{"rendered":"<div class=\"et_pb_module et_pb_text et_pb_text_0 et_pb_bg_layout_light et_pb_text_align_left\">\n<div class=\"et_pb_text_inner\">\n<h2><strong>\u2728<\/strong> Une explosion de saveurs et de couleurs vibrantes \u2013 Sans caf\u00e9ine <strong>\ud83c\udf53<\/strong><\/h2>\n<p>D\u00e9couvrez la magie de notre <strong>th\u00e9 aux fruits bio<\/strong>, une infusion vibrante au parfum p\u00e9tillant et irr\u00e9sistible. Chaque gorg\u00e9e vous emm\u00e8ne dans un <strong>d\u00e9licieux voyage sensoriel<\/strong>.<\/p>\n<p>Le <strong>th\u00e9 aux fruits<\/strong>, un grand classique intemporel, s\u00e9duit par son ar\u00f4me captivant lorsqu&rsquo;il est infus\u00e9 dans de l&rsquo;eau chaude. Notre <strong>m\u00e9lange sp\u00e9cial<\/strong> est une <strong>fusion rouge<\/strong> d\u2019<em>hibiscus, \u00e9glantier<\/em> et pomme***, sublim\u00e9e par <strong>des ar\u00f4mes naturels de fruits rouges, un ar\u00f4me naturel d\u2019orange et de la fraise lyophilis\u00e9e<\/strong>*. Un \u00e9quilibre parfait entre acidit\u00e9, douceur et fra\u00eecheur \u2013 id\u00e9al \u00e0 tout moment de la journ\u00e9e.<\/p>\n<p>Chez <strong>Semper Tea<\/strong>, nous allions <strong>tradition et modernit\u00e9<\/strong> pour vous offrir une infusion qui n\u2019est pas seulement <strong>saine et rafra\u00eechissante<\/strong>, mais aussi la boisson parfaite pour les journ\u00e9es d\u2019\u00e9t\u00e9.<\/p>\n<p>\u2728 <strong>D\u00e9gustez-la glac\u00e9e<\/strong>, avec beaucoup de gla\u00e7ons, pour une exp\u00e9rience encore plus revitalisante.<\/p>\n<h3>\ud83c\udf75 Sachets de th\u00e9 pyramidaux : Praticit\u00e9 et durabilit\u00e9 \u267b\ufe0f<\/h3>\n<p>Nos <strong>sachets de th\u00e9 pyramidaux<\/strong> offrent la combinaison parfaite entre <strong>confort et respect de l\u2019environnement<\/strong>. Fabriqu\u00e9s \u00e0 partir de <strong>mat\u00e9riaux biod\u00e9gradables<\/strong>, ils vous permettent de savourer un th\u00e9 d\u00e9licieux et durable, sans d\u00e9chets inutiles.<\/p>\n<p>\u267b\ufe0f <strong>100 % sans plastique. 100 % saveur naturelle.<\/strong> D\u00e9gustez votre th\u00e9 en toute conscience ! \ud83c\udf0d\ud83c\udf75<\/p>\n<\/div>\n<\/div>\n","protected":false},"excerpt":{"rendered":"<p><strong>\u2728<\/strong><strong> Une explosion de couleur et d\u2019ar\u00f4me vibrant \u2013 sans caf\u00e9ine <\/strong><strong>\ud83c\udf53<\/strong><\/p>\n<p>Notre infusion est un <strong>d\u00e9licieux m\u00e9lange rouge<\/strong> d\u2019hibiscus, d\u2019\u00e9glantier et de pomme, enrichi d\u2019ar\u00f4me naturel de fruits rouges, d\u2019ar\u00f4me naturel d\u2019orange et de fraise lyophilis\u00e9e.<\/p>\n<p>Chaque tasse offre une <strong>explosion unique de couleur, de fra\u00eecheur et d\u2019un ar\u00f4me envo\u00fbtant<\/strong>, cr\u00e9ant une exp\u00e9rience sensorielle parfaite \u00e0 tout moment de la journ\u00e9e. \ud83c\udf75\u2728<\/p>\n","protected":false},"featured_media":12061,"comment_status":"open","ping_status":"closed","template":"","meta":[],"product_brand":[],"product_cat":[309,267,296,299,283,311,312,310],"product_tag":[],"class_list":{"0":"post-12060","1":"product","2":"type-product","3":"status-publish","4":"has-post-thumbnail","6":"product_cat-collections","7":"product_cat-the-sachet-pyramide-en-ecologique","8":"product_cat-the-et-infusion-aux-fruits","9":"product_cat-the-en-pyramide-biodegradable","10":"product_cat-thes-et-infusions-biologiques-de-qualite","11":"product_cat-tous-fr","12":"product_cat-tous-fr-2","13":"product_cat-tous","15":"first","16":"instock","17":"shipping-taxable","18":"purchasable","19":"product-type-simple"},"yoast_head":"<!-- This site is optimized with the Yoast SEO Premium plugin v27.3 (Yoast SEO v27.4) - https:\/\/yoast.com\/product\/yoast-seo-premium-wordpress\/ -->\n<title>Th\u00e9 aux fruits bio sans caf\u00e9ine aux saveurs naturelles et durables<\/title>\n<meta name=\"description\" content=\"Une explosion de couleurs et d&#039;ar\u00f4mes, sans caf\u00e9ine. Fusion rouge d&#039;hibiscus et de cynorrhodon, rehauss\u00e9e par l&#039;\u00e9corce d&#039;orange dans la saveur.\" \/>\n<meta name=\"robots\" content=\"index, follow, max-snippet:-1, max-image-preview:large, max-video-preview:-1\" \/>\n<link rel=\"canonical\" href=\"https:\/\/www.sempertea.eu\/fr\/the-aux-fruits-bio-sans-cafeine-aux-saveurs-naturelles-durables\/\" \/>\n<meta property=\"og:locale\" content=\"fr_FR\" \/>\n<meta property=\"og:type\" content=\"article\" \/>\n<meta property=\"og:title\" content=\"FRUIT infusion de fruits biologiques I Th\u00e9 Pyramide\" \/>\n<meta property=\"og:description\" content=\"Une explosion de couleurs et d&#039;ar\u00f4mes, sans caf\u00e9ine. Fusion rouge d&#039;hibiscus et de cynorrhodon, rehauss\u00e9e par l&#039;\u00e9corce d&#039;orange dans la saveur.\" \/>\n<meta property=\"og:url\" content=\"https:\/\/www.sempertea.eu\/fr\/the-aux-fruits-bio-sans-cafeine-aux-saveurs-naturelles-durables\/\" \/>\n<meta property=\"og:site_name\" content=\"Semper Tea | Mayorista y fabricante de T\u00e9s e Infusiones para hoteles, restaurantes y bares\" \/>\n<meta property=\"article:modified_time\" content=\"2025-02-07T09:16:26+00:00\" \/>\n<meta property=\"og:image\" content=\"https:\/\/www.sempertea.eu\/wp-content\/uploads\/2021\/07\/tes-e-infusiones-de-frutas-mejor-oferta-en-bolsa-piramide-semper-tea.jpg\" \/>\n\t<meta property=\"og:image:width\" content=\"900\" \/>\n\t<meta property=\"og:image:height\" content=\"900\" \/>\n\t<meta property=\"og:image:type\" content=\"image\/jpeg\" \/>\n<meta name=\"twitter:card\" content=\"summary_large_image\" \/>\n<meta name=\"twitter:label1\" content=\"Dur\u00e9e de lecture estim\u00e9e\" \/>\n\t<meta name=\"twitter:data1\" content=\"2 minutes\" \/>\n<script type=\"application\/ld+json\" class=\"yoast-schema-graph\">{\"@context\":\"https:\\\/\\\/schema.org\",\"@graph\":[{\"@type\":\"WebPage\",\"@id\":\"https:\\\/\\\/www.sempertea.eu\\\/fr\\\/the-aux-fruits-bio-sans-cafeine-aux-saveurs-naturelles-durables\\\/\",\"url\":\"https:\\\/\\\/www.sempertea.eu\\\/fr\\\/the-aux-fruits-bio-sans-cafeine-aux-saveurs-naturelles-durables\\\/\",\"name\":\"Th\u00e9 aux fruits bio sans caf\u00e9ine aux saveurs naturelles et durables\",\"isPartOf\":{\"@id\":\"https:\\\/\\\/www.sempertea.eu\\\/#website\"},\"primaryImageOfPage\":{\"@id\":\"https:\\\/\\\/www.sempertea.eu\\\/fr\\\/the-aux-fruits-bio-sans-cafeine-aux-saveurs-naturelles-durables\\\/#primaryimage\"},\"image\":{\"@id\":\"https:\\\/\\\/www.sempertea.eu\\\/fr\\\/the-aux-fruits-bio-sans-cafeine-aux-saveurs-naturelles-durables\\\/#primaryimage\"},\"thumbnailUrl\":\"https:\\\/\\\/www.sempertea.eu\\\/wp-content\\\/uploads\\\/2021\\\/07\\\/tes-e-infusiones-de-frutas-mejor-oferta-en-bolsa-piramide-semper-tea.jpg\",\"datePublished\":\"2021-07-28T17:16:56+00:00\",\"dateModified\":\"2025-02-07T09:16:26+00:00\",\"description\":\"Une explosion de couleurs et d'ar\u00f4mes, sans caf\u00e9ine. Fusion rouge d'hibiscus et de cynorrhodon, rehauss\u00e9e par l'\u00e9corce d'orange dans la saveur.\",\"breadcrumb\":{\"@id\":\"https:\\\/\\\/www.sempertea.eu\\\/fr\\\/the-aux-fruits-bio-sans-cafeine-aux-saveurs-naturelles-durables\\\/#breadcrumb\"},\"inLanguage\":\"fr-FR\",\"potentialAction\":[{\"@type\":\"ReadAction\",\"target\":[\"https:\\\/\\\/www.sempertea.eu\\\/fr\\\/the-aux-fruits-bio-sans-cafeine-aux-saveurs-naturelles-durables\\\/\"]}]},{\"@type\":\"ImageObject\",\"inLanguage\":\"fr-FR\",\"@id\":\"https:\\\/\\\/www.sempertea.eu\\\/fr\\\/the-aux-fruits-bio-sans-cafeine-aux-saveurs-naturelles-durables\\\/#primaryimage\",\"url\":\"https:\\\/\\\/www.sempertea.eu\\\/wp-content\\\/uploads\\\/2021\\\/07\\\/tes-e-infusiones-de-frutas-mejor-oferta-en-bolsa-piramide-semper-tea.jpg\",\"contentUrl\":\"https:\\\/\\\/www.sempertea.eu\\\/wp-content\\\/uploads\\\/2021\\\/07\\\/tes-e-infusiones-de-frutas-mejor-oferta-en-bolsa-piramide-semper-tea.jpg\",\"width\":900,\"height\":900,\"caption\":\"tes e infusiones de frutas mejor oferta en bolsa piramide semper tea\"},{\"@type\":\"BreadcrumbList\",\"@id\":\"https:\\\/\\\/www.sempertea.eu\\\/fr\\\/the-aux-fruits-bio-sans-cafeine-aux-saveurs-naturelles-durables\\\/#breadcrumb\",\"itemListElement\":[{\"@type\":\"ListItem\",\"position\":1,\"name\":\"Portada\",\"item\":\"https:\\\/\\\/www.sempertea.eu\\\/\"},{\"@type\":\"ListItem\",\"position\":2,\"name\":\"Tienda\",\"item\":\"https:\\\/\\\/www.sempertea.eu\\\/tienda\\\/\"},{\"@type\":\"ListItem\",\"position\":3,\"name\":\"FRUIT infusion de fruits biologiques I Th\u00e9 Pyramide\"}]},{\"@type\":\"WebSite\",\"@id\":\"https:\\\/\\\/www.sempertea.eu\\\/#website\",\"url\":\"https:\\\/\\\/www.sempertea.eu\\\/\",\"name\":\"Semper Tea | Mayorista y fabricante de T\u00e9s e Infusiones para hoteles, restaurantes y bares\",\"description\":\"T\u00e9s e infusiones para hosteler\u00eda, hoteler\u00eda y comercio\",\"potentialAction\":[{\"@type\":\"SearchAction\",\"target\":{\"@type\":\"EntryPoint\",\"urlTemplate\":\"https:\\\/\\\/www.sempertea.eu\\\/?s={search_term_string}\"},\"query-input\":{\"@type\":\"PropertyValueSpecification\",\"valueRequired\":true,\"valueName\":\"search_term_string\"}}],\"inLanguage\":\"fr-FR\"}]}<\/script>\n<!-- \/ Yoast SEO Premium plugin. -->","yoast_head_json":{"title":"Th\u00e9 aux fruits bio sans caf\u00e9ine aux saveurs naturelles et durables","description":"Une explosion de couleurs et d'ar\u00f4mes, sans caf\u00e9ine. Fusion rouge d'hibiscus et de cynorrhodon, rehauss\u00e9e par l'\u00e9corce d'orange dans la saveur.","robots":{"index":"index","follow":"follow","max-snippet":"max-snippet:-1","max-image-preview":"max-image-preview:large","max-video-preview":"max-video-preview:-1"},"canonical":"https:\/\/www.sempertea.eu\/fr\/the-aux-fruits-bio-sans-cafeine-aux-saveurs-naturelles-durables\/","og_locale":"fr_FR","og_type":"article","og_title":"FRUIT infusion de fruits biologiques I Th\u00e9 Pyramide","og_description":"Une explosion de couleurs et d'ar\u00f4mes, sans caf\u00e9ine. Fusion rouge d'hibiscus et de cynorrhodon, rehauss\u00e9e par l'\u00e9corce d'orange dans la saveur.","og_url":"https:\/\/www.sempertea.eu\/fr\/the-aux-fruits-bio-sans-cafeine-aux-saveurs-naturelles-durables\/","og_site_name":"Semper Tea | Mayorista y fabricante de T\u00e9s e Infusiones para hoteles, restaurantes y bares","article_modified_time":"2025-02-07T09:16:26+00:00","og_image":[{"width":900,"height":900,"url":"https:\/\/www.sempertea.eu\/wp-content\/uploads\/2021\/07\/tes-e-infusiones-de-frutas-mejor-oferta-en-bolsa-piramide-semper-tea.jpg","type":"image\/jpeg"}],"twitter_card":"summary_large_image","twitter_misc":{"Dur\u00e9e de lecture estim\u00e9e":"2 minutes"},"schema":{"@context":"https:\/\/schema.org","@graph":[{"@type":"WebPage","@id":"https:\/\/www.sempertea.eu\/fr\/the-aux-fruits-bio-sans-cafeine-aux-saveurs-naturelles-durables\/","url":"https:\/\/www.sempertea.eu\/fr\/the-aux-fruits-bio-sans-cafeine-aux-saveurs-naturelles-durables\/","name":"Th\u00e9 aux fruits bio sans caf\u00e9ine aux saveurs naturelles et durables","isPartOf":{"@id":"https:\/\/www.sempertea.eu\/#website"},"primaryImageOfPage":{"@id":"https:\/\/www.sempertea.eu\/fr\/the-aux-fruits-bio-sans-cafeine-aux-saveurs-naturelles-durables\/#primaryimage"},"image":{"@id":"https:\/\/www.sempertea.eu\/fr\/the-aux-fruits-bio-sans-cafeine-aux-saveurs-naturelles-durables\/#primaryimage"},"thumbnailUrl":"https:\/\/www.sempertea.eu\/wp-content\/uploads\/2021\/07\/tes-e-infusiones-de-frutas-mejor-oferta-en-bolsa-piramide-semper-tea.jpg","datePublished":"2021-07-28T17:16:56+00:00","dateModified":"2025-02-07T09:16:26+00:00","description":"Une explosion de couleurs et d'ar\u00f4mes, sans caf\u00e9ine. Fusion rouge d'hibiscus et de cynorrhodon, rehauss\u00e9e par l'\u00e9corce d'orange dans la saveur.","breadcrumb":{"@id":"https:\/\/www.sempertea.eu\/fr\/the-aux-fruits-bio-sans-cafeine-aux-saveurs-naturelles-durables\/#breadcrumb"},"inLanguage":"fr-FR","potentialAction":[{"@type":"ReadAction","target":["https:\/\/www.sempertea.eu\/fr\/the-aux-fruits-bio-sans-cafeine-aux-saveurs-naturelles-durables\/"]}]},{"@type":"ImageObject","inLanguage":"fr-FR","@id":"https:\/\/www.sempertea.eu\/fr\/the-aux-fruits-bio-sans-cafeine-aux-saveurs-naturelles-durables\/#primaryimage","url":"https:\/\/www.sempertea.eu\/wp-content\/uploads\/2021\/07\/tes-e-infusiones-de-frutas-mejor-oferta-en-bolsa-piramide-semper-tea.jpg","contentUrl":"https:\/\/www.sempertea.eu\/wp-content\/uploads\/2021\/07\/tes-e-infusiones-de-frutas-mejor-oferta-en-bolsa-piramide-semper-tea.jpg","width":900,"height":900,"caption":"tes e infusiones de frutas mejor oferta en bolsa piramide semper tea"},{"@type":"BreadcrumbList","@id":"https:\/\/www.sempertea.eu\/fr\/the-aux-fruits-bio-sans-cafeine-aux-saveurs-naturelles-durables\/#breadcrumb","itemListElement":[{"@type":"ListItem","position":1,"name":"Portada","item":"https:\/\/www.sempertea.eu\/"},{"@type":"ListItem","position":2,"name":"Tienda","item":"https:\/\/www.sempertea.eu\/tienda\/"},{"@type":"ListItem","position":3,"name":"FRUIT infusion de fruits biologiques I Th\u00e9 Pyramide"}]},{"@type":"WebSite","@id":"https:\/\/www.sempertea.eu\/#website","url":"https:\/\/www.sempertea.eu\/","name":"Semper Tea | Mayorista y fabricante de T\u00e9s e Infusiones para hoteles, restaurantes y bares","description":"T\u00e9s e infusiones para hosteler\u00eda, hoteler\u00eda y comercio","potentialAction":[{"@type":"SearchAction","target":{"@type":"EntryPoint","urlTemplate":"https:\/\/www.sempertea.eu\/?s={search_term_string}"},"query-input":{"@type":"PropertyValueSpecification","valueRequired":true,"valueName":"search_term_string"}}],"inLanguage":"fr-FR"}]}},"_links":{"self":[{"href":"https:\/\/www.sempertea.eu\/fr\/wp-json\/wp\/v2\/product\/12060","targetHints":{"allow":["GET"]}}],"collection":[{"href":"https:\/\/www.sempertea.eu\/fr\/wp-json\/wp\/v2\/product"}],"about":[{"href":"https:\/\/www.sempertea.eu\/fr\/wp-json\/wp\/v2\/types\/product"}],"replies":[{"embeddable":true,"href":"https:\/\/www.sempertea.eu\/fr\/wp-json\/wp\/v2\/comments?post=12060"}],"wp:featuredmedia":[{"embeddable":true,"href":"https:\/\/www.sempertea.eu\/fr\/wp-json\/wp\/v2\/media\/12061"}],"wp:attachment":[{"href":"https:\/\/www.sempertea.eu\/fr\/wp-json\/wp\/v2\/media?parent=12060"}],"wp:term":[{"taxonomy":"product_brand","embeddable":true,"href":"https:\/\/www.sempertea.eu\/fr\/wp-json\/wp\/v2\/product_brand?post=12060"},{"taxonomy":"product_cat","embeddable":true,"href":"https:\/\/www.sempertea.eu\/fr\/wp-json\/wp\/v2\/product_cat?post=12060"},{"taxonomy":"product_tag","embeddable":true,"href":"https:\/\/www.sempertea.eu\/fr\/wp-json\/wp\/v2\/product_tag?post=12060"}],"curies":[{"name":"wp","href":"https:\/\/api.w.org\/{rel}","templated":true}]}}