{"id":12058,"date":"2021-04-30T09:25:21","date_gmt":"2024-10-14T09:51:41","guid":{"rendered":"https:\/\/www.sempertea.eu\/english-breakfast-the-biologique-i-pyramid-tea\/"},"modified":"2024-10-14T10:51:41","modified_gmt":"2024-10-14T09:51:41","slug":"english-breakfast-the-biologique-i-pyramid-tea","status":"publish","type":"product","link":"https:\/\/www.sempertea.eu\/fr\/english-breakfast-the-biologique-i-pyramid-tea\/","title":{"rendered":"ENGLISH BREAKFAST Th\u00e9 biologique I Pyramid Tea"},"content":{"rendered":"<h2>English Breakfast &#8211; Une exp\u00e9rience revitalisante du th\u00e9<\/h2>\n<p>Laissez-vous s\u00e9duire par les saveurs robustes et intenses de notre th\u00e9 English Breakfast, v\u00e9ritable r\u00e9incarnation de la culture du th\u00e9 britannique ! Ce magnifique m\u00e9lange de th\u00e9s noirs d&rsquo;Assam, de Ceylan et du Kenya vous s\u00e9duira par sa profondeur et sa saveur. Conditionn\u00e9e de mani\u00e8re durable dans des <strong>sachets pyramidaux 100 % biod\u00e9gradables<\/strong>, cette boisson distinctive ajoutera de l&rsquo;\u00e9nergie \u00e0 vos activit\u00e9s quotidiennes. Chez Semper Tea, notre secret r\u00e9side dans l&rsquo;utilisation de th\u00e9 noir biologique comme base de nos diff\u00e9rents m\u00e9langes, notamment English Breakfast, <a href=\"https:\/\/www.sempertea.eu\/te-regalo-original-con-estilo-a-domicilio\/\">Earl Grey \u00e0 la bergamote<\/a>, <a href=\"https:\/\/www.sempertea.eu\/te-darjeeling-del-himalaya-te-piramide-biodegradable\/\">Darjeeling<\/a> et Spiced Chai. Vous pouvez d\u00e9couvrir et acheter ces th\u00e9s exquis dans notre boutique de th\u00e9 en ligne. L&rsquo;English Breakfast, c\u00e9l\u00e8bre pour sa saveur riche et exotique, rend hommage aux m\u00e9langes de <strong>th\u00e9s noirs embl\u00e9matiques d&rsquo;Assam<\/strong>, de Ceylan et du Kenya. Sa teinte rouge-brun distinctive insuffle une \u00e9nergie nouvelle \u00e0 vos rituels quotidiens. <\/p>\n<p>&nbsp;<\/p>\n<p>&nbsp;<\/p>\n","protected":false},"excerpt":{"rendered":"<p><strong>Magnifique m\u00e9lange profond des th\u00e9s noirs les plus fins et les plus exquis<\/strong><\/p>\n<p class=\"Textbody\" style=\"margin-bottom: 0cm\">Savourez la perfection du th\u00e9 English Breakfast : robuste et intense, une r\u00e9incarnation de la culture du th\u00e9 britannique. Laissez-vous s\u00e9duire par le m\u00e9lange merveilleusement profond des meilleurs th\u00e9s noirs d&rsquo;Assam, de Ceylan et du Kenya. <\/p>\n<p>&nbsp;<\/p>\n","protected":false},"featured_media":12059,"comment_status":"open","ping_status":"closed","template":"","meta":[],"product_brand":[],"product_cat":[309,267,299,283,284,312,310,311],"product_tag":[],"class_list":{"0":"post-12058","1":"product","2":"type-product","3":"status-publish","4":"has-post-thumbnail","6":"product_cat-collections","7":"product_cat-the-sachet-pyramide-en-ecologique","8":"product_cat-the-en-pyramide-biodegradable","9":"product_cat-thes-et-infusions-biologiques-de-qualite","10":"product_cat-the-noir-acheter-en-ligne-proprietes","11":"product_cat-tous-fr-2","12":"product_cat-tous","13":"product_cat-tous-fr","15":"first","16":"instock","17":"shipping-taxable","18":"purchasable","19":"product-type-simple"},"yoast_head":"<!-- This site is optimized with the Yoast SEO Premium plugin v27.3 (Yoast SEO v27.4) - https:\/\/yoast.com\/product\/yoast-seo-premium-wordpress\/ -->\n<title>English Breakfast chez T\u00e9 Pir\u00e1mide : Qualit\u00e9 biologique : Th\u00e9 \u00e0 la maison<\/title>\n<meta name=\"description\" content=\"Magnifique m\u00e9lange profond des th\u00e9s noirs les plus fins et les plus exquis. Th\u00e9 English Breakfast dans une pyramide. Th\u00e9 \u00e0 la maison. Vous cherchez un th\u00e9 de qualit\u00e9 biologique ?\" \/>\n<meta name=\"robots\" content=\"index, follow, max-snippet:-1, max-image-preview:large, max-video-preview:-1\" \/>\n<link rel=\"canonical\" href=\"https:\/\/www.sempertea.eu\/fr\/english-breakfast-the-biologique-i-pyramid-tea\/\" \/>\n<meta property=\"og:locale\" content=\"fr_FR\" \/>\n<meta property=\"og:type\" content=\"article\" \/>\n<meta property=\"og:title\" content=\"ENGLISH BREAKFAST Th\u00e9 biologique I Pyramid Tea\" \/>\n<meta property=\"og:description\" content=\"Magnifique m\u00e9lange profond des th\u00e9s noirs les plus fins et les plus exquis. Th\u00e9 English Breakfast dans une pyramide. Th\u00e9 \u00e0 la maison. Vous cherchez un th\u00e9 de qualit\u00e9 biologique ?\" \/>\n<meta property=\"og:url\" content=\"https:\/\/www.sempertea.eu\/fr\/english-breakfast-the-biologique-i-pyramid-tea\/\" \/>\n<meta property=\"og:site_name\" content=\"Semper Tea | Mayorista y fabricante de T\u00e9s e Infusiones para hoteles, restaurantes y bares\" \/>\n<meta property=\"og:image\" content=\"https:\/\/www.sempertea.eu\/wp-content\/uploads\/2021\/04\/english-breakfast-te-desayuno-ingles-bolsa-piramide-biodegradable-semper-tea.jpg\" \/>\n\t<meta property=\"og:image:width\" content=\"900\" \/>\n\t<meta property=\"og:image:height\" content=\"900\" \/>\n\t<meta property=\"og:image:type\" content=\"image\/jpeg\" \/>\n<meta name=\"twitter:card\" content=\"summary_large_image\" \/>\n<meta name=\"twitter:label1\" content=\"Dur\u00e9e de lecture estim\u00e9e\" \/>\n\t<meta name=\"twitter:data1\" content=\"1 minute\" \/>\n<script type=\"application\/ld+json\" class=\"yoast-schema-graph\">{\"@context\":\"https:\\\/\\\/schema.org\",\"@graph\":[{\"@type\":\"WebPage\",\"@id\":\"https:\\\/\\\/www.sempertea.eu\\\/fr\\\/english-breakfast-the-biologique-i-pyramid-tea\\\/\",\"url\":\"https:\\\/\\\/www.sempertea.eu\\\/fr\\\/english-breakfast-the-biologique-i-pyramid-tea\\\/\",\"name\":\"English Breakfast chez T\u00e9 Pir\u00e1mide : Qualit\u00e9 biologique : Th\u00e9 \u00e0 la maison\",\"isPartOf\":{\"@id\":\"https:\\\/\\\/www.sempertea.eu\\\/#website\"},\"primaryImageOfPage\":{\"@id\":\"https:\\\/\\\/www.sempertea.eu\\\/fr\\\/english-breakfast-the-biologique-i-pyramid-tea\\\/#primaryimage\"},\"image\":{\"@id\":\"https:\\\/\\\/www.sempertea.eu\\\/fr\\\/english-breakfast-the-biologique-i-pyramid-tea\\\/#primaryimage\"},\"thumbnailUrl\":\"https:\\\/\\\/www.sempertea.eu\\\/wp-content\\\/uploads\\\/2021\\\/04\\\/english-breakfast-te-desayuno-ingles-bolsa-piramide-biodegradable-semper-tea.jpg\",\"datePublished\":\"2024-10-14T09:51:41+00:00\",\"description\":\"Magnifique m\u00e9lange profond des th\u00e9s noirs les plus fins et les plus exquis. Th\u00e9 English Breakfast dans une pyramide. Th\u00e9 \u00e0 la maison. Vous cherchez un th\u00e9 de qualit\u00e9 biologique ?\",\"breadcrumb\":{\"@id\":\"https:\\\/\\\/www.sempertea.eu\\\/fr\\\/english-breakfast-the-biologique-i-pyramid-tea\\\/#breadcrumb\"},\"inLanguage\":\"fr-FR\",\"potentialAction\":[{\"@type\":\"ReadAction\",\"target\":[\"https:\\\/\\\/www.sempertea.eu\\\/fr\\\/english-breakfast-the-biologique-i-pyramid-tea\\\/\"]}]},{\"@type\":\"ImageObject\",\"inLanguage\":\"fr-FR\",\"@id\":\"https:\\\/\\\/www.sempertea.eu\\\/fr\\\/english-breakfast-the-biologique-i-pyramid-tea\\\/#primaryimage\",\"url\":\"https:\\\/\\\/www.sempertea.eu\\\/wp-content\\\/uploads\\\/2021\\\/04\\\/english-breakfast-te-desayuno-ingles-bolsa-piramide-biodegradable-semper-tea.jpg\",\"contentUrl\":\"https:\\\/\\\/www.sempertea.eu\\\/wp-content\\\/uploads\\\/2021\\\/04\\\/english-breakfast-te-desayuno-ingles-bolsa-piramide-biodegradable-semper-tea.jpg\",\"width\":900,\"height\":900,\"caption\":\"english breakfast te desayuno ingles bolsita piramide biodegradable semper tea\"},{\"@type\":\"BreadcrumbList\",\"@id\":\"https:\\\/\\\/www.sempertea.eu\\\/fr\\\/english-breakfast-the-biologique-i-pyramid-tea\\\/#breadcrumb\",\"itemListElement\":[{\"@type\":\"ListItem\",\"position\":1,\"name\":\"Portada\",\"item\":\"https:\\\/\\\/www.sempertea.eu\\\/\"},{\"@type\":\"ListItem\",\"position\":2,\"name\":\"Tienda\",\"item\":\"https:\\\/\\\/www.sempertea.eu\\\/tienda\\\/\"},{\"@type\":\"ListItem\",\"position\":3,\"name\":\"ENGLISH BREAKFAST Th\u00e9 biologique I Pyramid Tea\"}]},{\"@type\":\"WebSite\",\"@id\":\"https:\\\/\\\/www.sempertea.eu\\\/#website\",\"url\":\"https:\\\/\\\/www.sempertea.eu\\\/\",\"name\":\"Semper Tea | Mayorista y fabricante de T\u00e9s e Infusiones para hoteles, restaurantes y bares\",\"description\":\"T\u00e9s e infusiones para hosteler\u00eda, hoteler\u00eda y comercio\",\"potentialAction\":[{\"@type\":\"SearchAction\",\"target\":{\"@type\":\"EntryPoint\",\"urlTemplate\":\"https:\\\/\\\/www.sempertea.eu\\\/?s={search_term_string}\"},\"query-input\":{\"@type\":\"PropertyValueSpecification\",\"valueRequired\":true,\"valueName\":\"search_term_string\"}}],\"inLanguage\":\"fr-FR\"}]}<\/script>\n<!-- \/ Yoast SEO Premium plugin. -->","yoast_head_json":{"title":"English Breakfast chez T\u00e9 Pir\u00e1mide : Qualit\u00e9 biologique : Th\u00e9 \u00e0 la maison","description":"Magnifique m\u00e9lange profond des th\u00e9s noirs les plus fins et les plus exquis. Th\u00e9 English Breakfast dans une pyramide. Th\u00e9 \u00e0 la maison. Vous cherchez un th\u00e9 de qualit\u00e9 biologique ?","robots":{"index":"index","follow":"follow","max-snippet":"max-snippet:-1","max-image-preview":"max-image-preview:large","max-video-preview":"max-video-preview:-1"},"canonical":"https:\/\/www.sempertea.eu\/fr\/english-breakfast-the-biologique-i-pyramid-tea\/","og_locale":"fr_FR","og_type":"article","og_title":"ENGLISH BREAKFAST Th\u00e9 biologique I Pyramid Tea","og_description":"Magnifique m\u00e9lange profond des th\u00e9s noirs les plus fins et les plus exquis. Th\u00e9 English Breakfast dans une pyramide. Th\u00e9 \u00e0 la maison. Vous cherchez un th\u00e9 de qualit\u00e9 biologique ?","og_url":"https:\/\/www.sempertea.eu\/fr\/english-breakfast-the-biologique-i-pyramid-tea\/","og_site_name":"Semper Tea | Mayorista y fabricante de T\u00e9s e Infusiones para hoteles, restaurantes y bares","og_image":[{"width":900,"height":900,"url":"https:\/\/www.sempertea.eu\/wp-content\/uploads\/2021\/04\/english-breakfast-te-desayuno-ingles-bolsa-piramide-biodegradable-semper-tea.jpg","type":"image\/jpeg"}],"twitter_card":"summary_large_image","twitter_misc":{"Dur\u00e9e de lecture estim\u00e9e":"1 minute"},"schema":{"@context":"https:\/\/schema.org","@graph":[{"@type":"WebPage","@id":"https:\/\/www.sempertea.eu\/fr\/english-breakfast-the-biologique-i-pyramid-tea\/","url":"https:\/\/www.sempertea.eu\/fr\/english-breakfast-the-biologique-i-pyramid-tea\/","name":"English Breakfast chez T\u00e9 Pir\u00e1mide : Qualit\u00e9 biologique : Th\u00e9 \u00e0 la maison","isPartOf":{"@id":"https:\/\/www.sempertea.eu\/#website"},"primaryImageOfPage":{"@id":"https:\/\/www.sempertea.eu\/fr\/english-breakfast-the-biologique-i-pyramid-tea\/#primaryimage"},"image":{"@id":"https:\/\/www.sempertea.eu\/fr\/english-breakfast-the-biologique-i-pyramid-tea\/#primaryimage"},"thumbnailUrl":"https:\/\/www.sempertea.eu\/wp-content\/uploads\/2021\/04\/english-breakfast-te-desayuno-ingles-bolsa-piramide-biodegradable-semper-tea.jpg","datePublished":"2024-10-14T09:51:41+00:00","description":"Magnifique m\u00e9lange profond des th\u00e9s noirs les plus fins et les plus exquis. Th\u00e9 English Breakfast dans une pyramide. Th\u00e9 \u00e0 la maison. Vous cherchez un th\u00e9 de qualit\u00e9 biologique ?","breadcrumb":{"@id":"https:\/\/www.sempertea.eu\/fr\/english-breakfast-the-biologique-i-pyramid-tea\/#breadcrumb"},"inLanguage":"fr-FR","potentialAction":[{"@type":"ReadAction","target":["https:\/\/www.sempertea.eu\/fr\/english-breakfast-the-biologique-i-pyramid-tea\/"]}]},{"@type":"ImageObject","inLanguage":"fr-FR","@id":"https:\/\/www.sempertea.eu\/fr\/english-breakfast-the-biologique-i-pyramid-tea\/#primaryimage","url":"https:\/\/www.sempertea.eu\/wp-content\/uploads\/2021\/04\/english-breakfast-te-desayuno-ingles-bolsa-piramide-biodegradable-semper-tea.jpg","contentUrl":"https:\/\/www.sempertea.eu\/wp-content\/uploads\/2021\/04\/english-breakfast-te-desayuno-ingles-bolsa-piramide-biodegradable-semper-tea.jpg","width":900,"height":900,"caption":"english breakfast te desayuno ingles bolsita piramide biodegradable semper tea"},{"@type":"BreadcrumbList","@id":"https:\/\/www.sempertea.eu\/fr\/english-breakfast-the-biologique-i-pyramid-tea\/#breadcrumb","itemListElement":[{"@type":"ListItem","position":1,"name":"Portada","item":"https:\/\/www.sempertea.eu\/"},{"@type":"ListItem","position":2,"name":"Tienda","item":"https:\/\/www.sempertea.eu\/tienda\/"},{"@type":"ListItem","position":3,"name":"ENGLISH BREAKFAST Th\u00e9 biologique I Pyramid Tea"}]},{"@type":"WebSite","@id":"https:\/\/www.sempertea.eu\/#website","url":"https:\/\/www.sempertea.eu\/","name":"Semper Tea | Mayorista y fabricante de T\u00e9s e Infusiones para hoteles, restaurantes y bares","description":"T\u00e9s e infusiones para hosteler\u00eda, hoteler\u00eda y comercio","potentialAction":[{"@type":"SearchAction","target":{"@type":"EntryPoint","urlTemplate":"https:\/\/www.sempertea.eu\/?s={search_term_string}"},"query-input":{"@type":"PropertyValueSpecification","valueRequired":true,"valueName":"search_term_string"}}],"inLanguage":"fr-FR"}]}},"_links":{"self":[{"href":"https:\/\/www.sempertea.eu\/fr\/wp-json\/wp\/v2\/product\/12058","targetHints":{"allow":["GET"]}}],"collection":[{"href":"https:\/\/www.sempertea.eu\/fr\/wp-json\/wp\/v2\/product"}],"about":[{"href":"https:\/\/www.sempertea.eu\/fr\/wp-json\/wp\/v2\/types\/product"}],"replies":[{"embeddable":true,"href":"https:\/\/www.sempertea.eu\/fr\/wp-json\/wp\/v2\/comments?post=12058"}],"wp:featuredmedia":[{"embeddable":true,"href":"https:\/\/www.sempertea.eu\/fr\/wp-json\/wp\/v2\/media\/12059"}],"wp:attachment":[{"href":"https:\/\/www.sempertea.eu\/fr\/wp-json\/wp\/v2\/media?parent=12058"}],"wp:term":[{"taxonomy":"product_brand","embeddable":true,"href":"https:\/\/www.sempertea.eu\/fr\/wp-json\/wp\/v2\/product_brand?post=12058"},{"taxonomy":"product_cat","embeddable":true,"href":"https:\/\/www.sempertea.eu\/fr\/wp-json\/wp\/v2\/product_cat?post=12058"},{"taxonomy":"product_tag","embeddable":true,"href":"https:\/\/www.sempertea.eu\/fr\/wp-json\/wp\/v2\/product_tag?post=12058"}],"curies":[{"name":"wp","href":"https:\/\/api.w.org\/{rel}","templated":true}]}}