{"id":12055,"date":"2021-04-30T12:39:27","date_gmt":"2024-10-14T09:15:35","guid":{"rendered":"https:\/\/www.sempertea.eu\/earl-grey-the-biologique-i-pyramid-tea\/"},"modified":"2024-10-14T10:15:35","modified_gmt":"2024-10-14T09:15:35","slug":"earl-grey-the-biologique-i-pyramid-tea","status":"publish","type":"product","link":"https:\/\/www.sempertea.eu\/fr\/earl-grey-the-biologique-i-pyramid-tea\/","title":{"rendered":"EARL GREY th\u00e9 biologique I Pyramid tea"},"content":{"rendered":"<h2>D\u00e9couvrez le th\u00e9 Earl Grey classique dans un sachet pyramidal<\/h2>\n<p>D\u00e9couvrez le go\u00fbt exquis du th\u00e9 Earl Grey, parfaitement emball\u00e9 dans un <strong>sachet pyramidal biod\u00e9gradable<\/strong>. Laissez l&rsquo;ar\u00f4me de bergamote emporter vos sens dans un d\u00e9licieux voyage tout en le savourant dans le respect de l&rsquo;environnement. D\u00e9couvrez la combinaison id\u00e9ale du go\u00fbt et de la durabilit\u00e9 dans notre boutique en ligne.  <\/p>\n<h3>Earl Grey \u00e0 la bergamote : une d\u00e9licatesse nuanc\u00e9e<\/h3>\n<p>Amateurs d&rsquo;Earl Grey, celui-ci est pour vous ! Savourez ce d\u00e9licieux m\u00e9lange de th\u00e9 noir \u00e0<strong> l&rsquo;ar\u00f4me cr\u00e9meux de bergamote<\/strong>, qui vous invite \u00e0 appr\u00e9cier son go\u00fbt nuanc\u00e9. Envelopp\u00e9 d&rsquo;ar\u00f4mes sucr\u00e9s, ce d\u00e9licieux m\u00e9lange est un vrai r\u00e9gal pour les sens. Earl Grey, le classique intemporel \u00e0 <strong>l&rsquo;ar\u00f4me fruit\u00e9 de bergamote<\/strong>. Un choix id\u00e9al pour le th\u00e9 de l&rsquo;apr\u00e8s-midi.  <\/p>\n<h3>Un classique mondialement connu &#8211; Le charme des agrumes se d\u00e9voile<\/h3>\n<p>Earl Grey, l&rsquo;un des th\u00e9s les plus c\u00e9l\u00e8bres au monde, est un th\u00e9 noir \u00e0 la saveur intense, <strong>infus\u00e9 avec des huiles essentielles <\/strong>de l&rsquo;\u00e9corce du bergamotier. Cet agrume m\u00e9diterran\u00e9en apporte une saveur florale rappelant un d\u00e9licieux m\u00e9lange d&rsquo;orange, de citron, de lime et de pamplemousse. Appr\u00e9ciez le charme des agrumes \u00e0 chaque gorg\u00e9e.  <\/p>\n","protected":false},"excerpt":{"rendered":"<p><strong>Un classique &#8211; aromatique et rafra\u00eechissant<\/strong><\/p>\n<p class=\"Textbody\" style=\"margin-bottom: 0cm\">Notre vari\u00e9t\u00e9 Earl Grey est compl\u00e9t\u00e9e par l&rsquo;ar\u00f4me naturel de la bergamote. Un classique savoureux et rafra\u00eechissant, pour ceux qui ont bon go\u00fbt. Id\u00e9al pour le th\u00e9 de l&rsquo;apr\u00e8s-midi. Th\u00e9 \u00e9nergisant et stimulant avec une l\u00e9g\u00e8re touche sucr\u00e9e et citronn\u00e9e.   <\/p>\n<p>&nbsp;<\/p>\n","protected":false},"featured_media":12056,"comment_status":"open","ping_status":"closed","template":"","meta":[],"product_brand":[],"product_cat":[309,267,299,283,284,311,312,310],"product_tag":[],"class_list":{"0":"post-12055","1":"product","2":"type-product","3":"status-publish","4":"has-post-thumbnail","6":"product_cat-collections","7":"product_cat-the-sachet-pyramide-en-ecologique","8":"product_cat-the-en-pyramide-biodegradable","9":"product_cat-thes-et-infusions-biologiques-de-qualite","10":"product_cat-the-noir-acheter-en-ligne-proprietes","11":"product_cat-tous-fr","12":"product_cat-tous-fr-2","13":"product_cat-tous","15":"first","16":"instock","17":"shipping-taxable","18":"purchasable","19":"product-type-simple"},"yoast_head":"<!-- This site is optimized with the Yoast SEO Premium plugin v27.3 (Yoast SEO v27.4) - https:\/\/yoast.com\/product\/yoast-seo-premium-wordpress\/ -->\n<title>EARL GREY Charm in a Pyramid Bag | Biodegradable Material<\/title>\n<meta name=\"description\" content=\"Un d\u00e9licieux m\u00e9lange. Th\u00e9 noir \u00e0 l&#039;ar\u00f4me de bergamote et de cr\u00e8me, qui nous enveloppe de douceur. Dans un sachet pyramidal biod\u00e9gradable.\" \/>\n<meta name=\"robots\" content=\"index, follow, max-snippet:-1, max-image-preview:large, max-video-preview:-1\" \/>\n<link rel=\"canonical\" href=\"https:\/\/www.sempertea.eu\/fr\/earl-grey-the-biologique-i-pyramid-tea\/\" \/>\n<meta property=\"og:locale\" content=\"fr_FR\" \/>\n<meta property=\"og:type\" content=\"article\" \/>\n<meta property=\"og:title\" content=\"EARL GREY th\u00e9 biologique I Pyramid tea\" \/>\n<meta property=\"og:description\" content=\"Un d\u00e9licieux m\u00e9lange. Th\u00e9 noir \u00e0 l&#039;ar\u00f4me de bergamote et de cr\u00e8me, qui nous enveloppe de douceur. Dans un sachet pyramidal biod\u00e9gradable.\" \/>\n<meta property=\"og:url\" content=\"https:\/\/www.sempertea.eu\/fr\/earl-grey-the-biologique-i-pyramid-tea\/\" \/>\n<meta property=\"og:site_name\" content=\"Semper Tea | Mayorista y fabricante de T\u00e9s e Infusiones para hoteles, restaurantes y bares\" \/>\n<meta property=\"og:image\" content=\"https:\/\/www.sempertea.eu\/wp-content\/uploads\/2021\/04\/te-negro-earl-grey-bio-en-bolsa-piramide-biodegradable-semper-tea.jpg\" \/>\n\t<meta property=\"og:image:width\" content=\"900\" \/>\n\t<meta property=\"og:image:height\" content=\"900\" \/>\n\t<meta property=\"og:image:type\" content=\"image\/jpeg\" \/>\n<meta name=\"twitter:card\" content=\"summary_large_image\" \/>\n<meta name=\"twitter:label1\" content=\"Dur\u00e9e de lecture estim\u00e9e\" \/>\n\t<meta name=\"twitter:data1\" content=\"1 minute\" \/>\n<script type=\"application\/ld+json\" class=\"yoast-schema-graph\">{\"@context\":\"https:\\\/\\\/schema.org\",\"@graph\":[{\"@type\":\"WebPage\",\"@id\":\"https:\\\/\\\/www.sempertea.eu\\\/fr\\\/earl-grey-the-biologique-i-pyramid-tea\\\/\",\"url\":\"https:\\\/\\\/www.sempertea.eu\\\/fr\\\/earl-grey-the-biologique-i-pyramid-tea\\\/\",\"name\":\"EARL GREY Charm in a Pyramid Bag | Biodegradable Material\",\"isPartOf\":{\"@id\":\"https:\\\/\\\/www.sempertea.eu\\\/#website\"},\"primaryImageOfPage\":{\"@id\":\"https:\\\/\\\/www.sempertea.eu\\\/fr\\\/earl-grey-the-biologique-i-pyramid-tea\\\/#primaryimage\"},\"image\":{\"@id\":\"https:\\\/\\\/www.sempertea.eu\\\/fr\\\/earl-grey-the-biologique-i-pyramid-tea\\\/#primaryimage\"},\"thumbnailUrl\":\"https:\\\/\\\/www.sempertea.eu\\\/wp-content\\\/uploads\\\/2021\\\/04\\\/te-negro-earl-grey-bio-en-bolsa-piramide-biodegradable-semper-tea.jpg\",\"datePublished\":\"2024-10-14T09:15:35+00:00\",\"description\":\"Un d\u00e9licieux m\u00e9lange. Th\u00e9 noir \u00e0 l'ar\u00f4me de bergamote et de cr\u00e8me, qui nous enveloppe de douceur. Dans un sachet pyramidal biod\u00e9gradable.\",\"breadcrumb\":{\"@id\":\"https:\\\/\\\/www.sempertea.eu\\\/fr\\\/earl-grey-the-biologique-i-pyramid-tea\\\/#breadcrumb\"},\"inLanguage\":\"fr-FR\",\"potentialAction\":[{\"@type\":\"ReadAction\",\"target\":[\"https:\\\/\\\/www.sempertea.eu\\\/fr\\\/earl-grey-the-biologique-i-pyramid-tea\\\/\"]}]},{\"@type\":\"ImageObject\",\"inLanguage\":\"fr-FR\",\"@id\":\"https:\\\/\\\/www.sempertea.eu\\\/fr\\\/earl-grey-the-biologique-i-pyramid-tea\\\/#primaryimage\",\"url\":\"https:\\\/\\\/www.sempertea.eu\\\/wp-content\\\/uploads\\\/2021\\\/04\\\/te-negro-earl-grey-bio-en-bolsa-piramide-biodegradable-semper-tea.jpg\",\"contentUrl\":\"https:\\\/\\\/www.sempertea.eu\\\/wp-content\\\/uploads\\\/2021\\\/04\\\/te-negro-earl-grey-bio-en-bolsa-piramide-biodegradable-semper-tea.jpg\",\"width\":900,\"height\":900,\"caption\":\"te negro earl grey bio en bolsa piramide biodegradable semper tea\"},{\"@type\":\"BreadcrumbList\",\"@id\":\"https:\\\/\\\/www.sempertea.eu\\\/fr\\\/earl-grey-the-biologique-i-pyramid-tea\\\/#breadcrumb\",\"itemListElement\":[{\"@type\":\"ListItem\",\"position\":1,\"name\":\"Portada\",\"item\":\"https:\\\/\\\/www.sempertea.eu\\\/\"},{\"@type\":\"ListItem\",\"position\":2,\"name\":\"Tienda\",\"item\":\"https:\\\/\\\/www.sempertea.eu\\\/tienda\\\/\"},{\"@type\":\"ListItem\",\"position\":3,\"name\":\"EARL GREY th\u00e9 biologique I Pyramid tea\"}]},{\"@type\":\"WebSite\",\"@id\":\"https:\\\/\\\/www.sempertea.eu\\\/#website\",\"url\":\"https:\\\/\\\/www.sempertea.eu\\\/\",\"name\":\"Semper Tea | Mayorista y fabricante de T\u00e9s e Infusiones para hoteles, restaurantes y bares\",\"description\":\"T\u00e9s e infusiones para hosteler\u00eda, hoteler\u00eda y comercio\",\"potentialAction\":[{\"@type\":\"SearchAction\",\"target\":{\"@type\":\"EntryPoint\",\"urlTemplate\":\"https:\\\/\\\/www.sempertea.eu\\\/?s={search_term_string}\"},\"query-input\":{\"@type\":\"PropertyValueSpecification\",\"valueRequired\":true,\"valueName\":\"search_term_string\"}}],\"inLanguage\":\"fr-FR\"}]}<\/script>\n<!-- \/ Yoast SEO Premium plugin. -->","yoast_head_json":{"title":"EARL GREY Charm in a Pyramid Bag | Biodegradable Material","description":"Un d\u00e9licieux m\u00e9lange. Th\u00e9 noir \u00e0 l'ar\u00f4me de bergamote et de cr\u00e8me, qui nous enveloppe de douceur. Dans un sachet pyramidal biod\u00e9gradable.","robots":{"index":"index","follow":"follow","max-snippet":"max-snippet:-1","max-image-preview":"max-image-preview:large","max-video-preview":"max-video-preview:-1"},"canonical":"https:\/\/www.sempertea.eu\/fr\/earl-grey-the-biologique-i-pyramid-tea\/","og_locale":"fr_FR","og_type":"article","og_title":"EARL GREY th\u00e9 biologique I Pyramid tea","og_description":"Un d\u00e9licieux m\u00e9lange. Th\u00e9 noir \u00e0 l'ar\u00f4me de bergamote et de cr\u00e8me, qui nous enveloppe de douceur. Dans un sachet pyramidal biod\u00e9gradable.","og_url":"https:\/\/www.sempertea.eu\/fr\/earl-grey-the-biologique-i-pyramid-tea\/","og_site_name":"Semper Tea | Mayorista y fabricante de T\u00e9s e Infusiones para hoteles, restaurantes y bares","og_image":[{"width":900,"height":900,"url":"https:\/\/www.sempertea.eu\/wp-content\/uploads\/2021\/04\/te-negro-earl-grey-bio-en-bolsa-piramide-biodegradable-semper-tea.jpg","type":"image\/jpeg"}],"twitter_card":"summary_large_image","twitter_misc":{"Dur\u00e9e de lecture estim\u00e9e":"1 minute"},"schema":{"@context":"https:\/\/schema.org","@graph":[{"@type":"WebPage","@id":"https:\/\/www.sempertea.eu\/fr\/earl-grey-the-biologique-i-pyramid-tea\/","url":"https:\/\/www.sempertea.eu\/fr\/earl-grey-the-biologique-i-pyramid-tea\/","name":"EARL GREY Charm in a Pyramid Bag | Biodegradable Material","isPartOf":{"@id":"https:\/\/www.sempertea.eu\/#website"},"primaryImageOfPage":{"@id":"https:\/\/www.sempertea.eu\/fr\/earl-grey-the-biologique-i-pyramid-tea\/#primaryimage"},"image":{"@id":"https:\/\/www.sempertea.eu\/fr\/earl-grey-the-biologique-i-pyramid-tea\/#primaryimage"},"thumbnailUrl":"https:\/\/www.sempertea.eu\/wp-content\/uploads\/2021\/04\/te-negro-earl-grey-bio-en-bolsa-piramide-biodegradable-semper-tea.jpg","datePublished":"2024-10-14T09:15:35+00:00","description":"Un d\u00e9licieux m\u00e9lange. Th\u00e9 noir \u00e0 l'ar\u00f4me de bergamote et de cr\u00e8me, qui nous enveloppe de douceur. Dans un sachet pyramidal biod\u00e9gradable.","breadcrumb":{"@id":"https:\/\/www.sempertea.eu\/fr\/earl-grey-the-biologique-i-pyramid-tea\/#breadcrumb"},"inLanguage":"fr-FR","potentialAction":[{"@type":"ReadAction","target":["https:\/\/www.sempertea.eu\/fr\/earl-grey-the-biologique-i-pyramid-tea\/"]}]},{"@type":"ImageObject","inLanguage":"fr-FR","@id":"https:\/\/www.sempertea.eu\/fr\/earl-grey-the-biologique-i-pyramid-tea\/#primaryimage","url":"https:\/\/www.sempertea.eu\/wp-content\/uploads\/2021\/04\/te-negro-earl-grey-bio-en-bolsa-piramide-biodegradable-semper-tea.jpg","contentUrl":"https:\/\/www.sempertea.eu\/wp-content\/uploads\/2021\/04\/te-negro-earl-grey-bio-en-bolsa-piramide-biodegradable-semper-tea.jpg","width":900,"height":900,"caption":"te negro earl grey bio en bolsa piramide biodegradable semper tea"},{"@type":"BreadcrumbList","@id":"https:\/\/www.sempertea.eu\/fr\/earl-grey-the-biologique-i-pyramid-tea\/#breadcrumb","itemListElement":[{"@type":"ListItem","position":1,"name":"Portada","item":"https:\/\/www.sempertea.eu\/"},{"@type":"ListItem","position":2,"name":"Tienda","item":"https:\/\/www.sempertea.eu\/tienda\/"},{"@type":"ListItem","position":3,"name":"EARL GREY th\u00e9 biologique I Pyramid tea"}]},{"@type":"WebSite","@id":"https:\/\/www.sempertea.eu\/#website","url":"https:\/\/www.sempertea.eu\/","name":"Semper Tea | Mayorista y fabricante de T\u00e9s e Infusiones para hoteles, restaurantes y bares","description":"T\u00e9s e infusiones para hosteler\u00eda, hoteler\u00eda y comercio","potentialAction":[{"@type":"SearchAction","target":{"@type":"EntryPoint","urlTemplate":"https:\/\/www.sempertea.eu\/?s={search_term_string}"},"query-input":{"@type":"PropertyValueSpecification","valueRequired":true,"valueName":"search_term_string"}}],"inLanguage":"fr-FR"}]}},"_links":{"self":[{"href":"https:\/\/www.sempertea.eu\/fr\/wp-json\/wp\/v2\/product\/12055","targetHints":{"allow":["GET"]}}],"collection":[{"href":"https:\/\/www.sempertea.eu\/fr\/wp-json\/wp\/v2\/product"}],"about":[{"href":"https:\/\/www.sempertea.eu\/fr\/wp-json\/wp\/v2\/types\/product"}],"replies":[{"embeddable":true,"href":"https:\/\/www.sempertea.eu\/fr\/wp-json\/wp\/v2\/comments?post=12055"}],"wp:featuredmedia":[{"embeddable":true,"href":"https:\/\/www.sempertea.eu\/fr\/wp-json\/wp\/v2\/media\/12056"}],"wp:attachment":[{"href":"https:\/\/www.sempertea.eu\/fr\/wp-json\/wp\/v2\/media?parent=12055"}],"wp:term":[{"taxonomy":"product_brand","embeddable":true,"href":"https:\/\/www.sempertea.eu\/fr\/wp-json\/wp\/v2\/product_brand?post=12055"},{"taxonomy":"product_cat","embeddable":true,"href":"https:\/\/www.sempertea.eu\/fr\/wp-json\/wp\/v2\/product_cat?post=12055"},{"taxonomy":"product_tag","embeddable":true,"href":"https:\/\/www.sempertea.eu\/fr\/wp-json\/wp\/v2\/product_tag?post=12055"}],"curies":[{"name":"wp","href":"https:\/\/api.w.org\/{rel}","templated":true}]}}