{"id":12048,"date":"2021-04-29T19:09:30","date_gmt":"2021-04-29T18:09:30","guid":{"rendered":"https:\/\/www.sempertea.eu\/te-chai-en-piramide-organico\/"},"modified":"2024-10-14T09:41:36","modified_gmt":"2024-10-14T08:41:36","slug":"the-biologique-chai-the-pyramide","status":"publish","type":"product","link":"https:\/\/www.sempertea.eu\/fr\/the-biologique-chai-the-pyramide\/","title":{"rendered":"Th\u00e9 biologique CHAI I Th\u00e9 Pyramide"},"content":{"rendered":"<h2>Th\u00e9 Chai &#8211; une explosion d&rsquo;ar\u00f4mes<\/h2>\n<p>Chai &#8211; th\u00e9 noir aromatis\u00e9 dans un sachet pyramidal biod\u00e9gradable. Une saveur intense et aromatique, pleine de corps et d&rsquo;attitude. Ce m\u00e9lange exotique incomparable d&rsquo;\u00e9pices orientales est connu comme la boisson nationale.<\/p>\n<h3>Quelle est l&rsquo;origine du th\u00e9 Chai ?<\/h3>\n<p>En Inde, le Chai n&rsquo;est pas seulement un th\u00e9, c&rsquo;est un mode de vie. En hindi, Chai n&rsquo;est pas un ar\u00f4me de th\u00e9, il signifie litt\u00e9ralement \u00ab th\u00e9 \u00bb. Tout le monde boit cette boisson \u00e9pic\u00e9e et laiteuse, g\u00e9n\u00e9ralement agr\u00e9ment\u00e9e d&rsquo;un peu de sucre. Le th\u00e9 Chai est essentiellement un <strong>th\u00e9 noir<\/strong> auquel on a ajout\u00e9 diverses <strong>\u00e9pices<\/strong>. Il peut s&rsquo;agir de <strong>cannelle, de clous de girofle, de gingembre, de cardamome, d&rsquo;anis \u00e9toil\u00e9, de noix de muscade, de poivre noir<\/strong>, etc. Il s&rsquo;agit g\u00e9n\u00e9ralement d&rsquo;un th\u00e9 fort au go\u00fbt cors\u00e9. En ajoutant du sucre ou du miel, le th\u00e9 accentue les \u00e9pices et le lait l&rsquo;adoucit. <strong>Le chai contient presque toujours du lait<\/strong>, pour faire ressortir la richesse des \u00e9pices. Cette boisson est une explosion de saveurs et d&rsquo;ar\u00f4mes, un th\u00e9 d\u00e9licieux qui se d\u00e9guste chaud ou froid.<\/p>\n","protected":false},"excerpt":{"rendered":"<p><strong>Saveur intense, aromatique et cors\u00e9e<\/strong><\/p>\n<p class=\"Textbody\" style=\"margin-bottom: 0cm;\">Un th\u00e9 noir aux ar\u00f4mes excentriques et chaleureux qui rappellent l&rsquo;Inde lointaine. Une explosion d&rsquo;ar\u00f4mes : du th\u00e9 noir avec de la cannelle, de la cardamome, du gingembre et des clous de girofle. Le chai se d\u00e9guste avec du lait chaud, du miel ou du sucre, \u00e0 tout moment de la journ\u00e9e.<\/p>\n<p>&nbsp;<\/p>\n","protected":false},"featured_media":12049,"comment_status":"open","ping_status":"closed","template":"","meta":[],"product_brand":[],"product_cat":[309,267,299,283,284,312,310,311],"product_tag":[],"class_list":{"0":"post-12048","1":"product","2":"type-product","3":"status-publish","4":"has-post-thumbnail","6":"product_cat-collections","7":"product_cat-the-sachet-pyramide-en-ecologique","8":"product_cat-the-en-pyramide-biodegradable","9":"product_cat-thes-et-infusions-biologiques-de-qualite","10":"product_cat-the-noir-acheter-en-ligne-proprietes","11":"product_cat-tous-fr-2","12":"product_cat-tous","13":"product_cat-tous-fr","15":"first","16":"instock","17":"shipping-taxable","18":"purchasable","19":"product-type-simple"},"yoast_head":"<!-- This site is optimized with the Yoast SEO Premium plugin v27.3 (Yoast SEO v27.4) - https:\/\/yoast.com\/product\/yoast-seo-premium-wordpress\/ -->\n<title>Acheter du th\u00e9 chai en pyramide | bio | th\u00e9 chai noir indien<\/title>\n<meta name=\"description\" content=\"Th\u00e9 noir aromatis\u00e9 dans un sachet biod\u00e9gradable en forme de pyramide. Une explosion d&#039;ar\u00f4mes : th\u00e9 indien chai \u00e0 la cannelle, \u00e0 la cardamome, au gingembre et au clou de girofle.\" \/>\n<meta name=\"robots\" content=\"index, follow, max-snippet:-1, max-image-preview:large, max-video-preview:-1\" \/>\n<link rel=\"canonical\" href=\"https:\/\/www.sempertea.eu\/fr\/the-biologique-chai-the-pyramide\/\" \/>\n<meta property=\"og:locale\" content=\"fr_FR\" \/>\n<meta property=\"og:type\" content=\"article\" \/>\n<meta property=\"og:title\" content=\"Th\u00e9 biologique CHAI I Th\u00e9 Pyramide\" \/>\n<meta property=\"og:description\" content=\"Th\u00e9 noir aromatis\u00e9 dans un sachet biod\u00e9gradable en forme de pyramide. Une explosion d&#039;ar\u00f4mes : th\u00e9 indien chai \u00e0 la cannelle, \u00e0 la cardamome, au gingembre et au clou de girofle.\" \/>\n<meta property=\"og:url\" content=\"https:\/\/www.sempertea.eu\/fr\/the-biologique-chai-the-pyramide\/\" \/>\n<meta property=\"og:site_name\" content=\"Semper Tea | Mayorista y fabricante de T\u00e9s e Infusiones para hoteles, restaurantes y bares\" \/>\n<meta property=\"article:modified_time\" content=\"2024-10-14T08:41:36+00:00\" \/>\n<meta property=\"og:image\" content=\"https:\/\/www.sempertea.eu\/wp-content\/uploads\/2021\/04\/te-chai-organico-cafeina-bolsa-piramide-biodegradable-semper-tea.jpg\" \/>\n\t<meta property=\"og:image:width\" content=\"900\" \/>\n\t<meta property=\"og:image:height\" content=\"900\" \/>\n\t<meta property=\"og:image:type\" content=\"image\/jpeg\" \/>\n<meta name=\"twitter:card\" content=\"summary_large_image\" \/>\n<meta name=\"twitter:label1\" content=\"Dur\u00e9e de lecture estim\u00e9e\" \/>\n\t<meta name=\"twitter:data1\" content=\"2 minutes\" \/>\n<script type=\"application\/ld+json\" class=\"yoast-schema-graph\">{\"@context\":\"https:\\\/\\\/schema.org\",\"@graph\":[{\"@type\":\"WebPage\",\"@id\":\"https:\\\/\\\/www.sempertea.eu\\\/fr\\\/the-biologique-chai-the-pyramide\\\/\",\"url\":\"https:\\\/\\\/www.sempertea.eu\\\/fr\\\/the-biologique-chai-the-pyramide\\\/\",\"name\":\"Acheter du th\u00e9 chai en pyramide | bio | th\u00e9 chai noir indien\",\"isPartOf\":{\"@id\":\"https:\\\/\\\/www.sempertea.eu\\\/#website\"},\"primaryImageOfPage\":{\"@id\":\"https:\\\/\\\/www.sempertea.eu\\\/fr\\\/the-biologique-chai-the-pyramide\\\/#primaryimage\"},\"image\":{\"@id\":\"https:\\\/\\\/www.sempertea.eu\\\/fr\\\/the-biologique-chai-the-pyramide\\\/#primaryimage\"},\"thumbnailUrl\":\"https:\\\/\\\/www.sempertea.eu\\\/wp-content\\\/uploads\\\/2021\\\/04\\\/te-chai-organico-cafeina-bolsa-piramide-biodegradable-semper-tea.jpg\",\"datePublished\":\"2021-04-29T18:09:30+00:00\",\"dateModified\":\"2024-10-14T08:41:36+00:00\",\"description\":\"Th\u00e9 noir aromatis\u00e9 dans un sachet biod\u00e9gradable en forme de pyramide. Une explosion d'ar\u00f4mes : th\u00e9 indien chai \u00e0 la cannelle, \u00e0 la cardamome, au gingembre et au clou de girofle.\",\"breadcrumb\":{\"@id\":\"https:\\\/\\\/www.sempertea.eu\\\/fr\\\/the-biologique-chai-the-pyramide\\\/#breadcrumb\"},\"inLanguage\":\"fr-FR\",\"potentialAction\":[{\"@type\":\"ReadAction\",\"target\":[\"https:\\\/\\\/www.sempertea.eu\\\/fr\\\/the-biologique-chai-the-pyramide\\\/\"]}]},{\"@type\":\"ImageObject\",\"inLanguage\":\"fr-FR\",\"@id\":\"https:\\\/\\\/www.sempertea.eu\\\/fr\\\/the-biologique-chai-the-pyramide\\\/#primaryimage\",\"url\":\"https:\\\/\\\/www.sempertea.eu\\\/wp-content\\\/uploads\\\/2021\\\/04\\\/te-chai-organico-cafeina-bolsa-piramide-biodegradable-semper-tea.jpg\",\"contentUrl\":\"https:\\\/\\\/www.sempertea.eu\\\/wp-content\\\/uploads\\\/2021\\\/04\\\/te-chai-organico-cafeina-bolsa-piramide-biodegradable-semper-tea.jpg\",\"width\":900,\"height\":900,\"caption\":\"te chai organico cafeina bolsa piramide biodegradable semper tea\"},{\"@type\":\"BreadcrumbList\",\"@id\":\"https:\\\/\\\/www.sempertea.eu\\\/fr\\\/the-biologique-chai-the-pyramide\\\/#breadcrumb\",\"itemListElement\":[{\"@type\":\"ListItem\",\"position\":1,\"name\":\"Portada\",\"item\":\"https:\\\/\\\/www.sempertea.eu\\\/\"},{\"@type\":\"ListItem\",\"position\":2,\"name\":\"Tienda\",\"item\":\"https:\\\/\\\/www.sempertea.eu\\\/tienda\\\/\"},{\"@type\":\"ListItem\",\"position\":3,\"name\":\"Th\u00e9 biologique CHAI I Th\u00e9 Pyramide\"}]},{\"@type\":\"WebSite\",\"@id\":\"https:\\\/\\\/www.sempertea.eu\\\/#website\",\"url\":\"https:\\\/\\\/www.sempertea.eu\\\/\",\"name\":\"Semper Tea | Mayorista y fabricante de T\u00e9s e Infusiones para hoteles, restaurantes y bares\",\"description\":\"T\u00e9s e infusiones para hosteler\u00eda, hoteler\u00eda y comercio\",\"potentialAction\":[{\"@type\":\"SearchAction\",\"target\":{\"@type\":\"EntryPoint\",\"urlTemplate\":\"https:\\\/\\\/www.sempertea.eu\\\/?s={search_term_string}\"},\"query-input\":{\"@type\":\"PropertyValueSpecification\",\"valueRequired\":true,\"valueName\":\"search_term_string\"}}],\"inLanguage\":\"fr-FR\"}]}<\/script>\n<!-- \/ Yoast SEO Premium plugin. -->","yoast_head_json":{"title":"Acheter du th\u00e9 chai en pyramide | bio | th\u00e9 chai noir indien","description":"Th\u00e9 noir aromatis\u00e9 dans un sachet biod\u00e9gradable en forme de pyramide. Une explosion d'ar\u00f4mes : th\u00e9 indien chai \u00e0 la cannelle, \u00e0 la cardamome, au gingembre et au clou de girofle.","robots":{"index":"index","follow":"follow","max-snippet":"max-snippet:-1","max-image-preview":"max-image-preview:large","max-video-preview":"max-video-preview:-1"},"canonical":"https:\/\/www.sempertea.eu\/fr\/the-biologique-chai-the-pyramide\/","og_locale":"fr_FR","og_type":"article","og_title":"Th\u00e9 biologique CHAI I Th\u00e9 Pyramide","og_description":"Th\u00e9 noir aromatis\u00e9 dans un sachet biod\u00e9gradable en forme de pyramide. Une explosion d'ar\u00f4mes : th\u00e9 indien chai \u00e0 la cannelle, \u00e0 la cardamome, au gingembre et au clou de girofle.","og_url":"https:\/\/www.sempertea.eu\/fr\/the-biologique-chai-the-pyramide\/","og_site_name":"Semper Tea | Mayorista y fabricante de T\u00e9s e Infusiones para hoteles, restaurantes y bares","article_modified_time":"2024-10-14T08:41:36+00:00","og_image":[{"width":900,"height":900,"url":"https:\/\/www.sempertea.eu\/wp-content\/uploads\/2021\/04\/te-chai-organico-cafeina-bolsa-piramide-biodegradable-semper-tea.jpg","type":"image\/jpeg"}],"twitter_card":"summary_large_image","twitter_misc":{"Dur\u00e9e de lecture estim\u00e9e":"2 minutes"},"schema":{"@context":"https:\/\/schema.org","@graph":[{"@type":"WebPage","@id":"https:\/\/www.sempertea.eu\/fr\/the-biologique-chai-the-pyramide\/","url":"https:\/\/www.sempertea.eu\/fr\/the-biologique-chai-the-pyramide\/","name":"Acheter du th\u00e9 chai en pyramide | bio | th\u00e9 chai noir indien","isPartOf":{"@id":"https:\/\/www.sempertea.eu\/#website"},"primaryImageOfPage":{"@id":"https:\/\/www.sempertea.eu\/fr\/the-biologique-chai-the-pyramide\/#primaryimage"},"image":{"@id":"https:\/\/www.sempertea.eu\/fr\/the-biologique-chai-the-pyramide\/#primaryimage"},"thumbnailUrl":"https:\/\/www.sempertea.eu\/wp-content\/uploads\/2021\/04\/te-chai-organico-cafeina-bolsa-piramide-biodegradable-semper-tea.jpg","datePublished":"2021-04-29T18:09:30+00:00","dateModified":"2024-10-14T08:41:36+00:00","description":"Th\u00e9 noir aromatis\u00e9 dans un sachet biod\u00e9gradable en forme de pyramide. Une explosion d'ar\u00f4mes : th\u00e9 indien chai \u00e0 la cannelle, \u00e0 la cardamome, au gingembre et au clou de girofle.","breadcrumb":{"@id":"https:\/\/www.sempertea.eu\/fr\/the-biologique-chai-the-pyramide\/#breadcrumb"},"inLanguage":"fr-FR","potentialAction":[{"@type":"ReadAction","target":["https:\/\/www.sempertea.eu\/fr\/the-biologique-chai-the-pyramide\/"]}]},{"@type":"ImageObject","inLanguage":"fr-FR","@id":"https:\/\/www.sempertea.eu\/fr\/the-biologique-chai-the-pyramide\/#primaryimage","url":"https:\/\/www.sempertea.eu\/wp-content\/uploads\/2021\/04\/te-chai-organico-cafeina-bolsa-piramide-biodegradable-semper-tea.jpg","contentUrl":"https:\/\/www.sempertea.eu\/wp-content\/uploads\/2021\/04\/te-chai-organico-cafeina-bolsa-piramide-biodegradable-semper-tea.jpg","width":900,"height":900,"caption":"te chai organico cafeina bolsa piramide biodegradable semper tea"},{"@type":"BreadcrumbList","@id":"https:\/\/www.sempertea.eu\/fr\/the-biologique-chai-the-pyramide\/#breadcrumb","itemListElement":[{"@type":"ListItem","position":1,"name":"Portada","item":"https:\/\/www.sempertea.eu\/"},{"@type":"ListItem","position":2,"name":"Tienda","item":"https:\/\/www.sempertea.eu\/tienda\/"},{"@type":"ListItem","position":3,"name":"Th\u00e9 biologique CHAI I Th\u00e9 Pyramide"}]},{"@type":"WebSite","@id":"https:\/\/www.sempertea.eu\/#website","url":"https:\/\/www.sempertea.eu\/","name":"Semper Tea | Mayorista y fabricante de T\u00e9s e Infusiones para hoteles, restaurantes y bares","description":"T\u00e9s e infusiones para hosteler\u00eda, hoteler\u00eda y comercio","potentialAction":[{"@type":"SearchAction","target":{"@type":"EntryPoint","urlTemplate":"https:\/\/www.sempertea.eu\/?s={search_term_string}"},"query-input":{"@type":"PropertyValueSpecification","valueRequired":true,"valueName":"search_term_string"}}],"inLanguage":"fr-FR"}]}},"_links":{"self":[{"href":"https:\/\/www.sempertea.eu\/fr\/wp-json\/wp\/v2\/product\/12048","targetHints":{"allow":["GET"]}}],"collection":[{"href":"https:\/\/www.sempertea.eu\/fr\/wp-json\/wp\/v2\/product"}],"about":[{"href":"https:\/\/www.sempertea.eu\/fr\/wp-json\/wp\/v2\/types\/product"}],"replies":[{"embeddable":true,"href":"https:\/\/www.sempertea.eu\/fr\/wp-json\/wp\/v2\/comments?post=12048"}],"wp:featuredmedia":[{"embeddable":true,"href":"https:\/\/www.sempertea.eu\/fr\/wp-json\/wp\/v2\/media\/12049"}],"wp:attachment":[{"href":"https:\/\/www.sempertea.eu\/fr\/wp-json\/wp\/v2\/media?parent=12048"}],"wp:term":[{"taxonomy":"product_brand","embeddable":true,"href":"https:\/\/www.sempertea.eu\/fr\/wp-json\/wp\/v2\/product_brand?post=12048"},{"taxonomy":"product_cat","embeddable":true,"href":"https:\/\/www.sempertea.eu\/fr\/wp-json\/wp\/v2\/product_cat?post=12048"},{"taxonomy":"product_tag","embeddable":true,"href":"https:\/\/www.sempertea.eu\/fr\/wp-json\/wp\/v2\/product_tag?post=12048"}],"curies":[{"name":"wp","href":"https:\/\/api.w.org\/{rel}","templated":true}]}}