{"id":12032,"date":"2020-08-14T20:52:37","date_gmt":"2024-10-11T17:11:15","guid":{"rendered":"https:\/\/www.sempertea.eu\/camomile-the-a-la-camomille-biologique-i-pyramid-tea\/"},"modified":"2024-10-11T18:11:15","modified_gmt":"2024-10-11T17:11:15","slug":"camomile-the-a-la-camomille-biologique-i-pyramid-tea","status":"publish","type":"product","link":"https:\/\/www.sempertea.eu\/fr\/camomile-the-a-la-camomille-biologique-i-pyramid-tea\/","title":{"rendered":"CAMOMILE th\u00e9 \u00e0 la camomille biologique I Pyramid Tea"},"content":{"rendered":"<h2>Camomille &#8211; Infusion de camomille en sachet pyramidal biod\u00e9gradable<\/h2>\n<p>D\u00e9couvrez le plaisir aromatique et doux. Appr\u00e9ci\u00e9e pour ses propri\u00e9t\u00e9s curatives, la camomille est utilis\u00e9e depuis des mill\u00e9naires par les cultures grecque, romaine et \u00e9gyptienne. Aujourd&rsquo;hui, on la trouve dans toute l&rsquo;Europe, en Am\u00e9rique du Nord et en Australie. Sa renomm\u00e9e repose sur l&rsquo;effet <strong>curatif doux de la camomille et sur son ar\u00f4me d\u00e9licieux.<\/strong>   <\/p>\n<h3>Camomille biologique &#8211; Id\u00e9al pour tous<\/h3>\n<p>En infusion chaude, la camomille d\u00e9ploie son charme relaxant et r\u00e9confortant. Notre <strong>variante de th\u00e9 \u00e0 la camomille \u00e9gyptienne<\/strong> offre un ar\u00f4me particuli\u00e8rement d\u00e9licat, parfait pour tout moment de la journ\u00e9e. Doux et aromatique, sans caf\u00e9ine &#8211; Notre th\u00e9 \u00e0 la camomille bio est pur et naturel. <strong>Certifi\u00e9 avec le label bio de l&rsquo;UE<\/strong>, il provient de cultures biologiques contr\u00f4l\u00e9es, sans additifs chimiques, offrant uniquement le go\u00fbt authentique et v\u00e9ritable de la camomille r\u00e9elle. <\/p>\n<p>&nbsp;<\/p>\n","protected":false},"excerpt":{"rendered":"<p><strong>D\u00e9tente, puret\u00e9 et douceur &#8211; sans caf\u00e9ine<\/strong><\/p>\n<p>Depuis l&rsquo;Antiquit\u00e9, la camomille est connue dans le monde entier comme le \u00ab th\u00e9 de la m\u00e8re \u00bb, une boisson relaxante et curative.<br \/>\n<br \/>Notre infusion biologique de fleurs enti\u00e8res de camomille a un ar\u00f4me particuli\u00e8rement d\u00e9licat et peut \u00eatre consomm\u00e9e \u00e0 tout moment.<\/p>\n","protected":false},"featured_media":12033,"comment_status":"open","ping_status":"closed","template":"","meta":[],"product_brand":[],"product_cat":[309,267,289,299,283,310,311,312],"product_tag":[],"class_list":{"0":"post-12032","1":"product","2":"type-product","3":"status-publish","4":"has-post-thumbnail","6":"product_cat-collections","7":"product_cat-the-sachet-pyramide-en-ecologique","8":"product_cat-the-aux-herbes-bio-au-acheter","9":"product_cat-the-en-pyramide-biodegradable","10":"product_cat-thes-et-infusions-biologiques-de-qualite","11":"product_cat-tous","12":"product_cat-tous-fr","13":"product_cat-tous-fr-2","15":"first","16":"instock","17":"shipping-taxable","18":"purchasable","19":"product-type-simple"},"yoast_head":"<!-- This site is optimized with the Yoast SEO Premium plugin v27.3 (Yoast SEO v27.4) - https:\/\/yoast.com\/product\/yoast-seo-premium-wordpress\/ -->\n<title>Acheter Infusion Camomille en Pyramide | Propri\u00e9t\u00e9s du th\u00e9 Camomille<\/title>\n<meta name=\"description\" content=\"Vente en ligne d&#039;Infusion Camomille en Pyramide Bio | D\u00e9couvrez ses propri\u00e9t\u00e9s et bienfaits | Meilleurs prix sur les th\u00e9s\" \/>\n<meta name=\"robots\" content=\"index, follow, max-snippet:-1, max-image-preview:large, max-video-preview:-1\" \/>\n<link rel=\"canonical\" href=\"https:\/\/www.sempertea.eu\/fr\/camomile-the-a-la-camomille-biologique-i-pyramid-tea\/\" \/>\n<meta property=\"og:locale\" content=\"fr_FR\" \/>\n<meta property=\"og:type\" content=\"article\" \/>\n<meta property=\"og:title\" content=\"CAMOMILE th\u00e9 \u00e0 la camomille biologique I Pyramid Tea\" \/>\n<meta property=\"og:description\" content=\"Vente en ligne d&#039;Infusion Camomille en Pyramide Bio | D\u00e9couvrez ses propri\u00e9t\u00e9s et bienfaits | Meilleurs prix sur les th\u00e9s\" \/>\n<meta property=\"og:url\" content=\"https:\/\/www.sempertea.eu\/fr\/camomile-the-a-la-camomille-biologique-i-pyramid-tea\/\" \/>\n<meta property=\"og:site_name\" content=\"Semper Tea | Mayorista y fabricante de T\u00e9s e Infusiones para hoteles, restaurantes y bares\" \/>\n<meta property=\"og:image\" content=\"https:\/\/www.sempertea.eu\/wp-content\/uploads\/2020\/08\/mejor-precio-manzanilla-camomila-natural-ecologica-piramide-semper-tea.jpg\" \/>\n\t<meta property=\"og:image:width\" content=\"900\" \/>\n\t<meta property=\"og:image:height\" content=\"900\" \/>\n\t<meta property=\"og:image:type\" content=\"image\/jpeg\" \/>\n<meta name=\"twitter:card\" content=\"summary_large_image\" \/>\n<meta name=\"twitter:label1\" content=\"Dur\u00e9e de lecture estim\u00e9e\" \/>\n\t<meta name=\"twitter:data1\" content=\"1 minute\" \/>\n<script type=\"application\/ld+json\" class=\"yoast-schema-graph\">{\"@context\":\"https:\\\/\\\/schema.org\",\"@graph\":[{\"@type\":\"WebPage\",\"@id\":\"https:\\\/\\\/www.sempertea.eu\\\/fr\\\/camomile-the-a-la-camomille-biologique-i-pyramid-tea\\\/\",\"url\":\"https:\\\/\\\/www.sempertea.eu\\\/fr\\\/camomile-the-a-la-camomille-biologique-i-pyramid-tea\\\/\",\"name\":\"Acheter Infusion Camomille en Pyramide | Propri\u00e9t\u00e9s du th\u00e9 Camomille\",\"isPartOf\":{\"@id\":\"https:\\\/\\\/www.sempertea.eu\\\/#website\"},\"primaryImageOfPage\":{\"@id\":\"https:\\\/\\\/www.sempertea.eu\\\/fr\\\/camomile-the-a-la-camomille-biologique-i-pyramid-tea\\\/#primaryimage\"},\"image\":{\"@id\":\"https:\\\/\\\/www.sempertea.eu\\\/fr\\\/camomile-the-a-la-camomille-biologique-i-pyramid-tea\\\/#primaryimage\"},\"thumbnailUrl\":\"https:\\\/\\\/www.sempertea.eu\\\/wp-content\\\/uploads\\\/2020\\\/08\\\/mejor-precio-manzanilla-camomila-natural-ecologica-piramide-semper-tea.jpg\",\"datePublished\":\"2024-10-11T17:11:15+00:00\",\"description\":\"Vente en ligne d'Infusion Camomille en Pyramide Bio | D\u00e9couvrez ses propri\u00e9t\u00e9s et bienfaits | Meilleurs prix sur les th\u00e9s\",\"breadcrumb\":{\"@id\":\"https:\\\/\\\/www.sempertea.eu\\\/fr\\\/camomile-the-a-la-camomille-biologique-i-pyramid-tea\\\/#breadcrumb\"},\"inLanguage\":\"fr-FR\",\"potentialAction\":[{\"@type\":\"ReadAction\",\"target\":[\"https:\\\/\\\/www.sempertea.eu\\\/fr\\\/camomile-the-a-la-camomille-biologique-i-pyramid-tea\\\/\"]}]},{\"@type\":\"ImageObject\",\"inLanguage\":\"fr-FR\",\"@id\":\"https:\\\/\\\/www.sempertea.eu\\\/fr\\\/camomile-the-a-la-camomille-biologique-i-pyramid-tea\\\/#primaryimage\",\"url\":\"https:\\\/\\\/www.sempertea.eu\\\/wp-content\\\/uploads\\\/2020\\\/08\\\/mejor-precio-manzanilla-camomila-natural-ecologica-piramide-semper-tea.jpg\",\"contentUrl\":\"https:\\\/\\\/www.sempertea.eu\\\/wp-content\\\/uploads\\\/2020\\\/08\\\/mejor-precio-manzanilla-camomila-natural-ecologica-piramide-semper-tea.jpg\",\"width\":900,\"height\":900,\"caption\":\"comprar manzanilla camomila natural ecologica en piramides semper tea\"},{\"@type\":\"BreadcrumbList\",\"@id\":\"https:\\\/\\\/www.sempertea.eu\\\/fr\\\/camomile-the-a-la-camomille-biologique-i-pyramid-tea\\\/#breadcrumb\",\"itemListElement\":[{\"@type\":\"ListItem\",\"position\":1,\"name\":\"Portada\",\"item\":\"https:\\\/\\\/www.sempertea.eu\\\/\"},{\"@type\":\"ListItem\",\"position\":2,\"name\":\"Tienda\",\"item\":\"https:\\\/\\\/www.sempertea.eu\\\/tienda\\\/\"},{\"@type\":\"ListItem\",\"position\":3,\"name\":\"CAMOMILE th\u00e9 \u00e0 la camomille biologique I Pyramid Tea\"}]},{\"@type\":\"WebSite\",\"@id\":\"https:\\\/\\\/www.sempertea.eu\\\/#website\",\"url\":\"https:\\\/\\\/www.sempertea.eu\\\/\",\"name\":\"Semper Tea | Mayorista y fabricante de T\u00e9s e Infusiones para hoteles, restaurantes y bares\",\"description\":\"T\u00e9s e infusiones para hosteler\u00eda, hoteler\u00eda y comercio\",\"potentialAction\":[{\"@type\":\"SearchAction\",\"target\":{\"@type\":\"EntryPoint\",\"urlTemplate\":\"https:\\\/\\\/www.sempertea.eu\\\/?s={search_term_string}\"},\"query-input\":{\"@type\":\"PropertyValueSpecification\",\"valueRequired\":true,\"valueName\":\"search_term_string\"}}],\"inLanguage\":\"fr-FR\"}]}<\/script>\n<!-- \/ Yoast SEO Premium plugin. -->","yoast_head_json":{"title":"Acheter Infusion Camomille en Pyramide | Propri\u00e9t\u00e9s du th\u00e9 Camomille","description":"Vente en ligne d'Infusion Camomille en Pyramide Bio | D\u00e9couvrez ses propri\u00e9t\u00e9s et bienfaits | Meilleurs prix sur les th\u00e9s","robots":{"index":"index","follow":"follow","max-snippet":"max-snippet:-1","max-image-preview":"max-image-preview:large","max-video-preview":"max-video-preview:-1"},"canonical":"https:\/\/www.sempertea.eu\/fr\/camomile-the-a-la-camomille-biologique-i-pyramid-tea\/","og_locale":"fr_FR","og_type":"article","og_title":"CAMOMILE th\u00e9 \u00e0 la camomille biologique I Pyramid Tea","og_description":"Vente en ligne d'Infusion Camomille en Pyramide Bio | D\u00e9couvrez ses propri\u00e9t\u00e9s et bienfaits | Meilleurs prix sur les th\u00e9s","og_url":"https:\/\/www.sempertea.eu\/fr\/camomile-the-a-la-camomille-biologique-i-pyramid-tea\/","og_site_name":"Semper Tea | Mayorista y fabricante de T\u00e9s e Infusiones para hoteles, restaurantes y bares","og_image":[{"width":900,"height":900,"url":"https:\/\/www.sempertea.eu\/wp-content\/uploads\/2020\/08\/mejor-precio-manzanilla-camomila-natural-ecologica-piramide-semper-tea.jpg","type":"image\/jpeg"}],"twitter_card":"summary_large_image","twitter_misc":{"Dur\u00e9e de lecture estim\u00e9e":"1 minute"},"schema":{"@context":"https:\/\/schema.org","@graph":[{"@type":"WebPage","@id":"https:\/\/www.sempertea.eu\/fr\/camomile-the-a-la-camomille-biologique-i-pyramid-tea\/","url":"https:\/\/www.sempertea.eu\/fr\/camomile-the-a-la-camomille-biologique-i-pyramid-tea\/","name":"Acheter Infusion Camomille en Pyramide | Propri\u00e9t\u00e9s du th\u00e9 Camomille","isPartOf":{"@id":"https:\/\/www.sempertea.eu\/#website"},"primaryImageOfPage":{"@id":"https:\/\/www.sempertea.eu\/fr\/camomile-the-a-la-camomille-biologique-i-pyramid-tea\/#primaryimage"},"image":{"@id":"https:\/\/www.sempertea.eu\/fr\/camomile-the-a-la-camomille-biologique-i-pyramid-tea\/#primaryimage"},"thumbnailUrl":"https:\/\/www.sempertea.eu\/wp-content\/uploads\/2020\/08\/mejor-precio-manzanilla-camomila-natural-ecologica-piramide-semper-tea.jpg","datePublished":"2024-10-11T17:11:15+00:00","description":"Vente en ligne d'Infusion Camomille en Pyramide Bio | D\u00e9couvrez ses propri\u00e9t\u00e9s et bienfaits | Meilleurs prix sur les th\u00e9s","breadcrumb":{"@id":"https:\/\/www.sempertea.eu\/fr\/camomile-the-a-la-camomille-biologique-i-pyramid-tea\/#breadcrumb"},"inLanguage":"fr-FR","potentialAction":[{"@type":"ReadAction","target":["https:\/\/www.sempertea.eu\/fr\/camomile-the-a-la-camomille-biologique-i-pyramid-tea\/"]}]},{"@type":"ImageObject","inLanguage":"fr-FR","@id":"https:\/\/www.sempertea.eu\/fr\/camomile-the-a-la-camomille-biologique-i-pyramid-tea\/#primaryimage","url":"https:\/\/www.sempertea.eu\/wp-content\/uploads\/2020\/08\/mejor-precio-manzanilla-camomila-natural-ecologica-piramide-semper-tea.jpg","contentUrl":"https:\/\/www.sempertea.eu\/wp-content\/uploads\/2020\/08\/mejor-precio-manzanilla-camomila-natural-ecologica-piramide-semper-tea.jpg","width":900,"height":900,"caption":"comprar manzanilla camomila natural ecologica en piramides semper tea"},{"@type":"BreadcrumbList","@id":"https:\/\/www.sempertea.eu\/fr\/camomile-the-a-la-camomille-biologique-i-pyramid-tea\/#breadcrumb","itemListElement":[{"@type":"ListItem","position":1,"name":"Portada","item":"https:\/\/www.sempertea.eu\/"},{"@type":"ListItem","position":2,"name":"Tienda","item":"https:\/\/www.sempertea.eu\/tienda\/"},{"@type":"ListItem","position":3,"name":"CAMOMILE th\u00e9 \u00e0 la camomille biologique I Pyramid Tea"}]},{"@type":"WebSite","@id":"https:\/\/www.sempertea.eu\/#website","url":"https:\/\/www.sempertea.eu\/","name":"Semper Tea | Mayorista y fabricante de T\u00e9s e Infusiones para hoteles, restaurantes y bares","description":"T\u00e9s e infusiones para hosteler\u00eda, hoteler\u00eda y comercio","potentialAction":[{"@type":"SearchAction","target":{"@type":"EntryPoint","urlTemplate":"https:\/\/www.sempertea.eu\/?s={search_term_string}"},"query-input":{"@type":"PropertyValueSpecification","valueRequired":true,"valueName":"search_term_string"}}],"inLanguage":"fr-FR"}]}},"_links":{"self":[{"href":"https:\/\/www.sempertea.eu\/fr\/wp-json\/wp\/v2\/product\/12032","targetHints":{"allow":["GET"]}}],"collection":[{"href":"https:\/\/www.sempertea.eu\/fr\/wp-json\/wp\/v2\/product"}],"about":[{"href":"https:\/\/www.sempertea.eu\/fr\/wp-json\/wp\/v2\/types\/product"}],"replies":[{"embeddable":true,"href":"https:\/\/www.sempertea.eu\/fr\/wp-json\/wp\/v2\/comments?post=12032"}],"wp:featuredmedia":[{"embeddable":true,"href":"https:\/\/www.sempertea.eu\/fr\/wp-json\/wp\/v2\/media\/12033"}],"wp:attachment":[{"href":"https:\/\/www.sempertea.eu\/fr\/wp-json\/wp\/v2\/media?parent=12032"}],"wp:term":[{"taxonomy":"product_brand","embeddable":true,"href":"https:\/\/www.sempertea.eu\/fr\/wp-json\/wp\/v2\/product_brand?post=12032"},{"taxonomy":"product_cat","embeddable":true,"href":"https:\/\/www.sempertea.eu\/fr\/wp-json\/wp\/v2\/product_cat?post=12032"},{"taxonomy":"product_tag","embeddable":true,"href":"https:\/\/www.sempertea.eu\/fr\/wp-json\/wp\/v2\/product_tag?post=12032"}],"curies":[{"name":"wp","href":"https:\/\/api.w.org\/{rel}","templated":true}]}}