{"id":12029,"date":"2021-08-07T11:57:54","date_gmt":"2024-10-11T16:52:00","guid":{"rendered":"https:\/\/www.sempertea.eu\/boite-a-the-avec-6-pyramides-de-the-cadeaux-pour-le-the\/"},"modified":"2024-10-11T17:52:00","modified_gmt":"2024-10-11T16:52:00","slug":"boite-a-the-avec-6-pyramides-de-the-cadeaux-pour-le-the","status":"publish","type":"product","link":"https:\/\/www.sempertea.eu\/fr\/boite-a-the-avec-6-pyramides-de-the-cadeaux-pour-le-the\/","title":{"rendered":"Bo\u00eete \u00e0 th\u00e9 avec 6 pyramides de th\u00e9 | Cadeaux pour le th\u00e9"},"content":{"rendered":"<div class=\"tab-panels\">\n<div id=\"tab-description\" class=\"woocommerce-Tabs-panel woocommerce-Tabs-panel--description panel entry-content active\" role=\"tabpanel\" aria-labelledby=\"tab-title-description\">\n<div class=\"tab-panels\">\n<div id=\"tab-description\" class=\"woocommerce-Tabs-panel woocommerce-Tabs-panel--description panel entry-content active\" role=\"tabpanel\" aria-labelledby=\"tab-title-description\">\n<h2>Bo\u00eetes-cadeaux contenant 6 infusions de th\u00e9 pyramidales en emballage unidose<\/h2>\n<p>Bo\u00eete remplie de 6 pyramides de th\u00e9 avec ligne de th\u00e9 Coral.<\/p>\n<ul>\n<li>Relaxation id\u00e9ale.<\/li>\n<li>\u00c9l\u00e9gant, pratique et confortable.<\/li>\n<li>Un luxe pur pour attirer l&rsquo;attention.<\/li>\n<\/ul>\n<p>Notre<strong> ligne de th\u00e9 Coral<\/strong> est con\u00e7ue pour offrir un service plus priv\u00e9 \u00e0 l&rsquo;int\u00e9rieur de la chambre, avec sa bo\u00eete \u00e0 th\u00e9 exclusive dans un format plus petit. Une s\u00e9lection de th\u00e9 personnelle et id\u00e9ale avec 6 dosettes. Votre invit\u00e9 appr\u00e9ciera cette tasse de th\u00e9. Semper Tea offre une vari\u00e9t\u00e9 de saveurs pour une d\u00e9gustation confortable et en m\u00eame temps une pr\u00e9sentation luxueuse qui surprendra votre invit\u00e9. Ce pr\u00e9sentoir avec 6 dosettes peut \u00e9galement \u00eatre utilis\u00e9 pour impressionner et inspirer avec un th\u00e9 de premi\u00e8re classe dans les salles de r\u00e9union. Un vrai r\u00e9gal. Le contenu de la pyramide est une dose unique de th\u00e9 en feuilles, qui dispose de suffisamment d&rsquo;espace dans le sachet pour d\u00e9ployer son essence dans l&rsquo;eau. Cette bo\u00eete \u00e0 th\u00e9 exclusive peut \u00e9galement \u00eatre un point fort dans votre magasin pour la vente priv\u00e9e. Dimensions 164 x 124 x 54 mm.   <\/p>\n<h3>Service \u00e0 th\u00e9 pour elle ou lui &#8211; le d\u00e9tail gourmand<\/h3>\n<p>Le service \u00e0 th\u00e9 pour lui ou pour elle est le cadeau gastronomique id\u00e9al pour les buveurs de th\u00e9 qui souhaitent mener une vie saine. <strong>D\u00e9couvrez Semper Tea.<\/strong><\/p>\n<p>Cette proposition inclut la <strong><a href=\"https:\/\/www.sempertea.eu\/cajitas-de-te-para-te-piramide\/\">bo\u00eete en bois <\/a>pour une s\u00e9lection de 6 th\u00e9s dans une pyramide biod\u00e9gradable<\/strong>. Tous les th\u00e9s sont issus de la gamme de th\u00e9s biologiques Coral Collection de Semper Tea. <\/p>\n<h4><strong>Cadeau original pour les amateurs de th\u00e9<\/strong><\/h4>\n<p><strong>Coffret de th\u00e9 \u00e0 offrir<\/strong> avec 6 th\u00e9s en pyramide de <strong>Semper Tea<\/strong>. Un coffret de luxe simple et \u00e9l\u00e9gant, fabriqu\u00e9 en bois laqu\u00e9 avec des s\u00e9parateurs individuels. Le <strong>coffret en bois<\/strong> contient 6 vari\u00e9t\u00e9s de <strong>th\u00e9s et d\u2019infusions biologiques<\/strong> soigneusement s\u00e9lectionn\u00e9es. Th\u00e9 en feuilles, conditionn\u00e9 dans des <strong>sachets pyramides biod\u00e9gradables<\/strong>, permettant aux feuilles de se d\u00e9ployer et de lib\u00e9rer tout leur ar\u00f4me et saveur. Ces th\u00e9s sont pr\u00e9sent\u00e9s dans des \u00e9tuis individuels visuellement attrayants qui garantissent une apparence de qualit\u00e9 Premium.  <\/p>\n<\/div>\n<\/div>\n<\/div>\n<\/div>\n","protected":false},"excerpt":{"rendered":"<div class=\"product-short-description\">\n<p><strong>Petite bo\u00eete de th\u00e9<\/strong> pour 6 infusions en pyramide biod\u00e9gradable. Une bo\u00eete de th\u00e9 simple et \u00e9l\u00e9gante, fabriqu\u00e9e en bois laqu\u00e9 avec des s\u00e9parateurs individuels.<strong> Le coffret<\/strong> contient 6 vari\u00e9t\u00e9s de<strong> th\u00e9s et d\u2019infusions biologiques<\/strong> soigneusement s\u00e9lectionn\u00e9es. Dimensions : 164 x 124 x 54 mm.  <\/p>\n<\/div>\n","protected":false},"featured_media":12030,"comment_status":"open","ping_status":"closed","template":"","meta":[],"product_brand":[],"product_cat":[313,309,267,299,283,310,311,312],"product_tag":[],"class_list":{"0":"post-12029","1":"product","2":"type-product","3":"status-publish","4":"has-post-thumbnail","6":"product_cat-cadeaux","7":"product_cat-collections","8":"product_cat-the-sachet-pyramide-en-ecologique","9":"product_cat-the-en-pyramide-biodegradable","10":"product_cat-thes-et-infusions-biologiques-de-qualite","11":"product_cat-tous","12":"product_cat-tous-fr","13":"product_cat-tous-fr-2","15":"first","16":"instock","17":"shipping-taxable","18":"purchasable","19":"product-type-simple"},"yoast_head":"<!-- This site is optimized with the Yoast SEO Premium plugin v27.3 (Yoast SEO v27.4) - https:\/\/yoast.com\/product\/yoast-seo-premium-wordpress\/ -->\n<title>Bo\u00eetes de th\u00e9 \u00e0 offrir | Acheter des infusions pyramidales<\/title>\n<meta name=\"description\" content=\"Bo\u00eetes \u00e0 th\u00e9 remplies de 6 th\u00e9s pyramidaux biod\u00e9gradables. La d\u00e9tente id\u00e9ale. \u00c9l\u00e9gante, pratique et confortable. Attire l&#039;attention.\" \/>\n<meta name=\"robots\" content=\"index, follow, max-snippet:-1, max-image-preview:large, max-video-preview:-1\" \/>\n<link rel=\"canonical\" href=\"https:\/\/www.sempertea.eu\/fr\/boite-a-the-avec-6-pyramides-de-the-cadeaux-pour-le-the\/\" \/>\n<meta property=\"og:locale\" content=\"fr_FR\" \/>\n<meta property=\"og:type\" content=\"article\" \/>\n<meta property=\"og:title\" content=\"Bo\u00eete \u00e0 th\u00e9 avec 6 pyramides de th\u00e9 | Cadeaux pour le th\u00e9\" \/>\n<meta property=\"og:description\" content=\"Bo\u00eetes \u00e0 th\u00e9 remplies de 6 th\u00e9s pyramidaux biod\u00e9gradables. La d\u00e9tente id\u00e9ale. \u00c9l\u00e9gante, pratique et confortable. Attire l&#039;attention.\" \/>\n<meta property=\"og:url\" content=\"https:\/\/www.sempertea.eu\/fr\/boite-a-the-avec-6-pyramides-de-the-cadeaux-pour-le-the\/\" \/>\n<meta property=\"og:site_name\" content=\"Semper Tea | Mayorista y fabricante de T\u00e9s e Infusiones para hoteles, restaurantes y bares\" \/>\n<meta property=\"og:image\" content=\"https:\/\/www.sempertea.eu\/wp-content\/uploads\/2021\/08\/caja-de-madera-de-tes-e-infusiones-organicas-regalo-exclusivo-semper-tea.jpg\" \/>\n<meta name=\"twitter:card\" content=\"summary_large_image\" \/>\n<meta name=\"twitter:label1\" content=\"Dur\u00e9e de lecture estim\u00e9e\" \/>\n\t<meta name=\"twitter:data1\" content=\"2 minutes\" \/>\n<script type=\"application\/ld+json\" class=\"yoast-schema-graph\">{\"@context\":\"https:\\\/\\\/schema.org\",\"@graph\":[{\"@type\":\"WebPage\",\"@id\":\"https:\\\/\\\/www.sempertea.eu\\\/fr\\\/boite-a-the-avec-6-pyramides-de-the-cadeaux-pour-le-the\\\/\",\"url\":\"https:\\\/\\\/www.sempertea.eu\\\/fr\\\/boite-a-the-avec-6-pyramides-de-the-cadeaux-pour-le-the\\\/\",\"name\":\"Bo\u00eetes de th\u00e9 \u00e0 offrir | Acheter des infusions pyramidales\",\"isPartOf\":{\"@id\":\"https:\\\/\\\/www.sempertea.eu\\\/#website\"},\"primaryImageOfPage\":{\"@id\":\"https:\\\/\\\/www.sempertea.eu\\\/fr\\\/boite-a-the-avec-6-pyramides-de-the-cadeaux-pour-le-the\\\/#primaryimage\"},\"image\":{\"@id\":\"https:\\\/\\\/www.sempertea.eu\\\/fr\\\/boite-a-the-avec-6-pyramides-de-the-cadeaux-pour-le-the\\\/#primaryimage\"},\"thumbnailUrl\":\"https:\\\/\\\/www.sempertea.eu\\\/wp-content\\\/uploads\\\/2021\\\/08\\\/caja-para-tes-e-infuisiones-regalo-de-te-kit-de-te-organico-semper-tea-.jpg\",\"datePublished\":\"2024-10-11T16:52:00+00:00\",\"description\":\"Bo\u00eetes \u00e0 th\u00e9 remplies de 6 th\u00e9s pyramidaux biod\u00e9gradables. La d\u00e9tente id\u00e9ale. \u00c9l\u00e9gante, pratique et confortable. Attire l'attention.\",\"breadcrumb\":{\"@id\":\"https:\\\/\\\/www.sempertea.eu\\\/fr\\\/boite-a-the-avec-6-pyramides-de-the-cadeaux-pour-le-the\\\/#breadcrumb\"},\"inLanguage\":\"fr-FR\",\"potentialAction\":[{\"@type\":\"ReadAction\",\"target\":[\"https:\\\/\\\/www.sempertea.eu\\\/fr\\\/boite-a-the-avec-6-pyramides-de-the-cadeaux-pour-le-the\\\/\"]}]},{\"@type\":\"ImageObject\",\"inLanguage\":\"fr-FR\",\"@id\":\"https:\\\/\\\/www.sempertea.eu\\\/fr\\\/boite-a-the-avec-6-pyramides-de-the-cadeaux-pour-le-the\\\/#primaryimage\",\"url\":\"https:\\\/\\\/www.sempertea.eu\\\/wp-content\\\/uploads\\\/2021\\\/08\\\/caja-para-tes-e-infuisiones-regalo-de-te-kit-de-te-organico-semper-tea-.jpg\",\"contentUrl\":\"https:\\\/\\\/www.sempertea.eu\\\/wp-content\\\/uploads\\\/2021\\\/08\\\/caja-para-tes-e-infuisiones-regalo-de-te-kit-de-te-organico-semper-tea-.jpg\",\"width\":1500,\"height\":1500,\"caption\":\"caja para tes e infuisiones regalo de te kit de te organico semper tea\"},{\"@type\":\"BreadcrumbList\",\"@id\":\"https:\\\/\\\/www.sempertea.eu\\\/fr\\\/boite-a-the-avec-6-pyramides-de-the-cadeaux-pour-le-the\\\/#breadcrumb\",\"itemListElement\":[{\"@type\":\"ListItem\",\"position\":1,\"name\":\"Portada\",\"item\":\"https:\\\/\\\/www.sempertea.eu\\\/\"},{\"@type\":\"ListItem\",\"position\":2,\"name\":\"Tienda\",\"item\":\"https:\\\/\\\/www.sempertea.eu\\\/tienda\\\/\"},{\"@type\":\"ListItem\",\"position\":3,\"name\":\"Bo\u00eete \u00e0 th\u00e9 avec 6 pyramides de th\u00e9 | Cadeaux pour le th\u00e9\"}]},{\"@type\":\"WebSite\",\"@id\":\"https:\\\/\\\/www.sempertea.eu\\\/#website\",\"url\":\"https:\\\/\\\/www.sempertea.eu\\\/\",\"name\":\"Semper Tea | Mayorista y fabricante de T\u00e9s e Infusiones para hoteles, restaurantes y bares\",\"description\":\"T\u00e9s e infusiones para hosteler\u00eda, hoteler\u00eda y comercio\",\"potentialAction\":[{\"@type\":\"SearchAction\",\"target\":{\"@type\":\"EntryPoint\",\"urlTemplate\":\"https:\\\/\\\/www.sempertea.eu\\\/?s={search_term_string}\"},\"query-input\":{\"@type\":\"PropertyValueSpecification\",\"valueRequired\":true,\"valueName\":\"search_term_string\"}}],\"inLanguage\":\"fr-FR\"}]}<\/script>\n<!-- \/ Yoast SEO Premium plugin. -->","yoast_head_json":{"title":"Bo\u00eetes de th\u00e9 \u00e0 offrir | Acheter des infusions pyramidales","description":"Bo\u00eetes \u00e0 th\u00e9 remplies de 6 th\u00e9s pyramidaux biod\u00e9gradables. La d\u00e9tente id\u00e9ale. \u00c9l\u00e9gante, pratique et confortable. Attire l'attention.","robots":{"index":"index","follow":"follow","max-snippet":"max-snippet:-1","max-image-preview":"max-image-preview:large","max-video-preview":"max-video-preview:-1"},"canonical":"https:\/\/www.sempertea.eu\/fr\/boite-a-the-avec-6-pyramides-de-the-cadeaux-pour-le-the\/","og_locale":"fr_FR","og_type":"article","og_title":"Bo\u00eete \u00e0 th\u00e9 avec 6 pyramides de th\u00e9 | Cadeaux pour le th\u00e9","og_description":"Bo\u00eetes \u00e0 th\u00e9 remplies de 6 th\u00e9s pyramidaux biod\u00e9gradables. La d\u00e9tente id\u00e9ale. \u00c9l\u00e9gante, pratique et confortable. Attire l'attention.","og_url":"https:\/\/www.sempertea.eu\/fr\/boite-a-the-avec-6-pyramides-de-the-cadeaux-pour-le-the\/","og_site_name":"Semper Tea | Mayorista y fabricante de T\u00e9s e Infusiones para hoteles, restaurantes y bares","og_image":[{"url":"https:\/\/www.sempertea.eu\/wp-content\/uploads\/2021\/08\/caja-de-madera-de-tes-e-infusiones-organicas-regalo-exclusivo-semper-tea.jpg","type":"","width":"","height":""}],"twitter_card":"summary_large_image","twitter_misc":{"Dur\u00e9e de lecture estim\u00e9e":"2 minutes"},"schema":{"@context":"https:\/\/schema.org","@graph":[{"@type":"WebPage","@id":"https:\/\/www.sempertea.eu\/fr\/boite-a-the-avec-6-pyramides-de-the-cadeaux-pour-le-the\/","url":"https:\/\/www.sempertea.eu\/fr\/boite-a-the-avec-6-pyramides-de-the-cadeaux-pour-le-the\/","name":"Bo\u00eetes de th\u00e9 \u00e0 offrir | Acheter des infusions pyramidales","isPartOf":{"@id":"https:\/\/www.sempertea.eu\/#website"},"primaryImageOfPage":{"@id":"https:\/\/www.sempertea.eu\/fr\/boite-a-the-avec-6-pyramides-de-the-cadeaux-pour-le-the\/#primaryimage"},"image":{"@id":"https:\/\/www.sempertea.eu\/fr\/boite-a-the-avec-6-pyramides-de-the-cadeaux-pour-le-the\/#primaryimage"},"thumbnailUrl":"https:\/\/www.sempertea.eu\/wp-content\/uploads\/2021\/08\/caja-para-tes-e-infuisiones-regalo-de-te-kit-de-te-organico-semper-tea-.jpg","datePublished":"2024-10-11T16:52:00+00:00","description":"Bo\u00eetes \u00e0 th\u00e9 remplies de 6 th\u00e9s pyramidaux biod\u00e9gradables. La d\u00e9tente id\u00e9ale. \u00c9l\u00e9gante, pratique et confortable. Attire l'attention.","breadcrumb":{"@id":"https:\/\/www.sempertea.eu\/fr\/boite-a-the-avec-6-pyramides-de-the-cadeaux-pour-le-the\/#breadcrumb"},"inLanguage":"fr-FR","potentialAction":[{"@type":"ReadAction","target":["https:\/\/www.sempertea.eu\/fr\/boite-a-the-avec-6-pyramides-de-the-cadeaux-pour-le-the\/"]}]},{"@type":"ImageObject","inLanguage":"fr-FR","@id":"https:\/\/www.sempertea.eu\/fr\/boite-a-the-avec-6-pyramides-de-the-cadeaux-pour-le-the\/#primaryimage","url":"https:\/\/www.sempertea.eu\/wp-content\/uploads\/2021\/08\/caja-para-tes-e-infuisiones-regalo-de-te-kit-de-te-organico-semper-tea-.jpg","contentUrl":"https:\/\/www.sempertea.eu\/wp-content\/uploads\/2021\/08\/caja-para-tes-e-infuisiones-regalo-de-te-kit-de-te-organico-semper-tea-.jpg","width":1500,"height":1500,"caption":"caja para tes e infuisiones regalo de te kit de te organico semper tea"},{"@type":"BreadcrumbList","@id":"https:\/\/www.sempertea.eu\/fr\/boite-a-the-avec-6-pyramides-de-the-cadeaux-pour-le-the\/#breadcrumb","itemListElement":[{"@type":"ListItem","position":1,"name":"Portada","item":"https:\/\/www.sempertea.eu\/"},{"@type":"ListItem","position":2,"name":"Tienda","item":"https:\/\/www.sempertea.eu\/tienda\/"},{"@type":"ListItem","position":3,"name":"Bo\u00eete \u00e0 th\u00e9 avec 6 pyramides de th\u00e9 | Cadeaux pour le th\u00e9"}]},{"@type":"WebSite","@id":"https:\/\/www.sempertea.eu\/#website","url":"https:\/\/www.sempertea.eu\/","name":"Semper Tea | Mayorista y fabricante de T\u00e9s e Infusiones para hoteles, restaurantes y bares","description":"T\u00e9s e infusiones para hosteler\u00eda, hoteler\u00eda y comercio","potentialAction":[{"@type":"SearchAction","target":{"@type":"EntryPoint","urlTemplate":"https:\/\/www.sempertea.eu\/?s={search_term_string}"},"query-input":{"@type":"PropertyValueSpecification","valueRequired":true,"valueName":"search_term_string"}}],"inLanguage":"fr-FR"}]}},"_links":{"self":[{"href":"https:\/\/www.sempertea.eu\/fr\/wp-json\/wp\/v2\/product\/12029","targetHints":{"allow":["GET"]}}],"collection":[{"href":"https:\/\/www.sempertea.eu\/fr\/wp-json\/wp\/v2\/product"}],"about":[{"href":"https:\/\/www.sempertea.eu\/fr\/wp-json\/wp\/v2\/types\/product"}],"replies":[{"embeddable":true,"href":"https:\/\/www.sempertea.eu\/fr\/wp-json\/wp\/v2\/comments?post=12029"}],"wp:featuredmedia":[{"embeddable":true,"href":"https:\/\/www.sempertea.eu\/fr\/wp-json\/wp\/v2\/media\/12030"}],"wp:attachment":[{"href":"https:\/\/www.sempertea.eu\/fr\/wp-json\/wp\/v2\/media?parent=12029"}],"wp:term":[{"taxonomy":"product_brand","embeddable":true,"href":"https:\/\/www.sempertea.eu\/fr\/wp-json\/wp\/v2\/product_brand?post=12029"},{"taxonomy":"product_cat","embeddable":true,"href":"https:\/\/www.sempertea.eu\/fr\/wp-json\/wp\/v2\/product_cat?post=12029"},{"taxonomy":"product_tag","embeddable":true,"href":"https:\/\/www.sempertea.eu\/fr\/wp-json\/wp\/v2\/product_tag?post=12029"}],"curies":[{"name":"wp","href":"https:\/\/api.w.org\/{rel}","templated":true}]}}