{"id":12027,"date":"2021-08-07T12:22:32","date_gmt":"2021-08-07T11:22:32","guid":{"rendered":"https:\/\/www.sempertea.eu\/coffret-a-the-avec-56-pyramides-cadeaux-pour-le-the\/"},"modified":"2024-10-14T10:45:25","modified_gmt":"2024-10-14T09:45:25","slug":"coffret-a-the-avec-56-pyramides-cadeaux-pour-le-the","status":"publish","type":"product","link":"https:\/\/www.sempertea.eu\/fr\/coffret-a-the-avec-56-pyramides-cadeaux-pour-le-the\/","title":{"rendered":"Coffret \u00e0 th\u00e9 avec 56 pyramides | Cadeaux pour le th\u00e9"},"content":{"rendered":"<div class=\"tab-panels\">\n<div id=\"tab-description\" class=\"woocommerce-Tabs-panel woocommerce-Tabs-panel--description panel entry-content active\" role=\"tabpanel\" aria-labelledby=\"tab-title-description\">\n<div class=\"tab-panels\">\n<div id=\"tab-description\" class=\"woocommerce-Tabs-panel woocommerce-Tabs-panel--description panel entry-content active\" role=\"tabpanel\" aria-labelledby=\"tab-title-description\">\n<h2>Bo\u00eete d&rsquo;infusion XXL 56 pyramides de th\u00e9 ECO Semper Tea<\/h2>\n<p>Bo\u00eete remplie de 56 pyramides de th\u00e9 de la ligne Coral.<\/p>\n<ul>\n<li>Th\u00e9 organis\u00e9 de mani\u00e8re attrayante<\/li>\n<li>Manipulation facile en service<\/li>\n<li>Sachet pyramide en bo\u00eete individuelle<\/li>\n<\/ul>\n<p>Semper Tea sait comment attirer l&rsquo;attention. Il garantit une pr\u00e9sentation attrayante de 12 saveurs de th\u00e9. La <strong>bo\u00eete de pr\u00e9sentation Coral<\/strong> avec 56 th\u00e9s pyramidaux, au design et \u00e0 la composition attrayants, invite chacun \u00e0 choisir son th\u00e9 pr\u00e9f\u00e9r\u00e9. Feuilles de th\u00e9 en pyramides monodoses, sachets de th\u00e9 en bo\u00eetes individuelles. La s\u00e9lection des saveurs est pr\u00e9sent\u00e9e dans la description \u00e0 l&rsquo;int\u00e9rieur de la bo\u00eete. Cela simplifie la s\u00e9lection et facilite le r\u00e9approvisionnement. Cette <strong>bo\u00eete \u00e0 infusion<\/strong> exclusive de la collection Coral est le point fort de la collection Coral, pr\u00e9sentant un large \u00e9ventail de s\u00e9lections de th\u00e9s. Dimensions 377 x 338 x 54 mm.<\/p>\n<h3>Bo\u00eete \u00e0 th\u00e9 en bois dans le secteur HoReCa<strong><br \/>\n<\/strong><\/h3>\n<p>Ce coffret \u00e0 th\u00e9 est un v\u00e9ritable r\u00e9gal pour les buffets de petit-d\u00e9jeuner, les h\u00f4tels, les traiteurs ou les \u00e9v\u00e9nements. Une bo\u00eete de luxe simple et \u00e9l\u00e9gante en bois laqu\u00e9 avec des s\u00e9parateurs individuels. La <strong>bo\u00eete \u00e0 th\u00e9 en bois<\/strong> contient 56 th\u00e9s pyramidaux <strong>Semper Tea<\/strong>. 12 vari\u00e9t\u00e9s de<strong> th\u00e9s et d&rsquo;infusions biologiques <\/strong>soigneusement s\u00e9lectionn\u00e9es. Feuilles de th\u00e9 emball\u00e9es dans un <strong>sachet pyramidal biod\u00e9gradable<\/strong>, qui permet aux feuilles de th\u00e9 de se dilater et de lib\u00e9rer tout leur ar\u00f4me et leur saveur. Les feuilles de th\u00e9 sont pr\u00e9sent\u00e9es dans des emballages individuels attrayants qui garantissent un aspect de qualit\u00e9 sup\u00e9rieure.<\/p>\n<\/div>\n<\/div>\n<\/div>\n<\/div>\n","protected":false},"excerpt":{"rendered":"<div class=\"product-short-description\">\n<p><strong>Bo\u00eete \u00e0 th\u00e9<\/strong> pour 56 infusions dans une pyramide biod\u00e9gradable. Simple et \u00e9l\u00e9gante, elle est fabriqu\u00e9e en bois laqu\u00e9 et comporte des s\u00e9parateurs individuels. <strong>Le coffret <\/strong>contient 12 vari\u00e9t\u00e9s de <strong>th\u00e9s et d&rsquo;infusions biologiques<\/strong> soigneusement s\u00e9lectionn\u00e9es. Dimensions : 377 x 338 x 54 mm.<\/p>\n<\/div>\n","protected":false},"featured_media":12028,"comment_status":"open","ping_status":"closed","template":"","meta":[],"product_brand":[],"product_cat":[365,313,371,309,267,367,364,366,370,299,283,312,310,311],"product_tag":[],"class_list":{"0":"post-12027","1":"product","2":"type-product","3":"status-publish","4":"has-post-thumbnail","6":"product_cat-amoureux-du-the-tea-lover","7":"product_cat-cadeaux","8":"product_cat-cadeaux-de-la-saint-valentin","9":"product_cat-collections","10":"product_cat-the-sachet-pyramide-en-ecologique","11":"product_cat-details-de-lanniversaire","12":"product_cat-idees-pour-la-fete-des-peres","13":"product_cat-offrir-a-noel","14":"product_cat-packs-fete-des-meres","15":"product_cat-the-en-pyramide-biodegradable","16":"product_cat-thes-et-infusions-biologiques-de-qualite","17":"product_cat-tous-fr-2","18":"product_cat-tous","19":"product_cat-tous-fr","21":"first","22":"outofstock","23":"shipping-taxable","24":"purchasable","25":"product-type-simple"},"yoast_head":"<!-- This site is optimized with the Yoast SEO Premium plugin v27.3 (Yoast SEO v27.4) - https:\/\/yoast.com\/product\/yoast-seo-premium-wordpress\/ -->\n<title>Bo\u00eete \u00e0 infusion XXL 56 pyramides de th\u00e9 ECO | El\u00e9gante et luxueuse<\/title>\n<meta name=\"description\" content=\"Th\u00e9 organis\u00e9 de mani\u00e8re attrayante. Bo\u00eete \u00e0 infusion pour 56 th\u00e9s pyramidaux. El\u00e9gante, pratique et confortable. Le luxe \u00e0 l&#039;\u00e9tat pur pour attirer l&#039;attention.\" \/>\n<meta name=\"robots\" content=\"index, follow, max-snippet:-1, max-image-preview:large, max-video-preview:-1\" \/>\n<link rel=\"canonical\" href=\"https:\/\/www.sempertea.eu\/fr\/coffret-a-the-avec-56-pyramides-cadeaux-pour-le-the\/\" \/>\n<meta property=\"og:locale\" content=\"fr_FR\" \/>\n<meta property=\"og:type\" content=\"article\" \/>\n<meta property=\"og:title\" content=\"Coffret \u00e0 th\u00e9 avec 56 pyramides | Cadeaux pour le th\u00e9\" \/>\n<meta property=\"og:description\" content=\"Th\u00e9 organis\u00e9 de mani\u00e8re attrayante. Bo\u00eete \u00e0 infusion pour 56 th\u00e9s pyramidaux. El\u00e9gante, pratique et confortable. Le luxe \u00e0 l&#039;\u00e9tat pur pour attirer l&#039;attention.\" \/>\n<meta property=\"og:url\" content=\"https:\/\/www.sempertea.eu\/fr\/coffret-a-the-avec-56-pyramides-cadeaux-pour-le-the\/\" \/>\n<meta property=\"og:site_name\" content=\"Semper Tea | Mayorista y fabricante de T\u00e9s e Infusiones para hoteles, restaurantes y bares\" \/>\n<meta property=\"article:modified_time\" content=\"2024-10-14T09:45:25+00:00\" \/>\n<meta property=\"og:image\" content=\"https:\/\/www.sempertea.eu\/wp-content\/uploads\/2021\/08\/caja-de-madera-de-tes-e-infusiones-organicas-regalo-exclusivo-semper-tea.jpg\" \/>\n<meta name=\"twitter:card\" content=\"summary_large_image\" \/>\n<meta name=\"twitter:label1\" content=\"Dur\u00e9e de lecture estim\u00e9e\" \/>\n\t<meta name=\"twitter:data1\" content=\"2 minutes\" \/>\n<script type=\"application\/ld+json\" class=\"yoast-schema-graph\">{\"@context\":\"https:\\\/\\\/schema.org\",\"@graph\":[{\"@type\":\"WebPage\",\"@id\":\"https:\\\/\\\/www.sempertea.eu\\\/fr\\\/coffret-a-the-avec-56-pyramides-cadeaux-pour-le-the\\\/\",\"url\":\"https:\\\/\\\/www.sempertea.eu\\\/fr\\\/coffret-a-the-avec-56-pyramides-cadeaux-pour-le-the\\\/\",\"name\":\"Bo\u00eete \u00e0 infusion XXL 56 pyramides de th\u00e9 ECO | El\u00e9gante et luxueuse\",\"isPartOf\":{\"@id\":\"https:\\\/\\\/www.sempertea.eu\\\/#website\"},\"primaryImageOfPage\":{\"@id\":\"https:\\\/\\\/www.sempertea.eu\\\/fr\\\/coffret-a-the-avec-56-pyramides-cadeaux-pour-le-the\\\/#primaryimage\"},\"image\":{\"@id\":\"https:\\\/\\\/www.sempertea.eu\\\/fr\\\/coffret-a-the-avec-56-pyramides-cadeaux-pour-le-the\\\/#primaryimage\"},\"thumbnailUrl\":\"https:\\\/\\\/www.sempertea.eu\\\/wp-content\\\/uploads\\\/2021\\\/08\\\/caja-para-guardar-infusiones-en-piramide-xxl-semper-tea.jpg\",\"datePublished\":\"2021-08-07T11:22:32+00:00\",\"dateModified\":\"2024-10-14T09:45:25+00:00\",\"description\":\"Th\u00e9 organis\u00e9 de mani\u00e8re attrayante. Bo\u00eete \u00e0 infusion pour 56 th\u00e9s pyramidaux. El\u00e9gante, pratique et confortable. Le luxe \u00e0 l'\u00e9tat pur pour attirer l'attention.\",\"breadcrumb\":{\"@id\":\"https:\\\/\\\/www.sempertea.eu\\\/fr\\\/coffret-a-the-avec-56-pyramides-cadeaux-pour-le-the\\\/#breadcrumb\"},\"inLanguage\":\"fr-FR\",\"potentialAction\":[{\"@type\":\"ReadAction\",\"target\":[\"https:\\\/\\\/www.sempertea.eu\\\/fr\\\/coffret-a-the-avec-56-pyramides-cadeaux-pour-le-the\\\/\"]}]},{\"@type\":\"ImageObject\",\"inLanguage\":\"fr-FR\",\"@id\":\"https:\\\/\\\/www.sempertea.eu\\\/fr\\\/coffret-a-the-avec-56-pyramides-cadeaux-pour-le-the\\\/#primaryimage\",\"url\":\"https:\\\/\\\/www.sempertea.eu\\\/wp-content\\\/uploads\\\/2021\\\/08\\\/caja-para-guardar-infusiones-en-piramide-xxl-semper-tea.jpg\",\"contentUrl\":\"https:\\\/\\\/www.sempertea.eu\\\/wp-content\\\/uploads\\\/2021\\\/08\\\/caja-para-guardar-infusiones-en-piramide-xxl-semper-tea.jpg\",\"width\":900,\"height\":900,\"caption\":\"caja para guardar infusiones en pir\u00e1mide XXL Semper tea\"},{\"@type\":\"BreadcrumbList\",\"@id\":\"https:\\\/\\\/www.sempertea.eu\\\/fr\\\/coffret-a-the-avec-56-pyramides-cadeaux-pour-le-the\\\/#breadcrumb\",\"itemListElement\":[{\"@type\":\"ListItem\",\"position\":1,\"name\":\"Portada\",\"item\":\"https:\\\/\\\/www.sempertea.eu\\\/\"},{\"@type\":\"ListItem\",\"position\":2,\"name\":\"Tienda\",\"item\":\"https:\\\/\\\/www.sempertea.eu\\\/tienda\\\/\"},{\"@type\":\"ListItem\",\"position\":3,\"name\":\"Coffret \u00e0 th\u00e9 avec 56 pyramides | Cadeaux pour le th\u00e9\"}]},{\"@type\":\"WebSite\",\"@id\":\"https:\\\/\\\/www.sempertea.eu\\\/#website\",\"url\":\"https:\\\/\\\/www.sempertea.eu\\\/\",\"name\":\"Semper Tea | Mayorista y fabricante de T\u00e9s e Infusiones para hoteles, restaurantes y bares\",\"description\":\"T\u00e9s e infusiones para hosteler\u00eda, hoteler\u00eda y comercio\",\"potentialAction\":[{\"@type\":\"SearchAction\",\"target\":{\"@type\":\"EntryPoint\",\"urlTemplate\":\"https:\\\/\\\/www.sempertea.eu\\\/?s={search_term_string}\"},\"query-input\":{\"@type\":\"PropertyValueSpecification\",\"valueRequired\":true,\"valueName\":\"search_term_string\"}}],\"inLanguage\":\"fr-FR\"}]}<\/script>\n<!-- \/ Yoast SEO Premium plugin. -->","yoast_head_json":{"title":"Bo\u00eete \u00e0 infusion XXL 56 pyramides de th\u00e9 ECO | El\u00e9gante et luxueuse","description":"Th\u00e9 organis\u00e9 de mani\u00e8re attrayante. Bo\u00eete \u00e0 infusion pour 56 th\u00e9s pyramidaux. El\u00e9gante, pratique et confortable. Le luxe \u00e0 l'\u00e9tat pur pour attirer l'attention.","robots":{"index":"index","follow":"follow","max-snippet":"max-snippet:-1","max-image-preview":"max-image-preview:large","max-video-preview":"max-video-preview:-1"},"canonical":"https:\/\/www.sempertea.eu\/fr\/coffret-a-the-avec-56-pyramides-cadeaux-pour-le-the\/","og_locale":"fr_FR","og_type":"article","og_title":"Coffret \u00e0 th\u00e9 avec 56 pyramides | Cadeaux pour le th\u00e9","og_description":"Th\u00e9 organis\u00e9 de mani\u00e8re attrayante. Bo\u00eete \u00e0 infusion pour 56 th\u00e9s pyramidaux. El\u00e9gante, pratique et confortable. Le luxe \u00e0 l'\u00e9tat pur pour attirer l'attention.","og_url":"https:\/\/www.sempertea.eu\/fr\/coffret-a-the-avec-56-pyramides-cadeaux-pour-le-the\/","og_site_name":"Semper Tea | Mayorista y fabricante de T\u00e9s e Infusiones para hoteles, restaurantes y bares","article_modified_time":"2024-10-14T09:45:25+00:00","og_image":[{"url":"https:\/\/www.sempertea.eu\/wp-content\/uploads\/2021\/08\/caja-de-madera-de-tes-e-infusiones-organicas-regalo-exclusivo-semper-tea.jpg","type":"","width":"","height":""}],"twitter_card":"summary_large_image","twitter_misc":{"Dur\u00e9e de lecture estim\u00e9e":"2 minutes"},"schema":{"@context":"https:\/\/schema.org","@graph":[{"@type":"WebPage","@id":"https:\/\/www.sempertea.eu\/fr\/coffret-a-the-avec-56-pyramides-cadeaux-pour-le-the\/","url":"https:\/\/www.sempertea.eu\/fr\/coffret-a-the-avec-56-pyramides-cadeaux-pour-le-the\/","name":"Bo\u00eete \u00e0 infusion XXL 56 pyramides de th\u00e9 ECO | El\u00e9gante et luxueuse","isPartOf":{"@id":"https:\/\/www.sempertea.eu\/#website"},"primaryImageOfPage":{"@id":"https:\/\/www.sempertea.eu\/fr\/coffret-a-the-avec-56-pyramides-cadeaux-pour-le-the\/#primaryimage"},"image":{"@id":"https:\/\/www.sempertea.eu\/fr\/coffret-a-the-avec-56-pyramides-cadeaux-pour-le-the\/#primaryimage"},"thumbnailUrl":"https:\/\/www.sempertea.eu\/wp-content\/uploads\/2021\/08\/caja-para-guardar-infusiones-en-piramide-xxl-semper-tea.jpg","datePublished":"2021-08-07T11:22:32+00:00","dateModified":"2024-10-14T09:45:25+00:00","description":"Th\u00e9 organis\u00e9 de mani\u00e8re attrayante. Bo\u00eete \u00e0 infusion pour 56 th\u00e9s pyramidaux. El\u00e9gante, pratique et confortable. Le luxe \u00e0 l'\u00e9tat pur pour attirer l'attention.","breadcrumb":{"@id":"https:\/\/www.sempertea.eu\/fr\/coffret-a-the-avec-56-pyramides-cadeaux-pour-le-the\/#breadcrumb"},"inLanguage":"fr-FR","potentialAction":[{"@type":"ReadAction","target":["https:\/\/www.sempertea.eu\/fr\/coffret-a-the-avec-56-pyramides-cadeaux-pour-le-the\/"]}]},{"@type":"ImageObject","inLanguage":"fr-FR","@id":"https:\/\/www.sempertea.eu\/fr\/coffret-a-the-avec-56-pyramides-cadeaux-pour-le-the\/#primaryimage","url":"https:\/\/www.sempertea.eu\/wp-content\/uploads\/2021\/08\/caja-para-guardar-infusiones-en-piramide-xxl-semper-tea.jpg","contentUrl":"https:\/\/www.sempertea.eu\/wp-content\/uploads\/2021\/08\/caja-para-guardar-infusiones-en-piramide-xxl-semper-tea.jpg","width":900,"height":900,"caption":"caja para guardar infusiones en pir\u00e1mide XXL Semper tea"},{"@type":"BreadcrumbList","@id":"https:\/\/www.sempertea.eu\/fr\/coffret-a-the-avec-56-pyramides-cadeaux-pour-le-the\/#breadcrumb","itemListElement":[{"@type":"ListItem","position":1,"name":"Portada","item":"https:\/\/www.sempertea.eu\/"},{"@type":"ListItem","position":2,"name":"Tienda","item":"https:\/\/www.sempertea.eu\/tienda\/"},{"@type":"ListItem","position":3,"name":"Coffret \u00e0 th\u00e9 avec 56 pyramides | Cadeaux pour le th\u00e9"}]},{"@type":"WebSite","@id":"https:\/\/www.sempertea.eu\/#website","url":"https:\/\/www.sempertea.eu\/","name":"Semper Tea | Mayorista y fabricante de T\u00e9s e Infusiones para hoteles, restaurantes y bares","description":"T\u00e9s e infusiones para hosteler\u00eda, hoteler\u00eda y comercio","potentialAction":[{"@type":"SearchAction","target":{"@type":"EntryPoint","urlTemplate":"https:\/\/www.sempertea.eu\/?s={search_term_string}"},"query-input":{"@type":"PropertyValueSpecification","valueRequired":true,"valueName":"search_term_string"}}],"inLanguage":"fr-FR"}]}},"_links":{"self":[{"href":"https:\/\/www.sempertea.eu\/fr\/wp-json\/wp\/v2\/product\/12027","targetHints":{"allow":["GET"]}}],"collection":[{"href":"https:\/\/www.sempertea.eu\/fr\/wp-json\/wp\/v2\/product"}],"about":[{"href":"https:\/\/www.sempertea.eu\/fr\/wp-json\/wp\/v2\/types\/product"}],"replies":[{"embeddable":true,"href":"https:\/\/www.sempertea.eu\/fr\/wp-json\/wp\/v2\/comments?post=12027"}],"wp:featuredmedia":[{"embeddable":true,"href":"https:\/\/www.sempertea.eu\/fr\/wp-json\/wp\/v2\/media\/12028"}],"wp:attachment":[{"href":"https:\/\/www.sempertea.eu\/fr\/wp-json\/wp\/v2\/media?parent=12027"}],"wp:term":[{"taxonomy":"product_brand","embeddable":true,"href":"https:\/\/www.sempertea.eu\/fr\/wp-json\/wp\/v2\/product_brand?post=12027"},{"taxonomy":"product_cat","embeddable":true,"href":"https:\/\/www.sempertea.eu\/fr\/wp-json\/wp\/v2\/product_cat?post=12027"},{"taxonomy":"product_tag","embeddable":true,"href":"https:\/\/www.sempertea.eu\/fr\/wp-json\/wp\/v2\/product_tag?post=12027"}],"curies":[{"name":"wp","href":"https:\/\/api.w.org\/{rel}","templated":true}]}}