{"id":21232,"date":"2026-03-02T10:56:36","date_gmt":"2026-03-02T09:56:36","guid":{"rendered":"https:\/\/www.sempertea.eu\/vous-etes-un-professionnel-de-lhotellerie-restauration-demandez-vos-echantillons-gratuits-de-thes-et-tisanes-bio-premium\/"},"modified":"2026-03-02T11:00:47","modified_gmt":"2026-03-02T10:00:47","slug":"echantillons-the-bio-professionnels","status":"publish","type":"page","link":"https:\/\/www.sempertea.eu\/fr\/echantillons-the-bio-professionnels\/","title":{"rendered":"Vous \u00eates un professionnel de l\u2019h\u00f4tellerie-restauration ? Demandez vos \u00e9chantillons gratuits de th\u00e9s et tisanes bio premium."},"content":{"rendered":"\n\t<div id=\"col-1758356018\" class=\"col small-12 large-12\"  >\n\t\t\t\t<div class=\"col-inner\"  >\n\t\t\t\n\t\t\t\n<div class=\"row row-collapse align-equal\"  id=\"row-2023061712\">\n\n\t<div id=\"col-1299361295\" class=\"col medium-12 small-12 large-6\"  >\n\t\t\t\t<div class=\"col-inner\"  >\n\t\t\t\n\t\t\t\n\n  <div class=\"banner has-hover\" id=\"banner-1491613770\">\n          <div class=\"banner-inner fill\">\n        <div class=\"banner-bg fill\" >\n            <img loading=\"lazy\" decoding=\"async\" width=\"768\" height=\"1024\" src=\"https:\/\/www.sempertea.eu\/wp-content\/uploads\/2025\/02\/muestras-de-tes-e-infusiones-premium-para-hosteleria-semper-tea.jpg\" class=\"bg attachment-large size-large\" alt=\"muestras gratis t\u00e9 e infusiones\" \/>                                    \n                    <\/div>\n\t\t\n        <div class=\"banner-layers container\">\n            <div class=\"fill banner-link\"><\/div>            \n        <\/div>\n      <\/div>\n\n            \n<style>\n#banner-1491613770 {\n  padding-top: 99.99%;\n  background-color: rgb(255, 255, 255);\n}\n#banner-1491613770 .banner-bg img {\n  object-position: 30% 89%;\n}\n@media (min-width:550px) {\n  #banner-1491613770 {\n    padding-top: 695px;\n  }\n}\n<\/style>\n  <\/div>\n\n\n\t<div id=\"gap-1987698977\" class=\"gap-element clearfix\" style=\"display:block; height:auto;\">\n\t\t\n<style>\n#gap-1987698977 {\n  padding-top: 30px;\n}\n<\/style>\n\t<\/div>\n\t\n<p style=\"text-align: center;\">\ud83d\udc9a Laissez-nous vos coordonn\u00e9es<br \/>\ndans le formulaire et nous vous enverrons ce cadeau sp\u00e9cial. \ud83c\udf3f\u2615<\/p>\n\t\t<\/div>\n\t\t\t\t\t<\/div>\n\n\t\n\n\t<div id=\"col-1055857343\" class=\"col medium-12 small-12 large-6\"  >\n\t\t\t\t<div class=\"col-inner\"  >\n\t\t\t\n\t\t\t\n\t<div id=\"gap-695204650\" class=\"gap-element clearfix\" style=\"display:block; height:auto;\">\n\t\t\n<style>\n#gap-695204650 {\n  padding-top: 5px;\n}\n<\/style>\n\t<\/div>\n\t\n<p>Testez l\u2019exp\u00e9rience Semper Tea dans votre \u00e9tablissement<\/p>\n<p>Vous avez un caf\u00e9, une p\u00e2tisserie ou un \u00e9tablissement de restauration ? Nous vous envoyons gratuitement une bo\u00eete d\u2019\u00e9chantillons de nos th\u00e9s bio \/ matcha pour que vous puissiez les tester et d\u00e9couvrir comment ils peuvent enrichir votre offre de boissons.<\/p>\n<p>\ud83d\udce6 Comment recevoir votre bo\u00eete d\u2019\u00e9chantillons ? Nous avons simplement besoin de :<\/p>\n\t<div id=\"gap-761501752\" class=\"gap-element clearfix\" style=\"display:block; height:auto;\">\n\t\t\n<style>\n#gap-761501752 {\n  padding-top: 15px;\n}\n<\/style>\n\t<\/div>\n\t\n\n<div class=\"wpcf7 no-js\" id=\"wpcf7-f15880-o1\" lang=\"es-ES\" dir=\"ltr\" data-wpcf7-id=\"15880\">\n<div class=\"screen-reader-response\"><p role=\"status\" aria-live=\"polite\" aria-atomic=\"true\"><\/p> <ul><\/ul><\/div>\n<form action=\"\/fr\/wp-json\/wp\/v2\/pages\/21232#wpcf7-f15880-o1\" method=\"post\" class=\"wpcf7-form init\" aria-label=\"Formulario de contacto\" novalidate=\"novalidate\" data-status=\"init\">\n<fieldset class=\"hidden-fields-container\"><input type=\"hidden\" name=\"_wpcf7\" value=\"15880\" \/><input type=\"hidden\" name=\"_wpcf7_version\" value=\"6.1.5\" \/><input type=\"hidden\" name=\"_wpcf7_locale\" value=\"es_ES\" \/><input type=\"hidden\" name=\"_wpcf7_unit_tag\" value=\"wpcf7-f15880-o1\" \/><input type=\"hidden\" name=\"_wpcf7_container_post\" value=\"0\" \/><input type=\"hidden\" name=\"_wpcf7_posted_data_hash\" value=\"\" \/><input type=\"hidden\" name=\"_wpcf7_recaptcha_response\" value=\"\" \/>\n<\/fieldset>\n<div class=\"form-flat\">\n\t<p><span class=\"wpcf7-form-control-wrap\" data-name=\"enterprise-name\"><input size=\"40\" maxlength=\"400\" class=\"wpcf7-form-control wpcf7-text wpcf7-validates-as-required\" aria-required=\"true\" aria-invalid=\"false\" placeholder=\"Nombre de la empresa (campo obligatorio)\" value=\"\" type=\"text\" name=\"enterprise-name\" \/><\/span><br \/>\n<span class=\"wpcf7-form-control-wrap\" data-name=\"cif-number\"><input size=\"40\" maxlength=\"400\" class=\"wpcf7-form-control wpcf7-text wpcf7-validates-as-required\" aria-required=\"true\" aria-invalid=\"false\" placeholder=\"CIF\/NIF de la Empresa (campo obligatorio)\" value=\"\" type=\"text\" name=\"cif-number\" \/><\/span><br \/>\n<span class=\"wpcf7-form-control-wrap\" data-name=\"mail-info\"><input size=\"40\" maxlength=\"400\" class=\"wpcf7-form-control wpcf7-text wpcf7-validates-as-required\" aria-required=\"true\" aria-invalid=\"false\" placeholder=\"Direcci\u00f3n de Entrega (campo obligatorio)\" value=\"\" type=\"text\" name=\"mail-info\" \/><\/span><br \/>\n<span class=\"wpcf7-form-control-wrap\" data-name=\"post-code\"><input size=\"40\" maxlength=\"400\" class=\"wpcf7-form-control wpcf7-text wpcf7-validates-as-required\" aria-required=\"true\" aria-invalid=\"false\" placeholder=\"C\u00f3digo Postal (campo obligatorio)\" value=\"\" type=\"text\" name=\"post-code\" \/><\/span><br \/>\n<span class=\"wpcf7-form-control-wrap\" data-name=\"local-code\"><input size=\"40\" maxlength=\"400\" class=\"wpcf7-form-control wpcf7-text wpcf7-validates-as-required\" aria-required=\"true\" aria-invalid=\"false\" placeholder=\"Localidad y Provincia (campo obligatorio)\" value=\"\" type=\"text\" name=\"local-code\" \/><\/span><br \/>\n<span class=\"wpcf7-form-control-wrap\" data-name=\"number-phone\"><input class=\"wpcf7-form-control wpcf7-number wpcf7-validates-as-number\" aria-invalid=\"false\" placeholder=\"Tel\u00e9fono (campo obligatorio)\" value=\"\" type=\"number\" name=\"number-phone\" \/><\/span><br \/>\n<span class=\"wpcf7-form-control-wrap\" data-name=\"your-email\"><input size=\"40\" maxlength=\"400\" class=\"wpcf7-form-control wpcf7-email wpcf7-validates-as-required wpcf7-text wpcf7-validates-as-email\" aria-required=\"true\" aria-invalid=\"false\" placeholder=\"Tu Email (campo obligatorio)\" value=\"\" type=\"email\" name=\"your-email\" \/><\/span><br \/>\n<span class=\"wpcf7-form-control-wrap\" data-name=\"delivery-name\"><input size=\"40\" maxlength=\"400\" class=\"wpcf7-form-control wpcf7-text wpcf7-validates-as-required\" aria-required=\"true\" aria-invalid=\"false\" placeholder=\"Entregar a nombre de (campo obligatorio)\" value=\"\" type=\"text\" name=\"delivery-name\" \/><\/span><br \/>\n<span class=\"wpcf7-form-control-wrap\" data-name=\"acceptance-424\"><span class=\"wpcf7-form-control wpcf7-acceptance\"><span class=\"wpcf7-list-item\"><label><input type=\"checkbox\" name=\"acceptance-424\" value=\"1\" aria-invalid=\"false\" \/><span class=\"wpcf7-list-item-label\">He le\u00eddo y acepto la <a rel=\"nofollow\" href=\"https:\/\/www.sempertea.eu\/politica-de-privacidad-y-aviso-legal\/\"><u>Pol\u00edtica de Privacidad<\/u><\/a> detallada en este sitio web.<\/span><\/label><\/span><\/span><\/span>\n\t<\/p>\n\t<p><input class=\"wpcf7-form-control wpcf7-submit has-spinner button\" type=\"submit\" value=\"Enviar\" \/>\n\t<\/p>\n<\/div><div class=\"wpcf7-response-output\" aria-hidden=\"true\"><\/div>\n<\/form>\n<\/div>\n\n\t\t<\/div>\n\t\t\t\t\n<style>\n#col-1055857343 > .col-inner {\n  padding: 30px 30px 10px 30px;\n}\n@media (min-width:550px) {\n  #col-1055857343 > .col-inner {\n    padding: 60px 60px 40px 60px;\n  }\n}\n@media (min-width:850px) {\n  #col-1055857343 > .col-inner {\n    padding: 20px 60px 30px 60px;\n  }\n}\n<\/style>\n\t<\/div>\n\n\t\n<\/div>\n\t\t<\/div>\n\t\t\t\t\t<\/div>\n\n\t\n\t<div id=\"gap-854888349\" class=\"gap-element clearfix\" style=\"display:block; height:auto;\">\n\t\t\n<style>\n#gap-854888349 {\n  padding-top: 30px;\n}\n<\/style>\n\t<\/div>\n\t\n\t<div id=\"text-290224796\" class=\"text\">\n\t\t\n\t\t\n<style>\n#text-290224796 {\n  font-size: 1.75rem;\n  line-height: 1.25;\n}\n@media (min-width:850px) {\n  #text-290224796 {\n    line-height: 1.25;\n  }\n}\n<\/style>\n\t<\/div>\n\t\n","protected":false},"excerpt":{"rendered":"","protected":false},"author":1,"featured_media":13433,"parent":0,"menu_order":0,"comment_status":"closed","ping_status":"closed","template":"","meta":{"footnotes":""},"class_list":["post-21232","page","type-page","status-publish","has-post-thumbnail","hentry"],"yoast_head":"<!-- This site is optimized with the Yoast SEO Premium plugin v27.3 (Yoast SEO v27.4) - https:\/\/yoast.com\/product\/yoast-seo-premium-wordpress\/ -->\n<title>Professionnel de l\u2019h\u00f4tellerie-restauration? Demandez \u00e9chantillons gratuits de th\u00e9s bio<\/title>\n<meta name=\"description\" content=\"Professionnel de l\u2019h\u00f4tellerie ou de la restauration ? Demandez vos \u00e9chantillons gratuits de th\u00e9s et infusions BIO.\" \/>\n<meta name=\"robots\" content=\"index, follow, max-snippet:-1, max-image-preview:large, max-video-preview:-1\" \/>\n<link rel=\"canonical\" href=\"https:\/\/www.sempertea.eu\/fr\/echantillons-the-bio-professionnels\/\" \/>\n<meta property=\"og:locale\" content=\"fr_FR\" \/>\n<meta property=\"og:type\" content=\"article\" \/>\n<meta property=\"og:title\" content=\"Vous \u00eates un professionnel de l\u2019h\u00f4tellerie-restauration ? Demandez vos \u00e9chantillons gratuits de th\u00e9s et tisanes bio premium.\" \/>\n<meta property=\"og:description\" content=\"Professionnel de l\u2019h\u00f4tellerie ou de la restauration ? Demandez vos \u00e9chantillons gratuits de th\u00e9s et infusions BIO.\" \/>\n<meta property=\"og:url\" content=\"https:\/\/www.sempertea.eu\/fr\/echantillons-the-bio-professionnels\/\" \/>\n<meta property=\"og:site_name\" content=\"Semper Tea | Mayorista y fabricante de T\u00e9s e Infusiones para hoteles, restaurantes y bares\" \/>\n<meta property=\"article:modified_time\" content=\"2026-03-02T10:00:47+00:00\" \/>\n<meta property=\"og:image\" content=\"https:\/\/www.sempertea.eu\/wp-content\/uploads\/2025\/02\/muestras-de-tes-e-infusiones-premium-para-hosteleria-semper-tea.jpg\" \/>\n\t<meta property=\"og:image:width\" content=\"768\" \/>\n\t<meta property=\"og:image:height\" content=\"1024\" \/>\n\t<meta property=\"og:image:type\" content=\"image\/jpeg\" \/>\n<meta name=\"twitter:card\" content=\"summary_large_image\" \/>\n<meta name=\"twitter:label1\" content=\"Dur\u00e9e de lecture estim\u00e9e\" \/>\n\t<meta name=\"twitter:data1\" content=\"1 minute\" \/>\n<script type=\"application\/ld+json\" class=\"yoast-schema-graph\">{\"@context\":\"https:\\\/\\\/schema.org\",\"@graph\":[{\"@type\":\"WebPage\",\"@id\":\"https:\\\/\\\/www.sempertea.eu\\\/fr\\\/echantillons-the-bio-professionnels\\\/\",\"url\":\"https:\\\/\\\/www.sempertea.eu\\\/fr\\\/echantillons-the-bio-professionnels\\\/\",\"name\":\"Professionnel de l\u2019h\u00f4tellerie-restauration? Demandez \u00e9chantillons gratuits de th\u00e9s bio\",\"isPartOf\":{\"@id\":\"https:\\\/\\\/www.sempertea.eu\\\/#website\"},\"primaryImageOfPage\":{\"@id\":\"https:\\\/\\\/www.sempertea.eu\\\/fr\\\/echantillons-the-bio-professionnels\\\/#primaryimage\"},\"image\":{\"@id\":\"https:\\\/\\\/www.sempertea.eu\\\/fr\\\/echantillons-the-bio-professionnels\\\/#primaryimage\"},\"thumbnailUrl\":\"https:\\\/\\\/www.sempertea.eu\\\/wp-content\\\/uploads\\\/2025\\\/02\\\/muestras-de-tes-e-infusiones-premium-para-hosteleria-semper-tea.jpg\",\"datePublished\":\"2026-03-02T09:56:36+00:00\",\"dateModified\":\"2026-03-02T10:00:47+00:00\",\"description\":\"Professionnel de l\u2019h\u00f4tellerie ou de la restauration ? Demandez vos \u00e9chantillons gratuits de th\u00e9s et infusions BIO.\",\"breadcrumb\":{\"@id\":\"https:\\\/\\\/www.sempertea.eu\\\/fr\\\/echantillons-the-bio-professionnels\\\/#breadcrumb\"},\"inLanguage\":\"fr-FR\",\"potentialAction\":[{\"@type\":\"ReadAction\",\"target\":[\"https:\\\/\\\/www.sempertea.eu\\\/fr\\\/echantillons-the-bio-professionnels\\\/\"]}]},{\"@type\":\"ImageObject\",\"inLanguage\":\"fr-FR\",\"@id\":\"https:\\\/\\\/www.sempertea.eu\\\/fr\\\/echantillons-the-bio-professionnels\\\/#primaryimage\",\"url\":\"https:\\\/\\\/www.sempertea.eu\\\/wp-content\\\/uploads\\\/2025\\\/02\\\/muestras-de-tes-e-infusiones-premium-para-hosteleria-semper-tea.jpg\",\"contentUrl\":\"https:\\\/\\\/www.sempertea.eu\\\/wp-content\\\/uploads\\\/2025\\\/02\\\/muestras-de-tes-e-infusiones-premium-para-hosteleria-semper-tea.jpg\",\"width\":768,\"height\":1024,\"caption\":\"muestras gratis t\u00e9 e infusiones\"},{\"@type\":\"BreadcrumbList\",\"@id\":\"https:\\\/\\\/www.sempertea.eu\\\/fr\\\/echantillons-the-bio-professionnels\\\/#breadcrumb\",\"itemListElement\":[{\"@type\":\"ListItem\",\"position\":1,\"name\":\"Portada\",\"item\":\"https:\\\/\\\/www.sempertea.eu\\\/\"},{\"@type\":\"ListItem\",\"position\":2,\"name\":\"Vous \u00eates un professionnel de l\u2019h\u00f4tellerie-restauration ? Demandez vos \u00e9chantillons gratuits de th\u00e9s et tisanes bio premium.\"}]},{\"@type\":\"WebSite\",\"@id\":\"https:\\\/\\\/www.sempertea.eu\\\/#website\",\"url\":\"https:\\\/\\\/www.sempertea.eu\\\/\",\"name\":\"Semper Tea | Mayorista y fabricante de T\u00e9s e Infusiones para hoteles, restaurantes y bares\",\"description\":\"T\u00e9s e infusiones para hosteler\u00eda, hoteler\u00eda y comercio\",\"potentialAction\":[{\"@type\":\"SearchAction\",\"target\":{\"@type\":\"EntryPoint\",\"urlTemplate\":\"https:\\\/\\\/www.sempertea.eu\\\/?s={search_term_string}\"},\"query-input\":{\"@type\":\"PropertyValueSpecification\",\"valueRequired\":true,\"valueName\":\"search_term_string\"}}],\"inLanguage\":\"fr-FR\"}]}<\/script>\n<!-- \/ Yoast SEO Premium plugin. -->","yoast_head_json":{"title":"Professionnel de l\u2019h\u00f4tellerie-restauration? Demandez \u00e9chantillons gratuits de th\u00e9s bio","description":"Professionnel de l\u2019h\u00f4tellerie ou de la restauration ? Demandez vos \u00e9chantillons gratuits de th\u00e9s et infusions BIO.","robots":{"index":"index","follow":"follow","max-snippet":"max-snippet:-1","max-image-preview":"max-image-preview:large","max-video-preview":"max-video-preview:-1"},"canonical":"https:\/\/www.sempertea.eu\/fr\/echantillons-the-bio-professionnels\/","og_locale":"fr_FR","og_type":"article","og_title":"Vous \u00eates un professionnel de l\u2019h\u00f4tellerie-restauration ? Demandez vos \u00e9chantillons gratuits de th\u00e9s et tisanes bio premium.","og_description":"Professionnel de l\u2019h\u00f4tellerie ou de la restauration ? Demandez vos \u00e9chantillons gratuits de th\u00e9s et infusions BIO.","og_url":"https:\/\/www.sempertea.eu\/fr\/echantillons-the-bio-professionnels\/","og_site_name":"Semper Tea | Mayorista y fabricante de T\u00e9s e Infusiones para hoteles, restaurantes y bares","article_modified_time":"2026-03-02T10:00:47+00:00","og_image":[{"width":768,"height":1024,"url":"https:\/\/www.sempertea.eu\/wp-content\/uploads\/2025\/02\/muestras-de-tes-e-infusiones-premium-para-hosteleria-semper-tea.jpg","type":"image\/jpeg"}],"twitter_card":"summary_large_image","twitter_misc":{"Dur\u00e9e de lecture estim\u00e9e":"1 minute"},"schema":{"@context":"https:\/\/schema.org","@graph":[{"@type":"WebPage","@id":"https:\/\/www.sempertea.eu\/fr\/echantillons-the-bio-professionnels\/","url":"https:\/\/www.sempertea.eu\/fr\/echantillons-the-bio-professionnels\/","name":"Professionnel de l\u2019h\u00f4tellerie-restauration? Demandez \u00e9chantillons gratuits de th\u00e9s bio","isPartOf":{"@id":"https:\/\/www.sempertea.eu\/#website"},"primaryImageOfPage":{"@id":"https:\/\/www.sempertea.eu\/fr\/echantillons-the-bio-professionnels\/#primaryimage"},"image":{"@id":"https:\/\/www.sempertea.eu\/fr\/echantillons-the-bio-professionnels\/#primaryimage"},"thumbnailUrl":"https:\/\/www.sempertea.eu\/wp-content\/uploads\/2025\/02\/muestras-de-tes-e-infusiones-premium-para-hosteleria-semper-tea.jpg","datePublished":"2026-03-02T09:56:36+00:00","dateModified":"2026-03-02T10:00:47+00:00","description":"Professionnel de l\u2019h\u00f4tellerie ou de la restauration ? Demandez vos \u00e9chantillons gratuits de th\u00e9s et infusions BIO.","breadcrumb":{"@id":"https:\/\/www.sempertea.eu\/fr\/echantillons-the-bio-professionnels\/#breadcrumb"},"inLanguage":"fr-FR","potentialAction":[{"@type":"ReadAction","target":["https:\/\/www.sempertea.eu\/fr\/echantillons-the-bio-professionnels\/"]}]},{"@type":"ImageObject","inLanguage":"fr-FR","@id":"https:\/\/www.sempertea.eu\/fr\/echantillons-the-bio-professionnels\/#primaryimage","url":"https:\/\/www.sempertea.eu\/wp-content\/uploads\/2025\/02\/muestras-de-tes-e-infusiones-premium-para-hosteleria-semper-tea.jpg","contentUrl":"https:\/\/www.sempertea.eu\/wp-content\/uploads\/2025\/02\/muestras-de-tes-e-infusiones-premium-para-hosteleria-semper-tea.jpg","width":768,"height":1024,"caption":"muestras gratis t\u00e9 e infusiones"},{"@type":"BreadcrumbList","@id":"https:\/\/www.sempertea.eu\/fr\/echantillons-the-bio-professionnels\/#breadcrumb","itemListElement":[{"@type":"ListItem","position":1,"name":"Portada","item":"https:\/\/www.sempertea.eu\/"},{"@type":"ListItem","position":2,"name":"Vous \u00eates un professionnel de l\u2019h\u00f4tellerie-restauration ? Demandez vos \u00e9chantillons gratuits de th\u00e9s et tisanes bio premium."}]},{"@type":"WebSite","@id":"https:\/\/www.sempertea.eu\/#website","url":"https:\/\/www.sempertea.eu\/","name":"Semper Tea | Mayorista y fabricante de T\u00e9s e Infusiones para hoteles, restaurantes y bares","description":"T\u00e9s e infusiones para hosteler\u00eda, hoteler\u00eda y comercio","potentialAction":[{"@type":"SearchAction","target":{"@type":"EntryPoint","urlTemplate":"https:\/\/www.sempertea.eu\/?s={search_term_string}"},"query-input":{"@type":"PropertyValueSpecification","valueRequired":true,"valueName":"search_term_string"}}],"inLanguage":"fr-FR"}]}},"_links":{"self":[{"href":"https:\/\/www.sempertea.eu\/fr\/wp-json\/wp\/v2\/pages\/21232","targetHints":{"allow":["GET"]}}],"collection":[{"href":"https:\/\/www.sempertea.eu\/fr\/wp-json\/wp\/v2\/pages"}],"about":[{"href":"https:\/\/www.sempertea.eu\/fr\/wp-json\/wp\/v2\/types\/page"}],"author":[{"embeddable":true,"href":"https:\/\/www.sempertea.eu\/fr\/wp-json\/wp\/v2\/users\/1"}],"replies":[{"embeddable":true,"href":"https:\/\/www.sempertea.eu\/fr\/wp-json\/wp\/v2\/comments?post=21232"}],"version-history":[{"count":0,"href":"https:\/\/www.sempertea.eu\/fr\/wp-json\/wp\/v2\/pages\/21232\/revisions"}],"wp:featuredmedia":[{"embeddable":true,"href":"https:\/\/www.sempertea.eu\/fr\/wp-json\/wp\/v2\/media\/13433"}],"wp:attachment":[{"href":"https:\/\/www.sempertea.eu\/fr\/wp-json\/wp\/v2\/media?parent=21232"}],"curies":[{"name":"wp","href":"https:\/\/api.w.org\/{rel}","templated":true}]}}