{"id":17194,"date":"2025-07-20T23:52:16","date_gmt":"2025-07-20T21:52:16","guid":{"rendered":"https:\/\/www.sempertea.eu\/etes-vous-un-professionnel-de-lhotellerie-ou-de-la-restauration-demandez-vos-echantillons-gratuits-de-thes-et-infusions-bio-sans-engagement-g\/"},"modified":"2025-07-21T11:18:51","modified_gmt":"2025-07-21T09:18:51","slug":"demandez-vos-echantillons-gratuits-thes-et-infusions-sans-engagement-g","status":"publish","type":"page","link":"https:\/\/www.sempertea.eu\/fr\/demandez-vos-echantillons-gratuits-thes-et-infusions-sans-engagement-g\/","title":{"rendered":"\u00cates-vous un professionnel de l\u2019h\u00f4tellerie ou de la restauration ? G"},"content":{"rendered":"\n\t<div id=\"col-1385009994\" class=\"col small-12 large-12\"  >\n\t\t\t\t<div class=\"col-inner\"  >\n\t\t\t\n\t\t\t\n<div class=\"row row-collapse align-equal\"  id=\"row-415536963\">\n\n\t<div id=\"col-1304554016\" class=\"col medium-12 small-12 large-6\"  >\n\t\t\t\t<div class=\"col-inner\"  >\n\t\t\t\n\t\t\t\n\n  <div class=\"banner has-hover\" id=\"banner-809806304\">\n          <div class=\"banner-inner fill\">\n        <div class=\"banner-bg fill\" >\n            <img loading=\"lazy\" decoding=\"async\" width=\"768\" height=\"1024\" src=\"https:\/\/www.sempertea.eu\/wp-content\/uploads\/2025\/02\/muestras-de-tes-e-infusiones-premium-para-hosteleria-semper-tea.jpg\" class=\"bg attachment-large size-large\" alt=\"muestras gratis t\u00e9 e infusiones\" \/>                                    \n                    <\/div>\n\t\t\n        <div class=\"banner-layers container\">\n            <div class=\"fill banner-link\"><\/div>            \n        <\/div>\n      <\/div>\n\n            \n<style>\n#banner-809806304 {\n  padding-top: 99.99%;\n  background-color: rgb(255, 255, 255);\n}\n#banner-809806304 .banner-bg img {\n  object-position: 30% 89%;\n}\n@media (min-width:550px) {\n  #banner-809806304 {\n    padding-top: 695px;\n  }\n}\n<\/style>\n  <\/div>\n\n\n\t<div id=\"gap-549373442\" class=\"gap-element clearfix\" style=\"display:block; height:auto;\">\n\t\t\n<style>\n#gap-549373442 {\n  padding-top: 30px;\n}\n<\/style>\n\t<\/div>\n\t\n<p style=\"text-align: center;\">\ud83d\udc9a <strong>Laissez-nous vos coordonn\u00e9es via le formulaire<br \/>\net recevez ce cadeau sp\u00e9cial. <\/strong>\ud83c\udf3f\u2615<\/p>\n\t\t<\/div>\n\t\t\t\t\t<\/div>\n\n\t\n\n\t<div id=\"col-677205130\" class=\"col medium-12 small-12 large-6\"  >\n\t\t\t\t<div class=\"col-inner\"  >\n\t\t\t\n\t\t\t\n\t<div id=\"gap-105230287\" class=\"gap-element clearfix\" style=\"display:block; height:auto;\">\n\t\t\n<style>\n#gap-105230287 {\n  padding-top: 5px;\n}\n<\/style>\n\t<\/div>\n\t\n<p>\u2728 <strong>D\u00e9couvrez l\u2019exp\u00e9rience Semper Tea dans votre \u00e9tablissement<\/strong> \u2728<\/p>\n<p>Vous avez un caf\u00e9, une p\u00e2tisserie ou un lieu de restauration ? Nous vous offrons une bo\u00eete d\u2019\u00e9chantillons gratuite avec nos th\u00e9s bio et matcha pour que vous puissiez les tester et voir comment ils peuvent enrichir votre carte de boissons.<\/p>\n<p>\ud83d\udce6 <strong>Comment la recevoir <\/strong>? Il suffit de nous indiquer :<\/p>\n\t<div id=\"gap-220587889\" class=\"gap-element clearfix\" style=\"display:block; height:auto;\">\n\t\t\n<style>\n#gap-220587889 {\n  padding-top: 15px;\n}\n<\/style>\n\t<\/div>\n\t\n\n<div class=\"wpcf7 no-js\" id=\"wpcf7-f17208-o1\" lang=\"es-ES\" dir=\"ltr\" data-wpcf7-id=\"17208\">\n<div class=\"screen-reader-response\"><p role=\"status\" aria-live=\"polite\" aria-atomic=\"true\"><\/p> <ul><\/ul><\/div>\n<form action=\"\/fr\/wp-json\/wp\/v2\/pages\/17194#wpcf7-f17208-o1\" method=\"post\" class=\"wpcf7-form init\" aria-label=\"Formulario de contacto\" novalidate=\"novalidate\" data-status=\"init\">\n<fieldset class=\"hidden-fields-container\"><input type=\"hidden\" name=\"_wpcf7\" value=\"17208\" \/><input type=\"hidden\" name=\"_wpcf7_version\" value=\"6.1.5\" \/><input type=\"hidden\" name=\"_wpcf7_locale\" value=\"es_ES\" \/><input type=\"hidden\" name=\"_wpcf7_unit_tag\" value=\"wpcf7-f17208-o1\" \/><input type=\"hidden\" name=\"_wpcf7_container_post\" value=\"0\" \/><input type=\"hidden\" name=\"_wpcf7_posted_data_hash\" value=\"\" \/><input type=\"hidden\" name=\"_wpcf7_recaptcha_response\" value=\"\" \/>\n<\/fieldset>\n<div class=\"form-flat\">\n\t<p><span class=\"wpcf7-form-control-wrap\" data-name=\"enterprise-name\"><input size=\"40\" maxlength=\"400\" class=\"wpcf7-form-control wpcf7-text wpcf7-validates-as-required\" aria-required=\"true\" aria-invalid=\"false\" placeholder=\"Nom de l&#039;entreprise (champ obligatoire)\" value=\"\" type=\"text\" name=\"enterprise-name\" \/><\/span><br \/>\n<span class=\"wpcf7-form-control-wrap\" data-name=\"cif-number\"><input size=\"40\" maxlength=\"400\" class=\"wpcf7-form-control wpcf7-text wpcf7-validates-as-required\" aria-required=\"true\" aria-invalid=\"false\" placeholder=\"Num\u00e9ro de TVA de l&#039;entreprise (champ obligatoire)\" value=\"\" type=\"text\" name=\"cif-number\" \/><\/span><br \/>\n<span class=\"wpcf7-form-control-wrap\" data-name=\"mail-info\"><input size=\"40\" maxlength=\"400\" class=\"wpcf7-form-control wpcf7-text wpcf7-validates-as-required\" aria-required=\"true\" aria-invalid=\"false\" placeholder=\"Adresse de livraison (champ obligatoire)\" value=\"\" type=\"text\" name=\"mail-info\" \/><\/span><br \/>\n<span class=\"wpcf7-form-control-wrap\" data-name=\"post-code\"><input size=\"40\" maxlength=\"400\" class=\"wpcf7-form-control wpcf7-text wpcf7-validates-as-required\" aria-required=\"true\" aria-invalid=\"false\" placeholder=\"Code postal (champ obligatoire)\" value=\"\" type=\"text\" name=\"post-code\" \/><\/span><br \/>\n<span class=\"wpcf7-form-control-wrap\" data-name=\"local-code\"><input size=\"40\" maxlength=\"400\" class=\"wpcf7-form-control wpcf7-text wpcf7-validates-as-required\" aria-required=\"true\" aria-invalid=\"false\" placeholder=\"Ville et province (champ obligatoire)\" value=\"\" type=\"text\" name=\"local-code\" \/><\/span><br \/>\n<span class=\"wpcf7-form-control-wrap\" data-name=\"number-phone\"><input class=\"wpcf7-form-control wpcf7-number wpcf7-validates-as-number\" aria-invalid=\"false\" placeholder=\"T\u00e9l\u00e9phone (champ obligatoire)\" value=\"\" type=\"number\" name=\"number-phone\" \/><\/span><br \/>\n<span class=\"wpcf7-form-control-wrap\" data-name=\"your-email\"><input size=\"40\" maxlength=\"400\" class=\"wpcf7-form-control wpcf7-email wpcf7-validates-as-required wpcf7-text wpcf7-validates-as-email\" aria-required=\"true\" aria-invalid=\"false\" placeholder=\"Votre Email (champ obligatoire)\" value=\"\" type=\"email\" name=\"your-email\" \/><\/span><br \/>\n<span class=\"wpcf7-form-control-wrap\" data-name=\"delivery-name\"><input size=\"40\" maxlength=\"400\" class=\"wpcf7-form-control wpcf7-text wpcf7-validates-as-required\" aria-required=\"true\" aria-invalid=\"false\" placeholder=\"A l&#039;ordre de (champ obligatoire)\" value=\"\" type=\"text\" name=\"delivery-name\" \/><\/span><br \/>\n<span class=\"wpcf7-form-control-wrap\" data-name=\"acceptance-424\"><span class=\"wpcf7-form-control wpcf7-acceptance\"><span class=\"wpcf7-list-item\"><label><input type=\"checkbox\" name=\"acceptance-424\" value=\"1\" aria-invalid=\"false\" \/><span class=\"wpcf7-list-item-label\">J'ai lu et j'accepte  <a rel=\"nofollow\" href=\"https:\/\/www.sempertea.eu\/politica-de-privacidad-y-aviso-legal\/\"><u>la politique de confidentialit\u00e9<\/u><\/a> d\u00e9crite sur ce site web.<\/span><\/label><\/span><\/span><\/span>\n\t<\/p>\n\t<p><input class=\"wpcf7-form-control wpcf7-submit has-spinner button\" type=\"submit\" value=\"Envoyer\" \/>\n\t<\/p>\n<\/div><div class=\"wpcf7-response-output\" aria-hidden=\"true\"><\/div>\n<\/form>\n<\/div>\n\n\t\t<\/div>\n\t\t\t\t\n<style>\n#col-677205130 > .col-inner {\n  padding: 30px 30px 10px 30px;\n}\n@media (min-width:550px) {\n  #col-677205130 > .col-inner {\n    padding: 60px 60px 40px 60px;\n  }\n}\n@media (min-width:850px) {\n  #col-677205130 > .col-inner {\n    padding: 20px 60px 30px 60px;\n  }\n}\n<\/style>\n\t<\/div>\n\n\t\n<\/div>\n\t\t<\/div>\n\t\t\t\t\t<\/div>\n\n\t\n\t<div id=\"gap-187649296\" class=\"gap-element clearfix\" style=\"display:block; height:auto;\">\n\t\t\n<style>\n#gap-187649296 {\n  padding-top: 30px;\n}\n<\/style>\n\t<\/div>\n\t\n\t<div id=\"text-2018708301\" class=\"text\">\n\t\t\n\t\t\n<style>\n#text-2018708301 {\n  font-size: 1.75rem;\n  line-height: 1.25;\n}\n@media (min-width:850px) {\n  #text-2018708301 {\n    line-height: 1.25;\n  }\n}\n<\/style>\n\t<\/div>\n\t\n","protected":false},"excerpt":{"rendered":"","protected":false},"author":2,"featured_media":13433,"parent":0,"menu_order":0,"comment_status":"closed","ping_status":"closed","template":"","meta":{"footnotes":""},"class_list":["post-17194","page","type-page","status-publish","has-post-thumbnail","hentry"],"yoast_head":"<!-- This site is optimized with the Yoast SEO Premium plugin v27.3 (Yoast SEO v27.4) - https:\/\/yoast.com\/product\/yoast-seo-premium-wordpress\/ -->\n<title>Professionnel de l\u2019h\u00f4tellerie ou de la restauration ?Demandez vos \u00e9chantillons gratuits de th\u00e9s et infusions BIO.<\/title>\n<meta name=\"description\" content=\"Professionnel de l\u2019h\u00f4tellerie ou de la restauration ? Demandez vos \u00e9chantillons gratuits de th\u00e9s et infusions BIO.\" \/>\n<meta name=\"robots\" content=\"index, follow, max-snippet:-1, max-image-preview:large, max-video-preview:-1\" \/>\n<link rel=\"canonical\" href=\"https:\/\/www.sempertea.eu\/fr\/demandez-vos-echantillons-gratuits-thes-et-infusions-sans-engagement-g\/\" \/>\n<meta property=\"og:locale\" content=\"fr_FR\" \/>\n<meta property=\"og:type\" content=\"article\" \/>\n<meta property=\"og:title\" content=\"\u00cates-vous un professionnel de l\u2019h\u00f4tellerie ou de la restauration ? G\" \/>\n<meta property=\"og:description\" content=\"Professionnel de l\u2019h\u00f4tellerie ou de la restauration ? Demandez vos \u00e9chantillons gratuits de th\u00e9s et infusions BIO.\" \/>\n<meta property=\"og:url\" content=\"https:\/\/www.sempertea.eu\/fr\/demandez-vos-echantillons-gratuits-thes-et-infusions-sans-engagement-g\/\" \/>\n<meta property=\"og:site_name\" content=\"Semper Tea | Mayorista y fabricante de T\u00e9s e Infusiones para hoteles, restaurantes y bares\" \/>\n<meta property=\"article:modified_time\" content=\"2025-07-21T09:18:51+00:00\" \/>\n<meta property=\"og:image\" content=\"https:\/\/www.sempertea.eu\/wp-content\/uploads\/2025\/02\/muestras-de-tes-e-infusiones-premium-para-hosteleria-semper-tea.jpg\" \/>\n\t<meta property=\"og:image:width\" content=\"768\" \/>\n\t<meta property=\"og:image:height\" content=\"1024\" \/>\n\t<meta property=\"og:image:type\" content=\"image\/jpeg\" \/>\n<meta name=\"twitter:card\" content=\"summary_large_image\" \/>\n<meta name=\"twitter:label1\" content=\"Dur\u00e9e de lecture estim\u00e9e\" \/>\n\t<meta name=\"twitter:data1\" content=\"1 minute\" \/>\n<script type=\"application\/ld+json\" class=\"yoast-schema-graph\">{\"@context\":\"https:\\\/\\\/schema.org\",\"@graph\":[{\"@type\":\"WebPage\",\"@id\":\"https:\\\/\\\/www.sempertea.eu\\\/fr\\\/demandez-vos-echantillons-gratuits-thes-et-infusions-sans-engagement-g\\\/\",\"url\":\"https:\\\/\\\/www.sempertea.eu\\\/fr\\\/demandez-vos-echantillons-gratuits-thes-et-infusions-sans-engagement-g\\\/\",\"name\":\"Professionnel de l\u2019h\u00f4tellerie ou de la restauration ?Demandez vos \u00e9chantillons gratuits de th\u00e9s et infusions BIO.\",\"isPartOf\":{\"@id\":\"https:\\\/\\\/www.sempertea.eu\\\/#website\"},\"primaryImageOfPage\":{\"@id\":\"https:\\\/\\\/www.sempertea.eu\\\/fr\\\/demandez-vos-echantillons-gratuits-thes-et-infusions-sans-engagement-g\\\/#primaryimage\"},\"image\":{\"@id\":\"https:\\\/\\\/www.sempertea.eu\\\/fr\\\/demandez-vos-echantillons-gratuits-thes-et-infusions-sans-engagement-g\\\/#primaryimage\"},\"thumbnailUrl\":\"https:\\\/\\\/www.sempertea.eu\\\/wp-content\\\/uploads\\\/2025\\\/02\\\/muestras-de-tes-e-infusiones-premium-para-hosteleria-semper-tea.jpg\",\"datePublished\":\"2025-07-20T21:52:16+00:00\",\"dateModified\":\"2025-07-21T09:18:51+00:00\",\"description\":\"Professionnel de l\u2019h\u00f4tellerie ou de la restauration ? Demandez vos \u00e9chantillons gratuits de th\u00e9s et infusions BIO.\",\"breadcrumb\":{\"@id\":\"https:\\\/\\\/www.sempertea.eu\\\/fr\\\/demandez-vos-echantillons-gratuits-thes-et-infusions-sans-engagement-g\\\/#breadcrumb\"},\"inLanguage\":\"fr-FR\",\"potentialAction\":[{\"@type\":\"ReadAction\",\"target\":[\"https:\\\/\\\/www.sempertea.eu\\\/fr\\\/demandez-vos-echantillons-gratuits-thes-et-infusions-sans-engagement-g\\\/\"]}]},{\"@type\":\"ImageObject\",\"inLanguage\":\"fr-FR\",\"@id\":\"https:\\\/\\\/www.sempertea.eu\\\/fr\\\/demandez-vos-echantillons-gratuits-thes-et-infusions-sans-engagement-g\\\/#primaryimage\",\"url\":\"https:\\\/\\\/www.sempertea.eu\\\/wp-content\\\/uploads\\\/2025\\\/02\\\/muestras-de-tes-e-infusiones-premium-para-hosteleria-semper-tea.jpg\",\"contentUrl\":\"https:\\\/\\\/www.sempertea.eu\\\/wp-content\\\/uploads\\\/2025\\\/02\\\/muestras-de-tes-e-infusiones-premium-para-hosteleria-semper-tea.jpg\",\"width\":768,\"height\":1024,\"caption\":\"muestras gratis t\u00e9 e infusiones\"},{\"@type\":\"BreadcrumbList\",\"@id\":\"https:\\\/\\\/www.sempertea.eu\\\/fr\\\/demandez-vos-echantillons-gratuits-thes-et-infusions-sans-engagement-g\\\/#breadcrumb\",\"itemListElement\":[{\"@type\":\"ListItem\",\"position\":1,\"name\":\"Portada\",\"item\":\"https:\\\/\\\/www.sempertea.eu\\\/\"},{\"@type\":\"ListItem\",\"position\":2,\"name\":\"\u00cates-vous un professionnel de l\u2019h\u00f4tellerie ou de la restauration ? G\"}]},{\"@type\":\"WebSite\",\"@id\":\"https:\\\/\\\/www.sempertea.eu\\\/#website\",\"url\":\"https:\\\/\\\/www.sempertea.eu\\\/\",\"name\":\"Semper Tea | Mayorista y fabricante de T\u00e9s e Infusiones para hoteles, restaurantes y bares\",\"description\":\"T\u00e9s e infusiones para hosteler\u00eda, hoteler\u00eda y comercio\",\"potentialAction\":[{\"@type\":\"SearchAction\",\"target\":{\"@type\":\"EntryPoint\",\"urlTemplate\":\"https:\\\/\\\/www.sempertea.eu\\\/?s={search_term_string}\"},\"query-input\":{\"@type\":\"PropertyValueSpecification\",\"valueRequired\":true,\"valueName\":\"search_term_string\"}}],\"inLanguage\":\"fr-FR\"}]}<\/script>\n<!-- \/ Yoast SEO Premium plugin. -->","yoast_head_json":{"title":"Professionnel de l\u2019h\u00f4tellerie ou de la restauration ?Demandez vos \u00e9chantillons gratuits de th\u00e9s et infusions BIO.","description":"Professionnel de l\u2019h\u00f4tellerie ou de la restauration ? Demandez vos \u00e9chantillons gratuits de th\u00e9s et infusions BIO.","robots":{"index":"index","follow":"follow","max-snippet":"max-snippet:-1","max-image-preview":"max-image-preview:large","max-video-preview":"max-video-preview:-1"},"canonical":"https:\/\/www.sempertea.eu\/fr\/demandez-vos-echantillons-gratuits-thes-et-infusions-sans-engagement-g\/","og_locale":"fr_FR","og_type":"article","og_title":"\u00cates-vous un professionnel de l\u2019h\u00f4tellerie ou de la restauration ? G","og_description":"Professionnel de l\u2019h\u00f4tellerie ou de la restauration ? Demandez vos \u00e9chantillons gratuits de th\u00e9s et infusions BIO.","og_url":"https:\/\/www.sempertea.eu\/fr\/demandez-vos-echantillons-gratuits-thes-et-infusions-sans-engagement-g\/","og_site_name":"Semper Tea | Mayorista y fabricante de T\u00e9s e Infusiones para hoteles, restaurantes y bares","article_modified_time":"2025-07-21T09:18:51+00:00","og_image":[{"width":768,"height":1024,"url":"https:\/\/www.sempertea.eu\/wp-content\/uploads\/2025\/02\/muestras-de-tes-e-infusiones-premium-para-hosteleria-semper-tea.jpg","type":"image\/jpeg"}],"twitter_card":"summary_large_image","twitter_misc":{"Dur\u00e9e de lecture estim\u00e9e":"1 minute"},"schema":{"@context":"https:\/\/schema.org","@graph":[{"@type":"WebPage","@id":"https:\/\/www.sempertea.eu\/fr\/demandez-vos-echantillons-gratuits-thes-et-infusions-sans-engagement-g\/","url":"https:\/\/www.sempertea.eu\/fr\/demandez-vos-echantillons-gratuits-thes-et-infusions-sans-engagement-g\/","name":"Professionnel de l\u2019h\u00f4tellerie ou de la restauration ?Demandez vos \u00e9chantillons gratuits de th\u00e9s et infusions BIO.","isPartOf":{"@id":"https:\/\/www.sempertea.eu\/#website"},"primaryImageOfPage":{"@id":"https:\/\/www.sempertea.eu\/fr\/demandez-vos-echantillons-gratuits-thes-et-infusions-sans-engagement-g\/#primaryimage"},"image":{"@id":"https:\/\/www.sempertea.eu\/fr\/demandez-vos-echantillons-gratuits-thes-et-infusions-sans-engagement-g\/#primaryimage"},"thumbnailUrl":"https:\/\/www.sempertea.eu\/wp-content\/uploads\/2025\/02\/muestras-de-tes-e-infusiones-premium-para-hosteleria-semper-tea.jpg","datePublished":"2025-07-20T21:52:16+00:00","dateModified":"2025-07-21T09:18:51+00:00","description":"Professionnel de l\u2019h\u00f4tellerie ou de la restauration ? Demandez vos \u00e9chantillons gratuits de th\u00e9s et infusions BIO.","breadcrumb":{"@id":"https:\/\/www.sempertea.eu\/fr\/demandez-vos-echantillons-gratuits-thes-et-infusions-sans-engagement-g\/#breadcrumb"},"inLanguage":"fr-FR","potentialAction":[{"@type":"ReadAction","target":["https:\/\/www.sempertea.eu\/fr\/demandez-vos-echantillons-gratuits-thes-et-infusions-sans-engagement-g\/"]}]},{"@type":"ImageObject","inLanguage":"fr-FR","@id":"https:\/\/www.sempertea.eu\/fr\/demandez-vos-echantillons-gratuits-thes-et-infusions-sans-engagement-g\/#primaryimage","url":"https:\/\/www.sempertea.eu\/wp-content\/uploads\/2025\/02\/muestras-de-tes-e-infusiones-premium-para-hosteleria-semper-tea.jpg","contentUrl":"https:\/\/www.sempertea.eu\/wp-content\/uploads\/2025\/02\/muestras-de-tes-e-infusiones-premium-para-hosteleria-semper-tea.jpg","width":768,"height":1024,"caption":"muestras gratis t\u00e9 e infusiones"},{"@type":"BreadcrumbList","@id":"https:\/\/www.sempertea.eu\/fr\/demandez-vos-echantillons-gratuits-thes-et-infusions-sans-engagement-g\/#breadcrumb","itemListElement":[{"@type":"ListItem","position":1,"name":"Portada","item":"https:\/\/www.sempertea.eu\/"},{"@type":"ListItem","position":2,"name":"\u00cates-vous un professionnel de l\u2019h\u00f4tellerie ou de la restauration ? G"}]},{"@type":"WebSite","@id":"https:\/\/www.sempertea.eu\/#website","url":"https:\/\/www.sempertea.eu\/","name":"Semper Tea | Mayorista y fabricante de T\u00e9s e Infusiones para hoteles, restaurantes y bares","description":"T\u00e9s e infusiones para hosteler\u00eda, hoteler\u00eda y comercio","potentialAction":[{"@type":"SearchAction","target":{"@type":"EntryPoint","urlTemplate":"https:\/\/www.sempertea.eu\/?s={search_term_string}"},"query-input":{"@type":"PropertyValueSpecification","valueRequired":true,"valueName":"search_term_string"}}],"inLanguage":"fr-FR"}]}},"_links":{"self":[{"href":"https:\/\/www.sempertea.eu\/fr\/wp-json\/wp\/v2\/pages\/17194","targetHints":{"allow":["GET"]}}],"collection":[{"href":"https:\/\/www.sempertea.eu\/fr\/wp-json\/wp\/v2\/pages"}],"about":[{"href":"https:\/\/www.sempertea.eu\/fr\/wp-json\/wp\/v2\/types\/page"}],"author":[{"embeddable":true,"href":"https:\/\/www.sempertea.eu\/fr\/wp-json\/wp\/v2\/users\/2"}],"replies":[{"embeddable":true,"href":"https:\/\/www.sempertea.eu\/fr\/wp-json\/wp\/v2\/comments?post=17194"}],"version-history":[{"count":0,"href":"https:\/\/www.sempertea.eu\/fr\/wp-json\/wp\/v2\/pages\/17194\/revisions"}],"wp:featuredmedia":[{"embeddable":true,"href":"https:\/\/www.sempertea.eu\/fr\/wp-json\/wp\/v2\/media\/13433"}],"wp:attachment":[{"href":"https:\/\/www.sempertea.eu\/fr\/wp-json\/wp\/v2\/media?parent=17194"}],"curies":[{"name":"wp","href":"https:\/\/api.w.org\/{rel}","templated":true}]}}