{"id":11591,"date":"2024-07-29T17:54:03","date_gmt":"2024-07-29T16:54:03","guid":{"rendered":"https:\/\/www.sempertea.eu\/collaborer-avec-nous\/"},"modified":"2024-07-29T18:25:46","modified_gmt":"2024-07-29T17:25:46","slug":"grossiste-commercants-thes-infusions-biologiques","status":"publish","type":"page","link":"https:\/\/www.sempertea.eu\/fr\/grossiste-commercants-thes-infusions-biologiques\/","title":{"rendered":"Collaborer avec nous"},"content":{"rendered":"\n\t<section class=\"section dark\" id=\"section_1861175344\">\n\t\t<div class=\"section-bg fill\" >\n\t\t\t\t\t\t\t\t\t<div class=\"section-bg-overlay absolute fill\"><\/div>\n\t\t\t\n\n\t\t<\/div>\n\n\t\t\n\n\t\t<div class=\"section-content relative\">\n\t\t\t\n\n  <div class=\"banner has-hover\" id=\"banner-656647660\">\n          <div class=\"banner-inner fill\">\n        <div class=\"banner-bg fill\" >\n            <img loading=\"lazy\" decoding=\"async\" width=\"1020\" height=\"680\" src=\"https:\/\/www.sempertea.eu\/wp-content\/uploads\/2021\/02\/100-por-100-naturales-semper-tea-1024x683.jpg\" class=\"bg attachment-large size-large\" alt=\"100 por 100 naturales semper tea\" \/>                                    \n                    <\/div>\n\t\t\n        <div class=\"banner-layers container\">\n            <div class=\"fill banner-link\"><\/div>            \n   <div id=\"text-box-337297473\" class=\"text-box banner-layer x50 md-x50 lg-x50 y50 md-y50 lg-y50 res-text\">\n                                <div class=\"text-box-content text dark\">\n              \n              <div class=\"text-inner text-center\">\n                  \n<h1 style=\"text-align: center;\"><span style=\"font-size: 60%;\">Rejoignez notre r\u00e9seau de distributeurs<\/span><\/h1>\n<p>Semper Tea est un fabricant de th\u00e9s biologiques dont la production et l\u2019emballage se font en Espagne. En tant qu\u2019entreprise familiale ind\u00e9pendante et dynamique, nous portons notre passion pour le th\u00e9 \u00e0 un niveau international.<\/p>\n<a href=\"https:\/\/www.sempertea.eu\/fr\/approvisionneurs-infusions-pour-hotels\/\" class=\"button success lowercase\" style=\"border-radius:99px;\">\n\t\t<span>Contactez nous<\/span>\n\t<\/a>\n\n              <\/div>\n           <\/div>\n                            \n<style>\n#text-box-337297473 .text-box-content {\n  background-color: rgba(124, 119, 119, 0.529);\n  font-size: 100%;\n}\n#text-box-337297473 .text-inner {\n  padding: 10px 10px 10px 10px;\n}\n#text-box-337297473 {\n  width: 60%;\n}\n<\/style>\n    <\/div>\n \n        <\/div>\n      <\/div>\n\n            \n<style>\n#banner-656647660 {\n  padding-top: 500px;\n}\n<\/style>\n  <\/div>\n\n\n\t<div id=\"gap-1082292786\" class=\"gap-element clearfix\" style=\"display:block; height:auto;\">\n\t\t\n<style>\n#gap-1082292786 {\n  padding-top: 30px;\n}\n<\/style>\n\t<\/div>\n\t\n<div class=\"row\"  id=\"row-1649785540\">\n\n\t<div id=\"col-960044170\" class=\"col medium-4 small-12 large-4\"  >\n\t\t\t\t<div class=\"col-inner\"  >\n\t\t\t\n\t\t\t\n\n  <div class=\"banner has-hover\" id=\"banner-119161301\">\n          <div class=\"banner-inner fill\">\n        <div class=\"banner-bg fill\" >\n            <img loading=\"lazy\" decoding=\"async\" width=\"678\" height=\"1024\" src=\"https:\/\/www.sempertea.eu\/wp-content\/uploads\/2021\/03\/distribuidor-de-semper-tea-678x1024.jpg\" class=\"bg attachment-large size-large\" alt=\"Red de distribuidores de Semper tea\" \/>                                    \n                    <\/div>\n\t\t\n        <div class=\"banner-layers container\">\n            <div class=\"fill banner-link\"><\/div>            \n        <\/div>\n      <\/div>\n\n            \n<style>\n#banner-119161301 {\n  padding-top: 500px;\n}\n#banner-119161301 .banner-bg img {\n  object-position: 20% 24%;\n}\n<\/style>\n  <\/div>\n\n\n\t\t<\/div>\n\t\t\t\t\t<\/div>\n\n\t\n\n\t<div id=\"col-870943610\" class=\"col medium-4 small-12 large-4\"  >\n\t\t\t\t<div class=\"col-inner\"  >\n\t\t\t\n\t\t\t\n\n  <div class=\"banner has-hover\" id=\"banner-104546979\">\n          <div class=\"banner-inner fill\">\n        <div class=\"banner-bg fill\" >\n            <img loading=\"lazy\" decoding=\"async\" width=\"1020\" height=\"720\" src=\"https:\/\/www.sempertea.eu\/wp-content\/uploads\/2021\/03\/red-de-distribuidores-de-semper-tea-1024x723.jpg\" class=\"bg attachment-large size-large\" alt=\"Red de distribuidores de Semper tea\" \/>                                    \n                    <\/div>\n\t\t\n        <div class=\"banner-layers container\">\n            <div class=\"fill banner-link\"><\/div>            \n        <\/div>\n      <\/div>\n\n            \n<style>\n#banner-104546979 {\n  padding-top: 500px;\n}\n#banner-104546979 .banner-bg img {\n  object-position: 52% 17%;\n}\n<\/style>\n  <\/div>\n\n\n\t\t<\/div>\n\t\t\t\t\t<\/div>\n\n\t\n\n\t<div id=\"col-728499761\" class=\"col medium-4 small-12 large-4\"  >\n\t\t\t\t<div class=\"col-inner\"  >\n\t\t\t\n\t\t\t\n\n  <div class=\"banner has-hover\" id=\"banner-609521566\">\n          <div class=\"banner-inner fill\">\n        <div class=\"banner-bg fill\" >\n            <img loading=\"lazy\" decoding=\"async\" width=\"1020\" height=\"675\" src=\"https:\/\/www.sempertea.eu\/wp-content\/uploads\/2021\/03\/distribuidores-horeca-semper-tea-1024x678.jpg\" class=\"bg attachment-large size-large\" alt=\"Red de distribuidores de Semper tea\" \/>                                    \n                    <\/div>\n\t\t\n        <div class=\"banner-layers container\">\n            <div class=\"fill banner-link\"><\/div>            \n        <\/div>\n      <\/div>\n\n            \n<style>\n#banner-609521566 {\n  padding-top: 500px;\n}\n#banner-609521566 .banner-bg img {\n  object-position: 64% 31%;\n}\n<\/style>\n  <\/div>\n\n\n\t\t<\/div>\n\t\t\t\t\t<\/div>\n\n\t\n<\/div>\n\t\t<\/div>\n\n\t\t\n<style>\n#section_1861175344 {\n  padding-top: 0px;\n  padding-bottom: 0px;\n  background-color: rgb(255, 255, 255);\n}\n#section_1861175344 .section-bg-overlay {\n  background-color: rgba(255, 251, 251, 0.186);\n}\n<\/style>\n\t<\/section>\n\t\n\n\t<section class=\"section\" id=\"section_1425189226\">\n\t\t<div class=\"section-bg fill\" >\n\t\t\t\t\t\t\t\t\t\n\t\t\t\n\n\t\t<\/div>\n\n\t\t\n\n\t\t<div class=\"section-content relative\">\n\t\t\t\n<div class=\"row row-collapse\"  id=\"row-603276618\">\n\n\t<div id=\"col-282708659\" class=\"col medium-4 small-12 large-4\"  >\n\t\t\t\t<div class=\"col-inner\"  >\n\t\t\t\n\t\t\t\n\n  <div class=\"banner has-hover\" id=\"banner-42254777\">\n          <div class=\"banner-inner fill\">\n        <div class=\"banner-bg fill\" >\n            <img loading=\"lazy\" decoding=\"async\" width=\"1020\" height=\"678\" src=\"https:\/\/www.sempertea.eu\/wp-content\/uploads\/2021\/02\/sin-fertilizantes-sinteticos-semper-tea-1024x681.jpg\" class=\"bg attachment-large size-large\" alt=\"sin fertilizantes sinteticos semper tea\" \/>                        <div class=\"overlay\"><\/div>            \n                    <\/div>\n\t\t\n        <div class=\"banner-layers container\">\n            <div class=\"fill banner-link\"><\/div>            \n   <div id=\"text-box-1794072183\" class=\"text-box banner-layer x50 md-x50 lg-x50 y50 md-y50 lg-y50 res-text\">\n                                <div class=\"text-box-content text dark\">\n              \n              <div class=\"text-inner text-center\">\n                  \n<h3 style=\"text-align: left;\" data-line-height=\"xl\"><span style=\"font-size: 90%;\">En tant qu\u2019entreprise ind\u00e9pendante, nous disposons d\u2019une grande libert\u00e9 et flexibilit\u00e9 dans toutes nos d\u00e9cisions et actions.<\/span><\/h3>\n              <\/div>\n           <\/div>\n                            \n<style>\n#text-box-1794072183 {\n  width: 76%;\n}\n#text-box-1794072183 .text-box-content {\n  font-size: 100%;\n}\n<\/style>\n    <\/div>\n \n        <\/div>\n      <\/div>\n\n            \n<style>\n#banner-42254777 {\n  padding-top: 280px;\n}\n#banner-42254777 .overlay {\n  background-color: rgba(0,0,0,.5);\n}\n#banner-42254777 .banner-bg img {\n  object-position: 51% 94%;\n}\n@media (min-width:550px) {\n  #banner-42254777 {\n    padding-top: 280px;\n  }\n}\n<\/style>\n  <\/div>\n\n\n\t\t<\/div>\n\t\t\t\t\t<\/div>\n\n\t\n\n\t<div id=\"col-1452035926\" class=\"col medium-8 small-12 large-8\"  >\n\t\t\t\t<div class=\"col-inner\"  >\n\t\t\t\n\t\t\t\n\n  <div class=\"banner has-hover\" id=\"banner-1917983170\">\n          <div class=\"banner-inner fill\">\n        <div class=\"banner-bg fill\" >\n            <img loading=\"lazy\" decoding=\"async\" width=\"1020\" height=\"765\" src=\"https:\/\/www.sempertea.eu\/wp-content\/uploads\/2021\/03\/distribuidores-para-horeca-semper-tea-1024x768.jpg\" class=\"bg attachment-large size-large\" alt=\"\u00danete a nuestra red de distribuidores\" \/>                                    \n                    <\/div>\n\t\t\n        <div class=\"banner-layers container\">\n            <div class=\"fill banner-link\"><\/div>            \n        <\/div>\n      <\/div>\n\n            \n<style>\n#banner-1917983170 {\n  padding-top: 280px;\n}\n#banner-1917983170 .banner-bg img {\n  object-position: 64% 68%;\n}\n<\/style>\n  <\/div>\n\n\n\t\t<\/div>\n\t\t\t\t\t<\/div>\n\n\t\n<\/div>\n\t\t<\/div>\n\n\t\t\n<style>\n#section_1425189226 {\n  padding-top: 0px;\n  padding-bottom: 0px;\n}\n@media (min-width:550px) {\n  #section_1425189226 {\n    padding-top: 50px;\n    padding-bottom: 50px;\n  }\n}\n<\/style>\n\t<\/section>\n\t\n\n  <div class=\"banner has-hover\" id=\"banner-119482042\">\n          <div class=\"banner-inner fill\">\n        <div class=\"banner-bg fill\" >\n            <img loading=\"lazy\" decoding=\"async\" width=\"1020\" height=\"765\" src=\"https:\/\/www.sempertea.eu\/wp-content\/uploads\/2021\/02\/sin-herbicidas-semper-tea-1024x768.jpg\" class=\"bg attachment-large size-large\" alt=\"sin herbicidas semper tea\" \/>                        <div class=\"overlay\"><\/div>            \n                    <\/div>\n\t\t\n        <div class=\"banner-layers container\">\n            <div class=\"fill banner-link\"><\/div>            \n   <div id=\"text-box-1611238654\" class=\"text-box banner-layer x50 md-x50 lg-x50 y50 md-y50 lg-y50 res-text\">\n                                <div class=\"text-box-content text dark\">\n              \n              <div class=\"text-inner text-center\">\n                  \n\t<div id=\"gap-482718244\" class=\"gap-element clearfix\" style=\"display:block; height:auto;\">\n\t\t\n<style>\n#gap-482718244 {\n  padding-top: 20px;\n}\n<\/style>\n\t<\/div>\n\t\n<p style=\"text-align: left;\"><span style=\"font-size: 130%;\">Cela nous permet de r\u00e9agir rapidement aux \u00e9volutions du march\u00e9, de maintenir une communication ouverte, de prendre des d\u00e9cisions durables et de concr\u00e9tiser nos id\u00e9es.<\/span><\/p>\n<p style=\"text-align: left;\"><span style=\"font-size: 130%;\">Depuis plus de quinze ans, nous travaillons avec esprit d\u2019entreprise, passion et d\u00e9vouement pour offrir un produit et un design de haute qualit\u00e9. Si vous souhaitez faire partie de cette grande \u00e9quipe, rejoignez notre r\u00e9seau de distributeurs Horeca.<\/span><\/p>\n<div class=\"is-divider divider clearfix\" style=\"max-width:83px;\"><\/div>\n<a href=\"https:\/\/www.sempertea.eu\/fr\/approvisionneurs-infusions-pour-hotels\/\" class=\"button success lowercase\" style=\"border-radius:10px;\">\n\t\t<span>D\u00e9couvrez-nous<\/span>\n\t<\/a>\n\n\t<div id=\"gap-1832680739\" class=\"gap-element clearfix\" style=\"display:block; height:auto;\">\n\t\t\n<style>\n#gap-1832680739 {\n  padding-top: 6px;\n}\n<\/style>\n\t<\/div>\n\t\n              <\/div>\n           <\/div>\n                            \n<style>\n#text-box-1611238654 {\n  width: 63%;\n}\n#text-box-1611238654 .text-box-content {\n  font-size: 100%;\n}\n<\/style>\n    <\/div>\n \n        <\/div>\n      <\/div>\n\n            \n<style>\n#banner-119482042 {\n  padding-top: 400px;\n}\n#banner-119482042 .overlay {\n  background-color: rgba(0,0,0,.5);\n}\n#banner-119482042 .banner-bg img {\n  object-position: 27% 84%;\n}\n<\/style>\n  <\/div>\n\n\n","protected":false},"excerpt":{"rendered":"","protected":false},"author":1,"featured_media":11595,"parent":0,"menu_order":0,"comment_status":"closed","ping_status":"closed","template":"page-blank.php","meta":{"footnotes":""},"class_list":["post-11591","page","type-page","status-publish","has-post-thumbnail","hentry"],"yoast_head":"<!-- This site is optimized with the Yoast SEO Premium plugin v27.3 (Yoast SEO v27.4) - https:\/\/yoast.com\/product\/yoast-seo-premium-wordpress\/ -->\n<title>Grossiste pour Commer\u00e7ants | Th\u00e9s et Infusions biologiques de qualit\u00e9<\/title>\n<meta name=\"description\" content=\"Rejoignez notre r\u00e9seau de distributeurs HORECA. Infusions et th\u00e9s biologiques, pr\u00e9sentoirs et exposants pour l&#039;industrie h\u00f4teli\u00e8re.\" \/>\n<meta name=\"robots\" content=\"index, follow, max-snippet:-1, max-image-preview:large, max-video-preview:-1\" \/>\n<link rel=\"canonical\" href=\"https:\/\/www.sempertea.eu\/red-de-distribuidores-horeca\/\" \/>\n<meta property=\"og:locale\" content=\"fr_FR\" \/>\n<meta property=\"og:type\" content=\"article\" \/>\n<meta property=\"og:title\" content=\"Collaborer avec nous\" \/>\n<meta property=\"og:description\" content=\"Rejoignez notre r\u00e9seau de distributeurs HORECA. Infusions et th\u00e9s biologiques, pr\u00e9sentoirs et exposants pour l&#039;industrie h\u00f4teli\u00e8re.\" \/>\n<meta property=\"og:url\" content=\"https:\/\/www.sempertea.eu\/red-de-distribuidores-horeca\/\" \/>\n<meta property=\"og:site_name\" content=\"Semper Tea | Mayorista y fabricante de T\u00e9s e Infusiones para hoteles, restaurantes y bares\" \/>\n<meta property=\"article:modified_time\" content=\"2024-07-29T17:25:46+00:00\" \/>\n<meta property=\"og:image\" content=\"https:\/\/www.sempertea.eu\/wp-content\/uploads\/2024\/07\/grossiste-commercants-thes-infusions-biologiques-semper-tea.jpg\" \/>\n\t<meta property=\"og:image:width\" content=\"1000\" \/>\n\t<meta property=\"og:image:height\" content=\"600\" \/>\n\t<meta property=\"og:image:type\" content=\"image\/jpeg\" \/>\n<meta name=\"twitter:card\" content=\"summary_large_image\" \/>\n<meta name=\"twitter:label1\" content=\"Dur\u00e9e de lecture estim\u00e9e\" \/>\n\t<meta name=\"twitter:data1\" content=\"2 minutes\" \/>\n<script type=\"application\/ld+json\" class=\"yoast-schema-graph\">{\"@context\":\"https:\\\/\\\/schema.org\",\"@graph\":[{\"@type\":\"WebPage\",\"@id\":\"https:\\\/\\\/www.sempertea.eu\\\/red-de-distribuidores-horeca\\\/\",\"url\":\"https:\\\/\\\/www.sempertea.eu\\\/red-de-distribuidores-horeca\\\/\",\"name\":\"Grossiste pour Commer\u00e7ants | Th\u00e9s et Infusions biologiques de qualit\u00e9\",\"isPartOf\":{\"@id\":\"https:\\\/\\\/www.sempertea.eu\\\/#website\"},\"primaryImageOfPage\":{\"@id\":\"https:\\\/\\\/www.sempertea.eu\\\/red-de-distribuidores-horeca\\\/#primaryimage\"},\"image\":{\"@id\":\"https:\\\/\\\/www.sempertea.eu\\\/red-de-distribuidores-horeca\\\/#primaryimage\"},\"thumbnailUrl\":\"https:\\\/\\\/www.sempertea.eu\\\/wp-content\\\/uploads\\\/2024\\\/07\\\/grossiste-commercants-thes-infusions-biologiques-semper-tea.jpg\",\"datePublished\":\"2024-07-29T16:54:03+00:00\",\"dateModified\":\"2024-07-29T17:25:46+00:00\",\"description\":\"Rejoignez notre r\u00e9seau de distributeurs HORECA. Infusions et th\u00e9s biologiques, pr\u00e9sentoirs et exposants pour l'industrie h\u00f4teli\u00e8re.\",\"breadcrumb\":{\"@id\":\"https:\\\/\\\/www.sempertea.eu\\\/red-de-distribuidores-horeca\\\/#breadcrumb\"},\"inLanguage\":\"fr-FR\",\"potentialAction\":[{\"@type\":\"ReadAction\",\"target\":[\"https:\\\/\\\/www.sempertea.eu\\\/red-de-distribuidores-horeca\\\/\"]}]},{\"@type\":\"ImageObject\",\"inLanguage\":\"fr-FR\",\"@id\":\"https:\\\/\\\/www.sempertea.eu\\\/red-de-distribuidores-horeca\\\/#primaryimage\",\"url\":\"https:\\\/\\\/www.sempertea.eu\\\/wp-content\\\/uploads\\\/2024\\\/07\\\/grossiste-commercants-thes-infusions-biologiques-semper-tea.jpg\",\"contentUrl\":\"https:\\\/\\\/www.sempertea.eu\\\/wp-content\\\/uploads\\\/2024\\\/07\\\/grossiste-commercants-thes-infusions-biologiques-semper-tea.jpg\",\"width\":1000,\"height\":600,\"caption\":\"grossiste commercants thes infusions biologiques semper tea\"},{\"@type\":\"BreadcrumbList\",\"@id\":\"https:\\\/\\\/www.sempertea.eu\\\/red-de-distribuidores-horeca\\\/#breadcrumb\",\"itemListElement\":[{\"@type\":\"ListItem\",\"position\":1,\"name\":\"Portada\",\"item\":\"https:\\\/\\\/www.sempertea.eu\\\/\"},{\"@type\":\"ListItem\",\"position\":2,\"name\":\"Collaborer avec nous\"}]},{\"@type\":\"WebSite\",\"@id\":\"https:\\\/\\\/www.sempertea.eu\\\/#website\",\"url\":\"https:\\\/\\\/www.sempertea.eu\\\/\",\"name\":\"Semper Tea | Mayorista y fabricante de T\u00e9s e Infusiones para hoteles, restaurantes y bares\",\"description\":\"T\u00e9s e infusiones para hosteler\u00eda, hoteler\u00eda y comercio\",\"potentialAction\":[{\"@type\":\"SearchAction\",\"target\":{\"@type\":\"EntryPoint\",\"urlTemplate\":\"https:\\\/\\\/www.sempertea.eu\\\/?s={search_term_string}\"},\"query-input\":{\"@type\":\"PropertyValueSpecification\",\"valueRequired\":true,\"valueName\":\"search_term_string\"}}],\"inLanguage\":\"fr-FR\"}]}<\/script>\n<!-- \/ Yoast SEO Premium plugin. -->","yoast_head_json":{"title":"Grossiste pour Commer\u00e7ants | Th\u00e9s et Infusions biologiques de qualit\u00e9","description":"Rejoignez notre r\u00e9seau de distributeurs HORECA. Infusions et th\u00e9s biologiques, pr\u00e9sentoirs et exposants pour l'industrie h\u00f4teli\u00e8re.","robots":{"index":"index","follow":"follow","max-snippet":"max-snippet:-1","max-image-preview":"max-image-preview:large","max-video-preview":"max-video-preview:-1"},"canonical":"https:\/\/www.sempertea.eu\/red-de-distribuidores-horeca\/","og_locale":"fr_FR","og_type":"article","og_title":"Collaborer avec nous","og_description":"Rejoignez notre r\u00e9seau de distributeurs HORECA. Infusions et th\u00e9s biologiques, pr\u00e9sentoirs et exposants pour l'industrie h\u00f4teli\u00e8re.","og_url":"https:\/\/www.sempertea.eu\/red-de-distribuidores-horeca\/","og_site_name":"Semper Tea | Mayorista y fabricante de T\u00e9s e Infusiones para hoteles, restaurantes y bares","article_modified_time":"2024-07-29T17:25:46+00:00","og_image":[{"width":1000,"height":600,"url":"https:\/\/www.sempertea.eu\/wp-content\/uploads\/2024\/07\/grossiste-commercants-thes-infusions-biologiques-semper-tea.jpg","type":"image\/jpeg"}],"twitter_card":"summary_large_image","twitter_misc":{"Dur\u00e9e de lecture estim\u00e9e":"2 minutes"},"schema":{"@context":"https:\/\/schema.org","@graph":[{"@type":"WebPage","@id":"https:\/\/www.sempertea.eu\/red-de-distribuidores-horeca\/","url":"https:\/\/www.sempertea.eu\/red-de-distribuidores-horeca\/","name":"Grossiste pour Commer\u00e7ants | Th\u00e9s et Infusions biologiques de qualit\u00e9","isPartOf":{"@id":"https:\/\/www.sempertea.eu\/#website"},"primaryImageOfPage":{"@id":"https:\/\/www.sempertea.eu\/red-de-distribuidores-horeca\/#primaryimage"},"image":{"@id":"https:\/\/www.sempertea.eu\/red-de-distribuidores-horeca\/#primaryimage"},"thumbnailUrl":"https:\/\/www.sempertea.eu\/wp-content\/uploads\/2024\/07\/grossiste-commercants-thes-infusions-biologiques-semper-tea.jpg","datePublished":"2024-07-29T16:54:03+00:00","dateModified":"2024-07-29T17:25:46+00:00","description":"Rejoignez notre r\u00e9seau de distributeurs HORECA. Infusions et th\u00e9s biologiques, pr\u00e9sentoirs et exposants pour l'industrie h\u00f4teli\u00e8re.","breadcrumb":{"@id":"https:\/\/www.sempertea.eu\/red-de-distribuidores-horeca\/#breadcrumb"},"inLanguage":"fr-FR","potentialAction":[{"@type":"ReadAction","target":["https:\/\/www.sempertea.eu\/red-de-distribuidores-horeca\/"]}]},{"@type":"ImageObject","inLanguage":"fr-FR","@id":"https:\/\/www.sempertea.eu\/red-de-distribuidores-horeca\/#primaryimage","url":"https:\/\/www.sempertea.eu\/wp-content\/uploads\/2024\/07\/grossiste-commercants-thes-infusions-biologiques-semper-tea.jpg","contentUrl":"https:\/\/www.sempertea.eu\/wp-content\/uploads\/2024\/07\/grossiste-commercants-thes-infusions-biologiques-semper-tea.jpg","width":1000,"height":600,"caption":"grossiste commercants thes infusions biologiques semper tea"},{"@type":"BreadcrumbList","@id":"https:\/\/www.sempertea.eu\/red-de-distribuidores-horeca\/#breadcrumb","itemListElement":[{"@type":"ListItem","position":1,"name":"Portada","item":"https:\/\/www.sempertea.eu\/"},{"@type":"ListItem","position":2,"name":"Collaborer avec nous"}]},{"@type":"WebSite","@id":"https:\/\/www.sempertea.eu\/#website","url":"https:\/\/www.sempertea.eu\/","name":"Semper Tea | Mayorista y fabricante de T\u00e9s e Infusiones para hoteles, restaurantes y bares","description":"T\u00e9s e infusiones para hosteler\u00eda, hoteler\u00eda y comercio","potentialAction":[{"@type":"SearchAction","target":{"@type":"EntryPoint","urlTemplate":"https:\/\/www.sempertea.eu\/?s={search_term_string}"},"query-input":{"@type":"PropertyValueSpecification","valueRequired":true,"valueName":"search_term_string"}}],"inLanguage":"fr-FR"}]}},"_links":{"self":[{"href":"https:\/\/www.sempertea.eu\/fr\/wp-json\/wp\/v2\/pages\/11591","targetHints":{"allow":["GET"]}}],"collection":[{"href":"https:\/\/www.sempertea.eu\/fr\/wp-json\/wp\/v2\/pages"}],"about":[{"href":"https:\/\/www.sempertea.eu\/fr\/wp-json\/wp\/v2\/types\/page"}],"author":[{"embeddable":true,"href":"https:\/\/www.sempertea.eu\/fr\/wp-json\/wp\/v2\/users\/1"}],"replies":[{"embeddable":true,"href":"https:\/\/www.sempertea.eu\/fr\/wp-json\/wp\/v2\/comments?post=11591"}],"version-history":[{"count":0,"href":"https:\/\/www.sempertea.eu\/fr\/wp-json\/wp\/v2\/pages\/11591\/revisions"}],"wp:featuredmedia":[{"embeddable":true,"href":"https:\/\/www.sempertea.eu\/fr\/wp-json\/wp\/v2\/media\/11595"}],"wp:attachment":[{"href":"https:\/\/www.sempertea.eu\/fr\/wp-json\/wp\/v2\/media?parent=11591"}],"curies":[{"name":"wp","href":"https:\/\/api.w.org\/{rel}","templated":true}]}}