{"id":11580,"date":"2024-07-27T23:40:54","date_gmt":"2024-07-27T22:40:54","guid":{"rendered":"https:\/\/www.sempertea.eu\/votre-partenaire-pour-le-secteur-horeca\/"},"modified":"2024-07-29T17:43:12","modified_gmt":"2024-07-29T16:43:12","slug":"the-bio-pour-hotellerie-restauration-horeca","status":"publish","type":"page","link":"https:\/\/www.sempertea.eu\/fr\/the-bio-pour-hotellerie-restauration-horeca\/","title":{"rendered":"Votre partenaire pour l&rsquo;HORECA"},"content":{"rendered":"\n  <div class=\"banner has-hover\" id=\"banner-726137049\">\n          <div class=\"banner-inner fill\">\n        <div class=\"banner-bg fill\" >\n            <img loading=\"lazy\" decoding=\"async\" width=\"2500\" height=\"1500\" src=\"https:\/\/www.sempertea.eu\/wp-content\/uploads\/2024\/07\/tes-infusiones-para-sector-horeca-semper-tea.jpg\" class=\"bg attachment-original size-original\" alt=\"\" \/>                                    \n\t<div class=\"is-border\"\n\t\tstyle=\"border-width:0px 0px px 0px;\">\n\t<\/div>\n                    <\/div>\n\t\t\n        <div class=\"banner-layers container\">\n            <div class=\"fill banner-link\"><\/div>            \n   <div id=\"text-box-817601727\" class=\"text-box banner-layer x50 md-x50 lg-x50 y50 md-y50 lg-y50 res-text\">\n                                <div class=\"text-box-content text \">\n              \n              <div class=\"text-inner text-center\">\n                  \n<div class=\"is-divider divider clearfix\" style=\"max-width:200px;background-color:rgb(255, 255, 255);\"><\/div>\n\t<div id=\"gap-801281675\" class=\"gap-element clearfix\" style=\"display:block; height:auto;\">\n\t\t\n<style>\n#gap-801281675 {\n  padding-top: 2px;\n}\n<\/style>\n\t<\/div>\n\t\n<h1><span style=\"font-size: 90%;\"><span data-text-color=\"secondary\">Votre partenaire pour l&rsquo;HORECA<\/span><\/span><\/h1>\n<p><span data-text-color=\"secondary\"><span style=\"font-size: 150%;\">Semper Tea &#8211; Th\u00e9s et infusions biologiques dans un concept global<\/span><\/span><\/p>\n              <\/div>\n           <\/div>\n                            \n<style>\n#text-box-817601727 .text-box-content {\n  background-color: rgba(0, 0, 0, 0.26);\n  font-size: 100%;\n}\n#text-box-817601727 .text-inner {\n  padding: 10px 10px 10px 10px;\n}\n#text-box-817601727 {\n  width: 75%;\n}\n<\/style>\n    <\/div>\n \n        <\/div>\n      <\/div>\n\n            \n<style>\n#banner-726137049 {\n  padding-top: 400px;\n  background-color: rgb(255,255,255);\n}\n#banner-726137049 .banner-bg img {\n  object-position: 3% 84%;\n}\n@media (min-width:550px) {\n  #banner-726137049 {\n    padding-top: 500px;\n  }\n}\n<\/style>\n  <\/div>\n\n\n\n  <div class=\"banner has-hover\" id=\"banner-1402202466\">\n          <div class=\"banner-inner fill\">\n        <div class=\"banner-bg fill\" >\n                                                \n                    <\/div>\n\t\t\n        <div class=\"banner-layers container\">\n            <div class=\"fill banner-link\"><\/div>            \n   <div id=\"text-box-319467020\" class=\"text-box banner-layer x50 md-x50 lg-x50 y50 md-y50 lg-y50 res-text\">\n                                <div class=\"text-box-content text dark\">\n              \n              <div class=\"text-inner text-center\">\n                  \n<h3><span data-text-color=\"primary\"><span style=\"font-size: 80%;\">Formats et pr\u00e9sentations sur mesure<\/span><\/span><\/h3>\n<p><span data-text-color=\"primary\"><span style=\"font-size: 130%;\">Nous sommes des fournisseurs de th\u00e9s et d\u2019infusions qui proposent des solutions cr\u00e9atives, durables, \u00e9l\u00e9gantes et pratiques pour l\u2019h\u00f4tellerie, la restauration et tout ce qui est li\u00e9 au monde de la gastronomie, o\u00f9 le th\u00e9 et les infusions sont \u00e0 l\u2019honneur.<\/span><\/span><\/p>\n<a data-animate=\"fadeInLeft\" href=\"https:\/\/www.sempertea.eu\/fr\/contact\/\" class=\"button success lowercase\" >\n\t\t<span>Appel direct au repr\u00e9sentant commercial<\/span>\n\t<\/a>\n\n              <\/div>\n           <\/div>\n                            \n<style>\n#text-box-319467020 {\n  width: 56%;\n}\n#text-box-319467020 .text-box-content {\n  font-size: 100%;\n}\n@media (min-width:550px) {\n  #text-box-319467020 {\n    width: 100%;\n  }\n}\n<\/style>\n    <\/div>\n \n        <\/div>\n      <\/div>\n\n            \n<style>\n#banner-1402202466 {\n  padding-top: 350px;\n  background-color: rgb(255, 255, 255);\n}\n@media (min-width:550px) {\n  #banner-1402202466 {\n    padding-top: 300px;\n  }\n}\n<\/style>\n  <\/div>\n\n\n<div class=\"row row-collapse row-full-width align-middle align-center\"  id=\"row-521175658\">\n\n\t<div id=\"col-694124645\" class=\"col medium-12 small-12 large-8 medium-col-first\"  >\n\t\t\t\t<div class=\"col-inner\"  >\n\t\t\t\n\t\t\t\n\n  <div class=\"banner has-hover\" id=\"banner-1336103301\">\n          <div class=\"banner-inner fill\">\n        <div class=\"banner-bg fill\" >\n            <img loading=\"lazy\" decoding=\"async\" width=\"1726\" height=\"1500\" src=\"https:\/\/www.sempertea.eu\/wp-content\/uploads\/2021\/08\/tes-piramide-para-restaurante-cafeteria-bar-semper-tea.jpg\" class=\"bg attachment-original size-original\" alt=\"te piramide para restaurante cafeteria bar semper tea\" \/>                                    \n                    <\/div>\n\t\t\n        <div class=\"banner-layers container\">\n            <div class=\"fill banner-link\"><\/div>            \n        <\/div>\n      <\/div>\n\n            \n<style>\n#banner-1336103301 {\n  padding-top: 300px;\n  background-color: rgb(255, 255, 255);\n}\n#banner-1336103301 .banner-bg img {\n  object-position: 0% 72%;\n}\n@media (min-width:550px) {\n  #banner-1336103301 {\n    padding-top: 500px;\n  }\n}\n@media (min-width:850px) {\n  #banner-1336103301 {\n    padding-top: 400px;\n  }\n}\n<\/style>\n  <\/div>\n\n\n\t\t<\/div>\n\t\t\t\t\t<\/div>\n\n\t\n\n\t<div id=\"col-842586315\" class=\"col medium-10 small-11 large-4\"  >\n\t\t\t\t<div class=\"col-inner text-left\" style=\"background-color:rgb(255, 255, 255);\" >\n\t\t\t\n\t\t\t\n<h3><span style=\"font-size: 110%;\" data-line-height=\"s\">Nous combinons la tradition et l\u2019avant-garde.<\/span><\/h3>\n<p>Nous mettons toujours l\u2019accent sur la qualit\u00e9, en surprenant avec des saveurs soigneusement s\u00e9lectionn\u00e9es de th\u00e9s et d\u2019infusions biologiques.<\/p>\n\t\t<\/div>\n\t\t\t\t\n<style>\n#col-842586315 > .col-inner {\n  padding: 0px 10% 0px 10%;\n  margin: 50px 0px 50px 0px;\n}\n<\/style>\n\t<\/div>\n\n\t\n\n<style>\n#row-521175658 > .col > .col-inner {\n  background-color: rgb(17, 16, 16);\n}\n<\/style>\n<\/div>\n<div class=\"row row-collapse row-full-width align-middle align-center\"  id=\"row-1959838905\">\n\n\t<div id=\"col-2081761891\" class=\"col medium-12 small-12 large-4\"  >\n\t\t\t\t<div class=\"col-inner\"  >\n\t\t\t\n\t<div class=\"is-border\"\n\t\tstyle=\"border-width:0px 0px 0px 0px;\">\n\t<\/div>\n\t\t\t\n\n  <div class=\"banner has-hover\" id=\"banner-1514211795\">\n          <div class=\"banner-inner fill\">\n        <div class=\"banner-bg fill\" >\n            <img loading=\"lazy\" decoding=\"async\" width=\"900\" height=\"380\" src=\"https:\/\/www.sempertea.eu\/wp-content\/uploads\/2024\/06\/infusiones-libres-de-plastico-semper-tea.jpg\" class=\"bg attachment-original size-original\" alt=\"infusiones libres de plastico semper tea\" \/>                                    \n                    <\/div>\n\t\t\n        <div class=\"banner-layers container\">\n            <div class=\"fill banner-link\"><\/div>            \n        <\/div>\n      <\/div>\n\n            \n<style>\n#banner-1514211795 {\n  padding-top: 300px;\n  background-color: rgb(255, 255, 255);\n}\n#banner-1514211795 .banner-bg img {\n  object-position: 54% 89%;\n}\n@media (min-width:550px) {\n  #banner-1514211795 {\n    padding-top: 400px;\n  }\n}\n<\/style>\n  <\/div>\n\n\n\t\t<\/div>\n\t\t\t\t\n<style>\n#col-2081761891 > .col-inner {\n  padding: 0px 0px 0px 0px;\n  margin: 0px 0px 0px 0px;\n}\n<\/style>\n\t<\/div>\n\n\t\n\n\t<div id=\"col-315746872\" class=\"col medium-10 small-11 large-4\"  >\n\t\t\t\t<div class=\"col-inner\"  >\n\t\t\t\n\t\t\t\n\t<div id=\"gap-1811840614\" class=\"gap-element clearfix\" style=\"display:block; height:auto;\">\n\t\t\n<style>\n#gap-1811840614 {\n  padding-top: 20px;\n}\n<\/style>\n\t<\/div>\n\t\n<h3><span style=\"font-size: 110%;\">\u00catre unique<\/span><\/h3>\n<p>Depuis plus de 15 ans, nous fournissons des th\u00e9s et des infusions au secteur de l\u2019HORECA et aux \u00e9piceries fines.<\/p>\n<p>Avec Semper Tea, vous disposez d\u2019un alli\u00e9 qui vous permettra de vous diff\u00e9rencier des autres, car nous prenons soin de chaque d\u00e9tail, de la pr\u00e9sentation \u00e0 la fa\u00e7on dont le th\u00e9 est expos\u00e9.<\/p>\n\t\t<\/div>\n\t\t\t\t\n<style>\n#col-315746872 > .col-inner {\n  padding: 0px 10% 0px 10%;\n  margin: 30px 0px 50px 0px;\n}\n<\/style>\n\t<\/div>\n\n\t\n\n\t<div id=\"col-198592331\" class=\"col medium-12 small-12 large-4\"  >\n\t\t\t\t<div class=\"col-inner\"  >\n\t\t\t\n\t\t\t\n\n  <div class=\"banner has-hover\" id=\"banner-1990922334\">\n          <div class=\"banner-inner fill\">\n        <div class=\"banner-bg fill\" >\n            <img loading=\"lazy\" decoding=\"async\" width=\"1000\" height=\"1000\" src=\"https:\/\/www.sempertea.eu\/wp-content\/uploads\/2021\/07\/mint-infusion-menta-bolsita-piramidal-biodegradable-semper-tea.jpg\" class=\"bg attachment-original size-original\" alt=\"mint infusion menta bolsita piramidal biodegradable semper tea\" \/>                                    \n                    <\/div>\n\t\t\n        <div class=\"banner-layers container\">\n            <div class=\"fill banner-link\"><\/div>            \n        <\/div>\n      <\/div>\n\n            \n<style>\n#banner-1990922334 {\n  padding-top: 300px;\n  background-color: rgb(255, 255, 255);\n}\n#banner-1990922334 .banner-bg img {\n  object-position: 54% 89%;\n}\n@media (min-width:550px) {\n  #banner-1990922334 {\n    padding-top: 400px;\n  }\n}\n<\/style>\n  <\/div>\n\n\n\t\t<\/div>\n\t\t\t\t\t<\/div>\n\n\t\n<\/div>\n<div class=\"row row-collapse row-full-width align-middle align-center\"  id=\"row-1358528236\">\n\n\t<div id=\"col-1323669647\" class=\"col medium-10 small-12 large-4\"  >\n\t\t\t\t<div class=\"col-inner\"  >\n\t\t\t\n\t\t\t\n<div class=\"row align-middle align-center\"  id=\"row-947648976\">\n\n\t<div id=\"col-1896899241\" class=\"col medium-12 small-11 large-12\"  >\n\t\t\t\t<div class=\"col-inner text-left\"  >\n\t\t\t\n\t\t\t\n<h3><span style=\"font-size: 110%;\">Pr\u00e9sentoirs et bo\u00eetes \u00e0 th\u00e9<\/span><\/h3>\n<p>Des bo\u00eetes de th\u00e9 \u00e9l\u00e9gantes de diff\u00e9rentes tailles et des pr\u00e9sentoirs garantissent l\u2019ordre sur n\u2019importe quel buffet, bar ou comptoir et attirent en m\u00eame temps l\u2019attention par leur pr\u00e9sentation attrayante.<\/p>\n\t\t<\/div>\n\t\t\t\t\n<style>\n#col-1896899241 > .col-inner {\n  padding: 0px 5% 0px 10%;\n  margin: 50px 0px 50px 0px;\n}\n<\/style>\n\t<\/div>\n\n\t\n<\/div>\n\t\t<\/div>\n\t\t\t\t\t<\/div>\n\n\t\n\n\t<div id=\"col-1691635019\" class=\"col medium-12 small-12 large-8\"  >\n\t\t\t\t<div class=\"col-inner\"  >\n\t\t\t\n\t\t\t\n\n  <div class=\"banner has-hover hide-for-medium\" id=\"banner-2002866283\">\n          <div class=\"banner-inner fill\">\n        <div class=\"banner-bg fill\" >\n            <img loading=\"lazy\" decoding=\"async\" width=\"900\" height=\"380\" src=\"https:\/\/www.sempertea.eu\/wp-content\/uploads\/2022\/10\/caja-tes-infusiones-organicas-restauracion-semper-tea.jpg\" class=\"bg attachment-original size-original\" alt=\"caja tes infusiones organicas restauracion semper tea\" \/>                                    \n                    <\/div>\n\t\t\n        <div class=\"banner-layers container\">\n            <div class=\"fill banner-link\"><\/div>            \n        <\/div>\n      <\/div>\n\n            \n<style>\n#banner-2002866283 {\n  padding-top: 150px;\n  background-color: rgb(255, 255, 255);\n}\n#banner-2002866283 .banner-bg img {\n  object-position: 68% 100%;\n}\n@media (min-width:550px) {\n  #banner-2002866283 {\n    padding-top: 250px;\n  }\n}\n@media (min-width:850px) {\n  #banner-2002866283 {\n    padding-top: 400px;\n  }\n}\n<\/style>\n  <\/div>\n\n\n\t\t<\/div>\n\t\t\t\t\t<\/div>\n\n\t\n<\/div>\n<div class=\"row row-collapse row-full-width align-middle align-center\"  id=\"row-968321850\">\n\n\t<div id=\"col-1364071915\" class=\"col medium-12 small-12 large-8 medium-col-first\"  >\n\t\t\t\t<div class=\"col-inner\"  >\n\t\t\t\n\t\t\t\n\n  <div class=\"banner has-hover\" id=\"banner-1871179054\">\n          <div class=\"banner-inner fill\">\n        <div class=\"banner-bg fill\" >\n            <img loading=\"lazy\" decoding=\"async\" width=\"2000\" height=\"1500\" src=\"https:\/\/www.sempertea.eu\/wp-content\/uploads\/2024\/07\/tes-gourmet-para-eventos-y-catering-semper-tea.jpg\" class=\"bg attachment-original size-original\" alt=\"tes gourmet para eventos y catering semper tea\" \/>                                    \n                    <\/div>\n\t\t\n        <div class=\"banner-layers container\">\n            <div class=\"fill banner-link\"><\/div>            \n        <\/div>\n      <\/div>\n\n            \n<style>\n#banner-1871179054 {\n  padding-top: 300px;\n  background-color: rgb(255, 255, 255);\n}\n#banner-1871179054 .banner-bg img {\n  object-position: 0% 53%;\n}\n@media (min-width:550px) {\n  #banner-1871179054 {\n    padding-top: 500px;\n  }\n}\n@media (min-width:850px) {\n  #banner-1871179054 {\n    padding-top: 400px;\n  }\n}\n<\/style>\n  <\/div>\n\n\n\t\t<\/div>\n\t\t\t\t\t<\/div>\n\n\t\n\n\t<div id=\"col-1270339179\" class=\"col medium-10 small-11 large-4\"  >\n\t\t\t\t<div class=\"col-inner\" style=\"background-color:rgb(255, 255, 255);\" >\n\t\t\t\n\t\t\t\n<h3><span style=\"font-size: 110%;\">Qualit\u00e9 bio et pr\u00e9sentation soign\u00e9e<\/span><\/h3>\n<p>Nous nous distinguons par la qualit\u00e9, l\u2019emballage vert, la culture biologique et la pr\u00e9sentation de valeur.<\/p>\n<a data-animate=\"fadeInLeft\" href=\"https:\/\/www.sempertea.eu\/fr\/contact\/\" class=\"button success lowercase\" >\n\t\t<span>Questions?<\/span>\n\t<\/a>\n\n\t\t<\/div>\n\t\t\t\t\n<style>\n#col-1270339179 > .col-inner {\n  padding: 0px 10% 0px 10%;\n  margin: 50px 0px 50px 0px;\n}\n<\/style>\n\t<\/div>\n\n\t\n\n<style>\n#row-968321850 > .col > .col-inner {\n  background-color: rgb(17, 16, 16);\n}\n<\/style>\n<\/div>\n","protected":false},"excerpt":{"rendered":"","protected":false},"author":1,"featured_media":11585,"parent":0,"menu_order":0,"comment_status":"closed","ping_status":"closed","template":"page-blank.php","meta":{"footnotes":""},"class_list":["post-11580","page","type-page","status-publish","has-post-thumbnail","hentry"],"yoast_head":"<!-- This site is optimized with the Yoast SEO Premium plugin v27.3 (Yoast SEO v27.4) - https:\/\/yoast.com\/product\/yoast-seo-premium-wordpress\/ -->\n<title>Produits HORECA | Th\u00e9 bio pour l&#039;h\u00f4tellerie et restauration | Semper Tea<\/title>\n<meta name=\"description\" content=\"Th\u00e9s et infusions biologiques pour h\u00f4tels, restaurants, caf\u00e9s et traiteurs | Pr\u00e9sentoirs, bo\u00eetes \u00e0 th\u00e9 et pr\u00e9sentoirs HORECA\" \/>\n<meta name=\"robots\" content=\"index, follow, max-snippet:-1, max-image-preview:large, max-video-preview:-1\" \/>\n<link rel=\"canonical\" href=\"https:\/\/www.sempertea.eu\/productos-hosteleria-horeca\/\" \/>\n<meta property=\"og:locale\" content=\"fr_FR\" \/>\n<meta property=\"og:type\" content=\"article\" \/>\n<meta property=\"og:title\" content=\"Votre partenaire pour l&#039;HORECA\" \/>\n<meta property=\"og:description\" content=\"Th\u00e9s et infusions biologiques pour h\u00f4tels, restaurants, caf\u00e9s et traiteurs | Pr\u00e9sentoirs, bo\u00eetes \u00e0 th\u00e9 et pr\u00e9sentoirs HORECA\" \/>\n<meta property=\"og:url\" content=\"https:\/\/www.sempertea.eu\/productos-hosteleria-horeca\/\" \/>\n<meta property=\"og:site_name\" content=\"Semper Tea | Mayorista y fabricante de T\u00e9s e Infusiones para hoteles, restaurantes y bares\" \/>\n<meta property=\"article:modified_time\" content=\"2024-07-29T16:43:12+00:00\" \/>\n<meta property=\"og:image\" content=\"https:\/\/www.sempertea.eu\/wp-content\/uploads\/2024\/07\/the-bio-pour-hotellerie-restauration-horeca-semper-tea.jpg\" \/>\n\t<meta property=\"og:image:width\" content=\"1000\" \/>\n\t<meta property=\"og:image:height\" content=\"663\" \/>\n\t<meta property=\"og:image:type\" content=\"image\/jpeg\" \/>\n<meta name=\"twitter:card\" content=\"summary_large_image\" \/>\n<meta name=\"twitter:label1\" content=\"Dur\u00e9e de lecture estim\u00e9e\" \/>\n\t<meta name=\"twitter:data1\" content=\"3 minutes\" \/>\n<script type=\"application\/ld+json\" class=\"yoast-schema-graph\">{\"@context\":\"https:\\\/\\\/schema.org\",\"@graph\":[{\"@type\":\"WebPage\",\"@id\":\"https:\\\/\\\/www.sempertea.eu\\\/productos-hosteleria-horeca\\\/\",\"url\":\"https:\\\/\\\/www.sempertea.eu\\\/productos-hosteleria-horeca\\\/\",\"name\":\"Produits HORECA | Th\u00e9 bio pour l'h\u00f4tellerie et restauration | Semper Tea\",\"isPartOf\":{\"@id\":\"https:\\\/\\\/www.sempertea.eu\\\/#website\"},\"primaryImageOfPage\":{\"@id\":\"https:\\\/\\\/www.sempertea.eu\\\/productos-hosteleria-horeca\\\/#primaryimage\"},\"image\":{\"@id\":\"https:\\\/\\\/www.sempertea.eu\\\/productos-hosteleria-horeca\\\/#primaryimage\"},\"thumbnailUrl\":\"https:\\\/\\\/www.sempertea.eu\\\/wp-content\\\/uploads\\\/2024\\\/07\\\/the-bio-pour-hotellerie-restauration-horeca-semper-tea.jpg\",\"datePublished\":\"2024-07-27T22:40:54+00:00\",\"dateModified\":\"2024-07-29T16:43:12+00:00\",\"description\":\"Th\u00e9s et infusions biologiques pour h\u00f4tels, restaurants, caf\u00e9s et traiteurs | Pr\u00e9sentoirs, bo\u00eetes \u00e0 th\u00e9 et pr\u00e9sentoirs HORECA\",\"breadcrumb\":{\"@id\":\"https:\\\/\\\/www.sempertea.eu\\\/productos-hosteleria-horeca\\\/#breadcrumb\"},\"inLanguage\":\"fr-FR\",\"potentialAction\":[{\"@type\":\"ReadAction\",\"target\":[\"https:\\\/\\\/www.sempertea.eu\\\/productos-hosteleria-horeca\\\/\"]}]},{\"@type\":\"ImageObject\",\"inLanguage\":\"fr-FR\",\"@id\":\"https:\\\/\\\/www.sempertea.eu\\\/productos-hosteleria-horeca\\\/#primaryimage\",\"url\":\"https:\\\/\\\/www.sempertea.eu\\\/wp-content\\\/uploads\\\/2024\\\/07\\\/the-bio-pour-hotellerie-restauration-horeca-semper-tea.jpg\",\"contentUrl\":\"https:\\\/\\\/www.sempertea.eu\\\/wp-content\\\/uploads\\\/2024\\\/07\\\/the-bio-pour-hotellerie-restauration-horeca-semper-tea.jpg\",\"width\":1000,\"height\":663,\"caption\":\"the bio pour hotellerie restauration\"},{\"@type\":\"BreadcrumbList\",\"@id\":\"https:\\\/\\\/www.sempertea.eu\\\/productos-hosteleria-horeca\\\/#breadcrumb\",\"itemListElement\":[{\"@type\":\"ListItem\",\"position\":1,\"name\":\"Portada\",\"item\":\"https:\\\/\\\/www.sempertea.eu\\\/\"},{\"@type\":\"ListItem\",\"position\":2,\"name\":\"Votre partenaire pour l&#8217;HORECA\"}]},{\"@type\":\"WebSite\",\"@id\":\"https:\\\/\\\/www.sempertea.eu\\\/#website\",\"url\":\"https:\\\/\\\/www.sempertea.eu\\\/\",\"name\":\"Semper Tea | Mayorista y fabricante de T\u00e9s e Infusiones para hoteles, restaurantes y bares\",\"description\":\"T\u00e9s e infusiones para hosteler\u00eda, hoteler\u00eda y comercio\",\"potentialAction\":[{\"@type\":\"SearchAction\",\"target\":{\"@type\":\"EntryPoint\",\"urlTemplate\":\"https:\\\/\\\/www.sempertea.eu\\\/?s={search_term_string}\"},\"query-input\":{\"@type\":\"PropertyValueSpecification\",\"valueRequired\":true,\"valueName\":\"search_term_string\"}}],\"inLanguage\":\"fr-FR\"}]}<\/script>\n<!-- \/ Yoast SEO Premium plugin. -->","yoast_head_json":{"title":"Produits HORECA | Th\u00e9 bio pour l'h\u00f4tellerie et restauration | Semper Tea","description":"Th\u00e9s et infusions biologiques pour h\u00f4tels, restaurants, caf\u00e9s et traiteurs | Pr\u00e9sentoirs, bo\u00eetes \u00e0 th\u00e9 et pr\u00e9sentoirs HORECA","robots":{"index":"index","follow":"follow","max-snippet":"max-snippet:-1","max-image-preview":"max-image-preview:large","max-video-preview":"max-video-preview:-1"},"canonical":"https:\/\/www.sempertea.eu\/productos-hosteleria-horeca\/","og_locale":"fr_FR","og_type":"article","og_title":"Votre partenaire pour l'HORECA","og_description":"Th\u00e9s et infusions biologiques pour h\u00f4tels, restaurants, caf\u00e9s et traiteurs | Pr\u00e9sentoirs, bo\u00eetes \u00e0 th\u00e9 et pr\u00e9sentoirs HORECA","og_url":"https:\/\/www.sempertea.eu\/productos-hosteleria-horeca\/","og_site_name":"Semper Tea | Mayorista y fabricante de T\u00e9s e Infusiones para hoteles, restaurantes y bares","article_modified_time":"2024-07-29T16:43:12+00:00","og_image":[{"width":1000,"height":663,"url":"https:\/\/www.sempertea.eu\/wp-content\/uploads\/2024\/07\/the-bio-pour-hotellerie-restauration-horeca-semper-tea.jpg","type":"image\/jpeg"}],"twitter_card":"summary_large_image","twitter_misc":{"Dur\u00e9e de lecture estim\u00e9e":"3 minutes"},"schema":{"@context":"https:\/\/schema.org","@graph":[{"@type":"WebPage","@id":"https:\/\/www.sempertea.eu\/productos-hosteleria-horeca\/","url":"https:\/\/www.sempertea.eu\/productos-hosteleria-horeca\/","name":"Produits HORECA | Th\u00e9 bio pour l'h\u00f4tellerie et restauration | Semper Tea","isPartOf":{"@id":"https:\/\/www.sempertea.eu\/#website"},"primaryImageOfPage":{"@id":"https:\/\/www.sempertea.eu\/productos-hosteleria-horeca\/#primaryimage"},"image":{"@id":"https:\/\/www.sempertea.eu\/productos-hosteleria-horeca\/#primaryimage"},"thumbnailUrl":"https:\/\/www.sempertea.eu\/wp-content\/uploads\/2024\/07\/the-bio-pour-hotellerie-restauration-horeca-semper-tea.jpg","datePublished":"2024-07-27T22:40:54+00:00","dateModified":"2024-07-29T16:43:12+00:00","description":"Th\u00e9s et infusions biologiques pour h\u00f4tels, restaurants, caf\u00e9s et traiteurs | Pr\u00e9sentoirs, bo\u00eetes \u00e0 th\u00e9 et pr\u00e9sentoirs HORECA","breadcrumb":{"@id":"https:\/\/www.sempertea.eu\/productos-hosteleria-horeca\/#breadcrumb"},"inLanguage":"fr-FR","potentialAction":[{"@type":"ReadAction","target":["https:\/\/www.sempertea.eu\/productos-hosteleria-horeca\/"]}]},{"@type":"ImageObject","inLanguage":"fr-FR","@id":"https:\/\/www.sempertea.eu\/productos-hosteleria-horeca\/#primaryimage","url":"https:\/\/www.sempertea.eu\/wp-content\/uploads\/2024\/07\/the-bio-pour-hotellerie-restauration-horeca-semper-tea.jpg","contentUrl":"https:\/\/www.sempertea.eu\/wp-content\/uploads\/2024\/07\/the-bio-pour-hotellerie-restauration-horeca-semper-tea.jpg","width":1000,"height":663,"caption":"the bio pour hotellerie restauration"},{"@type":"BreadcrumbList","@id":"https:\/\/www.sempertea.eu\/productos-hosteleria-horeca\/#breadcrumb","itemListElement":[{"@type":"ListItem","position":1,"name":"Portada","item":"https:\/\/www.sempertea.eu\/"},{"@type":"ListItem","position":2,"name":"Votre partenaire pour l&#8217;HORECA"}]},{"@type":"WebSite","@id":"https:\/\/www.sempertea.eu\/#website","url":"https:\/\/www.sempertea.eu\/","name":"Semper Tea | Mayorista y fabricante de T\u00e9s e Infusiones para hoteles, restaurantes y bares","description":"T\u00e9s e infusiones para hosteler\u00eda, hoteler\u00eda y comercio","potentialAction":[{"@type":"SearchAction","target":{"@type":"EntryPoint","urlTemplate":"https:\/\/www.sempertea.eu\/?s={search_term_string}"},"query-input":{"@type":"PropertyValueSpecification","valueRequired":true,"valueName":"search_term_string"}}],"inLanguage":"fr-FR"}]}},"_links":{"self":[{"href":"https:\/\/www.sempertea.eu\/fr\/wp-json\/wp\/v2\/pages\/11580","targetHints":{"allow":["GET"]}}],"collection":[{"href":"https:\/\/www.sempertea.eu\/fr\/wp-json\/wp\/v2\/pages"}],"about":[{"href":"https:\/\/www.sempertea.eu\/fr\/wp-json\/wp\/v2\/types\/page"}],"author":[{"embeddable":true,"href":"https:\/\/www.sempertea.eu\/fr\/wp-json\/wp\/v2\/users\/1"}],"replies":[{"embeddable":true,"href":"https:\/\/www.sempertea.eu\/fr\/wp-json\/wp\/v2\/comments?post=11580"}],"version-history":[{"count":0,"href":"https:\/\/www.sempertea.eu\/fr\/wp-json\/wp\/v2\/pages\/11580\/revisions"}],"wp:featuredmedia":[{"embeddable":true,"href":"https:\/\/www.sempertea.eu\/fr\/wp-json\/wp\/v2\/media\/11585"}],"wp:attachment":[{"href":"https:\/\/www.sempertea.eu\/fr\/wp-json\/wp\/v2\/media?parent=11580"}],"curies":[{"name":"wp","href":"https:\/\/api.w.org\/{rel}","templated":true}]}}