{"id":8440,"date":"2023-09-11T21:43:18","date_gmt":"2023-09-11T20:52:46","guid":{"rendered":"https:\/\/www.sempertea.eu\/camomile-organic-tea-i-tea-pyramid-in-sachet\/"},"modified":"2024-01-17T16:00:04","modified_gmt":"2024-01-17T15:00:04","slug":"organic-infusions-plastic-free-chamomile","status":"publish","type":"product","link":"https:\/\/www.sempertea.eu\/en\/organic-infusions-plastic-free-chamomile\/","title":{"rendered":"CAMOMILE organic tea I Tea pyramid in sachet"},"content":{"rendered":"<h2>Chamomile: Your natural companion for serenity and sleep<\/h2>\n<p>In the whirlwind of our busy lives, our well-being, particularly the quality of our sleep, often takes a hit. Luckily, mother nature offers a bountiful array of herbs, flowers, seeds, fruits, and plants for infusions that can help us achieve a peaceful night&#8217;s rest. Among these options, Semper Tea&#8217;s organic Chamomile infusions truly shine, not only caring for your well-being but also for the planet.<\/p>\n<h3>Embrace natural harmony: organic chamomile tea<\/h3>\n<h4>Our Chamomile meticulously chosen and cultivated organically, is a <strong>caffeine-free infusion<\/strong>. Its soothing qualities make it the ideal choice for unwinding in the evening, guiding you into a calm and restful sleep. Moreover, its innate properties can alleviate the discomfort of a cold, allowing you to recover and rejuvenate.<\/p>\n<p><strong>100% Nature and Sustainability<\/strong><\/p>\n<p>At Semper Tea, our dedication to sustainability and environmental stewardship is unwavering. Hence, our herbal teas come in<strong> pyramid sachets and packaging that are entirely biodegradable<\/strong>, contributing to a greener, plastic-free world. Opt for eco-conscious, plastic-free products that not only bring you closer to nature but also nurture the planet. Our pursuit of excellence is synonymous with our commitment to environmental responsibility.<\/h4>\n<p>&nbsp;<\/p>\n","protected":false},"excerpt":{"rendered":"<p><strong>Pure and soothing with a sweet touch<\/strong><\/p>\n<p>This organic selection of whole chamomile flowers has a particularly delicate aroma with a hint of sweetness. A drink that helps you relax and enjoy the moment with its smooth taste, full of pleasure and free of caffeine. Crafted with a deep reverence for the environment, it bears no remnants of plastic.<\/p>\n","protected":false},"featured_media":8429,"comment_status":"open","ping_status":"closed","template":"","meta":[],"product_brand":[],"product_cat":[163,187,154,155,158,160,190,193,161,162,218],"product_tag":[],"class_list":{"0":"post-8440","1":"product","2":"type-product","3":"status-publish","4":"has-post-thumbnail","6":"product_cat-product-brochure-of-tea","7":"product_cat-teas-no-plastic-packaging-organic-bio","8":"product_cat-unique-exclusive-tea-collections","9":"product_cat-types-of-tea-packaging","10":"product_cat-the-best-herbal-teas-organic-online-shop","11":"product_cat-teas-and-tisanes-organic-buy-online","12":"product_cat-plastic-free-tea-packaging","13":"product_cat-tea-pyramid-biodegradable","14":"product_cat-exclusive-tea-line","15":"product_cat-todos-en","16":"product_cat-uncategorized-en","18":"first","19":"instock","20":"shipping-taxable","21":"purchasable","22":"product-type-simple"},"yoast_head":"<!-- This site is optimized with the Yoast SEO Premium plugin v27.3 (Yoast SEO v27.4) - https:\/\/yoast.com\/product\/yoast-seo-premium-wordpress\/ -->\n<title>Organic infusions 100% plastic free | Chamomile Semper Tea<\/title>\n<meta name=\"description\" content=\"Pure essence of nature with our organic chamomile infusions, packaged without a trace of plastic. Enjoy the eco-friendly box and packaging, completely plastic free.\" \/>\n<meta name=\"robots\" content=\"index, follow, max-snippet:-1, max-image-preview:large, max-video-preview:-1\" \/>\n<link rel=\"canonical\" href=\"https:\/\/www.sempertea.eu\/en\/organic-infusions-plastic-free-chamomile\/\" \/>\n<meta property=\"og:locale\" content=\"en_US\" \/>\n<meta property=\"og:type\" content=\"article\" \/>\n<meta property=\"og:title\" content=\"CAMOMILE organic tea I Tea pyramid in sachet\" \/>\n<meta property=\"og:description\" content=\"Pure essence of nature with our organic chamomile infusions, packaged without a trace of plastic. Enjoy the eco-friendly box and packaging, completely plastic free.\" \/>\n<meta property=\"og:url\" content=\"https:\/\/www.sempertea.eu\/en\/organic-infusions-plastic-free-chamomile\/\" \/>\n<meta property=\"og:site_name\" content=\"Semper Tea | Mayorista y fabricante de T\u00e9s e Infusiones para hoteles, restaurantes y bares\" \/>\n<meta property=\"article:modified_time\" content=\"2024-01-17T15:00:04+00:00\" \/>\n<meta property=\"og:image\" content=\"https:\/\/www.sempertea.eu\/wp-content\/uploads\/2023\/09\/infusiones-organicas-libre-de-plastico-semper-tea.jpg\" \/>\n\t<meta property=\"og:image:width\" content=\"1500\" \/>\n\t<meta property=\"og:image:height\" content=\"1500\" \/>\n\t<meta property=\"og:image:type\" content=\"image\/jpeg\" \/>\n<meta name=\"twitter:card\" content=\"summary_large_image\" \/>\n<meta name=\"twitter:label1\" content=\"Est. reading time\" \/>\n\t<meta name=\"twitter:data1\" content=\"1 minute\" \/>\n<script type=\"application\/ld+json\" class=\"yoast-schema-graph\">{\"@context\":\"https:\\\/\\\/schema.org\",\"@graph\":[{\"@type\":\"WebPage\",\"@id\":\"https:\\\/\\\/www.sempertea.eu\\\/en\\\/organic-infusions-plastic-free-chamomile\\\/\",\"url\":\"https:\\\/\\\/www.sempertea.eu\\\/en\\\/organic-infusions-plastic-free-chamomile\\\/\",\"name\":\"Organic infusions 100% plastic free | Chamomile Semper Tea\",\"isPartOf\":{\"@id\":\"https:\\\/\\\/www.sempertea.eu\\\/#website\"},\"primaryImageOfPage\":{\"@id\":\"https:\\\/\\\/www.sempertea.eu\\\/en\\\/organic-infusions-plastic-free-chamomile\\\/#primaryimage\"},\"image\":{\"@id\":\"https:\\\/\\\/www.sempertea.eu\\\/en\\\/organic-infusions-plastic-free-chamomile\\\/#primaryimage\"},\"thumbnailUrl\":\"https:\\\/\\\/www.sempertea.eu\\\/wp-content\\\/uploads\\\/2023\\\/09\\\/infusiones-organicas-libre-de-plastico-semper-tea.jpg\",\"datePublished\":\"2023-09-11T20:52:46+00:00\",\"dateModified\":\"2024-01-17T15:00:04+00:00\",\"description\":\"Pure essence of nature with our organic chamomile infusions, packaged without a trace of plastic. Enjoy the eco-friendly box and packaging, completely plastic free.\",\"breadcrumb\":{\"@id\":\"https:\\\/\\\/www.sempertea.eu\\\/en\\\/organic-infusions-plastic-free-chamomile\\\/#breadcrumb\"},\"inLanguage\":\"en-US\",\"potentialAction\":[{\"@type\":\"ReadAction\",\"target\":[\"https:\\\/\\\/www.sempertea.eu\\\/en\\\/organic-infusions-plastic-free-chamomile\\\/\"]}]},{\"@type\":\"ImageObject\",\"inLanguage\":\"en-US\",\"@id\":\"https:\\\/\\\/www.sempertea.eu\\\/en\\\/organic-infusions-plastic-free-chamomile\\\/#primaryimage\",\"url\":\"https:\\\/\\\/www.sempertea.eu\\\/wp-content\\\/uploads\\\/2023\\\/09\\\/infusiones-organicas-libre-de-plastico-semper-tea.jpg\",\"contentUrl\":\"https:\\\/\\\/www.sempertea.eu\\\/wp-content\\\/uploads\\\/2023\\\/09\\\/infusiones-organicas-libre-de-plastico-semper-tea.jpg\",\"width\":1500,\"height\":1500,\"caption\":\"infusiones organicas libre de plastico semper tea\"},{\"@type\":\"BreadcrumbList\",\"@id\":\"https:\\\/\\\/www.sempertea.eu\\\/en\\\/organic-infusions-plastic-free-chamomile\\\/#breadcrumb\",\"itemListElement\":[{\"@type\":\"ListItem\",\"position\":1,\"name\":\"Portada\",\"item\":\"https:\\\/\\\/www.sempertea.eu\\\/en\\\/\"},{\"@type\":\"ListItem\",\"position\":2,\"name\":\"Shop\",\"item\":\"https:\\\/\\\/www.sempertea.eu\\\/en\\\/shop\\\/\"},{\"@type\":\"ListItem\",\"position\":3,\"name\":\"CAMOMILE organic tea I Tea pyramid in sachet\"}]},{\"@type\":\"WebSite\",\"@id\":\"https:\\\/\\\/www.sempertea.eu\\\/#website\",\"url\":\"https:\\\/\\\/www.sempertea.eu\\\/\",\"name\":\"Semper Tea | Mayorista y fabricante de T\u00e9s e Infusiones para hoteles, restaurantes y bares\",\"description\":\"T\u00e9s e infusiones para hosteler\u00eda, hoteler\u00eda y comercio\",\"potentialAction\":[{\"@type\":\"SearchAction\",\"target\":{\"@type\":\"EntryPoint\",\"urlTemplate\":\"https:\\\/\\\/www.sempertea.eu\\\/?s={search_term_string}\"},\"query-input\":{\"@type\":\"PropertyValueSpecification\",\"valueRequired\":true,\"valueName\":\"search_term_string\"}}],\"inLanguage\":\"en-US\"}]}<\/script>\n<!-- \/ Yoast SEO Premium plugin. -->","yoast_head_json":{"title":"Organic infusions 100% plastic free | Chamomile Semper Tea","description":"Pure essence of nature with our organic chamomile infusions, packaged without a trace of plastic. Enjoy the eco-friendly box and packaging, completely plastic free.","robots":{"index":"index","follow":"follow","max-snippet":"max-snippet:-1","max-image-preview":"max-image-preview:large","max-video-preview":"max-video-preview:-1"},"canonical":"https:\/\/www.sempertea.eu\/en\/organic-infusions-plastic-free-chamomile\/","og_locale":"en_US","og_type":"article","og_title":"CAMOMILE organic tea I Tea pyramid in sachet","og_description":"Pure essence of nature with our organic chamomile infusions, packaged without a trace of plastic. Enjoy the eco-friendly box and packaging, completely plastic free.","og_url":"https:\/\/www.sempertea.eu\/en\/organic-infusions-plastic-free-chamomile\/","og_site_name":"Semper Tea | Mayorista y fabricante de T\u00e9s e Infusiones para hoteles, restaurantes y bares","article_modified_time":"2024-01-17T15:00:04+00:00","og_image":[{"width":1500,"height":1500,"url":"https:\/\/www.sempertea.eu\/wp-content\/uploads\/2023\/09\/infusiones-organicas-libre-de-plastico-semper-tea.jpg","type":"image\/jpeg"}],"twitter_card":"summary_large_image","twitter_misc":{"Est. reading time":"1 minute"},"schema":{"@context":"https:\/\/schema.org","@graph":[{"@type":"WebPage","@id":"https:\/\/www.sempertea.eu\/en\/organic-infusions-plastic-free-chamomile\/","url":"https:\/\/www.sempertea.eu\/en\/organic-infusions-plastic-free-chamomile\/","name":"Organic infusions 100% plastic free | Chamomile Semper Tea","isPartOf":{"@id":"https:\/\/www.sempertea.eu\/#website"},"primaryImageOfPage":{"@id":"https:\/\/www.sempertea.eu\/en\/organic-infusions-plastic-free-chamomile\/#primaryimage"},"image":{"@id":"https:\/\/www.sempertea.eu\/en\/organic-infusions-plastic-free-chamomile\/#primaryimage"},"thumbnailUrl":"https:\/\/www.sempertea.eu\/wp-content\/uploads\/2023\/09\/infusiones-organicas-libre-de-plastico-semper-tea.jpg","datePublished":"2023-09-11T20:52:46+00:00","dateModified":"2024-01-17T15:00:04+00:00","description":"Pure essence of nature with our organic chamomile infusions, packaged without a trace of plastic. Enjoy the eco-friendly box and packaging, completely plastic free.","breadcrumb":{"@id":"https:\/\/www.sempertea.eu\/en\/organic-infusions-plastic-free-chamomile\/#breadcrumb"},"inLanguage":"en-US","potentialAction":[{"@type":"ReadAction","target":["https:\/\/www.sempertea.eu\/en\/organic-infusions-plastic-free-chamomile\/"]}]},{"@type":"ImageObject","inLanguage":"en-US","@id":"https:\/\/www.sempertea.eu\/en\/organic-infusions-plastic-free-chamomile\/#primaryimage","url":"https:\/\/www.sempertea.eu\/wp-content\/uploads\/2023\/09\/infusiones-organicas-libre-de-plastico-semper-tea.jpg","contentUrl":"https:\/\/www.sempertea.eu\/wp-content\/uploads\/2023\/09\/infusiones-organicas-libre-de-plastico-semper-tea.jpg","width":1500,"height":1500,"caption":"infusiones organicas libre de plastico semper tea"},{"@type":"BreadcrumbList","@id":"https:\/\/www.sempertea.eu\/en\/organic-infusions-plastic-free-chamomile\/#breadcrumb","itemListElement":[{"@type":"ListItem","position":1,"name":"Portada","item":"https:\/\/www.sempertea.eu\/en\/"},{"@type":"ListItem","position":2,"name":"Shop","item":"https:\/\/www.sempertea.eu\/en\/shop\/"},{"@type":"ListItem","position":3,"name":"CAMOMILE organic tea I Tea pyramid in sachet"}]},{"@type":"WebSite","@id":"https:\/\/www.sempertea.eu\/#website","url":"https:\/\/www.sempertea.eu\/","name":"Semper Tea | Mayorista y fabricante de T\u00e9s e Infusiones para hoteles, restaurantes y bares","description":"T\u00e9s e infusiones para hosteler\u00eda, hoteler\u00eda y comercio","potentialAction":[{"@type":"SearchAction","target":{"@type":"EntryPoint","urlTemplate":"https:\/\/www.sempertea.eu\/?s={search_term_string}"},"query-input":{"@type":"PropertyValueSpecification","valueRequired":true,"valueName":"search_term_string"}}],"inLanguage":"en-US"}]}},"_links":{"self":[{"href":"https:\/\/www.sempertea.eu\/en\/wp-json\/wp\/v2\/product\/8440","targetHints":{"allow":["GET"]}}],"collection":[{"href":"https:\/\/www.sempertea.eu\/en\/wp-json\/wp\/v2\/product"}],"about":[{"href":"https:\/\/www.sempertea.eu\/en\/wp-json\/wp\/v2\/types\/product"}],"replies":[{"embeddable":true,"href":"https:\/\/www.sempertea.eu\/en\/wp-json\/wp\/v2\/comments?post=8440"}],"wp:featuredmedia":[{"embeddable":true,"href":"https:\/\/www.sempertea.eu\/en\/wp-json\/wp\/v2\/media\/8429"}],"wp:attachment":[{"href":"https:\/\/www.sempertea.eu\/en\/wp-json\/wp\/v2\/media?parent=8440"}],"wp:term":[{"taxonomy":"product_brand","embeddable":true,"href":"https:\/\/www.sempertea.eu\/en\/wp-json\/wp\/v2\/product_brand?post=8440"},{"taxonomy":"product_cat","embeddable":true,"href":"https:\/\/www.sempertea.eu\/en\/wp-json\/wp\/v2\/product_cat?post=8440"},{"taxonomy":"product_tag","embeddable":true,"href":"https:\/\/www.sempertea.eu\/en\/wp-json\/wp\/v2\/product_tag?post=8440"}],"curies":[{"name":"wp","href":"https:\/\/api.w.org\/{rel}","templated":true}]}}