{"id":8341,"date":"2023-08-26T21:34:57","date_gmt":"2023-08-26T21:26:40","guid":{"rendered":"https:\/\/www.sempertea.eu\/ginger-lemon-organic-tea-i-tea-pyramid-in-sachet\/"},"modified":"2024-01-17T17:58:01","modified_gmt":"2024-01-17T16:58:01","slug":"eco-friendly-tea-options-ginger-lemon-organic-tea-packaging","status":"publish","type":"product","link":"https:\/\/www.sempertea.eu\/en\/eco-friendly-tea-options-ginger-lemon-organic-tea-packaging\/","title":{"rendered":"GINGER LEMON organic tea I Tea pyramid in sachet"},"content":{"rendered":"<h2>Ginger and Lemon tea in eco friendly packaging<\/h2>\n<p>Health and Wellness Approach: We&#8217;ve meticulously selected premium organic ingredients to deliver an exceptionally flavourful and healthy tea experience.<br \/>\nPlanet-Friendly Approach: Our <strong>packaging is eco-friendly, <\/strong>biodegradable and plastic free, showcasing our respect to the environment.<\/p>\n<h4><strong>Ginger and Lemon: A harmonious blend<\/strong><\/h4>\n<p>Our tisane invites you to savour the gentle warmth of the ginger and the invigorating tang of the lemon. A powerful blend with many health benefits, which can also help to:<br \/>\n&#8211; Alleviate nausea &#8211; due to the ginger<br \/>\n&#8211; Enhance your skin<br \/>\n&#8211; Support liver detoxification<\/p>\n<h3>Why opt for our sustainable tea products?<\/h3>\n<p>Our <strong>eco-conscious packaging<\/strong> reflects our commitment to responsible and environmentally-friendly consumption. Each sip of our herbal teas not only offers personal joy but also helps towards a more sustainable and nature-embracing lifestyle.<\/p>\n","protected":false},"excerpt":{"rendered":"<p><strong>Natural with a fresh and spicy touch<\/strong><\/p>\n<p>Our tisane with ginger and lemon is natural and a pure joy. It combines the light spicy flavour of the ginger with the freshness of the lemon. A delightful blend that is not just tasty but also a great ally for your health.<\/p>\n","protected":false},"featured_media":8335,"comment_status":"open","ping_status":"closed","template":"","meta":[],"product_brand":[],"product_cat":[163,187,154,155,158,160,190,193,161,162,218],"product_tag":[],"class_list":{"0":"post-8341","1":"product","2":"type-product","3":"status-publish","4":"has-post-thumbnail","6":"product_cat-product-brochure-of-tea","7":"product_cat-teas-no-plastic-packaging-organic-bio","8":"product_cat-unique-exclusive-tea-collections","9":"product_cat-types-of-tea-packaging","10":"product_cat-the-best-herbal-teas-organic-online-shop","11":"product_cat-teas-and-tisanes-organic-buy-online","12":"product_cat-plastic-free-tea-packaging","13":"product_cat-tea-pyramid-biodegradable","14":"product_cat-exclusive-tea-line","15":"product_cat-todos-en","16":"product_cat-uncategorized-en","18":"first","19":"instock","20":"shipping-taxable","21":"purchasable","22":"product-type-simple"},"yoast_head":"<!-- This site is optimized with the Yoast SEO Premium plugin v27.3 (Yoast SEO v27.3) - https:\/\/yoast.com\/product\/yoast-seo-premium-wordpress\/ -->\n<title>Eco-friendly tea options: GINGER LEMON in Organic tea Packaging<\/title>\n<meta name=\"description\" content=\"Sustainable tea selection featuring GINGER LEMON blend, thoughtfully packaged in organic materials. A range of environmentally friendly tea products for a mindful sip.\" \/>\n<meta name=\"robots\" content=\"index, follow, max-snippet:-1, max-image-preview:large, max-video-preview:-1\" \/>\n<link rel=\"canonical\" href=\"https:\/\/www.sempertea.eu\/productos-de-te-sostenible-jengibre-limon-envase-ecologico\/\" \/>\n<meta property=\"og:locale\" content=\"en_US\" \/>\n<meta property=\"og:type\" content=\"article\" \/>\n<meta property=\"og:title\" content=\"GINGER LEMON organic tea I Tea pyramid in sachet\" \/>\n<meta property=\"og:description\" content=\"Sustainable tea selection featuring GINGER LEMON blend, thoughtfully packaged in organic materials. A range of environmentally friendly tea products for a mindful sip.\" \/>\n<meta property=\"og:url\" content=\"https:\/\/www.sempertea.eu\/productos-de-te-sostenible-jengibre-limon-envase-ecologico\/\" \/>\n<meta property=\"og:site_name\" content=\"Semper Tea | Mayorista y fabricante de T\u00e9s e Infusiones para hoteles, restaurantes y bares\" \/>\n<meta property=\"article:modified_time\" content=\"2024-01-17T16:58:01+00:00\" \/>\n<meta property=\"og:image\" content=\"https:\/\/www.sempertea.eu\/wp-content\/uploads\/2023\/08\/productos-de-te-sostenible-semper-tea.jpg\" \/>\n\t<meta property=\"og:image:width\" content=\"1500\" \/>\n\t<meta property=\"og:image:height\" content=\"1500\" \/>\n\t<meta property=\"og:image:type\" content=\"image\/jpeg\" \/>\n<meta name=\"twitter:card\" content=\"summary_large_image\" \/>\n<meta name=\"twitter:image\" content=\"https:\/\/www.sempertea.eu\/wp-content\/uploads\/2023\/08\/innovacion-en-envases-de-te-semper-tea.jpg\" \/>\n<meta name=\"twitter:label1\" content=\"Est. reading time\" \/>\n\t<meta name=\"twitter:data1\" content=\"1 minute\" \/>\n<script type=\"application\/ld+json\" class=\"yoast-schema-graph\">{\"@context\":\"https:\\\/\\\/schema.org\",\"@graph\":[{\"@type\":\"WebPage\",\"@id\":\"https:\\\/\\\/www.sempertea.eu\\\/productos-de-te-sostenible-jengibre-limon-envase-ecologico\\\/\",\"url\":\"https:\\\/\\\/www.sempertea.eu\\\/productos-de-te-sostenible-jengibre-limon-envase-ecologico\\\/\",\"name\":\"Eco-friendly tea options: GINGER LEMON in Organic tea Packaging\",\"isPartOf\":{\"@id\":\"https:\\\/\\\/www.sempertea.eu\\\/#website\"},\"primaryImageOfPage\":{\"@id\":\"https:\\\/\\\/www.sempertea.eu\\\/productos-de-te-sostenible-jengibre-limon-envase-ecologico\\\/#primaryimage\"},\"image\":{\"@id\":\"https:\\\/\\\/www.sempertea.eu\\\/productos-de-te-sostenible-jengibre-limon-envase-ecologico\\\/#primaryimage\"},\"thumbnailUrl\":\"https:\\\/\\\/www.sempertea.eu\\\/wp-content\\\/uploads\\\/2023\\\/08\\\/productos-de-te-sostenible-semper-tea.jpg\",\"datePublished\":\"2023-08-26T21:26:40+00:00\",\"dateModified\":\"2024-01-17T16:58:01+00:00\",\"description\":\"Sustainable tea selection featuring GINGER LEMON blend, thoughtfully packaged in organic materials. A range of environmentally friendly tea products for a mindful sip.\",\"breadcrumb\":{\"@id\":\"https:\\\/\\\/www.sempertea.eu\\\/productos-de-te-sostenible-jengibre-limon-envase-ecologico\\\/#breadcrumb\"},\"inLanguage\":\"en-US\",\"potentialAction\":[{\"@type\":\"ReadAction\",\"target\":[\"https:\\\/\\\/www.sempertea.eu\\\/productos-de-te-sostenible-jengibre-limon-envase-ecologico\\\/\"]}]},{\"@type\":\"ImageObject\",\"inLanguage\":\"en-US\",\"@id\":\"https:\\\/\\\/www.sempertea.eu\\\/productos-de-te-sostenible-jengibre-limon-envase-ecologico\\\/#primaryimage\",\"url\":\"https:\\\/\\\/www.sempertea.eu\\\/wp-content\\\/uploads\\\/2023\\\/08\\\/productos-de-te-sostenible-semper-tea.jpg\",\"contentUrl\":\"https:\\\/\\\/www.sempertea.eu\\\/wp-content\\\/uploads\\\/2023\\\/08\\\/productos-de-te-sostenible-semper-tea.jpg\",\"width\":1500,\"height\":1500,\"caption\":\"productos de te sostenible semper tea\"},{\"@type\":\"BreadcrumbList\",\"@id\":\"https:\\\/\\\/www.sempertea.eu\\\/productos-de-te-sostenible-jengibre-limon-envase-ecologico\\\/#breadcrumb\",\"itemListElement\":[{\"@type\":\"ListItem\",\"position\":1,\"name\":\"Portada\",\"item\":\"https:\\\/\\\/www.sempertea.eu\\\/en\\\/\"},{\"@type\":\"ListItem\",\"position\":2,\"name\":\"Shop\",\"item\":\"https:\\\/\\\/www.sempertea.eu\\\/en\\\/shop\\\/\"},{\"@type\":\"ListItem\",\"position\":3,\"name\":\"GINGER LEMON organic tea I Tea pyramid in sachet\"}]},{\"@type\":\"WebSite\",\"@id\":\"https:\\\/\\\/www.sempertea.eu\\\/#website\",\"url\":\"https:\\\/\\\/www.sempertea.eu\\\/\",\"name\":\"Semper Tea | Mayorista y fabricante de T\u00e9s e Infusiones para hoteles, restaurantes y bares\",\"description\":\"T\u00e9s e infusiones para hosteler\u00eda, hoteler\u00eda y comercio\",\"potentialAction\":[{\"@type\":\"SearchAction\",\"target\":{\"@type\":\"EntryPoint\",\"urlTemplate\":\"https:\\\/\\\/www.sempertea.eu\\\/?s={search_term_string}\"},\"query-input\":{\"@type\":\"PropertyValueSpecification\",\"valueRequired\":true,\"valueName\":\"search_term_string\"}}],\"inLanguage\":\"en-US\"}]}<\/script>\n<!-- \/ Yoast SEO Premium plugin. -->","yoast_head_json":{"title":"Eco-friendly tea options: GINGER LEMON in Organic tea Packaging","description":"Sustainable tea selection featuring GINGER LEMON blend, thoughtfully packaged in organic materials. A range of environmentally friendly tea products for a mindful sip.","robots":{"index":"index","follow":"follow","max-snippet":"max-snippet:-1","max-image-preview":"max-image-preview:large","max-video-preview":"max-video-preview:-1"},"canonical":"https:\/\/www.sempertea.eu\/productos-de-te-sostenible-jengibre-limon-envase-ecologico\/","og_locale":"en_US","og_type":"article","og_title":"GINGER LEMON organic tea I Tea pyramid in sachet","og_description":"Sustainable tea selection featuring GINGER LEMON blend, thoughtfully packaged in organic materials. A range of environmentally friendly tea products for a mindful sip.","og_url":"https:\/\/www.sempertea.eu\/productos-de-te-sostenible-jengibre-limon-envase-ecologico\/","og_site_name":"Semper Tea | Mayorista y fabricante de T\u00e9s e Infusiones para hoteles, restaurantes y bares","article_modified_time":"2024-01-17T16:58:01+00:00","og_image":[{"width":1500,"height":1500,"url":"https:\/\/www.sempertea.eu\/wp-content\/uploads\/2023\/08\/productos-de-te-sostenible-semper-tea.jpg","type":"image\/jpeg"}],"twitter_card":"summary_large_image","twitter_image":"https:\/\/www.sempertea.eu\/wp-content\/uploads\/2023\/08\/innovacion-en-envases-de-te-semper-tea.jpg","twitter_misc":{"Est. reading time":"1 minute"},"schema":{"@context":"https:\/\/schema.org","@graph":[{"@type":"WebPage","@id":"https:\/\/www.sempertea.eu\/productos-de-te-sostenible-jengibre-limon-envase-ecologico\/","url":"https:\/\/www.sempertea.eu\/productos-de-te-sostenible-jengibre-limon-envase-ecologico\/","name":"Eco-friendly tea options: GINGER LEMON in Organic tea Packaging","isPartOf":{"@id":"https:\/\/www.sempertea.eu\/#website"},"primaryImageOfPage":{"@id":"https:\/\/www.sempertea.eu\/productos-de-te-sostenible-jengibre-limon-envase-ecologico\/#primaryimage"},"image":{"@id":"https:\/\/www.sempertea.eu\/productos-de-te-sostenible-jengibre-limon-envase-ecologico\/#primaryimage"},"thumbnailUrl":"https:\/\/www.sempertea.eu\/wp-content\/uploads\/2023\/08\/productos-de-te-sostenible-semper-tea.jpg","datePublished":"2023-08-26T21:26:40+00:00","dateModified":"2024-01-17T16:58:01+00:00","description":"Sustainable tea selection featuring GINGER LEMON blend, thoughtfully packaged in organic materials. A range of environmentally friendly tea products for a mindful sip.","breadcrumb":{"@id":"https:\/\/www.sempertea.eu\/productos-de-te-sostenible-jengibre-limon-envase-ecologico\/#breadcrumb"},"inLanguage":"en-US","potentialAction":[{"@type":"ReadAction","target":["https:\/\/www.sempertea.eu\/productos-de-te-sostenible-jengibre-limon-envase-ecologico\/"]}]},{"@type":"ImageObject","inLanguage":"en-US","@id":"https:\/\/www.sempertea.eu\/productos-de-te-sostenible-jengibre-limon-envase-ecologico\/#primaryimage","url":"https:\/\/www.sempertea.eu\/wp-content\/uploads\/2023\/08\/productos-de-te-sostenible-semper-tea.jpg","contentUrl":"https:\/\/www.sempertea.eu\/wp-content\/uploads\/2023\/08\/productos-de-te-sostenible-semper-tea.jpg","width":1500,"height":1500,"caption":"productos de te sostenible semper tea"},{"@type":"BreadcrumbList","@id":"https:\/\/www.sempertea.eu\/productos-de-te-sostenible-jengibre-limon-envase-ecologico\/#breadcrumb","itemListElement":[{"@type":"ListItem","position":1,"name":"Portada","item":"https:\/\/www.sempertea.eu\/en\/"},{"@type":"ListItem","position":2,"name":"Shop","item":"https:\/\/www.sempertea.eu\/en\/shop\/"},{"@type":"ListItem","position":3,"name":"GINGER LEMON organic tea I Tea pyramid in sachet"}]},{"@type":"WebSite","@id":"https:\/\/www.sempertea.eu\/#website","url":"https:\/\/www.sempertea.eu\/","name":"Semper Tea | Mayorista y fabricante de T\u00e9s e Infusiones para hoteles, restaurantes y bares","description":"T\u00e9s e infusiones para hosteler\u00eda, hoteler\u00eda y comercio","potentialAction":[{"@type":"SearchAction","target":{"@type":"EntryPoint","urlTemplate":"https:\/\/www.sempertea.eu\/?s={search_term_string}"},"query-input":{"@type":"PropertyValueSpecification","valueRequired":true,"valueName":"search_term_string"}}],"inLanguage":"en-US"}]}},"_links":{"self":[{"href":"https:\/\/www.sempertea.eu\/en\/wp-json\/wp\/v2\/product\/8341","targetHints":{"allow":["GET"]}}],"collection":[{"href":"https:\/\/www.sempertea.eu\/en\/wp-json\/wp\/v2\/product"}],"about":[{"href":"https:\/\/www.sempertea.eu\/en\/wp-json\/wp\/v2\/types\/product"}],"replies":[{"embeddable":true,"href":"https:\/\/www.sempertea.eu\/en\/wp-json\/wp\/v2\/comments?post=8341"}],"wp:featuredmedia":[{"embeddable":true,"href":"https:\/\/www.sempertea.eu\/en\/wp-json\/wp\/v2\/media\/8335"}],"wp:attachment":[{"href":"https:\/\/www.sempertea.eu\/en\/wp-json\/wp\/v2\/media?parent=8341"}],"wp:term":[{"taxonomy":"product_brand","embeddable":true,"href":"https:\/\/www.sempertea.eu\/en\/wp-json\/wp\/v2\/product_brand?post=8341"},{"taxonomy":"product_cat","embeddable":true,"href":"https:\/\/www.sempertea.eu\/en\/wp-json\/wp\/v2\/product_cat?post=8341"},{"taxonomy":"product_tag","embeddable":true,"href":"https:\/\/www.sempertea.eu\/en\/wp-json\/wp\/v2\/product_tag?post=8341"}],"curies":[{"name":"wp","href":"https:\/\/api.w.org\/{rel}","templated":true}]}}