{"id":8321,"date":"2023-08-25T21:18:44","date_gmt":"2023-08-25T20:58:58","guid":{"rendered":"https:\/\/www.sempertea.eu\/green-organic-tea-i-tea-pyramid-in-sachet\/"},"modified":"2024-01-17T18:04:09","modified_gmt":"2024-01-17T17:04:09","slug":"organic-tea-in-sustainable-packaging-for-hospitality-industry","status":"publish","type":"product","link":"https:\/\/www.sempertea.eu\/en\/organic-tea-in-sustainable-packaging-for-hospitality-industry\/","title":{"rendered":"GREEN organic tea I Tea pyramid in sachet"},"content":{"rendered":"<h2>Sustainability within the HoReCa sector<\/h2>\n<p>Our organic green tea is available in 100% <strong>sustainable packaging,<\/strong> specially designed for the hospitality industry. Loose organic tea in biodegradable pyramid bags and <strong>plastic free sachet and case<\/strong>. Enjoy the unmatched freshness and quality of our tea while contributing to the well-being of the environment. Each sip embodies our commitment to sustainability, starting with the conscious selection of <a href=\"https:\/\/www.sempertea.eu\/en\/certified-organic-teas-agriculture-natural\/\"><strong>eco-friendly packaging<\/strong><\/a>. .<\/p>\n<h3>Embark on a green tea journey<\/h3>\n<p>Our green tea, derived from the Camellia sinensis plant, earns its name from the distinct colour that the leaves acquire during the drying process. We meticulously choose fresh, new buds from the plant, avoiding oxidation or fermentation. With its pale green tint, this tea promises an exceptional experience in every cup.<\/p>\n<h4><strong>Bountiful health benefits<\/strong><\/h4>\n<p>Green tea has many health benefits. Abundant in vitamins, antioxidants, and soothing properties, it can serve as a natural companion for skin care. A hot cup of green tea contains vitamins C, E, and provitamin A, alongside amino acid compounds that may aid in stress reduction and relaxation. Moreover, its gentle stimulating effect infuses vitality and alertness, offering a milder alternative to caffeine.<\/p>\n","protected":false},"excerpt":{"rendered":"<p><strong>Pure, delicate and full of fragrance<\/strong><\/p>\n<p>A wonderful Green tea with a delicate flavour and refined aroma. It is a pure tea with a bright appearance and a soft green tone. Like all Green teas, it has multiple health benefits due to its high antioxidant content.<\/p>\n","protected":false},"featured_media":8314,"comment_status":"open","ping_status":"closed","template":"","meta":[],"product_brand":[],"product_cat":[163,187,154,155,165,160,190,193,161,162,218],"product_tag":[],"class_list":{"0":"post-8321","1":"product","2":"type-product","3":"status-publish","4":"has-post-thumbnail","6":"product_cat-product-brochure-of-tea","7":"product_cat-teas-no-plastic-packaging-organic-bio","8":"product_cat-unique-exclusive-tea-collections","9":"product_cat-types-of-tea-packaging","10":"product_cat-buy-green-tea-online-at-best-prices-high-quality","11":"product_cat-teas-and-tisanes-organic-buy-online","12":"product_cat-plastic-free-tea-packaging","13":"product_cat-tea-pyramid-biodegradable","14":"product_cat-exclusive-tea-line","15":"product_cat-todos-en","16":"product_cat-uncategorized-en","18":"first","19":"instock","20":"shipping-taxable","21":"purchasable","22":"product-type-simple"},"yoast_head":"<!-- This site is optimized with the Yoast SEO Premium plugin v27.3 (Yoast SEO v27.3) - https:\/\/yoast.com\/product\/yoast-seo-premium-wordpress\/ -->\n<title>Organic Green Tea in Sustainable Packaging for Hospitality Industry<\/title>\n<meta name=\"description\" content=\"Exceptional quality of organic tea in sustainable packaging, perfect for hospitality industry. Elevate the experience with our responsibly sourced tea.\" \/>\n<meta name=\"robots\" content=\"index, follow, max-snippet:-1, max-image-preview:large, max-video-preview:-1\" \/>\n<link rel=\"canonical\" href=\"https:\/\/www.sempertea.eu\/te-verde-organico-packaging-sostenible-para-hosteleria\/\" \/>\n<meta property=\"og:locale\" content=\"en_US\" \/>\n<meta property=\"og:type\" content=\"article\" \/>\n<meta property=\"og:title\" content=\"GREEN organic tea I Tea pyramid in sachet\" \/>\n<meta property=\"og:description\" content=\"Exceptional quality of organic tea in sustainable packaging, perfect for hospitality industry. Elevate the experience with our responsibly sourced tea.\" \/>\n<meta property=\"og:url\" content=\"https:\/\/www.sempertea.eu\/te-verde-organico-packaging-sostenible-para-hosteleria\/\" \/>\n<meta property=\"og:site_name\" content=\"Semper Tea | Mayorista y fabricante de T\u00e9s e Infusiones para hoteles, restaurantes y bares\" \/>\n<meta property=\"article:modified_time\" content=\"2024-01-17T17:04:09+00:00\" \/>\n<meta property=\"og:image\" content=\"https:\/\/www.sempertea.eu\/wp-content\/uploads\/2023\/08\/envase-responsable-para-te-organicos-semper-tea.jpg\" \/>\n\t<meta property=\"og:image:width\" content=\"1500\" \/>\n\t<meta property=\"og:image:height\" content=\"1500\" \/>\n\t<meta property=\"og:image:type\" content=\"image\/jpeg\" \/>\n<meta name=\"twitter:card\" content=\"summary_large_image\" \/>\n<meta name=\"twitter:image\" content=\"https:\/\/www.sempertea.eu\/wp-content\/uploads\/2023\/08\/envase-eco-para-hosteleria-te-verde-ecologico-semper-tea.jpg\" \/>\n<meta name=\"twitter:label1\" content=\"Est. reading time\" \/>\n\t<meta name=\"twitter:data1\" content=\"1 minute\" \/>\n<script type=\"application\/ld+json\" class=\"yoast-schema-graph\">{\"@context\":\"https:\\\/\\\/schema.org\",\"@graph\":[{\"@type\":\"WebPage\",\"@id\":\"https:\\\/\\\/www.sempertea.eu\\\/te-verde-organico-packaging-sostenible-para-hosteleria\\\/\",\"url\":\"https:\\\/\\\/www.sempertea.eu\\\/te-verde-organico-packaging-sostenible-para-hosteleria\\\/\",\"name\":\"Organic Green Tea in Sustainable Packaging for Hospitality Industry\",\"isPartOf\":{\"@id\":\"https:\\\/\\\/www.sempertea.eu\\\/#website\"},\"primaryImageOfPage\":{\"@id\":\"https:\\\/\\\/www.sempertea.eu\\\/te-verde-organico-packaging-sostenible-para-hosteleria\\\/#primaryimage\"},\"image\":{\"@id\":\"https:\\\/\\\/www.sempertea.eu\\\/te-verde-organico-packaging-sostenible-para-hosteleria\\\/#primaryimage\"},\"thumbnailUrl\":\"https:\\\/\\\/www.sempertea.eu\\\/wp-content\\\/uploads\\\/2023\\\/08\\\/envase-responsable-para-te-organicos-semper-tea.jpg\",\"datePublished\":\"2023-08-25T20:58:58+00:00\",\"dateModified\":\"2024-01-17T17:04:09+00:00\",\"description\":\"Exceptional quality of organic tea in sustainable packaging, perfect for hospitality industry. Elevate the experience with our responsibly sourced tea.\",\"breadcrumb\":{\"@id\":\"https:\\\/\\\/www.sempertea.eu\\\/te-verde-organico-packaging-sostenible-para-hosteleria\\\/#breadcrumb\"},\"inLanguage\":\"en-US\",\"potentialAction\":[{\"@type\":\"ReadAction\",\"target\":[\"https:\\\/\\\/www.sempertea.eu\\\/te-verde-organico-packaging-sostenible-para-hosteleria\\\/\"]}]},{\"@type\":\"ImageObject\",\"inLanguage\":\"en-US\",\"@id\":\"https:\\\/\\\/www.sempertea.eu\\\/te-verde-organico-packaging-sostenible-para-hosteleria\\\/#primaryimage\",\"url\":\"https:\\\/\\\/www.sempertea.eu\\\/wp-content\\\/uploads\\\/2023\\\/08\\\/envase-responsable-para-te-organicos-semper-tea.jpg\",\"contentUrl\":\"https:\\\/\\\/www.sempertea.eu\\\/wp-content\\\/uploads\\\/2023\\\/08\\\/envase-responsable-para-te-organicos-semper-tea.jpg\",\"width\":1500,\"height\":1500,\"caption\":\"Envase responsable para te organicos semper tea\"},{\"@type\":\"BreadcrumbList\",\"@id\":\"https:\\\/\\\/www.sempertea.eu\\\/te-verde-organico-packaging-sostenible-para-hosteleria\\\/#breadcrumb\",\"itemListElement\":[{\"@type\":\"ListItem\",\"position\":1,\"name\":\"Portada\",\"item\":\"https:\\\/\\\/www.sempertea.eu\\\/en\\\/\"},{\"@type\":\"ListItem\",\"position\":2,\"name\":\"Shop\",\"item\":\"https:\\\/\\\/www.sempertea.eu\\\/en\\\/shop\\\/\"},{\"@type\":\"ListItem\",\"position\":3,\"name\":\"GREEN organic tea I Tea pyramid in sachet\"}]},{\"@type\":\"WebSite\",\"@id\":\"https:\\\/\\\/www.sempertea.eu\\\/#website\",\"url\":\"https:\\\/\\\/www.sempertea.eu\\\/\",\"name\":\"Semper Tea | Mayorista y fabricante de T\u00e9s e Infusiones para hoteles, restaurantes y bares\",\"description\":\"T\u00e9s e infusiones para hosteler\u00eda, hoteler\u00eda y comercio\",\"potentialAction\":[{\"@type\":\"SearchAction\",\"target\":{\"@type\":\"EntryPoint\",\"urlTemplate\":\"https:\\\/\\\/www.sempertea.eu\\\/?s={search_term_string}\"},\"query-input\":{\"@type\":\"PropertyValueSpecification\",\"valueRequired\":true,\"valueName\":\"search_term_string\"}}],\"inLanguage\":\"en-US\"}]}<\/script>\n<!-- \/ Yoast SEO Premium plugin. -->","yoast_head_json":{"title":"Organic Green Tea in Sustainable Packaging for Hospitality Industry","description":"Exceptional quality of organic tea in sustainable packaging, perfect for hospitality industry. Elevate the experience with our responsibly sourced tea.","robots":{"index":"index","follow":"follow","max-snippet":"max-snippet:-1","max-image-preview":"max-image-preview:large","max-video-preview":"max-video-preview:-1"},"canonical":"https:\/\/www.sempertea.eu\/te-verde-organico-packaging-sostenible-para-hosteleria\/","og_locale":"en_US","og_type":"article","og_title":"GREEN organic tea I Tea pyramid in sachet","og_description":"Exceptional quality of organic tea in sustainable packaging, perfect for hospitality industry. Elevate the experience with our responsibly sourced tea.","og_url":"https:\/\/www.sempertea.eu\/te-verde-organico-packaging-sostenible-para-hosteleria\/","og_site_name":"Semper Tea | Mayorista y fabricante de T\u00e9s e Infusiones para hoteles, restaurantes y bares","article_modified_time":"2024-01-17T17:04:09+00:00","og_image":[{"width":1500,"height":1500,"url":"https:\/\/www.sempertea.eu\/wp-content\/uploads\/2023\/08\/envase-responsable-para-te-organicos-semper-tea.jpg","type":"image\/jpeg"}],"twitter_card":"summary_large_image","twitter_image":"https:\/\/www.sempertea.eu\/wp-content\/uploads\/2023\/08\/envase-eco-para-hosteleria-te-verde-ecologico-semper-tea.jpg","twitter_misc":{"Est. reading time":"1 minute"},"schema":{"@context":"https:\/\/schema.org","@graph":[{"@type":"WebPage","@id":"https:\/\/www.sempertea.eu\/te-verde-organico-packaging-sostenible-para-hosteleria\/","url":"https:\/\/www.sempertea.eu\/te-verde-organico-packaging-sostenible-para-hosteleria\/","name":"Organic Green Tea in Sustainable Packaging for Hospitality Industry","isPartOf":{"@id":"https:\/\/www.sempertea.eu\/#website"},"primaryImageOfPage":{"@id":"https:\/\/www.sempertea.eu\/te-verde-organico-packaging-sostenible-para-hosteleria\/#primaryimage"},"image":{"@id":"https:\/\/www.sempertea.eu\/te-verde-organico-packaging-sostenible-para-hosteleria\/#primaryimage"},"thumbnailUrl":"https:\/\/www.sempertea.eu\/wp-content\/uploads\/2023\/08\/envase-responsable-para-te-organicos-semper-tea.jpg","datePublished":"2023-08-25T20:58:58+00:00","dateModified":"2024-01-17T17:04:09+00:00","description":"Exceptional quality of organic tea in sustainable packaging, perfect for hospitality industry. Elevate the experience with our responsibly sourced tea.","breadcrumb":{"@id":"https:\/\/www.sempertea.eu\/te-verde-organico-packaging-sostenible-para-hosteleria\/#breadcrumb"},"inLanguage":"en-US","potentialAction":[{"@type":"ReadAction","target":["https:\/\/www.sempertea.eu\/te-verde-organico-packaging-sostenible-para-hosteleria\/"]}]},{"@type":"ImageObject","inLanguage":"en-US","@id":"https:\/\/www.sempertea.eu\/te-verde-organico-packaging-sostenible-para-hosteleria\/#primaryimage","url":"https:\/\/www.sempertea.eu\/wp-content\/uploads\/2023\/08\/envase-responsable-para-te-organicos-semper-tea.jpg","contentUrl":"https:\/\/www.sempertea.eu\/wp-content\/uploads\/2023\/08\/envase-responsable-para-te-organicos-semper-tea.jpg","width":1500,"height":1500,"caption":"Envase responsable para te organicos semper tea"},{"@type":"BreadcrumbList","@id":"https:\/\/www.sempertea.eu\/te-verde-organico-packaging-sostenible-para-hosteleria\/#breadcrumb","itemListElement":[{"@type":"ListItem","position":1,"name":"Portada","item":"https:\/\/www.sempertea.eu\/en\/"},{"@type":"ListItem","position":2,"name":"Shop","item":"https:\/\/www.sempertea.eu\/en\/shop\/"},{"@type":"ListItem","position":3,"name":"GREEN organic tea I Tea pyramid in sachet"}]},{"@type":"WebSite","@id":"https:\/\/www.sempertea.eu\/#website","url":"https:\/\/www.sempertea.eu\/","name":"Semper Tea | Mayorista y fabricante de T\u00e9s e Infusiones para hoteles, restaurantes y bares","description":"T\u00e9s e infusiones para hosteler\u00eda, hoteler\u00eda y comercio","potentialAction":[{"@type":"SearchAction","target":{"@type":"EntryPoint","urlTemplate":"https:\/\/www.sempertea.eu\/?s={search_term_string}"},"query-input":{"@type":"PropertyValueSpecification","valueRequired":true,"valueName":"search_term_string"}}],"inLanguage":"en-US"}]}},"_links":{"self":[{"href":"https:\/\/www.sempertea.eu\/en\/wp-json\/wp\/v2\/product\/8321","targetHints":{"allow":["GET"]}}],"collection":[{"href":"https:\/\/www.sempertea.eu\/en\/wp-json\/wp\/v2\/product"}],"about":[{"href":"https:\/\/www.sempertea.eu\/en\/wp-json\/wp\/v2\/types\/product"}],"replies":[{"embeddable":true,"href":"https:\/\/www.sempertea.eu\/en\/wp-json\/wp\/v2\/comments?post=8321"}],"wp:featuredmedia":[{"embeddable":true,"href":"https:\/\/www.sempertea.eu\/en\/wp-json\/wp\/v2\/media\/8314"}],"wp:attachment":[{"href":"https:\/\/www.sempertea.eu\/en\/wp-json\/wp\/v2\/media?parent=8321"}],"wp:term":[{"taxonomy":"product_brand","embeddable":true,"href":"https:\/\/www.sempertea.eu\/en\/wp-json\/wp\/v2\/product_brand?post=8321"},{"taxonomy":"product_cat","embeddable":true,"href":"https:\/\/www.sempertea.eu\/en\/wp-json\/wp\/v2\/product_cat?post=8321"},{"taxonomy":"product_tag","embeddable":true,"href":"https:\/\/www.sempertea.eu\/en\/wp-json\/wp\/v2\/product_tag?post=8321"}],"curies":[{"name":"wp","href":"https:\/\/api.w.org\/{rel}","templated":true}]}}