{"id":8299,"date":"2023-08-24T20:31:23","date_gmt":"2023-08-24T21:10:12","guid":{"rendered":"https:\/\/www.sempertea.eu\/pu-erh-lemon-vanilla-organic-tea-i-tea-pyramid-in-sachet\/"},"modified":"2024-01-17T18:19:07","modified_gmt":"2024-01-17T17:19:07","slug":"where-to-buy-sustainable-puerh-tea-lemon-vanilla-plastic-free","status":"publish","type":"product","link":"https:\/\/www.sempertea.eu\/en\/where-to-buy-sustainable-puerh-tea-lemon-vanilla-plastic-free\/","title":{"rendered":"PU-ERH LEMON VANILLA organic tea I Tea pyramid in sachet"},"content":{"rendered":"<h2>Pu-erh Lemon Vanilla Tea in plastic free packagin<\/h2>\n<p><strong>Plastic-Free and Organic<\/strong> &#8211; Discover our delightful blend of flavoured Pu-erh tea. The velvety smoothness of vanilla, the citrusy hint of lemon, and the deep richness of <strong>red tea<\/strong>, all harmoniously combined into an irresistible melange. This carefully balanced and highly popular tea has become a favourite among our most discerning customers.<\/p>\n<h3>The fermentation process of Pu-erh Tea<\/h3>\n<p>Our Pu-erh tea stands as a unique testament to <strong>authentic fermentation<\/strong>. Unlike black tea, which solely undergoes oxidation, Pu-erh tea experiences a genuine fermentation process. Active microorganisms transform the components of the tea leaves during their metabolic journey, softening the tannins and bitter notes. The outcome is a highly fermented Pu-erh tea boasting a gentle flavor and subtle sweetness.<\/p>\n<h4><strong>AMBAR Pu-erh Tea: Pyramid bags and biodegradable packaging<\/strong><\/h4>\n<p>Our AMBAR tea line offers organic Pu-erh tea in fully <strong>biodegradable pyramid bags<\/strong> and sachets that are 100% <strong>free from plastic<\/strong>.<\/p>\n<p><strong style=\"color: #333333;font-size: 14.4px\">Environmental responsibility<\/strong><\/p>\n<p>At Semper Tea, we remain dedicated to both excellence and environmental responsibility. Our utmost priority is striving towards a significant reduction in single-use plastic products. We&#8217;ve consistently sought ways to minimise our ecological footprint and continuously explore innovative packaging alternatives.<\/p>\n","protected":false},"excerpt":{"rendered":"<p><strong>Earthy with a sweet and refined touch of vanilla<\/strong><\/p>\n<p>An enchanting blend of Pu-erh tea for those palates who like to enjoy just the best. The sweet touch of vanilla and the citrus note combined with the earthy flavour of Pu-erh, create a delicious melange. A refined blend, highly demanded by our customers.<\/p>\n","protected":false},"featured_media":8295,"comment_status":"open","ping_status":"closed","template":"","meta":[],"product_brand":[],"product_cat":[163,187,154,155,190,166,193,162,161,218],"product_tag":[],"class_list":{"0":"post-8299","1":"product","2":"type-product","3":"status-publish","4":"has-post-thumbnail","6":"product_cat-product-brochure-of-tea","7":"product_cat-teas-no-plastic-packaging-organic-bio","8":"product_cat-unique-exclusive-tea-collections","9":"product_cat-types-of-tea-packaging","10":"product_cat-plastic-free-tea-packaging","11":"product_cat-buy-organic-pu-erh-tea-online","12":"product_cat-tea-pyramid-biodegradable","13":"product_cat-todos-en","14":"product_cat-exclusive-tea-line","15":"product_cat-uncategorized-en","17":"first","18":"instock","19":"shipping-taxable","20":"purchasable","21":"product-type-simple"},"yoast_head":"<!-- This site is optimized with the Yoast SEO Premium plugin v27.3 (Yoast SEO v27.4) - https:\/\/yoast.com\/product\/yoast-seo-premium-wordpress\/ -->\n<title>Where to buy PuErh Tea with Vanilla and Lemon - plastic-free packaging<\/title>\n<meta name=\"description\" content=\"Discover where to buy Pu-erh Tea Lemon Vanilla. Plastic-free packaging. And environmentally conscious option for a pure tea experience.\" \/>\n<meta name=\"robots\" content=\"index, follow, max-snippet:-1, max-image-preview:large, max-video-preview:-1\" \/>\n<link rel=\"canonical\" href=\"https:\/\/www.sempertea.eu\/infusion-de-te-rojo-con-vainilla-empaque-sustentable\/\" \/>\n<meta property=\"og:locale\" content=\"en_US\" \/>\n<meta property=\"og:type\" content=\"article\" \/>\n<meta property=\"og:title\" content=\"PU-ERH LEMON VANILLA organic tea I Tea pyramid in sachet\" \/>\n<meta property=\"og:description\" content=\"Discover where to buy Pu-erh Tea Lemon Vanilla. Plastic-free packaging. And environmentally conscious option for a pure tea experience.\" \/>\n<meta property=\"og:url\" content=\"https:\/\/www.sempertea.eu\/infusion-de-te-rojo-con-vainilla-empaque-sustentable\/\" \/>\n<meta property=\"og:site_name\" content=\"Semper Tea | Mayorista y fabricante de T\u00e9s e Infusiones para hoteles, restaurantes y bares\" \/>\n<meta property=\"article:modified_time\" content=\"2024-01-17T17:19:07+00:00\" \/>\n<meta property=\"og:image\" content=\"https:\/\/www.sempertea.eu\/wp-content\/uploads\/2023\/08\/infusion-te-rojo-con-vainilla-limon-propiedades-pu-erh-semper-tea.jpg\" \/>\n\t<meta property=\"og:image:width\" content=\"1500\" \/>\n\t<meta property=\"og:image:height\" content=\"1500\" \/>\n\t<meta property=\"og:image:type\" content=\"image\/jpeg\" \/>\n<meta name=\"twitter:card\" content=\"summary_large_image\" \/>\n<meta name=\"twitter:image\" content=\"https:\/\/www.sempertea.eu\/wp-content\/uploads\/2023\/08\/beneficios-para-la-salud-te-rojo-pu-erh-vainilla-limon-semper-tea.jpg\" \/>\n<meta name=\"twitter:label1\" content=\"Est. reading time\" \/>\n\t<meta name=\"twitter:data1\" content=\"1 minute\" \/>\n<script type=\"application\/ld+json\" class=\"yoast-schema-graph\">{\"@context\":\"https:\\\/\\\/schema.org\",\"@graph\":[{\"@type\":\"WebPage\",\"@id\":\"https:\\\/\\\/www.sempertea.eu\\\/infusion-de-te-rojo-con-vainilla-empaque-sustentable\\\/\",\"url\":\"https:\\\/\\\/www.sempertea.eu\\\/infusion-de-te-rojo-con-vainilla-empaque-sustentable\\\/\",\"name\":\"Where to buy PuErh Tea with Vanilla and Lemon - plastic-free packaging\",\"isPartOf\":{\"@id\":\"https:\\\/\\\/www.sempertea.eu\\\/#website\"},\"primaryImageOfPage\":{\"@id\":\"https:\\\/\\\/www.sempertea.eu\\\/infusion-de-te-rojo-con-vainilla-empaque-sustentable\\\/#primaryimage\"},\"image\":{\"@id\":\"https:\\\/\\\/www.sempertea.eu\\\/infusion-de-te-rojo-con-vainilla-empaque-sustentable\\\/#primaryimage\"},\"thumbnailUrl\":\"https:\\\/\\\/www.sempertea.eu\\\/wp-content\\\/uploads\\\/2023\\\/08\\\/infusion-te-rojo-con-vainilla-limon-propiedades-pu-erh-semper-tea.jpg\",\"datePublished\":\"2023-08-24T21:10:12+00:00\",\"dateModified\":\"2024-01-17T17:19:07+00:00\",\"description\":\"Discover where to buy Pu-erh Tea Lemon Vanilla. Plastic-free packaging. And environmentally conscious option for a pure tea experience.\",\"breadcrumb\":{\"@id\":\"https:\\\/\\\/www.sempertea.eu\\\/infusion-de-te-rojo-con-vainilla-empaque-sustentable\\\/#breadcrumb\"},\"inLanguage\":\"en-US\",\"potentialAction\":[{\"@type\":\"ReadAction\",\"target\":[\"https:\\\/\\\/www.sempertea.eu\\\/infusion-de-te-rojo-con-vainilla-empaque-sustentable\\\/\"]}]},{\"@type\":\"ImageObject\",\"inLanguage\":\"en-US\",\"@id\":\"https:\\\/\\\/www.sempertea.eu\\\/infusion-de-te-rojo-con-vainilla-empaque-sustentable\\\/#primaryimage\",\"url\":\"https:\\\/\\\/www.sempertea.eu\\\/wp-content\\\/uploads\\\/2023\\\/08\\\/infusion-te-rojo-con-vainilla-limon-propiedades-pu-erh-semper-tea.jpg\",\"contentUrl\":\"https:\\\/\\\/www.sempertea.eu\\\/wp-content\\\/uploads\\\/2023\\\/08\\\/infusion-te-rojo-con-vainilla-limon-propiedades-pu-erh-semper-tea.jpg\",\"width\":1500,\"height\":1500,\"caption\":\"Infusi\u00f3n de t\u00e9 rojo con vainilla y lim\u00f3n | Propiedades del Pu Erh\"},{\"@type\":\"BreadcrumbList\",\"@id\":\"https:\\\/\\\/www.sempertea.eu\\\/infusion-de-te-rojo-con-vainilla-empaque-sustentable\\\/#breadcrumb\",\"itemListElement\":[{\"@type\":\"ListItem\",\"position\":1,\"name\":\"Portada\",\"item\":\"https:\\\/\\\/www.sempertea.eu\\\/en\\\/\"},{\"@type\":\"ListItem\",\"position\":2,\"name\":\"Shop\",\"item\":\"https:\\\/\\\/www.sempertea.eu\\\/en\\\/shop\\\/\"},{\"@type\":\"ListItem\",\"position\":3,\"name\":\"PU-ERH LEMON VANILLA organic tea I Tea pyramid in sachet\"}]},{\"@type\":\"WebSite\",\"@id\":\"https:\\\/\\\/www.sempertea.eu\\\/#website\",\"url\":\"https:\\\/\\\/www.sempertea.eu\\\/\",\"name\":\"Semper Tea | Mayorista y fabricante de T\u00e9s e Infusiones para hoteles, restaurantes y bares\",\"description\":\"T\u00e9s e infusiones para hosteler\u00eda, hoteler\u00eda y comercio\",\"potentialAction\":[{\"@type\":\"SearchAction\",\"target\":{\"@type\":\"EntryPoint\",\"urlTemplate\":\"https:\\\/\\\/www.sempertea.eu\\\/?s={search_term_string}\"},\"query-input\":{\"@type\":\"PropertyValueSpecification\",\"valueRequired\":true,\"valueName\":\"search_term_string\"}}],\"inLanguage\":\"en-US\"}]}<\/script>\n<!-- \/ Yoast SEO Premium plugin. -->","yoast_head_json":{"title":"Where to buy PuErh Tea with Vanilla and Lemon - plastic-free packaging","description":"Discover where to buy Pu-erh Tea Lemon Vanilla. Plastic-free packaging. And environmentally conscious option for a pure tea experience.","robots":{"index":"index","follow":"follow","max-snippet":"max-snippet:-1","max-image-preview":"max-image-preview:large","max-video-preview":"max-video-preview:-1"},"canonical":"https:\/\/www.sempertea.eu\/infusion-de-te-rojo-con-vainilla-empaque-sustentable\/","og_locale":"en_US","og_type":"article","og_title":"PU-ERH LEMON VANILLA organic tea I Tea pyramid in sachet","og_description":"Discover where to buy Pu-erh Tea Lemon Vanilla. Plastic-free packaging. And environmentally conscious option for a pure tea experience.","og_url":"https:\/\/www.sempertea.eu\/infusion-de-te-rojo-con-vainilla-empaque-sustentable\/","og_site_name":"Semper Tea | Mayorista y fabricante de T\u00e9s e Infusiones para hoteles, restaurantes y bares","article_modified_time":"2024-01-17T17:19:07+00:00","og_image":[{"width":1500,"height":1500,"url":"https:\/\/www.sempertea.eu\/wp-content\/uploads\/2023\/08\/infusion-te-rojo-con-vainilla-limon-propiedades-pu-erh-semper-tea.jpg","type":"image\/jpeg"}],"twitter_card":"summary_large_image","twitter_image":"https:\/\/www.sempertea.eu\/wp-content\/uploads\/2023\/08\/beneficios-para-la-salud-te-rojo-pu-erh-vainilla-limon-semper-tea.jpg","twitter_misc":{"Est. reading time":"1 minute"},"schema":{"@context":"https:\/\/schema.org","@graph":[{"@type":"WebPage","@id":"https:\/\/www.sempertea.eu\/infusion-de-te-rojo-con-vainilla-empaque-sustentable\/","url":"https:\/\/www.sempertea.eu\/infusion-de-te-rojo-con-vainilla-empaque-sustentable\/","name":"Where to buy PuErh Tea with Vanilla and Lemon - plastic-free packaging","isPartOf":{"@id":"https:\/\/www.sempertea.eu\/#website"},"primaryImageOfPage":{"@id":"https:\/\/www.sempertea.eu\/infusion-de-te-rojo-con-vainilla-empaque-sustentable\/#primaryimage"},"image":{"@id":"https:\/\/www.sempertea.eu\/infusion-de-te-rojo-con-vainilla-empaque-sustentable\/#primaryimage"},"thumbnailUrl":"https:\/\/www.sempertea.eu\/wp-content\/uploads\/2023\/08\/infusion-te-rojo-con-vainilla-limon-propiedades-pu-erh-semper-tea.jpg","datePublished":"2023-08-24T21:10:12+00:00","dateModified":"2024-01-17T17:19:07+00:00","description":"Discover where to buy Pu-erh Tea Lemon Vanilla. Plastic-free packaging. And environmentally conscious option for a pure tea experience.","breadcrumb":{"@id":"https:\/\/www.sempertea.eu\/infusion-de-te-rojo-con-vainilla-empaque-sustentable\/#breadcrumb"},"inLanguage":"en-US","potentialAction":[{"@type":"ReadAction","target":["https:\/\/www.sempertea.eu\/infusion-de-te-rojo-con-vainilla-empaque-sustentable\/"]}]},{"@type":"ImageObject","inLanguage":"en-US","@id":"https:\/\/www.sempertea.eu\/infusion-de-te-rojo-con-vainilla-empaque-sustentable\/#primaryimage","url":"https:\/\/www.sempertea.eu\/wp-content\/uploads\/2023\/08\/infusion-te-rojo-con-vainilla-limon-propiedades-pu-erh-semper-tea.jpg","contentUrl":"https:\/\/www.sempertea.eu\/wp-content\/uploads\/2023\/08\/infusion-te-rojo-con-vainilla-limon-propiedades-pu-erh-semper-tea.jpg","width":1500,"height":1500,"caption":"Infusi\u00f3n de t\u00e9 rojo con vainilla y lim\u00f3n | Propiedades del Pu Erh"},{"@type":"BreadcrumbList","@id":"https:\/\/www.sempertea.eu\/infusion-de-te-rojo-con-vainilla-empaque-sustentable\/#breadcrumb","itemListElement":[{"@type":"ListItem","position":1,"name":"Portada","item":"https:\/\/www.sempertea.eu\/en\/"},{"@type":"ListItem","position":2,"name":"Shop","item":"https:\/\/www.sempertea.eu\/en\/shop\/"},{"@type":"ListItem","position":3,"name":"PU-ERH LEMON VANILLA organic tea I Tea pyramid in sachet"}]},{"@type":"WebSite","@id":"https:\/\/www.sempertea.eu\/#website","url":"https:\/\/www.sempertea.eu\/","name":"Semper Tea | Mayorista y fabricante de T\u00e9s e Infusiones para hoteles, restaurantes y bares","description":"T\u00e9s e infusiones para hosteler\u00eda, hoteler\u00eda y comercio","potentialAction":[{"@type":"SearchAction","target":{"@type":"EntryPoint","urlTemplate":"https:\/\/www.sempertea.eu\/?s={search_term_string}"},"query-input":{"@type":"PropertyValueSpecification","valueRequired":true,"valueName":"search_term_string"}}],"inLanguage":"en-US"}]}},"_links":{"self":[{"href":"https:\/\/www.sempertea.eu\/en\/wp-json\/wp\/v2\/product\/8299","targetHints":{"allow":["GET"]}}],"collection":[{"href":"https:\/\/www.sempertea.eu\/en\/wp-json\/wp\/v2\/product"}],"about":[{"href":"https:\/\/www.sempertea.eu\/en\/wp-json\/wp\/v2\/types\/product"}],"replies":[{"embeddable":true,"href":"https:\/\/www.sempertea.eu\/en\/wp-json\/wp\/v2\/comments?post=8299"}],"wp:featuredmedia":[{"embeddable":true,"href":"https:\/\/www.sempertea.eu\/en\/wp-json\/wp\/v2\/media\/8295"}],"wp:attachment":[{"href":"https:\/\/www.sempertea.eu\/en\/wp-json\/wp\/v2\/media?parent=8299"}],"wp:term":[{"taxonomy":"product_brand","embeddable":true,"href":"https:\/\/www.sempertea.eu\/en\/wp-json\/wp\/v2\/product_brand?post=8299"},{"taxonomy":"product_cat","embeddable":true,"href":"https:\/\/www.sempertea.eu\/en\/wp-json\/wp\/v2\/product_cat?post=8299"},{"taxonomy":"product_tag","embeddable":true,"href":"https:\/\/www.sempertea.eu\/en\/wp-json\/wp\/v2\/product_tag?post=8299"}],"curies":[{"name":"wp","href":"https:\/\/api.w.org\/{rel}","templated":true}]}}