{"id":8264,"date":"2023-08-23T17:54:58","date_gmt":"2023-08-23T17:58:44","guid":{"rendered":"https:\/\/www.sempertea.eu\/english-breakfast-organic-tea-i-tea-pyramid-in-sachet\/"},"modified":"2024-01-17T17:37:59","modified_gmt":"2024-01-17T16:37:59","slug":"sustainable-tea-english-breakfast-plastic-free","status":"publish","type":"product","link":"https:\/\/www.sempertea.eu\/en\/sustainable-tea-english-breakfast-plastic-free\/","title":{"rendered":"ENGLISH BREAKFAST organic tea I Tea pyramid in sachet"},"content":{"rendered":"<h2>Organic English Breakfast in plastic free packaging<\/h2>\n<p>Enjoy our beautiful English Breakfast tea in biodegradable pyramid bags and plastic free packaging. It is an invigorating blend and a great way to kickstart your day. Crafted from thoughtfully sourced organic ingredients and nicely presented in <a href=\"https:\/\/www.sempertea.eu\/en\/certified-organic-teas-agriculture-natural\/\"><strong>eco-conscious<\/strong>, <strong>plastic-free packaging.<\/strong><\/a> Whether enjoyed in its pure form or accompanied by milk, the choice is yours.<\/p>\n<p>If you love Black Teas, Semper Tea offers you premium tea choices like Earl Grey with bergamot, Darjeeling, and the captivating Black Chai tea.<\/p>\n<h3>Sustainability and quality<\/h3>\n<p>At Semper Tea, our commitment to <strong>sustainability<\/strong> is unwavering. Our <strong>pyramid tea bags and sachets are <\/strong>biodegradable and <strong>free of plastic. <\/strong>Chartering the course of preserving our environment and reducing plastic waste.<\/p>\n","protected":false},"excerpt":{"rendered":"<p><strong>Stimulating and full-bodied<\/strong><\/p>\n<p>English Breakfast is for lovers of the classic English tea. Known for its robust flavour and aroma, it is the favourite tea for breakfast and to start the day with a lot of energy. A full-bodied tea with character, ideal to enjoy black or with a dash of milk.<\/p>\n","protected":false},"featured_media":8271,"comment_status":"open","ping_status":"closed","template":"","meta":[],"product_brand":[],"product_cat":[163,187,167,154,155,160,190,193,161,162,218],"product_tag":[],"class_list":{"0":"post-8264","1":"product","2":"type-product","3":"status-publish","4":"has-post-thumbnail","6":"product_cat-product-brochure-of-tea","7":"product_cat-teas-no-plastic-packaging-organic-bio","8":"product_cat-buy-online-organic-black-tea","9":"product_cat-unique-exclusive-tea-collections","10":"product_cat-types-of-tea-packaging","11":"product_cat-teas-and-tisanes-organic-buy-online","12":"product_cat-plastic-free-tea-packaging","13":"product_cat-tea-pyramid-biodegradable","14":"product_cat-exclusive-tea-line","15":"product_cat-todos-en","16":"product_cat-uncategorized-en","18":"first","19":"instock","20":"shipping-taxable","21":"purchasable","22":"product-type-simple"},"yoast_head":"<!-- This site is optimized with the Yoast SEO Premium plugin v27.3 (Yoast SEO v27.4) - https:\/\/yoast.com\/product\/yoast-seo-premium-wordpress\/ -->\n<title>Sustainable tea English Breakfast | Plastic free | Semper Tea<\/title>\n<meta name=\"description\" content=\"Sustainable English Breakfast tea in plastic-free packaging. Enjoy a flavorful and eco-friendly cup that respects both your taste buds and the environment.\" \/>\n<meta name=\"robots\" content=\"index, follow, max-snippet:-1, max-image-preview:large, max-video-preview:-1\" \/>\n<link rel=\"canonical\" href=\"https:\/\/www.sempertea.eu\/en\/sustainable-tea-english-breakfast-plastic-free\/\" \/>\n<meta property=\"og:locale\" content=\"en_US\" \/>\n<meta property=\"og:type\" content=\"article\" \/>\n<meta property=\"og:title\" content=\"ENGLISH BREAKFAST organic tea I Tea pyramid in sachet\" \/>\n<meta property=\"og:description\" content=\"Sustainable English Breakfast tea in plastic-free packaging. Enjoy a flavorful and eco-friendly cup that respects both your taste buds and the environment.\" \/>\n<meta property=\"og:url\" content=\"https:\/\/www.sempertea.eu\/en\/sustainable-tea-english-breakfast-plastic-free\/\" \/>\n<meta property=\"og:site_name\" content=\"Semper Tea | Mayorista y fabricante de T\u00e9s e Infusiones para hoteles, restaurantes y bares\" \/>\n<meta property=\"article:modified_time\" content=\"2024-01-17T16:37:59+00:00\" \/>\n<meta property=\"og:image\" content=\"https:\/\/www.sempertea.eu\/wp-content\/uploads\/2023\/08\/english-breakfast-tea-ingredientes-organicos-envase-libre-de-plastico-semper-tea-.jpg\" \/>\n\t<meta property=\"og:image:width\" content=\"1500\" \/>\n\t<meta property=\"og:image:height\" content=\"1500\" \/>\n\t<meta property=\"og:image:type\" content=\"image\/jpeg\" \/>\n<meta name=\"twitter:card\" content=\"summary_large_image\" \/>\n<meta name=\"twitter:label1\" content=\"Est. reading time\" \/>\n\t<meta name=\"twitter:data1\" content=\"1 minute\" \/>\n<script type=\"application\/ld+json\" class=\"yoast-schema-graph\">{\"@context\":\"https:\\\/\\\/schema.org\",\"@graph\":[{\"@type\":\"WebPage\",\"@id\":\"https:\\\/\\\/www.sempertea.eu\\\/en\\\/sustainable-tea-english-breakfast-plastic-free\\\/\",\"url\":\"https:\\\/\\\/www.sempertea.eu\\\/en\\\/sustainable-tea-english-breakfast-plastic-free\\\/\",\"name\":\"Sustainable tea English Breakfast | Plastic free | Semper Tea\",\"isPartOf\":{\"@id\":\"https:\\\/\\\/www.sempertea.eu\\\/#website\"},\"primaryImageOfPage\":{\"@id\":\"https:\\\/\\\/www.sempertea.eu\\\/en\\\/sustainable-tea-english-breakfast-plastic-free\\\/#primaryimage\"},\"image\":{\"@id\":\"https:\\\/\\\/www.sempertea.eu\\\/en\\\/sustainable-tea-english-breakfast-plastic-free\\\/#primaryimage\"},\"thumbnailUrl\":\"https:\\\/\\\/www.sempertea.eu\\\/wp-content\\\/uploads\\\/2023\\\/08\\\/english-breakfast-tea-ingredientes-organicos-envase-libre-de-plastico-semper-tea-.jpg\",\"datePublished\":\"2023-08-23T17:58:44+00:00\",\"dateModified\":\"2024-01-17T16:37:59+00:00\",\"description\":\"Sustainable English Breakfast tea in plastic-free packaging. Enjoy a flavorful and eco-friendly cup that respects both your taste buds and the environment.\",\"breadcrumb\":{\"@id\":\"https:\\\/\\\/www.sempertea.eu\\\/en\\\/sustainable-tea-english-breakfast-plastic-free\\\/#breadcrumb\"},\"inLanguage\":\"en-US\",\"potentialAction\":[{\"@type\":\"ReadAction\",\"target\":[\"https:\\\/\\\/www.sempertea.eu\\\/en\\\/sustainable-tea-english-breakfast-plastic-free\\\/\"]}]},{\"@type\":\"ImageObject\",\"inLanguage\":\"en-US\",\"@id\":\"https:\\\/\\\/www.sempertea.eu\\\/en\\\/sustainable-tea-english-breakfast-plastic-free\\\/#primaryimage\",\"url\":\"https:\\\/\\\/www.sempertea.eu\\\/wp-content\\\/uploads\\\/2023\\\/08\\\/english-breakfast-tea-ingredientes-organicos-envase-libre-de-plastico-semper-tea-.jpg\",\"contentUrl\":\"https:\\\/\\\/www.sempertea.eu\\\/wp-content\\\/uploads\\\/2023\\\/08\\\/english-breakfast-tea-ingredientes-organicos-envase-libre-de-plastico-semper-tea-.jpg\",\"width\":1500,\"height\":1500,\"caption\":\"English Breakfast Tea Ingredientes Org\u00e1nicos en Envase Libre de Pl\u00e1stico\"},{\"@type\":\"BreadcrumbList\",\"@id\":\"https:\\\/\\\/www.sempertea.eu\\\/en\\\/sustainable-tea-english-breakfast-plastic-free\\\/#breadcrumb\",\"itemListElement\":[{\"@type\":\"ListItem\",\"position\":1,\"name\":\"Portada\",\"item\":\"https:\\\/\\\/www.sempertea.eu\\\/en\\\/\"},{\"@type\":\"ListItem\",\"position\":2,\"name\":\"Shop\",\"item\":\"https:\\\/\\\/www.sempertea.eu\\\/en\\\/shop\\\/\"},{\"@type\":\"ListItem\",\"position\":3,\"name\":\"ENGLISH BREAKFAST organic tea I Tea pyramid in sachet\"}]},{\"@type\":\"WebSite\",\"@id\":\"https:\\\/\\\/www.sempertea.eu\\\/#website\",\"url\":\"https:\\\/\\\/www.sempertea.eu\\\/\",\"name\":\"Semper Tea | Mayorista y fabricante de T\u00e9s e Infusiones para hoteles, restaurantes y bares\",\"description\":\"T\u00e9s e infusiones para hosteler\u00eda, hoteler\u00eda y comercio\",\"potentialAction\":[{\"@type\":\"SearchAction\",\"target\":{\"@type\":\"EntryPoint\",\"urlTemplate\":\"https:\\\/\\\/www.sempertea.eu\\\/?s={search_term_string}\"},\"query-input\":{\"@type\":\"PropertyValueSpecification\",\"valueRequired\":true,\"valueName\":\"search_term_string\"}}],\"inLanguage\":\"en-US\"}]}<\/script>\n<!-- \/ Yoast SEO Premium plugin. -->","yoast_head_json":{"title":"Sustainable tea English Breakfast | Plastic free | Semper Tea","description":"Sustainable English Breakfast tea in plastic-free packaging. Enjoy a flavorful and eco-friendly cup that respects both your taste buds and the environment.","robots":{"index":"index","follow":"follow","max-snippet":"max-snippet:-1","max-image-preview":"max-image-preview:large","max-video-preview":"max-video-preview:-1"},"canonical":"https:\/\/www.sempertea.eu\/en\/sustainable-tea-english-breakfast-plastic-free\/","og_locale":"en_US","og_type":"article","og_title":"ENGLISH BREAKFAST organic tea I Tea pyramid in sachet","og_description":"Sustainable English Breakfast tea in plastic-free packaging. Enjoy a flavorful and eco-friendly cup that respects both your taste buds and the environment.","og_url":"https:\/\/www.sempertea.eu\/en\/sustainable-tea-english-breakfast-plastic-free\/","og_site_name":"Semper Tea | Mayorista y fabricante de T\u00e9s e Infusiones para hoteles, restaurantes y bares","article_modified_time":"2024-01-17T16:37:59+00:00","og_image":[{"width":1500,"height":1500,"url":"https:\/\/www.sempertea.eu\/wp-content\/uploads\/2023\/08\/english-breakfast-tea-ingredientes-organicos-envase-libre-de-plastico-semper-tea-.jpg","type":"image\/jpeg"}],"twitter_card":"summary_large_image","twitter_misc":{"Est. reading time":"1 minute"},"schema":{"@context":"https:\/\/schema.org","@graph":[{"@type":"WebPage","@id":"https:\/\/www.sempertea.eu\/en\/sustainable-tea-english-breakfast-plastic-free\/","url":"https:\/\/www.sempertea.eu\/en\/sustainable-tea-english-breakfast-plastic-free\/","name":"Sustainable tea English Breakfast | Plastic free | Semper Tea","isPartOf":{"@id":"https:\/\/www.sempertea.eu\/#website"},"primaryImageOfPage":{"@id":"https:\/\/www.sempertea.eu\/en\/sustainable-tea-english-breakfast-plastic-free\/#primaryimage"},"image":{"@id":"https:\/\/www.sempertea.eu\/en\/sustainable-tea-english-breakfast-plastic-free\/#primaryimage"},"thumbnailUrl":"https:\/\/www.sempertea.eu\/wp-content\/uploads\/2023\/08\/english-breakfast-tea-ingredientes-organicos-envase-libre-de-plastico-semper-tea-.jpg","datePublished":"2023-08-23T17:58:44+00:00","dateModified":"2024-01-17T16:37:59+00:00","description":"Sustainable English Breakfast tea in plastic-free packaging. Enjoy a flavorful and eco-friendly cup that respects both your taste buds and the environment.","breadcrumb":{"@id":"https:\/\/www.sempertea.eu\/en\/sustainable-tea-english-breakfast-plastic-free\/#breadcrumb"},"inLanguage":"en-US","potentialAction":[{"@type":"ReadAction","target":["https:\/\/www.sempertea.eu\/en\/sustainable-tea-english-breakfast-plastic-free\/"]}]},{"@type":"ImageObject","inLanguage":"en-US","@id":"https:\/\/www.sempertea.eu\/en\/sustainable-tea-english-breakfast-plastic-free\/#primaryimage","url":"https:\/\/www.sempertea.eu\/wp-content\/uploads\/2023\/08\/english-breakfast-tea-ingredientes-organicos-envase-libre-de-plastico-semper-tea-.jpg","contentUrl":"https:\/\/www.sempertea.eu\/wp-content\/uploads\/2023\/08\/english-breakfast-tea-ingredientes-organicos-envase-libre-de-plastico-semper-tea-.jpg","width":1500,"height":1500,"caption":"English Breakfast Tea Ingredientes Org\u00e1nicos en Envase Libre de Pl\u00e1stico"},{"@type":"BreadcrumbList","@id":"https:\/\/www.sempertea.eu\/en\/sustainable-tea-english-breakfast-plastic-free\/#breadcrumb","itemListElement":[{"@type":"ListItem","position":1,"name":"Portada","item":"https:\/\/www.sempertea.eu\/en\/"},{"@type":"ListItem","position":2,"name":"Shop","item":"https:\/\/www.sempertea.eu\/en\/shop\/"},{"@type":"ListItem","position":3,"name":"ENGLISH BREAKFAST organic tea I Tea pyramid in sachet"}]},{"@type":"WebSite","@id":"https:\/\/www.sempertea.eu\/#website","url":"https:\/\/www.sempertea.eu\/","name":"Semper Tea | Mayorista y fabricante de T\u00e9s e Infusiones para hoteles, restaurantes y bares","description":"T\u00e9s e infusiones para hosteler\u00eda, hoteler\u00eda y comercio","potentialAction":[{"@type":"SearchAction","target":{"@type":"EntryPoint","urlTemplate":"https:\/\/www.sempertea.eu\/?s={search_term_string}"},"query-input":{"@type":"PropertyValueSpecification","valueRequired":true,"valueName":"search_term_string"}}],"inLanguage":"en-US"}]}},"_links":{"self":[{"href":"https:\/\/www.sempertea.eu\/en\/wp-json\/wp\/v2\/product\/8264","targetHints":{"allow":["GET"]}}],"collection":[{"href":"https:\/\/www.sempertea.eu\/en\/wp-json\/wp\/v2\/product"}],"about":[{"href":"https:\/\/www.sempertea.eu\/en\/wp-json\/wp\/v2\/types\/product"}],"replies":[{"embeddable":true,"href":"https:\/\/www.sempertea.eu\/en\/wp-json\/wp\/v2\/comments?post=8264"}],"wp:featuredmedia":[{"embeddable":true,"href":"https:\/\/www.sempertea.eu\/en\/wp-json\/wp\/v2\/media\/8271"}],"wp:attachment":[{"href":"https:\/\/www.sempertea.eu\/en\/wp-json\/wp\/v2\/media?parent=8264"}],"wp:term":[{"taxonomy":"product_brand","embeddable":true,"href":"https:\/\/www.sempertea.eu\/en\/wp-json\/wp\/v2\/product_brand?post=8264"},{"taxonomy":"product_cat","embeddable":true,"href":"https:\/\/www.sempertea.eu\/en\/wp-json\/wp\/v2\/product_cat?post=8264"},{"taxonomy":"product_tag","embeddable":true,"href":"https:\/\/www.sempertea.eu\/en\/wp-json\/wp\/v2\/product_tag?post=8264"}],"curies":[{"name":"wp","href":"https:\/\/api.w.org\/{rel}","templated":true}]}}