{"id":8241,"date":"2023-08-22T20:36:25","date_gmt":"2023-08-22T20:29:15","guid":{"rendered":"https:\/\/www.sempertea.eu\/rooibos-organic-tea-i-pyramid-in-sachet\/"},"modified":"2024-01-17T18:26:10","modified_gmt":"2024-01-17T17:26:10","slug":"organic-redbush-tea-plastic-free-envelope-tea-bags","status":"publish","type":"product","link":"https:\/\/www.sempertea.eu\/en\/organic-redbush-tea-plastic-free-envelope-tea-bags\/","title":{"rendered":"ROOIBOS organic tea I Pyramid in sachet"},"content":{"rendered":"<h2>Redbush \/ Rooibos Tea: A truly unique beverage<\/h2>\n<p>Rooibos is crafted from the leaves and delicate stems of a shrub native to South Africa. Its flavour is gentle and refined, boasting a natural sweetness and a subtle nutty undertone. An exquisite earthy tea that&#8217;s entirely free from caffeine and theine.<\/p>\n<p>Moreover, <a href=\"https:\/\/www.sempertea.eu\/en\/buy-organic-rooibos-tea-bag-in-envelopes\/\">Rooibos<\/a> tea is brimming with antioxidants, boasting exceptionally high levels of vitamin C, iron, potassium, calcium, copper, zinc, other essential minerals, and fluoride.<\/p>\n<h3>Rooibos organic tea in plastic free packaging &#8211; tea line AMBAR<\/h3>\n<p>At SEMPER TEA, we are deeply committed to sustainability and environmental responsibility. We have taken concrete steps to reduce our impact on the environment by introducing <strong>plastic-free tea packaging<\/strong>, offering a sustainable tea choice for conscientious consumers. Our <strong>plastic free<\/strong> <strong>tea envelopes<\/strong> as well as our <strong>biodegradable tea pyramid bags<\/strong> reflect our dedication to a greener future. By choosing SEMPER TEA, you&#8217;re embracing a <strong>plastic-free tea option<\/strong> that&#8217;s good for both you and the planet.<\/p>\n<p>&nbsp;<\/p>\n","protected":false},"excerpt":{"rendered":"<p><strong>Smooth and earthy with a natural sweetness<\/strong><\/p>\n<p>Pure and organic tea infused with the magic of South Africa. A natural earthy flavour with a sweet touch and a deep reddish-brown colour. A smooth cup of tea that can be enjoyed at any time of the day, as it does not contain caffeine.<\/p>\n","protected":false},"featured_media":8268,"comment_status":"open","ping_status":"closed","template":"","meta":[],"product_brand":[],"product_cat":[163,187,154,155,160,190,164,193,161,162],"product_tag":[],"class_list":{"0":"post-8241","1":"product","2":"type-product","3":"status-publish","4":"has-post-thumbnail","6":"product_cat-product-brochure-of-tea","7":"product_cat-teas-no-plastic-packaging-organic-bio","8":"product_cat-unique-exclusive-tea-collections","9":"product_cat-types-of-tea-packaging","10":"product_cat-teas-and-tisanes-organic-buy-online","11":"product_cat-plastic-free-tea-packaging","12":"product_cat-rooibos-south-africa-caffeine-free-organic","13":"product_cat-tea-pyramid-biodegradable","14":"product_cat-exclusive-tea-line","15":"product_cat-todos-en","17":"first","18":"instock","19":"shipping-taxable","20":"purchasable","21":"product-type-simple"},"yoast_head":"<!-- This site is optimized with the Yoast SEO Premium plugin v27.3 (Yoast SEO v27.4) - https:\/\/yoast.com\/product\/yoast-seo-premium-wordpress\/ -->\n<title>Organic REDBUSH Tea in PLASTIC-FREE Envelope Tea Bags<\/title>\n<meta name=\"description\" content=\"Natural goodness of organic Rooibos tea in plastic-free envelope tea bags. Sustainable flavorful tea choice good for you and environment.\" \/>\n<meta name=\"robots\" content=\"index, follow, max-snippet:-1, max-image-preview:large, max-video-preview:-1\" \/>\n<link rel=\"canonical\" href=\"https:\/\/www.sempertea.eu\/en\/organic-redbush-tea-plastic-free-envelope-tea-bags\/\" \/>\n<meta property=\"og:locale\" content=\"en_US\" \/>\n<meta property=\"og:type\" content=\"article\" \/>\n<meta property=\"og:title\" content=\"ROOIBOS organic tea I Pyramid in sachet\" \/>\n<meta property=\"og:description\" content=\"Natural goodness of organic Rooibos tea in plastic-free envelope tea bags. Sustainable flavorful tea choice good for you and environment.\" \/>\n<meta property=\"og:url\" content=\"https:\/\/www.sempertea.eu\/en\/organic-redbush-tea-plastic-free-envelope-tea-bags\/\" \/>\n<meta property=\"og:site_name\" content=\"Semper Tea | Mayorista y fabricante de T\u00e9s e Infusiones para hoteles, restaurantes y bares\" \/>\n<meta property=\"article:modified_time\" content=\"2024-01-17T17:26:10+00:00\" \/>\n<meta property=\"og:image\" content=\"https:\/\/www.sempertea.eu\/wp-content\/uploads\/2023\/08\/te-de-rooibos-envase-libre-sin-plastico-semper-tea-.jpg\" \/>\n\t<meta property=\"og:image:width\" content=\"1\" \/>\n\t<meta property=\"og:image:height\" content=\"1\" \/>\n\t<meta property=\"og:image:type\" content=\"image\/jpeg\" \/>\n<meta name=\"twitter:card\" content=\"summary_large_image\" \/>\n<meta name=\"twitter:label1\" content=\"Est. reading time\" \/>\n\t<meta name=\"twitter:data1\" content=\"1 minute\" \/>\n<script type=\"application\/ld+json\" class=\"yoast-schema-graph\">{\"@context\":\"https:\\\/\\\/schema.org\",\"@graph\":[{\"@type\":\"WebPage\",\"@id\":\"https:\\\/\\\/www.sempertea.eu\\\/en\\\/organic-redbush-tea-plastic-free-envelope-tea-bags\\\/\",\"url\":\"https:\\\/\\\/www.sempertea.eu\\\/en\\\/organic-redbush-tea-plastic-free-envelope-tea-bags\\\/\",\"name\":\"Organic REDBUSH Tea in PLASTIC-FREE Envelope Tea Bags\",\"isPartOf\":{\"@id\":\"https:\\\/\\\/www.sempertea.eu\\\/#website\"},\"primaryImageOfPage\":{\"@id\":\"https:\\\/\\\/www.sempertea.eu\\\/en\\\/organic-redbush-tea-plastic-free-envelope-tea-bags\\\/#primaryimage\"},\"image\":{\"@id\":\"https:\\\/\\\/www.sempertea.eu\\\/en\\\/organic-redbush-tea-plastic-free-envelope-tea-bags\\\/#primaryimage\"},\"thumbnailUrl\":\"https:\\\/\\\/www.sempertea.eu\\\/wp-content\\\/uploads\\\/2023\\\/08\\\/te-de-rooibos-envase-libre-sin-plastico-semper-tea-.jpg\",\"datePublished\":\"2023-08-22T20:29:15+00:00\",\"dateModified\":\"2024-01-17T17:26:10+00:00\",\"description\":\"Natural goodness of organic Rooibos tea in plastic-free envelope tea bags. Sustainable flavorful tea choice good for you and environment.\",\"breadcrumb\":{\"@id\":\"https:\\\/\\\/www.sempertea.eu\\\/en\\\/organic-redbush-tea-plastic-free-envelope-tea-bags\\\/#breadcrumb\"},\"inLanguage\":\"en-US\",\"potentialAction\":[{\"@type\":\"ReadAction\",\"target\":[\"https:\\\/\\\/www.sempertea.eu\\\/en\\\/organic-redbush-tea-plastic-free-envelope-tea-bags\\\/\"]}]},{\"@type\":\"ImageObject\",\"inLanguage\":\"en-US\",\"@id\":\"https:\\\/\\\/www.sempertea.eu\\\/en\\\/organic-redbush-tea-plastic-free-envelope-tea-bags\\\/#primaryimage\",\"url\":\"https:\\\/\\\/www.sempertea.eu\\\/wp-content\\\/uploads\\\/2023\\\/08\\\/te-de-rooibos-envase-libre-sin-plastico-semper-tea-.jpg\",\"contentUrl\":\"https:\\\/\\\/www.sempertea.eu\\\/wp-content\\\/uploads\\\/2023\\\/08\\\/te-de-rooibos-envase-libre-sin-plastico-semper-tea-.jpg\",\"width\":1500,\"height\":1500,\"caption\":\"T\u00e9 de Rooibos Libre de Pl\u00e1stico semper tea\"},{\"@type\":\"BreadcrumbList\",\"@id\":\"https:\\\/\\\/www.sempertea.eu\\\/en\\\/organic-redbush-tea-plastic-free-envelope-tea-bags\\\/#breadcrumb\",\"itemListElement\":[{\"@type\":\"ListItem\",\"position\":1,\"name\":\"Portada\",\"item\":\"https:\\\/\\\/www.sempertea.eu\\\/en\\\/\"},{\"@type\":\"ListItem\",\"position\":2,\"name\":\"Shop\",\"item\":\"https:\\\/\\\/www.sempertea.eu\\\/en\\\/shop\\\/\"},{\"@type\":\"ListItem\",\"position\":3,\"name\":\"ROOIBOS organic tea I Pyramid in sachet\"}]},{\"@type\":\"WebSite\",\"@id\":\"https:\\\/\\\/www.sempertea.eu\\\/#website\",\"url\":\"https:\\\/\\\/www.sempertea.eu\\\/\",\"name\":\"Semper Tea | Mayorista y fabricante de T\u00e9s e Infusiones para hoteles, restaurantes y bares\",\"description\":\"T\u00e9s e infusiones para hosteler\u00eda, hoteler\u00eda y comercio\",\"potentialAction\":[{\"@type\":\"SearchAction\",\"target\":{\"@type\":\"EntryPoint\",\"urlTemplate\":\"https:\\\/\\\/www.sempertea.eu\\\/?s={search_term_string}\"},\"query-input\":{\"@type\":\"PropertyValueSpecification\",\"valueRequired\":true,\"valueName\":\"search_term_string\"}}],\"inLanguage\":\"en-US\"}]}<\/script>\n<!-- \/ Yoast SEO Premium plugin. -->","yoast_head_json":{"title":"Organic REDBUSH Tea in PLASTIC-FREE Envelope Tea Bags","description":"Natural goodness of organic Rooibos tea in plastic-free envelope tea bags. Sustainable flavorful tea choice good for you and environment.","robots":{"index":"index","follow":"follow","max-snippet":"max-snippet:-1","max-image-preview":"max-image-preview:large","max-video-preview":"max-video-preview:-1"},"canonical":"https:\/\/www.sempertea.eu\/en\/organic-redbush-tea-plastic-free-envelope-tea-bags\/","og_locale":"en_US","og_type":"article","og_title":"ROOIBOS organic tea I Pyramid in sachet","og_description":"Natural goodness of organic Rooibos tea in plastic-free envelope tea bags. Sustainable flavorful tea choice good for you and environment.","og_url":"https:\/\/www.sempertea.eu\/en\/organic-redbush-tea-plastic-free-envelope-tea-bags\/","og_site_name":"Semper Tea | Mayorista y fabricante de T\u00e9s e Infusiones para hoteles, restaurantes y bares","article_modified_time":"2024-01-17T17:26:10+00:00","og_image":[{"url":"https:\/\/www.sempertea.eu\/wp-content\/uploads\/2023\/08\/te-de-rooibos-envase-libre-sin-plastico-semper-tea-.jpg","width":1,"height":1,"type":"image\/jpeg"}],"twitter_card":"summary_large_image","twitter_misc":{"Est. reading time":"1 minute"},"schema":{"@context":"https:\/\/schema.org","@graph":[{"@type":"WebPage","@id":"https:\/\/www.sempertea.eu\/en\/organic-redbush-tea-plastic-free-envelope-tea-bags\/","url":"https:\/\/www.sempertea.eu\/en\/organic-redbush-tea-plastic-free-envelope-tea-bags\/","name":"Organic REDBUSH Tea in PLASTIC-FREE Envelope Tea Bags","isPartOf":{"@id":"https:\/\/www.sempertea.eu\/#website"},"primaryImageOfPage":{"@id":"https:\/\/www.sempertea.eu\/en\/organic-redbush-tea-plastic-free-envelope-tea-bags\/#primaryimage"},"image":{"@id":"https:\/\/www.sempertea.eu\/en\/organic-redbush-tea-plastic-free-envelope-tea-bags\/#primaryimage"},"thumbnailUrl":"https:\/\/www.sempertea.eu\/wp-content\/uploads\/2023\/08\/te-de-rooibos-envase-libre-sin-plastico-semper-tea-.jpg","datePublished":"2023-08-22T20:29:15+00:00","dateModified":"2024-01-17T17:26:10+00:00","description":"Natural goodness of organic Rooibos tea in plastic-free envelope tea bags. Sustainable flavorful tea choice good for you and environment.","breadcrumb":{"@id":"https:\/\/www.sempertea.eu\/en\/organic-redbush-tea-plastic-free-envelope-tea-bags\/#breadcrumb"},"inLanguage":"en-US","potentialAction":[{"@type":"ReadAction","target":["https:\/\/www.sempertea.eu\/en\/organic-redbush-tea-plastic-free-envelope-tea-bags\/"]}]},{"@type":"ImageObject","inLanguage":"en-US","@id":"https:\/\/www.sempertea.eu\/en\/organic-redbush-tea-plastic-free-envelope-tea-bags\/#primaryimage","url":"https:\/\/www.sempertea.eu\/wp-content\/uploads\/2023\/08\/te-de-rooibos-envase-libre-sin-plastico-semper-tea-.jpg","contentUrl":"https:\/\/www.sempertea.eu\/wp-content\/uploads\/2023\/08\/te-de-rooibos-envase-libre-sin-plastico-semper-tea-.jpg","width":1500,"height":1500,"caption":"T\u00e9 de Rooibos Libre de Pl\u00e1stico semper tea"},{"@type":"BreadcrumbList","@id":"https:\/\/www.sempertea.eu\/en\/organic-redbush-tea-plastic-free-envelope-tea-bags\/#breadcrumb","itemListElement":[{"@type":"ListItem","position":1,"name":"Portada","item":"https:\/\/www.sempertea.eu\/en\/"},{"@type":"ListItem","position":2,"name":"Shop","item":"https:\/\/www.sempertea.eu\/en\/shop\/"},{"@type":"ListItem","position":3,"name":"ROOIBOS organic tea I Pyramid in sachet"}]},{"@type":"WebSite","@id":"https:\/\/www.sempertea.eu\/#website","url":"https:\/\/www.sempertea.eu\/","name":"Semper Tea | Mayorista y fabricante de T\u00e9s e Infusiones para hoteles, restaurantes y bares","description":"T\u00e9s e infusiones para hosteler\u00eda, hoteler\u00eda y comercio","potentialAction":[{"@type":"SearchAction","target":{"@type":"EntryPoint","urlTemplate":"https:\/\/www.sempertea.eu\/?s={search_term_string}"},"query-input":{"@type":"PropertyValueSpecification","valueRequired":true,"valueName":"search_term_string"}}],"inLanguage":"en-US"}]}},"_links":{"self":[{"href":"https:\/\/www.sempertea.eu\/en\/wp-json\/wp\/v2\/product\/8241","targetHints":{"allow":["GET"]}}],"collection":[{"href":"https:\/\/www.sempertea.eu\/en\/wp-json\/wp\/v2\/product"}],"about":[{"href":"https:\/\/www.sempertea.eu\/en\/wp-json\/wp\/v2\/types\/product"}],"replies":[{"embeddable":true,"href":"https:\/\/www.sempertea.eu\/en\/wp-json\/wp\/v2\/comments?post=8241"}],"wp:featuredmedia":[{"embeddable":true,"href":"https:\/\/www.sempertea.eu\/en\/wp-json\/wp\/v2\/media\/8268"}],"wp:attachment":[{"href":"https:\/\/www.sempertea.eu\/en\/wp-json\/wp\/v2\/media?parent=8241"}],"wp:term":[{"taxonomy":"product_brand","embeddable":true,"href":"https:\/\/www.sempertea.eu\/en\/wp-json\/wp\/v2\/product_brand?post=8241"},{"taxonomy":"product_cat","embeddable":true,"href":"https:\/\/www.sempertea.eu\/en\/wp-json\/wp\/v2\/product_cat?post=8241"},{"taxonomy":"product_tag","embeddable":true,"href":"https:\/\/www.sempertea.eu\/en\/wp-json\/wp\/v2\/product_tag?post=8241"}],"curies":[{"name":"wp","href":"https:\/\/api.w.org\/{rel}","templated":true}]}}