{"id":8169,"date":"2021-08-07T19:51:51","date_gmt":"2023-08-02T18:45:26","guid":{"rendered":"https:\/\/www.sempertea.eu\/pack-de-inicio-te-para-horeca-caja-de-te-56-piramide\/"},"modified":"2023-08-02T20:09:08","modified_gmt":"2023-08-02T19:09:08","slug":"horeca-professionals-tea-starter-pack-luxury-solution","status":"publish","type":"product","link":"https:\/\/www.sempertea.eu\/en\/horeca-professionals-tea-starter-pack-luxury-solution\/","title":{"rendered":"Tea Starter Set for Horeca | 56 pyramid tea box"},"content":{"rendered":"<div class=\"tab-panels\">\n<div id=\"tab-description\" class=\"woocommerce-Tabs-panel woocommerce-Tabs-panel--description panel entry-content active\" role=\"tabpanel\" aria-labelledby=\"tab-title-description\">\n<div class=\"tab-panels\">\n<div id=\"tab-description\" class=\"woocommerce-Tabs-panel woocommerce-Tabs-panel--description panel entry-content active\" role=\"tabpanel\" aria-labelledby=\"tab-title-description\">\n<div class=\"tab-panels\">\n<h2>Elevate your tea presentation with our pyramid tea starter kit<\/h2>\n<p>Discover the Smart Start with Semper Tea.<\/p>\n<p>Perfect for<strong> restaurants, cafes, hotels, events, and caterer &#8230;more<\/strong>, our Starter Kit includes:<\/p>\n<p>&#8211; A stunning display box for 56 empty pods (377 x 338 x 54 mm)<br \/>\n&#8211; 2 refill packs with 18 pods each, featuring 12 tea varieties<br \/>\n&#8211; Ten tea cards in English, Spanish, and German<\/p>\n<p>Experience the Coral Collection Tea Concept that delivers a <strong>personalized tea service with an attractive presentation<\/strong>. Semper Tea makes tea selection a gratifying experience, offering convenience and personalized service in every cup.<\/p>\n<h4><strong>Enjoy our Coral Collection<\/strong><\/h4>\n<p>\u25cf English Breakfast<br \/>\n\u25cf <a href=\"https:\/\/www.sempertea.eu\/earl-grey-bolsa-piramide-material-biodegradable\/\">Earl Grey<\/a><br \/>\n\u25cf Oolong<br \/>\n\u25cf Darjeeling<br \/>\n\u25cf Chai<br \/>\n\u25cf Green<br \/>\n\u25cf White<br \/>\n\u25cf Pu-erh Vanilla<br \/>\n\u25cf Rooibos<br \/>\n\u25cf Fruit<br \/>\n\u25cf Mint<br \/>\n\u25cf <a href=\"https:\/\/www.sempertea.eu\/infusion-manzanilla-camomile-piramide-comprar-coral\/\">Camomile<\/a><\/p>\n<h3>Convenience and Style: Pyramid Tea Starter Pack for Catering Businesses<\/h3>\n<p>At Semper Tea, we take pride in our EU Organic Certificate, which ensures that our teas are cultivated with utmost care for the soil and the environment. We strictly avoid the use of fertilizers and crop protection, emphasizing nature&#8217;s preservation.<\/p>\n<p>Our<strong> certified organic teas<\/strong> originate from controlled plantations worldwide, delivering a fresh and authentic taste that respects nature&#8217;s life cycle.<\/p>\n<p>Discover our modern, elegant, and creative tea concepts tailored for your business. Combining the best of tradition and innovation, our carefully selected organic tea flavors are sure to captivate your customers.<\/p>\n<p>Experience the uniqueness of Semper Tea products with their enticing aromas and visually appealing design, providing an authentic and delightful sensory journey.<\/p>\n<\/div>\n<\/div>\n<\/div>\n<\/div>\n<\/div>\n","protected":false},"excerpt":{"rendered":"<div class=\"product-short-description\">\n<p>This starter kit consists of:<\/p>\n<ul>\n<li>One empty display box for 24 single doses measuring 377 x 338 x 54 mm.<\/li>\n<li>2 refill boxes with 18 pods for each 12 varieties of tea.<\/li>\n<li>Ten tea cards in English, Spanish and German.<\/li>\n<\/ul>\n<\/div>\n","protected":false},"featured_media":4336,"comment_status":"open","ping_status":"closed","template":"","meta":[],"product_brand":[],"product_cat":[163,154,192,160,193,162,161],"product_tag":[],"class_list":{"0":"post-8169","1":"product","2":"type-product","3":"status-publish","4":"has-post-thumbnail","6":"product_cat-product-brochure-of-tea","7":"product_cat-unique-exclusive-tea-collections","8":"product_cat-tea-pyramid-organic-biodegradable","9":"product_cat-teas-and-tisanes-organic-buy-online","10":"product_cat-tea-pyramid-biodegradable","11":"product_cat-todos-en","12":"product_cat-exclusive-tea-line","14":"first","15":"instock","16":"shipping-taxable","17":"purchasable","18":"product-type-simple"},"yoast_head":"<!-- This site is optimized with the Yoast SEO Premium plugin v27.3 (Yoast SEO v27.4) - https:\/\/yoast.com\/product\/yoast-seo-premium-wordpress\/ -->\n<title>HORECA Professionals Tea and Infusions Starter Pack | Luxury Solution<\/title>\n<meta name=\"description\" content=\"Ultimate HORECA Professionals Tea and Infusions Starter Pack, luxurious solution for business. Elevate with Organic Tea - Attractive Design.\" \/>\n<meta name=\"robots\" content=\"index, follow, max-snippet:-1, max-image-preview:large, max-video-preview:-1\" \/>\n<link rel=\"canonical\" href=\"https:\/\/www.sempertea.eu\/pack-de-iniciacion-tes-e-infusiones-para-profesionales-horeca\/\" \/>\n<meta property=\"og:locale\" content=\"en_US\" \/>\n<meta property=\"og:type\" content=\"article\" \/>\n<meta property=\"og:title\" content=\"Tea Starter Set for Horeca | 56 pyramid tea box\" \/>\n<meta property=\"og:description\" content=\"Ultimate HORECA Professionals Tea and Infusions Starter Pack, luxurious solution for business. Elevate with Organic Tea - Attractive Design.\" \/>\n<meta property=\"og:url\" content=\"https:\/\/www.sempertea.eu\/pack-de-iniciacion-tes-e-infusiones-para-profesionales-horeca\/\" \/>\n<meta property=\"og:site_name\" content=\"Semper Tea | Mayorista y fabricante de T\u00e9s e Infusiones para hoteles, restaurantes y bares\" \/>\n<meta property=\"article:modified_time\" content=\"2023-08-02T19:09:08+00:00\" \/>\n<meta property=\"og:image\" content=\"https:\/\/www.sempertea.eu\/wp-content\/uploads\/2021\/08\/cajas-para-guardar-te-bolsa-semper-tea.jpg\" \/>\n<meta name=\"twitter:card\" content=\"summary_large_image\" \/>\n<meta name=\"twitter:label1\" content=\"Est. reading time\" \/>\n\t<meta name=\"twitter:data1\" content=\"1 minute\" \/>\n<script type=\"application\/ld+json\" class=\"yoast-schema-graph\">{\"@context\":\"https:\\\/\\\/schema.org\",\"@graph\":[{\"@type\":\"WebPage\",\"@id\":\"https:\\\/\\\/www.sempertea.eu\\\/pack-de-iniciacion-tes-e-infusiones-para-profesionales-horeca\\\/\",\"url\":\"https:\\\/\\\/www.sempertea.eu\\\/pack-de-iniciacion-tes-e-infusiones-para-profesionales-horeca\\\/\",\"name\":\"HORECA Professionals Tea and Infusions Starter Pack | Luxury Solution\",\"isPartOf\":{\"@id\":\"https:\\\/\\\/www.sempertea.eu\\\/#website\"},\"primaryImageOfPage\":{\"@id\":\"https:\\\/\\\/www.sempertea.eu\\\/pack-de-iniciacion-tes-e-infusiones-para-profesionales-horeca\\\/#primaryimage\"},\"image\":{\"@id\":\"https:\\\/\\\/www.sempertea.eu\\\/pack-de-iniciacion-tes-e-infusiones-para-profesionales-horeca\\\/#primaryimage\"},\"thumbnailUrl\":\"https:\\\/\\\/www.sempertea.eu\\\/wp-content\\\/uploads\\\/2021\\\/08\\\/pack-de-iniciacion-tes-e-infusiones-para-profesionales-horeca-semper-tea.jpg\",\"datePublished\":\"2023-08-02T18:45:26+00:00\",\"dateModified\":\"2023-08-02T19:09:08+00:00\",\"description\":\"Ultimate HORECA Professionals Tea and Infusions Starter Pack, luxurious solution for business. Elevate with Organic Tea - Attractive Design.\",\"breadcrumb\":{\"@id\":\"https:\\\/\\\/www.sempertea.eu\\\/pack-de-iniciacion-tes-e-infusiones-para-profesionales-horeca\\\/#breadcrumb\"},\"inLanguage\":\"en-US\",\"potentialAction\":[{\"@type\":\"ReadAction\",\"target\":[\"https:\\\/\\\/www.sempertea.eu\\\/pack-de-iniciacion-tes-e-infusiones-para-profesionales-horeca\\\/\"]}]},{\"@type\":\"ImageObject\",\"inLanguage\":\"en-US\",\"@id\":\"https:\\\/\\\/www.sempertea.eu\\\/pack-de-iniciacion-tes-e-infusiones-para-profesionales-horeca\\\/#primaryimage\",\"url\":\"https:\\\/\\\/www.sempertea.eu\\\/wp-content\\\/uploads\\\/2021\\\/08\\\/pack-de-iniciacion-tes-e-infusiones-para-profesionales-horeca-semper-tea.jpg\",\"contentUrl\":\"https:\\\/\\\/www.sempertea.eu\\\/wp-content\\\/uploads\\\/2021\\\/08\\\/pack-de-iniciacion-tes-e-infusiones-para-profesionales-horeca-semper-tea.jpg\",\"width\":900,\"height\":900,\"caption\":\"Pack de Iniciaci\u00f3n T\u00e9s e infusiones para Profesionales HORECA\"},{\"@type\":\"BreadcrumbList\",\"@id\":\"https:\\\/\\\/www.sempertea.eu\\\/pack-de-iniciacion-tes-e-infusiones-para-profesionales-horeca\\\/#breadcrumb\",\"itemListElement\":[{\"@type\":\"ListItem\",\"position\":1,\"name\":\"Portada\",\"item\":\"https:\\\/\\\/www.sempertea.eu\\\/en\\\/\"},{\"@type\":\"ListItem\",\"position\":2,\"name\":\"Shop\",\"item\":\"https:\\\/\\\/www.sempertea.eu\\\/en\\\/shop\\\/\"},{\"@type\":\"ListItem\",\"position\":3,\"name\":\"Tea Starter Set for Horeca | 56 pyramid tea box\"}]},{\"@type\":\"WebSite\",\"@id\":\"https:\\\/\\\/www.sempertea.eu\\\/#website\",\"url\":\"https:\\\/\\\/www.sempertea.eu\\\/\",\"name\":\"Semper Tea | Mayorista y fabricante de T\u00e9s e Infusiones para hoteles, restaurantes y bares\",\"description\":\"T\u00e9s e infusiones para hosteler\u00eda, hoteler\u00eda y comercio\",\"potentialAction\":[{\"@type\":\"SearchAction\",\"target\":{\"@type\":\"EntryPoint\",\"urlTemplate\":\"https:\\\/\\\/www.sempertea.eu\\\/?s={search_term_string}\"},\"query-input\":{\"@type\":\"PropertyValueSpecification\",\"valueRequired\":true,\"valueName\":\"search_term_string\"}}],\"inLanguage\":\"en-US\"}]}<\/script>\n<!-- \/ Yoast SEO Premium plugin. -->","yoast_head_json":{"title":"HORECA Professionals Tea and Infusions Starter Pack | Luxury Solution","description":"Ultimate HORECA Professionals Tea and Infusions Starter Pack, luxurious solution for business. Elevate with Organic Tea - Attractive Design.","robots":{"index":"index","follow":"follow","max-snippet":"max-snippet:-1","max-image-preview":"max-image-preview:large","max-video-preview":"max-video-preview:-1"},"canonical":"https:\/\/www.sempertea.eu\/pack-de-iniciacion-tes-e-infusiones-para-profesionales-horeca\/","og_locale":"en_US","og_type":"article","og_title":"Tea Starter Set for Horeca | 56 pyramid tea box","og_description":"Ultimate HORECA Professionals Tea and Infusions Starter Pack, luxurious solution for business. Elevate with Organic Tea - Attractive Design.","og_url":"https:\/\/www.sempertea.eu\/pack-de-iniciacion-tes-e-infusiones-para-profesionales-horeca\/","og_site_name":"Semper Tea | Mayorista y fabricante de T\u00e9s e Infusiones para hoteles, restaurantes y bares","article_modified_time":"2023-08-02T19:09:08+00:00","og_image":[{"url":"https:\/\/www.sempertea.eu\/wp-content\/uploads\/2021\/08\/cajas-para-guardar-te-bolsa-semper-tea.jpg","type":"","width":"","height":""}],"twitter_card":"summary_large_image","twitter_misc":{"Est. reading time":"1 minute"},"schema":{"@context":"https:\/\/schema.org","@graph":[{"@type":"WebPage","@id":"https:\/\/www.sempertea.eu\/pack-de-iniciacion-tes-e-infusiones-para-profesionales-horeca\/","url":"https:\/\/www.sempertea.eu\/pack-de-iniciacion-tes-e-infusiones-para-profesionales-horeca\/","name":"HORECA Professionals Tea and Infusions Starter Pack | Luxury Solution","isPartOf":{"@id":"https:\/\/www.sempertea.eu\/#website"},"primaryImageOfPage":{"@id":"https:\/\/www.sempertea.eu\/pack-de-iniciacion-tes-e-infusiones-para-profesionales-horeca\/#primaryimage"},"image":{"@id":"https:\/\/www.sempertea.eu\/pack-de-iniciacion-tes-e-infusiones-para-profesionales-horeca\/#primaryimage"},"thumbnailUrl":"https:\/\/www.sempertea.eu\/wp-content\/uploads\/2021\/08\/pack-de-iniciacion-tes-e-infusiones-para-profesionales-horeca-semper-tea.jpg","datePublished":"2023-08-02T18:45:26+00:00","dateModified":"2023-08-02T19:09:08+00:00","description":"Ultimate HORECA Professionals Tea and Infusions Starter Pack, luxurious solution for business. Elevate with Organic Tea - Attractive Design.","breadcrumb":{"@id":"https:\/\/www.sempertea.eu\/pack-de-iniciacion-tes-e-infusiones-para-profesionales-horeca\/#breadcrumb"},"inLanguage":"en-US","potentialAction":[{"@type":"ReadAction","target":["https:\/\/www.sempertea.eu\/pack-de-iniciacion-tes-e-infusiones-para-profesionales-horeca\/"]}]},{"@type":"ImageObject","inLanguage":"en-US","@id":"https:\/\/www.sempertea.eu\/pack-de-iniciacion-tes-e-infusiones-para-profesionales-horeca\/#primaryimage","url":"https:\/\/www.sempertea.eu\/wp-content\/uploads\/2021\/08\/pack-de-iniciacion-tes-e-infusiones-para-profesionales-horeca-semper-tea.jpg","contentUrl":"https:\/\/www.sempertea.eu\/wp-content\/uploads\/2021\/08\/pack-de-iniciacion-tes-e-infusiones-para-profesionales-horeca-semper-tea.jpg","width":900,"height":900,"caption":"Pack de Iniciaci\u00f3n T\u00e9s e infusiones para Profesionales HORECA"},{"@type":"BreadcrumbList","@id":"https:\/\/www.sempertea.eu\/pack-de-iniciacion-tes-e-infusiones-para-profesionales-horeca\/#breadcrumb","itemListElement":[{"@type":"ListItem","position":1,"name":"Portada","item":"https:\/\/www.sempertea.eu\/en\/"},{"@type":"ListItem","position":2,"name":"Shop","item":"https:\/\/www.sempertea.eu\/en\/shop\/"},{"@type":"ListItem","position":3,"name":"Tea Starter Set for Horeca | 56 pyramid tea box"}]},{"@type":"WebSite","@id":"https:\/\/www.sempertea.eu\/#website","url":"https:\/\/www.sempertea.eu\/","name":"Semper Tea | Mayorista y fabricante de T\u00e9s e Infusiones para hoteles, restaurantes y bares","description":"T\u00e9s e infusiones para hosteler\u00eda, hoteler\u00eda y comercio","potentialAction":[{"@type":"SearchAction","target":{"@type":"EntryPoint","urlTemplate":"https:\/\/www.sempertea.eu\/?s={search_term_string}"},"query-input":{"@type":"PropertyValueSpecification","valueRequired":true,"valueName":"search_term_string"}}],"inLanguage":"en-US"}]}},"_links":{"self":[{"href":"https:\/\/www.sempertea.eu\/en\/wp-json\/wp\/v2\/product\/8169","targetHints":{"allow":["GET"]}}],"collection":[{"href":"https:\/\/www.sempertea.eu\/en\/wp-json\/wp\/v2\/product"}],"about":[{"href":"https:\/\/www.sempertea.eu\/en\/wp-json\/wp\/v2\/types\/product"}],"replies":[{"embeddable":true,"href":"https:\/\/www.sempertea.eu\/en\/wp-json\/wp\/v2\/comments?post=8169"}],"wp:featuredmedia":[{"embeddable":true,"href":"https:\/\/www.sempertea.eu\/en\/wp-json\/wp\/v2\/media\/4336"}],"wp:attachment":[{"href":"https:\/\/www.sempertea.eu\/en\/wp-json\/wp\/v2\/media?parent=8169"}],"wp:term":[{"taxonomy":"product_brand","embeddable":true,"href":"https:\/\/www.sempertea.eu\/en\/wp-json\/wp\/v2\/product_brand?post=8169"},{"taxonomy":"product_cat","embeddable":true,"href":"https:\/\/www.sempertea.eu\/en\/wp-json\/wp\/v2\/product_cat?post=8169"},{"taxonomy":"product_tag","embeddable":true,"href":"https:\/\/www.sempertea.eu\/en\/wp-json\/wp\/v2\/product_tag?post=8169"}],"curies":[{"name":"wp","href":"https:\/\/api.w.org\/{rel}","templated":true}]}}