{"id":8164,"date":"2021-08-07T11:57:54","date_gmt":"2023-08-02T17:48:49","guid":{"rendered":"https:\/\/www.sempertea.eu\/cajita-de-te-con-6-piramides-regalos-te\/"},"modified":"2024-01-17T15:44:28","modified_gmt":"2024-01-17T14:44:28","slug":"wooden-tea-box-for-pyramids-tea-gift-set","status":"publish","type":"product","link":"https:\/\/www.sempertea.eu\/en\/wooden-tea-box-for-pyramids-tea-gift-set\/","title":{"rendered":"Tea Box filled with 6 Pyramid Tea | Gift Set"},"content":{"rendered":"<h2>Stunning tea gift box &#8211; 6 pyramid infusions for tea lovers!<\/h2>\n<p>This beautifully crafted box contains 6 tea pyramids from our Coral tea line, offering the ultimate relaxation with its sophisticated, practical, and convenient presentation. Each biodegradable tea pyramid is individually packaged in a small designer case.<\/p>\n<p>Our Coral tea line caters to a more intimate tea service within the hotel room, making it ideal for guests to savour a personal and exclusive tea selection. Your guests will appreciate the thoughtful touch of this personalised tea service.<\/p>\n<p>The biodegradable tea pyramids are filled with premium organic loose leaf tea, allowing the flavours to unfold completely in the water.<\/p>\n<p>Dimensions: 164 x 124 x 54 mm.<\/p>\n<h3>Luxurious tea box set<\/h3>\n<p>For the tea enthusiasts, this <strong>Tea Set for Him or Her<\/strong> represents the perfect gourmet gift. It includes a wooden box with 6 pyramid tea infusions, each carefully selected from our organic tea line, Coral Collection.<\/p>\n<p>Impress and inspire with top-notch tea in meeting rooms or surprise your customers with this <strong>exclusive tea box for private sale.<\/strong><\/p>\n<h4><strong>6 Pyramid infusions for relaxation<\/strong><\/h4>\n<p>This Tea Gift Box makes for an elegant and distinctive gift for tea lovers, featuring 6 pyramid tea infusions presented in visually appealing individual boxes. The tea leaves are packed in biodegradable pyramid bags, allowing them to release their full aroma and flavour.<\/p>\n<p>&nbsp;<\/p>\n","protected":false},"excerpt":{"rendered":"<div class=\"product-short-description\">\n<p>Within the world of teas you can find our beautiful <strong>Tea Box for 6 biodegradable pyramid infusions<\/strong>. This gorgeous crafted tea box with individual dividers offers an elegant presentation for your tea collection. A carefully curated selection of organic teas and infusions, in an eye-catching box.<\/p>\n<p>Dimensions: 164 x 124 x 54 mm<\/p>\n<\/div>\n","protected":false},"featured_media":4296,"comment_status":"open","ping_status":"closed","template":"","meta":[],"product_brand":[],"product_cat":[163,154,192,197,160,193,162,161],"product_tag":[],"class_list":{"0":"post-8164","1":"product","2":"type-product","3":"status-publish","4":"has-post-thumbnail","6":"product_cat-product-brochure-of-tea","7":"product_cat-unique-exclusive-tea-collections","8":"product_cat-tea-pyramid-organic-biodegradable","9":"product_cat-unique-gifts-for-tea-lovers","10":"product_cat-teas-and-tisanes-organic-buy-online","11":"product_cat-tea-pyramid-biodegradable","12":"product_cat-todos-en","13":"product_cat-exclusive-tea-line","15":"first","16":"instock","17":"shipping-taxable","18":"purchasable","19":"product-type-simple"},"yoast_head":"<!-- This site is optimized with the Yoast SEO Premium plugin v27.3 (Yoast SEO v27.3) - https:\/\/yoast.com\/product\/yoast-seo-premium-wordpress\/ -->\n<title>Wooden Tea Box for Pyramid Tea | Organizer &amp; Storage Gift Set<\/title>\n<meta name=\"description\" content=\"Filled with 6 eco pyramid teas, offering ideal relaxation. Elegant, practical, comfortable. Wooden Tea Box perfect organizer-storage gift set.\" \/>\n<meta name=\"robots\" content=\"index, follow, max-snippet:-1, max-image-preview:large, max-video-preview:-1\" \/>\n<link rel=\"canonical\" href=\"https:\/\/www.sempertea.eu\/en\/wooden-tea-box-for-pyramids-tea-gift-set\/\" \/>\n<meta property=\"og:locale\" content=\"en_US\" \/>\n<meta property=\"og:type\" content=\"article\" \/>\n<meta property=\"og:title\" content=\"Tea Box filled with 6 Pyramid Tea | Gift Set\" \/>\n<meta property=\"og:description\" content=\"Filled with 6 eco pyramid teas, offering ideal relaxation. Elegant, practical, comfortable. Wooden Tea Box perfect organizer-storage gift set.\" \/>\n<meta property=\"og:url\" content=\"https:\/\/www.sempertea.eu\/en\/wooden-tea-box-for-pyramids-tea-gift-set\/\" \/>\n<meta property=\"og:site_name\" content=\"Semper Tea | Mayorista y fabricante de T\u00e9s e Infusiones para hoteles, restaurantes y bares\" \/>\n<meta property=\"article:modified_time\" content=\"2024-01-17T14:44:28+00:00\" \/>\n<meta property=\"og:image\" content=\"https:\/\/www.sempertea.eu\/wp-content\/uploads\/2021\/08\/caja-de-madera-de-tes-e-infusiones-organicas-regalo-exclusivo-semper-tea.jpg\" \/>\n<meta name=\"twitter:card\" content=\"summary_large_image\" \/>\n<meta name=\"twitter:label1\" content=\"Est. reading time\" \/>\n\t<meta name=\"twitter:data1\" content=\"1 minute\" \/>\n<script type=\"application\/ld+json\" class=\"yoast-schema-graph\">{\"@context\":\"https:\\\/\\\/schema.org\",\"@graph\":[{\"@type\":\"WebPage\",\"@id\":\"https:\\\/\\\/www.sempertea.eu\\\/en\\\/wooden-tea-box-for-pyramids-tea-gift-set\\\/\",\"url\":\"https:\\\/\\\/www.sempertea.eu\\\/en\\\/wooden-tea-box-for-pyramids-tea-gift-set\\\/\",\"name\":\"Wooden Tea Box for Pyramid Tea | Organizer & Storage Gift Set\",\"isPartOf\":{\"@id\":\"https:\\\/\\\/www.sempertea.eu\\\/#website\"},\"primaryImageOfPage\":{\"@id\":\"https:\\\/\\\/www.sempertea.eu\\\/en\\\/wooden-tea-box-for-pyramids-tea-gift-set\\\/#primaryimage\"},\"image\":{\"@id\":\"https:\\\/\\\/www.sempertea.eu\\\/en\\\/wooden-tea-box-for-pyramids-tea-gift-set\\\/#primaryimage\"},\"thumbnailUrl\":\"https:\\\/\\\/www.sempertea.eu\\\/wp-content\\\/uploads\\\/2021\\\/08\\\/caja-para-tes-e-infuisiones-regalo-de-te-kit-de-te-organico-semper-tea-.jpg\",\"datePublished\":\"2023-08-02T17:48:49+00:00\",\"dateModified\":\"2024-01-17T14:44:28+00:00\",\"description\":\"Filled with 6 eco pyramid teas, offering ideal relaxation. Elegant, practical, comfortable. Wooden Tea Box perfect organizer-storage gift set.\",\"breadcrumb\":{\"@id\":\"https:\\\/\\\/www.sempertea.eu\\\/en\\\/wooden-tea-box-for-pyramids-tea-gift-set\\\/#breadcrumb\"},\"inLanguage\":\"en-US\",\"potentialAction\":[{\"@type\":\"ReadAction\",\"target\":[\"https:\\\/\\\/www.sempertea.eu\\\/en\\\/wooden-tea-box-for-pyramids-tea-gift-set\\\/\"]}]},{\"@type\":\"ImageObject\",\"inLanguage\":\"en-US\",\"@id\":\"https:\\\/\\\/www.sempertea.eu\\\/en\\\/wooden-tea-box-for-pyramids-tea-gift-set\\\/#primaryimage\",\"url\":\"https:\\\/\\\/www.sempertea.eu\\\/wp-content\\\/uploads\\\/2021\\\/08\\\/caja-para-tes-e-infuisiones-regalo-de-te-kit-de-te-organico-semper-tea-.jpg\",\"contentUrl\":\"https:\\\/\\\/www.sempertea.eu\\\/wp-content\\\/uploads\\\/2021\\\/08\\\/caja-para-tes-e-infuisiones-regalo-de-te-kit-de-te-organico-semper-tea-.jpg\",\"width\":1500,\"height\":1500,\"caption\":\"caja para tes e infuisiones regalo de te kit de te organico semper tea\"},{\"@type\":\"BreadcrumbList\",\"@id\":\"https:\\\/\\\/www.sempertea.eu\\\/en\\\/wooden-tea-box-for-pyramids-tea-gift-set\\\/#breadcrumb\",\"itemListElement\":[{\"@type\":\"ListItem\",\"position\":1,\"name\":\"Portada\",\"item\":\"https:\\\/\\\/www.sempertea.eu\\\/en\\\/\"},{\"@type\":\"ListItem\",\"position\":2,\"name\":\"Shop\",\"item\":\"https:\\\/\\\/www.sempertea.eu\\\/en\\\/shop\\\/\"},{\"@type\":\"ListItem\",\"position\":3,\"name\":\"Tea Box filled with 6 Pyramid Tea | Gift Set\"}]},{\"@type\":\"WebSite\",\"@id\":\"https:\\\/\\\/www.sempertea.eu\\\/#website\",\"url\":\"https:\\\/\\\/www.sempertea.eu\\\/\",\"name\":\"Semper Tea | Mayorista y fabricante de T\u00e9s e Infusiones para hoteles, restaurantes y bares\",\"description\":\"T\u00e9s e infusiones para hosteler\u00eda, hoteler\u00eda y comercio\",\"potentialAction\":[{\"@type\":\"SearchAction\",\"target\":{\"@type\":\"EntryPoint\",\"urlTemplate\":\"https:\\\/\\\/www.sempertea.eu\\\/?s={search_term_string}\"},\"query-input\":{\"@type\":\"PropertyValueSpecification\",\"valueRequired\":true,\"valueName\":\"search_term_string\"}}],\"inLanguage\":\"en-US\"}]}<\/script>\n<!-- \/ Yoast SEO Premium plugin. -->","yoast_head_json":{"title":"Wooden Tea Box for Pyramid Tea | Organizer & Storage Gift Set","description":"Filled with 6 eco pyramid teas, offering ideal relaxation. Elegant, practical, comfortable. Wooden Tea Box perfect organizer-storage gift set.","robots":{"index":"index","follow":"follow","max-snippet":"max-snippet:-1","max-image-preview":"max-image-preview:large","max-video-preview":"max-video-preview:-1"},"canonical":"https:\/\/www.sempertea.eu\/en\/wooden-tea-box-for-pyramids-tea-gift-set\/","og_locale":"en_US","og_type":"article","og_title":"Tea Box filled with 6 Pyramid Tea | Gift Set","og_description":"Filled with 6 eco pyramid teas, offering ideal relaxation. Elegant, practical, comfortable. Wooden Tea Box perfect organizer-storage gift set.","og_url":"https:\/\/www.sempertea.eu\/en\/wooden-tea-box-for-pyramids-tea-gift-set\/","og_site_name":"Semper Tea | Mayorista y fabricante de T\u00e9s e Infusiones para hoteles, restaurantes y bares","article_modified_time":"2024-01-17T14:44:28+00:00","og_image":[{"url":"https:\/\/www.sempertea.eu\/wp-content\/uploads\/2021\/08\/caja-de-madera-de-tes-e-infusiones-organicas-regalo-exclusivo-semper-tea.jpg","type":"","width":"","height":""}],"twitter_card":"summary_large_image","twitter_misc":{"Est. reading time":"1 minute"},"schema":{"@context":"https:\/\/schema.org","@graph":[{"@type":"WebPage","@id":"https:\/\/www.sempertea.eu\/en\/wooden-tea-box-for-pyramids-tea-gift-set\/","url":"https:\/\/www.sempertea.eu\/en\/wooden-tea-box-for-pyramids-tea-gift-set\/","name":"Wooden Tea Box for Pyramid Tea | Organizer & Storage Gift Set","isPartOf":{"@id":"https:\/\/www.sempertea.eu\/#website"},"primaryImageOfPage":{"@id":"https:\/\/www.sempertea.eu\/en\/wooden-tea-box-for-pyramids-tea-gift-set\/#primaryimage"},"image":{"@id":"https:\/\/www.sempertea.eu\/en\/wooden-tea-box-for-pyramids-tea-gift-set\/#primaryimage"},"thumbnailUrl":"https:\/\/www.sempertea.eu\/wp-content\/uploads\/2021\/08\/caja-para-tes-e-infuisiones-regalo-de-te-kit-de-te-organico-semper-tea-.jpg","datePublished":"2023-08-02T17:48:49+00:00","dateModified":"2024-01-17T14:44:28+00:00","description":"Filled with 6 eco pyramid teas, offering ideal relaxation. Elegant, practical, comfortable. Wooden Tea Box perfect organizer-storage gift set.","breadcrumb":{"@id":"https:\/\/www.sempertea.eu\/en\/wooden-tea-box-for-pyramids-tea-gift-set\/#breadcrumb"},"inLanguage":"en-US","potentialAction":[{"@type":"ReadAction","target":["https:\/\/www.sempertea.eu\/en\/wooden-tea-box-for-pyramids-tea-gift-set\/"]}]},{"@type":"ImageObject","inLanguage":"en-US","@id":"https:\/\/www.sempertea.eu\/en\/wooden-tea-box-for-pyramids-tea-gift-set\/#primaryimage","url":"https:\/\/www.sempertea.eu\/wp-content\/uploads\/2021\/08\/caja-para-tes-e-infuisiones-regalo-de-te-kit-de-te-organico-semper-tea-.jpg","contentUrl":"https:\/\/www.sempertea.eu\/wp-content\/uploads\/2021\/08\/caja-para-tes-e-infuisiones-regalo-de-te-kit-de-te-organico-semper-tea-.jpg","width":1500,"height":1500,"caption":"caja para tes e infuisiones regalo de te kit de te organico semper tea"},{"@type":"BreadcrumbList","@id":"https:\/\/www.sempertea.eu\/en\/wooden-tea-box-for-pyramids-tea-gift-set\/#breadcrumb","itemListElement":[{"@type":"ListItem","position":1,"name":"Portada","item":"https:\/\/www.sempertea.eu\/en\/"},{"@type":"ListItem","position":2,"name":"Shop","item":"https:\/\/www.sempertea.eu\/en\/shop\/"},{"@type":"ListItem","position":3,"name":"Tea Box filled with 6 Pyramid Tea | Gift Set"}]},{"@type":"WebSite","@id":"https:\/\/www.sempertea.eu\/#website","url":"https:\/\/www.sempertea.eu\/","name":"Semper Tea | Mayorista y fabricante de T\u00e9s e Infusiones para hoteles, restaurantes y bares","description":"T\u00e9s e infusiones para hosteler\u00eda, hoteler\u00eda y comercio","potentialAction":[{"@type":"SearchAction","target":{"@type":"EntryPoint","urlTemplate":"https:\/\/www.sempertea.eu\/?s={search_term_string}"},"query-input":{"@type":"PropertyValueSpecification","valueRequired":true,"valueName":"search_term_string"}}],"inLanguage":"en-US"}]}},"_links":{"self":[{"href":"https:\/\/www.sempertea.eu\/en\/wp-json\/wp\/v2\/product\/8164","targetHints":{"allow":["GET"]}}],"collection":[{"href":"https:\/\/www.sempertea.eu\/en\/wp-json\/wp\/v2\/product"}],"about":[{"href":"https:\/\/www.sempertea.eu\/en\/wp-json\/wp\/v2\/types\/product"}],"replies":[{"embeddable":true,"href":"https:\/\/www.sempertea.eu\/en\/wp-json\/wp\/v2\/comments?post=8164"}],"wp:featuredmedia":[{"embeddable":true,"href":"https:\/\/www.sempertea.eu\/en\/wp-json\/wp\/v2\/media\/4296"}],"wp:attachment":[{"href":"https:\/\/www.sempertea.eu\/en\/wp-json\/wp\/v2\/media?parent=8164"}],"wp:term":[{"taxonomy":"product_brand","embeddable":true,"href":"https:\/\/www.sempertea.eu\/en\/wp-json\/wp\/v2\/product_brand?post=8164"},{"taxonomy":"product_cat","embeddable":true,"href":"https:\/\/www.sempertea.eu\/en\/wp-json\/wp\/v2\/product_cat?post=8164"},{"taxonomy":"product_tag","embeddable":true,"href":"https:\/\/www.sempertea.eu\/en\/wp-json\/wp\/v2\/product_tag?post=8164"}],"curies":[{"name":"wp","href":"https:\/\/api.w.org\/{rel}","templated":true}]}}