{"id":8162,"date":"2021-08-07T12:22:32","date_gmt":"2021-08-07T11:22:32","guid":{"rendered":"https:\/\/www.sempertea.eu\/caja-de-te-con-56-piramides-regalos-te\/"},"modified":"2024-01-17T15:34:31","modified_gmt":"2024-01-17T14:34:31","slug":"luxury-tea-box-gourmet","status":"publish","type":"product","link":"https:\/\/www.sempertea.eu\/en\/luxury-tea-box-gourmet\/","title":{"rendered":"Tea Box filled with 56 Pyramid Tea | Luxury Tea Box"},"content":{"rendered":"<h2>The XXL Tea Infusion Box: 56 eco-friendly tea pyramids by Semper Tea<\/h2>\n<p>It is a tea lover&#8217;s dream. Our elegantly arranged tea box is filled with 56 tea pyramids from the Coral line. Each<strong> biodegradable pyramid bag<\/strong> is individually packaged in a small designer case, ensuring easy handling during service and guaranteed hygiene.<\/p>\n<p>Our attractive display of <strong>12 tea flavours<\/strong> in the Coral tea box invites everyone to choose their favourite. Each pyramid is individually boxed, making selection and replenishment a breeze. This exclusive tea box showcases a wide range of teas, beautifully presented<\/p>\n<p>Dimensions: 377 x 338 x 54 mm.<\/p>\n<h3>Upgrade your room style with the black wooden tea box<\/h3>\n<p>Showcase your Semper Tea pyramid collection in a modern and stylish manner.<\/p>\n<p>Looking for the <strong>perfect gift for tea lovers<\/strong>? Look no further! Our Tea Gift Box features 56 pyramid teas, thoughtfully displayed in an elegant, lacquered wooden box with individual dividers. Our biodegradable pyramid bags allow the tea leaves to fully expand and release their delightful aroma and flavour. The visually appealing individual cases add a touch of luxury to this exquisite gift.<\/p>\n<p>&nbsp;<\/p>\n","protected":false},"excerpt":{"rendered":"<div class=\"product-short-description\">\n<p>The ultimate tea experience with our Tea Box for 56 biodegradable pyramid infusions. Crafted from lacquered wood, this elegant box features individual dividers for easy organization. Inside, you&#8217;ll find 12 varieties of meticulously selected organic teas and infusions. Treat yourself or gift it to someone special!<\/p>\n<p>Dimensions 377 x 338 x 54 mm.<\/p>\n<\/div>\n","protected":false},"featured_media":4298,"comment_status":"open","ping_status":"closed","template":"","meta":[],"product_brand":[],"product_cat":[163,355,354,154,192,352,197,351,160,350,353,193,161,162],"product_tag":[],"class_list":{"0":"post-8162","1":"product","2":"type-product","3":"status-publish","4":"has-post-thumbnail","6":"product_cat-product-brochure-of-tea","7":"product_cat-birthday-gifts","8":"product_cat-christmas-gifts","9":"product_cat-unique-exclusive-tea-collections","10":"product_cat-tea-pyramid-organic-biodegradable","11":"product_cat-fathers-day-ideas","12":"product_cat-unique-gifts-for-tea-lovers","13":"product_cat-mothers-day-packs","14":"product_cat-teas-and-tisanes-organic-buy-online","15":"product_cat-st-valentines-gifts","16":"product_cat-tea-lovers","17":"product_cat-tea-pyramid-biodegradable","18":"product_cat-exclusive-tea-line","19":"product_cat-todos-en","21":"first","22":"outofstock","23":"shipping-taxable","24":"purchasable","25":"product-type-simple"},"yoast_head":"<!-- This site is optimized with the Yoast SEO Premium plugin v27.3 (Yoast SEO v27.4) - https:\/\/yoast.com\/product\/yoast-seo-premium-wordpress\/ -->\n<title>Luxury Tea Box | Gourmet Tea Collection: Elegant Presentation Box<\/title>\n<meta name=\"description\" content=\"Pure luxury with elegant tea gift box- 56 tea pyramids. Finest gourmet tea collection, organized in elegant presentation. Order now!\" \/>\n<meta name=\"robots\" content=\"index, follow, max-snippet:-1, max-image-preview:large, max-video-preview:-1\" \/>\n<link rel=\"canonical\" href=\"https:\/\/www.sempertea.eu\/en\/luxury-tea-box-gourmet\/\" \/>\n<meta property=\"og:locale\" content=\"en_US\" \/>\n<meta property=\"og:type\" content=\"article\" \/>\n<meta property=\"og:title\" content=\"Tea Box filled with 56 Pyramid Tea | Luxury Tea Box\" \/>\n<meta property=\"og:description\" content=\"Pure luxury with elegant tea gift box- 56 tea pyramids. Finest gourmet tea collection, organized in elegant presentation. Order now!\" \/>\n<meta property=\"og:url\" content=\"https:\/\/www.sempertea.eu\/en\/luxury-tea-box-gourmet\/\" \/>\n<meta property=\"og:site_name\" content=\"Semper Tea | Mayorista y fabricante de T\u00e9s e Infusiones para hoteles, restaurantes y bares\" \/>\n<meta property=\"article:modified_time\" content=\"2024-01-17T14:34:31+00:00\" \/>\n<meta property=\"og:image\" content=\"https:\/\/www.sempertea.eu\/wp-content\/uploads\/2021\/08\/caja-de-madera-de-tes-e-infusiones-organicas-regalo-exclusivo-semper-tea.jpg\" \/>\n<meta name=\"twitter:card\" content=\"summary_large_image\" \/>\n<meta name=\"twitter:label1\" content=\"Est. reading time\" \/>\n\t<meta name=\"twitter:data1\" content=\"1 minute\" \/>\n<script type=\"application\/ld+json\" class=\"yoast-schema-graph\">{\"@context\":\"https:\\\/\\\/schema.org\",\"@graph\":[{\"@type\":\"WebPage\",\"@id\":\"https:\\\/\\\/www.sempertea.eu\\\/en\\\/luxury-tea-box-gourmet\\\/\",\"url\":\"https:\\\/\\\/www.sempertea.eu\\\/en\\\/luxury-tea-box-gourmet\\\/\",\"name\":\"Luxury Tea Box | Gourmet Tea Collection: Elegant Presentation Box\",\"isPartOf\":{\"@id\":\"https:\\\/\\\/www.sempertea.eu\\\/#website\"},\"primaryImageOfPage\":{\"@id\":\"https:\\\/\\\/www.sempertea.eu\\\/en\\\/luxury-tea-box-gourmet\\\/#primaryimage\"},\"image\":{\"@id\":\"https:\\\/\\\/www.sempertea.eu\\\/en\\\/luxury-tea-box-gourmet\\\/#primaryimage\"},\"thumbnailUrl\":\"https:\\\/\\\/www.sempertea.eu\\\/wp-content\\\/uploads\\\/2021\\\/08\\\/caja-para-guardar-infusiones-en-piramide-xxl-semper-tea.jpg\",\"datePublished\":\"2021-08-07T11:22:32+00:00\",\"dateModified\":\"2024-01-17T14:34:31+00:00\",\"description\":\"Pure luxury with elegant tea gift box- 56 tea pyramids. Finest gourmet tea collection, organized in elegant presentation. Order now!\",\"breadcrumb\":{\"@id\":\"https:\\\/\\\/www.sempertea.eu\\\/en\\\/luxury-tea-box-gourmet\\\/#breadcrumb\"},\"inLanguage\":\"en-US\",\"potentialAction\":[{\"@type\":\"ReadAction\",\"target\":[\"https:\\\/\\\/www.sempertea.eu\\\/en\\\/luxury-tea-box-gourmet\\\/\"]}]},{\"@type\":\"ImageObject\",\"inLanguage\":\"en-US\",\"@id\":\"https:\\\/\\\/www.sempertea.eu\\\/en\\\/luxury-tea-box-gourmet\\\/#primaryimage\",\"url\":\"https:\\\/\\\/www.sempertea.eu\\\/wp-content\\\/uploads\\\/2021\\\/08\\\/caja-para-guardar-infusiones-en-piramide-xxl-semper-tea.jpg\",\"contentUrl\":\"https:\\\/\\\/www.sempertea.eu\\\/wp-content\\\/uploads\\\/2021\\\/08\\\/caja-para-guardar-infusiones-en-piramide-xxl-semper-tea.jpg\",\"width\":900,\"height\":900,\"caption\":\"caja para guardar infusiones en pir\u00e1mide XXL Semper tea\"},{\"@type\":\"BreadcrumbList\",\"@id\":\"https:\\\/\\\/www.sempertea.eu\\\/en\\\/luxury-tea-box-gourmet\\\/#breadcrumb\",\"itemListElement\":[{\"@type\":\"ListItem\",\"position\":1,\"name\":\"Portada\",\"item\":\"https:\\\/\\\/www.sempertea.eu\\\/en\\\/\"},{\"@type\":\"ListItem\",\"position\":2,\"name\":\"Shop\",\"item\":\"https:\\\/\\\/www.sempertea.eu\\\/en\\\/shop\\\/\"},{\"@type\":\"ListItem\",\"position\":3,\"name\":\"Tea Box filled with 56 Pyramid Tea | Luxury Tea Box\"}]},{\"@type\":\"WebSite\",\"@id\":\"https:\\\/\\\/www.sempertea.eu\\\/#website\",\"url\":\"https:\\\/\\\/www.sempertea.eu\\\/\",\"name\":\"Semper Tea | Mayorista y fabricante de T\u00e9s e Infusiones para hoteles, restaurantes y bares\",\"description\":\"T\u00e9s e infusiones para hosteler\u00eda, hoteler\u00eda y comercio\",\"potentialAction\":[{\"@type\":\"SearchAction\",\"target\":{\"@type\":\"EntryPoint\",\"urlTemplate\":\"https:\\\/\\\/www.sempertea.eu\\\/?s={search_term_string}\"},\"query-input\":{\"@type\":\"PropertyValueSpecification\",\"valueRequired\":true,\"valueName\":\"search_term_string\"}}],\"inLanguage\":\"en-US\"}]}<\/script>\n<!-- \/ Yoast SEO Premium plugin. -->","yoast_head_json":{"title":"Luxury Tea Box | Gourmet Tea Collection: Elegant Presentation Box","description":"Pure luxury with elegant tea gift box- 56 tea pyramids. Finest gourmet tea collection, organized in elegant presentation. Order now!","robots":{"index":"index","follow":"follow","max-snippet":"max-snippet:-1","max-image-preview":"max-image-preview:large","max-video-preview":"max-video-preview:-1"},"canonical":"https:\/\/www.sempertea.eu\/en\/luxury-tea-box-gourmet\/","og_locale":"en_US","og_type":"article","og_title":"Tea Box filled with 56 Pyramid Tea | Luxury Tea Box","og_description":"Pure luxury with elegant tea gift box- 56 tea pyramids. Finest gourmet tea collection, organized in elegant presentation. Order now!","og_url":"https:\/\/www.sempertea.eu\/en\/luxury-tea-box-gourmet\/","og_site_name":"Semper Tea | Mayorista y fabricante de T\u00e9s e Infusiones para hoteles, restaurantes y bares","article_modified_time":"2024-01-17T14:34:31+00:00","og_image":[{"url":"https:\/\/www.sempertea.eu\/wp-content\/uploads\/2021\/08\/caja-de-madera-de-tes-e-infusiones-organicas-regalo-exclusivo-semper-tea.jpg","type":"","width":"","height":""}],"twitter_card":"summary_large_image","twitter_misc":{"Est. reading time":"1 minute"},"schema":{"@context":"https:\/\/schema.org","@graph":[{"@type":"WebPage","@id":"https:\/\/www.sempertea.eu\/en\/luxury-tea-box-gourmet\/","url":"https:\/\/www.sempertea.eu\/en\/luxury-tea-box-gourmet\/","name":"Luxury Tea Box | Gourmet Tea Collection: Elegant Presentation Box","isPartOf":{"@id":"https:\/\/www.sempertea.eu\/#website"},"primaryImageOfPage":{"@id":"https:\/\/www.sempertea.eu\/en\/luxury-tea-box-gourmet\/#primaryimage"},"image":{"@id":"https:\/\/www.sempertea.eu\/en\/luxury-tea-box-gourmet\/#primaryimage"},"thumbnailUrl":"https:\/\/www.sempertea.eu\/wp-content\/uploads\/2021\/08\/caja-para-guardar-infusiones-en-piramide-xxl-semper-tea.jpg","datePublished":"2021-08-07T11:22:32+00:00","dateModified":"2024-01-17T14:34:31+00:00","description":"Pure luxury with elegant tea gift box- 56 tea pyramids. Finest gourmet tea collection, organized in elegant presentation. Order now!","breadcrumb":{"@id":"https:\/\/www.sempertea.eu\/en\/luxury-tea-box-gourmet\/#breadcrumb"},"inLanguage":"en-US","potentialAction":[{"@type":"ReadAction","target":["https:\/\/www.sempertea.eu\/en\/luxury-tea-box-gourmet\/"]}]},{"@type":"ImageObject","inLanguage":"en-US","@id":"https:\/\/www.sempertea.eu\/en\/luxury-tea-box-gourmet\/#primaryimage","url":"https:\/\/www.sempertea.eu\/wp-content\/uploads\/2021\/08\/caja-para-guardar-infusiones-en-piramide-xxl-semper-tea.jpg","contentUrl":"https:\/\/www.sempertea.eu\/wp-content\/uploads\/2021\/08\/caja-para-guardar-infusiones-en-piramide-xxl-semper-tea.jpg","width":900,"height":900,"caption":"caja para guardar infusiones en pir\u00e1mide XXL Semper tea"},{"@type":"BreadcrumbList","@id":"https:\/\/www.sempertea.eu\/en\/luxury-tea-box-gourmet\/#breadcrumb","itemListElement":[{"@type":"ListItem","position":1,"name":"Portada","item":"https:\/\/www.sempertea.eu\/en\/"},{"@type":"ListItem","position":2,"name":"Shop","item":"https:\/\/www.sempertea.eu\/en\/shop\/"},{"@type":"ListItem","position":3,"name":"Tea Box filled with 56 Pyramid Tea | Luxury Tea Box"}]},{"@type":"WebSite","@id":"https:\/\/www.sempertea.eu\/#website","url":"https:\/\/www.sempertea.eu\/","name":"Semper Tea | Mayorista y fabricante de T\u00e9s e Infusiones para hoteles, restaurantes y bares","description":"T\u00e9s e infusiones para hosteler\u00eda, hoteler\u00eda y comercio","potentialAction":[{"@type":"SearchAction","target":{"@type":"EntryPoint","urlTemplate":"https:\/\/www.sempertea.eu\/?s={search_term_string}"},"query-input":{"@type":"PropertyValueSpecification","valueRequired":true,"valueName":"search_term_string"}}],"inLanguage":"en-US"}]}},"_links":{"self":[{"href":"https:\/\/www.sempertea.eu\/en\/wp-json\/wp\/v2\/product\/8162","targetHints":{"allow":["GET"]}}],"collection":[{"href":"https:\/\/www.sempertea.eu\/en\/wp-json\/wp\/v2\/product"}],"about":[{"href":"https:\/\/www.sempertea.eu\/en\/wp-json\/wp\/v2\/types\/product"}],"replies":[{"embeddable":true,"href":"https:\/\/www.sempertea.eu\/en\/wp-json\/wp\/v2\/comments?post=8162"}],"wp:featuredmedia":[{"embeddable":true,"href":"https:\/\/www.sempertea.eu\/en\/wp-json\/wp\/v2\/media\/4298"}],"wp:attachment":[{"href":"https:\/\/www.sempertea.eu\/en\/wp-json\/wp\/v2\/media?parent=8162"}],"wp:term":[{"taxonomy":"product_brand","embeddable":true,"href":"https:\/\/www.sempertea.eu\/en\/wp-json\/wp\/v2\/product_brand?post=8162"},{"taxonomy":"product_cat","embeddable":true,"href":"https:\/\/www.sempertea.eu\/en\/wp-json\/wp\/v2\/product_cat?post=8162"},{"taxonomy":"product_tag","embeddable":true,"href":"https:\/\/www.sempertea.eu\/en\/wp-json\/wp\/v2\/product_tag?post=8162"}],"curies":[{"name":"wp","href":"https:\/\/api.w.org\/{rel}","templated":true}]}}