{"id":8149,"date":"2021-04-29T19:09:30","date_gmt":"2023-08-01T12:15:37","guid":{"rendered":"https:\/\/www.sempertea.eu\/chai-organic-tea-i-pyramid-bag\/"},"modified":"2024-01-17T14:20:23","modified_gmt":"2024-01-17T13:20:23","slug":"tea-chai-in-pyramid-bag-organic","status":"publish","type":"product","link":"https:\/\/www.sempertea.eu\/en\/tea-chai-in-pyramid-bag-organic\/","title":{"rendered":"CHAI organic tea I Pyramid bag"},"content":{"rendered":"<h2>Chai Tea &#8211; An Exotic Adventure in Aromas<\/h2>\n<p>Embark on a delightful journey with India&#8217;s National Drink! Experience the irresistible allure of our Chai flavoured black tea, lovingly packed in biodegradable pyramid-shaped tea bags. This aromatic blend brings together the essence of oriental spices, creating a bold and attitude-filled flavour that will transport you to the vibrant streets of India.<\/p>\n<h3>The Heart of Chai Tea<\/h3>\n<p>Chai tea holds a special place in the hearts of the Indian people\u2014it&#8217;s more than just a beverage; it&#8217;s a way of life. In Hindi, &#8216;<strong>Chai&#8217; simply means &#8216;tea,&#8217;<\/strong> and everyone embraces this spicy, milky concoction, often with a hint of sweetness. Originating from black tea infused with an enchanting medley of spices like <strong>cinnamon, cloves, ginger, cardamom, star anise<\/strong>, nutmeg, and black pepper, Chai is the epitome of boldness and depth.<\/p>\n<h4><strong>Enhance your Tea Experience<\/strong><\/h4>\n<p>This is an explosion of <strong>flavours and aromas.<\/strong> A delightful tea that can be savoured both steaming hot or refreshingly cold. Whether you seek a comforting cuppa or a new adventure in tea, our Chai blend will captivate your senses with every sip. Enhance the spices with a touch of sugar or honey, while the milk adds a soothing touch to the tea. Discover the magic of Chai tea!<\/p>\n","protected":false},"excerpt":{"rendered":"<p><strong>Captivating intense and aromatic tea blend<\/strong><\/p>\n<p>A black tea with eccentric and warm aromas reminiscent of distant India. Experience an aromatic explosion with cinnamon, cardamom, ginger, and cloves. Chai can be enjoyed with hot milk, honey, or sugar, making it a delightful choice for any time of the day. Discover the magic of Chai!<\/p>\n<p>&nbsp;<\/p>\n<p>&nbsp;<\/p>\n","protected":false},"featured_media":3995,"comment_status":"open","ping_status":"closed","template":"","meta":[],"product_brand":[],"product_cat":[163,167,154,192,160,193,162,161],"product_tag":[],"class_list":{"0":"post-8149","1":"product","2":"type-product","3":"status-publish","4":"has-post-thumbnail","6":"product_cat-product-brochure-of-tea","7":"product_cat-buy-online-organic-black-tea","8":"product_cat-unique-exclusive-tea-collections","9":"product_cat-tea-pyramid-organic-biodegradable","10":"product_cat-teas-and-tisanes-organic-buy-online","11":"product_cat-tea-pyramid-biodegradable","12":"product_cat-todos-en","13":"product_cat-exclusive-tea-line","15":"first","16":"instock","17":"shipping-taxable","18":"purchasable","19":"product-type-simple"},"yoast_head":"<!-- This site is optimized with the Yoast SEO Premium plugin v27.3 (Yoast SEO v27.3) - https:\/\/yoast.com\/product\/yoast-seo-premium-wordpress\/ -->\n<title>Buy Chai tea in pyramid bag | Organic | Black tea Chai from India<\/title>\n<meta name=\"description\" content=\"Flavoured black tea in a biodegradable pyramid bag. An explosion of aromas: Indian chai tea with cinnamon, cardamom, ginger and cloves.\" \/>\n<meta name=\"robots\" content=\"index, follow, max-snippet:-1, max-image-preview:large, max-video-preview:-1\" \/>\n<link rel=\"canonical\" href=\"https:\/\/www.sempertea.eu\/en\/tea-chai-in-pyramid-bag-organic\/\" \/>\n<meta property=\"og:locale\" content=\"en_US\" \/>\n<meta property=\"og:type\" content=\"article\" \/>\n<meta property=\"og:title\" content=\"CHAI organic tea I Pyramid bag\" \/>\n<meta property=\"og:description\" content=\"Flavoured black tea in a biodegradable pyramid bag. An explosion of aromas: Indian chai tea with cinnamon, cardamom, ginger and cloves.\" \/>\n<meta property=\"og:url\" content=\"https:\/\/www.sempertea.eu\/en\/tea-chai-in-pyramid-bag-organic\/\" \/>\n<meta property=\"og:site_name\" content=\"Semper Tea | Mayorista y fabricante de T\u00e9s e Infusiones para hoteles, restaurantes y bares\" \/>\n<meta property=\"article:modified_time\" content=\"2024-01-17T13:20:23+00:00\" \/>\n<meta property=\"og:image\" content=\"https:\/\/www.sempertea.eu\/wp-content\/uploads\/2021\/04\/te-chai-organico-cafeina-bolsa-piramide-biodegradable-semper-tea.jpg\" \/>\n\t<meta property=\"og:image:width\" content=\"900\" \/>\n\t<meta property=\"og:image:height\" content=\"900\" \/>\n\t<meta property=\"og:image:type\" content=\"image\/jpeg\" \/>\n<meta name=\"twitter:card\" content=\"summary_large_image\" \/>\n<meta name=\"twitter:label1\" content=\"Est. reading time\" \/>\n\t<meta name=\"twitter:data1\" content=\"1 minute\" \/>\n<script type=\"application\/ld+json\" class=\"yoast-schema-graph\">{\"@context\":\"https:\\\/\\\/schema.org\",\"@graph\":[{\"@type\":\"WebPage\",\"@id\":\"https:\\\/\\\/www.sempertea.eu\\\/en\\\/tea-chai-in-pyramid-bag-organic\\\/\",\"url\":\"https:\\\/\\\/www.sempertea.eu\\\/en\\\/tea-chai-in-pyramid-bag-organic\\\/\",\"name\":\"Buy Chai tea in pyramid bag | Organic | Black tea Chai from India\",\"isPartOf\":{\"@id\":\"https:\\\/\\\/www.sempertea.eu\\\/#website\"},\"primaryImageOfPage\":{\"@id\":\"https:\\\/\\\/www.sempertea.eu\\\/en\\\/tea-chai-in-pyramid-bag-organic\\\/#primaryimage\"},\"image\":{\"@id\":\"https:\\\/\\\/www.sempertea.eu\\\/en\\\/tea-chai-in-pyramid-bag-organic\\\/#primaryimage\"},\"thumbnailUrl\":\"https:\\\/\\\/www.sempertea.eu\\\/wp-content\\\/uploads\\\/2021\\\/04\\\/te-chai-organico-cafeina-bolsa-piramide-biodegradable-semper-tea.jpg\",\"datePublished\":\"2023-08-01T12:15:37+00:00\",\"dateModified\":\"2024-01-17T13:20:23+00:00\",\"description\":\"Flavoured black tea in a biodegradable pyramid bag. An explosion of aromas: Indian chai tea with cinnamon, cardamom, ginger and cloves.\",\"breadcrumb\":{\"@id\":\"https:\\\/\\\/www.sempertea.eu\\\/en\\\/tea-chai-in-pyramid-bag-organic\\\/#breadcrumb\"},\"inLanguage\":\"en-US\",\"potentialAction\":[{\"@type\":\"ReadAction\",\"target\":[\"https:\\\/\\\/www.sempertea.eu\\\/en\\\/tea-chai-in-pyramid-bag-organic\\\/\"]}]},{\"@type\":\"ImageObject\",\"inLanguage\":\"en-US\",\"@id\":\"https:\\\/\\\/www.sempertea.eu\\\/en\\\/tea-chai-in-pyramid-bag-organic\\\/#primaryimage\",\"url\":\"https:\\\/\\\/www.sempertea.eu\\\/wp-content\\\/uploads\\\/2021\\\/04\\\/te-chai-organico-cafeina-bolsa-piramide-biodegradable-semper-tea.jpg\",\"contentUrl\":\"https:\\\/\\\/www.sempertea.eu\\\/wp-content\\\/uploads\\\/2021\\\/04\\\/te-chai-organico-cafeina-bolsa-piramide-biodegradable-semper-tea.jpg\",\"width\":900,\"height\":900,\"caption\":\"te chai organico cafeina bolsa piramide biodegradable semper tea\"},{\"@type\":\"BreadcrumbList\",\"@id\":\"https:\\\/\\\/www.sempertea.eu\\\/en\\\/tea-chai-in-pyramid-bag-organic\\\/#breadcrumb\",\"itemListElement\":[{\"@type\":\"ListItem\",\"position\":1,\"name\":\"Portada\",\"item\":\"https:\\\/\\\/www.sempertea.eu\\\/en\\\/\"},{\"@type\":\"ListItem\",\"position\":2,\"name\":\"Shop\",\"item\":\"https:\\\/\\\/www.sempertea.eu\\\/en\\\/shop\\\/\"},{\"@type\":\"ListItem\",\"position\":3,\"name\":\"CHAI organic tea I Pyramid bag\"}]},{\"@type\":\"WebSite\",\"@id\":\"https:\\\/\\\/www.sempertea.eu\\\/#website\",\"url\":\"https:\\\/\\\/www.sempertea.eu\\\/\",\"name\":\"Semper Tea | Mayorista y fabricante de T\u00e9s e Infusiones para hoteles, restaurantes y bares\",\"description\":\"T\u00e9s e infusiones para hosteler\u00eda, hoteler\u00eda y comercio\",\"potentialAction\":[{\"@type\":\"SearchAction\",\"target\":{\"@type\":\"EntryPoint\",\"urlTemplate\":\"https:\\\/\\\/www.sempertea.eu\\\/?s={search_term_string}\"},\"query-input\":{\"@type\":\"PropertyValueSpecification\",\"valueRequired\":true,\"valueName\":\"search_term_string\"}}],\"inLanguage\":\"en-US\"}]}<\/script>\n<!-- \/ Yoast SEO Premium plugin. -->","yoast_head_json":{"title":"Buy Chai tea in pyramid bag | Organic | Black tea Chai from India","description":"Flavoured black tea in a biodegradable pyramid bag. An explosion of aromas: Indian chai tea with cinnamon, cardamom, ginger and cloves.","robots":{"index":"index","follow":"follow","max-snippet":"max-snippet:-1","max-image-preview":"max-image-preview:large","max-video-preview":"max-video-preview:-1"},"canonical":"https:\/\/www.sempertea.eu\/en\/tea-chai-in-pyramid-bag-organic\/","og_locale":"en_US","og_type":"article","og_title":"CHAI organic tea I Pyramid bag","og_description":"Flavoured black tea in a biodegradable pyramid bag. An explosion of aromas: Indian chai tea with cinnamon, cardamom, ginger and cloves.","og_url":"https:\/\/www.sempertea.eu\/en\/tea-chai-in-pyramid-bag-organic\/","og_site_name":"Semper Tea | Mayorista y fabricante de T\u00e9s e Infusiones para hoteles, restaurantes y bares","article_modified_time":"2024-01-17T13:20:23+00:00","og_image":[{"width":900,"height":900,"url":"https:\/\/www.sempertea.eu\/wp-content\/uploads\/2021\/04\/te-chai-organico-cafeina-bolsa-piramide-biodegradable-semper-tea.jpg","type":"image\/jpeg"}],"twitter_card":"summary_large_image","twitter_misc":{"Est. reading time":"1 minute"},"schema":{"@context":"https:\/\/schema.org","@graph":[{"@type":"WebPage","@id":"https:\/\/www.sempertea.eu\/en\/tea-chai-in-pyramid-bag-organic\/","url":"https:\/\/www.sempertea.eu\/en\/tea-chai-in-pyramid-bag-organic\/","name":"Buy Chai tea in pyramid bag | Organic | Black tea Chai from India","isPartOf":{"@id":"https:\/\/www.sempertea.eu\/#website"},"primaryImageOfPage":{"@id":"https:\/\/www.sempertea.eu\/en\/tea-chai-in-pyramid-bag-organic\/#primaryimage"},"image":{"@id":"https:\/\/www.sempertea.eu\/en\/tea-chai-in-pyramid-bag-organic\/#primaryimage"},"thumbnailUrl":"https:\/\/www.sempertea.eu\/wp-content\/uploads\/2021\/04\/te-chai-organico-cafeina-bolsa-piramide-biodegradable-semper-tea.jpg","datePublished":"2023-08-01T12:15:37+00:00","dateModified":"2024-01-17T13:20:23+00:00","description":"Flavoured black tea in a biodegradable pyramid bag. An explosion of aromas: Indian chai tea with cinnamon, cardamom, ginger and cloves.","breadcrumb":{"@id":"https:\/\/www.sempertea.eu\/en\/tea-chai-in-pyramid-bag-organic\/#breadcrumb"},"inLanguage":"en-US","potentialAction":[{"@type":"ReadAction","target":["https:\/\/www.sempertea.eu\/en\/tea-chai-in-pyramid-bag-organic\/"]}]},{"@type":"ImageObject","inLanguage":"en-US","@id":"https:\/\/www.sempertea.eu\/en\/tea-chai-in-pyramid-bag-organic\/#primaryimage","url":"https:\/\/www.sempertea.eu\/wp-content\/uploads\/2021\/04\/te-chai-organico-cafeina-bolsa-piramide-biodegradable-semper-tea.jpg","contentUrl":"https:\/\/www.sempertea.eu\/wp-content\/uploads\/2021\/04\/te-chai-organico-cafeina-bolsa-piramide-biodegradable-semper-tea.jpg","width":900,"height":900,"caption":"te chai organico cafeina bolsa piramide biodegradable semper tea"},{"@type":"BreadcrumbList","@id":"https:\/\/www.sempertea.eu\/en\/tea-chai-in-pyramid-bag-organic\/#breadcrumb","itemListElement":[{"@type":"ListItem","position":1,"name":"Portada","item":"https:\/\/www.sempertea.eu\/en\/"},{"@type":"ListItem","position":2,"name":"Shop","item":"https:\/\/www.sempertea.eu\/en\/shop\/"},{"@type":"ListItem","position":3,"name":"CHAI organic tea I Pyramid bag"}]},{"@type":"WebSite","@id":"https:\/\/www.sempertea.eu\/#website","url":"https:\/\/www.sempertea.eu\/","name":"Semper Tea | Mayorista y fabricante de T\u00e9s e Infusiones para hoteles, restaurantes y bares","description":"T\u00e9s e infusiones para hosteler\u00eda, hoteler\u00eda y comercio","potentialAction":[{"@type":"SearchAction","target":{"@type":"EntryPoint","urlTemplate":"https:\/\/www.sempertea.eu\/?s={search_term_string}"},"query-input":{"@type":"PropertyValueSpecification","valueRequired":true,"valueName":"search_term_string"}}],"inLanguage":"en-US"}]}},"_links":{"self":[{"href":"https:\/\/www.sempertea.eu\/en\/wp-json\/wp\/v2\/product\/8149","targetHints":{"allow":["GET"]}}],"collection":[{"href":"https:\/\/www.sempertea.eu\/en\/wp-json\/wp\/v2\/product"}],"about":[{"href":"https:\/\/www.sempertea.eu\/en\/wp-json\/wp\/v2\/types\/product"}],"replies":[{"embeddable":true,"href":"https:\/\/www.sempertea.eu\/en\/wp-json\/wp\/v2\/comments?post=8149"}],"wp:featuredmedia":[{"embeddable":true,"href":"https:\/\/www.sempertea.eu\/en\/wp-json\/wp\/v2\/media\/3995"}],"wp:attachment":[{"href":"https:\/\/www.sempertea.eu\/en\/wp-json\/wp\/v2\/media?parent=8149"}],"wp:term":[{"taxonomy":"product_brand","embeddable":true,"href":"https:\/\/www.sempertea.eu\/en\/wp-json\/wp\/v2\/product_brand?post=8149"},{"taxonomy":"product_cat","embeddable":true,"href":"https:\/\/www.sempertea.eu\/en\/wp-json\/wp\/v2\/product_cat?post=8149"},{"taxonomy":"product_tag","embeddable":true,"href":"https:\/\/www.sempertea.eu\/en\/wp-json\/wp\/v2\/product_tag?post=8149"}],"curies":[{"name":"wp","href":"https:\/\/api.w.org\/{rel}","templated":true}]}}