{"id":8147,"date":"2020-08-14T20:52:37","date_gmt":"2023-08-01T12:00:40","guid":{"rendered":"https:\/\/www.sempertea.eu\/camomile-infusion-organica-manzanilla-i-te-piramide\/"},"modified":"2024-01-17T14:13:36","modified_gmt":"2024-01-17T13:13:36","slug":"buy-chamomile-infusion-tea-pyramids","status":"publish","type":"product","link":"https:\/\/www.sempertea.eu\/en\/buy-chamomile-infusion-tea-pyramids\/","title":{"rendered":"CAMOMILE organic tea I pyramid bag"},"content":{"rendered":"<h2>Camomile Infusion in Biodegradable Pyramid-Shaped Sachet<\/h2>\n<p>Experience tthis aromatic and gentle pleasure. <strong>Chamomile<\/strong>, cherished for its <strong>healing properties<\/strong>, has been used for millennia by ancient Greek, Roman, and Egyptian cultures. Now, it graces the entire European continent, North America, and Australia. The reason for its fame lies in <strong>chamomile&#8217;s mild healing effects<\/strong> and delightful aroma.<\/p>\n<h3>Organic Chamomile for Everyone<\/h3>\n<p>As a hot infusion, chamomile unfolds its relaxing and soothing charm. Our tea variant with organic Egyptian chamomile flowers offers a particularly fine aroma, perfect for any time of the day.<\/p>\n<p>Mild and Aromatic, <strong>Caffeine-Free<\/strong> &#8211; Our organic Chamomile Tea is pure and natural. <strong>Certified with the EU organic logo<\/strong>, it comes from <strong>controlled organic cultivation<\/strong> &#8211; free from chemical additives, providing only the genuine and authentic taste of real chamomile.<\/p>\n","protected":false},"excerpt":{"rendered":"<p><strong>Relaxing, pure and smooth &#8211; caffeine free<br \/>\n<\/strong><br \/>\nSince ancient times, chamomile has been known to many people of the world as &#8220;mother&#8217;s tea&#8221;, a smoothing and healing drink. Our organic infusion of whole camomile flowers has a particularly delicate aroma and can be enjoyed at any time of the day and night.<\/p>\n","protected":false},"featured_media":3671,"comment_status":"open","ping_status":"closed","template":"","meta":[],"product_brand":[],"product_cat":[163,154,192,158,160,193,161,162],"product_tag":[],"class_list":{"0":"post-8147","1":"product","2":"type-product","3":"status-publish","4":"has-post-thumbnail","6":"product_cat-product-brochure-of-tea","7":"product_cat-unique-exclusive-tea-collections","8":"product_cat-tea-pyramid-organic-biodegradable","9":"product_cat-the-best-herbal-teas-organic-online-shop","10":"product_cat-teas-and-tisanes-organic-buy-online","11":"product_cat-tea-pyramid-biodegradable","12":"product_cat-exclusive-tea-line","13":"product_cat-todos-en","15":"first","16":"instock","17":"shipping-taxable","18":"purchasable","19":"product-type-simple"},"yoast_head":"<!-- This site is optimized with the Yoast SEO Premium plugin v27.3 (Yoast SEO v27.4) - https:\/\/yoast.com\/product\/yoast-seo-premium-wordpress\/ -->\n<title>Chamomile Infusion Pyramids: Buy Camomile Tea with Health Benefits<\/title>\n<meta name=\"description\" content=\"Explore the properties &amp; benefits of Chamomile Pyramid Infusion. Discover its goodness and get best tea prices. A soothing sip awaits!\" \/>\n<meta name=\"robots\" content=\"index, follow, max-snippet:-1, max-image-preview:large, max-video-preview:-1\" \/>\n<link rel=\"canonical\" href=\"https:\/\/www.sempertea.eu\/en\/buy-chamomile-infusion-tea-pyramids\/\" \/>\n<meta property=\"og:locale\" content=\"en_US\" \/>\n<meta property=\"og:type\" content=\"article\" \/>\n<meta property=\"og:title\" content=\"CAMOMILE organic tea I pyramid bag\" \/>\n<meta property=\"og:description\" content=\"Explore the properties &amp; benefits of Chamomile Pyramid Infusion. Discover its goodness and get best tea prices. A soothing sip awaits!\" \/>\n<meta property=\"og:url\" content=\"https:\/\/www.sempertea.eu\/en\/buy-chamomile-infusion-tea-pyramids\/\" \/>\n<meta property=\"og:site_name\" content=\"Semper Tea | Mayorista y fabricante de T\u00e9s e Infusiones para hoteles, restaurantes y bares\" \/>\n<meta property=\"article:modified_time\" content=\"2024-01-17T13:13:36+00:00\" \/>\n<meta property=\"og:image\" content=\"https:\/\/www.sempertea.eu\/wp-content\/uploads\/2020\/08\/mejor-precio-manzanilla-camomila-natural-ecologica-piramide-semper-tea.jpg\" \/>\n\t<meta property=\"og:image:width\" content=\"900\" \/>\n\t<meta property=\"og:image:height\" content=\"900\" \/>\n\t<meta property=\"og:image:type\" content=\"image\/jpeg\" \/>\n<meta name=\"twitter:card\" content=\"summary_large_image\" \/>\n<meta name=\"twitter:label1\" content=\"Est. reading time\" \/>\n\t<meta name=\"twitter:data1\" content=\"1 minute\" \/>\n<script type=\"application\/ld+json\" class=\"yoast-schema-graph\">{\"@context\":\"https:\\\/\\\/schema.org\",\"@graph\":[{\"@type\":\"WebPage\",\"@id\":\"https:\\\/\\\/www.sempertea.eu\\\/en\\\/buy-chamomile-infusion-tea-pyramids\\\/\",\"url\":\"https:\\\/\\\/www.sempertea.eu\\\/en\\\/buy-chamomile-infusion-tea-pyramids\\\/\",\"name\":\"Chamomile Infusion Pyramids: Buy Camomile Tea with Health Benefits\",\"isPartOf\":{\"@id\":\"https:\\\/\\\/www.sempertea.eu\\\/#website\"},\"primaryImageOfPage\":{\"@id\":\"https:\\\/\\\/www.sempertea.eu\\\/en\\\/buy-chamomile-infusion-tea-pyramids\\\/#primaryimage\"},\"image\":{\"@id\":\"https:\\\/\\\/www.sempertea.eu\\\/en\\\/buy-chamomile-infusion-tea-pyramids\\\/#primaryimage\"},\"thumbnailUrl\":\"https:\\\/\\\/www.sempertea.eu\\\/wp-content\\\/uploads\\\/2020\\\/08\\\/mejor-precio-manzanilla-camomila-natural-ecologica-piramide-semper-tea.jpg\",\"datePublished\":\"2023-08-01T12:00:40+00:00\",\"dateModified\":\"2024-01-17T13:13:36+00:00\",\"description\":\"Explore the properties & benefits of Chamomile Pyramid Infusion. Discover its goodness and get best tea prices. A soothing sip awaits!\",\"breadcrumb\":{\"@id\":\"https:\\\/\\\/www.sempertea.eu\\\/en\\\/buy-chamomile-infusion-tea-pyramids\\\/#breadcrumb\"},\"inLanguage\":\"en-US\",\"potentialAction\":[{\"@type\":\"ReadAction\",\"target\":[\"https:\\\/\\\/www.sempertea.eu\\\/en\\\/buy-chamomile-infusion-tea-pyramids\\\/\"]}]},{\"@type\":\"ImageObject\",\"inLanguage\":\"en-US\",\"@id\":\"https:\\\/\\\/www.sempertea.eu\\\/en\\\/buy-chamomile-infusion-tea-pyramids\\\/#primaryimage\",\"url\":\"https:\\\/\\\/www.sempertea.eu\\\/wp-content\\\/uploads\\\/2020\\\/08\\\/mejor-precio-manzanilla-camomila-natural-ecologica-piramide-semper-tea.jpg\",\"contentUrl\":\"https:\\\/\\\/www.sempertea.eu\\\/wp-content\\\/uploads\\\/2020\\\/08\\\/mejor-precio-manzanilla-camomila-natural-ecologica-piramide-semper-tea.jpg\",\"width\":900,\"height\":900,\"caption\":\"comprar manzanilla camomila natural ecologica en piramides semper tea\"},{\"@type\":\"BreadcrumbList\",\"@id\":\"https:\\\/\\\/www.sempertea.eu\\\/en\\\/buy-chamomile-infusion-tea-pyramids\\\/#breadcrumb\",\"itemListElement\":[{\"@type\":\"ListItem\",\"position\":1,\"name\":\"Portada\",\"item\":\"https:\\\/\\\/www.sempertea.eu\\\/en\\\/\"},{\"@type\":\"ListItem\",\"position\":2,\"name\":\"Shop\",\"item\":\"https:\\\/\\\/www.sempertea.eu\\\/en\\\/shop\\\/\"},{\"@type\":\"ListItem\",\"position\":3,\"name\":\"CAMOMILE organic tea I pyramid bag\"}]},{\"@type\":\"WebSite\",\"@id\":\"https:\\\/\\\/www.sempertea.eu\\\/#website\",\"url\":\"https:\\\/\\\/www.sempertea.eu\\\/\",\"name\":\"Semper Tea | Mayorista y fabricante de T\u00e9s e Infusiones para hoteles, restaurantes y bares\",\"description\":\"T\u00e9s e infusiones para hosteler\u00eda, hoteler\u00eda y comercio\",\"potentialAction\":[{\"@type\":\"SearchAction\",\"target\":{\"@type\":\"EntryPoint\",\"urlTemplate\":\"https:\\\/\\\/www.sempertea.eu\\\/?s={search_term_string}\"},\"query-input\":{\"@type\":\"PropertyValueSpecification\",\"valueRequired\":true,\"valueName\":\"search_term_string\"}}],\"inLanguage\":\"en-US\"}]}<\/script>\n<!-- \/ Yoast SEO Premium plugin. -->","yoast_head_json":{"title":"Chamomile Infusion Pyramids: Buy Camomile Tea with Health Benefits","description":"Explore the properties & benefits of Chamomile Pyramid Infusion. Discover its goodness and get best tea prices. A soothing sip awaits!","robots":{"index":"index","follow":"follow","max-snippet":"max-snippet:-1","max-image-preview":"max-image-preview:large","max-video-preview":"max-video-preview:-1"},"canonical":"https:\/\/www.sempertea.eu\/en\/buy-chamomile-infusion-tea-pyramids\/","og_locale":"en_US","og_type":"article","og_title":"CAMOMILE organic tea I pyramid bag","og_description":"Explore the properties & benefits of Chamomile Pyramid Infusion. Discover its goodness and get best tea prices. A soothing sip awaits!","og_url":"https:\/\/www.sempertea.eu\/en\/buy-chamomile-infusion-tea-pyramids\/","og_site_name":"Semper Tea | Mayorista y fabricante de T\u00e9s e Infusiones para hoteles, restaurantes y bares","article_modified_time":"2024-01-17T13:13:36+00:00","og_image":[{"width":900,"height":900,"url":"https:\/\/www.sempertea.eu\/wp-content\/uploads\/2020\/08\/mejor-precio-manzanilla-camomila-natural-ecologica-piramide-semper-tea.jpg","type":"image\/jpeg"}],"twitter_card":"summary_large_image","twitter_misc":{"Est. reading time":"1 minute"},"schema":{"@context":"https:\/\/schema.org","@graph":[{"@type":"WebPage","@id":"https:\/\/www.sempertea.eu\/en\/buy-chamomile-infusion-tea-pyramids\/","url":"https:\/\/www.sempertea.eu\/en\/buy-chamomile-infusion-tea-pyramids\/","name":"Chamomile Infusion Pyramids: Buy Camomile Tea with Health Benefits","isPartOf":{"@id":"https:\/\/www.sempertea.eu\/#website"},"primaryImageOfPage":{"@id":"https:\/\/www.sempertea.eu\/en\/buy-chamomile-infusion-tea-pyramids\/#primaryimage"},"image":{"@id":"https:\/\/www.sempertea.eu\/en\/buy-chamomile-infusion-tea-pyramids\/#primaryimage"},"thumbnailUrl":"https:\/\/www.sempertea.eu\/wp-content\/uploads\/2020\/08\/mejor-precio-manzanilla-camomila-natural-ecologica-piramide-semper-tea.jpg","datePublished":"2023-08-01T12:00:40+00:00","dateModified":"2024-01-17T13:13:36+00:00","description":"Explore the properties & benefits of Chamomile Pyramid Infusion. Discover its goodness and get best tea prices. A soothing sip awaits!","breadcrumb":{"@id":"https:\/\/www.sempertea.eu\/en\/buy-chamomile-infusion-tea-pyramids\/#breadcrumb"},"inLanguage":"en-US","potentialAction":[{"@type":"ReadAction","target":["https:\/\/www.sempertea.eu\/en\/buy-chamomile-infusion-tea-pyramids\/"]}]},{"@type":"ImageObject","inLanguage":"en-US","@id":"https:\/\/www.sempertea.eu\/en\/buy-chamomile-infusion-tea-pyramids\/#primaryimage","url":"https:\/\/www.sempertea.eu\/wp-content\/uploads\/2020\/08\/mejor-precio-manzanilla-camomila-natural-ecologica-piramide-semper-tea.jpg","contentUrl":"https:\/\/www.sempertea.eu\/wp-content\/uploads\/2020\/08\/mejor-precio-manzanilla-camomila-natural-ecologica-piramide-semper-tea.jpg","width":900,"height":900,"caption":"comprar manzanilla camomila natural ecologica en piramides semper tea"},{"@type":"BreadcrumbList","@id":"https:\/\/www.sempertea.eu\/en\/buy-chamomile-infusion-tea-pyramids\/#breadcrumb","itemListElement":[{"@type":"ListItem","position":1,"name":"Portada","item":"https:\/\/www.sempertea.eu\/en\/"},{"@type":"ListItem","position":2,"name":"Shop","item":"https:\/\/www.sempertea.eu\/en\/shop\/"},{"@type":"ListItem","position":3,"name":"CAMOMILE organic tea I pyramid bag"}]},{"@type":"WebSite","@id":"https:\/\/www.sempertea.eu\/#website","url":"https:\/\/www.sempertea.eu\/","name":"Semper Tea | Mayorista y fabricante de T\u00e9s e Infusiones para hoteles, restaurantes y bares","description":"T\u00e9s e infusiones para hosteler\u00eda, hoteler\u00eda y comercio","potentialAction":[{"@type":"SearchAction","target":{"@type":"EntryPoint","urlTemplate":"https:\/\/www.sempertea.eu\/?s={search_term_string}"},"query-input":{"@type":"PropertyValueSpecification","valueRequired":true,"valueName":"search_term_string"}}],"inLanguage":"en-US"}]}},"_links":{"self":[{"href":"https:\/\/www.sempertea.eu\/en\/wp-json\/wp\/v2\/product\/8147","targetHints":{"allow":["GET"]}}],"collection":[{"href":"https:\/\/www.sempertea.eu\/en\/wp-json\/wp\/v2\/product"}],"about":[{"href":"https:\/\/www.sempertea.eu\/en\/wp-json\/wp\/v2\/types\/product"}],"replies":[{"embeddable":true,"href":"https:\/\/www.sempertea.eu\/en\/wp-json\/wp\/v2\/comments?post=8147"}],"wp:featuredmedia":[{"embeddable":true,"href":"https:\/\/www.sempertea.eu\/en\/wp-json\/wp\/v2\/media\/3671"}],"wp:attachment":[{"href":"https:\/\/www.sempertea.eu\/en\/wp-json\/wp\/v2\/media?parent=8147"}],"wp:term":[{"taxonomy":"product_brand","embeddable":true,"href":"https:\/\/www.sempertea.eu\/en\/wp-json\/wp\/v2\/product_brand?post=8147"},{"taxonomy":"product_cat","embeddable":true,"href":"https:\/\/www.sempertea.eu\/en\/wp-json\/wp\/v2\/product_cat?post=8147"},{"taxonomy":"product_tag","embeddable":true,"href":"https:\/\/www.sempertea.eu\/en\/wp-json\/wp\/v2\/product_tag?post=8147"}],"curies":[{"name":"wp","href":"https:\/\/api.w.org\/{rel}","templated":true}]}}