{"id":8140,"date":"2021-04-30T12:39:27","date_gmt":"2023-07-31T20:51:09","guid":{"rendered":"https:\/\/www.sempertea.eu\/earl-grey-te-organico-i-te-piramide\/"},"modified":"2024-01-17T14:35:04","modified_gmt":"2024-01-17T13:35:04","slug":"earl-grey-in-pyramid-bag-biodegradable-material","status":"publish","type":"product","link":"https:\/\/www.sempertea.eu\/en\/earl-grey-in-pyramid-bag-biodegradable-material\/","title":{"rendered":"EARL GREY organic tea I pyramid bag"},"content":{"rendered":"<h2>Elevate Your Tea Experience with Earl Grey Pyramid Pouch<\/h2>\n<p>Indulge in the exquisite taste of <strong>Earl Grey tea<\/strong>, perfectly packaged in a <strong>biodegradable pyramid pouch<\/strong>. Let the aromatic bergamot flavour take your senses on a delightful journey while sipping with an environmental conscience. Discover the perfect blend of taste and sustainability in our online tea shop.<\/p>\n<h3>Experience Earl Grey with Bergamot &#8211; A Nuanced Delight<\/h3>\n<p>Earl Grey is one of the world&#8217;s most renowned teas. An intensely flavoured black tea infused with essential oils from the bergamot. This Mediterranean citrus fruit brings a floral taste that resembles a delightful blend of orange, lemon, lime, and grapefruit. Embrace the citrus charm in each sip! An ideal choice for your <strong>afternoon tea.<\/strong><\/p>\n<h3><\/h3>\n<p>&nbsp;<\/p>\n","protected":false},"excerpt":{"rendered":"<p><strong>A true classic &#8211; aromatic and refreshing<\/strong><\/p>\n<p>Our Earl Grey variety is completed with the natural citrus aroma of bergamot. A tasty and refreshing classic, for those refined palates. A beautiful black loose leaf tea in biodegradable pyramid bags.<\/p>\n","protected":false},"featured_media":4033,"comment_status":"open","ping_status":"closed","template":"","meta":[],"product_brand":[],"product_cat":[163,167,154,192,160,193,162,161],"product_tag":[],"class_list":{"0":"post-8140","1":"product","2":"type-product","3":"status-publish","4":"has-post-thumbnail","6":"product_cat-product-brochure-of-tea","7":"product_cat-buy-online-organic-black-tea","8":"product_cat-unique-exclusive-tea-collections","9":"product_cat-tea-pyramid-organic-biodegradable","10":"product_cat-teas-and-tisanes-organic-buy-online","11":"product_cat-tea-pyramid-biodegradable","12":"product_cat-todos-en","13":"product_cat-exclusive-tea-line","15":"first","16":"instock","17":"shipping-taxable","18":"purchasable","19":"product-type-simple"},"yoast_head":"<!-- This site is optimized with the Yoast SEO Premium plugin v27.3 (Yoast SEO v27.4) - https:\/\/yoast.com\/product\/yoast-seo-premium-wordpress\/ -->\n<title>Earl Grey in Pyramid Bag | In Eco-Friendly and Biodegradable Material<\/title>\n<meta name=\"description\" content=\"Indulge the exquisite taste of Earl Grey in a pyramid bag made of biodegradable materials. Black tea with aromatic bergamot flavour.\" \/>\n<meta name=\"robots\" content=\"index, follow, max-snippet:-1, max-image-preview:large, max-video-preview:-1\" \/>\n<link rel=\"canonical\" href=\"https:\/\/www.sempertea.eu\/en\/earl-grey-in-pyramid-bag-biodegradable-material\/\" \/>\n<meta property=\"og:locale\" content=\"en_US\" \/>\n<meta property=\"og:type\" content=\"article\" \/>\n<meta property=\"og:title\" content=\"EARL GREY organic tea I pyramid bag\" \/>\n<meta property=\"og:description\" content=\"Indulge the exquisite taste of Earl Grey in a pyramid bag made of biodegradable materials. Black tea with aromatic bergamot flavour.\" \/>\n<meta property=\"og:url\" content=\"https:\/\/www.sempertea.eu\/en\/earl-grey-in-pyramid-bag-biodegradable-material\/\" \/>\n<meta property=\"og:site_name\" content=\"Semper Tea | Mayorista y fabricante de T\u00e9s e Infusiones para hoteles, restaurantes y bares\" \/>\n<meta property=\"article:modified_time\" content=\"2024-01-17T13:35:04+00:00\" \/>\n<meta property=\"og:image\" content=\"https:\/\/www.sempertea.eu\/wp-content\/uploads\/2021\/04\/te-negro-earl-grey-bio-en-bolsa-piramide-biodegradable-semper-tea.jpg\" \/>\n\t<meta property=\"og:image:width\" content=\"900\" \/>\n\t<meta property=\"og:image:height\" content=\"900\" \/>\n\t<meta property=\"og:image:type\" content=\"image\/jpeg\" \/>\n<meta name=\"twitter:card\" content=\"summary_large_image\" \/>\n<meta name=\"twitter:label1\" content=\"Est. reading time\" \/>\n\t<meta name=\"twitter:data1\" content=\"1 minute\" \/>\n<script type=\"application\/ld+json\" class=\"yoast-schema-graph\">{\"@context\":\"https:\\\/\\\/schema.org\",\"@graph\":[{\"@type\":\"WebPage\",\"@id\":\"https:\\\/\\\/www.sempertea.eu\\\/en\\\/earl-grey-in-pyramid-bag-biodegradable-material\\\/\",\"url\":\"https:\\\/\\\/www.sempertea.eu\\\/en\\\/earl-grey-in-pyramid-bag-biodegradable-material\\\/\",\"name\":\"Earl Grey in Pyramid Bag | In Eco-Friendly and Biodegradable Material\",\"isPartOf\":{\"@id\":\"https:\\\/\\\/www.sempertea.eu\\\/#website\"},\"primaryImageOfPage\":{\"@id\":\"https:\\\/\\\/www.sempertea.eu\\\/en\\\/earl-grey-in-pyramid-bag-biodegradable-material\\\/#primaryimage\"},\"image\":{\"@id\":\"https:\\\/\\\/www.sempertea.eu\\\/en\\\/earl-grey-in-pyramid-bag-biodegradable-material\\\/#primaryimage\"},\"thumbnailUrl\":\"https:\\\/\\\/www.sempertea.eu\\\/wp-content\\\/uploads\\\/2021\\\/04\\\/te-negro-earl-grey-bio-en-bolsa-piramide-biodegradable-semper-tea.jpg\",\"datePublished\":\"2023-07-31T20:51:09+00:00\",\"dateModified\":\"2024-01-17T13:35:04+00:00\",\"description\":\"Indulge the exquisite taste of Earl Grey in a pyramid bag made of biodegradable materials. Black tea with aromatic bergamot flavour.\",\"breadcrumb\":{\"@id\":\"https:\\\/\\\/www.sempertea.eu\\\/en\\\/earl-grey-in-pyramid-bag-biodegradable-material\\\/#breadcrumb\"},\"inLanguage\":\"en-US\",\"potentialAction\":[{\"@type\":\"ReadAction\",\"target\":[\"https:\\\/\\\/www.sempertea.eu\\\/en\\\/earl-grey-in-pyramid-bag-biodegradable-material\\\/\"]}]},{\"@type\":\"ImageObject\",\"inLanguage\":\"en-US\",\"@id\":\"https:\\\/\\\/www.sempertea.eu\\\/en\\\/earl-grey-in-pyramid-bag-biodegradable-material\\\/#primaryimage\",\"url\":\"https:\\\/\\\/www.sempertea.eu\\\/wp-content\\\/uploads\\\/2021\\\/04\\\/te-negro-earl-grey-bio-en-bolsa-piramide-biodegradable-semper-tea.jpg\",\"contentUrl\":\"https:\\\/\\\/www.sempertea.eu\\\/wp-content\\\/uploads\\\/2021\\\/04\\\/te-negro-earl-grey-bio-en-bolsa-piramide-biodegradable-semper-tea.jpg\",\"width\":900,\"height\":900,\"caption\":\"te negro earl grey bio en bolsa piramide biodegradable semper tea\"},{\"@type\":\"BreadcrumbList\",\"@id\":\"https:\\\/\\\/www.sempertea.eu\\\/en\\\/earl-grey-in-pyramid-bag-biodegradable-material\\\/#breadcrumb\",\"itemListElement\":[{\"@type\":\"ListItem\",\"position\":1,\"name\":\"Portada\",\"item\":\"https:\\\/\\\/www.sempertea.eu\\\/en\\\/\"},{\"@type\":\"ListItem\",\"position\":2,\"name\":\"Shop\",\"item\":\"https:\\\/\\\/www.sempertea.eu\\\/en\\\/shop\\\/\"},{\"@type\":\"ListItem\",\"position\":3,\"name\":\"EARL GREY organic tea I pyramid bag\"}]},{\"@type\":\"WebSite\",\"@id\":\"https:\\\/\\\/www.sempertea.eu\\\/#website\",\"url\":\"https:\\\/\\\/www.sempertea.eu\\\/\",\"name\":\"Semper Tea | Mayorista y fabricante de T\u00e9s e Infusiones para hoteles, restaurantes y bares\",\"description\":\"T\u00e9s e infusiones para hosteler\u00eda, hoteler\u00eda y comercio\",\"potentialAction\":[{\"@type\":\"SearchAction\",\"target\":{\"@type\":\"EntryPoint\",\"urlTemplate\":\"https:\\\/\\\/www.sempertea.eu\\\/?s={search_term_string}\"},\"query-input\":{\"@type\":\"PropertyValueSpecification\",\"valueRequired\":true,\"valueName\":\"search_term_string\"}}],\"inLanguage\":\"en-US\"}]}<\/script>\n<!-- \/ Yoast SEO Premium plugin. -->","yoast_head_json":{"title":"Earl Grey in Pyramid Bag | In Eco-Friendly and Biodegradable Material","description":"Indulge the exquisite taste of Earl Grey in a pyramid bag made of biodegradable materials. Black tea with aromatic bergamot flavour.","robots":{"index":"index","follow":"follow","max-snippet":"max-snippet:-1","max-image-preview":"max-image-preview:large","max-video-preview":"max-video-preview:-1"},"canonical":"https:\/\/www.sempertea.eu\/en\/earl-grey-in-pyramid-bag-biodegradable-material\/","og_locale":"en_US","og_type":"article","og_title":"EARL GREY organic tea I pyramid bag","og_description":"Indulge the exquisite taste of Earl Grey in a pyramid bag made of biodegradable materials. Black tea with aromatic bergamot flavour.","og_url":"https:\/\/www.sempertea.eu\/en\/earl-grey-in-pyramid-bag-biodegradable-material\/","og_site_name":"Semper Tea | Mayorista y fabricante de T\u00e9s e Infusiones para hoteles, restaurantes y bares","article_modified_time":"2024-01-17T13:35:04+00:00","og_image":[{"width":900,"height":900,"url":"https:\/\/www.sempertea.eu\/wp-content\/uploads\/2021\/04\/te-negro-earl-grey-bio-en-bolsa-piramide-biodegradable-semper-tea.jpg","type":"image\/jpeg"}],"twitter_card":"summary_large_image","twitter_misc":{"Est. reading time":"1 minute"},"schema":{"@context":"https:\/\/schema.org","@graph":[{"@type":"WebPage","@id":"https:\/\/www.sempertea.eu\/en\/earl-grey-in-pyramid-bag-biodegradable-material\/","url":"https:\/\/www.sempertea.eu\/en\/earl-grey-in-pyramid-bag-biodegradable-material\/","name":"Earl Grey in Pyramid Bag | In Eco-Friendly and Biodegradable Material","isPartOf":{"@id":"https:\/\/www.sempertea.eu\/#website"},"primaryImageOfPage":{"@id":"https:\/\/www.sempertea.eu\/en\/earl-grey-in-pyramid-bag-biodegradable-material\/#primaryimage"},"image":{"@id":"https:\/\/www.sempertea.eu\/en\/earl-grey-in-pyramid-bag-biodegradable-material\/#primaryimage"},"thumbnailUrl":"https:\/\/www.sempertea.eu\/wp-content\/uploads\/2021\/04\/te-negro-earl-grey-bio-en-bolsa-piramide-biodegradable-semper-tea.jpg","datePublished":"2023-07-31T20:51:09+00:00","dateModified":"2024-01-17T13:35:04+00:00","description":"Indulge the exquisite taste of Earl Grey in a pyramid bag made of biodegradable materials. Black tea with aromatic bergamot flavour.","breadcrumb":{"@id":"https:\/\/www.sempertea.eu\/en\/earl-grey-in-pyramid-bag-biodegradable-material\/#breadcrumb"},"inLanguage":"en-US","potentialAction":[{"@type":"ReadAction","target":["https:\/\/www.sempertea.eu\/en\/earl-grey-in-pyramid-bag-biodegradable-material\/"]}]},{"@type":"ImageObject","inLanguage":"en-US","@id":"https:\/\/www.sempertea.eu\/en\/earl-grey-in-pyramid-bag-biodegradable-material\/#primaryimage","url":"https:\/\/www.sempertea.eu\/wp-content\/uploads\/2021\/04\/te-negro-earl-grey-bio-en-bolsa-piramide-biodegradable-semper-tea.jpg","contentUrl":"https:\/\/www.sempertea.eu\/wp-content\/uploads\/2021\/04\/te-negro-earl-grey-bio-en-bolsa-piramide-biodegradable-semper-tea.jpg","width":900,"height":900,"caption":"te negro earl grey bio en bolsa piramide biodegradable semper tea"},{"@type":"BreadcrumbList","@id":"https:\/\/www.sempertea.eu\/en\/earl-grey-in-pyramid-bag-biodegradable-material\/#breadcrumb","itemListElement":[{"@type":"ListItem","position":1,"name":"Portada","item":"https:\/\/www.sempertea.eu\/en\/"},{"@type":"ListItem","position":2,"name":"Shop","item":"https:\/\/www.sempertea.eu\/en\/shop\/"},{"@type":"ListItem","position":3,"name":"EARL GREY organic tea I pyramid bag"}]},{"@type":"WebSite","@id":"https:\/\/www.sempertea.eu\/#website","url":"https:\/\/www.sempertea.eu\/","name":"Semper Tea | Mayorista y fabricante de T\u00e9s e Infusiones para hoteles, restaurantes y bares","description":"T\u00e9s e infusiones para hosteler\u00eda, hoteler\u00eda y comercio","potentialAction":[{"@type":"SearchAction","target":{"@type":"EntryPoint","urlTemplate":"https:\/\/www.sempertea.eu\/?s={search_term_string}"},"query-input":{"@type":"PropertyValueSpecification","valueRequired":true,"valueName":"search_term_string"}}],"inLanguage":"en-US"}]}},"_links":{"self":[{"href":"https:\/\/www.sempertea.eu\/en\/wp-json\/wp\/v2\/product\/8140","targetHints":{"allow":["GET"]}}],"collection":[{"href":"https:\/\/www.sempertea.eu\/en\/wp-json\/wp\/v2\/product"}],"about":[{"href":"https:\/\/www.sempertea.eu\/en\/wp-json\/wp\/v2\/types\/product"}],"replies":[{"embeddable":true,"href":"https:\/\/www.sempertea.eu\/en\/wp-json\/wp\/v2\/comments?post=8140"}],"wp:featuredmedia":[{"embeddable":true,"href":"https:\/\/www.sempertea.eu\/en\/wp-json\/wp\/v2\/media\/4033"}],"wp:attachment":[{"href":"https:\/\/www.sempertea.eu\/en\/wp-json\/wp\/v2\/media?parent=8140"}],"wp:term":[{"taxonomy":"product_brand","embeddable":true,"href":"https:\/\/www.sempertea.eu\/en\/wp-json\/wp\/v2\/product_brand?post=8140"},{"taxonomy":"product_cat","embeddable":true,"href":"https:\/\/www.sempertea.eu\/en\/wp-json\/wp\/v2\/product_cat?post=8140"},{"taxonomy":"product_tag","embeddable":true,"href":"https:\/\/www.sempertea.eu\/en\/wp-json\/wp\/v2\/product_tag?post=8140"}],"curies":[{"name":"wp","href":"https:\/\/api.w.org\/{rel}","templated":true}]}}