{"id":8136,"date":"2021-04-30T09:25:21","date_gmt":"2023-07-31T20:22:21","guid":{"rendered":"https:\/\/www.sempertea.eu\/english-breakfast-te-organico-i-te-piramide\/"},"modified":"2024-01-17T14:41:29","modified_gmt":"2024-01-17T13:41:29","slug":"english-breakfast-pyramid-tea-at-home","status":"publish","type":"product","link":"https:\/\/www.sempertea.eu\/en\/english-breakfast-pyramid-tea-at-home\/","title":{"rendered":"ENGLISH BREAKFAST organic tea I pyramid bag"},"content":{"rendered":"<h2>English Breakfast &#8211; A Revitalizing Tea Experience<\/h2>\n<p>Indulge in the robust and intense flavours of our English Breakfast tea, a perfect reincarnation of British tea culture. This beautifully deep blend comprises the finest black teas sourced from Assam, Ceylon, and Kenya.<\/p>\n<p>Sustainably packaged in 100% <strong>biodegradable pyramid bags<\/strong>, this distinctive drink adds energy to your everyday routines.<br \/>\nThe base for various blends is premium organic black tea, including English Breakfast, <strong>Earl Grey with bergamot<\/strong>, Darjeeling, and spiced Chai black tea. You can explore and purchase these delightful teas through our online tea shop.<\/p>\n<p>English Breakfast, known for its rich and exotic taste, pays homage to the iconic blends of Assam, Ceylon, and Kenya black teas. The characteristic reddish-brown hue offers a delightful way to infuse your daily rituals with renewed energy.<\/p>\n<p>For a delightful morning treat, try this tea with a touch of milk. You will love it.<\/p>\n","protected":false},"excerpt":{"rendered":"<p><strong>Beautiful blend of exquisite Black teas<\/strong><\/p>\n<p>Robust and intense, this English Breakfast is presented as a perfect reincarnation of British tea culture. A beautiful deep blend of the best black teas from Assam, Ceylon and Kenya. This characteristic blend energises the routines of everyday life.<\/p>\n<p>&nbsp;<\/p>\n","protected":false},"featured_media":4003,"comment_status":"open","ping_status":"closed","template":"","meta":[],"product_brand":[],"product_cat":[163,167,154,192,160,193,162,161],"product_tag":[],"class_list":{"0":"post-8136","1":"product","2":"type-product","3":"status-publish","4":"has-post-thumbnail","6":"product_cat-product-brochure-of-tea","7":"product_cat-buy-online-organic-black-tea","8":"product_cat-unique-exclusive-tea-collections","9":"product_cat-tea-pyramid-organic-biodegradable","10":"product_cat-teas-and-tisanes-organic-buy-online","11":"product_cat-tea-pyramid-biodegradable","12":"product_cat-todos-en","13":"product_cat-exclusive-tea-line","15":"first","16":"instock","17":"shipping-taxable","18":"purchasable","19":"product-type-simple"},"yoast_head":"<!-- This site is optimized with the Yoast SEO Premium plugin v27.3 (Yoast SEO v27.4) - https:\/\/yoast.com\/product\/yoast-seo-premium-wordpress\/ -->\n<title>English Breakfast Pyramid Tea | Organic Quality | Enjoy Tea at Home<\/title>\n<meta name=\"description\" content=\"Richness of English Breakfast Pyramid Tea, made with organic quality ingredients. Enjoy the perfect cup of tea at home with our premium blend\" \/>\n<meta name=\"robots\" content=\"index, follow, max-snippet:-1, max-image-preview:large, max-video-preview:-1\" \/>\n<link rel=\"canonical\" href=\"https:\/\/www.sempertea.eu\/en\/english-breakfast-pyramid-tea-at-home\/\" \/>\n<meta property=\"og:locale\" content=\"en_US\" \/>\n<meta property=\"og:type\" content=\"article\" \/>\n<meta property=\"og:title\" content=\"ENGLISH BREAKFAST organic tea I pyramid bag\" \/>\n<meta property=\"og:description\" content=\"Richness of English Breakfast Pyramid Tea, made with organic quality ingredients. Enjoy the perfect cup of tea at home with our premium blend\" \/>\n<meta property=\"og:url\" content=\"https:\/\/www.sempertea.eu\/en\/english-breakfast-pyramid-tea-at-home\/\" \/>\n<meta property=\"og:site_name\" content=\"Semper Tea | Mayorista y fabricante de T\u00e9s e Infusiones para hoteles, restaurantes y bares\" \/>\n<meta property=\"article:modified_time\" content=\"2024-01-17T13:41:29+00:00\" \/>\n<meta property=\"og:image\" content=\"https:\/\/www.sempertea.eu\/wp-content\/uploads\/2021\/04\/english-breakfast-te-desayuno-ingles-bolsa-piramide-biodegradable-semper-tea.jpg\" \/>\n\t<meta property=\"og:image:width\" content=\"900\" \/>\n\t<meta property=\"og:image:height\" content=\"900\" \/>\n\t<meta property=\"og:image:type\" content=\"image\/jpeg\" \/>\n<meta name=\"twitter:card\" content=\"summary_large_image\" \/>\n<meta name=\"twitter:label1\" content=\"Est. reading time\" \/>\n\t<meta name=\"twitter:data1\" content=\"1 minute\" \/>\n<script type=\"application\/ld+json\" class=\"yoast-schema-graph\">{\"@context\":\"https:\\\/\\\/schema.org\",\"@graph\":[{\"@type\":\"WebPage\",\"@id\":\"https:\\\/\\\/www.sempertea.eu\\\/en\\\/english-breakfast-pyramid-tea-at-home\\\/\",\"url\":\"https:\\\/\\\/www.sempertea.eu\\\/en\\\/english-breakfast-pyramid-tea-at-home\\\/\",\"name\":\"English Breakfast Pyramid Tea | Organic Quality | Enjoy Tea at Home\",\"isPartOf\":{\"@id\":\"https:\\\/\\\/www.sempertea.eu\\\/#website\"},\"primaryImageOfPage\":{\"@id\":\"https:\\\/\\\/www.sempertea.eu\\\/en\\\/english-breakfast-pyramid-tea-at-home\\\/#primaryimage\"},\"image\":{\"@id\":\"https:\\\/\\\/www.sempertea.eu\\\/en\\\/english-breakfast-pyramid-tea-at-home\\\/#primaryimage\"},\"thumbnailUrl\":\"https:\\\/\\\/www.sempertea.eu\\\/wp-content\\\/uploads\\\/2021\\\/04\\\/english-breakfast-te-desayuno-ingles-bolsa-piramide-biodegradable-semper-tea.jpg\",\"datePublished\":\"2023-07-31T20:22:21+00:00\",\"dateModified\":\"2024-01-17T13:41:29+00:00\",\"description\":\"Richness of English Breakfast Pyramid Tea, made with organic quality ingredients. Enjoy the perfect cup of tea at home with our premium blend\",\"breadcrumb\":{\"@id\":\"https:\\\/\\\/www.sempertea.eu\\\/en\\\/english-breakfast-pyramid-tea-at-home\\\/#breadcrumb\"},\"inLanguage\":\"en-US\",\"potentialAction\":[{\"@type\":\"ReadAction\",\"target\":[\"https:\\\/\\\/www.sempertea.eu\\\/en\\\/english-breakfast-pyramid-tea-at-home\\\/\"]}]},{\"@type\":\"ImageObject\",\"inLanguage\":\"en-US\",\"@id\":\"https:\\\/\\\/www.sempertea.eu\\\/en\\\/english-breakfast-pyramid-tea-at-home\\\/#primaryimage\",\"url\":\"https:\\\/\\\/www.sempertea.eu\\\/wp-content\\\/uploads\\\/2021\\\/04\\\/english-breakfast-te-desayuno-ingles-bolsa-piramide-biodegradable-semper-tea.jpg\",\"contentUrl\":\"https:\\\/\\\/www.sempertea.eu\\\/wp-content\\\/uploads\\\/2021\\\/04\\\/english-breakfast-te-desayuno-ingles-bolsa-piramide-biodegradable-semper-tea.jpg\",\"width\":900,\"height\":900,\"caption\":\"english breakfast te desayuno ingles bolsita piramide biodegradable semper tea\"},{\"@type\":\"BreadcrumbList\",\"@id\":\"https:\\\/\\\/www.sempertea.eu\\\/en\\\/english-breakfast-pyramid-tea-at-home\\\/#breadcrumb\",\"itemListElement\":[{\"@type\":\"ListItem\",\"position\":1,\"name\":\"Portada\",\"item\":\"https:\\\/\\\/www.sempertea.eu\\\/en\\\/\"},{\"@type\":\"ListItem\",\"position\":2,\"name\":\"Shop\",\"item\":\"https:\\\/\\\/www.sempertea.eu\\\/en\\\/shop\\\/\"},{\"@type\":\"ListItem\",\"position\":3,\"name\":\"ENGLISH BREAKFAST organic tea I pyramid bag\"}]},{\"@type\":\"WebSite\",\"@id\":\"https:\\\/\\\/www.sempertea.eu\\\/#website\",\"url\":\"https:\\\/\\\/www.sempertea.eu\\\/\",\"name\":\"Semper Tea | Mayorista y fabricante de T\u00e9s e Infusiones para hoteles, restaurantes y bares\",\"description\":\"T\u00e9s e infusiones para hosteler\u00eda, hoteler\u00eda y comercio\",\"potentialAction\":[{\"@type\":\"SearchAction\",\"target\":{\"@type\":\"EntryPoint\",\"urlTemplate\":\"https:\\\/\\\/www.sempertea.eu\\\/?s={search_term_string}\"},\"query-input\":{\"@type\":\"PropertyValueSpecification\",\"valueRequired\":true,\"valueName\":\"search_term_string\"}}],\"inLanguage\":\"en-US\"}]}<\/script>\n<!-- \/ Yoast SEO Premium plugin. -->","yoast_head_json":{"title":"English Breakfast Pyramid Tea | Organic Quality | Enjoy Tea at Home","description":"Richness of English Breakfast Pyramid Tea, made with organic quality ingredients. Enjoy the perfect cup of tea at home with our premium blend","robots":{"index":"index","follow":"follow","max-snippet":"max-snippet:-1","max-image-preview":"max-image-preview:large","max-video-preview":"max-video-preview:-1"},"canonical":"https:\/\/www.sempertea.eu\/en\/english-breakfast-pyramid-tea-at-home\/","og_locale":"en_US","og_type":"article","og_title":"ENGLISH BREAKFAST organic tea I pyramid bag","og_description":"Richness of English Breakfast Pyramid Tea, made with organic quality ingredients. Enjoy the perfect cup of tea at home with our premium blend","og_url":"https:\/\/www.sempertea.eu\/en\/english-breakfast-pyramid-tea-at-home\/","og_site_name":"Semper Tea | Mayorista y fabricante de T\u00e9s e Infusiones para hoteles, restaurantes y bares","article_modified_time":"2024-01-17T13:41:29+00:00","og_image":[{"width":900,"height":900,"url":"https:\/\/www.sempertea.eu\/wp-content\/uploads\/2021\/04\/english-breakfast-te-desayuno-ingles-bolsa-piramide-biodegradable-semper-tea.jpg","type":"image\/jpeg"}],"twitter_card":"summary_large_image","twitter_misc":{"Est. reading time":"1 minute"},"schema":{"@context":"https:\/\/schema.org","@graph":[{"@type":"WebPage","@id":"https:\/\/www.sempertea.eu\/en\/english-breakfast-pyramid-tea-at-home\/","url":"https:\/\/www.sempertea.eu\/en\/english-breakfast-pyramid-tea-at-home\/","name":"English Breakfast Pyramid Tea | Organic Quality | Enjoy Tea at Home","isPartOf":{"@id":"https:\/\/www.sempertea.eu\/#website"},"primaryImageOfPage":{"@id":"https:\/\/www.sempertea.eu\/en\/english-breakfast-pyramid-tea-at-home\/#primaryimage"},"image":{"@id":"https:\/\/www.sempertea.eu\/en\/english-breakfast-pyramid-tea-at-home\/#primaryimage"},"thumbnailUrl":"https:\/\/www.sempertea.eu\/wp-content\/uploads\/2021\/04\/english-breakfast-te-desayuno-ingles-bolsa-piramide-biodegradable-semper-tea.jpg","datePublished":"2023-07-31T20:22:21+00:00","dateModified":"2024-01-17T13:41:29+00:00","description":"Richness of English Breakfast Pyramid Tea, made with organic quality ingredients. Enjoy the perfect cup of tea at home with our premium blend","breadcrumb":{"@id":"https:\/\/www.sempertea.eu\/en\/english-breakfast-pyramid-tea-at-home\/#breadcrumb"},"inLanguage":"en-US","potentialAction":[{"@type":"ReadAction","target":["https:\/\/www.sempertea.eu\/en\/english-breakfast-pyramid-tea-at-home\/"]}]},{"@type":"ImageObject","inLanguage":"en-US","@id":"https:\/\/www.sempertea.eu\/en\/english-breakfast-pyramid-tea-at-home\/#primaryimage","url":"https:\/\/www.sempertea.eu\/wp-content\/uploads\/2021\/04\/english-breakfast-te-desayuno-ingles-bolsa-piramide-biodegradable-semper-tea.jpg","contentUrl":"https:\/\/www.sempertea.eu\/wp-content\/uploads\/2021\/04\/english-breakfast-te-desayuno-ingles-bolsa-piramide-biodegradable-semper-tea.jpg","width":900,"height":900,"caption":"english breakfast te desayuno ingles bolsita piramide biodegradable semper tea"},{"@type":"BreadcrumbList","@id":"https:\/\/www.sempertea.eu\/en\/english-breakfast-pyramid-tea-at-home\/#breadcrumb","itemListElement":[{"@type":"ListItem","position":1,"name":"Portada","item":"https:\/\/www.sempertea.eu\/en\/"},{"@type":"ListItem","position":2,"name":"Shop","item":"https:\/\/www.sempertea.eu\/en\/shop\/"},{"@type":"ListItem","position":3,"name":"ENGLISH BREAKFAST organic tea I pyramid bag"}]},{"@type":"WebSite","@id":"https:\/\/www.sempertea.eu\/#website","url":"https:\/\/www.sempertea.eu\/","name":"Semper Tea | Mayorista y fabricante de T\u00e9s e Infusiones para hoteles, restaurantes y bares","description":"T\u00e9s e infusiones para hosteler\u00eda, hoteler\u00eda y comercio","potentialAction":[{"@type":"SearchAction","target":{"@type":"EntryPoint","urlTemplate":"https:\/\/www.sempertea.eu\/?s={search_term_string}"},"query-input":{"@type":"PropertyValueSpecification","valueRequired":true,"valueName":"search_term_string"}}],"inLanguage":"en-US"}]}},"_links":{"self":[{"href":"https:\/\/www.sempertea.eu\/en\/wp-json\/wp\/v2\/product\/8136","targetHints":{"allow":["GET"]}}],"collection":[{"href":"https:\/\/www.sempertea.eu\/en\/wp-json\/wp\/v2\/product"}],"about":[{"href":"https:\/\/www.sempertea.eu\/en\/wp-json\/wp\/v2\/types\/product"}],"replies":[{"embeddable":true,"href":"https:\/\/www.sempertea.eu\/en\/wp-json\/wp\/v2\/comments?post=8136"}],"wp:featuredmedia":[{"embeddable":true,"href":"https:\/\/www.sempertea.eu\/en\/wp-json\/wp\/v2\/media\/4003"}],"wp:attachment":[{"href":"https:\/\/www.sempertea.eu\/en\/wp-json\/wp\/v2\/media?parent=8136"}],"wp:term":[{"taxonomy":"product_brand","embeddable":true,"href":"https:\/\/www.sempertea.eu\/en\/wp-json\/wp\/v2\/product_brand?post=8136"},{"taxonomy":"product_cat","embeddable":true,"href":"https:\/\/www.sempertea.eu\/en\/wp-json\/wp\/v2\/product_cat?post=8136"},{"taxonomy":"product_tag","embeddable":true,"href":"https:\/\/www.sempertea.eu\/en\/wp-json\/wp\/v2\/product_tag?post=8136"}],"curies":[{"name":"wp","href":"https:\/\/api.w.org\/{rel}","templated":true}]}}