{"id":8132,"date":"2021-07-28T18:16:56","date_gmt":"2021-07-28T17:16:56","guid":{"rendered":"https:\/\/www.sempertea.eu\/fruit-infusion-organica-frutas-i-te-piramide\/"},"modified":"2025-02-07T10:02:37","modified_gmt":"2025-02-07T09:02:37","slug":"fruit-tea-caffeine-free-hibiscus-organge-peel-rosehip","status":"publish","type":"product","link":"https:\/\/www.sempertea.eu\/en\/fruit-tea-caffeine-free-hibiscus-organge-peel-rosehip\/","title":{"rendered":"FRUIT organic tea I Pyramid bag"},"content":{"rendered":"<h2>\u2728 A burst of flavor and vibrant color \u2013 Caffeine-Free \ud83c\udf53<\/h2>\n<p>Discover the magic of our <strong>organic fruit tea<\/strong>, a vibrant infusion with a sparkling, tempting fragrance. Every sip takes you on a <strong>delicious sensory journey<\/strong>.<\/p>\n<p><strong>Fruit tea<\/strong>, a timeless favorite, delights with its captivating aroma when steeped in hot water. Our <strong>special blend<\/strong> is a <strong>red fusion<\/strong> of <em>hibiscus, rosehip<\/em>, and apple, enhanced with <strong>natural wild berry aroma, natural orange aroma, and freeze-dried strawberry<\/strong>. A perfect balance of tanginess, sweetness, and freshness\u2014ideal for any time of the day.<\/p>\n<p>At <strong>Semper Tea<\/strong>, we blend <strong>tradition and modernity<\/strong> to bring you an infusion that is not only <strong>healthy and refreshing<\/strong> but also the perfect drink for summer days.<\/p>\n<p>\u2728 <strong>Enjoy it iced<\/strong> with plenty of ice for an even more revitalizing experience.<\/p>\n<h3>\ud83c\udf75 Pyramid Tea Bags: Convenience meets sustainability \u267b\ufe0f<\/h3>\n<p>Our <strong>pyramid tea bags<\/strong> offer the perfect combination of convenience and environmental responsibility. Made from <strong>biodegradable materials<\/strong>, they allow you to enjoy a delicious and sustainable tea experience without unnecessary waste.<\/p>\n<p>\u267b\ufe0f <strong>100% plastic-free. 100% natural flavor.<\/strong> Enjoy tea with a conscience! \ud83c\udf0d\ud83c\udf75<\/p>\n","protected":false},"excerpt":{"rendered":"<p><strong>\u2728<\/strong><strong> A Burst of vibrant color and aroma \u2013 Caffeine-Free <\/strong><strong>\ud83c\udf53<\/strong><\/p>\n<p>Our infusion is a <strong>delicious red blend<\/strong> of hibiscus, rosehip, and apple, enriched with natural wild berry aroma, natural orange aroma, and freeze-dried strawberry.<\/p>\n<p>Each cup delivers a <strong>unique explosion of color, freshness, and an inviting aroma<\/strong>, creating the perfect sensory experience for any time of the day. \ud83c\udf75\u2728<\/p>\n","protected":false},"featured_media":4171,"comment_status":"open","ping_status":"closed","template":"","meta":[],"product_brand":[],"product_cat":[163,154,192,198,160,193,162,161],"product_tag":[],"class_list":{"0":"post-8132","1":"product","2":"type-product","3":"status-publish","4":"has-post-thumbnail","6":"product_cat-product-brochure-of-tea","7":"product_cat-unique-exclusive-tea-collections","8":"product_cat-tea-pyramid-organic-biodegradable","9":"product_cat-fruit-teas-organic-tea-shop-certified-quality","10":"product_cat-teas-and-tisanes-organic-buy-online","11":"product_cat-tea-pyramid-biodegradable","12":"product_cat-todos-en","13":"product_cat-exclusive-tea-line","15":"first","16":"instock","17":"shipping-taxable","18":"purchasable","19":"product-type-simple"},"yoast_head":"<!-- This site is optimized with the Yoast SEO Premium plugin v27.3 (Yoast SEO v27.3) - https:\/\/yoast.com\/product\/yoast-seo-premium-wordpress\/ -->\n<title>Fruit Infusion Organic Pyramid Tea CAFFEINE-FREE - BUY NOW<\/title>\n<meta name=\"description\" content=\"A delicious red fusion of hibiscus, rosehip and apple, enriched with the natural aroma of forest fruits, natural orange aroma and freeze-dried strawberry.\" \/>\n<meta name=\"robots\" content=\"index, follow, max-snippet:-1, max-image-preview:large, max-video-preview:-1\" \/>\n<link rel=\"canonical\" href=\"https:\/\/www.sempertea.eu\/en\/fruit-tea-caffeine-free-hibiscus-organge-peel-rosehip\/\" \/>\n<meta property=\"og:locale\" content=\"en_US\" \/>\n<meta property=\"og:type\" content=\"article\" \/>\n<meta property=\"og:title\" content=\"FRUIT organic tea I Pyramid bag\" \/>\n<meta property=\"og:description\" content=\"A delicious red fusion of hibiscus, rosehip and apple, enriched with the natural aroma of forest fruits, natural orange aroma and freeze-dried strawberry.\" \/>\n<meta property=\"og:url\" content=\"https:\/\/www.sempertea.eu\/en\/fruit-tea-caffeine-free-hibiscus-organge-peel-rosehip\/\" \/>\n<meta property=\"og:site_name\" content=\"Semper Tea | Mayorista y fabricante de T\u00e9s e Infusiones para hoteles, restaurantes y bares\" \/>\n<meta property=\"article:modified_time\" content=\"2025-02-07T09:02:37+00:00\" \/>\n<meta property=\"og:image\" content=\"https:\/\/www.sempertea.eu\/wp-content\/uploads\/2021\/07\/tes-e-infusiones-de-frutas-mejor-oferta-en-bolsa-piramide-semper-tea.jpg\" \/>\n\t<meta property=\"og:image:width\" content=\"900\" \/>\n\t<meta property=\"og:image:height\" content=\"900\" \/>\n\t<meta property=\"og:image:type\" content=\"image\/jpeg\" \/>\n<meta name=\"twitter:card\" content=\"summary_large_image\" \/>\n<meta name=\"twitter:label1\" content=\"Est. reading time\" \/>\n\t<meta name=\"twitter:data1\" content=\"2 minutes\" \/>\n<script type=\"application\/ld+json\" class=\"yoast-schema-graph\">{\"@context\":\"https:\\\/\\\/schema.org\",\"@graph\":[{\"@type\":\"WebPage\",\"@id\":\"https:\\\/\\\/www.sempertea.eu\\\/en\\\/fruit-tea-caffeine-free-hibiscus-organge-peel-rosehip\\\/\",\"url\":\"https:\\\/\\\/www.sempertea.eu\\\/en\\\/fruit-tea-caffeine-free-hibiscus-organge-peel-rosehip\\\/\",\"name\":\"Fruit Infusion Organic Pyramid Tea CAFFEINE-FREE - BUY NOW\",\"isPartOf\":{\"@id\":\"https:\\\/\\\/www.sempertea.eu\\\/#website\"},\"primaryImageOfPage\":{\"@id\":\"https:\\\/\\\/www.sempertea.eu\\\/en\\\/fruit-tea-caffeine-free-hibiscus-organge-peel-rosehip\\\/#primaryimage\"},\"image\":{\"@id\":\"https:\\\/\\\/www.sempertea.eu\\\/en\\\/fruit-tea-caffeine-free-hibiscus-organge-peel-rosehip\\\/#primaryimage\"},\"thumbnailUrl\":\"https:\\\/\\\/www.sempertea.eu\\\/wp-content\\\/uploads\\\/2021\\\/07\\\/tes-e-infusiones-de-frutas-mejor-oferta-en-bolsa-piramide-semper-tea.jpg\",\"datePublished\":\"2021-07-28T17:16:56+00:00\",\"dateModified\":\"2025-02-07T09:02:37+00:00\",\"description\":\"A delicious red fusion of hibiscus, rosehip and apple, enriched with the natural aroma of forest fruits, natural orange aroma and freeze-dried strawberry.\",\"breadcrumb\":{\"@id\":\"https:\\\/\\\/www.sempertea.eu\\\/en\\\/fruit-tea-caffeine-free-hibiscus-organge-peel-rosehip\\\/#breadcrumb\"},\"inLanguage\":\"en-US\",\"potentialAction\":[{\"@type\":\"ReadAction\",\"target\":[\"https:\\\/\\\/www.sempertea.eu\\\/en\\\/fruit-tea-caffeine-free-hibiscus-organge-peel-rosehip\\\/\"]}]},{\"@type\":\"ImageObject\",\"inLanguage\":\"en-US\",\"@id\":\"https:\\\/\\\/www.sempertea.eu\\\/en\\\/fruit-tea-caffeine-free-hibiscus-organge-peel-rosehip\\\/#primaryimage\",\"url\":\"https:\\\/\\\/www.sempertea.eu\\\/wp-content\\\/uploads\\\/2021\\\/07\\\/tes-e-infusiones-de-frutas-mejor-oferta-en-bolsa-piramide-semper-tea.jpg\",\"contentUrl\":\"https:\\\/\\\/www.sempertea.eu\\\/wp-content\\\/uploads\\\/2021\\\/07\\\/tes-e-infusiones-de-frutas-mejor-oferta-en-bolsa-piramide-semper-tea.jpg\",\"width\":900,\"height\":900,\"caption\":\"tes e infusiones de frutas mejor oferta en bolsa piramide semper tea\"},{\"@type\":\"BreadcrumbList\",\"@id\":\"https:\\\/\\\/www.sempertea.eu\\\/en\\\/fruit-tea-caffeine-free-hibiscus-organge-peel-rosehip\\\/#breadcrumb\",\"itemListElement\":[{\"@type\":\"ListItem\",\"position\":1,\"name\":\"Portada\",\"item\":\"https:\\\/\\\/www.sempertea.eu\\\/en\\\/\"},{\"@type\":\"ListItem\",\"position\":2,\"name\":\"Shop\",\"item\":\"https:\\\/\\\/www.sempertea.eu\\\/en\\\/shop\\\/\"},{\"@type\":\"ListItem\",\"position\":3,\"name\":\"FRUIT organic tea I Pyramid bag\"}]},{\"@type\":\"WebSite\",\"@id\":\"https:\\\/\\\/www.sempertea.eu\\\/#website\",\"url\":\"https:\\\/\\\/www.sempertea.eu\\\/\",\"name\":\"Semper Tea | Mayorista y fabricante de T\u00e9s e Infusiones para hoteles, restaurantes y bares\",\"description\":\"T\u00e9s e infusiones para hosteler\u00eda, hoteler\u00eda y comercio\",\"potentialAction\":[{\"@type\":\"SearchAction\",\"target\":{\"@type\":\"EntryPoint\",\"urlTemplate\":\"https:\\\/\\\/www.sempertea.eu\\\/?s={search_term_string}\"},\"query-input\":{\"@type\":\"PropertyValueSpecification\",\"valueRequired\":true,\"valueName\":\"search_term_string\"}}],\"inLanguage\":\"en-US\"}]}<\/script>\n<!-- \/ Yoast SEO Premium plugin. -->","yoast_head_json":{"title":"Fruit Infusion Organic Pyramid Tea CAFFEINE-FREE - BUY NOW","description":"A delicious red fusion of hibiscus, rosehip and apple, enriched with the natural aroma of forest fruits, natural orange aroma and freeze-dried strawberry.","robots":{"index":"index","follow":"follow","max-snippet":"max-snippet:-1","max-image-preview":"max-image-preview:large","max-video-preview":"max-video-preview:-1"},"canonical":"https:\/\/www.sempertea.eu\/en\/fruit-tea-caffeine-free-hibiscus-organge-peel-rosehip\/","og_locale":"en_US","og_type":"article","og_title":"FRUIT organic tea I Pyramid bag","og_description":"A delicious red fusion of hibiscus, rosehip and apple, enriched with the natural aroma of forest fruits, natural orange aroma and freeze-dried strawberry.","og_url":"https:\/\/www.sempertea.eu\/en\/fruit-tea-caffeine-free-hibiscus-organge-peel-rosehip\/","og_site_name":"Semper Tea | Mayorista y fabricante de T\u00e9s e Infusiones para hoteles, restaurantes y bares","article_modified_time":"2025-02-07T09:02:37+00:00","og_image":[{"width":900,"height":900,"url":"https:\/\/www.sempertea.eu\/wp-content\/uploads\/2021\/07\/tes-e-infusiones-de-frutas-mejor-oferta-en-bolsa-piramide-semper-tea.jpg","type":"image\/jpeg"}],"twitter_card":"summary_large_image","twitter_misc":{"Est. reading time":"2 minutes"},"schema":{"@context":"https:\/\/schema.org","@graph":[{"@type":"WebPage","@id":"https:\/\/www.sempertea.eu\/en\/fruit-tea-caffeine-free-hibiscus-organge-peel-rosehip\/","url":"https:\/\/www.sempertea.eu\/en\/fruit-tea-caffeine-free-hibiscus-organge-peel-rosehip\/","name":"Fruit Infusion Organic Pyramid Tea CAFFEINE-FREE - BUY NOW","isPartOf":{"@id":"https:\/\/www.sempertea.eu\/#website"},"primaryImageOfPage":{"@id":"https:\/\/www.sempertea.eu\/en\/fruit-tea-caffeine-free-hibiscus-organge-peel-rosehip\/#primaryimage"},"image":{"@id":"https:\/\/www.sempertea.eu\/en\/fruit-tea-caffeine-free-hibiscus-organge-peel-rosehip\/#primaryimage"},"thumbnailUrl":"https:\/\/www.sempertea.eu\/wp-content\/uploads\/2021\/07\/tes-e-infusiones-de-frutas-mejor-oferta-en-bolsa-piramide-semper-tea.jpg","datePublished":"2021-07-28T17:16:56+00:00","dateModified":"2025-02-07T09:02:37+00:00","description":"A delicious red fusion of hibiscus, rosehip and apple, enriched with the natural aroma of forest fruits, natural orange aroma and freeze-dried strawberry.","breadcrumb":{"@id":"https:\/\/www.sempertea.eu\/en\/fruit-tea-caffeine-free-hibiscus-organge-peel-rosehip\/#breadcrumb"},"inLanguage":"en-US","potentialAction":[{"@type":"ReadAction","target":["https:\/\/www.sempertea.eu\/en\/fruit-tea-caffeine-free-hibiscus-organge-peel-rosehip\/"]}]},{"@type":"ImageObject","inLanguage":"en-US","@id":"https:\/\/www.sempertea.eu\/en\/fruit-tea-caffeine-free-hibiscus-organge-peel-rosehip\/#primaryimage","url":"https:\/\/www.sempertea.eu\/wp-content\/uploads\/2021\/07\/tes-e-infusiones-de-frutas-mejor-oferta-en-bolsa-piramide-semper-tea.jpg","contentUrl":"https:\/\/www.sempertea.eu\/wp-content\/uploads\/2021\/07\/tes-e-infusiones-de-frutas-mejor-oferta-en-bolsa-piramide-semper-tea.jpg","width":900,"height":900,"caption":"tes e infusiones de frutas mejor oferta en bolsa piramide semper tea"},{"@type":"BreadcrumbList","@id":"https:\/\/www.sempertea.eu\/en\/fruit-tea-caffeine-free-hibiscus-organge-peel-rosehip\/#breadcrumb","itemListElement":[{"@type":"ListItem","position":1,"name":"Portada","item":"https:\/\/www.sempertea.eu\/en\/"},{"@type":"ListItem","position":2,"name":"Shop","item":"https:\/\/www.sempertea.eu\/en\/shop\/"},{"@type":"ListItem","position":3,"name":"FRUIT organic tea I Pyramid bag"}]},{"@type":"WebSite","@id":"https:\/\/www.sempertea.eu\/#website","url":"https:\/\/www.sempertea.eu\/","name":"Semper Tea | Mayorista y fabricante de T\u00e9s e Infusiones para hoteles, restaurantes y bares","description":"T\u00e9s e infusiones para hosteler\u00eda, hoteler\u00eda y comercio","potentialAction":[{"@type":"SearchAction","target":{"@type":"EntryPoint","urlTemplate":"https:\/\/www.sempertea.eu\/?s={search_term_string}"},"query-input":{"@type":"PropertyValueSpecification","valueRequired":true,"valueName":"search_term_string"}}],"inLanguage":"en-US"}]}},"_links":{"self":[{"href":"https:\/\/www.sempertea.eu\/en\/wp-json\/wp\/v2\/product\/8132","targetHints":{"allow":["GET"]}}],"collection":[{"href":"https:\/\/www.sempertea.eu\/en\/wp-json\/wp\/v2\/product"}],"about":[{"href":"https:\/\/www.sempertea.eu\/en\/wp-json\/wp\/v2\/types\/product"}],"replies":[{"embeddable":true,"href":"https:\/\/www.sempertea.eu\/en\/wp-json\/wp\/v2\/comments?post=8132"}],"wp:featuredmedia":[{"embeddable":true,"href":"https:\/\/www.sempertea.eu\/en\/wp-json\/wp\/v2\/media\/4171"}],"wp:attachment":[{"href":"https:\/\/www.sempertea.eu\/en\/wp-json\/wp\/v2\/media?parent=8132"}],"wp:term":[{"taxonomy":"product_brand","embeddable":true,"href":"https:\/\/www.sempertea.eu\/en\/wp-json\/wp\/v2\/product_brand?post=8132"},{"taxonomy":"product_cat","embeddable":true,"href":"https:\/\/www.sempertea.eu\/en\/wp-json\/wp\/v2\/product_cat?post=8132"},{"taxonomy":"product_tag","embeddable":true,"href":"https:\/\/www.sempertea.eu\/en\/wp-json\/wp\/v2\/product_tag?post=8132"}],"curies":[{"name":"wp","href":"https:\/\/api.w.org\/{rel}","templated":true}]}}