{"id":8119,"date":"2021-07-29T18:25:34","date_gmt":"2023-07-30T21:41:00","guid":{"rendered":"https:\/\/www.sempertea.eu\/herbal-infusion-organica-regaliz-y-menta-i-te-piramide\/"},"modified":"2024-01-17T14:59:09","modified_gmt":"2024-01-17T13:59:09","slug":"licorice-tea-organic-pyramid-bag","status":"publish","type":"product","link":"https:\/\/www.sempertea.eu\/en\/licorice-tea-organic-pyramid-bag\/","title":{"rendered":"HERBAL organic tea I pyramid bag"},"content":{"rendered":"<h2>What is Licorice?<\/h2>\n<p>For many of us, liquorice brings back fond childhood memories of candies and sweets. But what exactly is liquorice, and where does it come from? <strong>Liquorice is a plant that grows naturally<\/strong> in southern Europe and Asia. Its roots contain glycyrrhizin, a natural sweetener that is 30-50 times sweeter than sugar!<\/p>\n<h3>A Healthy and Sweet Root<\/h3>\n<p>Liquorice is not only prized for its sweetness but has also been used for its medicinal benefits for centuries.<br \/>\nLiquorice tea is a versatile herbal infusion with a host of health benefits:<\/p>\n<p>It can serve as a digestive aid, promoting healthy digestion and providing relief from constipation.<\/p>\n<p>With its potent anti-inflammatory properties, it might ease the discomfort of arthritis and other inflammatory conditions.<\/p>\n<p>Known for its positive impact on blood pressure, it can be beneficial for those with low blood pressure.<\/p>\n<p>Supporting heart health, liquorice may play a role in preventing heart disease.<\/p>\n<p>For women, it can offer relief from premenstrual symptoms, making it a soothing choice during that time of the month.<\/p>\n<p>Additionally, liquorice root extract is commonly used to alleviate indigestion symptoms such as acid reflux, upset stomach, and heartburn.<\/p>\n<h4><strong>Savour the Natural Sweetness of HERBAL<\/strong><\/h4>\n<p>Indulge in the refreshing blend of HERBAL in <strong>biodegradable pyramids<\/strong>. This organic tea offers a delightful <strong>combination of licorice, apple, lemongrass and mint flavours<\/strong> while providing a natural way to support your overall well-being. Enjoy your tea experience with this soothing and sustainable choice.<\/p>\n<p>It is essential to limit liquorice consumption to one or two cups per day, as excessive intake can be problematic for individuals with a history of heart disease or high blood pressure.<\/p>\n","protected":false},"excerpt":{"rendered":"<p><strong>Delicate with a subtle, sweet aroma<\/strong><\/p>\n<p>Herbal is a delicious tea with organic and natural ingredients: Pieces of apple, lemongrass with its fresh character, liquorice to add a warm and sweet flavour and mint for that final refreshing touch. The fruity notes of apple and the sweetness of liquorice create a wonderful blend. A tasty cup of tea without theine.<\/p>\n","protected":false},"featured_media":4193,"comment_status":"open","ping_status":"closed","template":"","meta":[],"product_brand":[],"product_cat":[163,154,192,158,160,193,161,162],"product_tag":[],"class_list":{"0":"post-8119","1":"product","2":"type-product","3":"status-publish","4":"has-post-thumbnail","6":"product_cat-product-brochure-of-tea","7":"product_cat-unique-exclusive-tea-collections","8":"product_cat-tea-pyramid-organic-biodegradable","9":"product_cat-the-best-herbal-teas-organic-online-shop","10":"product_cat-teas-and-tisanes-organic-buy-online","11":"product_cat-tea-pyramid-biodegradable","12":"product_cat-exclusive-tea-line","13":"product_cat-todos-en","15":"first","16":"instock","17":"shipping-taxable","18":"purchasable","19":"product-type-simple"},"yoast_head":"<!-- This site is optimized with the Yoast SEO Premium plugin v27.3 (Yoast SEO v27.4) - https:\/\/yoast.com\/product\/yoast-seo-premium-wordpress\/ -->\n<title>HERBAL Licorice &amp; Mint Tea | Pyramid Infusion | Organic by Semper Tea<\/title>\n<meta name=\"description\" content=\"Refreshing HERBAL Licorice &amp; Mint Tea, crafted in biodegradable pyramid infusion. Organic. Enjoy soothing sustainable tea experience. Buy now\" \/>\n<meta name=\"robots\" content=\"index, follow, max-snippet:-1, max-image-preview:large, max-video-preview:-1\" \/>\n<link rel=\"canonical\" href=\"https:\/\/www.sempertea.eu\/en\/licorice-tea-organic-pyramid-bag\/\" \/>\n<meta property=\"og:locale\" content=\"en_US\" \/>\n<meta property=\"og:type\" content=\"article\" \/>\n<meta property=\"og:title\" content=\"HERBAL organic tea I pyramid bag\" \/>\n<meta property=\"og:description\" content=\"Refreshing HERBAL Licorice &amp; Mint Tea, crafted in biodegradable pyramid infusion. Organic. Enjoy soothing sustainable tea experience. Buy now\" \/>\n<meta property=\"og:url\" content=\"https:\/\/www.sempertea.eu\/en\/licorice-tea-organic-pyramid-bag\/\" \/>\n<meta property=\"og:site_name\" content=\"Semper Tea | Mayorista y fabricante de T\u00e9s e Infusiones para hoteles, restaurantes y bares\" \/>\n<meta property=\"article:modified_time\" content=\"2024-01-17T13:59:09+00:00\" \/>\n<meta property=\"og:image\" content=\"https:\/\/www.sempertea.eu\/wp-content\/uploads\/2021\/07\/herbal-te-de-regaliz-menta-bolsa-piramide-semper-tea.jpg\" \/>\n\t<meta property=\"og:image:width\" content=\"900\" \/>\n\t<meta property=\"og:image:height\" content=\"900\" \/>\n\t<meta property=\"og:image:type\" content=\"image\/jpeg\" \/>\n<meta name=\"twitter:card\" content=\"summary_large_image\" \/>\n<meta name=\"twitter:label1\" content=\"Est. reading time\" \/>\n\t<meta name=\"twitter:data1\" content=\"1 minute\" \/>\n<script type=\"application\/ld+json\" class=\"yoast-schema-graph\">{\"@context\":\"https:\\\/\\\/schema.org\",\"@graph\":[{\"@type\":\"WebPage\",\"@id\":\"https:\\\/\\\/www.sempertea.eu\\\/en\\\/licorice-tea-organic-pyramid-bag\\\/\",\"url\":\"https:\\\/\\\/www.sempertea.eu\\\/en\\\/licorice-tea-organic-pyramid-bag\\\/\",\"name\":\"HERBAL Licorice & Mint Tea | Pyramid Infusion | Organic by Semper Tea\",\"isPartOf\":{\"@id\":\"https:\\\/\\\/www.sempertea.eu\\\/#website\"},\"primaryImageOfPage\":{\"@id\":\"https:\\\/\\\/www.sempertea.eu\\\/en\\\/licorice-tea-organic-pyramid-bag\\\/#primaryimage\"},\"image\":{\"@id\":\"https:\\\/\\\/www.sempertea.eu\\\/en\\\/licorice-tea-organic-pyramid-bag\\\/#primaryimage\"},\"thumbnailUrl\":\"https:\\\/\\\/www.sempertea.eu\\\/wp-content\\\/uploads\\\/2021\\\/07\\\/herbal-te-de-regaliz-menta-bolsa-piramide-semper-tea.jpg\",\"datePublished\":\"2023-07-30T21:41:00+00:00\",\"dateModified\":\"2024-01-17T13:59:09+00:00\",\"description\":\"Refreshing HERBAL Licorice & Mint Tea, crafted in biodegradable pyramid infusion. Organic. Enjoy soothing sustainable tea experience. Buy now\",\"breadcrumb\":{\"@id\":\"https:\\\/\\\/www.sempertea.eu\\\/en\\\/licorice-tea-organic-pyramid-bag\\\/#breadcrumb\"},\"inLanguage\":\"en-US\",\"potentialAction\":[{\"@type\":\"ReadAction\",\"target\":[\"https:\\\/\\\/www.sempertea.eu\\\/en\\\/licorice-tea-organic-pyramid-bag\\\/\"]}]},{\"@type\":\"ImageObject\",\"inLanguage\":\"en-US\",\"@id\":\"https:\\\/\\\/www.sempertea.eu\\\/en\\\/licorice-tea-organic-pyramid-bag\\\/#primaryimage\",\"url\":\"https:\\\/\\\/www.sempertea.eu\\\/wp-content\\\/uploads\\\/2021\\\/07\\\/herbal-te-de-regaliz-menta-bolsa-piramide-semper-tea.jpg\",\"contentUrl\":\"https:\\\/\\\/www.sempertea.eu\\\/wp-content\\\/uploads\\\/2021\\\/07\\\/herbal-te-de-regaliz-menta-bolsa-piramide-semper-tea.jpg\",\"width\":900,\"height\":900,\"caption\":\"menta regaliz te de hierbas sin cafeina sin teina semper tea\"},{\"@type\":\"BreadcrumbList\",\"@id\":\"https:\\\/\\\/www.sempertea.eu\\\/en\\\/licorice-tea-organic-pyramid-bag\\\/#breadcrumb\",\"itemListElement\":[{\"@type\":\"ListItem\",\"position\":1,\"name\":\"Portada\",\"item\":\"https:\\\/\\\/www.sempertea.eu\\\/en\\\/\"},{\"@type\":\"ListItem\",\"position\":2,\"name\":\"Shop\",\"item\":\"https:\\\/\\\/www.sempertea.eu\\\/en\\\/shop\\\/\"},{\"@type\":\"ListItem\",\"position\":3,\"name\":\"HERBAL organic tea I pyramid bag\"}]},{\"@type\":\"WebSite\",\"@id\":\"https:\\\/\\\/www.sempertea.eu\\\/#website\",\"url\":\"https:\\\/\\\/www.sempertea.eu\\\/\",\"name\":\"Semper Tea | Mayorista y fabricante de T\u00e9s e Infusiones para hoteles, restaurantes y bares\",\"description\":\"T\u00e9s e infusiones para hosteler\u00eda, hoteler\u00eda y comercio\",\"potentialAction\":[{\"@type\":\"SearchAction\",\"target\":{\"@type\":\"EntryPoint\",\"urlTemplate\":\"https:\\\/\\\/www.sempertea.eu\\\/?s={search_term_string}\"},\"query-input\":{\"@type\":\"PropertyValueSpecification\",\"valueRequired\":true,\"valueName\":\"search_term_string\"}}],\"inLanguage\":\"en-US\"}]}<\/script>\n<!-- \/ Yoast SEO Premium plugin. -->","yoast_head_json":{"title":"HERBAL Licorice & Mint Tea | Pyramid Infusion | Organic by Semper Tea","description":"Refreshing HERBAL Licorice & Mint Tea, crafted in biodegradable pyramid infusion. Organic. Enjoy soothing sustainable tea experience. Buy now","robots":{"index":"index","follow":"follow","max-snippet":"max-snippet:-1","max-image-preview":"max-image-preview:large","max-video-preview":"max-video-preview:-1"},"canonical":"https:\/\/www.sempertea.eu\/en\/licorice-tea-organic-pyramid-bag\/","og_locale":"en_US","og_type":"article","og_title":"HERBAL organic tea I pyramid bag","og_description":"Refreshing HERBAL Licorice & Mint Tea, crafted in biodegradable pyramid infusion. Organic. Enjoy soothing sustainable tea experience. Buy now","og_url":"https:\/\/www.sempertea.eu\/en\/licorice-tea-organic-pyramid-bag\/","og_site_name":"Semper Tea | Mayorista y fabricante de T\u00e9s e Infusiones para hoteles, restaurantes y bares","article_modified_time":"2024-01-17T13:59:09+00:00","og_image":[{"width":900,"height":900,"url":"https:\/\/www.sempertea.eu\/wp-content\/uploads\/2021\/07\/herbal-te-de-regaliz-menta-bolsa-piramide-semper-tea.jpg","type":"image\/jpeg"}],"twitter_card":"summary_large_image","twitter_misc":{"Est. reading time":"1 minute"},"schema":{"@context":"https:\/\/schema.org","@graph":[{"@type":"WebPage","@id":"https:\/\/www.sempertea.eu\/en\/licorice-tea-organic-pyramid-bag\/","url":"https:\/\/www.sempertea.eu\/en\/licorice-tea-organic-pyramid-bag\/","name":"HERBAL Licorice & Mint Tea | Pyramid Infusion | Organic by Semper Tea","isPartOf":{"@id":"https:\/\/www.sempertea.eu\/#website"},"primaryImageOfPage":{"@id":"https:\/\/www.sempertea.eu\/en\/licorice-tea-organic-pyramid-bag\/#primaryimage"},"image":{"@id":"https:\/\/www.sempertea.eu\/en\/licorice-tea-organic-pyramid-bag\/#primaryimage"},"thumbnailUrl":"https:\/\/www.sempertea.eu\/wp-content\/uploads\/2021\/07\/herbal-te-de-regaliz-menta-bolsa-piramide-semper-tea.jpg","datePublished":"2023-07-30T21:41:00+00:00","dateModified":"2024-01-17T13:59:09+00:00","description":"Refreshing HERBAL Licorice & Mint Tea, crafted in biodegradable pyramid infusion. Organic. Enjoy soothing sustainable tea experience. Buy now","breadcrumb":{"@id":"https:\/\/www.sempertea.eu\/en\/licorice-tea-organic-pyramid-bag\/#breadcrumb"},"inLanguage":"en-US","potentialAction":[{"@type":"ReadAction","target":["https:\/\/www.sempertea.eu\/en\/licorice-tea-organic-pyramid-bag\/"]}]},{"@type":"ImageObject","inLanguage":"en-US","@id":"https:\/\/www.sempertea.eu\/en\/licorice-tea-organic-pyramid-bag\/#primaryimage","url":"https:\/\/www.sempertea.eu\/wp-content\/uploads\/2021\/07\/herbal-te-de-regaliz-menta-bolsa-piramide-semper-tea.jpg","contentUrl":"https:\/\/www.sempertea.eu\/wp-content\/uploads\/2021\/07\/herbal-te-de-regaliz-menta-bolsa-piramide-semper-tea.jpg","width":900,"height":900,"caption":"menta regaliz te de hierbas sin cafeina sin teina semper tea"},{"@type":"BreadcrumbList","@id":"https:\/\/www.sempertea.eu\/en\/licorice-tea-organic-pyramid-bag\/#breadcrumb","itemListElement":[{"@type":"ListItem","position":1,"name":"Portada","item":"https:\/\/www.sempertea.eu\/en\/"},{"@type":"ListItem","position":2,"name":"Shop","item":"https:\/\/www.sempertea.eu\/en\/shop\/"},{"@type":"ListItem","position":3,"name":"HERBAL organic tea I pyramid bag"}]},{"@type":"WebSite","@id":"https:\/\/www.sempertea.eu\/#website","url":"https:\/\/www.sempertea.eu\/","name":"Semper Tea | Mayorista y fabricante de T\u00e9s e Infusiones para hoteles, restaurantes y bares","description":"T\u00e9s e infusiones para hosteler\u00eda, hoteler\u00eda y comercio","potentialAction":[{"@type":"SearchAction","target":{"@type":"EntryPoint","urlTemplate":"https:\/\/www.sempertea.eu\/?s={search_term_string}"},"query-input":{"@type":"PropertyValueSpecification","valueRequired":true,"valueName":"search_term_string"}}],"inLanguage":"en-US"}]}},"_links":{"self":[{"href":"https:\/\/www.sempertea.eu\/en\/wp-json\/wp\/v2\/product\/8119","targetHints":{"allow":["GET"]}}],"collection":[{"href":"https:\/\/www.sempertea.eu\/en\/wp-json\/wp\/v2\/product"}],"about":[{"href":"https:\/\/www.sempertea.eu\/en\/wp-json\/wp\/v2\/types\/product"}],"replies":[{"embeddable":true,"href":"https:\/\/www.sempertea.eu\/en\/wp-json\/wp\/v2\/comments?post=8119"}],"wp:featuredmedia":[{"embeddable":true,"href":"https:\/\/www.sempertea.eu\/en\/wp-json\/wp\/v2\/media\/4193"}],"wp:attachment":[{"href":"https:\/\/www.sempertea.eu\/en\/wp-json\/wp\/v2\/media?parent=8119"}],"wp:term":[{"taxonomy":"product_brand","embeddable":true,"href":"https:\/\/www.sempertea.eu\/en\/wp-json\/wp\/v2\/product_brand?post=8119"},{"taxonomy":"product_cat","embeddable":true,"href":"https:\/\/www.sempertea.eu\/en\/wp-json\/wp\/v2\/product_cat?post=8119"},{"taxonomy":"product_tag","embeddable":true,"href":"https:\/\/www.sempertea.eu\/en\/wp-json\/wp\/v2\/product_tag?post=8119"}],"curies":[{"name":"wp","href":"https:\/\/api.w.org\/{rel}","templated":true}]}}