{"id":8111,"date":"2021-05-14T15:48:10","date_gmt":"2023-07-30T20:04:24","guid":{"rendered":"https:\/\/www.sempertea.eu\/oolong-te-azul-organico-te-piramide\/"},"modified":"2023-07-30T21:33:53","modified_gmt":"2023-07-30T20:33:53","slug":"buy-oolong-tea-pyramid-tea-biodegradable","status":"publish","type":"product","link":"https:\/\/www.sempertea.eu\/en\/buy-oolong-tea-pyramid-tea-biodegradable\/","title":{"rendered":"OOLONG organic tea I pyramid bag"},"content":{"rendered":"<h2>Oolong Tea &#8211; Pyramid Tea<\/h2>\n<p>Oolong Tea is a traditional Chinese variety that comes in a <strong>biodegradable pyramid tea bag<\/strong>. Crafted with meticulous skill, it offers a unique aroma and full-bodied flavor. The production process, involving the Camellia Sinensis plant, plays a significant role in determining the tea&#8217;s taste and fragrance, with oxidation being a key factor.<\/p>\n<p>The Oolong variety is the product of <strong>traditional Chinese<\/strong> craftsmanship, maturity, harvesting, and processing, resulting in a pure and authentic tea with a balanced and peaceful essence. Its welcoming and rounded taste makes it a truly delightful beverage.<\/p>\n<p>Similar to Green and Black tea, Oolong tea is made from <strong>Camellia sinensis leaves<\/strong>. However, Oolong sits in the middle of the fermentation process, exhibiting a range of colors from green to dark brown.<\/p>\n<p>Beyond its exceptional flavor, Oolong tea offers numerous <strong>health benefits<\/strong>. It can aid digestion, boost metabolism for potential weight loss, <strong>lower cholesterol levels,<\/strong> enhance mental alertness, improve skin health, and possibly support osteoporosis.<\/p>\n<p>Experience the goodness of Oolong tea with our biodegradable pyramid tea bags. Elevate your tea moments with this pure and balanced tea blend &#8211; buy now and immerse yourself in the rich heritage and flavor of traditional Chinese Oolong tea.<\/p>\n<p>&nbsp;<\/p>\n","protected":false},"excerpt":{"rendered":"<p><strong>A traditional, pure and balanced Chinese tea<\/strong><\/p>\n<p>With a unique and full-bodied aroma, our Oolong variety is the result of traditional Chinese craftsmanship. A tea that transmits balance and peace, with a comforting and round flavour. A true pure and authentic tea.<\/p>\n<p>&nbsp;<\/p>\n<p>&nbsp;<\/p>\n","protected":false},"featured_media":4057,"comment_status":"open","ping_status":"closed","template":"","meta":[],"product_brand":[],"product_cat":[163,154,192,199,160,193,162,161],"product_tag":[],"class_list":{"0":"post-8111","1":"product","2":"type-product","3":"status-publish","4":"has-post-thumbnail","6":"product_cat-product-brochure-of-tea","7":"product_cat-unique-exclusive-tea-collections","8":"product_cat-tea-pyramid-organic-biodegradable","9":"product_cat-buy-chinese-oolong-tea","10":"product_cat-teas-and-tisanes-organic-buy-online","11":"product_cat-tea-pyramid-biodegradable","12":"product_cat-todos-en","13":"product_cat-exclusive-tea-line","15":"first","16":"instock","17":"shipping-taxable","18":"purchasable","19":"product-type-simple"},"yoast_head":"<!-- This site is optimized with the Yoast SEO Premium plugin v27.3 (Yoast SEO v27.4) - https:\/\/yoast.com\/product\/yoast-seo-premium-wordpress\/ -->\n<title>Buy Organic Oolong Tea Pyramid Tea Bags | Weight Loss with Oolong Tea<\/title>\n<meta name=\"description\" content=\"Discover the benefits of Oolong tea with biodegradable Pyramid Tea Bags. Experience weight loss with exquisite and refined tea. Buy now.\" \/>\n<meta name=\"robots\" content=\"index, follow, max-snippet:-1, max-image-preview:large, max-video-preview:-1\" \/>\n<link rel=\"canonical\" href=\"https:\/\/www.sempertea.eu\/en\/buy-oolong-tea-pyramid-tea-biodegradable\/\" \/>\n<meta property=\"og:locale\" content=\"en_US\" \/>\n<meta property=\"og:type\" content=\"article\" \/>\n<meta property=\"og:title\" content=\"OOLONG organic tea I pyramid bag\" \/>\n<meta property=\"og:description\" content=\"Discover the benefits of Oolong tea with biodegradable Pyramid Tea Bags. Experience weight loss with exquisite and refined tea. Buy now.\" \/>\n<meta property=\"og:url\" content=\"https:\/\/www.sempertea.eu\/en\/buy-oolong-tea-pyramid-tea-biodegradable\/\" \/>\n<meta property=\"og:site_name\" content=\"Semper Tea | Mayorista y fabricante de T\u00e9s e Infusiones para hoteles, restaurantes y bares\" \/>\n<meta property=\"article:modified_time\" content=\"2023-07-30T20:33:53+00:00\" \/>\n<meta property=\"og:image\" content=\"https:\/\/www.sempertea.eu\/wp-content\/uploads\/2021\/05\/te-azul-contraindicaciones-semper-tea.jpg\" \/>\n<meta name=\"twitter:card\" content=\"summary_large_image\" \/>\n<meta name=\"twitter:label1\" content=\"Est. reading time\" \/>\n\t<meta name=\"twitter:data1\" content=\"1 minute\" \/>\n<script type=\"application\/ld+json\" class=\"yoast-schema-graph\">{\"@context\":\"https:\\\/\\\/schema.org\",\"@graph\":[{\"@type\":\"WebPage\",\"@id\":\"https:\\\/\\\/www.sempertea.eu\\\/en\\\/buy-oolong-tea-pyramid-tea-biodegradable\\\/\",\"url\":\"https:\\\/\\\/www.sempertea.eu\\\/en\\\/buy-oolong-tea-pyramid-tea-biodegradable\\\/\",\"name\":\"Buy Organic Oolong Tea Pyramid Tea Bags | Weight Loss with Oolong Tea\",\"isPartOf\":{\"@id\":\"https:\\\/\\\/www.sempertea.eu\\\/#website\"},\"primaryImageOfPage\":{\"@id\":\"https:\\\/\\\/www.sempertea.eu\\\/en\\\/buy-oolong-tea-pyramid-tea-biodegradable\\\/#primaryimage\"},\"image\":{\"@id\":\"https:\\\/\\\/www.sempertea.eu\\\/en\\\/buy-oolong-tea-pyramid-tea-biodegradable\\\/#primaryimage\"},\"thumbnailUrl\":\"https:\\\/\\\/www.sempertea.eu\\\/wp-content\\\/uploads\\\/2021\\\/05\\\/te-oolong-comprar-en-piramide-semper-tea.jpg\",\"datePublished\":\"2023-07-30T20:04:24+00:00\",\"dateModified\":\"2023-07-30T20:33:53+00:00\",\"description\":\"Discover the benefits of Oolong tea with biodegradable Pyramid Tea Bags. Experience weight loss with exquisite and refined tea. Buy now.\",\"breadcrumb\":{\"@id\":\"https:\\\/\\\/www.sempertea.eu\\\/en\\\/buy-oolong-tea-pyramid-tea-biodegradable\\\/#breadcrumb\"},\"inLanguage\":\"en-US\",\"potentialAction\":[{\"@type\":\"ReadAction\",\"target\":[\"https:\\\/\\\/www.sempertea.eu\\\/en\\\/buy-oolong-tea-pyramid-tea-biodegradable\\\/\"]}]},{\"@type\":\"ImageObject\",\"inLanguage\":\"en-US\",\"@id\":\"https:\\\/\\\/www.sempertea.eu\\\/en\\\/buy-oolong-tea-pyramid-tea-biodegradable\\\/#primaryimage\",\"url\":\"https:\\\/\\\/www.sempertea.eu\\\/wp-content\\\/uploads\\\/2021\\\/05\\\/te-oolong-comprar-en-piramide-semper-tea.jpg\",\"contentUrl\":\"https:\\\/\\\/www.sempertea.eu\\\/wp-content\\\/uploads\\\/2021\\\/05\\\/te-oolong-comprar-en-piramide-semper-tea.jpg\",\"width\":900,\"height\":900,\"caption\":\"te azul contraindicaciones semper tea\"},{\"@type\":\"BreadcrumbList\",\"@id\":\"https:\\\/\\\/www.sempertea.eu\\\/en\\\/buy-oolong-tea-pyramid-tea-biodegradable\\\/#breadcrumb\",\"itemListElement\":[{\"@type\":\"ListItem\",\"position\":1,\"name\":\"Portada\",\"item\":\"https:\\\/\\\/www.sempertea.eu\\\/en\\\/\"},{\"@type\":\"ListItem\",\"position\":2,\"name\":\"Shop\",\"item\":\"https:\\\/\\\/www.sempertea.eu\\\/en\\\/shop\\\/\"},{\"@type\":\"ListItem\",\"position\":3,\"name\":\"OOLONG organic tea I pyramid bag\"}]},{\"@type\":\"WebSite\",\"@id\":\"https:\\\/\\\/www.sempertea.eu\\\/#website\",\"url\":\"https:\\\/\\\/www.sempertea.eu\\\/\",\"name\":\"Semper Tea | Mayorista y fabricante de T\u00e9s e Infusiones para hoteles, restaurantes y bares\",\"description\":\"T\u00e9s e infusiones para hosteler\u00eda, hoteler\u00eda y comercio\",\"potentialAction\":[{\"@type\":\"SearchAction\",\"target\":{\"@type\":\"EntryPoint\",\"urlTemplate\":\"https:\\\/\\\/www.sempertea.eu\\\/?s={search_term_string}\"},\"query-input\":{\"@type\":\"PropertyValueSpecification\",\"valueRequired\":true,\"valueName\":\"search_term_string\"}}],\"inLanguage\":\"en-US\"}]}<\/script>\n<!-- \/ Yoast SEO Premium plugin. -->","yoast_head_json":{"title":"Buy Organic Oolong Tea Pyramid Tea Bags | Weight Loss with Oolong Tea","description":"Discover the benefits of Oolong tea with biodegradable Pyramid Tea Bags. Experience weight loss with exquisite and refined tea. Buy now.","robots":{"index":"index","follow":"follow","max-snippet":"max-snippet:-1","max-image-preview":"max-image-preview:large","max-video-preview":"max-video-preview:-1"},"canonical":"https:\/\/www.sempertea.eu\/en\/buy-oolong-tea-pyramid-tea-biodegradable\/","og_locale":"en_US","og_type":"article","og_title":"OOLONG organic tea I pyramid bag","og_description":"Discover the benefits of Oolong tea with biodegradable Pyramid Tea Bags. Experience weight loss with exquisite and refined tea. Buy now.","og_url":"https:\/\/www.sempertea.eu\/en\/buy-oolong-tea-pyramid-tea-biodegradable\/","og_site_name":"Semper Tea | Mayorista y fabricante de T\u00e9s e Infusiones para hoteles, restaurantes y bares","article_modified_time":"2023-07-30T20:33:53+00:00","og_image":[{"url":"https:\/\/www.sempertea.eu\/wp-content\/uploads\/2021\/05\/te-azul-contraindicaciones-semper-tea.jpg","type":"","width":"","height":""}],"twitter_card":"summary_large_image","twitter_misc":{"Est. reading time":"1 minute"},"schema":{"@context":"https:\/\/schema.org","@graph":[{"@type":"WebPage","@id":"https:\/\/www.sempertea.eu\/en\/buy-oolong-tea-pyramid-tea-biodegradable\/","url":"https:\/\/www.sempertea.eu\/en\/buy-oolong-tea-pyramid-tea-biodegradable\/","name":"Buy Organic Oolong Tea Pyramid Tea Bags | Weight Loss with Oolong Tea","isPartOf":{"@id":"https:\/\/www.sempertea.eu\/#website"},"primaryImageOfPage":{"@id":"https:\/\/www.sempertea.eu\/en\/buy-oolong-tea-pyramid-tea-biodegradable\/#primaryimage"},"image":{"@id":"https:\/\/www.sempertea.eu\/en\/buy-oolong-tea-pyramid-tea-biodegradable\/#primaryimage"},"thumbnailUrl":"https:\/\/www.sempertea.eu\/wp-content\/uploads\/2021\/05\/te-oolong-comprar-en-piramide-semper-tea.jpg","datePublished":"2023-07-30T20:04:24+00:00","dateModified":"2023-07-30T20:33:53+00:00","description":"Discover the benefits of Oolong tea with biodegradable Pyramid Tea Bags. Experience weight loss with exquisite and refined tea. Buy now.","breadcrumb":{"@id":"https:\/\/www.sempertea.eu\/en\/buy-oolong-tea-pyramid-tea-biodegradable\/#breadcrumb"},"inLanguage":"en-US","potentialAction":[{"@type":"ReadAction","target":["https:\/\/www.sempertea.eu\/en\/buy-oolong-tea-pyramid-tea-biodegradable\/"]}]},{"@type":"ImageObject","inLanguage":"en-US","@id":"https:\/\/www.sempertea.eu\/en\/buy-oolong-tea-pyramid-tea-biodegradable\/#primaryimage","url":"https:\/\/www.sempertea.eu\/wp-content\/uploads\/2021\/05\/te-oolong-comprar-en-piramide-semper-tea.jpg","contentUrl":"https:\/\/www.sempertea.eu\/wp-content\/uploads\/2021\/05\/te-oolong-comprar-en-piramide-semper-tea.jpg","width":900,"height":900,"caption":"te azul contraindicaciones semper tea"},{"@type":"BreadcrumbList","@id":"https:\/\/www.sempertea.eu\/en\/buy-oolong-tea-pyramid-tea-biodegradable\/#breadcrumb","itemListElement":[{"@type":"ListItem","position":1,"name":"Portada","item":"https:\/\/www.sempertea.eu\/en\/"},{"@type":"ListItem","position":2,"name":"Shop","item":"https:\/\/www.sempertea.eu\/en\/shop\/"},{"@type":"ListItem","position":3,"name":"OOLONG organic tea I pyramid bag"}]},{"@type":"WebSite","@id":"https:\/\/www.sempertea.eu\/#website","url":"https:\/\/www.sempertea.eu\/","name":"Semper Tea | Mayorista y fabricante de T\u00e9s e Infusiones para hoteles, restaurantes y bares","description":"T\u00e9s e infusiones para hosteler\u00eda, hoteler\u00eda y comercio","potentialAction":[{"@type":"SearchAction","target":{"@type":"EntryPoint","urlTemplate":"https:\/\/www.sempertea.eu\/?s={search_term_string}"},"query-input":{"@type":"PropertyValueSpecification","valueRequired":true,"valueName":"search_term_string"}}],"inLanguage":"en-US"}]}},"_links":{"self":[{"href":"https:\/\/www.sempertea.eu\/en\/wp-json\/wp\/v2\/product\/8111","targetHints":{"allow":["GET"]}}],"collection":[{"href":"https:\/\/www.sempertea.eu\/en\/wp-json\/wp\/v2\/product"}],"about":[{"href":"https:\/\/www.sempertea.eu\/en\/wp-json\/wp\/v2\/types\/product"}],"replies":[{"embeddable":true,"href":"https:\/\/www.sempertea.eu\/en\/wp-json\/wp\/v2\/comments?post=8111"}],"wp:featuredmedia":[{"embeddable":true,"href":"https:\/\/www.sempertea.eu\/en\/wp-json\/wp\/v2\/media\/4057"}],"wp:attachment":[{"href":"https:\/\/www.sempertea.eu\/en\/wp-json\/wp\/v2\/media?parent=8111"}],"wp:term":[{"taxonomy":"product_brand","embeddable":true,"href":"https:\/\/www.sempertea.eu\/en\/wp-json\/wp\/v2\/product_brand?post=8111"},{"taxonomy":"product_cat","embeddable":true,"href":"https:\/\/www.sempertea.eu\/en\/wp-json\/wp\/v2\/product_cat?post=8111"},{"taxonomy":"product_tag","embeddable":true,"href":"https:\/\/www.sempertea.eu\/en\/wp-json\/wp\/v2\/product_tag?post=8111"}],"curies":[{"name":"wp","href":"https:\/\/api.w.org\/{rel}","templated":true}]}}