{"id":8107,"date":"2021-05-16T15:59:05","date_gmt":"2023-07-30T19:17:07","guid":{"rendered":"https:\/\/www.sempertea.eu\/pu-erh-vanilla-te-rojo-organico-i-te-piramide\/"},"modified":"2024-01-17T15:08:57","modified_gmt":"2024-01-17T14:08:57","slug":"puerh-tea-with-vanilla-in-pyramid-biodegradable","status":"publish","type":"product","link":"https:\/\/www.sempertea.eu\/en\/puerh-tea-with-vanilla-in-pyramid-biodegradable\/","title":{"rendered":"PU-ERH VANILLA organic tea | pyramid bag"},"content":{"rendered":"<h2>Premium Pu-Erh Tea &#8211; Indulge in Beautiful Flavours<\/h2>\n<p><strong>Pu-Erh<\/strong> <strong>Tea<\/strong>, also known as red tea, is derived from the <strong>camellia sinensis plant<\/strong>, like black, green, white, and blue teas. Each type of tea boasts unique characteristics and properties while sharing a common trait &#8211; <strong>antioxidant<\/strong> benefits that can improve your skin.<\/p>\n<p>Pu-Erh Tea stands out due to its <strong>fermentation process<\/strong>. The production involves meticulous leaf selection, slight withering to remove excess water, and controlled temperature saut\u00e9ing to prevent oxidation and preserve health-promoting compounds.<\/p>\n<h3>Loose leaf tea in biodegradable pyramid bags<\/h3>\n<p>Enjoy the richness and refinement of our Pu-erh loose-leaf tea, masterfully crafted for a <strong>smooth<\/strong>, <strong>earthy<\/strong> flavour. Infused with a sweet touch of vanilla, each sip offers a delightful experience.<\/p>\n","protected":false},"excerpt":{"rendered":"<p><strong>Earthy with a hint of sweet vanilla<\/strong><\/p>\n<p>Discover the excellence of our Pu-erh loose leaf tea variety with its smooth, refined, and earthy flavor. This perfect blend features a sweet touch of vanilla combined with the intense flavor of Pu-erh tea, creating a real delight for your taste buds.<\/p>\n","protected":false},"featured_media":4071,"comment_status":"open","ping_status":"closed","template":"","meta":[],"product_brand":[],"product_cat":[163,154,192,160,166,193,162,161],"product_tag":[],"class_list":{"0":"post-8107","1":"product","2":"type-product","3":"status-publish","4":"has-post-thumbnail","6":"product_cat-product-brochure-of-tea","7":"product_cat-unique-exclusive-tea-collections","8":"product_cat-tea-pyramid-organic-biodegradable","9":"product_cat-teas-and-tisanes-organic-buy-online","10":"product_cat-buy-organic-pu-erh-tea-online","11":"product_cat-tea-pyramid-biodegradable","12":"product_cat-todos-en","13":"product_cat-exclusive-tea-line","15":"first","16":"instock","17":"shipping-taxable","18":"purchasable","19":"product-type-simple"},"yoast_head":"<!-- This site is optimized with the Yoast SEO Premium plugin v27.3 (Yoast SEO v27.4) - https:\/\/yoast.com\/product\/yoast-seo-premium-wordpress\/ -->\n<title>Pu-Erh Tea with Sweet Vanilla | Buy Now | Biodegradable Pyramid Bags<\/title>\n<meta name=\"description\" content=\"Smooth, refined, and earthy taste of Pu-Erh loose-leaf tea, perfectly complemented with vanilla. Enjoy it in biodegradable Pyramid Tea Bags.\" \/>\n<meta name=\"robots\" content=\"index, follow, max-snippet:-1, max-image-preview:large, max-video-preview:-1\" \/>\n<link rel=\"canonical\" href=\"https:\/\/www.sempertea.eu\/en\/puerh-tea-with-vanilla-in-pyramid-biodegradable\/\" \/>\n<meta property=\"og:locale\" content=\"en_US\" \/>\n<meta property=\"og:type\" content=\"article\" \/>\n<meta property=\"og:title\" content=\"PU-ERH VANILLA organic tea | pyramid bag\" \/>\n<meta property=\"og:description\" content=\"Smooth, refined, and earthy taste of Pu-Erh loose-leaf tea, perfectly complemented with vanilla. Enjoy it in biodegradable Pyramid Tea Bags.\" \/>\n<meta property=\"og:url\" content=\"https:\/\/www.sempertea.eu\/en\/puerh-tea-with-vanilla-in-pyramid-biodegradable\/\" \/>\n<meta property=\"og:site_name\" content=\"Semper Tea | Mayorista y fabricante de T\u00e9s e Infusiones para hoteles, restaurantes y bares\" \/>\n<meta property=\"article:modified_time\" content=\"2024-01-17T14:08:57+00:00\" \/>\n<meta property=\"og:image\" content=\"https:\/\/www.sempertea.eu\/wp-content\/uploads\/2021\/05\/te-blanco-comprar-semper-tea.jpg\" \/>\n<meta name=\"twitter:card\" content=\"summary_large_image\" \/>\n<meta name=\"twitter:label1\" content=\"Est. reading time\" \/>\n\t<meta name=\"twitter:data1\" content=\"1 minute\" \/>\n<script type=\"application\/ld+json\" class=\"yoast-schema-graph\">{\"@context\":\"https:\\\/\\\/schema.org\",\"@graph\":[{\"@type\":\"WebPage\",\"@id\":\"https:\\\/\\\/www.sempertea.eu\\\/en\\\/puerh-tea-with-vanilla-in-pyramid-biodegradable\\\/\",\"url\":\"https:\\\/\\\/www.sempertea.eu\\\/en\\\/puerh-tea-with-vanilla-in-pyramid-biodegradable\\\/\",\"name\":\"Pu-Erh Tea with Sweet Vanilla | Buy Now | Biodegradable Pyramid Bags\",\"isPartOf\":{\"@id\":\"https:\\\/\\\/www.sempertea.eu\\\/#website\"},\"primaryImageOfPage\":{\"@id\":\"https:\\\/\\\/www.sempertea.eu\\\/en\\\/puerh-tea-with-vanilla-in-pyramid-biodegradable\\\/#primaryimage\"},\"image\":{\"@id\":\"https:\\\/\\\/www.sempertea.eu\\\/en\\\/puerh-tea-with-vanilla-in-pyramid-biodegradable\\\/#primaryimage\"},\"thumbnailUrl\":\"https:\\\/\\\/www.sempertea.eu\\\/wp-content\\\/uploads\\\/2021\\\/05\\\/el-te-rojo-tiene-teina-semper-tea.jpg\",\"datePublished\":\"2023-07-30T19:17:07+00:00\",\"dateModified\":\"2024-01-17T14:08:57+00:00\",\"description\":\"Smooth, refined, and earthy taste of Pu-Erh loose-leaf tea, perfectly complemented with vanilla. Enjoy it in biodegradable Pyramid Tea Bags.\",\"breadcrumb\":{\"@id\":\"https:\\\/\\\/www.sempertea.eu\\\/en\\\/puerh-tea-with-vanilla-in-pyramid-biodegradable\\\/#breadcrumb\"},\"inLanguage\":\"en-US\",\"potentialAction\":[{\"@type\":\"ReadAction\",\"target\":[\"https:\\\/\\\/www.sempertea.eu\\\/en\\\/puerh-tea-with-vanilla-in-pyramid-biodegradable\\\/\"]}]},{\"@type\":\"ImageObject\",\"inLanguage\":\"en-US\",\"@id\":\"https:\\\/\\\/www.sempertea.eu\\\/en\\\/puerh-tea-with-vanilla-in-pyramid-biodegradable\\\/#primaryimage\",\"url\":\"https:\\\/\\\/www.sempertea.eu\\\/wp-content\\\/uploads\\\/2021\\\/05\\\/el-te-rojo-tiene-teina-semper-tea.jpg\",\"contentUrl\":\"https:\\\/\\\/www.sempertea.eu\\\/wp-content\\\/uploads\\\/2021\\\/05\\\/el-te-rojo-tiene-teina-semper-tea.jpg\",\"width\":900,\"height\":900,\"caption\":\"el te rojo tiene teina semper tea\"},{\"@type\":\"BreadcrumbList\",\"@id\":\"https:\\\/\\\/www.sempertea.eu\\\/en\\\/puerh-tea-with-vanilla-in-pyramid-biodegradable\\\/#breadcrumb\",\"itemListElement\":[{\"@type\":\"ListItem\",\"position\":1,\"name\":\"Portada\",\"item\":\"https:\\\/\\\/www.sempertea.eu\\\/en\\\/\"},{\"@type\":\"ListItem\",\"position\":2,\"name\":\"Shop\",\"item\":\"https:\\\/\\\/www.sempertea.eu\\\/en\\\/shop\\\/\"},{\"@type\":\"ListItem\",\"position\":3,\"name\":\"PU-ERH VANILLA organic tea | pyramid bag\"}]},{\"@type\":\"WebSite\",\"@id\":\"https:\\\/\\\/www.sempertea.eu\\\/#website\",\"url\":\"https:\\\/\\\/www.sempertea.eu\\\/\",\"name\":\"Semper Tea | Mayorista y fabricante de T\u00e9s e Infusiones para hoteles, restaurantes y bares\",\"description\":\"T\u00e9s e infusiones para hosteler\u00eda, hoteler\u00eda y comercio\",\"potentialAction\":[{\"@type\":\"SearchAction\",\"target\":{\"@type\":\"EntryPoint\",\"urlTemplate\":\"https:\\\/\\\/www.sempertea.eu\\\/?s={search_term_string}\"},\"query-input\":{\"@type\":\"PropertyValueSpecification\",\"valueRequired\":true,\"valueName\":\"search_term_string\"}}],\"inLanguage\":\"en-US\"}]}<\/script>\n<!-- \/ Yoast SEO Premium plugin. -->","yoast_head_json":{"title":"Pu-Erh Tea with Sweet Vanilla | Buy Now | Biodegradable Pyramid Bags","description":"Smooth, refined, and earthy taste of Pu-Erh loose-leaf tea, perfectly complemented with vanilla. Enjoy it in biodegradable Pyramid Tea Bags.","robots":{"index":"index","follow":"follow","max-snippet":"max-snippet:-1","max-image-preview":"max-image-preview:large","max-video-preview":"max-video-preview:-1"},"canonical":"https:\/\/www.sempertea.eu\/en\/puerh-tea-with-vanilla-in-pyramid-biodegradable\/","og_locale":"en_US","og_type":"article","og_title":"PU-ERH VANILLA organic tea | pyramid bag","og_description":"Smooth, refined, and earthy taste of Pu-Erh loose-leaf tea, perfectly complemented with vanilla. Enjoy it in biodegradable Pyramid Tea Bags.","og_url":"https:\/\/www.sempertea.eu\/en\/puerh-tea-with-vanilla-in-pyramid-biodegradable\/","og_site_name":"Semper Tea | Mayorista y fabricante de T\u00e9s e Infusiones para hoteles, restaurantes y bares","article_modified_time":"2024-01-17T14:08:57+00:00","og_image":[{"url":"https:\/\/www.sempertea.eu\/wp-content\/uploads\/2021\/05\/te-blanco-comprar-semper-tea.jpg","type":"","width":"","height":""}],"twitter_card":"summary_large_image","twitter_misc":{"Est. reading time":"1 minute"},"schema":{"@context":"https:\/\/schema.org","@graph":[{"@type":"WebPage","@id":"https:\/\/www.sempertea.eu\/en\/puerh-tea-with-vanilla-in-pyramid-biodegradable\/","url":"https:\/\/www.sempertea.eu\/en\/puerh-tea-with-vanilla-in-pyramid-biodegradable\/","name":"Pu-Erh Tea with Sweet Vanilla | Buy Now | Biodegradable Pyramid Bags","isPartOf":{"@id":"https:\/\/www.sempertea.eu\/#website"},"primaryImageOfPage":{"@id":"https:\/\/www.sempertea.eu\/en\/puerh-tea-with-vanilla-in-pyramid-biodegradable\/#primaryimage"},"image":{"@id":"https:\/\/www.sempertea.eu\/en\/puerh-tea-with-vanilla-in-pyramid-biodegradable\/#primaryimage"},"thumbnailUrl":"https:\/\/www.sempertea.eu\/wp-content\/uploads\/2021\/05\/el-te-rojo-tiene-teina-semper-tea.jpg","datePublished":"2023-07-30T19:17:07+00:00","dateModified":"2024-01-17T14:08:57+00:00","description":"Smooth, refined, and earthy taste of Pu-Erh loose-leaf tea, perfectly complemented with vanilla. Enjoy it in biodegradable Pyramid Tea Bags.","breadcrumb":{"@id":"https:\/\/www.sempertea.eu\/en\/puerh-tea-with-vanilla-in-pyramid-biodegradable\/#breadcrumb"},"inLanguage":"en-US","potentialAction":[{"@type":"ReadAction","target":["https:\/\/www.sempertea.eu\/en\/puerh-tea-with-vanilla-in-pyramid-biodegradable\/"]}]},{"@type":"ImageObject","inLanguage":"en-US","@id":"https:\/\/www.sempertea.eu\/en\/puerh-tea-with-vanilla-in-pyramid-biodegradable\/#primaryimage","url":"https:\/\/www.sempertea.eu\/wp-content\/uploads\/2021\/05\/el-te-rojo-tiene-teina-semper-tea.jpg","contentUrl":"https:\/\/www.sempertea.eu\/wp-content\/uploads\/2021\/05\/el-te-rojo-tiene-teina-semper-tea.jpg","width":900,"height":900,"caption":"el te rojo tiene teina semper tea"},{"@type":"BreadcrumbList","@id":"https:\/\/www.sempertea.eu\/en\/puerh-tea-with-vanilla-in-pyramid-biodegradable\/#breadcrumb","itemListElement":[{"@type":"ListItem","position":1,"name":"Portada","item":"https:\/\/www.sempertea.eu\/en\/"},{"@type":"ListItem","position":2,"name":"Shop","item":"https:\/\/www.sempertea.eu\/en\/shop\/"},{"@type":"ListItem","position":3,"name":"PU-ERH VANILLA organic tea | pyramid bag"}]},{"@type":"WebSite","@id":"https:\/\/www.sempertea.eu\/#website","url":"https:\/\/www.sempertea.eu\/","name":"Semper Tea | Mayorista y fabricante de T\u00e9s e Infusiones para hoteles, restaurantes y bares","description":"T\u00e9s e infusiones para hosteler\u00eda, hoteler\u00eda y comercio","potentialAction":[{"@type":"SearchAction","target":{"@type":"EntryPoint","urlTemplate":"https:\/\/www.sempertea.eu\/?s={search_term_string}"},"query-input":{"@type":"PropertyValueSpecification","valueRequired":true,"valueName":"search_term_string"}}],"inLanguage":"en-US"}]}},"_links":{"self":[{"href":"https:\/\/www.sempertea.eu\/en\/wp-json\/wp\/v2\/product\/8107","targetHints":{"allow":["GET"]}}],"collection":[{"href":"https:\/\/www.sempertea.eu\/en\/wp-json\/wp\/v2\/product"}],"about":[{"href":"https:\/\/www.sempertea.eu\/en\/wp-json\/wp\/v2\/types\/product"}],"replies":[{"embeddable":true,"href":"https:\/\/www.sempertea.eu\/en\/wp-json\/wp\/v2\/comments?post=8107"}],"wp:featuredmedia":[{"embeddable":true,"href":"https:\/\/www.sempertea.eu\/en\/wp-json\/wp\/v2\/media\/4071"}],"wp:attachment":[{"href":"https:\/\/www.sempertea.eu\/en\/wp-json\/wp\/v2\/media?parent=8107"}],"wp:term":[{"taxonomy":"product_brand","embeddable":true,"href":"https:\/\/www.sempertea.eu\/en\/wp-json\/wp\/v2\/product_brand?post=8107"},{"taxonomy":"product_cat","embeddable":true,"href":"https:\/\/www.sempertea.eu\/en\/wp-json\/wp\/v2\/product_cat?post=8107"},{"taxonomy":"product_tag","embeddable":true,"href":"https:\/\/www.sempertea.eu\/en\/wp-json\/wp\/v2\/product_tag?post=8107"}],"curies":[{"name":"wp","href":"https:\/\/api.w.org\/{rel}","templated":true}]}}