{"id":8100,"date":"2021-08-07T18:54:58","date_gmt":"2023-07-30T17:09:43","guid":{"rendered":"https:\/\/www.sempertea.eu\/pack-de-inicio-te-para-horeca-caja-de-te-en-bolsitas\/"},"modified":"2024-01-18T15:57:03","modified_gmt":"2024-01-18T14:57:03","slug":"tea-box-starter-kit-for-hotel-catering-horeca","status":"publish","type":"product","link":"https:\/\/www.sempertea.eu\/en\/tea-box-starter-kit-for-hotel-catering-horeca\/","title":{"rendered":"Starter kit with tea box and tea bags"},"content":{"rendered":"<div class=\"tab-panels\">\n<div id=\"tab-description\" class=\"woocommerce-Tabs-panel woocommerce-Tabs-panel--description panel entry-content active\" role=\"tabpanel\" aria-labelledby=\"tab-title-description\">\n<div class=\"tab-panels\">\n<div id=\"tab-description\" class=\"woocommerce-Tabs-panel woocommerce-Tabs-panel--description panel entry-content active\" role=\"tabpanel\" aria-labelledby=\"tab-title-description\">\n<div class=\"tab-panels\">\n<div id=\"tab-description\" class=\"woocommerce-Tabs-panel woocommerce-Tabs-panel--description panel entry-content active\" role=\"tabpanel\" aria-labelledby=\"tab-title-description\">\n<h2>Pearl Starter Kit: Tea Box with eight tea varieties &#8211; classic tea bags in envelope<\/h2>\n<p>Well-thought-out, quick, and easy &#8211; the smart start with Semper Tea.<\/p>\n<p>Our Pearl Starter Kit, featuring a tea box of 8 tea varieties in <strong>envelopes, <\/strong>will elevate your tea presentation in<strong> your restaurant, cafeteria, hotel, self-service, buffet, office, or home.<\/strong><\/p>\n<h3>The Starter Kit includes:<\/h3>\n<p>&#8211; One tea box with eight tea varieties &#8211; tea bags in envelope, measuring 308 x 193 x 85 mm.<br \/>\n&#8211; Eight packs with 25 envelopes for each tea variety.<br \/>\n&#8211; Ten tea menus in English, Spanish, and German.<\/p>\n<p><strong>Pearl Collection<\/strong><\/p>\n<p>The Pearl Collection has been designed to meet the special demands of the <strong>hotel and catering industry<\/strong>. With its full flavours and aroma, this tea range offers the right alternative at the best price. The Pearl Collection includes 8 different tea varieties, classic tea bags individually wrapped and hermetically sealed in envelopes, to preserve their unique aroma. The sealed envelopes guarantee a hygienic presentation for your guests.<\/p>\n<h4>Enjoy our organic Pearl Collection.<\/h4>\n<p>\u25cf English Breakfast<br \/>\n\u25cf Earl Grey<br \/>\n\u25cf Green<br \/>\n\u25cf Pu-erh<br \/>\n\u25cf Rooibos<br \/>\n\u25cf Ginger Lemon<br \/>\n\u25cf Mint<br \/>\n\u25cf Camomile<\/p>\n<p>Semper Tea is <strong>EU Organic Certified<\/strong>, prioritizing soil health and environmental preservation. Our teas are cultivated on certified organic plantations worldwide, free from fertilizers and pesticides, resulting in fresh and authentic flavors that respect nature&#8217;s life cycle.<\/p>\n<p>Discover our modern, elegant, and creative <strong>tea concepts for your business,<\/strong> combining tradition and innovation with carefully selected organic tea flavours.<\/p>\n<\/div>\n<\/div>\n<\/div>\n<\/div>\n<\/div>\n<\/div>\n","protected":false},"excerpt":{"rendered":"<div class=\"product-short-description\">\n<p>This comprehensive starter kit includes:<\/p>\n<ul>\n<li>An elegant tea box with eight tea varieties individually enveloped, measuring 308 x 193 x 85 mm.<\/li>\n<li>Eight packs, each containing 25 envelopes of different tea varieties.<\/li>\n<li>Tea menus in English, Spanish, and German.<\/li>\n<\/ul>\n<\/div>\n","protected":false},"featured_media":4330,"comment_status":"open","ping_status":"closed","template":"","meta":[],"product_brand":[],"product_cat":[163,154,160,156,159,161,162],"product_tag":[],"class_list":{"0":"post-8100","1":"product","2":"type-product","3":"status-publish","4":"has-post-thumbnail","6":"product_cat-product-brochure-of-tea","7":"product_cat-unique-exclusive-tea-collections","8":"product_cat-teas-and-tisanes-organic-buy-online","9":"product_cat-pearl-tea-bag-classic-organic-teas","10":"product_cat-organic-tea-in-classic-tea-bags","11":"product_cat-exclusive-tea-line","12":"product_cat-todos-en","14":"first","15":"instock","16":"shipping-taxable","17":"purchasable","18":"product-type-simple"},"yoast_head":"<!-- This site is optimized with the Yoast SEO Premium plugin v27.3 (Yoast SEO v27.4) - https:\/\/yoast.com\/product\/yoast-seo-premium-wordpress\/ -->\n<title>Tea Box Starter Kit f\u00fcr Hotel &amp; Catering HORECA by SEMPER TEA<\/title>\n<meta name=\"description\" content=\"Discover hassle-free Tea Starter Kit, premium selection quality teas in classic bags. For the hotel and catering industry. Pure tea experience\" \/>\n<meta name=\"robots\" content=\"index, follow, max-snippet:-1, max-image-preview:large, max-video-preview:-1\" \/>\n<link rel=\"canonical\" href=\"https:\/\/www.sempertea.eu\/kit-inicio-caja-de-te-en-bolsitas-para-hosteleria\/\" \/>\n<meta property=\"og:locale\" content=\"en_US\" \/>\n<meta property=\"og:type\" content=\"article\" \/>\n<meta property=\"og:title\" content=\"Starter kit with tea box and tea bags\" \/>\n<meta property=\"og:description\" content=\"Discover hassle-free Tea Starter Kit, premium selection quality teas in classic bags. For the hotel and catering industry. Pure tea experience\" \/>\n<meta property=\"og:url\" content=\"https:\/\/www.sempertea.eu\/kit-inicio-caja-de-te-en-bolsitas-para-hosteleria\/\" \/>\n<meta property=\"og:site_name\" content=\"Semper Tea | Mayorista y fabricante de T\u00e9s e Infusiones para hoteles, restaurantes y bares\" \/>\n<meta property=\"article:modified_time\" content=\"2024-01-18T14:57:03+00:00\" \/>\n<meta property=\"og:image\" content=\"https:\/\/www.sempertea.eu\/wp-content\/uploads\/2021\/08\/cajas-para-guardar-te-bolsa-semper-tea.jpg\" \/>\n<meta name=\"twitter:card\" content=\"summary_large_image\" \/>\n<meta name=\"twitter:label1\" content=\"Est. reading time\" \/>\n\t<meta name=\"twitter:data1\" content=\"1 minute\" \/>\n<script type=\"application\/ld+json\" class=\"yoast-schema-graph\">{\"@context\":\"https:\\\/\\\/schema.org\",\"@graph\":[{\"@type\":\"WebPage\",\"@id\":\"https:\\\/\\\/www.sempertea.eu\\\/kit-inicio-caja-de-te-en-bolsitas-para-hosteleria\\\/\",\"url\":\"https:\\\/\\\/www.sempertea.eu\\\/kit-inicio-caja-de-te-en-bolsitas-para-hosteleria\\\/\",\"name\":\"Tea Box Starter Kit f\u00fcr Hotel & Catering HORECA by SEMPER TEA\",\"isPartOf\":{\"@id\":\"https:\\\/\\\/www.sempertea.eu\\\/#website\"},\"primaryImageOfPage\":{\"@id\":\"https:\\\/\\\/www.sempertea.eu\\\/kit-inicio-caja-de-te-en-bolsitas-para-hosteleria\\\/#primaryimage\"},\"image\":{\"@id\":\"https:\\\/\\\/www.sempertea.eu\\\/kit-inicio-caja-de-te-en-bolsitas-para-hosteleria\\\/#primaryimage\"},\"thumbnailUrl\":\"https:\\\/\\\/www.sempertea.eu\\\/wp-content\\\/uploads\\\/2021\\\/08\\\/kit-inicio-caja-de-te-en-bolsitas-para-hosteleria-semper-tea.jpg\",\"datePublished\":\"2023-07-30T17:09:43+00:00\",\"dateModified\":\"2024-01-18T14:57:03+00:00\",\"description\":\"Discover hassle-free Tea Starter Kit, premium selection quality teas in classic bags. For the hotel and catering industry. Pure tea experience\",\"breadcrumb\":{\"@id\":\"https:\\\/\\\/www.sempertea.eu\\\/kit-inicio-caja-de-te-en-bolsitas-para-hosteleria\\\/#breadcrumb\"},\"inLanguage\":\"en-US\",\"potentialAction\":[{\"@type\":\"ReadAction\",\"target\":[\"https:\\\/\\\/www.sempertea.eu\\\/kit-inicio-caja-de-te-en-bolsitas-para-hosteleria\\\/\"]}]},{\"@type\":\"ImageObject\",\"inLanguage\":\"en-US\",\"@id\":\"https:\\\/\\\/www.sempertea.eu\\\/kit-inicio-caja-de-te-en-bolsitas-para-hosteleria\\\/#primaryimage\",\"url\":\"https:\\\/\\\/www.sempertea.eu\\\/wp-content\\\/uploads\\\/2021\\\/08\\\/kit-inicio-caja-de-te-en-bolsitas-para-hosteleria-semper-tea.jpg\",\"contentUrl\":\"https:\\\/\\\/www.sempertea.eu\\\/wp-content\\\/uploads\\\/2021\\\/08\\\/kit-inicio-caja-de-te-en-bolsitas-para-hosteleria-semper-tea.jpg\",\"width\":900,\"height\":900,\"caption\":\"Kit inicio con caja de t\u00e9 en bolsitas para Hosteleria Hoteleria HORECA\"},{\"@type\":\"BreadcrumbList\",\"@id\":\"https:\\\/\\\/www.sempertea.eu\\\/kit-inicio-caja-de-te-en-bolsitas-para-hosteleria\\\/#breadcrumb\",\"itemListElement\":[{\"@type\":\"ListItem\",\"position\":1,\"name\":\"Portada\",\"item\":\"https:\\\/\\\/www.sempertea.eu\\\/en\\\/\"},{\"@type\":\"ListItem\",\"position\":2,\"name\":\"Shop\",\"item\":\"https:\\\/\\\/www.sempertea.eu\\\/en\\\/shop\\\/\"},{\"@type\":\"ListItem\",\"position\":3,\"name\":\"Starter kit with tea box and tea bags\"}]},{\"@type\":\"WebSite\",\"@id\":\"https:\\\/\\\/www.sempertea.eu\\\/#website\",\"url\":\"https:\\\/\\\/www.sempertea.eu\\\/\",\"name\":\"Semper Tea | Mayorista y fabricante de T\u00e9s e Infusiones para hoteles, restaurantes y bares\",\"description\":\"T\u00e9s e infusiones para hosteler\u00eda, hoteler\u00eda y comercio\",\"potentialAction\":[{\"@type\":\"SearchAction\",\"target\":{\"@type\":\"EntryPoint\",\"urlTemplate\":\"https:\\\/\\\/www.sempertea.eu\\\/?s={search_term_string}\"},\"query-input\":{\"@type\":\"PropertyValueSpecification\",\"valueRequired\":true,\"valueName\":\"search_term_string\"}}],\"inLanguage\":\"en-US\"}]}<\/script>\n<!-- \/ Yoast SEO Premium plugin. -->","yoast_head_json":{"title":"Tea Box Starter Kit f\u00fcr Hotel & Catering HORECA by SEMPER TEA","description":"Discover hassle-free Tea Starter Kit, premium selection quality teas in classic bags. For the hotel and catering industry. Pure tea experience","robots":{"index":"index","follow":"follow","max-snippet":"max-snippet:-1","max-image-preview":"max-image-preview:large","max-video-preview":"max-video-preview:-1"},"canonical":"https:\/\/www.sempertea.eu\/kit-inicio-caja-de-te-en-bolsitas-para-hosteleria\/","og_locale":"en_US","og_type":"article","og_title":"Starter kit with tea box and tea bags","og_description":"Discover hassle-free Tea Starter Kit, premium selection quality teas in classic bags. For the hotel and catering industry. Pure tea experience","og_url":"https:\/\/www.sempertea.eu\/kit-inicio-caja-de-te-en-bolsitas-para-hosteleria\/","og_site_name":"Semper Tea | Mayorista y fabricante de T\u00e9s e Infusiones para hoteles, restaurantes y bares","article_modified_time":"2024-01-18T14:57:03+00:00","og_image":[{"url":"https:\/\/www.sempertea.eu\/wp-content\/uploads\/2021\/08\/cajas-para-guardar-te-bolsa-semper-tea.jpg","type":"","width":"","height":""}],"twitter_card":"summary_large_image","twitter_misc":{"Est. reading time":"1 minute"},"schema":{"@context":"https:\/\/schema.org","@graph":[{"@type":"WebPage","@id":"https:\/\/www.sempertea.eu\/kit-inicio-caja-de-te-en-bolsitas-para-hosteleria\/","url":"https:\/\/www.sempertea.eu\/kit-inicio-caja-de-te-en-bolsitas-para-hosteleria\/","name":"Tea Box Starter Kit f\u00fcr Hotel & Catering HORECA by SEMPER TEA","isPartOf":{"@id":"https:\/\/www.sempertea.eu\/#website"},"primaryImageOfPage":{"@id":"https:\/\/www.sempertea.eu\/kit-inicio-caja-de-te-en-bolsitas-para-hosteleria\/#primaryimage"},"image":{"@id":"https:\/\/www.sempertea.eu\/kit-inicio-caja-de-te-en-bolsitas-para-hosteleria\/#primaryimage"},"thumbnailUrl":"https:\/\/www.sempertea.eu\/wp-content\/uploads\/2021\/08\/kit-inicio-caja-de-te-en-bolsitas-para-hosteleria-semper-tea.jpg","datePublished":"2023-07-30T17:09:43+00:00","dateModified":"2024-01-18T14:57:03+00:00","description":"Discover hassle-free Tea Starter Kit, premium selection quality teas in classic bags. For the hotel and catering industry. Pure tea experience","breadcrumb":{"@id":"https:\/\/www.sempertea.eu\/kit-inicio-caja-de-te-en-bolsitas-para-hosteleria\/#breadcrumb"},"inLanguage":"en-US","potentialAction":[{"@type":"ReadAction","target":["https:\/\/www.sempertea.eu\/kit-inicio-caja-de-te-en-bolsitas-para-hosteleria\/"]}]},{"@type":"ImageObject","inLanguage":"en-US","@id":"https:\/\/www.sempertea.eu\/kit-inicio-caja-de-te-en-bolsitas-para-hosteleria\/#primaryimage","url":"https:\/\/www.sempertea.eu\/wp-content\/uploads\/2021\/08\/kit-inicio-caja-de-te-en-bolsitas-para-hosteleria-semper-tea.jpg","contentUrl":"https:\/\/www.sempertea.eu\/wp-content\/uploads\/2021\/08\/kit-inicio-caja-de-te-en-bolsitas-para-hosteleria-semper-tea.jpg","width":900,"height":900,"caption":"Kit inicio con caja de t\u00e9 en bolsitas para Hosteleria Hoteleria HORECA"},{"@type":"BreadcrumbList","@id":"https:\/\/www.sempertea.eu\/kit-inicio-caja-de-te-en-bolsitas-para-hosteleria\/#breadcrumb","itemListElement":[{"@type":"ListItem","position":1,"name":"Portada","item":"https:\/\/www.sempertea.eu\/en\/"},{"@type":"ListItem","position":2,"name":"Shop","item":"https:\/\/www.sempertea.eu\/en\/shop\/"},{"@type":"ListItem","position":3,"name":"Starter kit with tea box and tea bags"}]},{"@type":"WebSite","@id":"https:\/\/www.sempertea.eu\/#website","url":"https:\/\/www.sempertea.eu\/","name":"Semper Tea | Mayorista y fabricante de T\u00e9s e Infusiones para hoteles, restaurantes y bares","description":"T\u00e9s e infusiones para hosteler\u00eda, hoteler\u00eda y comercio","potentialAction":[{"@type":"SearchAction","target":{"@type":"EntryPoint","urlTemplate":"https:\/\/www.sempertea.eu\/?s={search_term_string}"},"query-input":{"@type":"PropertyValueSpecification","valueRequired":true,"valueName":"search_term_string"}}],"inLanguage":"en-US"}]}},"_links":{"self":[{"href":"https:\/\/www.sempertea.eu\/en\/wp-json\/wp\/v2\/product\/8100","targetHints":{"allow":["GET"]}}],"collection":[{"href":"https:\/\/www.sempertea.eu\/en\/wp-json\/wp\/v2\/product"}],"about":[{"href":"https:\/\/www.sempertea.eu\/en\/wp-json\/wp\/v2\/types\/product"}],"replies":[{"embeddable":true,"href":"https:\/\/www.sempertea.eu\/en\/wp-json\/wp\/v2\/comments?post=8100"}],"wp:featuredmedia":[{"embeddable":true,"href":"https:\/\/www.sempertea.eu\/en\/wp-json\/wp\/v2\/media\/4330"}],"wp:attachment":[{"href":"https:\/\/www.sempertea.eu\/en\/wp-json\/wp\/v2\/media?parent=8100"}],"wp:term":[{"taxonomy":"product_brand","embeddable":true,"href":"https:\/\/www.sempertea.eu\/en\/wp-json\/wp\/v2\/product_brand?post=8100"},{"taxonomy":"product_cat","embeddable":true,"href":"https:\/\/www.sempertea.eu\/en\/wp-json\/wp\/v2\/product_cat?post=8100"},{"taxonomy":"product_tag","embeddable":true,"href":"https:\/\/www.sempertea.eu\/en\/wp-json\/wp\/v2\/product_tag?post=8100"}],"curies":[{"name":"wp","href":"https:\/\/api.w.org\/{rel}","templated":true}]}}